{"id":9034,"date":"2024-05-04T14:55:47","date_gmt":"2024-05-04T14:55:47","guid":{"rendered":"https:\/\/skaitytaknyga.lt\/?post_type=product&#038;p=9034"},"modified":"2026-03-05T13:01:55","modified_gmt":"2026-03-05T11:01:55","slug":"john-locke-isgelbeti-reicele-2","status":"publish","type":"product","link":"https:\/\/skaitytaknyga.lt\/en\/produktas\/john-locke-isgelbeti-reicele-2\/","title":{"rendered":"I\u0161gelb\u0117ti Rei\u010del\u0119"},"content":{"rendered":"<div id=\"showMorefa61e21a-b82b-4cb5-8e64-a0365ba8bb77\">\n<p>Kompiuteri\u0173 specialistas Semas Keisas sukuria program\u0105, neleid\u017eian\u010di\u0105 susekti \u201ene\u0161vari\u0173\u201c pinig\u0173. Genialiu atradimu pasinaudoja nedori \u017emon\u0117s \u2013 samdomi \u017eudikai, mafijos bosai ir narkotik\u0173 baronai.<\/p>\n<p>Semas turi visk\u0105 \u2013 \u012fdom\u0173 darb\u0105, kr\u016bv\u0105 pinig\u0173, mylin\u010di\u0105 \u017emon\u0105 Rei\u010del\u0119 ir \u201ekar\u0161t\u0105\u201c meilu\u017e\u0119. Ta\u010diau vien\u0105 ryt\u0105 idili\u0161kas vyro gyvenimas netik\u0117tai virsta ko\u0161maru. Gangsteriai, tik\u0117damiesi pavogti mafijos bos\u0173 pinigus, Sem\u0105 ima persekioti. Negana to, jie pagrobia Rei\u010del\u0119 ir Semo meilu\u017e\u0119 Karen\u0105. Ne\u017einodamas, \u012f k\u0105 kreiptis, vyras pra\u0161o savo kliento, samdomo \u017eudiko Donovano Krydo pagalbos. Ta\u010diau viena Semo moter\u0173 vis tiek turi mirti. Kuri\u0105 vyras pasirinks \u2013 \u017emon\u0105 ar meilu\u017e\u0119?<\/p>\n<p>\u201eI\u0161gelb\u0117ti Rei\u010del\u0119\u201c \u2013 \u012ftemptas ir jaudinantis psichologinis trileris, kurio pabaigos nusp\u0117ti ne\u012fmanoma.<\/p>\n<\/div>\n","protected":false},"excerpt":{"rendered":"<div id=\"showMorefa61e21a-b82b-4cb5-8e64-a0365ba8bb77\">\n<p>Kompiuteri\u0173 specialistas Semas Keisas sukuria program\u0105, neleid\u017eian\u010di\u0105 susekti \u201ene\u0161vari\u0173\u201c pinig\u0173. Genialiu atradimu pasinaudoja nedori \u017emon\u0117s \u2013 samdomi \u017eudikai, mafijos bosai ir narkotik\u0173 baronai.<\/p>\n<p>Semas turi visk\u0105 \u2013 \u012fdom\u0173 darb\u0105, kr\u016bv\u0105 pinig\u0173, mylin\u010di\u0105 \u017emon\u0105 Rei\u010del\u0119 ir \u201ekar\u0161t\u0105\u201c meilu\u017e\u0119. Ta\u010diau vien\u0105 ryt\u0105 idili\u0161kas vyro gyvenimas netik\u0117tai virsta ko\u0161maru. Gangsteriai, tik\u0117damiesi pavogti mafijos bos\u0173 pinigus, Sem\u0105 ima persekioti. Negana to, jie pagrobia Rei\u010del\u0119 ir Semo meilu\u017e\u0119 Karen\u0105. Ne\u017einodamas, \u012f k\u0105 kreiptis, vyras pra\u0161o savo kliento, samdomo \u017eudiko Donovano Krydo pagalbos. Ta\u010diau viena Semo moter\u0173 vis tiek turi mirti. Kuri\u0105 vyras pasirinks \u2013 \u017emon\u0105 ar meilu\u017e\u0119?<\/p>\n<p>\u201eI\u0161gelb\u0117ti Rei\u010del\u0119\u201c \u2013 \u012ftemptas ir jaudinantis psichologinis trileris, kurio pabaigos nusp\u0117ti ne\u012fmanoma.<\/p>\n<\/div>\n","protected":false},"featured_media":6016,"comment_status":"closed","ping_status":"closed","template":"","meta":{"_acf_changed":false,"site-sidebar-layout":"default","site-content-layout":"","ast-site-content-layout":"default","site-content-style":"default","site-sidebar-style":"default","ast-global-header-display":"","ast-banner-title-visibility":"","ast-main-header-display":"","ast-hfb-above-header-display":"","ast-hfb-below-header-display":"","ast-hfb-mobile-header-display":"","site-post-title":"","ast-breadcrumbs-content":"","ast-featured-img":"","footer-sml-layout":"","ast-disable-related-posts":"","theme-transparent-header-meta":"","adv-header-id-meta":"","stick-header-meta":"","header-above-stick-meta":"","header-main-stick-meta":"","header-below-stick-meta":"","astra-migrate-meta-layouts":"default","ast-page-background-enabled":"default","ast-page-background-meta":{"desktop":{"background-color":"","background-image":"","background-repeat":"repeat","background-position":"center center","background-size":"auto","background-attachment":"scroll","background-type":"","background-media":"","overlay-type":"","overlay-color":"","overlay-opacity":"","overlay-gradient":""},"tablet":{"background-color":"","background-image":"","background-repeat":"repeat","background-position":"center center","background-size":"auto","background-attachment":"scroll","background-type":"","background-media":"","overlay-type":"","overlay-color":"","overlay-opacity":"","overlay-gradient":""},"mobile":{"background-color":"","background-image":"","background-repeat":"repeat","background-position":"center center","background-size":"auto","background-attachment":"scroll","background-type":"","background-media":"","overlay-type":"","overlay-color":"","overlay-opacity":"","overlay-gradient":""}},"ast-content-background-meta":{"desktop":{"background-color":"var(--ast-global-color-4)","background-image":"","background-repeat":"repeat","background-position":"center center","background-size":"auto","background-attachment":"scroll","background-type":"","background-media":"","overlay-type":"","overlay-color":"","overlay-opacity":"","overlay-gradient":""},"tablet":{"background-color":"var(--ast-global-color-4)","background-image":"","background-repeat":"repeat","background-position":"center center","background-size":"auto","background-attachment":"scroll","background-type":"","background-media":"","overlay-type":"","overlay-color":"","overlay-opacity":"","overlay-gradient":""},"mobile":{"background-color":"var(--ast-global-color-4)","background-image":"","background-repeat":"repeat","background-position":"center center","background-size":"auto","background-attachment":"scroll","background-type":"","background-media":"","overlay-type":"","overlay-color":"","overlay-opacity":"","overlay-gradient":""}}},"product_brand":[],"product_cat":[9580],"product_tag":[1476,1726,1666,1728,1712,1727,1587],"class_list":{"0":"post-9034","1":"product","2":"type-product","3":"status-publish","4":"has-post-thumbnail","6":"product_cat-psichologiniai-detektyvai","7":"product_tag-detektyvas","8":"product_tag-john-locke","9":"product_tag-kriminaline-literatura","10":"product_tag-mafija","11":"product_tag-psichologinis-romanas","12":"product_tag-samdomi-zudikai","13":"product_tag-trileris","14":"pa_leidimo-metai-680","15":"pa_virselis-kietas","16":"desktop-align-left","17":"tablet-align-left","18":"mobile-align-left","20":"first","21":"outofstock","22":"shipping-taxable","23":"purchasable","24":"product-type-simple"},"acf":[],"yoast_head":"<!-- This site is optimized with the Yoast SEO plugin v27.0 - https:\/\/yoast.com\/product\/yoast-seo-wordpress\/ -->\n<title>I\u0161gelb\u0117ti Rei\u010del\u0119<\/title>\n<meta name=\"description\" content=\"Kompiuteri\u0173 specialistas Semas Keisas sukuria program\u0105, neleid\u017eian\u010di\u0105 susekti \u201ene\u0161vari\u0173\u201c pinig\u0173. Genialiu atradimu pasinaudoja nedori \u017emon\u0117s \u2013 samdomi \u017eudikai, mafijos bosai ir narkotik\u0173 baronai.  Semas turi visk\u0105 \u2013 \u012fdom\u0173 darb\u0105, kr\u016bv\u0105 pinig\u0173, mylin\u010di\u0105 \u017emon\u0105 Rei\u010del\u0119 ir \u201ekar\u0161t\u0105\u201c meilu\u017e\u0119. Ta\u010diau vien\u0105 ryt\u0105 idili\u0161kas vyro gyvenimas netik\u0117tai virsta ko\u0161maru. Gangsteriai, tik\u0117damiesi pavogti mafijos bos\u0173 pinigus, Sem\u0105 ima persekioti. Negana to, jie pagrobia Rei\u010del\u0119 ir Semo meilu\u017e\u0119 Karen\u0105. Ne\u017einodamas, \u012f k\u0105 kreiptis, vyras pra\u0161o savo kliento, samdomo \u017eudiko Donovano Krydo pagalbos. Ta\u010diau viena Semo moter\u0173 vis tiek turi mirti. Kuri\u0105 vyras pasirinks \u2013 \u017emon\u0105 ar meilu\u017e\u0119?  \u201eI\u0161gelb\u0117ti Rei\u010del\u0119\u201c \u2013 \u012ftemptas ir jaudinantis psichologinis trileris, kurio pabaigos nusp\u0117ti ne\u012fmanoma.\" \/>\n<meta name=\"robots\" content=\"index, follow, max-snippet:-1, max-image-preview:large, max-video-preview:-1\" \/>\n<link rel=\"canonical\" href=\"https:\/\/skaitytaknyga.lt\/en\/produktas\/john-locke-isgelbeti-reicele-2\/\" \/>\n<meta property=\"og:locale\" content=\"en_GB\" \/>\n<meta property=\"og:locale:alternate\" content=\"lt_LT\" \/>\n<meta property=\"og:type\" content=\"article\" \/>\n<meta property=\"og:title\" content=\"I\u0161gelb\u0117ti Rei\u010del\u0119\" \/>\n<meta property=\"og:description\" content=\"Kompiuteri\u0173 specialistas Semas Keisas sukuria program\u0105, neleid\u017eian\u010di\u0105 susekti \u201ene\u0161vari\u0173\u201c pinig\u0173. Genialiu atradimu pasinaudoja nedori \u017emon\u0117s \u2013 samdomi \u017eudikai, mafijos bosai ir narkotik\u0173 baronai.  Semas turi visk\u0105 \u2013 \u012fdom\u0173 darb\u0105, kr\u016bv\u0105 pinig\u0173, mylin\u010di\u0105 \u017emon\u0105 Rei\u010del\u0119 ir \u201ekar\u0161t\u0105\u201c meilu\u017e\u0119. Ta\u010diau vien\u0105 ryt\u0105 idili\u0161kas vyro gyvenimas netik\u0117tai virsta ko\u0161maru. Gangsteriai, tik\u0117damiesi pavogti mafijos bos\u0173 pinigus, Sem\u0105 ima persekioti. Negana to, jie pagrobia Rei\u010del\u0119 ir Semo meilu\u017e\u0119 Karen\u0105. Ne\u017einodamas, \u012f k\u0105 kreiptis, vyras pra\u0161o savo kliento, samdomo \u017eudiko Donovano Krydo pagalbos. Ta\u010diau viena Semo moter\u0173 vis tiek turi mirti. Kuri\u0105 vyras pasirinks \u2013 \u017emon\u0105 ar meilu\u017e\u0119?  \u201eI\u0161gelb\u0117ti Rei\u010del\u0119\u201c \u2013 \u012ftemptas ir jaudinantis psichologinis trileris, kurio pabaigos nusp\u0117ti ne\u012fmanoma.\" \/>\n<meta property=\"og:url\" content=\"https:\/\/skaitytaknyga.lt\/en\/produktas\/john-locke-isgelbeti-reicele-2\/\" \/>\n<meta property=\"og:site_name\" content=\"Skaitytaknyga\" \/>\n<meta property=\"article:publisher\" content=\"https:\/\/www.facebook.com\/skaitytaknyga\/\" \/>\n<meta property=\"article:modified_time\" content=\"2026-03-05T11:01:55+00:00\" \/>\n<meta property=\"og:image\" content=\"https:\/\/skaitytaknyga.lt\/wp-content\/uploads\/2024\/05\/1462873912_isgelbeti-reicele.jpg\" \/>\n\t<meta property=\"og:image:width\" content=\"273\" \/>\n\t<meta property=\"og:image:height\" content=\"430\" \/>\n\t<meta property=\"og:image:type\" content=\"image\/jpeg\" \/>\n<meta name=\"twitter:card\" content=\"summary_large_image\" \/>\n<meta name=\"twitter:label1\" content=\"Estimated reading time\" \/>\n\t<meta name=\"twitter:data1\" content=\"1 minute\" \/>\n<script type=\"application\/ld+json\" class=\"yoast-schema-graph\">{\"@context\":\"https:\/\/schema.org\",\"@graph\":[{\"@type\":\"WebPage\",\"@id\":\"https:\/\/skaitytaknyga.lt\/produktas\/john-locke-isgelbeti-reicele-2\/\",\"url\":\"https:\/\/skaitytaknyga.lt\/produktas\/john-locke-isgelbeti-reicele-2\/\",\"name\":\"I\u0161gelb\u0117ti Rei\u010del\u0119\",\"isPartOf\":{\"@id\":\"https:\/\/skaitytaknyga.lt\/#website\"},\"primaryImageOfPage\":{\"@id\":\"https:\/\/skaitytaknyga.lt\/produktas\/john-locke-isgelbeti-reicele-2\/#primaryimage\"},\"image\":{\"@id\":\"https:\/\/skaitytaknyga.lt\/produktas\/john-locke-isgelbeti-reicele-2\/#primaryimage\"},\"thumbnailUrl\":\"https:\/\/skaitytaknyga.lt\/wp-content\/uploads\/2024\/05\/1462873912_isgelbeti-reicele.jpg\",\"datePublished\":\"2024-05-04T14:55:47+00:00\",\"dateModified\":\"2026-03-05T11:01:55+00:00\",\"description\":\"Kompiuteri\u0173 specialistas Semas Keisas sukuria program\u0105, neleid\u017eian\u010di\u0105 susekti \u201ene\u0161vari\u0173\u201c pinig\u0173. Genialiu atradimu pasinaudoja nedori \u017emon\u0117s \u2013 samdomi \u017eudikai, mafijos bosai ir narkotik\u0173 baronai. Semas turi visk\u0105 \u2013 \u012fdom\u0173 darb\u0105, kr\u016bv\u0105 pinig\u0173, mylin\u010di\u0105 \u017emon\u0105 Rei\u010del\u0119 ir \u201ekar\u0161t\u0105\u201c meilu\u017e\u0119. Ta\u010diau vien\u0105 ryt\u0105 idili\u0161kas vyro gyvenimas netik\u0117tai virsta ko\u0161maru. Gangsteriai, tik\u0117damiesi pavogti mafijos bos\u0173 pinigus, Sem\u0105 ima persekioti. Negana to, jie pagrobia Rei\u010del\u0119 ir Semo meilu\u017e\u0119 Karen\u0105. Ne\u017einodamas, \u012f k\u0105 kreiptis, vyras pra\u0161o savo kliento, samdomo \u017eudiko Donovano Krydo pagalbos. Ta\u010diau viena Semo moter\u0173 vis tiek turi mirti. Kuri\u0105 vyras pasirinks \u2013 \u017emon\u0105 ar meilu\u017e\u0119? \u201eI\u0161gelb\u0117ti Rei\u010del\u0119\u201c \u2013 \u012ftemptas ir jaudinantis psichologinis trileris, kurio pabaigos nusp\u0117ti ne\u012fmanoma.\",\"breadcrumb\":{\"@id\":\"https:\/\/skaitytaknyga.lt\/produktas\/john-locke-isgelbeti-reicele-2\/#breadcrumb\"},\"inLanguage\":\"en-GB\",\"potentialAction\":[{\"@type\":\"ReadAction\",\"target\":[\"https:\/\/skaitytaknyga.lt\/produktas\/john-locke-isgelbeti-reicele-2\/\"]}]},{\"@type\":\"ImageObject\",\"inLanguage\":\"en-GB\",\"@id\":\"https:\/\/skaitytaknyga.lt\/produktas\/john-locke-isgelbeti-reicele-2\/#primaryimage\",\"url\":\"https:\/\/skaitytaknyga.lt\/wp-content\/uploads\/2024\/05\/1462873912_isgelbeti-reicele.jpg\",\"contentUrl\":\"https:\/\/skaitytaknyga.lt\/wp-content\/uploads\/2024\/05\/1462873912_isgelbeti-reicele.jpg\",\"width\":273,\"height\":430},{\"@type\":\"BreadcrumbList\",\"@id\":\"https:\/\/skaitytaknyga.lt\/produktas\/john-locke-isgelbeti-reicele-2\/#breadcrumb\",\"itemListElement\":[{\"@type\":\"ListItem\",\"position\":1,\"name\":\"Home\",\"item\":\"https:\/\/skaitytaknyga.lt\/\"},{\"@type\":\"ListItem\",\"position\":2,\"name\":\"Parduotuv\u0117\",\"item\":\"https:\/\/skaitytaknyga.lt\/knygu-parduotuve\/\"},{\"@type\":\"ListItem\",\"position\":3,\"name\":\"I\u0161gelb\u0117ti Rei\u010del\u0119\"}]},{\"@type\":\"WebSite\",\"@id\":\"https:\/\/skaitytaknyga.lt\/#website\",\"url\":\"https:\/\/skaitytaknyga.lt\/\",\"name\":\"skaitytaknyga.lt\",\"description\":\"Skaitytaknyga.lt \u2013 tai ma\u017eas \u0161eimos verslas, kuris prasid\u0117jo nuo meil\u0117s knygoms ir siekio i\u0161gelb\u0117ti knygas nuo likimo prie konteinerio. Kas vienam nereikalingas daiktas \u2013 kitam lobis, o mes esame tarpininkai, kurie padeda abiems tapti laimingesniems ???? \u017dinome kaip nelengva i\u0161gyventi ma\u017eiems verslams, tad nuo \u0161iol, \u010dia rasite ir kit\u0173, ma\u017e\u0173 \u0161eim\u0173 versl\u0173, rank\u0173 darbo, dovan\u0173 sau ir artimiesiems.\",\"publisher\":{\"@id\":\"https:\/\/skaitytaknyga.lt\/#organization\"},\"potentialAction\":[{\"@type\":\"SearchAction\",\"target\":{\"@type\":\"EntryPoint\",\"urlTemplate\":\"https:\/\/skaitytaknyga.lt\/?s={search_term_string}\"},\"query-input\":{\"@type\":\"PropertyValueSpecification\",\"valueRequired\":true,\"valueName\":\"search_term_string\"}}],\"inLanguage\":\"en-GB\"},{\"@type\":\"Organization\",\"@id\":\"https:\/\/skaitytaknyga.lt\/#organization\",\"name\":\"skaitytaknyga.lt\",\"url\":\"https:\/\/skaitytaknyga.lt\/\",\"logo\":{\"@type\":\"ImageObject\",\"inLanguage\":\"en-GB\",\"@id\":\"https:\/\/skaitytaknyga.lt\/#\/schema\/logo\/image\/\",\"url\":\"https:\/\/skaitytaknyga.lt\/wp-content\/uploads\/2024\/05\/cropped-cropped-cropped-02_00843_jt3bggkj1j3HLc7SyY6rEUpg.jpeg\",\"contentUrl\":\"https:\/\/skaitytaknyga.lt\/wp-content\/uploads\/2024\/05\/cropped-cropped-cropped-02_00843_jt3bggkj1j3HLc7SyY6rEUpg.jpeg\",\"width\":1600,\"height\":1600,\"caption\":\"skaitytaknyga.lt\"},\"image\":{\"@id\":\"https:\/\/skaitytaknyga.lt\/#\/schema\/logo\/image\/\"},\"sameAs\":[\"https:\/\/www.facebook.com\/skaitytaknyga\/\"]}]}<\/script>\n<!-- \/ Yoast SEO plugin. -->","yoast_head_json":{"title":"I\u0161gelb\u0117ti Rei\u010del\u0119","description":"Kompiuteri\u0173 specialistas Semas Keisas sukuria program\u0105, neleid\u017eian\u010di\u0105 susekti \u201ene\u0161vari\u0173\u201c pinig\u0173. Genialiu atradimu pasinaudoja nedori \u017emon\u0117s \u2013 samdomi \u017eudikai, mafijos bosai ir narkotik\u0173 baronai.  Semas turi visk\u0105 \u2013 \u012fdom\u0173 darb\u0105, kr\u016bv\u0105 pinig\u0173, mylin\u010di\u0105 \u017emon\u0105 Rei\u010del\u0119 ir \u201ekar\u0161t\u0105\u201c meilu\u017e\u0119. Ta\u010diau vien\u0105 ryt\u0105 idili\u0161kas vyro gyvenimas netik\u0117tai virsta ko\u0161maru. Gangsteriai, tik\u0117damiesi pavogti mafijos bos\u0173 pinigus, Sem\u0105 ima persekioti. Negana to, jie pagrobia Rei\u010del\u0119 ir Semo meilu\u017e\u0119 Karen\u0105. Ne\u017einodamas, \u012f k\u0105 kreiptis, vyras pra\u0161o savo kliento, samdomo \u017eudiko Donovano Krydo pagalbos. Ta\u010diau viena Semo moter\u0173 vis tiek turi mirti. Kuri\u0105 vyras pasirinks \u2013 \u017emon\u0105 ar meilu\u017e\u0119?  \u201eI\u0161gelb\u0117ti Rei\u010del\u0119\u201c \u2013 \u012ftemptas ir jaudinantis psichologinis trileris, kurio pabaigos nusp\u0117ti ne\u012fmanoma.","robots":{"index":"index","follow":"follow","max-snippet":"max-snippet:-1","max-image-preview":"max-image-preview:large","max-video-preview":"max-video-preview:-1"},"canonical":"https:\/\/skaitytaknyga.lt\/en\/produktas\/john-locke-isgelbeti-reicele-2\/","og_locale":"en_GB","og_type":"article","og_title":"[:lt]I\u0161gelb\u0117ti Rei\u010del\u0119[:] - Skaitytaknyga","og_description":"Kompiuteri\u0173 specialistas Semas Keisas sukuria program\u0105, neleid\u017eian\u010di\u0105 susekti \u201ene\u0161vari\u0173\u201c pinig\u0173. Genialiu atradimu pasinaudoja nedori \u017emon\u0117s \u2013 samdomi \u017eudikai, mafijos bosai ir narkotik\u0173 baronai.  Semas turi visk\u0105 \u2013 \u012fdom\u0173 darb\u0105, kr\u016bv\u0105 pinig\u0173, mylin\u010di\u0105 \u017emon\u0105 Rei\u010del\u0119 ir \u201ekar\u0161t\u0105\u201c meilu\u017e\u0119. Ta\u010diau vien\u0105 ryt\u0105 idili\u0161kas vyro gyvenimas netik\u0117tai virsta ko\u0161maru. Gangsteriai, tik\u0117damiesi pavogti mafijos bos\u0173 pinigus, Sem\u0105 ima persekioti. Negana to, jie pagrobia Rei\u010del\u0119 ir Semo meilu\u017e\u0119 Karen\u0105. Ne\u017einodamas, \u012f k\u0105 kreiptis, vyras pra\u0161o savo kliento, samdomo \u017eudiko Donovano Krydo pagalbos. Ta\u010diau viena Semo moter\u0173 vis tiek turi mirti. Kuri\u0105 vyras pasirinks \u2013 \u017emon\u0105 ar meilu\u017e\u0119?  \u201eI\u0161gelb\u0117ti Rei\u010del\u0119\u201c \u2013 \u012ftemptas ir jaudinantis psichologinis trileris, kurio pabaigos nusp\u0117ti ne\u012fmanoma.","og_url":"https:\/\/skaitytaknyga.lt\/en\/produktas\/john-locke-isgelbeti-reicele-2\/","og_site_name":"Skaitytaknyga","article_publisher":"https:\/\/www.facebook.com\/skaitytaknyga\/","article_modified_time":"2026-03-05T11:01:55+00:00","og_image":[{"width":273,"height":430,"url":"https:\/\/skaitytaknyga.lt\/wp-content\/uploads\/2024\/05\/1462873912_isgelbeti-reicele.jpg","type":"image\/jpeg"}],"twitter_card":"summary_large_image","twitter_misc":{"Estimated reading time":"1 minute"},"schema":{"@context":"https:\/\/schema.org","@graph":[{"@type":"WebPage","@id":"https:\/\/skaitytaknyga.lt\/produktas\/john-locke-isgelbeti-reicele-2\/","url":"https:\/\/skaitytaknyga.lt\/produktas\/john-locke-isgelbeti-reicele-2\/","name":"I\u0161gelb\u0117ti Rei\u010del\u0119","isPartOf":{"@id":"https:\/\/skaitytaknyga.lt\/#website"},"primaryImageOfPage":{"@id":"https:\/\/skaitytaknyga.lt\/produktas\/john-locke-isgelbeti-reicele-2\/#primaryimage"},"image":{"@id":"https:\/\/skaitytaknyga.lt\/produktas\/john-locke-isgelbeti-reicele-2\/#primaryimage"},"thumbnailUrl":"https:\/\/skaitytaknyga.lt\/wp-content\/uploads\/2024\/05\/1462873912_isgelbeti-reicele.jpg","datePublished":"2024-05-04T14:55:47+00:00","dateModified":"2026-03-05T11:01:55+00:00","description":"Kompiuteri\u0173 specialistas Semas Keisas sukuria program\u0105, neleid\u017eian\u010di\u0105 susekti \u201ene\u0161vari\u0173\u201c pinig\u0173. Genialiu atradimu pasinaudoja nedori \u017emon\u0117s \u2013 samdomi \u017eudikai, mafijos bosai ir narkotik\u0173 baronai. Semas turi visk\u0105 \u2013 \u012fdom\u0173 darb\u0105, kr\u016bv\u0105 pinig\u0173, mylin\u010di\u0105 \u017emon\u0105 Rei\u010del\u0119 ir \u201ekar\u0161t\u0105\u201c meilu\u017e\u0119. Ta\u010diau vien\u0105 ryt\u0105 idili\u0161kas vyro gyvenimas netik\u0117tai virsta ko\u0161maru. Gangsteriai, tik\u0117damiesi pavogti mafijos bos\u0173 pinigus, Sem\u0105 ima persekioti. Negana to, jie pagrobia Rei\u010del\u0119 ir Semo meilu\u017e\u0119 Karen\u0105. Ne\u017einodamas, \u012f k\u0105 kreiptis, vyras pra\u0161o savo kliento, samdomo \u017eudiko Donovano Krydo pagalbos. Ta\u010diau viena Semo moter\u0173 vis tiek turi mirti. Kuri\u0105 vyras pasirinks \u2013 \u017emon\u0105 ar meilu\u017e\u0119? \u201eI\u0161gelb\u0117ti Rei\u010del\u0119\u201c \u2013 \u012ftemptas ir jaudinantis psichologinis trileris, kurio pabaigos nusp\u0117ti ne\u012fmanoma.","breadcrumb":{"@id":"https:\/\/skaitytaknyga.lt\/produktas\/john-locke-isgelbeti-reicele-2\/#breadcrumb"},"inLanguage":"en-GB","potentialAction":[{"@type":"ReadAction","target":["https:\/\/skaitytaknyga.lt\/produktas\/john-locke-isgelbeti-reicele-2\/"]}]},{"@type":"ImageObject","inLanguage":"en-GB","@id":"https:\/\/skaitytaknyga.lt\/produktas\/john-locke-isgelbeti-reicele-2\/#primaryimage","url":"https:\/\/skaitytaknyga.lt\/wp-content\/uploads\/2024\/05\/1462873912_isgelbeti-reicele.jpg","contentUrl":"https:\/\/skaitytaknyga.lt\/wp-content\/uploads\/2024\/05\/1462873912_isgelbeti-reicele.jpg","width":273,"height":430},{"@type":"BreadcrumbList","@id":"https:\/\/skaitytaknyga.lt\/produktas\/john-locke-isgelbeti-reicele-2\/#breadcrumb","itemListElement":[{"@type":"ListItem","position":1,"name":"Home","item":"https:\/\/skaitytaknyga.lt\/"},{"@type":"ListItem","position":2,"name":"Parduotuv\u0117","item":"https:\/\/skaitytaknyga.lt\/knygu-parduotuve\/"},{"@type":"ListItem","position":3,"name":"I\u0161gelb\u0117ti Rei\u010del\u0119"}]},{"@type":"WebSite","@id":"https:\/\/skaitytaknyga.lt\/#website","url":"https:\/\/skaitytaknyga.lt\/","name":"skaitytaknyga.lt","description":"Skaitytaknyga.lt \u2013 tai ma\u017eas \u0161eimos verslas, kuris prasid\u0117jo nuo meil\u0117s knygoms ir siekio i\u0161gelb\u0117ti knygas nuo likimo prie konteinerio. Kas vienam nereikalingas daiktas \u2013 kitam lobis, o mes esame tarpininkai, kurie padeda abiems tapti laimingesniems ???? \u017dinome kaip nelengva i\u0161gyventi ma\u017eiems verslams, tad nuo \u0161iol, \u010dia rasite ir kit\u0173, ma\u017e\u0173 \u0161eim\u0173 versl\u0173, rank\u0173 darbo, dovan\u0173 sau ir artimiesiems.","publisher":{"@id":"https:\/\/skaitytaknyga.lt\/#organization"},"potentialAction":[{"@type":"SearchAction","target":{"@type":"EntryPoint","urlTemplate":"https:\/\/skaitytaknyga.lt\/?s={search_term_string}"},"query-input":{"@type":"PropertyValueSpecification","valueRequired":true,"valueName":"search_term_string"}}],"inLanguage":"en-GB"},{"@type":"Organization","@id":"https:\/\/skaitytaknyga.lt\/#organization","name":"skaitytaknyga.lt","url":"https:\/\/skaitytaknyga.lt\/","logo":{"@type":"ImageObject","inLanguage":"en-GB","@id":"https:\/\/skaitytaknyga.lt\/#\/schema\/logo\/image\/","url":"https:\/\/skaitytaknyga.lt\/wp-content\/uploads\/2024\/05\/cropped-cropped-cropped-02_00843_jt3bggkj1j3HLc7SyY6rEUpg.jpeg","contentUrl":"https:\/\/skaitytaknyga.lt\/wp-content\/uploads\/2024\/05\/cropped-cropped-cropped-02_00843_jt3bggkj1j3HLc7SyY6rEUpg.jpeg","width":1600,"height":1600,"caption":"skaitytaknyga.lt"},"image":{"@id":"https:\/\/skaitytaknyga.lt\/#\/schema\/logo\/image\/"},"sameAs":["https:\/\/www.facebook.com\/skaitytaknyga\/"]}]}},"_links":{"self":[{"href":"https:\/\/skaitytaknyga.lt\/en\/wp-json\/wp\/v2\/product\/9034","targetHints":{"allow":["GET"]}}],"collection":[{"href":"https:\/\/skaitytaknyga.lt\/en\/wp-json\/wp\/v2\/product"}],"about":[{"href":"https:\/\/skaitytaknyga.lt\/en\/wp-json\/wp\/v2\/types\/product"}],"replies":[{"embeddable":true,"href":"https:\/\/skaitytaknyga.lt\/en\/wp-json\/wp\/v2\/comments?post=9034"}],"wp:featuredmedia":[{"embeddable":true,"href":"https:\/\/skaitytaknyga.lt\/en\/wp-json\/wp\/v2\/media\/6016"}],"wp:attachment":[{"href":"https:\/\/skaitytaknyga.lt\/en\/wp-json\/wp\/v2\/media?parent=9034"}],"wp:term":[{"taxonomy":"product_brand","embeddable":true,"href":"https:\/\/skaitytaknyga.lt\/en\/wp-json\/wp\/v2\/product_brand?post=9034"},{"taxonomy":"product_cat","embeddable":true,"href":"https:\/\/skaitytaknyga.lt\/en\/wp-json\/wp\/v2\/product_cat?post=9034"},{"taxonomy":"product_tag","embeddable":true,"href":"https:\/\/skaitytaknyga.lt\/en\/wp-json\/wp\/v2\/product_tag?post=9034"}],"curies":[{"name":"wp","href":"https:\/\/api.w.org\/{rel}","templated":true}]}}