{"id":9031,"date":"2024-05-04T14:55:47","date_gmt":"2024-05-04T14:55:47","guid":{"rendered":"https:\/\/skaitytaknyga.lt\/?post_type=product&#038;p=9031"},"modified":"2025-06-12T08:44:39","modified_gmt":"2025-06-12T05:44:39","slug":"sandra-glover-adele-2","status":"publish","type":"product","link":"https:\/\/skaitytaknyga.lt\/en\/produktas\/sandra-glover-adele-2\/","title":{"rendered":"Adel\u0117"},"content":{"rendered":"<div id=\"showMorefa61e21a-b82b-4cb5-8e64-a0365ba8bb77\">\u201eAdel\u0117\u201c \u2013 jaudinanti psichologin\u0117 apysaka apie paaugl\u0119, susid\u016brusi\u0105 akis \u012f ak\u012f su praeities \u0161m\u0117klomis. Tai jau tre\u010dioji \u017einomos angl\u0173 ra\u0161ytojos Sandros Glover knyga, i\u0161leista leidyklos \u201eGimtasis \u017eodis\u201c. 2006 metais pasirod\u0117 \u201eAr moki saugoti paslapt\u012f?\u201c, 2007 metais \u2013 \u201eMergait\u0117, kuri \u017einojo\u201c.<br \/>\nPenkiolikmet\u0117 Adel\u0117, pagrindin\u0117 \u0161io k\u016brinio veik\u0117ja, nem\u0117gsta staipytis prie\u0161 veidrod\u012f, nes neken\u010dia savo atvaizdo. Ji \u012fsitikinusi, kad yra stora. Ta\u010diau i\u0161pakavusi gra\u017e\u0173 senovin\u012f veidrod\u012f, kur\u012f testamentu jai paliko senel\u0117, Adel\u0117 jame pamato lies\u0105, i\u0161bly\u0161kus\u012f veid\u0105, \u012fd\u0117miai spoksant\u012f \u012f j\u0105\u2026 Mergina nesupranta, kad rimtai serga.<br \/>\nNors \u0161i istorija i\u0161galvota, d\u0117l \u012ftampos ir streso taip nutikti gali kiekvienam i\u0161 m\u016bs\u0173. Svarbu neprarasti vilties ir ie\u0161koti pagalbos.<\/div>\n<p>&nbsp;<\/p>\n","protected":false},"excerpt":{"rendered":"<div id=\"showMorefa61e21a-b82b-4cb5-8e64-a0365ba8bb77\">\u201eAdel\u0117\u201c \u2013 jaudinanti psichologin\u0117 apysaka apie paaugl\u0119, susid\u016brusi\u0105 akis \u012f ak\u012f su praeities \u0161m\u0117klomis. Tai jau tre\u010dioji \u017einomos angl\u0173 ra\u0161ytojos Sandros Glover knyga, i\u0161leista leidyklos \u201eGimtasis \u017eodis\u201c. 2006 metais pasirod\u0117 \u201eAr moki saugoti paslapt\u012f?\u201c, 2007 metais \u2013 \u201eMergait\u0117, kuri \u017einojo\u201c.<br \/>\nPenkiolikmet\u0117 Adel\u0117, pagrindin\u0117 \u0161io k\u016brinio veik\u0117ja, nem\u0117gsta staipytis prie\u0161 veidrod\u012f, nes neken\u010dia savo atvaizdo. Ji \u012fsitikinusi, kad yra stora. Ta\u010diau i\u0161pakavusi gra\u017e\u0173 senovin\u012f veidrod\u012f, kur\u012f testamentu jai paliko senel\u0117, Adel\u0117 jame pamato lies\u0105, i\u0161bly\u0161kus\u012f veid\u0105, \u012fd\u0117miai spoksant\u012f \u012f j\u0105\u2026 Mergina nesupranta, kad rimtai serga.<br \/>\nNors \u0161i istorija i\u0161galvota, d\u0117l \u012ftampos ir streso taip nutikti gali kiekvienam i\u0161 m\u016bs\u0173. Svarbu neprarasti vilties ir ie\u0161koti pagalbos.<\/div>\n<p>&nbsp;<\/p>\n","protected":false},"featured_media":6013,"comment_status":"closed","ping_status":"closed","template":"","meta":{"_acf_changed":false,"site-sidebar-layout":"default","site-content-layout":"","ast-site-content-layout":"default","site-content-style":"default","site-sidebar-style":"default","ast-global-header-display":"","ast-banner-title-visibility":"","ast-main-header-display":"","ast-hfb-above-header-display":"","ast-hfb-below-header-display":"","ast-hfb-mobile-header-display":"","site-post-title":"","ast-breadcrumbs-content":"","ast-featured-img":"","footer-sml-layout":"","ast-disable-related-posts":"","theme-transparent-header-meta":"","adv-header-id-meta":"","stick-header-meta":"","header-above-stick-meta":"","header-main-stick-meta":"","header-below-stick-meta":"","astra-migrate-meta-layouts":"default","ast-page-background-enabled":"default","ast-page-background-meta":{"desktop":{"background-color":"","background-image":"","background-repeat":"repeat","background-position":"center center","background-size":"auto","background-attachment":"scroll","background-type":"","background-media":"","overlay-type":"","overlay-color":"","overlay-opacity":"","overlay-gradient":""},"tablet":{"background-color":"","background-image":"","background-repeat":"repeat","background-position":"center center","background-size":"auto","background-attachment":"scroll","background-type":"","background-media":"","overlay-type":"","overlay-color":"","overlay-opacity":"","overlay-gradient":""},"mobile":{"background-color":"","background-image":"","background-repeat":"repeat","background-position":"center center","background-size":"auto","background-attachment":"scroll","background-type":"","background-media":"","overlay-type":"","overlay-color":"","overlay-opacity":"","overlay-gradient":""}},"ast-content-background-meta":{"desktop":{"background-color":"var(--ast-global-color-4)","background-image":"","background-repeat":"repeat","background-position":"center center","background-size":"auto","background-attachment":"scroll","background-type":"","background-media":"","overlay-type":"","overlay-color":"","overlay-opacity":"","overlay-gradient":""},"tablet":{"background-color":"var(--ast-global-color-4)","background-image":"","background-repeat":"repeat","background-position":"center center","background-size":"auto","background-attachment":"scroll","background-type":"","background-media":"","overlay-type":"","overlay-color":"","overlay-opacity":"","overlay-gradient":""},"mobile":{"background-color":"var(--ast-global-color-4)","background-image":"","background-repeat":"repeat","background-position":"center center","background-size":"auto","background-attachment":"scroll","background-type":"","background-media":"","overlay-type":"","overlay-color":"","overlay-opacity":"","overlay-gradient":""}}},"product_brand":[],"product_cat":[31,35],"product_tag":[],"class_list":{"0":"post-9031","1":"product","2":"type-product","3":"status-publish","4":"has-post-thumbnail","6":"product_cat-grozine-literatura","7":"product_cat-vaikams-ir-paaugliams","8":"pa_leidimo-metai-680","9":"pa_virselis-kietas","10":"desktop-align-left","11":"tablet-align-left","12":"mobile-align-left","14":"first","15":"instock","16":"shipping-taxable","17":"purchasable","18":"product-type-simple"},"acf":[],"yoast_head":"<!-- This site is optimized with the Yoast SEO plugin v27.4 - https:\/\/yoast.com\/product\/yoast-seo-wordpress\/ -->\n<title>Adel\u0117<\/title>\n<meta name=\"description\" content=\"\u201eAdel\u0117\u201c \u2013 jaudinanti psichologin\u0117 apysaka apie paaugl\u0119, susid\u016brusi\u0105 akis \u012f ak\u012f su praeities \u0161m\u0117klomis. Tai jau tre\u010dioji \u017einomos angl\u0173 ra\u0161ytojos Sandros Glover knyga, i\u0161leista leidyklos \u201eGimtasis \u017eodis\u201c. 2006 metais pasirod\u0117 \u201eAr moki saugoti paslapt\u012f?\u201c, 2007 metais \u2013 \u201eMergait\u0117, kuri \u017einojo\u201c. Penkiolikmet\u0117 Adel\u0117, pagrindin\u0117 \u0161io k\u016brinio veik\u0117ja, nem\u0117gsta staipytis prie\u0161 veidrod\u012f, nes neken\u010dia savo atvaizdo. Ji \u012fsitikinusi, kad yra stora. Ta\u010diau i\u0161pakavusi gra\u017e\u0173 senovin\u012f veidrod\u012f, kur\u012f testamentu jai paliko senel\u0117, Adel\u0117 jame pamato lies\u0105, i\u0161bly\u0161kus\u012f veid\u0105, \u012fd\u0117miai spoksant\u012f \u012f j\u0105\u2026 Mergina nesupranta, kad rimtai serga. Nors \u0161i istorija i\u0161galvota, d\u0117l \u012ftampos ir streso taip nutikti gali kiekvienam i\u0161 m\u016bs\u0173. Svarbu neprarasti vilties ir ie\u0161koti pagalbos. &nbsp;\" \/>\n<meta name=\"robots\" content=\"index, follow, max-snippet:-1, max-image-preview:large, max-video-preview:-1\" \/>\n<link rel=\"canonical\" href=\"https:\/\/skaitytaknyga.lt\/en\/produktas\/sandra-glover-adele-2\/\" \/>\n<meta property=\"og:locale\" content=\"en_GB\" \/>\n<meta property=\"og:locale:alternate\" content=\"lt_LT\" \/>\n<meta property=\"og:type\" content=\"article\" \/>\n<meta property=\"og:title\" content=\"Adel\u0117\" \/>\n<meta property=\"og:description\" content=\"\u201eAdel\u0117\u201c \u2013 jaudinanti psichologin\u0117 apysaka apie paaugl\u0119, susid\u016brusi\u0105 akis \u012f ak\u012f su praeities \u0161m\u0117klomis. Tai jau tre\u010dioji \u017einomos angl\u0173 ra\u0161ytojos Sandros Glover knyga, i\u0161leista leidyklos \u201eGimtasis \u017eodis\u201c. 2006 metais pasirod\u0117 \u201eAr moki saugoti paslapt\u012f?\u201c, 2007 metais \u2013 \u201eMergait\u0117, kuri \u017einojo\u201c. Penkiolikmet\u0117 Adel\u0117, pagrindin\u0117 \u0161io k\u016brinio veik\u0117ja, nem\u0117gsta staipytis prie\u0161 veidrod\u012f, nes neken\u010dia savo atvaizdo. Ji \u012fsitikinusi, kad yra stora. Ta\u010diau i\u0161pakavusi gra\u017e\u0173 senovin\u012f veidrod\u012f, kur\u012f testamentu jai paliko senel\u0117, Adel\u0117 jame pamato lies\u0105, i\u0161bly\u0161kus\u012f veid\u0105, \u012fd\u0117miai spoksant\u012f \u012f j\u0105\u2026 Mergina nesupranta, kad rimtai serga. Nors \u0161i istorija i\u0161galvota, d\u0117l \u012ftampos ir streso taip nutikti gali kiekvienam i\u0161 m\u016bs\u0173. Svarbu neprarasti vilties ir ie\u0161koti pagalbos. &nbsp;\" \/>\n<meta property=\"og:url\" content=\"https:\/\/skaitytaknyga.lt\/en\/produktas\/sandra-glover-adele-2\/\" \/>\n<meta property=\"og:site_name\" content=\"Skaitytaknyga\" \/>\n<meta property=\"article:publisher\" content=\"https:\/\/www.facebook.com\/skaitytaknyga\/\" \/>\n<meta property=\"article:modified_time\" content=\"2025-06-12T05:44:39+00:00\" \/>\n<meta property=\"og:image\" content=\"https:\/\/skaitytaknyga.lt\/wp-content\/uploads\/2024\/05\/1449151944_1448097817_ADELE-300.jpg\" \/>\n\t<meta property=\"og:image:width\" content=\"196\" \/>\n\t<meta property=\"og:image:height\" content=\"306\" \/>\n\t<meta property=\"og:image:type\" content=\"image\/jpeg\" \/>\n<meta name=\"twitter:card\" content=\"summary_large_image\" \/>\n<meta name=\"twitter:label1\" content=\"Estimated reading time\" \/>\n\t<meta name=\"twitter:data1\" content=\"1 minute\" \/>\n<script type=\"application\/ld+json\" class=\"yoast-schema-graph\">{\"@context\":\"https:\\\/\\\/schema.org\",\"@graph\":[{\"@type\":\"WebPage\",\"@id\":\"https:\\\/\\\/skaitytaknyga.lt\\\/produktas\\\/sandra-glover-adele-2\\\/\",\"url\":\"https:\\\/\\\/skaitytaknyga.lt\\\/produktas\\\/sandra-glover-adele-2\\\/\",\"name\":\"Adel\u0117\",\"isPartOf\":{\"@id\":\"https:\\\/\\\/skaitytaknyga.lt\\\/#website\"},\"primaryImageOfPage\":{\"@id\":\"https:\\\/\\\/skaitytaknyga.lt\\\/produktas\\\/sandra-glover-adele-2\\\/#primaryimage\"},\"image\":{\"@id\":\"https:\\\/\\\/skaitytaknyga.lt\\\/produktas\\\/sandra-glover-adele-2\\\/#primaryimage\"},\"thumbnailUrl\":\"https:\\\/\\\/skaitytaknyga.lt\\\/wp-content\\\/uploads\\\/2024\\\/05\\\/1449151944_1448097817_ADELE-300.jpg\",\"datePublished\":\"2024-05-04T14:55:47+00:00\",\"dateModified\":\"2025-06-12T05:44:39+00:00\",\"description\":\"\u201eAdel\u0117\u201c \u2013 jaudinanti psichologin\u0117 apysaka apie paaugl\u0119, susid\u016brusi\u0105 akis \u012f ak\u012f su praeities \u0161m\u0117klomis. Tai jau tre\u010dioji \u017einomos angl\u0173 ra\u0161ytojos Sandros Glover knyga, i\u0161leista leidyklos \u201eGimtasis \u017eodis\u201c. 2006 metais pasirod\u0117 \u201eAr moki saugoti paslapt\u012f?\u201c, 2007 metais \u2013 \u201eMergait\u0117, kuri \u017einojo\u201c. Penkiolikmet\u0117 Adel\u0117, pagrindin\u0117 \u0161io k\u016brinio veik\u0117ja, nem\u0117gsta staipytis prie\u0161 veidrod\u012f, nes neken\u010dia savo atvaizdo. Ji \u012fsitikinusi, kad yra stora. Ta\u010diau i\u0161pakavusi gra\u017e\u0173 senovin\u012f veidrod\u012f, kur\u012f testamentu jai paliko senel\u0117, Adel\u0117 jame pamato lies\u0105, i\u0161bly\u0161kus\u012f veid\u0105, \u012fd\u0117miai spoksant\u012f \u012f j\u0105\u2026 Mergina nesupranta, kad rimtai serga. Nors \u0161i istorija i\u0161galvota, d\u0117l \u012ftampos ir streso taip nutikti gali kiekvienam i\u0161 m\u016bs\u0173. Svarbu neprarasti vilties ir ie\u0161koti pagalbos. &nbsp;\",\"breadcrumb\":{\"@id\":\"https:\\\/\\\/skaitytaknyga.lt\\\/produktas\\\/sandra-glover-adele-2\\\/#breadcrumb\"},\"inLanguage\":\"en-GB\",\"potentialAction\":[{\"@type\":\"ReadAction\",\"target\":[\"https:\\\/\\\/skaitytaknyga.lt\\\/produktas\\\/sandra-glover-adele-2\\\/\"]}]},{\"@type\":\"ImageObject\",\"inLanguage\":\"en-GB\",\"@id\":\"https:\\\/\\\/skaitytaknyga.lt\\\/produktas\\\/sandra-glover-adele-2\\\/#primaryimage\",\"url\":\"https:\\\/\\\/skaitytaknyga.lt\\\/wp-content\\\/uploads\\\/2024\\\/05\\\/1449151944_1448097817_ADELE-300.jpg\",\"contentUrl\":\"https:\\\/\\\/skaitytaknyga.lt\\\/wp-content\\\/uploads\\\/2024\\\/05\\\/1449151944_1448097817_ADELE-300.jpg\",\"width\":196,\"height\":306},{\"@type\":\"BreadcrumbList\",\"@id\":\"https:\\\/\\\/skaitytaknyga.lt\\\/produktas\\\/sandra-glover-adele-2\\\/#breadcrumb\",\"itemListElement\":[{\"@type\":\"ListItem\",\"position\":1,\"name\":\"Home\",\"item\":\"https:\\\/\\\/skaitytaknyga.lt\\\/\"},{\"@type\":\"ListItem\",\"position\":2,\"name\":\"Parduotuv\u0117\",\"item\":\"https:\\\/\\\/skaitytaknyga.lt\\\/knygu-parduotuve\\\/\"},{\"@type\":\"ListItem\",\"position\":3,\"name\":\"Adel\u0117\"}]},{\"@type\":\"WebSite\",\"@id\":\"https:\\\/\\\/skaitytaknyga.lt\\\/#website\",\"url\":\"https:\\\/\\\/skaitytaknyga.lt\\\/\",\"name\":\"skaitytaknyga.lt\",\"description\":\"Skaitytaknyga.lt \u2013 tai ma\u017eas \u0161eimos verslas, kuris prasid\u0117jo nuo meil\u0117s knygoms ir siekio i\u0161gelb\u0117ti knygas nuo likimo prie konteinerio. Kas vienam nereikalingas daiktas \u2013 kitam lobis, o mes esame tarpininkai, kurie padeda abiems tapti laimingesniems ???? \u017dinome kaip nelengva i\u0161gyventi ma\u017eiems verslams, tad nuo \u0161iol, \u010dia rasite ir kit\u0173, ma\u017e\u0173 \u0161eim\u0173 versl\u0173, rank\u0173 darbo, dovan\u0173 sau ir artimiesiems.\",\"publisher\":{\"@id\":\"https:\\\/\\\/skaitytaknyga.lt\\\/#organization\"},\"potentialAction\":[{\"@type\":\"SearchAction\",\"target\":{\"@type\":\"EntryPoint\",\"urlTemplate\":\"https:\\\/\\\/skaitytaknyga.lt\\\/?s={search_term_string}\"},\"query-input\":{\"@type\":\"PropertyValueSpecification\",\"valueRequired\":true,\"valueName\":\"search_term_string\"}}],\"inLanguage\":\"en-GB\"},{\"@type\":\"Organization\",\"@id\":\"https:\\\/\\\/skaitytaknyga.lt\\\/#organization\",\"name\":\"skaitytaknyga.lt\",\"url\":\"https:\\\/\\\/skaitytaknyga.lt\\\/\",\"logo\":{\"@type\":\"ImageObject\",\"inLanguage\":\"en-GB\",\"@id\":\"https:\\\/\\\/skaitytaknyga.lt\\\/#\\\/schema\\\/logo\\\/image\\\/\",\"url\":\"https:\\\/\\\/skaitytaknyga.lt\\\/wp-content\\\/uploads\\\/2024\\\/05\\\/cropped-cropped-cropped-02_00843_jt3bggkj1j3HLc7SyY6rEUpg.jpeg\",\"contentUrl\":\"https:\\\/\\\/skaitytaknyga.lt\\\/wp-content\\\/uploads\\\/2024\\\/05\\\/cropped-cropped-cropped-02_00843_jt3bggkj1j3HLc7SyY6rEUpg.jpeg\",\"width\":1600,\"height\":1600,\"caption\":\"skaitytaknyga.lt\"},\"image\":{\"@id\":\"https:\\\/\\\/skaitytaknyga.lt\\\/#\\\/schema\\\/logo\\\/image\\\/\"},\"sameAs\":[\"https:\\\/\\\/www.facebook.com\\\/skaitytaknyga\\\/\"]}]}<\/script>\n<!-- \/ Yoast SEO plugin. -->","yoast_head_json":{"title":"Adel\u0117","description":"\u201eAdel\u0117\u201c \u2013 jaudinanti psichologin\u0117 apysaka apie paaugl\u0119, susid\u016brusi\u0105 akis \u012f ak\u012f su praeities \u0161m\u0117klomis. Tai jau tre\u010dioji \u017einomos angl\u0173 ra\u0161ytojos Sandros Glover knyga, i\u0161leista leidyklos \u201eGimtasis \u017eodis\u201c. 2006 metais pasirod\u0117 \u201eAr moki saugoti paslapt\u012f?\u201c, 2007 metais \u2013 \u201eMergait\u0117, kuri \u017einojo\u201c. Penkiolikmet\u0117 Adel\u0117, pagrindin\u0117 \u0161io k\u016brinio veik\u0117ja, nem\u0117gsta staipytis prie\u0161 veidrod\u012f, nes neken\u010dia savo atvaizdo. Ji \u012fsitikinusi, kad yra stora. Ta\u010diau i\u0161pakavusi gra\u017e\u0173 senovin\u012f veidrod\u012f, kur\u012f testamentu jai paliko senel\u0117, Adel\u0117 jame pamato lies\u0105, i\u0161bly\u0161kus\u012f veid\u0105, \u012fd\u0117miai spoksant\u012f \u012f j\u0105\u2026 Mergina nesupranta, kad rimtai serga. Nors \u0161i istorija i\u0161galvota, d\u0117l \u012ftampos ir streso taip nutikti gali kiekvienam i\u0161 m\u016bs\u0173. Svarbu neprarasti vilties ir ie\u0161koti pagalbos. &nbsp;","robots":{"index":"index","follow":"follow","max-snippet":"max-snippet:-1","max-image-preview":"max-image-preview:large","max-video-preview":"max-video-preview:-1"},"canonical":"https:\/\/skaitytaknyga.lt\/en\/produktas\/sandra-glover-adele-2\/","og_locale":"en_GB","og_type":"article","og_title":"[:lt]Adel\u0117[:] - Skaitytaknyga","og_description":"\u201eAdel\u0117\u201c \u2013 jaudinanti psichologin\u0117 apysaka apie paaugl\u0119, susid\u016brusi\u0105 akis \u012f ak\u012f su praeities \u0161m\u0117klomis. Tai jau tre\u010dioji \u017einomos angl\u0173 ra\u0161ytojos Sandros Glover knyga, i\u0161leista leidyklos \u201eGimtasis \u017eodis\u201c. 2006 metais pasirod\u0117 \u201eAr moki saugoti paslapt\u012f?\u201c, 2007 metais \u2013 \u201eMergait\u0117, kuri \u017einojo\u201c. Penkiolikmet\u0117 Adel\u0117, pagrindin\u0117 \u0161io k\u016brinio veik\u0117ja, nem\u0117gsta staipytis prie\u0161 veidrod\u012f, nes neken\u010dia savo atvaizdo. Ji \u012fsitikinusi, kad yra stora. Ta\u010diau i\u0161pakavusi gra\u017e\u0173 senovin\u012f veidrod\u012f, kur\u012f testamentu jai paliko senel\u0117, Adel\u0117 jame pamato lies\u0105, i\u0161bly\u0161kus\u012f veid\u0105, \u012fd\u0117miai spoksant\u012f \u012f j\u0105\u2026 Mergina nesupranta, kad rimtai serga. Nors \u0161i istorija i\u0161galvota, d\u0117l \u012ftampos ir streso taip nutikti gali kiekvienam i\u0161 m\u016bs\u0173. Svarbu neprarasti vilties ir ie\u0161koti pagalbos. &nbsp;","og_url":"https:\/\/skaitytaknyga.lt\/en\/produktas\/sandra-glover-adele-2\/","og_site_name":"Skaitytaknyga","article_publisher":"https:\/\/www.facebook.com\/skaitytaknyga\/","article_modified_time":"2025-06-12T05:44:39+00:00","og_image":[{"width":196,"height":306,"url":"https:\/\/skaitytaknyga.lt\/wp-content\/uploads\/2024\/05\/1449151944_1448097817_ADELE-300.jpg","type":"image\/jpeg"}],"twitter_card":"summary_large_image","twitter_misc":{"Estimated reading time":"1 minute"},"schema":{"@context":"https:\/\/schema.org","@graph":[{"@type":"WebPage","@id":"https:\/\/skaitytaknyga.lt\/produktas\/sandra-glover-adele-2\/","url":"https:\/\/skaitytaknyga.lt\/produktas\/sandra-glover-adele-2\/","name":"Adel\u0117","isPartOf":{"@id":"https:\/\/skaitytaknyga.lt\/#website"},"primaryImageOfPage":{"@id":"https:\/\/skaitytaknyga.lt\/produktas\/sandra-glover-adele-2\/#primaryimage"},"image":{"@id":"https:\/\/skaitytaknyga.lt\/produktas\/sandra-glover-adele-2\/#primaryimage"},"thumbnailUrl":"https:\/\/skaitytaknyga.lt\/wp-content\/uploads\/2024\/05\/1449151944_1448097817_ADELE-300.jpg","datePublished":"2024-05-04T14:55:47+00:00","dateModified":"2025-06-12T05:44:39+00:00","description":"\u201eAdel\u0117\u201c \u2013 jaudinanti psichologin\u0117 apysaka apie paaugl\u0119, susid\u016brusi\u0105 akis \u012f ak\u012f su praeities \u0161m\u0117klomis. Tai jau tre\u010dioji \u017einomos angl\u0173 ra\u0161ytojos Sandros Glover knyga, i\u0161leista leidyklos \u201eGimtasis \u017eodis\u201c. 2006 metais pasirod\u0117 \u201eAr moki saugoti paslapt\u012f?\u201c, 2007 metais \u2013 \u201eMergait\u0117, kuri \u017einojo\u201c. Penkiolikmet\u0117 Adel\u0117, pagrindin\u0117 \u0161io k\u016brinio veik\u0117ja, nem\u0117gsta staipytis prie\u0161 veidrod\u012f, nes neken\u010dia savo atvaizdo. Ji \u012fsitikinusi, kad yra stora. Ta\u010diau i\u0161pakavusi gra\u017e\u0173 senovin\u012f veidrod\u012f, kur\u012f testamentu jai paliko senel\u0117, Adel\u0117 jame pamato lies\u0105, i\u0161bly\u0161kus\u012f veid\u0105, \u012fd\u0117miai spoksant\u012f \u012f j\u0105\u2026 Mergina nesupranta, kad rimtai serga. Nors \u0161i istorija i\u0161galvota, d\u0117l \u012ftampos ir streso taip nutikti gali kiekvienam i\u0161 m\u016bs\u0173. Svarbu neprarasti vilties ir ie\u0161koti pagalbos. &nbsp;","breadcrumb":{"@id":"https:\/\/skaitytaknyga.lt\/produktas\/sandra-glover-adele-2\/#breadcrumb"},"inLanguage":"en-GB","potentialAction":[{"@type":"ReadAction","target":["https:\/\/skaitytaknyga.lt\/produktas\/sandra-glover-adele-2\/"]}]},{"@type":"ImageObject","inLanguage":"en-GB","@id":"https:\/\/skaitytaknyga.lt\/produktas\/sandra-glover-adele-2\/#primaryimage","url":"https:\/\/skaitytaknyga.lt\/wp-content\/uploads\/2024\/05\/1449151944_1448097817_ADELE-300.jpg","contentUrl":"https:\/\/skaitytaknyga.lt\/wp-content\/uploads\/2024\/05\/1449151944_1448097817_ADELE-300.jpg","width":196,"height":306},{"@type":"BreadcrumbList","@id":"https:\/\/skaitytaknyga.lt\/produktas\/sandra-glover-adele-2\/#breadcrumb","itemListElement":[{"@type":"ListItem","position":1,"name":"Home","item":"https:\/\/skaitytaknyga.lt\/"},{"@type":"ListItem","position":2,"name":"Parduotuv\u0117","item":"https:\/\/skaitytaknyga.lt\/knygu-parduotuve\/"},{"@type":"ListItem","position":3,"name":"Adel\u0117"}]},{"@type":"WebSite","@id":"https:\/\/skaitytaknyga.lt\/#website","url":"https:\/\/skaitytaknyga.lt\/","name":"skaitytaknyga.lt","description":"Skaitytaknyga.lt \u2013 tai ma\u017eas \u0161eimos verslas, kuris prasid\u0117jo nuo meil\u0117s knygoms ir siekio i\u0161gelb\u0117ti knygas nuo likimo prie konteinerio. Kas vienam nereikalingas daiktas \u2013 kitam lobis, o mes esame tarpininkai, kurie padeda abiems tapti laimingesniems ???? \u017dinome kaip nelengva i\u0161gyventi ma\u017eiems verslams, tad nuo \u0161iol, \u010dia rasite ir kit\u0173, ma\u017e\u0173 \u0161eim\u0173 versl\u0173, rank\u0173 darbo, dovan\u0173 sau ir artimiesiems.","publisher":{"@id":"https:\/\/skaitytaknyga.lt\/#organization"},"potentialAction":[{"@type":"SearchAction","target":{"@type":"EntryPoint","urlTemplate":"https:\/\/skaitytaknyga.lt\/?s={search_term_string}"},"query-input":{"@type":"PropertyValueSpecification","valueRequired":true,"valueName":"search_term_string"}}],"inLanguage":"en-GB"},{"@type":"Organization","@id":"https:\/\/skaitytaknyga.lt\/#organization","name":"skaitytaknyga.lt","url":"https:\/\/skaitytaknyga.lt\/","logo":{"@type":"ImageObject","inLanguage":"en-GB","@id":"https:\/\/skaitytaknyga.lt\/#\/schema\/logo\/image\/","url":"https:\/\/skaitytaknyga.lt\/wp-content\/uploads\/2024\/05\/cropped-cropped-cropped-02_00843_jt3bggkj1j3HLc7SyY6rEUpg.jpeg","contentUrl":"https:\/\/skaitytaknyga.lt\/wp-content\/uploads\/2024\/05\/cropped-cropped-cropped-02_00843_jt3bggkj1j3HLc7SyY6rEUpg.jpeg","width":1600,"height":1600,"caption":"skaitytaknyga.lt"},"image":{"@id":"https:\/\/skaitytaknyga.lt\/#\/schema\/logo\/image\/"},"sameAs":["https:\/\/www.facebook.com\/skaitytaknyga\/"]}]}},"_links":{"self":[{"href":"https:\/\/skaitytaknyga.lt\/en\/wp-json\/wp\/v2\/product\/9031","targetHints":{"allow":["GET"]}}],"collection":[{"href":"https:\/\/skaitytaknyga.lt\/en\/wp-json\/wp\/v2\/product"}],"about":[{"href":"https:\/\/skaitytaknyga.lt\/en\/wp-json\/wp\/v2\/types\/product"}],"replies":[{"embeddable":true,"href":"https:\/\/skaitytaknyga.lt\/en\/wp-json\/wp\/v2\/comments?post=9031"}],"wp:featuredmedia":[{"embeddable":true,"href":"https:\/\/skaitytaknyga.lt\/en\/wp-json\/wp\/v2\/media\/6013"}],"wp:attachment":[{"href":"https:\/\/skaitytaknyga.lt\/en\/wp-json\/wp\/v2\/media?parent=9031"}],"wp:term":[{"taxonomy":"product_brand","embeddable":true,"href":"https:\/\/skaitytaknyga.lt\/en\/wp-json\/wp\/v2\/product_brand?post=9031"},{"taxonomy":"product_cat","embeddable":true,"href":"https:\/\/skaitytaknyga.lt\/en\/wp-json\/wp\/v2\/product_cat?post=9031"},{"taxonomy":"product_tag","embeddable":true,"href":"https:\/\/skaitytaknyga.lt\/en\/wp-json\/wp\/v2\/product_tag?post=9031"}],"curies":[{"name":"wp","href":"https:\/\/api.w.org\/{rel}","templated":true}]}}