{"id":9028,"date":"2024-05-04T14:55:47","date_gmt":"2024-05-04T14:55:47","guid":{"rendered":"https:\/\/skaitytaknyga.lt\/?post_type=product&#038;p=9028"},"modified":"2025-10-30T12:50:57","modified_gmt":"2025-10-30T10:50:57","slug":"izidorius-simelionis-zydai-mano-gyvenime-2","status":"publish","type":"product","link":"https:\/\/skaitytaknyga.lt\/en\/produktas\/izidorius-simelionis-zydai-mano-gyvenime-2\/","title":{"rendered":"Izidorius \u0160imelionis \u201e\u017dydai mano gyvenime\u201c"},"content":{"rendered":"<p style=\"text-align: left;\">Izidoriaus \u0160imelionio atsiminimai \u2013 sunkiai \u012fsivaizduojama \u017emogaus gyvenimo odis\u0117ja, ir jos patirties, regis, pakakt\u0173 keliems gyvenimams: tiek kart\u0173 \u017evelgta mir\u010diai \u012f akis, tiek matyta ir patirta agresijos, smurto, represij\u0173, skriaudos ir neteisyb\u0117s, patekus \u012f vokie\u010di\u0173 u\u017eimto Minsko mirtinink\u0173 stovykl\u0105 (1941), per\u0117jus Vorkutos gulago (1945) kry\u017eiaus kelius, Antrojo pasaulinio karo fronto pragar\u0105, i\u0161tv\u0117rus sovietinio saugumo tardymus, patyrus visas kal\u0117jimo baisybes. Knygos pavadinimas \u201e\u017dydai mano gyvenime\u201c yra tarsi raktinis kodas, atveriantis autoriui galimyb\u0119 pa\u017evelgti ne vien \u012f \u017eyd\u0173 ir lietuvi\u0173 istori\u0161kai susiklos\u010diusius santykius, priminti holokaust\u0105, enkav\u0117dist\u0173 siaut\u0117jimus, bet ir \u012f kit\u0173 taut\u0173 \u017emones \u2013 istorini\u0173 kataklizm\u0173 priverstinius dalyvius.<\/p>\n","protected":false},"excerpt":{"rendered":"<p>Izidoriaus \u0160imelionio atsiminimai \u2013 sunkiai \u012fsivaizduojama \u017emogaus gyvenimo odis\u0117ja, ir jos patirties, regis, pakakt\u0173 keliems gyvenimams: tiek kart\u0173 \u017evelgta mir\u010diai \u012f akis, tiek matyta ir patirta agresijos, smurto, represij\u0173, skriaudos ir neteisyb\u0117s, patekus \u012f vokie\u010di\u0173 u\u017eimto Minsko mirtinink\u0173 stovykl\u0105 (1941), per\u0117jus Vorkutos gulago (1945) kry\u017eiaus kelius, Antrojo pasaulinio karo fronto pragar\u0105, i\u0161tv\u0117rus sovietinio saugumo tardymus, patyrus visas kal\u0117jimo baisybes. Knygos pavadinimas \u201e\u017dydai mano gyvenime\u201c yra tarsi raktinis kodas, atveriantis autoriui galimyb\u0119 pa\u017evelgti ne vien \u012f \u017eyd\u0173 ir lietuvi\u0173 istori\u0161kai susiklos\u010diusius santykius, priminti holokaust\u0105, enkav\u0117dist\u0173 siaut\u0117jimus, bet ir \u012f kit\u0173 taut\u0173 \u017emones \u2013 istorini\u0173 kataklizm\u0173 priverstinius dalyvius.<\/p>\n","protected":false},"featured_media":6001,"comment_status":"closed","ping_status":"closed","template":"","meta":{"_acf_changed":false,"site-sidebar-layout":"default","site-content-layout":"","ast-site-content-layout":"default","site-content-style":"default","site-sidebar-style":"default","ast-global-header-display":"","ast-banner-title-visibility":"","ast-main-header-display":"","ast-hfb-above-header-display":"","ast-hfb-below-header-display":"","ast-hfb-mobile-header-display":"","site-post-title":"","ast-breadcrumbs-content":"","ast-featured-img":"","footer-sml-layout":"","ast-disable-related-posts":"","theme-transparent-header-meta":"default","adv-header-id-meta":"","stick-header-meta":"","header-above-stick-meta":"","header-main-stick-meta":"","header-below-stick-meta":"","astra-migrate-meta-layouts":"set","ast-page-background-enabled":"default","ast-page-background-meta":{"desktop":{"background-color":"","background-image":"","background-repeat":"repeat","background-position":"center center","background-size":"auto","background-attachment":"scroll","background-type":"","background-media":"","overlay-type":"","overlay-color":"","overlay-opacity":"","overlay-gradient":""},"tablet":{"background-color":"","background-image":"","background-repeat":"repeat","background-position":"center center","background-size":"auto","background-attachment":"scroll","background-type":"","background-media":"","overlay-type":"","overlay-color":"","overlay-opacity":"","overlay-gradient":""},"mobile":{"background-color":"","background-image":"","background-repeat":"repeat","background-position":"center center","background-size":"auto","background-attachment":"scroll","background-type":"","background-media":"","overlay-type":"","overlay-color":"","overlay-opacity":"","overlay-gradient":""}},"ast-content-background-meta":{"desktop":{"background-color":"var(--ast-global-color-4)","background-image":"","background-repeat":"repeat","background-position":"center center","background-size":"auto","background-attachment":"scroll","background-type":"","background-media":"","overlay-type":"","overlay-color":"","overlay-opacity":"","overlay-gradient":""},"tablet":{"background-color":"var(--ast-global-color-4)","background-image":"","background-repeat":"repeat","background-position":"center center","background-size":"auto","background-attachment":"scroll","background-type":"","background-media":"","overlay-type":"","overlay-color":"","overlay-opacity":"","overlay-gradient":""},"mobile":{"background-color":"var(--ast-global-color-4)","background-image":"","background-repeat":"repeat","background-position":"center center","background-size":"auto","background-attachment":"scroll","background-type":"","background-media":"","overlay-type":"","overlay-color":"","overlay-opacity":"","overlay-gradient":""}}},"product_brand":[],"product_cat":[174],"product_tag":[],"class_list":{"0":"post-9028","1":"product","2":"type-product","3":"status-publish","4":"has-post-thumbnail","6":"product_cat-istorija-ir-politologija","7":"desktop-align-left","8":"tablet-align-left","9":"mobile-align-left","11":"first","12":"instock","13":"shipping-taxable","14":"purchasable","15":"product-type-simple"},"acf":[],"yoast_head":"<!-- This site is optimized with the Yoast SEO plugin v27.4 - https:\/\/yoast.com\/product\/yoast-seo-wordpress\/ -->\n<title>Izidorius \u0160imelionis \u201e\u017dydai mano gyvenime\u201c<\/title>\n<meta name=\"description\" content=\"Izidoriaus \u0160imelionio atsiminimai \u2013 sunkiai \u012fsivaizduojama \u017emogaus gyvenimo odis\u0117ja, ir jos patirties, regis, pakakt\u0173 keliems gyvenimams: tiek kart\u0173 \u017evelgta mir\u010diai \u012f akis, tiek matyta ir patirta agresijos, smurto, represij\u0173, skriaudos ir neteisyb\u0117s, patekus \u012f vokie\u010di\u0173 u\u017eimto Minsko mirtinink\u0173 stovykl\u0105 (1941), per\u0117jus Vorkutos gulago (1945) kry\u017eiaus kelius, Antrojo pasaulinio karo fronto pragar\u0105, i\u0161tv\u0117rus sovietinio saugumo tardymus, patyrus visas kal\u0117jimo baisybes. Knygos pavadinimas \u201e\u017dydai mano gyvenime\u201c yra tarsi raktinis kodas, atveriantis autoriui galimyb\u0119 pa\u017evelgti ne vien \u012f \u017eyd\u0173 ir lietuvi\u0173 istori\u0161kai susiklos\u010diusius santykius, priminti holokaust\u0105, enkav\u0117dist\u0173 siaut\u0117jimus, bet ir \u012f kit\u0173 taut\u0173 \u017emones \u2013 istorini\u0173 kataklizm\u0173 priverstinius dalyvius.\" \/>\n<meta name=\"robots\" content=\"index, follow, max-snippet:-1, max-image-preview:large, max-video-preview:-1\" \/>\n<link rel=\"canonical\" href=\"https:\/\/skaitytaknyga.lt\/en\/produktas\/izidorius-simelionis-zydai-mano-gyvenime-2\/\" \/>\n<meta property=\"og:locale\" content=\"en_GB\" \/>\n<meta property=\"og:locale:alternate\" content=\"lt_LT\" \/>\n<meta property=\"og:type\" content=\"article\" \/>\n<meta property=\"og:title\" content=\"Izidorius \u0160imelionis \u201e\u017dydai mano gyvenime\u201c\" \/>\n<meta property=\"og:description\" content=\"Izidoriaus \u0160imelionio atsiminimai \u2013 sunkiai \u012fsivaizduojama \u017emogaus gyvenimo odis\u0117ja, ir jos patirties, regis, pakakt\u0173 keliems gyvenimams: tiek kart\u0173 \u017evelgta mir\u010diai \u012f akis, tiek matyta ir patirta agresijos, smurto, represij\u0173, skriaudos ir neteisyb\u0117s, patekus \u012f vokie\u010di\u0173 u\u017eimto Minsko mirtinink\u0173 stovykl\u0105 (1941), per\u0117jus Vorkutos gulago (1945) kry\u017eiaus kelius, Antrojo pasaulinio karo fronto pragar\u0105, i\u0161tv\u0117rus sovietinio saugumo tardymus, patyrus visas kal\u0117jimo baisybes. Knygos pavadinimas \u201e\u017dydai mano gyvenime\u201c yra tarsi raktinis kodas, atveriantis autoriui galimyb\u0119 pa\u017evelgti ne vien \u012f \u017eyd\u0173 ir lietuvi\u0173 istori\u0161kai susiklos\u010diusius santykius, priminti holokaust\u0105, enkav\u0117dist\u0173 siaut\u0117jimus, bet ir \u012f kit\u0173 taut\u0173 \u017emones \u2013 istorini\u0173 kataklizm\u0173 priverstinius dalyvius.\" \/>\n<meta property=\"og:url\" content=\"https:\/\/skaitytaknyga.lt\/en\/produktas\/izidorius-simelionis-zydai-mano-gyvenime-2\/\" \/>\n<meta property=\"og:site_name\" content=\"Skaitytaknyga\" \/>\n<meta property=\"article:publisher\" content=\"https:\/\/www.facebook.com\/skaitytaknyga\/\" \/>\n<meta property=\"article:modified_time\" content=\"2025-10-30T10:50:57+00:00\" \/>\n<meta property=\"og:image\" content=\"https:\/\/skaitytaknyga.lt\/wp-content\/uploads\/2024\/05\/1462875684_zyd.jpg\" \/>\n\t<meta property=\"og:image:width\" content=\"274\" \/>\n\t<meta property=\"og:image:height\" content=\"430\" \/>\n\t<meta property=\"og:image:type\" content=\"image\/jpeg\" \/>\n<meta name=\"twitter:card\" content=\"summary_large_image\" \/>\n<meta name=\"twitter:label1\" content=\"Estimated reading time\" \/>\n\t<meta name=\"twitter:data1\" content=\"1 minute\" \/>\n<script type=\"application\/ld+json\" class=\"yoast-schema-graph\">{\"@context\":\"https:\\\/\\\/schema.org\",\"@graph\":[{\"@type\":\"WebPage\",\"@id\":\"https:\\\/\\\/skaitytaknyga.lt\\\/produktas\\\/izidorius-simelionis-zydai-mano-gyvenime-2\\\/\",\"url\":\"https:\\\/\\\/skaitytaknyga.lt\\\/produktas\\\/izidorius-simelionis-zydai-mano-gyvenime-2\\\/\",\"name\":\"Izidorius \u0160imelionis \u201e\u017dydai mano gyvenime\u201c\",\"isPartOf\":{\"@id\":\"https:\\\/\\\/skaitytaknyga.lt\\\/#website\"},\"primaryImageOfPage\":{\"@id\":\"https:\\\/\\\/skaitytaknyga.lt\\\/produktas\\\/izidorius-simelionis-zydai-mano-gyvenime-2\\\/#primaryimage\"},\"image\":{\"@id\":\"https:\\\/\\\/skaitytaknyga.lt\\\/produktas\\\/izidorius-simelionis-zydai-mano-gyvenime-2\\\/#primaryimage\"},\"thumbnailUrl\":\"https:\\\/\\\/skaitytaknyga.lt\\\/wp-content\\\/uploads\\\/2024\\\/05\\\/1462875684_zyd.jpg\",\"datePublished\":\"2024-05-04T14:55:47+00:00\",\"dateModified\":\"2025-10-30T10:50:57+00:00\",\"description\":\"Izidoriaus \u0160imelionio atsiminimai \u2013 sunkiai \u012fsivaizduojama \u017emogaus gyvenimo odis\u0117ja, ir jos patirties, regis, pakakt\u0173 keliems gyvenimams: tiek kart\u0173 \u017evelgta mir\u010diai \u012f akis, tiek matyta ir patirta agresijos, smurto, represij\u0173, skriaudos ir neteisyb\u0117s, patekus \u012f vokie\u010di\u0173 u\u017eimto Minsko mirtinink\u0173 stovykl\u0105 (1941), per\u0117jus Vorkutos gulago (1945) kry\u017eiaus kelius, Antrojo pasaulinio karo fronto pragar\u0105, i\u0161tv\u0117rus sovietinio saugumo tardymus, patyrus visas kal\u0117jimo baisybes. Knygos pavadinimas \u201e\u017dydai mano gyvenime\u201c yra tarsi raktinis kodas, atveriantis autoriui galimyb\u0119 pa\u017evelgti ne vien \u012f \u017eyd\u0173 ir lietuvi\u0173 istori\u0161kai susiklos\u010diusius santykius, priminti holokaust\u0105, enkav\u0117dist\u0173 siaut\u0117jimus, bet ir \u012f kit\u0173 taut\u0173 \u017emones \u2013 istorini\u0173 kataklizm\u0173 priverstinius dalyvius.\",\"breadcrumb\":{\"@id\":\"https:\\\/\\\/skaitytaknyga.lt\\\/produktas\\\/izidorius-simelionis-zydai-mano-gyvenime-2\\\/#breadcrumb\"},\"inLanguage\":\"en-GB\",\"potentialAction\":[{\"@type\":\"ReadAction\",\"target\":[\"https:\\\/\\\/skaitytaknyga.lt\\\/produktas\\\/izidorius-simelionis-zydai-mano-gyvenime-2\\\/\"]}]},{\"@type\":\"ImageObject\",\"inLanguage\":\"en-GB\",\"@id\":\"https:\\\/\\\/skaitytaknyga.lt\\\/produktas\\\/izidorius-simelionis-zydai-mano-gyvenime-2\\\/#primaryimage\",\"url\":\"https:\\\/\\\/skaitytaknyga.lt\\\/wp-content\\\/uploads\\\/2024\\\/05\\\/1462875684_zyd.jpg\",\"contentUrl\":\"https:\\\/\\\/skaitytaknyga.lt\\\/wp-content\\\/uploads\\\/2024\\\/05\\\/1462875684_zyd.jpg\",\"width\":274,\"height\":430,\"caption\":\"Izidorius \u0160imelionis \u201e\u017dydai mano gyvenime\u201c\"},{\"@type\":\"BreadcrumbList\",\"@id\":\"https:\\\/\\\/skaitytaknyga.lt\\\/produktas\\\/izidorius-simelionis-zydai-mano-gyvenime-2\\\/#breadcrumb\",\"itemListElement\":[{\"@type\":\"ListItem\",\"position\":1,\"name\":\"Home\",\"item\":\"https:\\\/\\\/skaitytaknyga.lt\\\/\"},{\"@type\":\"ListItem\",\"position\":2,\"name\":\"Parduotuv\u0117\",\"item\":\"https:\\\/\\\/skaitytaknyga.lt\\\/knygu-parduotuve\\\/\"},{\"@type\":\"ListItem\",\"position\":3,\"name\":\"Izidorius \u0160imelionis \u201e\u017dydai mano gyvenime\u201c\"}]},{\"@type\":\"WebSite\",\"@id\":\"https:\\\/\\\/skaitytaknyga.lt\\\/#website\",\"url\":\"https:\\\/\\\/skaitytaknyga.lt\\\/\",\"name\":\"skaitytaknyga.lt\",\"description\":\"Skaitytaknyga.lt \u2013 tai ma\u017eas \u0161eimos verslas, kuris prasid\u0117jo nuo meil\u0117s knygoms ir siekio i\u0161gelb\u0117ti knygas nuo likimo prie konteinerio. Kas vienam nereikalingas daiktas \u2013 kitam lobis, o mes esame tarpininkai, kurie padeda abiems tapti laimingesniems ???? \u017dinome kaip nelengva i\u0161gyventi ma\u017eiems verslams, tad nuo \u0161iol, \u010dia rasite ir kit\u0173, ma\u017e\u0173 \u0161eim\u0173 versl\u0173, rank\u0173 darbo, dovan\u0173 sau ir artimiesiems.\",\"publisher\":{\"@id\":\"https:\\\/\\\/skaitytaknyga.lt\\\/#organization\"},\"potentialAction\":[{\"@type\":\"SearchAction\",\"target\":{\"@type\":\"EntryPoint\",\"urlTemplate\":\"https:\\\/\\\/skaitytaknyga.lt\\\/?s={search_term_string}\"},\"query-input\":{\"@type\":\"PropertyValueSpecification\",\"valueRequired\":true,\"valueName\":\"search_term_string\"}}],\"inLanguage\":\"en-GB\"},{\"@type\":\"Organization\",\"@id\":\"https:\\\/\\\/skaitytaknyga.lt\\\/#organization\",\"name\":\"skaitytaknyga.lt\",\"url\":\"https:\\\/\\\/skaitytaknyga.lt\\\/\",\"logo\":{\"@type\":\"ImageObject\",\"inLanguage\":\"en-GB\",\"@id\":\"https:\\\/\\\/skaitytaknyga.lt\\\/#\\\/schema\\\/logo\\\/image\\\/\",\"url\":\"https:\\\/\\\/skaitytaknyga.lt\\\/wp-content\\\/uploads\\\/2024\\\/05\\\/cropped-cropped-cropped-02_00843_jt3bggkj1j3HLc7SyY6rEUpg.jpeg\",\"contentUrl\":\"https:\\\/\\\/skaitytaknyga.lt\\\/wp-content\\\/uploads\\\/2024\\\/05\\\/cropped-cropped-cropped-02_00843_jt3bggkj1j3HLc7SyY6rEUpg.jpeg\",\"width\":1600,\"height\":1600,\"caption\":\"skaitytaknyga.lt\"},\"image\":{\"@id\":\"https:\\\/\\\/skaitytaknyga.lt\\\/#\\\/schema\\\/logo\\\/image\\\/\"},\"sameAs\":[\"https:\\\/\\\/www.facebook.com\\\/skaitytaknyga\\\/\"]}]}<\/script>\n<!-- \/ Yoast SEO plugin. -->","yoast_head_json":{"title":"Izidorius \u0160imelionis \u201e\u017dydai mano gyvenime\u201c","description":"Izidoriaus \u0160imelionio atsiminimai \u2013 sunkiai \u012fsivaizduojama \u017emogaus gyvenimo odis\u0117ja, ir jos patirties, regis, pakakt\u0173 keliems gyvenimams: tiek kart\u0173 \u017evelgta mir\u010diai \u012f akis, tiek matyta ir patirta agresijos, smurto, represij\u0173, skriaudos ir neteisyb\u0117s, patekus \u012f vokie\u010di\u0173 u\u017eimto Minsko mirtinink\u0173 stovykl\u0105 (1941), per\u0117jus Vorkutos gulago (1945) kry\u017eiaus kelius, Antrojo pasaulinio karo fronto pragar\u0105, i\u0161tv\u0117rus sovietinio saugumo tardymus, patyrus visas kal\u0117jimo baisybes. Knygos pavadinimas \u201e\u017dydai mano gyvenime\u201c yra tarsi raktinis kodas, atveriantis autoriui galimyb\u0119 pa\u017evelgti ne vien \u012f \u017eyd\u0173 ir lietuvi\u0173 istori\u0161kai susiklos\u010diusius santykius, priminti holokaust\u0105, enkav\u0117dist\u0173 siaut\u0117jimus, bet ir \u012f kit\u0173 taut\u0173 \u017emones \u2013 istorini\u0173 kataklizm\u0173 priverstinius dalyvius.","robots":{"index":"index","follow":"follow","max-snippet":"max-snippet:-1","max-image-preview":"max-image-preview:large","max-video-preview":"max-video-preview:-1"},"canonical":"https:\/\/skaitytaknyga.lt\/en\/produktas\/izidorius-simelionis-zydai-mano-gyvenime-2\/","og_locale":"en_GB","og_type":"article","og_title":"[:lt]Izidorius \u0160imelionis \u201e\u017dydai mano gyvenime\u201c[:] - Skaitytaknyga","og_description":"Izidoriaus \u0160imelionio atsiminimai \u2013 sunkiai \u012fsivaizduojama \u017emogaus gyvenimo odis\u0117ja, ir jos patirties, regis, pakakt\u0173 keliems gyvenimams: tiek kart\u0173 \u017evelgta mir\u010diai \u012f akis, tiek matyta ir patirta agresijos, smurto, represij\u0173, skriaudos ir neteisyb\u0117s, patekus \u012f vokie\u010di\u0173 u\u017eimto Minsko mirtinink\u0173 stovykl\u0105 (1941), per\u0117jus Vorkutos gulago (1945) kry\u017eiaus kelius, Antrojo pasaulinio karo fronto pragar\u0105, i\u0161tv\u0117rus sovietinio saugumo tardymus, patyrus visas kal\u0117jimo baisybes. Knygos pavadinimas \u201e\u017dydai mano gyvenime\u201c yra tarsi raktinis kodas, atveriantis autoriui galimyb\u0119 pa\u017evelgti ne vien \u012f \u017eyd\u0173 ir lietuvi\u0173 istori\u0161kai susiklos\u010diusius santykius, priminti holokaust\u0105, enkav\u0117dist\u0173 siaut\u0117jimus, bet ir \u012f kit\u0173 taut\u0173 \u017emones \u2013 istorini\u0173 kataklizm\u0173 priverstinius dalyvius.","og_url":"https:\/\/skaitytaknyga.lt\/en\/produktas\/izidorius-simelionis-zydai-mano-gyvenime-2\/","og_site_name":"Skaitytaknyga","article_publisher":"https:\/\/www.facebook.com\/skaitytaknyga\/","article_modified_time":"2025-10-30T10:50:57+00:00","og_image":[{"width":274,"height":430,"url":"https:\/\/skaitytaknyga.lt\/wp-content\/uploads\/2024\/05\/1462875684_zyd.jpg","type":"image\/jpeg"}],"twitter_card":"summary_large_image","twitter_misc":{"Estimated reading time":"1 minute"},"schema":{"@context":"https:\/\/schema.org","@graph":[{"@type":"WebPage","@id":"https:\/\/skaitytaknyga.lt\/produktas\/izidorius-simelionis-zydai-mano-gyvenime-2\/","url":"https:\/\/skaitytaknyga.lt\/produktas\/izidorius-simelionis-zydai-mano-gyvenime-2\/","name":"Izidorius \u0160imelionis \u201e\u017dydai mano gyvenime\u201c","isPartOf":{"@id":"https:\/\/skaitytaknyga.lt\/#website"},"primaryImageOfPage":{"@id":"https:\/\/skaitytaknyga.lt\/produktas\/izidorius-simelionis-zydai-mano-gyvenime-2\/#primaryimage"},"image":{"@id":"https:\/\/skaitytaknyga.lt\/produktas\/izidorius-simelionis-zydai-mano-gyvenime-2\/#primaryimage"},"thumbnailUrl":"https:\/\/skaitytaknyga.lt\/wp-content\/uploads\/2024\/05\/1462875684_zyd.jpg","datePublished":"2024-05-04T14:55:47+00:00","dateModified":"2025-10-30T10:50:57+00:00","description":"Izidoriaus \u0160imelionio atsiminimai \u2013 sunkiai \u012fsivaizduojama \u017emogaus gyvenimo odis\u0117ja, ir jos patirties, regis, pakakt\u0173 keliems gyvenimams: tiek kart\u0173 \u017evelgta mir\u010diai \u012f akis, tiek matyta ir patirta agresijos, smurto, represij\u0173, skriaudos ir neteisyb\u0117s, patekus \u012f vokie\u010di\u0173 u\u017eimto Minsko mirtinink\u0173 stovykl\u0105 (1941), per\u0117jus Vorkutos gulago (1945) kry\u017eiaus kelius, Antrojo pasaulinio karo fronto pragar\u0105, i\u0161tv\u0117rus sovietinio saugumo tardymus, patyrus visas kal\u0117jimo baisybes. Knygos pavadinimas \u201e\u017dydai mano gyvenime\u201c yra tarsi raktinis kodas, atveriantis autoriui galimyb\u0119 pa\u017evelgti ne vien \u012f \u017eyd\u0173 ir lietuvi\u0173 istori\u0161kai susiklos\u010diusius santykius, priminti holokaust\u0105, enkav\u0117dist\u0173 siaut\u0117jimus, bet ir \u012f kit\u0173 taut\u0173 \u017emones \u2013 istorini\u0173 kataklizm\u0173 priverstinius dalyvius.","breadcrumb":{"@id":"https:\/\/skaitytaknyga.lt\/produktas\/izidorius-simelionis-zydai-mano-gyvenime-2\/#breadcrumb"},"inLanguage":"en-GB","potentialAction":[{"@type":"ReadAction","target":["https:\/\/skaitytaknyga.lt\/produktas\/izidorius-simelionis-zydai-mano-gyvenime-2\/"]}]},{"@type":"ImageObject","inLanguage":"en-GB","@id":"https:\/\/skaitytaknyga.lt\/produktas\/izidorius-simelionis-zydai-mano-gyvenime-2\/#primaryimage","url":"https:\/\/skaitytaknyga.lt\/wp-content\/uploads\/2024\/05\/1462875684_zyd.jpg","contentUrl":"https:\/\/skaitytaknyga.lt\/wp-content\/uploads\/2024\/05\/1462875684_zyd.jpg","width":274,"height":430,"caption":"Izidorius \u0160imelionis \u201e\u017dydai mano gyvenime\u201c"},{"@type":"BreadcrumbList","@id":"https:\/\/skaitytaknyga.lt\/produktas\/izidorius-simelionis-zydai-mano-gyvenime-2\/#breadcrumb","itemListElement":[{"@type":"ListItem","position":1,"name":"Home","item":"https:\/\/skaitytaknyga.lt\/"},{"@type":"ListItem","position":2,"name":"Parduotuv\u0117","item":"https:\/\/skaitytaknyga.lt\/knygu-parduotuve\/"},{"@type":"ListItem","position":3,"name":"Izidorius \u0160imelionis \u201e\u017dydai mano gyvenime\u201c"}]},{"@type":"WebSite","@id":"https:\/\/skaitytaknyga.lt\/#website","url":"https:\/\/skaitytaknyga.lt\/","name":"skaitytaknyga.lt","description":"Skaitytaknyga.lt \u2013 tai ma\u017eas \u0161eimos verslas, kuris prasid\u0117jo nuo meil\u0117s knygoms ir siekio i\u0161gelb\u0117ti knygas nuo likimo prie konteinerio. Kas vienam nereikalingas daiktas \u2013 kitam lobis, o mes esame tarpininkai, kurie padeda abiems tapti laimingesniems ???? \u017dinome kaip nelengva i\u0161gyventi ma\u017eiems verslams, tad nuo \u0161iol, \u010dia rasite ir kit\u0173, ma\u017e\u0173 \u0161eim\u0173 versl\u0173, rank\u0173 darbo, dovan\u0173 sau ir artimiesiems.","publisher":{"@id":"https:\/\/skaitytaknyga.lt\/#organization"},"potentialAction":[{"@type":"SearchAction","target":{"@type":"EntryPoint","urlTemplate":"https:\/\/skaitytaknyga.lt\/?s={search_term_string}"},"query-input":{"@type":"PropertyValueSpecification","valueRequired":true,"valueName":"search_term_string"}}],"inLanguage":"en-GB"},{"@type":"Organization","@id":"https:\/\/skaitytaknyga.lt\/#organization","name":"skaitytaknyga.lt","url":"https:\/\/skaitytaknyga.lt\/","logo":{"@type":"ImageObject","inLanguage":"en-GB","@id":"https:\/\/skaitytaknyga.lt\/#\/schema\/logo\/image\/","url":"https:\/\/skaitytaknyga.lt\/wp-content\/uploads\/2024\/05\/cropped-cropped-cropped-02_00843_jt3bggkj1j3HLc7SyY6rEUpg.jpeg","contentUrl":"https:\/\/skaitytaknyga.lt\/wp-content\/uploads\/2024\/05\/cropped-cropped-cropped-02_00843_jt3bggkj1j3HLc7SyY6rEUpg.jpeg","width":1600,"height":1600,"caption":"skaitytaknyga.lt"},"image":{"@id":"https:\/\/skaitytaknyga.lt\/#\/schema\/logo\/image\/"},"sameAs":["https:\/\/www.facebook.com\/skaitytaknyga\/"]}]}},"_links":{"self":[{"href":"https:\/\/skaitytaknyga.lt\/en\/wp-json\/wp\/v2\/product\/9028","targetHints":{"allow":["GET"]}}],"collection":[{"href":"https:\/\/skaitytaknyga.lt\/en\/wp-json\/wp\/v2\/product"}],"about":[{"href":"https:\/\/skaitytaknyga.lt\/en\/wp-json\/wp\/v2\/types\/product"}],"replies":[{"embeddable":true,"href":"https:\/\/skaitytaknyga.lt\/en\/wp-json\/wp\/v2\/comments?post=9028"}],"wp:featuredmedia":[{"embeddable":true,"href":"https:\/\/skaitytaknyga.lt\/en\/wp-json\/wp\/v2\/media\/6001"}],"wp:attachment":[{"href":"https:\/\/skaitytaknyga.lt\/en\/wp-json\/wp\/v2\/media?parent=9028"}],"wp:term":[{"taxonomy":"product_brand","embeddable":true,"href":"https:\/\/skaitytaknyga.lt\/en\/wp-json\/wp\/v2\/product_brand?post=9028"},{"taxonomy":"product_cat","embeddable":true,"href":"https:\/\/skaitytaknyga.lt\/en\/wp-json\/wp\/v2\/product_cat?post=9028"},{"taxonomy":"product_tag","embeddable":true,"href":"https:\/\/skaitytaknyga.lt\/en\/wp-json\/wp\/v2\/product_tag?post=9028"}],"curies":[{"name":"wp","href":"https:\/\/api.w.org\/{rel}","templated":true}]}}