{"id":9024,"date":"2024-05-04T14:55:26","date_gmt":"2024-05-04T14:55:26","guid":{"rendered":"https:\/\/skaitytaknyga.lt\/?post_type=product&#038;p=9024"},"modified":"2025-05-28T09:31:33","modified_gmt":"2025-05-28T06:31:33","slug":"tobuloji","status":"publish","type":"product","link":"https:\/\/skaitytaknyga.lt\/en\/produktas\/tobuloji\/","title":{"rendered":"Tobuloji"},"content":{"rendered":"<p>Raideris Montgomeris &#8211; r\u016bs\u010dios i\u0161vaizdos, \u0161iurk\u0161tus ir u\u017esisklend\u0119s jaunas \u017emogus, ta\u010diau kai jis u\u017esisega \u012franki\u0173 dir\u017e\u0105, jokia moteris negali atsispirti jo seksualiai pasip\u016bt\u0117li\u0161kai laikysenai. Nebent tik Bunsboro sve\u010di\u0173 nam\u0173 \u0161eiminink\u0117 Hop\u0117 Bomont vis dar d\u0117l jo nepameta galvos.<\/p>\n<p>Buvusi didmies\u010dio vie\u0161bu\u010dio vadov\u0117 greitai pripranta prie ma\u017eo miestelio gyvenimo ritmo ir labai s\u0117kmingai imasi darbo. Kai jos vadovaujami Bunsboro sve\u010di\u0173 namai spar\u010diai i\u0161populiar\u0117ja, \u012f duris netik\u0117tai pasibeld\u017eia skausminga Hop\u0117s praeitis.<\/p>\n<p>Dabar jau Hopei labai praver\u010dia r\u016bstaus ir \u0161altakraujo Raiderio pagalba.<\/p>\n","protected":false},"excerpt":{"rendered":"<p>Pasaulis tarsi \u0161uo tarnauja, kad tik pa\u017eaistume su juo. Tai ir \u017eaid\u017eiam. Ir \u017eaidimas \u0161\u012f kart\u0105 visiems \u017einomas \u2013 turtingas verslininkas pasikvie\u010dia pas save jaun\u0105 varg\u0161\u0105 giminait\u012f, suranda jam darb\u0105.<\/p>\n<p>Verslininko \u017emonai labdara nepatinka, ta\u010diau nuobodulys irgi, tod\u0117l neju\u010dia akys vis da\u017eniau ima krypti \u012f globos reikalaujant\u012f jaunuol\u012f\u2026 Romano siu\u017eetas kartoja \u201eam\u017eino meil\u0117s trikampio\u201c situacij\u0105, jame i\u0161kyla daugiasluoksniai \u017emoni\u0173 tarpusavio santykiai, taip pat savitas autoriaus po\u017ei\u016bris \u012f literat\u016bros men\u0105, kuriame \u017emoni\u0173 charakteriais galima \u017eaisti tarsi kortomis.<\/p>\n","protected":false},"featured_media":18553,"comment_status":"closed","ping_status":"closed","template":"","meta":{"_acf_changed":false,"site-sidebar-layout":"default","site-content-layout":"","ast-site-content-layout":"default","site-content-style":"default","site-sidebar-style":"default","ast-global-header-display":"","ast-banner-title-visibility":"","ast-main-header-display":"","ast-hfb-above-header-display":"","ast-hfb-below-header-display":"","ast-hfb-mobile-header-display":"","site-post-title":"","ast-breadcrumbs-content":"","ast-featured-img":"","footer-sml-layout":"","ast-disable-related-posts":"","theme-transparent-header-meta":"","adv-header-id-meta":"","stick-header-meta":"","header-above-stick-meta":"","header-main-stick-meta":"","header-below-stick-meta":"","astra-migrate-meta-layouts":"default","ast-page-background-enabled":"default","ast-page-background-meta":{"desktop":{"background-color":"","background-image":"","background-repeat":"repeat","background-position":"center center","background-size":"auto","background-attachment":"scroll","background-type":"","background-media":"","overlay-type":"","overlay-color":"","overlay-opacity":"","overlay-gradient":""},"tablet":{"background-color":"","background-image":"","background-repeat":"repeat","background-position":"center center","background-size":"auto","background-attachment":"scroll","background-type":"","background-media":"","overlay-type":"","overlay-color":"","overlay-opacity":"","overlay-gradient":""},"mobile":{"background-color":"","background-image":"","background-repeat":"repeat","background-position":"center center","background-size":"auto","background-attachment":"scroll","background-type":"","background-media":"","overlay-type":"","overlay-color":"","overlay-opacity":"","overlay-gradient":""}},"ast-content-background-meta":{"desktop":{"background-color":"var(--ast-global-color-4)","background-image":"","background-repeat":"repeat","background-position":"center center","background-size":"auto","background-attachment":"scroll","background-type":"","background-media":"","overlay-type":"","overlay-color":"","overlay-opacity":"","overlay-gradient":""},"tablet":{"background-color":"var(--ast-global-color-4)","background-image":"","background-repeat":"repeat","background-position":"center center","background-size":"auto","background-attachment":"scroll","background-type":"","background-media":"","overlay-type":"","overlay-color":"","overlay-opacity":"","overlay-gradient":""},"mobile":{"background-color":"var(--ast-global-color-4)","background-image":"","background-repeat":"repeat","background-position":"center center","background-size":"auto","background-attachment":"scroll","background-type":"","background-media":"","overlay-type":"","overlay-color":"","overlay-opacity":"","overlay-gradient":""}}},"product_brand":[],"product_cat":[31],"product_tag":[4529,3060,2705,1417,4530],"class_list":{"0":"post-9024","1":"product","2":"type-product","3":"status-publish","4":"has-post-thumbnail","6":"product_cat-grozine-literatura","7":"product_tag-mazas-miestelis","8":"product_tag-nora-roberts","9":"product_tag-romantinis-romanas","10":"product_tag-santykiai","11":"product_tag-sveciu-namai","12":"desktop-align-left","13":"tablet-align-left","14":"mobile-align-left","16":"first","17":"instock","18":"shipping-taxable","19":"purchasable","20":"product-type-simple"},"acf":[],"yoast_head":"<!-- This site is optimized with the Yoast SEO plugin v27.0 - https:\/\/yoast.com\/product\/yoast-seo-wordpress\/ -->\n<title>Tobuloji<\/title>\n<meta name=\"description\" content=\"Pasaulis tarsi \u0161uo tarnauja, kad tik pa\u017eaistume su juo. Tai ir \u017eaid\u017eiam. Ir \u017eaidimas \u0161\u012f kart\u0105 visiems \u017einomas \u2013 turtingas verslininkas pasikvie\u010dia pas save jaun\u0105 varg\u0161\u0105 giminait\u012f, suranda jam darb\u0105.  Verslininko \u017emonai labdara nepatinka, ta\u010diau nuobodulys irgi, tod\u0117l neju\u010dia akys vis da\u017eniau ima krypti \u012f globos reikalaujant\u012f jaunuol\u012f\u2026 Romano siu\u017eetas kartoja \u201eam\u017eino meil\u0117s trikampio\u201c situacij\u0105, jame i\u0161kyla daugiasluoksniai \u017emoni\u0173 tarpusavio santykiai, taip pat savitas autoriaus po\u017ei\u016bris \u012f literat\u016bros men\u0105, kuriame \u017emoni\u0173 charakteriais galima \u017eaisti tarsi kortomis.\" \/>\n<meta name=\"robots\" content=\"index, follow, max-snippet:-1, max-image-preview:large, max-video-preview:-1\" \/>\n<link rel=\"canonical\" href=\"https:\/\/skaitytaknyga.lt\/en\/produktas\/tobuloji\/\" \/>\n<meta property=\"og:locale\" content=\"en_GB\" \/>\n<meta property=\"og:locale:alternate\" content=\"lt_LT\" \/>\n<meta property=\"og:type\" content=\"article\" \/>\n<meta property=\"og:title\" content=\"Tobuloji\" \/>\n<meta property=\"og:description\" content=\"Pasaulis tarsi \u0161uo tarnauja, kad tik pa\u017eaistume su juo. Tai ir \u017eaid\u017eiam. Ir \u017eaidimas \u0161\u012f kart\u0105 visiems \u017einomas \u2013 turtingas verslininkas pasikvie\u010dia pas save jaun\u0105 varg\u0161\u0105 giminait\u012f, suranda jam darb\u0105.  Verslininko \u017emonai labdara nepatinka, ta\u010diau nuobodulys irgi, tod\u0117l neju\u010dia akys vis da\u017eniau ima krypti \u012f globos reikalaujant\u012f jaunuol\u012f\u2026 Romano siu\u017eetas kartoja \u201eam\u017eino meil\u0117s trikampio\u201c situacij\u0105, jame i\u0161kyla daugiasluoksniai \u017emoni\u0173 tarpusavio santykiai, taip pat savitas autoriaus po\u017ei\u016bris \u012f literat\u016bros men\u0105, kuriame \u017emoni\u0173 charakteriais galima \u017eaisti tarsi kortomis.\" \/>\n<meta property=\"og:url\" content=\"https:\/\/skaitytaknyga.lt\/en\/produktas\/tobuloji\/\" \/>\n<meta property=\"og:site_name\" content=\"Skaitytaknyga\" \/>\n<meta property=\"article:publisher\" content=\"https:\/\/www.facebook.com\/skaitytaknyga\/\" \/>\n<meta property=\"article:modified_time\" content=\"2025-05-28T06:31:33+00:00\" \/>\n<meta property=\"og:image\" content=\"https:\/\/skaitytaknyga.lt\/wp-content\/uploads\/2025\/05\/tobuloji.webp\" \/>\n\t<meta property=\"og:image:width\" content=\"528\" \/>\n\t<meta property=\"og:image:height\" content=\"801\" \/>\n\t<meta property=\"og:image:type\" content=\"image\/webp\" \/>\n<meta name=\"twitter:card\" content=\"summary_large_image\" \/>\n<meta name=\"twitter:label1\" content=\"Estimated reading time\" \/>\n\t<meta name=\"twitter:data1\" content=\"1 minute\" \/>\n<script type=\"application\/ld+json\" class=\"yoast-schema-graph\">{\"@context\":\"https:\/\/schema.org\",\"@graph\":[{\"@type\":\"WebPage\",\"@id\":\"https:\/\/skaitytaknyga.lt\/produktas\/tobuloji\/\",\"url\":\"https:\/\/skaitytaknyga.lt\/produktas\/tobuloji\/\",\"name\":\"Tobuloji\",\"isPartOf\":{\"@id\":\"https:\/\/skaitytaknyga.lt\/#website\"},\"primaryImageOfPage\":{\"@id\":\"https:\/\/skaitytaknyga.lt\/produktas\/tobuloji\/#primaryimage\"},\"image\":{\"@id\":\"https:\/\/skaitytaknyga.lt\/produktas\/tobuloji\/#primaryimage\"},\"thumbnailUrl\":\"https:\/\/skaitytaknyga.lt\/wp-content\/uploads\/2025\/05\/tobuloji.webp\",\"datePublished\":\"2024-05-04T14:55:26+00:00\",\"dateModified\":\"2025-05-28T06:31:33+00:00\",\"description\":\"Pasaulis tarsi \u0161uo tarnauja, kad tik pa\u017eaistume su juo. Tai ir \u017eaid\u017eiam. Ir \u017eaidimas \u0161\u012f kart\u0105 visiems \u017einomas \u2013 turtingas verslininkas pasikvie\u010dia pas save jaun\u0105 varg\u0161\u0105 giminait\u012f, suranda jam darb\u0105. Verslininko \u017emonai labdara nepatinka, ta\u010diau nuobodulys irgi, tod\u0117l neju\u010dia akys vis da\u017eniau ima krypti \u012f globos reikalaujant\u012f jaunuol\u012f\u2026 Romano siu\u017eetas kartoja \u201eam\u017eino meil\u0117s trikampio\u201c situacij\u0105, jame i\u0161kyla daugiasluoksniai \u017emoni\u0173 tarpusavio santykiai, taip pat savitas autoriaus po\u017ei\u016bris \u012f literat\u016bros men\u0105, kuriame \u017emoni\u0173 charakteriais galima \u017eaisti tarsi kortomis.\",\"breadcrumb\":{\"@id\":\"https:\/\/skaitytaknyga.lt\/produktas\/tobuloji\/#breadcrumb\"},\"inLanguage\":\"en-GB\",\"potentialAction\":[{\"@type\":\"ReadAction\",\"target\":[\"https:\/\/skaitytaknyga.lt\/produktas\/tobuloji\/\"]}]},{\"@type\":\"ImageObject\",\"inLanguage\":\"en-GB\",\"@id\":\"https:\/\/skaitytaknyga.lt\/produktas\/tobuloji\/#primaryimage\",\"url\":\"https:\/\/skaitytaknyga.lt\/wp-content\/uploads\/2025\/05\/tobuloji.webp\",\"contentUrl\":\"https:\/\/skaitytaknyga.lt\/wp-content\/uploads\/2025\/05\/tobuloji.webp\",\"width\":528,\"height\":801,\"caption\":\"Tobuloji\"},{\"@type\":\"BreadcrumbList\",\"@id\":\"https:\/\/skaitytaknyga.lt\/produktas\/tobuloji\/#breadcrumb\",\"itemListElement\":[{\"@type\":\"ListItem\",\"position\":1,\"name\":\"Home\",\"item\":\"https:\/\/skaitytaknyga.lt\/\"},{\"@type\":\"ListItem\",\"position\":2,\"name\":\"Parduotuv\u0117\",\"item\":\"https:\/\/skaitytaknyga.lt\/knygu-parduotuve\/\"},{\"@type\":\"ListItem\",\"position\":3,\"name\":\"Tobuloji\"}]},{\"@type\":\"WebSite\",\"@id\":\"https:\/\/skaitytaknyga.lt\/#website\",\"url\":\"https:\/\/skaitytaknyga.lt\/\",\"name\":\"skaitytaknyga.lt\",\"description\":\"Skaitytaknyga.lt \u2013 tai ma\u017eas \u0161eimos verslas, kuris prasid\u0117jo nuo meil\u0117s knygoms ir siekio i\u0161gelb\u0117ti knygas nuo likimo prie konteinerio. Kas vienam nereikalingas daiktas \u2013 kitam lobis, o mes esame tarpininkai, kurie padeda abiems tapti laimingesniems ???? \u017dinome kaip nelengva i\u0161gyventi ma\u017eiems verslams, tad nuo \u0161iol, \u010dia rasite ir kit\u0173, ma\u017e\u0173 \u0161eim\u0173 versl\u0173, rank\u0173 darbo, dovan\u0173 sau ir artimiesiems.\",\"publisher\":{\"@id\":\"https:\/\/skaitytaknyga.lt\/#organization\"},\"potentialAction\":[{\"@type\":\"SearchAction\",\"target\":{\"@type\":\"EntryPoint\",\"urlTemplate\":\"https:\/\/skaitytaknyga.lt\/?s={search_term_string}\"},\"query-input\":{\"@type\":\"PropertyValueSpecification\",\"valueRequired\":true,\"valueName\":\"search_term_string\"}}],\"inLanguage\":\"en-GB\"},{\"@type\":\"Organization\",\"@id\":\"https:\/\/skaitytaknyga.lt\/#organization\",\"name\":\"skaitytaknyga.lt\",\"url\":\"https:\/\/skaitytaknyga.lt\/\",\"logo\":{\"@type\":\"ImageObject\",\"inLanguage\":\"en-GB\",\"@id\":\"https:\/\/skaitytaknyga.lt\/#\/schema\/logo\/image\/\",\"url\":\"https:\/\/skaitytaknyga.lt\/wp-content\/uploads\/2024\/05\/cropped-cropped-cropped-02_00843_jt3bggkj1j3HLc7SyY6rEUpg.jpeg\",\"contentUrl\":\"https:\/\/skaitytaknyga.lt\/wp-content\/uploads\/2024\/05\/cropped-cropped-cropped-02_00843_jt3bggkj1j3HLc7SyY6rEUpg.jpeg\",\"width\":1600,\"height\":1600,\"caption\":\"skaitytaknyga.lt\"},\"image\":{\"@id\":\"https:\/\/skaitytaknyga.lt\/#\/schema\/logo\/image\/\"},\"sameAs\":[\"https:\/\/www.facebook.com\/skaitytaknyga\/\"]}]}<\/script>\n<!-- \/ Yoast SEO plugin. -->","yoast_head_json":{"title":"Tobuloji","description":"Pasaulis tarsi \u0161uo tarnauja, kad tik pa\u017eaistume su juo. Tai ir \u017eaid\u017eiam. Ir \u017eaidimas \u0161\u012f kart\u0105 visiems \u017einomas \u2013 turtingas verslininkas pasikvie\u010dia pas save jaun\u0105 varg\u0161\u0105 giminait\u012f, suranda jam darb\u0105.  Verslininko \u017emonai labdara nepatinka, ta\u010diau nuobodulys irgi, tod\u0117l neju\u010dia akys vis da\u017eniau ima krypti \u012f globos reikalaujant\u012f jaunuol\u012f\u2026 Romano siu\u017eetas kartoja \u201eam\u017eino meil\u0117s trikampio\u201c situacij\u0105, jame i\u0161kyla daugiasluoksniai \u017emoni\u0173 tarpusavio santykiai, taip pat savitas autoriaus po\u017ei\u016bris \u012f literat\u016bros men\u0105, kuriame \u017emoni\u0173 charakteriais galima \u017eaisti tarsi kortomis.","robots":{"index":"index","follow":"follow","max-snippet":"max-snippet:-1","max-image-preview":"max-image-preview:large","max-video-preview":"max-video-preview:-1"},"canonical":"https:\/\/skaitytaknyga.lt\/en\/produktas\/tobuloji\/","og_locale":"en_GB","og_type":"article","og_title":"[:lt]Tobuloji[:] - Skaitytaknyga","og_description":"Pasaulis tarsi \u0161uo tarnauja, kad tik pa\u017eaistume su juo. Tai ir \u017eaid\u017eiam. Ir \u017eaidimas \u0161\u012f kart\u0105 visiems \u017einomas \u2013 turtingas verslininkas pasikvie\u010dia pas save jaun\u0105 varg\u0161\u0105 giminait\u012f, suranda jam darb\u0105.  Verslininko \u017emonai labdara nepatinka, ta\u010diau nuobodulys irgi, tod\u0117l neju\u010dia akys vis da\u017eniau ima krypti \u012f globos reikalaujant\u012f jaunuol\u012f\u2026 Romano siu\u017eetas kartoja \u201eam\u017eino meil\u0117s trikampio\u201c situacij\u0105, jame i\u0161kyla daugiasluoksniai \u017emoni\u0173 tarpusavio santykiai, taip pat savitas autoriaus po\u017ei\u016bris \u012f literat\u016bros men\u0105, kuriame \u017emoni\u0173 charakteriais galima \u017eaisti tarsi kortomis.","og_url":"https:\/\/skaitytaknyga.lt\/en\/produktas\/tobuloji\/","og_site_name":"Skaitytaknyga","article_publisher":"https:\/\/www.facebook.com\/skaitytaknyga\/","article_modified_time":"2025-05-28T06:31:33+00:00","og_image":[{"width":528,"height":801,"url":"https:\/\/skaitytaknyga.lt\/wp-content\/uploads\/2025\/05\/tobuloji.webp","type":"image\/webp"}],"twitter_card":"summary_large_image","twitter_misc":{"Estimated reading time":"1 minute"},"schema":{"@context":"https:\/\/schema.org","@graph":[{"@type":"WebPage","@id":"https:\/\/skaitytaknyga.lt\/produktas\/tobuloji\/","url":"https:\/\/skaitytaknyga.lt\/produktas\/tobuloji\/","name":"Tobuloji","isPartOf":{"@id":"https:\/\/skaitytaknyga.lt\/#website"},"primaryImageOfPage":{"@id":"https:\/\/skaitytaknyga.lt\/produktas\/tobuloji\/#primaryimage"},"image":{"@id":"https:\/\/skaitytaknyga.lt\/produktas\/tobuloji\/#primaryimage"},"thumbnailUrl":"https:\/\/skaitytaknyga.lt\/wp-content\/uploads\/2025\/05\/tobuloji.webp","datePublished":"2024-05-04T14:55:26+00:00","dateModified":"2025-05-28T06:31:33+00:00","description":"Pasaulis tarsi \u0161uo tarnauja, kad tik pa\u017eaistume su juo. Tai ir \u017eaid\u017eiam. Ir \u017eaidimas \u0161\u012f kart\u0105 visiems \u017einomas \u2013 turtingas verslininkas pasikvie\u010dia pas save jaun\u0105 varg\u0161\u0105 giminait\u012f, suranda jam darb\u0105. Verslininko \u017emonai labdara nepatinka, ta\u010diau nuobodulys irgi, tod\u0117l neju\u010dia akys vis da\u017eniau ima krypti \u012f globos reikalaujant\u012f jaunuol\u012f\u2026 Romano siu\u017eetas kartoja \u201eam\u017eino meil\u0117s trikampio\u201c situacij\u0105, jame i\u0161kyla daugiasluoksniai \u017emoni\u0173 tarpusavio santykiai, taip pat savitas autoriaus po\u017ei\u016bris \u012f literat\u016bros men\u0105, kuriame \u017emoni\u0173 charakteriais galima \u017eaisti tarsi kortomis.","breadcrumb":{"@id":"https:\/\/skaitytaknyga.lt\/produktas\/tobuloji\/#breadcrumb"},"inLanguage":"en-GB","potentialAction":[{"@type":"ReadAction","target":["https:\/\/skaitytaknyga.lt\/produktas\/tobuloji\/"]}]},{"@type":"ImageObject","inLanguage":"en-GB","@id":"https:\/\/skaitytaknyga.lt\/produktas\/tobuloji\/#primaryimage","url":"https:\/\/skaitytaknyga.lt\/wp-content\/uploads\/2025\/05\/tobuloji.webp","contentUrl":"https:\/\/skaitytaknyga.lt\/wp-content\/uploads\/2025\/05\/tobuloji.webp","width":528,"height":801,"caption":"Tobuloji"},{"@type":"BreadcrumbList","@id":"https:\/\/skaitytaknyga.lt\/produktas\/tobuloji\/#breadcrumb","itemListElement":[{"@type":"ListItem","position":1,"name":"Home","item":"https:\/\/skaitytaknyga.lt\/"},{"@type":"ListItem","position":2,"name":"Parduotuv\u0117","item":"https:\/\/skaitytaknyga.lt\/knygu-parduotuve\/"},{"@type":"ListItem","position":3,"name":"Tobuloji"}]},{"@type":"WebSite","@id":"https:\/\/skaitytaknyga.lt\/#website","url":"https:\/\/skaitytaknyga.lt\/","name":"skaitytaknyga.lt","description":"Skaitytaknyga.lt \u2013 tai ma\u017eas \u0161eimos verslas, kuris prasid\u0117jo nuo meil\u0117s knygoms ir siekio i\u0161gelb\u0117ti knygas nuo likimo prie konteinerio. Kas vienam nereikalingas daiktas \u2013 kitam lobis, o mes esame tarpininkai, kurie padeda abiems tapti laimingesniems ???? \u017dinome kaip nelengva i\u0161gyventi ma\u017eiems verslams, tad nuo \u0161iol, \u010dia rasite ir kit\u0173, ma\u017e\u0173 \u0161eim\u0173 versl\u0173, rank\u0173 darbo, dovan\u0173 sau ir artimiesiems.","publisher":{"@id":"https:\/\/skaitytaknyga.lt\/#organization"},"potentialAction":[{"@type":"SearchAction","target":{"@type":"EntryPoint","urlTemplate":"https:\/\/skaitytaknyga.lt\/?s={search_term_string}"},"query-input":{"@type":"PropertyValueSpecification","valueRequired":true,"valueName":"search_term_string"}}],"inLanguage":"en-GB"},{"@type":"Organization","@id":"https:\/\/skaitytaknyga.lt\/#organization","name":"skaitytaknyga.lt","url":"https:\/\/skaitytaknyga.lt\/","logo":{"@type":"ImageObject","inLanguage":"en-GB","@id":"https:\/\/skaitytaknyga.lt\/#\/schema\/logo\/image\/","url":"https:\/\/skaitytaknyga.lt\/wp-content\/uploads\/2024\/05\/cropped-cropped-cropped-02_00843_jt3bggkj1j3HLc7SyY6rEUpg.jpeg","contentUrl":"https:\/\/skaitytaknyga.lt\/wp-content\/uploads\/2024\/05\/cropped-cropped-cropped-02_00843_jt3bggkj1j3HLc7SyY6rEUpg.jpeg","width":1600,"height":1600,"caption":"skaitytaknyga.lt"},"image":{"@id":"https:\/\/skaitytaknyga.lt\/#\/schema\/logo\/image\/"},"sameAs":["https:\/\/www.facebook.com\/skaitytaknyga\/"]}]}},"_links":{"self":[{"href":"https:\/\/skaitytaknyga.lt\/en\/wp-json\/wp\/v2\/product\/9024","targetHints":{"allow":["GET"]}}],"collection":[{"href":"https:\/\/skaitytaknyga.lt\/en\/wp-json\/wp\/v2\/product"}],"about":[{"href":"https:\/\/skaitytaknyga.lt\/en\/wp-json\/wp\/v2\/types\/product"}],"replies":[{"embeddable":true,"href":"https:\/\/skaitytaknyga.lt\/en\/wp-json\/wp\/v2\/comments?post=9024"}],"wp:featuredmedia":[{"embeddable":true,"href":"https:\/\/skaitytaknyga.lt\/en\/wp-json\/wp\/v2\/media\/18553"}],"wp:attachment":[{"href":"https:\/\/skaitytaknyga.lt\/en\/wp-json\/wp\/v2\/media?parent=9024"}],"wp:term":[{"taxonomy":"product_brand","embeddable":true,"href":"https:\/\/skaitytaknyga.lt\/en\/wp-json\/wp\/v2\/product_brand?post=9024"},{"taxonomy":"product_cat","embeddable":true,"href":"https:\/\/skaitytaknyga.lt\/en\/wp-json\/wp\/v2\/product_cat?post=9024"},{"taxonomy":"product_tag","embeddable":true,"href":"https:\/\/skaitytaknyga.lt\/en\/wp-json\/wp\/v2\/product_tag?post=9024"}],"curies":[{"name":"wp","href":"https:\/\/api.w.org\/{rel}","templated":true}]}}