{"id":9005,"date":"2024-05-04T14:55:02","date_gmt":"2024-05-04T14:55:02","guid":{"rendered":"https:\/\/skaitytaknyga.lt\/?post_type=product&#038;p=9005"},"modified":"2025-05-15T11:07:19","modified_gmt":"2025-05-15T08:07:19","slug":"arvydas-juozaitis-tevas-stanislovas-pasakojimu-knyga-2","status":"publish","type":"product","link":"https:\/\/skaitytaknyga.lt\/en\/produktas\/arvydas-juozaitis-tevas-stanislovas-pasakojimu-knyga-2\/","title":{"rendered":"T\u0117vas Stanislovas. Pasakojim\u0173 knyga"},"content":{"rendered":"<p>Pasakojim\u0173 knyga. \u0160i knyga &#8211; apie epoch\u0105, atsiverian\u010di\u0105 vieno \u017emogaus biografijoje.<\/p>\n<p>Apie\u00a0<strong>T\u0117v\u0105 Stanislov\u0105<\/strong>\u00a0OFM Cap. (Algird\u0105 Mykol\u0105 Dobrovolsk\u012f) sklando daug pasakojim\u0173 ir legend\u0173. Tai asmenyb\u0117, kuri visada buvo vertinama nevienareik\u0161mi\u0161kai. Pas gars\u0173j\u012f kunig\u0105 \u2013 kapucin\u0173 vienuol\u012f \u2013 ie\u0161kodami pagalbos ar sielos ramyb\u0117s keliavo tiek \u012f b\u0117d\u0105 patek\u0119 \u017emon\u0117s, tiek menininkai, seimo nariai ar net prezidentai. Kiekvienam kunigas tur\u0117jo ger\u0105 \u017eod\u012f, nuraminim\u0105 ar pamokym\u0105. Kartais tokie susitikimai net keisdavo gyvenimus.<\/p>\n","protected":false},"excerpt":{"rendered":"<p>Pasakojim\u0173 knyga. \u0160i knyga &#8211; apie epoch\u0105, atsiverian\u010di\u0105 vieno \u017emogaus biografijoje.<\/p>\n<p>Apie\u00a0<strong>T\u0117v\u0105 Stanislov\u0105<\/strong>\u00a0OFM Cap. (Algird\u0105 Mykol\u0105 Dobrovolsk\u012f) sklando daug pasakojim\u0173 ir legend\u0173. Tai asmenyb\u0117, kuri visada buvo vertinama nevienareik\u0161mi\u0161kai. Pas gars\u0173j\u012f kunig\u0105 \u2013 kapucin\u0173 vienuol\u012f \u2013 ie\u0161kodami pagalbos ar sielos ramyb\u0117s keliavo tiek \u012f b\u0117d\u0105 patek\u0119 \u017emon\u0117s, tiek menininkai, seimo nariai ar net prezidentai. Kiekvienam kunigas tur\u0117jo ger\u0105 \u017eod\u012f, nuraminim\u0105 ar pamokym\u0105. Kartais tokie susitikimai net keisdavo gyvenimus.<\/p>\n","protected":false},"featured_media":5951,"comment_status":"closed","ping_status":"closed","template":"","meta":{"_acf_changed":false,"site-sidebar-layout":"default","site-content-layout":"","ast-site-content-layout":"default","site-content-style":"default","site-sidebar-style":"default","ast-global-header-display":"","ast-banner-title-visibility":"","ast-main-header-display":"","ast-hfb-above-header-display":"","ast-hfb-below-header-display":"","ast-hfb-mobile-header-display":"","site-post-title":"","ast-breadcrumbs-content":"","ast-featured-img":"","footer-sml-layout":"","ast-disable-related-posts":"","theme-transparent-header-meta":"","adv-header-id-meta":"","stick-header-meta":"","header-above-stick-meta":"","header-main-stick-meta":"","header-below-stick-meta":"","astra-migrate-meta-layouts":"default","ast-page-background-enabled":"default","ast-page-background-meta":{"desktop":{"background-color":"","background-image":"","background-repeat":"repeat","background-position":"center center","background-size":"auto","background-attachment":"scroll","background-type":"","background-media":"","overlay-type":"","overlay-color":"","overlay-opacity":"","overlay-gradient":""},"tablet":{"background-color":"","background-image":"","background-repeat":"repeat","background-position":"center center","background-size":"auto","background-attachment":"scroll","background-type":"","background-media":"","overlay-type":"","overlay-color":"","overlay-opacity":"","overlay-gradient":""},"mobile":{"background-color":"","background-image":"","background-repeat":"repeat","background-position":"center center","background-size":"auto","background-attachment":"scroll","background-type":"","background-media":"","overlay-type":"","overlay-color":"","overlay-opacity":"","overlay-gradient":""}},"ast-content-background-meta":{"desktop":{"background-color":"var(--ast-global-color-4)","background-image":"","background-repeat":"repeat","background-position":"center center","background-size":"auto","background-attachment":"scroll","background-type":"","background-media":"","overlay-type":"","overlay-color":"","overlay-opacity":"","overlay-gradient":""},"tablet":{"background-color":"var(--ast-global-color-4)","background-image":"","background-repeat":"repeat","background-position":"center center","background-size":"auto","background-attachment":"scroll","background-type":"","background-media":"","overlay-type":"","overlay-color":"","overlay-opacity":"","overlay-gradient":""},"mobile":{"background-color":"var(--ast-global-color-4)","background-image":"","background-repeat":"repeat","background-position":"center center","background-size":"auto","background-attachment":"scroll","background-type":"","background-media":"","overlay-type":"","overlay-color":"","overlay-opacity":"","overlay-gradient":""}}},"product_brand":[],"product_cat":[165],"product_tag":[2571,2045,2257,3091,3089,3090,3088,1581],"class_list":{"0":"post-9005","1":"product","2":"type-product","3":"status-publish","4":"has-post-thumbnail","6":"product_cat-religija-filosofija-ir-ezoterika","7":"product_tag-arvydas-juozaitis","8":"product_tag-biografija","9":"product_tag-dvasinis-gyvenimas","10":"product_tag-istorinis-kontekstas","11":"product_tag-lietuvos-dvasininkai","12":"product_tag-pasakojimai","13":"product_tag-tevas-stanislovas","14":"product_tag-tikejimas","15":"desktop-align-left","16":"tablet-align-left","17":"mobile-align-left","19":"first","20":"outofstock","21":"shipping-taxable","22":"purchasable","23":"product-type-simple"},"acf":[],"yoast_head":"<!-- This site is optimized with the Yoast SEO plugin v27.0 - https:\/\/yoast.com\/product\/yoast-seo-wordpress\/ -->\n<title>T\u0117vas Stanislovas. Pasakojim\u0173 knyga<\/title>\n<meta name=\"description\" content=\"Pasakojim\u0173 knyga. \u0160i knyga - apie epoch\u0105, atsiverian\u010di\u0105 vieno \u017emogaus biografijoje.  Apie\u00a0T\u0117v\u0105 Stanislov\u0105\u00a0OFM Cap. (Algird\u0105 Mykol\u0105 Dobrovolsk\u012f) sklando daug pasakojim\u0173 ir legend\u0173. Tai asmenyb\u0117, kuri visada buvo vertinama nevienareik\u0161mi\u0161kai. Pas gars\u0173j\u012f kunig\u0105 \u2013 kapucin\u0173 vienuol\u012f \u2013 ie\u0161kodami pagalbos ar sielos ramyb\u0117s keliavo tiek \u012f b\u0117d\u0105 patek\u0119 \u017emon\u0117s, tiek menininkai, seimo nariai ar net prezidentai. Kiekvienam kunigas tur\u0117jo ger\u0105 \u017eod\u012f, nuraminim\u0105 ar pamokym\u0105. Kartais tokie susitikimai net keisdavo gyvenimus.\" \/>\n<meta name=\"robots\" content=\"index, follow, max-snippet:-1, max-image-preview:large, max-video-preview:-1\" \/>\n<link rel=\"canonical\" href=\"https:\/\/skaitytaknyga.lt\/en\/produktas\/arvydas-juozaitis-tevas-stanislovas-pasakojimu-knyga-2\/\" \/>\n<meta property=\"og:locale\" content=\"en_GB\" \/>\n<meta property=\"og:locale:alternate\" content=\"lt_LT\" \/>\n<meta property=\"og:type\" content=\"article\" \/>\n<meta property=\"og:title\" content=\"T\u0117vas Stanislovas. Pasakojim\u0173 knyga\" \/>\n<meta property=\"og:description\" content=\"Pasakojim\u0173 knyga. \u0160i knyga - apie epoch\u0105, atsiverian\u010di\u0105 vieno \u017emogaus biografijoje.  Apie\u00a0T\u0117v\u0105 Stanislov\u0105\u00a0OFM Cap. (Algird\u0105 Mykol\u0105 Dobrovolsk\u012f) sklando daug pasakojim\u0173 ir legend\u0173. Tai asmenyb\u0117, kuri visada buvo vertinama nevienareik\u0161mi\u0161kai. Pas gars\u0173j\u012f kunig\u0105 \u2013 kapucin\u0173 vienuol\u012f \u2013 ie\u0161kodami pagalbos ar sielos ramyb\u0117s keliavo tiek \u012f b\u0117d\u0105 patek\u0119 \u017emon\u0117s, tiek menininkai, seimo nariai ar net prezidentai. Kiekvienam kunigas tur\u0117jo ger\u0105 \u017eod\u012f, nuraminim\u0105 ar pamokym\u0105. Kartais tokie susitikimai net keisdavo gyvenimus.\" \/>\n<meta property=\"og:url\" content=\"https:\/\/skaitytaknyga.lt\/en\/produktas\/arvydas-juozaitis-tevas-stanislovas-pasakojimu-knyga-2\/\" \/>\n<meta property=\"og:site_name\" content=\"Skaitytaknyga\" \/>\n<meta property=\"article:publisher\" content=\"https:\/\/www.facebook.com\/skaitytaknyga\/\" \/>\n<meta property=\"article:modified_time\" content=\"2025-05-15T08:07:19+00:00\" \/>\n<meta property=\"og:image\" content=\"https:\/\/skaitytaknyga.lt\/wp-content\/uploads\/2024\/05\/1506001750_jpg_0003.jpg\" \/>\n\t<meta property=\"og:image:width\" content=\"221\" \/>\n\t<meta property=\"og:image:height\" content=\"430\" \/>\n\t<meta property=\"og:image:type\" content=\"image\/jpeg\" \/>\n<meta name=\"twitter:card\" content=\"summary_large_image\" \/>\n<script type=\"application\/ld+json\" class=\"yoast-schema-graph\">{\"@context\":\"https:\/\/schema.org\",\"@graph\":[{\"@type\":\"WebPage\",\"@id\":\"https:\/\/skaitytaknyga.lt\/produktas\/arvydas-juozaitis-tevas-stanislovas-pasakojimu-knyga-2\/\",\"url\":\"https:\/\/skaitytaknyga.lt\/produktas\/arvydas-juozaitis-tevas-stanislovas-pasakojimu-knyga-2\/\",\"name\":\"T\u0117vas Stanislovas. Pasakojim\u0173 knyga\",\"isPartOf\":{\"@id\":\"https:\/\/skaitytaknyga.lt\/#website\"},\"primaryImageOfPage\":{\"@id\":\"https:\/\/skaitytaknyga.lt\/produktas\/arvydas-juozaitis-tevas-stanislovas-pasakojimu-knyga-2\/#primaryimage\"},\"image\":{\"@id\":\"https:\/\/skaitytaknyga.lt\/produktas\/arvydas-juozaitis-tevas-stanislovas-pasakojimu-knyga-2\/#primaryimage\"},\"thumbnailUrl\":\"https:\/\/skaitytaknyga.lt\/wp-content\/uploads\/2024\/05\/1506001750_jpg_0003.jpg\",\"datePublished\":\"2024-05-04T14:55:02+00:00\",\"dateModified\":\"2025-05-15T08:07:19+00:00\",\"description\":\"Pasakojim\u0173 knyga. \u0160i knyga - apie epoch\u0105, atsiverian\u010di\u0105 vieno \u017emogaus biografijoje. Apie\u00a0T\u0117v\u0105 Stanislov\u0105\u00a0OFM Cap. (Algird\u0105 Mykol\u0105 Dobrovolsk\u012f) sklando daug pasakojim\u0173 ir legend\u0173. Tai asmenyb\u0117, kuri visada buvo vertinama nevienareik\u0161mi\u0161kai. Pas gars\u0173j\u012f kunig\u0105 \u2013 kapucin\u0173 vienuol\u012f \u2013 ie\u0161kodami pagalbos ar sielos ramyb\u0117s keliavo tiek \u012f b\u0117d\u0105 patek\u0119 \u017emon\u0117s, tiek menininkai, seimo nariai ar net prezidentai. Kiekvienam kunigas tur\u0117jo ger\u0105 \u017eod\u012f, nuraminim\u0105 ar pamokym\u0105. Kartais tokie susitikimai net keisdavo gyvenimus.\",\"breadcrumb\":{\"@id\":\"https:\/\/skaitytaknyga.lt\/produktas\/arvydas-juozaitis-tevas-stanislovas-pasakojimu-knyga-2\/#breadcrumb\"},\"inLanguage\":\"en-GB\",\"potentialAction\":[{\"@type\":\"ReadAction\",\"target\":[\"https:\/\/skaitytaknyga.lt\/produktas\/arvydas-juozaitis-tevas-stanislovas-pasakojimu-knyga-2\/\"]}]},{\"@type\":\"ImageObject\",\"inLanguage\":\"en-GB\",\"@id\":\"https:\/\/skaitytaknyga.lt\/produktas\/arvydas-juozaitis-tevas-stanislovas-pasakojimu-knyga-2\/#primaryimage\",\"url\":\"https:\/\/skaitytaknyga.lt\/wp-content\/uploads\/2024\/05\/1506001750_jpg_0003.jpg\",\"contentUrl\":\"https:\/\/skaitytaknyga.lt\/wp-content\/uploads\/2024\/05\/1506001750_jpg_0003.jpg\",\"width\":221,\"height\":430},{\"@type\":\"BreadcrumbList\",\"@id\":\"https:\/\/skaitytaknyga.lt\/produktas\/arvydas-juozaitis-tevas-stanislovas-pasakojimu-knyga-2\/#breadcrumb\",\"itemListElement\":[{\"@type\":\"ListItem\",\"position\":1,\"name\":\"Home\",\"item\":\"https:\/\/skaitytaknyga.lt\/\"},{\"@type\":\"ListItem\",\"position\":2,\"name\":\"Parduotuv\u0117\",\"item\":\"https:\/\/skaitytaknyga.lt\/knygu-parduotuve\/\"},{\"@type\":\"ListItem\",\"position\":3,\"name\":\"T\u0117vas Stanislovas. Pasakojim\u0173 knyga\"}]},{\"@type\":\"WebSite\",\"@id\":\"https:\/\/skaitytaknyga.lt\/#website\",\"url\":\"https:\/\/skaitytaknyga.lt\/\",\"name\":\"skaitytaknyga.lt\",\"description\":\"Skaitytaknyga.lt \u2013 tai ma\u017eas \u0161eimos verslas, kuris prasid\u0117jo nuo meil\u0117s knygoms ir siekio i\u0161gelb\u0117ti knygas nuo likimo prie konteinerio. Kas vienam nereikalingas daiktas \u2013 kitam lobis, o mes esame tarpininkai, kurie padeda abiems tapti laimingesniems ???? \u017dinome kaip nelengva i\u0161gyventi ma\u017eiems verslams, tad nuo \u0161iol, \u010dia rasite ir kit\u0173, ma\u017e\u0173 \u0161eim\u0173 versl\u0173, rank\u0173 darbo, dovan\u0173 sau ir artimiesiems.\",\"publisher\":{\"@id\":\"https:\/\/skaitytaknyga.lt\/#organization\"},\"potentialAction\":[{\"@type\":\"SearchAction\",\"target\":{\"@type\":\"EntryPoint\",\"urlTemplate\":\"https:\/\/skaitytaknyga.lt\/?s={search_term_string}\"},\"query-input\":{\"@type\":\"PropertyValueSpecification\",\"valueRequired\":true,\"valueName\":\"search_term_string\"}}],\"inLanguage\":\"en-GB\"},{\"@type\":\"Organization\",\"@id\":\"https:\/\/skaitytaknyga.lt\/#organization\",\"name\":\"skaitytaknyga.lt\",\"url\":\"https:\/\/skaitytaknyga.lt\/\",\"logo\":{\"@type\":\"ImageObject\",\"inLanguage\":\"en-GB\",\"@id\":\"https:\/\/skaitytaknyga.lt\/#\/schema\/logo\/image\/\",\"url\":\"https:\/\/skaitytaknyga.lt\/wp-content\/uploads\/2024\/05\/cropped-cropped-cropped-02_00843_jt3bggkj1j3HLc7SyY6rEUpg.jpeg\",\"contentUrl\":\"https:\/\/skaitytaknyga.lt\/wp-content\/uploads\/2024\/05\/cropped-cropped-cropped-02_00843_jt3bggkj1j3HLc7SyY6rEUpg.jpeg\",\"width\":1600,\"height\":1600,\"caption\":\"skaitytaknyga.lt\"},\"image\":{\"@id\":\"https:\/\/skaitytaknyga.lt\/#\/schema\/logo\/image\/\"},\"sameAs\":[\"https:\/\/www.facebook.com\/skaitytaknyga\/\"]}]}<\/script>\n<!-- \/ Yoast SEO plugin. -->","yoast_head_json":{"title":"T\u0117vas Stanislovas. Pasakojim\u0173 knyga","description":"Pasakojim\u0173 knyga. \u0160i knyga - apie epoch\u0105, atsiverian\u010di\u0105 vieno \u017emogaus biografijoje.  Apie\u00a0T\u0117v\u0105 Stanislov\u0105\u00a0OFM Cap. (Algird\u0105 Mykol\u0105 Dobrovolsk\u012f) sklando daug pasakojim\u0173 ir legend\u0173. Tai asmenyb\u0117, kuri visada buvo vertinama nevienareik\u0161mi\u0161kai. Pas gars\u0173j\u012f kunig\u0105 \u2013 kapucin\u0173 vienuol\u012f \u2013 ie\u0161kodami pagalbos ar sielos ramyb\u0117s keliavo tiek \u012f b\u0117d\u0105 patek\u0119 \u017emon\u0117s, tiek menininkai, seimo nariai ar net prezidentai. Kiekvienam kunigas tur\u0117jo ger\u0105 \u017eod\u012f, nuraminim\u0105 ar pamokym\u0105. Kartais tokie susitikimai net keisdavo gyvenimus.","robots":{"index":"index","follow":"follow","max-snippet":"max-snippet:-1","max-image-preview":"max-image-preview:large","max-video-preview":"max-video-preview:-1"},"canonical":"https:\/\/skaitytaknyga.lt\/en\/produktas\/arvydas-juozaitis-tevas-stanislovas-pasakojimu-knyga-2\/","og_locale":"en_GB","og_type":"article","og_title":"[:lt]T\u0117vas Stanislovas. Pasakojim\u0173 knyga[:] - Skaitytaknyga","og_description":"Pasakojim\u0173 knyga. \u0160i knyga - apie epoch\u0105, atsiverian\u010di\u0105 vieno \u017emogaus biografijoje.  Apie\u00a0T\u0117v\u0105 Stanislov\u0105\u00a0OFM Cap. (Algird\u0105 Mykol\u0105 Dobrovolsk\u012f) sklando daug pasakojim\u0173 ir legend\u0173. Tai asmenyb\u0117, kuri visada buvo vertinama nevienareik\u0161mi\u0161kai. Pas gars\u0173j\u012f kunig\u0105 \u2013 kapucin\u0173 vienuol\u012f \u2013 ie\u0161kodami pagalbos ar sielos ramyb\u0117s keliavo tiek \u012f b\u0117d\u0105 patek\u0119 \u017emon\u0117s, tiek menininkai, seimo nariai ar net prezidentai. Kiekvienam kunigas tur\u0117jo ger\u0105 \u017eod\u012f, nuraminim\u0105 ar pamokym\u0105. Kartais tokie susitikimai net keisdavo gyvenimus.","og_url":"https:\/\/skaitytaknyga.lt\/en\/produktas\/arvydas-juozaitis-tevas-stanislovas-pasakojimu-knyga-2\/","og_site_name":"Skaitytaknyga","article_publisher":"https:\/\/www.facebook.com\/skaitytaknyga\/","article_modified_time":"2025-05-15T08:07:19+00:00","og_image":[{"width":221,"height":430,"url":"https:\/\/skaitytaknyga.lt\/wp-content\/uploads\/2024\/05\/1506001750_jpg_0003.jpg","type":"image\/jpeg"}],"twitter_card":"summary_large_image","schema":{"@context":"https:\/\/schema.org","@graph":[{"@type":"WebPage","@id":"https:\/\/skaitytaknyga.lt\/produktas\/arvydas-juozaitis-tevas-stanislovas-pasakojimu-knyga-2\/","url":"https:\/\/skaitytaknyga.lt\/produktas\/arvydas-juozaitis-tevas-stanislovas-pasakojimu-knyga-2\/","name":"T\u0117vas Stanislovas. Pasakojim\u0173 knyga","isPartOf":{"@id":"https:\/\/skaitytaknyga.lt\/#website"},"primaryImageOfPage":{"@id":"https:\/\/skaitytaknyga.lt\/produktas\/arvydas-juozaitis-tevas-stanislovas-pasakojimu-knyga-2\/#primaryimage"},"image":{"@id":"https:\/\/skaitytaknyga.lt\/produktas\/arvydas-juozaitis-tevas-stanislovas-pasakojimu-knyga-2\/#primaryimage"},"thumbnailUrl":"https:\/\/skaitytaknyga.lt\/wp-content\/uploads\/2024\/05\/1506001750_jpg_0003.jpg","datePublished":"2024-05-04T14:55:02+00:00","dateModified":"2025-05-15T08:07:19+00:00","description":"Pasakojim\u0173 knyga. \u0160i knyga - apie epoch\u0105, atsiverian\u010di\u0105 vieno \u017emogaus biografijoje. Apie\u00a0T\u0117v\u0105 Stanislov\u0105\u00a0OFM Cap. (Algird\u0105 Mykol\u0105 Dobrovolsk\u012f) sklando daug pasakojim\u0173 ir legend\u0173. Tai asmenyb\u0117, kuri visada buvo vertinama nevienareik\u0161mi\u0161kai. Pas gars\u0173j\u012f kunig\u0105 \u2013 kapucin\u0173 vienuol\u012f \u2013 ie\u0161kodami pagalbos ar sielos ramyb\u0117s keliavo tiek \u012f b\u0117d\u0105 patek\u0119 \u017emon\u0117s, tiek menininkai, seimo nariai ar net prezidentai. Kiekvienam kunigas tur\u0117jo ger\u0105 \u017eod\u012f, nuraminim\u0105 ar pamokym\u0105. Kartais tokie susitikimai net keisdavo gyvenimus.","breadcrumb":{"@id":"https:\/\/skaitytaknyga.lt\/produktas\/arvydas-juozaitis-tevas-stanislovas-pasakojimu-knyga-2\/#breadcrumb"},"inLanguage":"en-GB","potentialAction":[{"@type":"ReadAction","target":["https:\/\/skaitytaknyga.lt\/produktas\/arvydas-juozaitis-tevas-stanislovas-pasakojimu-knyga-2\/"]}]},{"@type":"ImageObject","inLanguage":"en-GB","@id":"https:\/\/skaitytaknyga.lt\/produktas\/arvydas-juozaitis-tevas-stanislovas-pasakojimu-knyga-2\/#primaryimage","url":"https:\/\/skaitytaknyga.lt\/wp-content\/uploads\/2024\/05\/1506001750_jpg_0003.jpg","contentUrl":"https:\/\/skaitytaknyga.lt\/wp-content\/uploads\/2024\/05\/1506001750_jpg_0003.jpg","width":221,"height":430},{"@type":"BreadcrumbList","@id":"https:\/\/skaitytaknyga.lt\/produktas\/arvydas-juozaitis-tevas-stanislovas-pasakojimu-knyga-2\/#breadcrumb","itemListElement":[{"@type":"ListItem","position":1,"name":"Home","item":"https:\/\/skaitytaknyga.lt\/"},{"@type":"ListItem","position":2,"name":"Parduotuv\u0117","item":"https:\/\/skaitytaknyga.lt\/knygu-parduotuve\/"},{"@type":"ListItem","position":3,"name":"T\u0117vas Stanislovas. Pasakojim\u0173 knyga"}]},{"@type":"WebSite","@id":"https:\/\/skaitytaknyga.lt\/#website","url":"https:\/\/skaitytaknyga.lt\/","name":"skaitytaknyga.lt","description":"Skaitytaknyga.lt \u2013 tai ma\u017eas \u0161eimos verslas, kuris prasid\u0117jo nuo meil\u0117s knygoms ir siekio i\u0161gelb\u0117ti knygas nuo likimo prie konteinerio. Kas vienam nereikalingas daiktas \u2013 kitam lobis, o mes esame tarpininkai, kurie padeda abiems tapti laimingesniems ???? \u017dinome kaip nelengva i\u0161gyventi ma\u017eiems verslams, tad nuo \u0161iol, \u010dia rasite ir kit\u0173, ma\u017e\u0173 \u0161eim\u0173 versl\u0173, rank\u0173 darbo, dovan\u0173 sau ir artimiesiems.","publisher":{"@id":"https:\/\/skaitytaknyga.lt\/#organization"},"potentialAction":[{"@type":"SearchAction","target":{"@type":"EntryPoint","urlTemplate":"https:\/\/skaitytaknyga.lt\/?s={search_term_string}"},"query-input":{"@type":"PropertyValueSpecification","valueRequired":true,"valueName":"search_term_string"}}],"inLanguage":"en-GB"},{"@type":"Organization","@id":"https:\/\/skaitytaknyga.lt\/#organization","name":"skaitytaknyga.lt","url":"https:\/\/skaitytaknyga.lt\/","logo":{"@type":"ImageObject","inLanguage":"en-GB","@id":"https:\/\/skaitytaknyga.lt\/#\/schema\/logo\/image\/","url":"https:\/\/skaitytaknyga.lt\/wp-content\/uploads\/2024\/05\/cropped-cropped-cropped-02_00843_jt3bggkj1j3HLc7SyY6rEUpg.jpeg","contentUrl":"https:\/\/skaitytaknyga.lt\/wp-content\/uploads\/2024\/05\/cropped-cropped-cropped-02_00843_jt3bggkj1j3HLc7SyY6rEUpg.jpeg","width":1600,"height":1600,"caption":"skaitytaknyga.lt"},"image":{"@id":"https:\/\/skaitytaknyga.lt\/#\/schema\/logo\/image\/"},"sameAs":["https:\/\/www.facebook.com\/skaitytaknyga\/"]}]}},"_links":{"self":[{"href":"https:\/\/skaitytaknyga.lt\/en\/wp-json\/wp\/v2\/product\/9005","targetHints":{"allow":["GET"]}}],"collection":[{"href":"https:\/\/skaitytaknyga.lt\/en\/wp-json\/wp\/v2\/product"}],"about":[{"href":"https:\/\/skaitytaknyga.lt\/en\/wp-json\/wp\/v2\/types\/product"}],"replies":[{"embeddable":true,"href":"https:\/\/skaitytaknyga.lt\/en\/wp-json\/wp\/v2\/comments?post=9005"}],"wp:featuredmedia":[{"embeddable":true,"href":"https:\/\/skaitytaknyga.lt\/en\/wp-json\/wp\/v2\/media\/5951"}],"wp:attachment":[{"href":"https:\/\/skaitytaknyga.lt\/en\/wp-json\/wp\/v2\/media?parent=9005"}],"wp:term":[{"taxonomy":"product_brand","embeddable":true,"href":"https:\/\/skaitytaknyga.lt\/en\/wp-json\/wp\/v2\/product_brand?post=9005"},{"taxonomy":"product_cat","embeddable":true,"href":"https:\/\/skaitytaknyga.lt\/en\/wp-json\/wp\/v2\/product_cat?post=9005"},{"taxonomy":"product_tag","embeddable":true,"href":"https:\/\/skaitytaknyga.lt\/en\/wp-json\/wp\/v2\/product_tag?post=9005"}],"curies":[{"name":"wp","href":"https:\/\/api.w.org\/{rel}","templated":true}]}}