{"id":9000,"date":"2024-05-04T17:55:01","date_gmt":"2024-05-04T14:55:01","guid":{"rendered":"https:\/\/skaitytaknyga.lt\/?post_type=product&#038;p=9000"},"modified":"2026-01-03T19:31:16","modified_gmt":"2026-01-03T17:31:16","slug":"dzonas-golsvortis-forsaitu-saga-1-2-tomas-su-defektu-2","status":"publish","type":"product","link":"https:\/\/skaitytaknyga.lt\/en\/produktas\/dzonas-golsvortis-forsaitu-saga-1-2-tomas-su-defektu-2\/","title":{"rendered":"Forsait\u0173 saga 1-2 tomas (Su defektu)"},"content":{"rendered":"<p>\u201eForsait\u0173 saga\u201c\u00a0\u2013 tai angl\u0173 literat\u016bros klasiko, 1932 met\u0173 Nobelio premijos laureato John Galsworthy (D\u017eono Golsvorto) \u017eymiausias k\u016brinys, susidedantis i\u0161 trij\u0173 roman\u0173: \u201eSavininkas\u201c, \u201eKilpoje\u201c ir \u201eI\u0161nuomojama\u201c.<\/p>\n<p>K\u016brinius jungia vientisas pasakojimas, ta\u010diau juos galima skaityti ir atskirai. Romanuose vaizduojamas viduriniojo luomo vir\u0161\u016bn\u0117ms priklausan\u010dios \u0161eimos trij\u0173 kart\u0173 likimas 1886-1920 met\u0173 laikotarpiu.<\/p>\n","protected":false},"excerpt":{"rendered":"<p>\u201eForsait\u0173 saga\u201c\u00a0\u2013 tai angl\u0173 literat\u016bros klasiko, 1932 met\u0173 Nobelio premijos laureato John Galsworthy (D\u017eono Golsvorto) \u017eymiausias k\u016brinys, susidedantis i\u0161 trij\u0173 roman\u0173: \u201eSavininkas\u201c, \u201eKilpoje\u201c ir \u201eI\u0161nuomojama\u201c.<\/p>\n<p>K\u016brinius jungia vientisas pasakojimas, ta\u010diau juos galima skaityti ir atskirai. Romanuose vaizduojamas viduriniojo luomo vir\u0161\u016bn\u0117ms priklausan\u010dios \u0161eimos trij\u0173 kart\u0173 likimas 1886-1920 met\u0173 laikotarpiu.<\/p>\n","protected":false},"featured_media":5945,"comment_status":"closed","ping_status":"closed","template":"","meta":{"_acf_changed":false,"site-sidebar-layout":"default","site-content-layout":"","ast-site-content-layout":"default","site-content-style":"default","site-sidebar-style":"default","ast-global-header-display":"","ast-banner-title-visibility":"","ast-main-header-display":"","ast-hfb-above-header-display":"","ast-hfb-below-header-display":"","ast-hfb-mobile-header-display":"","site-post-title":"","ast-breadcrumbs-content":"","ast-featured-img":"","footer-sml-layout":"","ast-disable-related-posts":"","theme-transparent-header-meta":"","adv-header-id-meta":"","stick-header-meta":"","header-above-stick-meta":"","header-main-stick-meta":"","header-below-stick-meta":"","astra-migrate-meta-layouts":"default","ast-page-background-enabled":"default","ast-page-background-meta":{"desktop":{"background-color":"","background-image":"","background-repeat":"repeat","background-position":"center center","background-size":"auto","background-attachment":"scroll","background-type":"","background-media":"","overlay-type":"","overlay-color":"","overlay-opacity":"","overlay-gradient":""},"tablet":{"background-color":"","background-image":"","background-repeat":"repeat","background-position":"center center","background-size":"auto","background-attachment":"scroll","background-type":"","background-media":"","overlay-type":"","overlay-color":"","overlay-opacity":"","overlay-gradient":""},"mobile":{"background-color":"","background-image":"","background-repeat":"repeat","background-position":"center center","background-size":"auto","background-attachment":"scroll","background-type":"","background-media":"","overlay-type":"","overlay-color":"","overlay-opacity":"","overlay-gradient":""}},"ast-content-background-meta":{"desktop":{"background-color":"var(--ast-global-color-4)","background-image":"","background-repeat":"repeat","background-position":"center center","background-size":"auto","background-attachment":"scroll","background-type":"","background-media":"","overlay-type":"","overlay-color":"","overlay-opacity":"","overlay-gradient":""},"tablet":{"background-color":"var(--ast-global-color-4)","background-image":"","background-repeat":"repeat","background-position":"center center","background-size":"auto","background-attachment":"scroll","background-type":"","background-media":"","overlay-type":"","overlay-color":"","overlay-opacity":"","overlay-gradient":""},"mobile":{"background-color":"var(--ast-global-color-4)","background-image":"","background-repeat":"repeat","background-position":"center center","background-size":"auto","background-attachment":"scroll","background-type":"","background-media":"","overlay-type":"","overlay-color":"","overlay-opacity":"","overlay-gradient":""}}},"product_brand":[],"product_cat":[31],"product_tag":[5885,3944,5884,1437,2857,1745,2390],"class_list":{"0":"post-9000","1":"product","2":"type-product","3":"status-publish","4":"has-post-thumbnail","6":"product_cat-grozine-literatura","7":"product_tag-19-20-a-anglija","8":"product_tag-anglu-literatura","9":"product_tag-dzonas-golsvortis","10":"product_tag-klasika","11":"product_tag-nobelio-premija","12":"product_tag-romanas","13":"product_tag-seimos-saga","14":"desktop-align-left","15":"tablet-align-left","16":"mobile-align-left","18":"first","19":"outofstock","20":"shipping-taxable","21":"purchasable","22":"product-type-simple"},"acf":[],"yoast_head":"<!-- This site is optimized with the Yoast SEO plugin v27.0 - https:\/\/yoast.com\/product\/yoast-seo-wordpress\/ -->\n<title>Forsait\u0173 saga 1-2 tomas (Su defektu)<\/title>\n<meta name=\"description\" content=\"\u201eForsait\u0173 saga\u201c\u00a0\u2013 tai angl\u0173 literat\u016bros klasiko, 1932 met\u0173 Nobelio premijos laureato John Galsworthy (D\u017eono Golsvorto) \u017eymiausias k\u016brinys, susidedantis i\u0161 trij\u0173 roman\u0173: \u201eSavininkas\u201c, \u201eKilpoje\u201c ir \u201eI\u0161nuomojama\u201c.  K\u016brinius jungia vientisas pasakojimas, ta\u010diau juos galima skaityti ir atskirai. Romanuose vaizduojamas viduriniojo luomo vir\u0161\u016bn\u0117ms priklausan\u010dios \u0161eimos trij\u0173 kart\u0173 likimas 1886-1920 met\u0173 laikotarpiu.\" \/>\n<meta name=\"robots\" content=\"index, follow, max-snippet:-1, max-image-preview:large, max-video-preview:-1\" \/>\n<link rel=\"canonical\" href=\"https:\/\/skaitytaknyga.lt\/en\/produktas\/dzonas-golsvortis-forsaitu-saga-1-2-tomas-su-defektu-2\/\" \/>\n<meta property=\"og:locale\" content=\"en_GB\" \/>\n<meta property=\"og:locale:alternate\" content=\"lt_LT\" \/>\n<meta property=\"og:type\" content=\"article\" \/>\n<meta property=\"og:title\" content=\"Forsait\u0173 saga 1-2 tomas (Su defektu)\" \/>\n<meta property=\"og:description\" content=\"\u201eForsait\u0173 saga\u201c\u00a0\u2013 tai angl\u0173 literat\u016bros klasiko, 1932 met\u0173 Nobelio premijos laureato John Galsworthy (D\u017eono Golsvorto) \u017eymiausias k\u016brinys, susidedantis i\u0161 trij\u0173 roman\u0173: \u201eSavininkas\u201c, \u201eKilpoje\u201c ir \u201eI\u0161nuomojama\u201c.  K\u016brinius jungia vientisas pasakojimas, ta\u010diau juos galima skaityti ir atskirai. Romanuose vaizduojamas viduriniojo luomo vir\u0161\u016bn\u0117ms priklausan\u010dios \u0161eimos trij\u0173 kart\u0173 likimas 1886-1920 met\u0173 laikotarpiu.\" \/>\n<meta property=\"og:url\" content=\"https:\/\/skaitytaknyga.lt\/en\/produktas\/dzonas-golsvortis-forsaitu-saga-1-2-tomas-su-defektu-2\/\" \/>\n<meta property=\"og:site_name\" content=\"Skaitytaknyga\" \/>\n<meta property=\"article:publisher\" content=\"https:\/\/www.facebook.com\/skaitytaknyga\/\" \/>\n<meta property=\"article:modified_time\" content=\"2026-01-03T17:31:16+00:00\" \/>\n<meta property=\"og:image\" content=\"https:\/\/skaitytaknyga.lt\/wp-content\/uploads\/2024\/05\/unnamed-3.jpg\" \/>\n\t<meta property=\"og:image:width\" content=\"374\" \/>\n\t<meta property=\"og:image:height\" content=\"512\" \/>\n\t<meta property=\"og:image:type\" content=\"image\/jpeg\" \/>\n<meta name=\"twitter:card\" content=\"summary_large_image\" \/>\n<script type=\"application\/ld+json\" class=\"yoast-schema-graph\">{\"@context\":\"https:\/\/schema.org\",\"@graph\":[{\"@type\":\"WebPage\",\"@id\":\"https:\/\/skaitytaknyga.lt\/produktas\/dzonas-golsvortis-forsaitu-saga-1-2-tomas-su-defektu-2\/\",\"url\":\"https:\/\/skaitytaknyga.lt\/produktas\/dzonas-golsvortis-forsaitu-saga-1-2-tomas-su-defektu-2\/\",\"name\":\"Forsait\u0173 saga 1-2 tomas (Su defektu)\",\"isPartOf\":{\"@id\":\"https:\/\/skaitytaknyga.lt\/#website\"},\"primaryImageOfPage\":{\"@id\":\"https:\/\/skaitytaknyga.lt\/produktas\/dzonas-golsvortis-forsaitu-saga-1-2-tomas-su-defektu-2\/#primaryimage\"},\"image\":{\"@id\":\"https:\/\/skaitytaknyga.lt\/produktas\/dzonas-golsvortis-forsaitu-saga-1-2-tomas-su-defektu-2\/#primaryimage\"},\"thumbnailUrl\":\"https:\/\/skaitytaknyga.lt\/wp-content\/uploads\/2024\/05\/unnamed-3.jpg\",\"datePublished\":\"2024-05-04T14:55:01+00:00\",\"dateModified\":\"2026-01-03T17:31:16+00:00\",\"description\":\"\u201eForsait\u0173 saga\u201c\u00a0\u2013 tai angl\u0173 literat\u016bros klasiko, 1932 met\u0173 Nobelio premijos laureato John Galsworthy (D\u017eono Golsvorto) \u017eymiausias k\u016brinys, susidedantis i\u0161 trij\u0173 roman\u0173: \u201eSavininkas\u201c, \u201eKilpoje\u201c ir \u201eI\u0161nuomojama\u201c. K\u016brinius jungia vientisas pasakojimas, ta\u010diau juos galima skaityti ir atskirai. Romanuose vaizduojamas viduriniojo luomo vir\u0161\u016bn\u0117ms priklausan\u010dios \u0161eimos trij\u0173 kart\u0173 likimas 1886-1920 met\u0173 laikotarpiu.\",\"breadcrumb\":{\"@id\":\"https:\/\/skaitytaknyga.lt\/produktas\/dzonas-golsvortis-forsaitu-saga-1-2-tomas-su-defektu-2\/#breadcrumb\"},\"inLanguage\":\"en-GB\",\"potentialAction\":[{\"@type\":\"ReadAction\",\"target\":[\"https:\/\/skaitytaknyga.lt\/produktas\/dzonas-golsvortis-forsaitu-saga-1-2-tomas-su-defektu-2\/\"]}]},{\"@type\":\"ImageObject\",\"inLanguage\":\"en-GB\",\"@id\":\"https:\/\/skaitytaknyga.lt\/produktas\/dzonas-golsvortis-forsaitu-saga-1-2-tomas-su-defektu-2\/#primaryimage\",\"url\":\"https:\/\/skaitytaknyga.lt\/wp-content\/uploads\/2024\/05\/unnamed-3.jpg\",\"contentUrl\":\"https:\/\/skaitytaknyga.lt\/wp-content\/uploads\/2024\/05\/unnamed-3.jpg\",\"width\":374,\"height\":512},{\"@type\":\"BreadcrumbList\",\"@id\":\"https:\/\/skaitytaknyga.lt\/produktas\/dzonas-golsvortis-forsaitu-saga-1-2-tomas-su-defektu-2\/#breadcrumb\",\"itemListElement\":[{\"@type\":\"ListItem\",\"position\":1,\"name\":\"Home\",\"item\":\"https:\/\/skaitytaknyga.lt\/\"},{\"@type\":\"ListItem\",\"position\":2,\"name\":\"Parduotuv\u0117\",\"item\":\"https:\/\/skaitytaknyga.lt\/knygu-parduotuve\/\"},{\"@type\":\"ListItem\",\"position\":3,\"name\":\"Forsait\u0173 saga 1-2 tomas (Su defektu)\"}]},{\"@type\":\"WebSite\",\"@id\":\"https:\/\/skaitytaknyga.lt\/#website\",\"url\":\"https:\/\/skaitytaknyga.lt\/\",\"name\":\"skaitytaknyga.lt\",\"description\":\"Skaitytaknyga.lt \u2013 tai ma\u017eas \u0161eimos verslas, kuris prasid\u0117jo nuo meil\u0117s knygoms ir siekio i\u0161gelb\u0117ti knygas nuo likimo prie konteinerio. Kas vienam nereikalingas daiktas \u2013 kitam lobis, o mes esame tarpininkai, kurie padeda abiems tapti laimingesniems ???? \u017dinome kaip nelengva i\u0161gyventi ma\u017eiems verslams, tad nuo \u0161iol, \u010dia rasite ir kit\u0173, ma\u017e\u0173 \u0161eim\u0173 versl\u0173, rank\u0173 darbo, dovan\u0173 sau ir artimiesiems.\",\"publisher\":{\"@id\":\"https:\/\/skaitytaknyga.lt\/#organization\"},\"potentialAction\":[{\"@type\":\"SearchAction\",\"target\":{\"@type\":\"EntryPoint\",\"urlTemplate\":\"https:\/\/skaitytaknyga.lt\/?s={search_term_string}\"},\"query-input\":{\"@type\":\"PropertyValueSpecification\",\"valueRequired\":true,\"valueName\":\"search_term_string\"}}],\"inLanguage\":\"en-GB\"},{\"@type\":\"Organization\",\"@id\":\"https:\/\/skaitytaknyga.lt\/#organization\",\"name\":\"skaitytaknyga.lt\",\"url\":\"https:\/\/skaitytaknyga.lt\/\",\"logo\":{\"@type\":\"ImageObject\",\"inLanguage\":\"en-GB\",\"@id\":\"https:\/\/skaitytaknyga.lt\/#\/schema\/logo\/image\/\",\"url\":\"https:\/\/skaitytaknyga.lt\/wp-content\/uploads\/2024\/05\/cropped-cropped-cropped-02_00843_jt3bggkj1j3HLc7SyY6rEUpg.jpeg\",\"contentUrl\":\"https:\/\/skaitytaknyga.lt\/wp-content\/uploads\/2024\/05\/cropped-cropped-cropped-02_00843_jt3bggkj1j3HLc7SyY6rEUpg.jpeg\",\"width\":1600,\"height\":1600,\"caption\":\"skaitytaknyga.lt\"},\"image\":{\"@id\":\"https:\/\/skaitytaknyga.lt\/#\/schema\/logo\/image\/\"},\"sameAs\":[\"https:\/\/www.facebook.com\/skaitytaknyga\/\"]}]}<\/script>\n<!-- \/ Yoast SEO plugin. -->","yoast_head_json":{"title":"Forsait\u0173 saga 1-2 tomas (Su defektu)","description":"\u201eForsait\u0173 saga\u201c\u00a0\u2013 tai angl\u0173 literat\u016bros klasiko, 1932 met\u0173 Nobelio premijos laureato John Galsworthy (D\u017eono Golsvorto) \u017eymiausias k\u016brinys, susidedantis i\u0161 trij\u0173 roman\u0173: \u201eSavininkas\u201c, \u201eKilpoje\u201c ir \u201eI\u0161nuomojama\u201c.  K\u016brinius jungia vientisas pasakojimas, ta\u010diau juos galima skaityti ir atskirai. Romanuose vaizduojamas viduriniojo luomo vir\u0161\u016bn\u0117ms priklausan\u010dios \u0161eimos trij\u0173 kart\u0173 likimas 1886-1920 met\u0173 laikotarpiu.","robots":{"index":"index","follow":"follow","max-snippet":"max-snippet:-1","max-image-preview":"max-image-preview:large","max-video-preview":"max-video-preview:-1"},"canonical":"https:\/\/skaitytaknyga.lt\/en\/produktas\/dzonas-golsvortis-forsaitu-saga-1-2-tomas-su-defektu-2\/","og_locale":"en_GB","og_type":"article","og_title":"[:lt]Forsait\u0173 saga 1-2 tomas (Su defektu)[:] - Skaitytaknyga","og_description":"\u201eForsait\u0173 saga\u201c\u00a0\u2013 tai angl\u0173 literat\u016bros klasiko, 1932 met\u0173 Nobelio premijos laureato John Galsworthy (D\u017eono Golsvorto) \u017eymiausias k\u016brinys, susidedantis i\u0161 trij\u0173 roman\u0173: \u201eSavininkas\u201c, \u201eKilpoje\u201c ir \u201eI\u0161nuomojama\u201c.  K\u016brinius jungia vientisas pasakojimas, ta\u010diau juos galima skaityti ir atskirai. Romanuose vaizduojamas viduriniojo luomo vir\u0161\u016bn\u0117ms priklausan\u010dios \u0161eimos trij\u0173 kart\u0173 likimas 1886-1920 met\u0173 laikotarpiu.","og_url":"https:\/\/skaitytaknyga.lt\/en\/produktas\/dzonas-golsvortis-forsaitu-saga-1-2-tomas-su-defektu-2\/","og_site_name":"Skaitytaknyga","article_publisher":"https:\/\/www.facebook.com\/skaitytaknyga\/","article_modified_time":"2026-01-03T17:31:16+00:00","og_image":[{"width":374,"height":512,"url":"https:\/\/skaitytaknyga.lt\/wp-content\/uploads\/2024\/05\/unnamed-3.jpg","type":"image\/jpeg"}],"twitter_card":"summary_large_image","schema":{"@context":"https:\/\/schema.org","@graph":[{"@type":"WebPage","@id":"https:\/\/skaitytaknyga.lt\/produktas\/dzonas-golsvortis-forsaitu-saga-1-2-tomas-su-defektu-2\/","url":"https:\/\/skaitytaknyga.lt\/produktas\/dzonas-golsvortis-forsaitu-saga-1-2-tomas-su-defektu-2\/","name":"Forsait\u0173 saga 1-2 tomas (Su defektu)","isPartOf":{"@id":"https:\/\/skaitytaknyga.lt\/#website"},"primaryImageOfPage":{"@id":"https:\/\/skaitytaknyga.lt\/produktas\/dzonas-golsvortis-forsaitu-saga-1-2-tomas-su-defektu-2\/#primaryimage"},"image":{"@id":"https:\/\/skaitytaknyga.lt\/produktas\/dzonas-golsvortis-forsaitu-saga-1-2-tomas-su-defektu-2\/#primaryimage"},"thumbnailUrl":"https:\/\/skaitytaknyga.lt\/wp-content\/uploads\/2024\/05\/unnamed-3.jpg","datePublished":"2024-05-04T14:55:01+00:00","dateModified":"2026-01-03T17:31:16+00:00","description":"\u201eForsait\u0173 saga\u201c\u00a0\u2013 tai angl\u0173 literat\u016bros klasiko, 1932 met\u0173 Nobelio premijos laureato John Galsworthy (D\u017eono Golsvorto) \u017eymiausias k\u016brinys, susidedantis i\u0161 trij\u0173 roman\u0173: \u201eSavininkas\u201c, \u201eKilpoje\u201c ir \u201eI\u0161nuomojama\u201c. K\u016brinius jungia vientisas pasakojimas, ta\u010diau juos galima skaityti ir atskirai. Romanuose vaizduojamas viduriniojo luomo vir\u0161\u016bn\u0117ms priklausan\u010dios \u0161eimos trij\u0173 kart\u0173 likimas 1886-1920 met\u0173 laikotarpiu.","breadcrumb":{"@id":"https:\/\/skaitytaknyga.lt\/produktas\/dzonas-golsvortis-forsaitu-saga-1-2-tomas-su-defektu-2\/#breadcrumb"},"inLanguage":"en-GB","potentialAction":[{"@type":"ReadAction","target":["https:\/\/skaitytaknyga.lt\/produktas\/dzonas-golsvortis-forsaitu-saga-1-2-tomas-su-defektu-2\/"]}]},{"@type":"ImageObject","inLanguage":"en-GB","@id":"https:\/\/skaitytaknyga.lt\/produktas\/dzonas-golsvortis-forsaitu-saga-1-2-tomas-su-defektu-2\/#primaryimage","url":"https:\/\/skaitytaknyga.lt\/wp-content\/uploads\/2024\/05\/unnamed-3.jpg","contentUrl":"https:\/\/skaitytaknyga.lt\/wp-content\/uploads\/2024\/05\/unnamed-3.jpg","width":374,"height":512},{"@type":"BreadcrumbList","@id":"https:\/\/skaitytaknyga.lt\/produktas\/dzonas-golsvortis-forsaitu-saga-1-2-tomas-su-defektu-2\/#breadcrumb","itemListElement":[{"@type":"ListItem","position":1,"name":"Home","item":"https:\/\/skaitytaknyga.lt\/"},{"@type":"ListItem","position":2,"name":"Parduotuv\u0117","item":"https:\/\/skaitytaknyga.lt\/knygu-parduotuve\/"},{"@type":"ListItem","position":3,"name":"Forsait\u0173 saga 1-2 tomas (Su defektu)"}]},{"@type":"WebSite","@id":"https:\/\/skaitytaknyga.lt\/#website","url":"https:\/\/skaitytaknyga.lt\/","name":"skaitytaknyga.lt","description":"Skaitytaknyga.lt \u2013 tai ma\u017eas \u0161eimos verslas, kuris prasid\u0117jo nuo meil\u0117s knygoms ir siekio i\u0161gelb\u0117ti knygas nuo likimo prie konteinerio. Kas vienam nereikalingas daiktas \u2013 kitam lobis, o mes esame tarpininkai, kurie padeda abiems tapti laimingesniems ???? \u017dinome kaip nelengva i\u0161gyventi ma\u017eiems verslams, tad nuo \u0161iol, \u010dia rasite ir kit\u0173, ma\u017e\u0173 \u0161eim\u0173 versl\u0173, rank\u0173 darbo, dovan\u0173 sau ir artimiesiems.","publisher":{"@id":"https:\/\/skaitytaknyga.lt\/#organization"},"potentialAction":[{"@type":"SearchAction","target":{"@type":"EntryPoint","urlTemplate":"https:\/\/skaitytaknyga.lt\/?s={search_term_string}"},"query-input":{"@type":"PropertyValueSpecification","valueRequired":true,"valueName":"search_term_string"}}],"inLanguage":"en-GB"},{"@type":"Organization","@id":"https:\/\/skaitytaknyga.lt\/#organization","name":"skaitytaknyga.lt","url":"https:\/\/skaitytaknyga.lt\/","logo":{"@type":"ImageObject","inLanguage":"en-GB","@id":"https:\/\/skaitytaknyga.lt\/#\/schema\/logo\/image\/","url":"https:\/\/skaitytaknyga.lt\/wp-content\/uploads\/2024\/05\/cropped-cropped-cropped-02_00843_jt3bggkj1j3HLc7SyY6rEUpg.jpeg","contentUrl":"https:\/\/skaitytaknyga.lt\/wp-content\/uploads\/2024\/05\/cropped-cropped-cropped-02_00843_jt3bggkj1j3HLc7SyY6rEUpg.jpeg","width":1600,"height":1600,"caption":"skaitytaknyga.lt"},"image":{"@id":"https:\/\/skaitytaknyga.lt\/#\/schema\/logo\/image\/"},"sameAs":["https:\/\/www.facebook.com\/skaitytaknyga\/"]}]}},"_links":{"self":[{"href":"https:\/\/skaitytaknyga.lt\/en\/wp-json\/wp\/v2\/product\/9000","targetHints":{"allow":["GET"]}}],"collection":[{"href":"https:\/\/skaitytaknyga.lt\/en\/wp-json\/wp\/v2\/product"}],"about":[{"href":"https:\/\/skaitytaknyga.lt\/en\/wp-json\/wp\/v2\/types\/product"}],"replies":[{"embeddable":true,"href":"https:\/\/skaitytaknyga.lt\/en\/wp-json\/wp\/v2\/comments?post=9000"}],"wp:featuredmedia":[{"embeddable":true,"href":"https:\/\/skaitytaknyga.lt\/en\/wp-json\/wp\/v2\/media\/5945"}],"wp:attachment":[{"href":"https:\/\/skaitytaknyga.lt\/en\/wp-json\/wp\/v2\/media?parent=9000"}],"wp:term":[{"taxonomy":"product_brand","embeddable":true,"href":"https:\/\/skaitytaknyga.lt\/en\/wp-json\/wp\/v2\/product_brand?post=9000"},{"taxonomy":"product_cat","embeddable":true,"href":"https:\/\/skaitytaknyga.lt\/en\/wp-json\/wp\/v2\/product_cat?post=9000"},{"taxonomy":"product_tag","embeddable":true,"href":"https:\/\/skaitytaknyga.lt\/en\/wp-json\/wp\/v2\/product_tag?post=9000"}],"curies":[{"name":"wp","href":"https:\/\/api.w.org\/{rel}","templated":true}]}}