{"id":8951,"date":"2024-05-04T14:54:16","date_gmt":"2024-05-04T14:54:16","guid":{"rendered":"https:\/\/skaitytaknyga.lt\/?post_type=product&#038;p=8951"},"modified":"2024-05-04T14:54:32","modified_gmt":"2024-05-04T14:54:32","slug":"budd-hopkins-liudytoju-akimis-2","status":"publish","type":"product","link":"https:\/\/skaitytaknyga.lt\/en\/produktas\/budd-hopkins-liudytoju-akimis-2\/","title":{"rendered":"Budd Hopkins \u201eLiudytoj\u0173 akimis\u201c"},"content":{"rendered":"<p>Niujorke, 1989 met\u0173 lapkri\u010dio 30 d., apie 3 val. ryto, keletas liudytoj\u0173, tarp j\u0173 ir \u012f\u017eymus pasaulin\u0117s politikos lyderis, steb\u0117jo, o v\u0117liau ir be\u0161ali\u0161kai paliudijo mat\u0119 sukre\u010diant\u012f vaizd\u0105.<\/p>\n<p>Lydima trij\u0173 ma\u017e\u0173 ateivi\u0173 fig\u016br\u0117li\u0173, Linda Kortail, i\u0161tek\u0117jusi dviej\u0173 vaik\u0173 mama, buvo pasteb\u0117ta i\u0161lendanti pro buto lang\u0105 dvyliktame auk\u0161te. Apgaubti m\u0117lyno \u0161vyt\u0117jimo Linda ir jos pagrob\u0117jai buvo perkelti \u012f didel\u012f raudonai oran\u017eine \u0161viesa spindint\u012f NSO, kuris pasuko Bruklino tilto kryptimi.<\/p>\n<p>Viena aplinkyb\u0117 B. Hopkins\u0105 privert\u0117 padaryti i\u0161vad\u0105, kad \u0161is \u012fvykis skyr\u0117si nuo kit\u0173, kuriuos jis tyr\u0117 anks\u010diau. Jis gavo lai\u0161k\u0105 i\u0161 dviej\u0173 vyri\u0161ki\u0173, kurie pasivadino Niujorko policijos pareig\u016bnais. Bet j\u0173 asmenyb\u0117s ilgam buvo paslaptis. Pama\u017eu i\u0161ai\u0161k\u0117j\u0119 stulbinantys ry\u0161iai tarp Lindos ir vieno i\u0161 t\u0173 vyri\u0161ki\u0173 yra galb\u016bt nuostabiausi \u0161io atvejo aspektai.<\/p>\n","protected":false},"excerpt":{"rendered":"<p>Niujorke, 1989 met\u0173 lapkri\u010dio 30 d., apie 3 val. ryto, keletas liudytoj\u0173, tarp j\u0173 ir \u012f\u017eymus pasaulin\u0117s politikos lyderis, steb\u0117jo, o v\u0117liau ir be\u0161ali\u0161kai paliudijo mat\u0119 sukre\u010diant\u012f vaizd\u0105.<\/p>\n<p>Lydima trij\u0173 ma\u017e\u0173 ateivi\u0173 fig\u016br\u0117li\u0173, Linda Kortail, i\u0161tek\u0117jusi dviej\u0173 vaik\u0173 mama, buvo pasteb\u0117ta i\u0161lendanti pro buto lang\u0105 dvyliktame auk\u0161te. Apgaubti m\u0117lyno \u0161vyt\u0117jimo Linda ir jos pagrob\u0117jai buvo perkelti \u012f didel\u012f raudonai oran\u017eine \u0161viesa spindint\u012f NSO, kuris pasuko Bruklino tilto kryptimi.<\/p>\n<p>Viena aplinkyb\u0117 B. Hopkins\u0105 privert\u0117 padaryti i\u0161vad\u0105, kad \u0161is \u012fvykis skyr\u0117si nuo kit\u0173, kuriuos jis tyr\u0117 anks\u010diau. Jis gavo lai\u0161k\u0105 i\u0161 dviej\u0173 vyri\u0161ki\u0173, kurie pasivadino Niujorko policijos pareig\u016bnais. Bet j\u0173 asmenyb\u0117s ilgam buvo paslaptis. Pama\u017eu i\u0161ai\u0161k\u0117j\u0119 stulbinantys ry\u0161iai tarp Lindos ir vieno i\u0161 t\u0173 vyri\u0161ki\u0173 yra galb\u016bt nuostabiausi \u0161io atvejo aspektai.<\/p>\n","protected":false},"featured_media":5849,"comment_status":"closed","ping_status":"closed","template":"","meta":{"_acf_changed":false,"site-sidebar-layout":"default","site-content-layout":"","ast-site-content-layout":"default","site-content-style":"default","site-sidebar-style":"default","ast-global-header-display":"","ast-banner-title-visibility":"","ast-main-header-display":"","ast-hfb-above-header-display":"","ast-hfb-below-header-display":"","ast-hfb-mobile-header-display":"","site-post-title":"","ast-breadcrumbs-content":"","ast-featured-img":"","footer-sml-layout":"","ast-disable-related-posts":"","theme-transparent-header-meta":"","adv-header-id-meta":"","stick-header-meta":"","header-above-stick-meta":"","header-main-stick-meta":"","header-below-stick-meta":"","astra-migrate-meta-layouts":"default","ast-page-background-enabled":"default","ast-page-background-meta":{"desktop":{"background-color":"","background-image":"","background-repeat":"repeat","background-position":"center center","background-size":"auto","background-attachment":"scroll","background-type":"","background-media":"","overlay-type":"","overlay-color":"","overlay-opacity":"","overlay-gradient":""},"tablet":{"background-color":"","background-image":"","background-repeat":"repeat","background-position":"center center","background-size":"auto","background-attachment":"scroll","background-type":"","background-media":"","overlay-type":"","overlay-color":"","overlay-opacity":"","overlay-gradient":""},"mobile":{"background-color":"","background-image":"","background-repeat":"repeat","background-position":"center center","background-size":"auto","background-attachment":"scroll","background-type":"","background-media":"","overlay-type":"","overlay-color":"","overlay-opacity":"","overlay-gradient":""}},"ast-content-background-meta":{"desktop":{"background-color":"var(--ast-global-color-4)","background-image":"","background-repeat":"repeat","background-position":"center center","background-size":"auto","background-attachment":"scroll","background-type":"","background-media":"","overlay-type":"","overlay-color":"","overlay-opacity":"","overlay-gradient":""},"tablet":{"background-color":"var(--ast-global-color-4)","background-image":"","background-repeat":"repeat","background-position":"center center","background-size":"auto","background-attachment":"scroll","background-type":"","background-media":"","overlay-type":"","overlay-color":"","overlay-opacity":"","overlay-gradient":""},"mobile":{"background-color":"var(--ast-global-color-4)","background-image":"","background-repeat":"repeat","background-position":"center center","background-size":"auto","background-attachment":"scroll","background-type":"","background-media":"","overlay-type":"","overlay-color":"","overlay-opacity":"","overlay-gradient":""}}},"product_brand":[],"product_cat":[269,174],"product_tag":[],"class_list":{"0":"post-8951","1":"product","2":"type-product","3":"status-publish","4":"has-post-thumbnail","6":"product_cat-gamtos-mokslai","7":"product_cat-istorija-ir-politologija","8":"pa_leidimo-metai-636","9":"desktop-align-left","10":"tablet-align-left","11":"mobile-align-left","13":"first","14":"outofstock","15":"shipping-taxable","16":"purchasable","17":"product-type-simple"},"acf":[],"yoast_head":"<!-- This site is optimized with the Yoast SEO plugin v27.4 - https:\/\/yoast.com\/product\/yoast-seo-wordpress\/ -->\n<title>Budd Hopkins \u201eLiudytoj\u0173 akimis\u201c - Skaitytaknyga<\/title>\n<meta name=\"description\" content=\"Niujorke, 1989 met\u0173 lapkri\u010dio 30 d., apie 3 val. ryto, keletas liudytoj\u0173, tarp j\u0173 ir \u012f\u017eymus pasaulin\u0117s politikos lyderis, steb\u0117jo, o v\u0117liau ir be\u0161ali\u0161kai paliudijo mat\u0119 sukre\u010diant\u012f vaizd\u0105.  Lydima trij\u0173 ma\u017e\u0173 ateivi\u0173 fig\u016br\u0117li\u0173, Linda Kortail, i\u0161tek\u0117jusi dviej\u0173 vaik\u0173 mama, buvo pasteb\u0117ta i\u0161lendanti pro buto lang\u0105 dvyliktame auk\u0161te. Apgaubti m\u0117lyno \u0161vyt\u0117jimo Linda ir jos pagrob\u0117jai buvo perkelti \u012f didel\u012f raudonai oran\u017eine \u0161viesa spindint\u012f NSO, kuris pasuko Bruklino tilto kryptimi.  Viena aplinkyb\u0117 B. Hopkins\u0105 privert\u0117 padaryti i\u0161vad\u0105, kad \u0161is \u012fvykis skyr\u0117si nuo kit\u0173, kuriuos jis tyr\u0117 anks\u010diau. Jis gavo lai\u0161k\u0105 i\u0161 dviej\u0173 vyri\u0161ki\u0173, kurie pasivadino Niujorko policijos pareig\u016bnais. Bet j\u0173 asmenyb\u0117s ilgam buvo paslaptis. Pama\u017eu i\u0161ai\u0161k\u0117j\u0119 stulbinantys ry\u0161iai tarp Lindos ir vieno i\u0161 t\u0173 vyri\u0161ki\u0173 yra galb\u016bt nuostabiausi \u0161io atvejo aspektai.\" \/>\n<meta name=\"robots\" content=\"index, follow, max-snippet:-1, max-image-preview:large, max-video-preview:-1\" \/>\n<link rel=\"canonical\" href=\"https:\/\/skaitytaknyga.lt\/en\/produktas\/budd-hopkins-liudytoju-akimis-2\/\" \/>\n<meta property=\"og:locale\" content=\"en_GB\" \/>\n<meta property=\"og:locale:alternate\" content=\"lt_LT\" \/>\n<meta property=\"og:type\" content=\"article\" \/>\n<meta property=\"og:title\" content=\"Budd Hopkins \u201eLiudytoj\u0173 akimis\u201c - Skaitytaknyga\" \/>\n<meta property=\"og:description\" content=\"Niujorke, 1989 met\u0173 lapkri\u010dio 30 d., apie 3 val. ryto, keletas liudytoj\u0173, tarp j\u0173 ir \u012f\u017eymus pasaulin\u0117s politikos lyderis, steb\u0117jo, o v\u0117liau ir be\u0161ali\u0161kai paliudijo mat\u0119 sukre\u010diant\u012f vaizd\u0105.  Lydima trij\u0173 ma\u017e\u0173 ateivi\u0173 fig\u016br\u0117li\u0173, Linda Kortail, i\u0161tek\u0117jusi dviej\u0173 vaik\u0173 mama, buvo pasteb\u0117ta i\u0161lendanti pro buto lang\u0105 dvyliktame auk\u0161te. Apgaubti m\u0117lyno \u0161vyt\u0117jimo Linda ir jos pagrob\u0117jai buvo perkelti \u012f didel\u012f raudonai oran\u017eine \u0161viesa spindint\u012f NSO, kuris pasuko Bruklino tilto kryptimi.  Viena aplinkyb\u0117 B. Hopkins\u0105 privert\u0117 padaryti i\u0161vad\u0105, kad \u0161is \u012fvykis skyr\u0117si nuo kit\u0173, kuriuos jis tyr\u0117 anks\u010diau. Jis gavo lai\u0161k\u0105 i\u0161 dviej\u0173 vyri\u0161ki\u0173, kurie pasivadino Niujorko policijos pareig\u016bnais. Bet j\u0173 asmenyb\u0117s ilgam buvo paslaptis. Pama\u017eu i\u0161ai\u0161k\u0117j\u0119 stulbinantys ry\u0161iai tarp Lindos ir vieno i\u0161 t\u0173 vyri\u0161ki\u0173 yra galb\u016bt nuostabiausi \u0161io atvejo aspektai.\" \/>\n<meta property=\"og:url\" content=\"https:\/\/skaitytaknyga.lt\/en\/produktas\/budd-hopkins-liudytoju-akimis-2\/\" \/>\n<meta property=\"og:site_name\" content=\"Skaitytaknyga\" \/>\n<meta property=\"article:publisher\" content=\"https:\/\/www.facebook.com\/skaitytaknyga\/\" \/>\n<meta property=\"article:modified_time\" content=\"2024-05-04T14:54:32+00:00\" \/>\n<meta property=\"og:image\" content=\"https:\/\/skaitytaknyga.lt\/wp-content\/uploads\/2024\/05\/1462881633_img0006.jpg\" \/>\n\t<meta property=\"og:image:width\" content=\"264\" \/>\n\t<meta property=\"og:image:height\" content=\"430\" \/>\n\t<meta property=\"og:image:type\" content=\"image\/jpeg\" \/>\n<meta name=\"twitter:card\" content=\"summary_large_image\" \/>\n<meta name=\"twitter:label1\" content=\"Estimated reading time\" \/>\n\t<meta name=\"twitter:data1\" content=\"1 minute\" \/>\n<script type=\"application\/ld+json\" class=\"yoast-schema-graph\">{\"@context\":\"https:\\\/\\\/schema.org\",\"@graph\":[{\"@type\":\"WebPage\",\"@id\":\"https:\\\/\\\/skaitytaknyga.lt\\\/produktas\\\/budd-hopkins-liudytoju-akimis-2\\\/\",\"url\":\"https:\\\/\\\/skaitytaknyga.lt\\\/produktas\\\/budd-hopkins-liudytoju-akimis-2\\\/\",\"name\":\"Budd Hopkins \u201eLiudytoj\u0173 akimis\u201c - Skaitytaknyga\",\"isPartOf\":{\"@id\":\"https:\\\/\\\/skaitytaknyga.lt\\\/#website\"},\"primaryImageOfPage\":{\"@id\":\"https:\\\/\\\/skaitytaknyga.lt\\\/produktas\\\/budd-hopkins-liudytoju-akimis-2\\\/#primaryimage\"},\"image\":{\"@id\":\"https:\\\/\\\/skaitytaknyga.lt\\\/produktas\\\/budd-hopkins-liudytoju-akimis-2\\\/#primaryimage\"},\"thumbnailUrl\":\"https:\\\/\\\/skaitytaknyga.lt\\\/wp-content\\\/uploads\\\/2024\\\/05\\\/1462881633_img0006.jpg\",\"datePublished\":\"2024-05-04T14:54:16+00:00\",\"dateModified\":\"2024-05-04T14:54:32+00:00\",\"description\":\"Niujorke, 1989 met\u0173 lapkri\u010dio 30 d., apie 3 val. ryto, keletas liudytoj\u0173, tarp j\u0173 ir \u012f\u017eymus pasaulin\u0117s politikos lyderis, steb\u0117jo, o v\u0117liau ir be\u0161ali\u0161kai paliudijo mat\u0119 sukre\u010diant\u012f vaizd\u0105. Lydima trij\u0173 ma\u017e\u0173 ateivi\u0173 fig\u016br\u0117li\u0173, Linda Kortail, i\u0161tek\u0117jusi dviej\u0173 vaik\u0173 mama, buvo pasteb\u0117ta i\u0161lendanti pro buto lang\u0105 dvyliktame auk\u0161te. Apgaubti m\u0117lyno \u0161vyt\u0117jimo Linda ir jos pagrob\u0117jai buvo perkelti \u012f didel\u012f raudonai oran\u017eine \u0161viesa spindint\u012f NSO, kuris pasuko Bruklino tilto kryptimi. Viena aplinkyb\u0117 B. Hopkins\u0105 privert\u0117 padaryti i\u0161vad\u0105, kad \u0161is \u012fvykis skyr\u0117si nuo kit\u0173, kuriuos jis tyr\u0117 anks\u010diau. Jis gavo lai\u0161k\u0105 i\u0161 dviej\u0173 vyri\u0161ki\u0173, kurie pasivadino Niujorko policijos pareig\u016bnais. Bet j\u0173 asmenyb\u0117s ilgam buvo paslaptis. Pama\u017eu i\u0161ai\u0161k\u0117j\u0119 stulbinantys ry\u0161iai tarp Lindos ir vieno i\u0161 t\u0173 vyri\u0161ki\u0173 yra galb\u016bt nuostabiausi \u0161io atvejo aspektai.\",\"breadcrumb\":{\"@id\":\"https:\\\/\\\/skaitytaknyga.lt\\\/produktas\\\/budd-hopkins-liudytoju-akimis-2\\\/#breadcrumb\"},\"inLanguage\":\"en-GB\",\"potentialAction\":[{\"@type\":\"ReadAction\",\"target\":[\"https:\\\/\\\/skaitytaknyga.lt\\\/produktas\\\/budd-hopkins-liudytoju-akimis-2\\\/\"]}]},{\"@type\":\"ImageObject\",\"inLanguage\":\"en-GB\",\"@id\":\"https:\\\/\\\/skaitytaknyga.lt\\\/produktas\\\/budd-hopkins-liudytoju-akimis-2\\\/#primaryimage\",\"url\":\"https:\\\/\\\/skaitytaknyga.lt\\\/wp-content\\\/uploads\\\/2024\\\/05\\\/1462881633_img0006.jpg\",\"contentUrl\":\"https:\\\/\\\/skaitytaknyga.lt\\\/wp-content\\\/uploads\\\/2024\\\/05\\\/1462881633_img0006.jpg\",\"width\":264,\"height\":430},{\"@type\":\"BreadcrumbList\",\"@id\":\"https:\\\/\\\/skaitytaknyga.lt\\\/produktas\\\/budd-hopkins-liudytoju-akimis-2\\\/#breadcrumb\",\"itemListElement\":[{\"@type\":\"ListItem\",\"position\":1,\"name\":\"Home\",\"item\":\"https:\\\/\\\/skaitytaknyga.lt\\\/\"},{\"@type\":\"ListItem\",\"position\":2,\"name\":\"Parduotuv\u0117\",\"item\":\"https:\\\/\\\/skaitytaknyga.lt\\\/knygu-parduotuve\\\/\"},{\"@type\":\"ListItem\",\"position\":3,\"name\":\"Budd Hopkins \u201eLiudytoj\u0173 akimis\u201c\"}]},{\"@type\":\"WebSite\",\"@id\":\"https:\\\/\\\/skaitytaknyga.lt\\\/#website\",\"url\":\"https:\\\/\\\/skaitytaknyga.lt\\\/\",\"name\":\"skaitytaknyga.lt\",\"description\":\"Skaitytaknyga.lt \u2013 tai ma\u017eas \u0161eimos verslas, kuris prasid\u0117jo nuo meil\u0117s knygoms ir siekio i\u0161gelb\u0117ti knygas nuo likimo prie konteinerio. Kas vienam nereikalingas daiktas \u2013 kitam lobis, o mes esame tarpininkai, kurie padeda abiems tapti laimingesniems ???? \u017dinome kaip nelengva i\u0161gyventi ma\u017eiems verslams, tad nuo \u0161iol, \u010dia rasite ir kit\u0173, ma\u017e\u0173 \u0161eim\u0173 versl\u0173, rank\u0173 darbo, dovan\u0173 sau ir artimiesiems.\",\"publisher\":{\"@id\":\"https:\\\/\\\/skaitytaknyga.lt\\\/#organization\"},\"potentialAction\":[{\"@type\":\"SearchAction\",\"target\":{\"@type\":\"EntryPoint\",\"urlTemplate\":\"https:\\\/\\\/skaitytaknyga.lt\\\/?s={search_term_string}\"},\"query-input\":{\"@type\":\"PropertyValueSpecification\",\"valueRequired\":true,\"valueName\":\"search_term_string\"}}],\"inLanguage\":\"en-GB\"},{\"@type\":\"Organization\",\"@id\":\"https:\\\/\\\/skaitytaknyga.lt\\\/#organization\",\"name\":\"skaitytaknyga.lt\",\"url\":\"https:\\\/\\\/skaitytaknyga.lt\\\/\",\"logo\":{\"@type\":\"ImageObject\",\"inLanguage\":\"en-GB\",\"@id\":\"https:\\\/\\\/skaitytaknyga.lt\\\/#\\\/schema\\\/logo\\\/image\\\/\",\"url\":\"https:\\\/\\\/skaitytaknyga.lt\\\/wp-content\\\/uploads\\\/2024\\\/05\\\/cropped-cropped-cropped-02_00843_jt3bggkj1j3HLc7SyY6rEUpg.jpeg\",\"contentUrl\":\"https:\\\/\\\/skaitytaknyga.lt\\\/wp-content\\\/uploads\\\/2024\\\/05\\\/cropped-cropped-cropped-02_00843_jt3bggkj1j3HLc7SyY6rEUpg.jpeg\",\"width\":1600,\"height\":1600,\"caption\":\"skaitytaknyga.lt\"},\"image\":{\"@id\":\"https:\\\/\\\/skaitytaknyga.lt\\\/#\\\/schema\\\/logo\\\/image\\\/\"},\"sameAs\":[\"https:\\\/\\\/www.facebook.com\\\/skaitytaknyga\\\/\"]}]}<\/script>\n<!-- \/ Yoast SEO plugin. -->","yoast_head_json":{"title":"Budd Hopkins \u201eLiudytoj\u0173 akimis\u201c - Skaitytaknyga","description":"Niujorke, 1989 met\u0173 lapkri\u010dio 30 d., apie 3 val. ryto, keletas liudytoj\u0173, tarp j\u0173 ir \u012f\u017eymus pasaulin\u0117s politikos lyderis, steb\u0117jo, o v\u0117liau ir be\u0161ali\u0161kai paliudijo mat\u0119 sukre\u010diant\u012f vaizd\u0105.  Lydima trij\u0173 ma\u017e\u0173 ateivi\u0173 fig\u016br\u0117li\u0173, Linda Kortail, i\u0161tek\u0117jusi dviej\u0173 vaik\u0173 mama, buvo pasteb\u0117ta i\u0161lendanti pro buto lang\u0105 dvyliktame auk\u0161te. Apgaubti m\u0117lyno \u0161vyt\u0117jimo Linda ir jos pagrob\u0117jai buvo perkelti \u012f didel\u012f raudonai oran\u017eine \u0161viesa spindint\u012f NSO, kuris pasuko Bruklino tilto kryptimi.  Viena aplinkyb\u0117 B. Hopkins\u0105 privert\u0117 padaryti i\u0161vad\u0105, kad \u0161is \u012fvykis skyr\u0117si nuo kit\u0173, kuriuos jis tyr\u0117 anks\u010diau. Jis gavo lai\u0161k\u0105 i\u0161 dviej\u0173 vyri\u0161ki\u0173, kurie pasivadino Niujorko policijos pareig\u016bnais. Bet j\u0173 asmenyb\u0117s ilgam buvo paslaptis. Pama\u017eu i\u0161ai\u0161k\u0117j\u0119 stulbinantys ry\u0161iai tarp Lindos ir vieno i\u0161 t\u0173 vyri\u0161ki\u0173 yra galb\u016bt nuostabiausi \u0161io atvejo aspektai.","robots":{"index":"index","follow":"follow","max-snippet":"max-snippet:-1","max-image-preview":"max-image-preview:large","max-video-preview":"max-video-preview:-1"},"canonical":"https:\/\/skaitytaknyga.lt\/en\/produktas\/budd-hopkins-liudytoju-akimis-2\/","og_locale":"en_GB","og_type":"article","og_title":"Budd Hopkins \u201eLiudytoj\u0173 akimis\u201c - Skaitytaknyga","og_description":"Niujorke, 1989 met\u0173 lapkri\u010dio 30 d., apie 3 val. ryto, keletas liudytoj\u0173, tarp j\u0173 ir \u012f\u017eymus pasaulin\u0117s politikos lyderis, steb\u0117jo, o v\u0117liau ir be\u0161ali\u0161kai paliudijo mat\u0119 sukre\u010diant\u012f vaizd\u0105.  Lydima trij\u0173 ma\u017e\u0173 ateivi\u0173 fig\u016br\u0117li\u0173, Linda Kortail, i\u0161tek\u0117jusi dviej\u0173 vaik\u0173 mama, buvo pasteb\u0117ta i\u0161lendanti pro buto lang\u0105 dvyliktame auk\u0161te. Apgaubti m\u0117lyno \u0161vyt\u0117jimo Linda ir jos pagrob\u0117jai buvo perkelti \u012f didel\u012f raudonai oran\u017eine \u0161viesa spindint\u012f NSO, kuris pasuko Bruklino tilto kryptimi.  Viena aplinkyb\u0117 B. Hopkins\u0105 privert\u0117 padaryti i\u0161vad\u0105, kad \u0161is \u012fvykis skyr\u0117si nuo kit\u0173, kuriuos jis tyr\u0117 anks\u010diau. Jis gavo lai\u0161k\u0105 i\u0161 dviej\u0173 vyri\u0161ki\u0173, kurie pasivadino Niujorko policijos pareig\u016bnais. Bet j\u0173 asmenyb\u0117s ilgam buvo paslaptis. Pama\u017eu i\u0161ai\u0161k\u0117j\u0119 stulbinantys ry\u0161iai tarp Lindos ir vieno i\u0161 t\u0173 vyri\u0161ki\u0173 yra galb\u016bt nuostabiausi \u0161io atvejo aspektai.","og_url":"https:\/\/skaitytaknyga.lt\/en\/produktas\/budd-hopkins-liudytoju-akimis-2\/","og_site_name":"Skaitytaknyga","article_publisher":"https:\/\/www.facebook.com\/skaitytaknyga\/","article_modified_time":"2024-05-04T14:54:32+00:00","og_image":[{"width":264,"height":430,"url":"https:\/\/skaitytaknyga.lt\/wp-content\/uploads\/2024\/05\/1462881633_img0006.jpg","type":"image\/jpeg"}],"twitter_card":"summary_large_image","twitter_misc":{"Estimated reading time":"1 minute"},"schema":{"@context":"https:\/\/schema.org","@graph":[{"@type":"WebPage","@id":"https:\/\/skaitytaknyga.lt\/produktas\/budd-hopkins-liudytoju-akimis-2\/","url":"https:\/\/skaitytaknyga.lt\/produktas\/budd-hopkins-liudytoju-akimis-2\/","name":"Budd Hopkins \u201eLiudytoj\u0173 akimis\u201c - Skaitytaknyga","isPartOf":{"@id":"https:\/\/skaitytaknyga.lt\/#website"},"primaryImageOfPage":{"@id":"https:\/\/skaitytaknyga.lt\/produktas\/budd-hopkins-liudytoju-akimis-2\/#primaryimage"},"image":{"@id":"https:\/\/skaitytaknyga.lt\/produktas\/budd-hopkins-liudytoju-akimis-2\/#primaryimage"},"thumbnailUrl":"https:\/\/skaitytaknyga.lt\/wp-content\/uploads\/2024\/05\/1462881633_img0006.jpg","datePublished":"2024-05-04T14:54:16+00:00","dateModified":"2024-05-04T14:54:32+00:00","description":"Niujorke, 1989 met\u0173 lapkri\u010dio 30 d., apie 3 val. ryto, keletas liudytoj\u0173, tarp j\u0173 ir \u012f\u017eymus pasaulin\u0117s politikos lyderis, steb\u0117jo, o v\u0117liau ir be\u0161ali\u0161kai paliudijo mat\u0119 sukre\u010diant\u012f vaizd\u0105. Lydima trij\u0173 ma\u017e\u0173 ateivi\u0173 fig\u016br\u0117li\u0173, Linda Kortail, i\u0161tek\u0117jusi dviej\u0173 vaik\u0173 mama, buvo pasteb\u0117ta i\u0161lendanti pro buto lang\u0105 dvyliktame auk\u0161te. Apgaubti m\u0117lyno \u0161vyt\u0117jimo Linda ir jos pagrob\u0117jai buvo perkelti \u012f didel\u012f raudonai oran\u017eine \u0161viesa spindint\u012f NSO, kuris pasuko Bruklino tilto kryptimi. Viena aplinkyb\u0117 B. Hopkins\u0105 privert\u0117 padaryti i\u0161vad\u0105, kad \u0161is \u012fvykis skyr\u0117si nuo kit\u0173, kuriuos jis tyr\u0117 anks\u010diau. Jis gavo lai\u0161k\u0105 i\u0161 dviej\u0173 vyri\u0161ki\u0173, kurie pasivadino Niujorko policijos pareig\u016bnais. Bet j\u0173 asmenyb\u0117s ilgam buvo paslaptis. Pama\u017eu i\u0161ai\u0161k\u0117j\u0119 stulbinantys ry\u0161iai tarp Lindos ir vieno i\u0161 t\u0173 vyri\u0161ki\u0173 yra galb\u016bt nuostabiausi \u0161io atvejo aspektai.","breadcrumb":{"@id":"https:\/\/skaitytaknyga.lt\/produktas\/budd-hopkins-liudytoju-akimis-2\/#breadcrumb"},"inLanguage":"en-GB","potentialAction":[{"@type":"ReadAction","target":["https:\/\/skaitytaknyga.lt\/produktas\/budd-hopkins-liudytoju-akimis-2\/"]}]},{"@type":"ImageObject","inLanguage":"en-GB","@id":"https:\/\/skaitytaknyga.lt\/produktas\/budd-hopkins-liudytoju-akimis-2\/#primaryimage","url":"https:\/\/skaitytaknyga.lt\/wp-content\/uploads\/2024\/05\/1462881633_img0006.jpg","contentUrl":"https:\/\/skaitytaknyga.lt\/wp-content\/uploads\/2024\/05\/1462881633_img0006.jpg","width":264,"height":430},{"@type":"BreadcrumbList","@id":"https:\/\/skaitytaknyga.lt\/produktas\/budd-hopkins-liudytoju-akimis-2\/#breadcrumb","itemListElement":[{"@type":"ListItem","position":1,"name":"Home","item":"https:\/\/skaitytaknyga.lt\/"},{"@type":"ListItem","position":2,"name":"Parduotuv\u0117","item":"https:\/\/skaitytaknyga.lt\/knygu-parduotuve\/"},{"@type":"ListItem","position":3,"name":"Budd Hopkins \u201eLiudytoj\u0173 akimis\u201c"}]},{"@type":"WebSite","@id":"https:\/\/skaitytaknyga.lt\/#website","url":"https:\/\/skaitytaknyga.lt\/","name":"skaitytaknyga.lt","description":"Skaitytaknyga.lt \u2013 tai ma\u017eas \u0161eimos verslas, kuris prasid\u0117jo nuo meil\u0117s knygoms ir siekio i\u0161gelb\u0117ti knygas nuo likimo prie konteinerio. Kas vienam nereikalingas daiktas \u2013 kitam lobis, o mes esame tarpininkai, kurie padeda abiems tapti laimingesniems ???? \u017dinome kaip nelengva i\u0161gyventi ma\u017eiems verslams, tad nuo \u0161iol, \u010dia rasite ir kit\u0173, ma\u017e\u0173 \u0161eim\u0173 versl\u0173, rank\u0173 darbo, dovan\u0173 sau ir artimiesiems.","publisher":{"@id":"https:\/\/skaitytaknyga.lt\/#organization"},"potentialAction":[{"@type":"SearchAction","target":{"@type":"EntryPoint","urlTemplate":"https:\/\/skaitytaknyga.lt\/?s={search_term_string}"},"query-input":{"@type":"PropertyValueSpecification","valueRequired":true,"valueName":"search_term_string"}}],"inLanguage":"en-GB"},{"@type":"Organization","@id":"https:\/\/skaitytaknyga.lt\/#organization","name":"skaitytaknyga.lt","url":"https:\/\/skaitytaknyga.lt\/","logo":{"@type":"ImageObject","inLanguage":"en-GB","@id":"https:\/\/skaitytaknyga.lt\/#\/schema\/logo\/image\/","url":"https:\/\/skaitytaknyga.lt\/wp-content\/uploads\/2024\/05\/cropped-cropped-cropped-02_00843_jt3bggkj1j3HLc7SyY6rEUpg.jpeg","contentUrl":"https:\/\/skaitytaknyga.lt\/wp-content\/uploads\/2024\/05\/cropped-cropped-cropped-02_00843_jt3bggkj1j3HLc7SyY6rEUpg.jpeg","width":1600,"height":1600,"caption":"skaitytaknyga.lt"},"image":{"@id":"https:\/\/skaitytaknyga.lt\/#\/schema\/logo\/image\/"},"sameAs":["https:\/\/www.facebook.com\/skaitytaknyga\/"]}]}},"_links":{"self":[{"href":"https:\/\/skaitytaknyga.lt\/en\/wp-json\/wp\/v2\/product\/8951","targetHints":{"allow":["GET"]}}],"collection":[{"href":"https:\/\/skaitytaknyga.lt\/en\/wp-json\/wp\/v2\/product"}],"about":[{"href":"https:\/\/skaitytaknyga.lt\/en\/wp-json\/wp\/v2\/types\/product"}],"replies":[{"embeddable":true,"href":"https:\/\/skaitytaknyga.lt\/en\/wp-json\/wp\/v2\/comments?post=8951"}],"wp:featuredmedia":[{"embeddable":true,"href":"https:\/\/skaitytaknyga.lt\/en\/wp-json\/wp\/v2\/media\/5849"}],"wp:attachment":[{"href":"https:\/\/skaitytaknyga.lt\/en\/wp-json\/wp\/v2\/media?parent=8951"}],"wp:term":[{"taxonomy":"product_brand","embeddable":true,"href":"https:\/\/skaitytaknyga.lt\/en\/wp-json\/wp\/v2\/product_brand?post=8951"},{"taxonomy":"product_cat","embeddable":true,"href":"https:\/\/skaitytaknyga.lt\/en\/wp-json\/wp\/v2\/product_cat?post=8951"},{"taxonomy":"product_tag","embeddable":true,"href":"https:\/\/skaitytaknyga.lt\/en\/wp-json\/wp\/v2\/product_tag?post=8951"}],"curies":[{"name":"wp","href":"https:\/\/api.w.org\/{rel}","templated":true}]}}