{"id":8927,"date":"2024-05-04T14:53:52","date_gmt":"2024-05-04T14:53:52","guid":{"rendered":"https:\/\/skaitytaknyga.lt\/?post_type=product&#038;p=8927"},"modified":"2025-12-15T21:05:25","modified_gmt":"2025-12-15T19:05:25","slug":"remarkas-gyvybes-kibirkstis-2","status":"publish","type":"product","link":"https:\/\/skaitytaknyga.lt\/en\/produktas\/remarkas-gyvybes-kibirkstis-2\/","title":{"rendered":"Remarkas \u201eGyvyb\u0117s kibirk\u0161tis\u201c"},"content":{"rendered":"<p>Antrojo pasaulinio karo pabaiga. Koncentracijos stovyklos kasdienyb\u0117. Ta\u010diau net ir \u010dia viltis mir\u0161ta paskutin\u0117. Pagrindinis knygos veik\u0117jas ir pasakotojas \u2013 kalinys Nr. 509 \u2013 ir jo likimo draugai, tik per stebukl\u0105 i\u0161veng\u0119 mirties, nujau\u010dia greit\u0105 hitlerin\u0117s Vokietijos pralaim\u0117jim\u0105 ir art\u0117jan\u010di\u0105 laisv\u0119. Viltis gr\u012f\u017eti \u012f laisv\u0119 pasmerktiesiems padovanoja \u201egyvyb\u0117s kibirk\u0161t\u012f&#8221; ir suteikia j\u0117g\u0173 pasiprie\u0161inti budeliams.<br \/>\nRomanas \u201eGyvyb\u0117s kibirk\u0161tis&#8221; \u2013 jaudinantis pasakojimas apie draugyst\u0119, kov\u0105 u\u017e b\u016bv\u012f ir teis\u0119 i\u0161likti \u017emogumi net ir sunkiausiomis valandomis.<\/p>\n","protected":false},"excerpt":{"rendered":"<p>Antrojo pasaulinio karo pabaiga. Koncentracijos stovyklos kasdienyb\u0117. Ta\u010diau net ir \u010dia viltis mir\u0161ta paskutin\u0117. Pagrindinis knygos veik\u0117jas ir pasakotojas \u2013 kalinys Nr. 509 \u2013 ir jo likimo draugai, tik per stebukl\u0105 i\u0161veng\u0119 mirties, nujau\u010dia greit\u0105 hitlerin\u0117s Vokietijos pralaim\u0117jim\u0105 ir art\u0117jan\u010di\u0105 laisv\u0119. Viltis gr\u012f\u017eti \u012f laisv\u0119 pasmerktiesiems padovanoja \u201egyvyb\u0117s kibirk\u0161t\u012f&#8221; ir suteikia j\u0117g\u0173 pasiprie\u0161inti budeliams.<br \/>\nRomanas \u201eGyvyb\u0117s kibirk\u0161tis&#8221; \u2013 jaudinantis pasakojimas apie draugyst\u0119, kov\u0105 u\u017e b\u016bv\u012f ir teis\u0119 i\u0161likti \u017emogumi net ir sunkiausiomis valandomis.<\/p>\n","protected":false},"featured_media":5797,"comment_status":"closed","ping_status":"closed","template":"","meta":{"_acf_changed":false,"site-sidebar-layout":"default","site-content-layout":"","ast-site-content-layout":"default","site-content-style":"default","site-sidebar-style":"default","ast-global-header-display":"","ast-banner-title-visibility":"","ast-main-header-display":"","ast-hfb-above-header-display":"","ast-hfb-below-header-display":"","ast-hfb-mobile-header-display":"","site-post-title":"","ast-breadcrumbs-content":"","ast-featured-img":"","footer-sml-layout":"","ast-disable-related-posts":"","theme-transparent-header-meta":"","adv-header-id-meta":"","stick-header-meta":"","header-above-stick-meta":"","header-main-stick-meta":"","header-below-stick-meta":"","astra-migrate-meta-layouts":"default","ast-page-background-enabled":"default","ast-page-background-meta":{"desktop":{"background-color":"","background-image":"","background-repeat":"repeat","background-position":"center center","background-size":"auto","background-attachment":"scroll","background-type":"","background-media":"","overlay-type":"","overlay-color":"","overlay-opacity":"","overlay-gradient":""},"tablet":{"background-color":"","background-image":"","background-repeat":"repeat","background-position":"center center","background-size":"auto","background-attachment":"scroll","background-type":"","background-media":"","overlay-type":"","overlay-color":"","overlay-opacity":"","overlay-gradient":""},"mobile":{"background-color":"","background-image":"","background-repeat":"repeat","background-position":"center center","background-size":"auto","background-attachment":"scroll","background-type":"","background-media":"","overlay-type":"","overlay-color":"","overlay-opacity":"","overlay-gradient":""}},"ast-content-background-meta":{"desktop":{"background-color":"var(--ast-global-color-4)","background-image":"","background-repeat":"repeat","background-position":"center center","background-size":"auto","background-attachment":"scroll","background-type":"","background-media":"","overlay-type":"","overlay-color":"","overlay-opacity":"","overlay-gradient":""},"tablet":{"background-color":"var(--ast-global-color-4)","background-image":"","background-repeat":"repeat","background-position":"center center","background-size":"auto","background-attachment":"scroll","background-type":"","background-media":"","overlay-type":"","overlay-color":"","overlay-opacity":"","overlay-gradient":""},"mobile":{"background-color":"var(--ast-global-color-4)","background-image":"","background-repeat":"repeat","background-position":"center center","background-size":"auto","background-attachment":"scroll","background-type":"","background-media":"","overlay-type":"","overlay-color":"","overlay-opacity":"","overlay-gradient":""}}},"product_brand":[],"product_cat":[31,28],"product_tag":[],"class_list":{"0":"post-8927","1":"product","2":"type-product","3":"status-publish","4":"has-post-thumbnail","6":"product_cat-grozine-literatura","7":"product_cat-klasika","8":"pa_leidimo-metai-777","9":"pa_virselis-minkstas","10":"desktop-align-left","11":"tablet-align-left","12":"mobile-align-left","14":"first","15":"instock","16":"shipping-taxable","17":"purchasable","18":"product-type-simple"},"acf":[],"yoast_head":"<!-- This site is optimized with the Yoast SEO plugin v27.0 - https:\/\/yoast.com\/product\/yoast-seo-wordpress\/ -->\n<title>Remarkas \u201eGyvyb\u0117s kibirk\u0161tis\u201c<\/title>\n<meta name=\"description\" content=\"Antrojo pasaulinio karo pabaiga. Koncentracijos stovyklos kasdienyb\u0117. Ta\u010diau net ir \u010dia viltis mir\u0161ta paskutin\u0117. Pagrindinis knygos veik\u0117jas ir pasakotojas \u2013 kalinys Nr. 509 \u2013 ir jo likimo draugai, tik per stebukl\u0105 i\u0161veng\u0119 mirties, nujau\u010dia greit\u0105 hitlerin\u0117s Vokietijos pralaim\u0117jim\u0105 ir art\u0117jan\u010di\u0105 laisv\u0119. Viltis gr\u012f\u017eti \u012f laisv\u0119 pasmerktiesiems padovanoja \u201egyvyb\u0117s kibirk\u0161t\u012f&quot; ir suteikia j\u0117g\u0173 pasiprie\u0161inti budeliams. Romanas \u201eGyvyb\u0117s kibirk\u0161tis&quot; \u2013 jaudinantis pasakojimas apie draugyst\u0119, kov\u0105 u\u017e b\u016bv\u012f ir teis\u0119 i\u0161likti \u017emogumi net ir sunkiausiomis valandomis.\" \/>\n<meta name=\"robots\" content=\"index, follow, max-snippet:-1, max-image-preview:large, max-video-preview:-1\" \/>\n<link rel=\"canonical\" href=\"https:\/\/skaitytaknyga.lt\/en\/produktas\/remarkas-gyvybes-kibirkstis-2\/\" \/>\n<meta property=\"og:locale\" content=\"en_GB\" \/>\n<meta property=\"og:locale:alternate\" content=\"lt_LT\" \/>\n<meta property=\"og:type\" content=\"article\" \/>\n<meta property=\"og:title\" content=\"Remarkas \u201eGyvyb\u0117s kibirk\u0161tis\u201c\" \/>\n<meta property=\"og:description\" content=\"Antrojo pasaulinio karo pabaiga. Koncentracijos stovyklos kasdienyb\u0117. Ta\u010diau net ir \u010dia viltis mir\u0161ta paskutin\u0117. Pagrindinis knygos veik\u0117jas ir pasakotojas \u2013 kalinys Nr. 509 \u2013 ir jo likimo draugai, tik per stebukl\u0105 i\u0161veng\u0119 mirties, nujau\u010dia greit\u0105 hitlerin\u0117s Vokietijos pralaim\u0117jim\u0105 ir art\u0117jan\u010di\u0105 laisv\u0119. Viltis gr\u012f\u017eti \u012f laisv\u0119 pasmerktiesiems padovanoja \u201egyvyb\u0117s kibirk\u0161t\u012f&quot; ir suteikia j\u0117g\u0173 pasiprie\u0161inti budeliams. Romanas \u201eGyvyb\u0117s kibirk\u0161tis&quot; \u2013 jaudinantis pasakojimas apie draugyst\u0119, kov\u0105 u\u017e b\u016bv\u012f ir teis\u0119 i\u0161likti \u017emogumi net ir sunkiausiomis valandomis.\" \/>\n<meta property=\"og:url\" content=\"https:\/\/skaitytaknyga.lt\/en\/produktas\/remarkas-gyvybes-kibirkstis-2\/\" \/>\n<meta property=\"og:site_name\" content=\"Skaitytaknyga\" \/>\n<meta property=\"article:publisher\" content=\"https:\/\/www.facebook.com\/skaitytaknyga\/\" \/>\n<meta property=\"article:modified_time\" content=\"2025-12-15T19:05:25+00:00\" \/>\n<meta property=\"og:image\" content=\"https:\/\/skaitytaknyga.lt\/wp-content\/uploads\/2024\/05\/1495800884_IMG_0014.jpg\" \/>\n\t<meta property=\"og:image:width\" content=\"268\" \/>\n\t<meta property=\"og:image:height\" content=\"430\" \/>\n\t<meta property=\"og:image:type\" content=\"image\/jpeg\" \/>\n<meta name=\"twitter:card\" content=\"summary_large_image\" \/>\n<script type=\"application\/ld+json\" class=\"yoast-schema-graph\">{\"@context\":\"https:\/\/schema.org\",\"@graph\":[{\"@type\":\"WebPage\",\"@id\":\"https:\/\/skaitytaknyga.lt\/produktas\/remarkas-gyvybes-kibirkstis-2\/\",\"url\":\"https:\/\/skaitytaknyga.lt\/produktas\/remarkas-gyvybes-kibirkstis-2\/\",\"name\":\"Remarkas \u201eGyvyb\u0117s kibirk\u0161tis\u201c\",\"isPartOf\":{\"@id\":\"https:\/\/skaitytaknyga.lt\/#website\"},\"primaryImageOfPage\":{\"@id\":\"https:\/\/skaitytaknyga.lt\/produktas\/remarkas-gyvybes-kibirkstis-2\/#primaryimage\"},\"image\":{\"@id\":\"https:\/\/skaitytaknyga.lt\/produktas\/remarkas-gyvybes-kibirkstis-2\/#primaryimage\"},\"thumbnailUrl\":\"https:\/\/skaitytaknyga.lt\/wp-content\/uploads\/2024\/05\/1495800884_IMG_0014.jpg\",\"datePublished\":\"2024-05-04T14:53:52+00:00\",\"dateModified\":\"2025-12-15T19:05:25+00:00\",\"description\":\"Antrojo pasaulinio karo pabaiga. Koncentracijos stovyklos kasdienyb\u0117. Ta\u010diau net ir \u010dia viltis mir\u0161ta paskutin\u0117. Pagrindinis knygos veik\u0117jas ir pasakotojas \u2013 kalinys Nr. 509 \u2013 ir jo likimo draugai, tik per stebukl\u0105 i\u0161veng\u0119 mirties, nujau\u010dia greit\u0105 hitlerin\u0117s Vokietijos pralaim\u0117jim\u0105 ir art\u0117jan\u010di\u0105 laisv\u0119. Viltis gr\u012f\u017eti \u012f laisv\u0119 pasmerktiesiems padovanoja \u201egyvyb\u0117s kibirk\u0161t\u012f\\\" ir suteikia j\u0117g\u0173 pasiprie\u0161inti budeliams. Romanas \u201eGyvyb\u0117s kibirk\u0161tis\\\" \u2013 jaudinantis pasakojimas apie draugyst\u0119, kov\u0105 u\u017e b\u016bv\u012f ir teis\u0119 i\u0161likti \u017emogumi net ir sunkiausiomis valandomis.\",\"breadcrumb\":{\"@id\":\"https:\/\/skaitytaknyga.lt\/produktas\/remarkas-gyvybes-kibirkstis-2\/#breadcrumb\"},\"inLanguage\":\"en-GB\",\"potentialAction\":[{\"@type\":\"ReadAction\",\"target\":[\"https:\/\/skaitytaknyga.lt\/produktas\/remarkas-gyvybes-kibirkstis-2\/\"]}]},{\"@type\":\"ImageObject\",\"inLanguage\":\"en-GB\",\"@id\":\"https:\/\/skaitytaknyga.lt\/produktas\/remarkas-gyvybes-kibirkstis-2\/#primaryimage\",\"url\":\"https:\/\/skaitytaknyga.lt\/wp-content\/uploads\/2024\/05\/1495800884_IMG_0014.jpg\",\"contentUrl\":\"https:\/\/skaitytaknyga.lt\/wp-content\/uploads\/2024\/05\/1495800884_IMG_0014.jpg\",\"width\":268,\"height\":430},{\"@type\":\"BreadcrumbList\",\"@id\":\"https:\/\/skaitytaknyga.lt\/produktas\/remarkas-gyvybes-kibirkstis-2\/#breadcrumb\",\"itemListElement\":[{\"@type\":\"ListItem\",\"position\":1,\"name\":\"Home\",\"item\":\"https:\/\/skaitytaknyga.lt\/\"},{\"@type\":\"ListItem\",\"position\":2,\"name\":\"Parduotuv\u0117\",\"item\":\"https:\/\/skaitytaknyga.lt\/knygu-parduotuve\/\"},{\"@type\":\"ListItem\",\"position\":3,\"name\":\"Remarkas \u201eGyvyb\u0117s kibirk\u0161tis\u201c\"}]},{\"@type\":\"WebSite\",\"@id\":\"https:\/\/skaitytaknyga.lt\/#website\",\"url\":\"https:\/\/skaitytaknyga.lt\/\",\"name\":\"skaitytaknyga.lt\",\"description\":\"Skaitytaknyga.lt \u2013 tai ma\u017eas \u0161eimos verslas, kuris prasid\u0117jo nuo meil\u0117s knygoms ir siekio i\u0161gelb\u0117ti knygas nuo likimo prie konteinerio. Kas vienam nereikalingas daiktas \u2013 kitam lobis, o mes esame tarpininkai, kurie padeda abiems tapti laimingesniems ???? \u017dinome kaip nelengva i\u0161gyventi ma\u017eiems verslams, tad nuo \u0161iol, \u010dia rasite ir kit\u0173, ma\u017e\u0173 \u0161eim\u0173 versl\u0173, rank\u0173 darbo, dovan\u0173 sau ir artimiesiems.\",\"publisher\":{\"@id\":\"https:\/\/skaitytaknyga.lt\/#organization\"},\"potentialAction\":[{\"@type\":\"SearchAction\",\"target\":{\"@type\":\"EntryPoint\",\"urlTemplate\":\"https:\/\/skaitytaknyga.lt\/?s={search_term_string}\"},\"query-input\":{\"@type\":\"PropertyValueSpecification\",\"valueRequired\":true,\"valueName\":\"search_term_string\"}}],\"inLanguage\":\"en-GB\"},{\"@type\":\"Organization\",\"@id\":\"https:\/\/skaitytaknyga.lt\/#organization\",\"name\":\"skaitytaknyga.lt\",\"url\":\"https:\/\/skaitytaknyga.lt\/\",\"logo\":{\"@type\":\"ImageObject\",\"inLanguage\":\"en-GB\",\"@id\":\"https:\/\/skaitytaknyga.lt\/#\/schema\/logo\/image\/\",\"url\":\"https:\/\/skaitytaknyga.lt\/wp-content\/uploads\/2024\/05\/cropped-cropped-cropped-02_00843_jt3bggkj1j3HLc7SyY6rEUpg.jpeg\",\"contentUrl\":\"https:\/\/skaitytaknyga.lt\/wp-content\/uploads\/2024\/05\/cropped-cropped-cropped-02_00843_jt3bggkj1j3HLc7SyY6rEUpg.jpeg\",\"width\":1600,\"height\":1600,\"caption\":\"skaitytaknyga.lt\"},\"image\":{\"@id\":\"https:\/\/skaitytaknyga.lt\/#\/schema\/logo\/image\/\"},\"sameAs\":[\"https:\/\/www.facebook.com\/skaitytaknyga\/\"]}]}<\/script>\n<!-- \/ Yoast SEO plugin. -->","yoast_head_json":{"title":"Remarkas \u201eGyvyb\u0117s kibirk\u0161tis\u201c","description":"Antrojo pasaulinio karo pabaiga. Koncentracijos stovyklos kasdienyb\u0117. Ta\u010diau net ir \u010dia viltis mir\u0161ta paskutin\u0117. Pagrindinis knygos veik\u0117jas ir pasakotojas \u2013 kalinys Nr. 509 \u2013 ir jo likimo draugai, tik per stebukl\u0105 i\u0161veng\u0119 mirties, nujau\u010dia greit\u0105 hitlerin\u0117s Vokietijos pralaim\u0117jim\u0105 ir art\u0117jan\u010di\u0105 laisv\u0119. Viltis gr\u012f\u017eti \u012f laisv\u0119 pasmerktiesiems padovanoja \u201egyvyb\u0117s kibirk\u0161t\u012f\" ir suteikia j\u0117g\u0173 pasiprie\u0161inti budeliams. Romanas \u201eGyvyb\u0117s kibirk\u0161tis\" \u2013 jaudinantis pasakojimas apie draugyst\u0119, kov\u0105 u\u017e b\u016bv\u012f ir teis\u0119 i\u0161likti \u017emogumi net ir sunkiausiomis valandomis.","robots":{"index":"index","follow":"follow","max-snippet":"max-snippet:-1","max-image-preview":"max-image-preview:large","max-video-preview":"max-video-preview:-1"},"canonical":"https:\/\/skaitytaknyga.lt\/en\/produktas\/remarkas-gyvybes-kibirkstis-2\/","og_locale":"en_GB","og_type":"article","og_title":"[:lt]Remarkas \u201eGyvyb\u0117s kibirk\u0161tis\u201c[:] - Skaitytaknyga","og_description":"Antrojo pasaulinio karo pabaiga. Koncentracijos stovyklos kasdienyb\u0117. Ta\u010diau net ir \u010dia viltis mir\u0161ta paskutin\u0117. Pagrindinis knygos veik\u0117jas ir pasakotojas \u2013 kalinys Nr. 509 \u2013 ir jo likimo draugai, tik per stebukl\u0105 i\u0161veng\u0119 mirties, nujau\u010dia greit\u0105 hitlerin\u0117s Vokietijos pralaim\u0117jim\u0105 ir art\u0117jan\u010di\u0105 laisv\u0119. Viltis gr\u012f\u017eti \u012f laisv\u0119 pasmerktiesiems padovanoja \u201egyvyb\u0117s kibirk\u0161t\u012f\" ir suteikia j\u0117g\u0173 pasiprie\u0161inti budeliams. Romanas \u201eGyvyb\u0117s kibirk\u0161tis\" \u2013 jaudinantis pasakojimas apie draugyst\u0119, kov\u0105 u\u017e b\u016bv\u012f ir teis\u0119 i\u0161likti \u017emogumi net ir sunkiausiomis valandomis.","og_url":"https:\/\/skaitytaknyga.lt\/en\/produktas\/remarkas-gyvybes-kibirkstis-2\/","og_site_name":"Skaitytaknyga","article_publisher":"https:\/\/www.facebook.com\/skaitytaknyga\/","article_modified_time":"2025-12-15T19:05:25+00:00","og_image":[{"width":268,"height":430,"url":"https:\/\/skaitytaknyga.lt\/wp-content\/uploads\/2024\/05\/1495800884_IMG_0014.jpg","type":"image\/jpeg"}],"twitter_card":"summary_large_image","schema":{"@context":"https:\/\/schema.org","@graph":[{"@type":"WebPage","@id":"https:\/\/skaitytaknyga.lt\/produktas\/remarkas-gyvybes-kibirkstis-2\/","url":"https:\/\/skaitytaknyga.lt\/produktas\/remarkas-gyvybes-kibirkstis-2\/","name":"Remarkas \u201eGyvyb\u0117s kibirk\u0161tis\u201c","isPartOf":{"@id":"https:\/\/skaitytaknyga.lt\/#website"},"primaryImageOfPage":{"@id":"https:\/\/skaitytaknyga.lt\/produktas\/remarkas-gyvybes-kibirkstis-2\/#primaryimage"},"image":{"@id":"https:\/\/skaitytaknyga.lt\/produktas\/remarkas-gyvybes-kibirkstis-2\/#primaryimage"},"thumbnailUrl":"https:\/\/skaitytaknyga.lt\/wp-content\/uploads\/2024\/05\/1495800884_IMG_0014.jpg","datePublished":"2024-05-04T14:53:52+00:00","dateModified":"2025-12-15T19:05:25+00:00","description":"Antrojo pasaulinio karo pabaiga. Koncentracijos stovyklos kasdienyb\u0117. Ta\u010diau net ir \u010dia viltis mir\u0161ta paskutin\u0117. Pagrindinis knygos veik\u0117jas ir pasakotojas \u2013 kalinys Nr. 509 \u2013 ir jo likimo draugai, tik per stebukl\u0105 i\u0161veng\u0119 mirties, nujau\u010dia greit\u0105 hitlerin\u0117s Vokietijos pralaim\u0117jim\u0105 ir art\u0117jan\u010di\u0105 laisv\u0119. Viltis gr\u012f\u017eti \u012f laisv\u0119 pasmerktiesiems padovanoja \u201egyvyb\u0117s kibirk\u0161t\u012f\" ir suteikia j\u0117g\u0173 pasiprie\u0161inti budeliams. Romanas \u201eGyvyb\u0117s kibirk\u0161tis\" \u2013 jaudinantis pasakojimas apie draugyst\u0119, kov\u0105 u\u017e b\u016bv\u012f ir teis\u0119 i\u0161likti \u017emogumi net ir sunkiausiomis valandomis.","breadcrumb":{"@id":"https:\/\/skaitytaknyga.lt\/produktas\/remarkas-gyvybes-kibirkstis-2\/#breadcrumb"},"inLanguage":"en-GB","potentialAction":[{"@type":"ReadAction","target":["https:\/\/skaitytaknyga.lt\/produktas\/remarkas-gyvybes-kibirkstis-2\/"]}]},{"@type":"ImageObject","inLanguage":"en-GB","@id":"https:\/\/skaitytaknyga.lt\/produktas\/remarkas-gyvybes-kibirkstis-2\/#primaryimage","url":"https:\/\/skaitytaknyga.lt\/wp-content\/uploads\/2024\/05\/1495800884_IMG_0014.jpg","contentUrl":"https:\/\/skaitytaknyga.lt\/wp-content\/uploads\/2024\/05\/1495800884_IMG_0014.jpg","width":268,"height":430},{"@type":"BreadcrumbList","@id":"https:\/\/skaitytaknyga.lt\/produktas\/remarkas-gyvybes-kibirkstis-2\/#breadcrumb","itemListElement":[{"@type":"ListItem","position":1,"name":"Home","item":"https:\/\/skaitytaknyga.lt\/"},{"@type":"ListItem","position":2,"name":"Parduotuv\u0117","item":"https:\/\/skaitytaknyga.lt\/knygu-parduotuve\/"},{"@type":"ListItem","position":3,"name":"Remarkas \u201eGyvyb\u0117s kibirk\u0161tis\u201c"}]},{"@type":"WebSite","@id":"https:\/\/skaitytaknyga.lt\/#website","url":"https:\/\/skaitytaknyga.lt\/","name":"skaitytaknyga.lt","description":"Skaitytaknyga.lt \u2013 tai ma\u017eas \u0161eimos verslas, kuris prasid\u0117jo nuo meil\u0117s knygoms ir siekio i\u0161gelb\u0117ti knygas nuo likimo prie konteinerio. Kas vienam nereikalingas daiktas \u2013 kitam lobis, o mes esame tarpininkai, kurie padeda abiems tapti laimingesniems ???? \u017dinome kaip nelengva i\u0161gyventi ma\u017eiems verslams, tad nuo \u0161iol, \u010dia rasite ir kit\u0173, ma\u017e\u0173 \u0161eim\u0173 versl\u0173, rank\u0173 darbo, dovan\u0173 sau ir artimiesiems.","publisher":{"@id":"https:\/\/skaitytaknyga.lt\/#organization"},"potentialAction":[{"@type":"SearchAction","target":{"@type":"EntryPoint","urlTemplate":"https:\/\/skaitytaknyga.lt\/?s={search_term_string}"},"query-input":{"@type":"PropertyValueSpecification","valueRequired":true,"valueName":"search_term_string"}}],"inLanguage":"en-GB"},{"@type":"Organization","@id":"https:\/\/skaitytaknyga.lt\/#organization","name":"skaitytaknyga.lt","url":"https:\/\/skaitytaknyga.lt\/","logo":{"@type":"ImageObject","inLanguage":"en-GB","@id":"https:\/\/skaitytaknyga.lt\/#\/schema\/logo\/image\/","url":"https:\/\/skaitytaknyga.lt\/wp-content\/uploads\/2024\/05\/cropped-cropped-cropped-02_00843_jt3bggkj1j3HLc7SyY6rEUpg.jpeg","contentUrl":"https:\/\/skaitytaknyga.lt\/wp-content\/uploads\/2024\/05\/cropped-cropped-cropped-02_00843_jt3bggkj1j3HLc7SyY6rEUpg.jpeg","width":1600,"height":1600,"caption":"skaitytaknyga.lt"},"image":{"@id":"https:\/\/skaitytaknyga.lt\/#\/schema\/logo\/image\/"},"sameAs":["https:\/\/www.facebook.com\/skaitytaknyga\/"]}]}},"_links":{"self":[{"href":"https:\/\/skaitytaknyga.lt\/en\/wp-json\/wp\/v2\/product\/8927","targetHints":{"allow":["GET"]}}],"collection":[{"href":"https:\/\/skaitytaknyga.lt\/en\/wp-json\/wp\/v2\/product"}],"about":[{"href":"https:\/\/skaitytaknyga.lt\/en\/wp-json\/wp\/v2\/types\/product"}],"replies":[{"embeddable":true,"href":"https:\/\/skaitytaknyga.lt\/en\/wp-json\/wp\/v2\/comments?post=8927"}],"wp:featuredmedia":[{"embeddable":true,"href":"https:\/\/skaitytaknyga.lt\/en\/wp-json\/wp\/v2\/media\/5797"}],"wp:attachment":[{"href":"https:\/\/skaitytaknyga.lt\/en\/wp-json\/wp\/v2\/media?parent=8927"}],"wp:term":[{"taxonomy":"product_brand","embeddable":true,"href":"https:\/\/skaitytaknyga.lt\/en\/wp-json\/wp\/v2\/product_brand?post=8927"},{"taxonomy":"product_cat","embeddable":true,"href":"https:\/\/skaitytaknyga.lt\/en\/wp-json\/wp\/v2\/product_cat?post=8927"},{"taxonomy":"product_tag","embeddable":true,"href":"https:\/\/skaitytaknyga.lt\/en\/wp-json\/wp\/v2\/product_tag?post=8927"}],"curies":[{"name":"wp","href":"https:\/\/api.w.org\/{rel}","templated":true}]}}