{"id":8913,"date":"2024-05-04T14:53:51","date_gmt":"2024-05-04T14:53:51","guid":{"rendered":"https:\/\/skaitytaknyga.lt\/?post_type=product&#038;p=8913"},"modified":"2024-05-04T14:53:54","modified_gmt":"2024-05-04T14:53:54","slug":"nestumo-biblija-2","status":"publish","type":"product","link":"https:\/\/skaitytaknyga.lt\/en\/produktas\/nestumo-biblija-2\/","title":{"rendered":"N\u0117\u0161tumo biblija"},"content":{"rendered":"<p>Rengiant \u0161i\u0105 knyg\u0105 dalyvavo \u012fvairi\u0173 sri\u010di\u0173 (genetikos, aku\u0161erijos, ginekologijos, n\u0117\u0161\u010di\u0173j\u0173 mitybos ir mank\u0161tos, psichologijos ir pediatrijos) specialistai. Joje kalbama apie svarbiausius n\u0117\u0161tumo, gimdymo ir k\u016bdikio prie\u017ei\u016bros pirmaisiais m\u0117nesiais aspektus: kaip pri\u017ei\u016br\u0117ti save ir k\u016bdik\u012f, koki\u0105 pagalb\u0105 si\u016blo \u0161iuolaikin\u0117 medicina normalaus n\u0117\u0161tumo ir sud\u0117tingais atvejais.<\/p>\n<p>Knygoje gausu nuotrauk\u0173. Tarp j\u0173 yra ir nat\u016bralaus dyd\u017eio, kuriose matyti, kaip vaisius \u2013 savait\u0117 po savait\u0117s \u2013 vystosi gimdoje.<\/p>\n","protected":false},"excerpt":{"rendered":"<p>Rengiant \u0161i\u0105 knyg\u0105 dalyvavo \u012fvairi\u0173 sri\u010di\u0173 (genetikos, aku\u0161erijos, ginekologijos, n\u0117\u0161\u010di\u0173j\u0173 mitybos ir mank\u0161tos, psichologijos ir pediatrijos) specialistai. Joje kalbama apie svarbiausius n\u0117\u0161tumo, gimdymo ir k\u016bdikio prie\u017ei\u016bros pirmaisiais m\u0117nesiais aspektus: kaip pri\u017ei\u016br\u0117ti save ir k\u016bdik\u012f, koki\u0105 pagalb\u0105 si\u016blo \u0161iuolaikin\u0117 medicina normalaus n\u0117\u0161tumo ir sud\u0117tingais atvejais.<\/p>\n<p>Knygoje gausu nuotrauk\u0173. Tarp j\u0173 yra ir nat\u016bralaus dyd\u017eio, kuriose matyti, kaip vaisius \u2013 savait\u0117 po savait\u0117s \u2013 vystosi gimdoje.<\/p>\n","protected":false},"featured_media":5774,"comment_status":"closed","ping_status":"closed","template":"","meta":{"_acf_changed":false,"site-sidebar-layout":"default","site-content-layout":"","ast-site-content-layout":"default","site-content-style":"default","site-sidebar-style":"default","ast-global-header-display":"","ast-banner-title-visibility":"","ast-main-header-display":"","ast-hfb-above-header-display":"","ast-hfb-below-header-display":"","ast-hfb-mobile-header-display":"","site-post-title":"","ast-breadcrumbs-content":"","ast-featured-img":"","footer-sml-layout":"","ast-disable-related-posts":"","theme-transparent-header-meta":"","adv-header-id-meta":"","stick-header-meta":"","header-above-stick-meta":"","header-main-stick-meta":"","header-below-stick-meta":"","astra-migrate-meta-layouts":"default","ast-page-background-enabled":"default","ast-page-background-meta":{"desktop":{"background-color":"","background-image":"","background-repeat":"repeat","background-position":"center center","background-size":"auto","background-attachment":"scroll","background-type":"","background-media":"","overlay-type":"","overlay-color":"","overlay-opacity":"","overlay-gradient":""},"tablet":{"background-color":"","background-image":"","background-repeat":"repeat","background-position":"center center","background-size":"auto","background-attachment":"scroll","background-type":"","background-media":"","overlay-type":"","overlay-color":"","overlay-opacity":"","overlay-gradient":""},"mobile":{"background-color":"","background-image":"","background-repeat":"repeat","background-position":"center center","background-size":"auto","background-attachment":"scroll","background-type":"","background-media":"","overlay-type":"","overlay-color":"","overlay-opacity":"","overlay-gradient":""}},"ast-content-background-meta":{"desktop":{"background-color":"var(--ast-global-color-4)","background-image":"","background-repeat":"repeat","background-position":"center center","background-size":"auto","background-attachment":"scroll","background-type":"","background-media":"","overlay-type":"","overlay-color":"","overlay-opacity":"","overlay-gradient":""},"tablet":{"background-color":"var(--ast-global-color-4)","background-image":"","background-repeat":"repeat","background-position":"center center","background-size":"auto","background-attachment":"scroll","background-type":"","background-media":"","overlay-type":"","overlay-color":"","overlay-opacity":"","overlay-gradient":""},"mobile":{"background-color":"var(--ast-global-color-4)","background-image":"","background-repeat":"repeat","background-position":"center center","background-size":"auto","background-attachment":"scroll","background-type":"","background-media":"","overlay-type":"","overlay-color":"","overlay-opacity":"","overlay-gradient":""}}},"product_brand":[],"product_cat":[37],"product_tag":[],"class_list":{"0":"post-8913","1":"product","2":"type-product","3":"status-publish","4":"has-post-thumbnail","6":"product_cat-nestumas-ir-vaiku-prieziura-bei-auklejimas","7":"desktop-align-left","8":"tablet-align-left","9":"mobile-align-left","11":"first","12":"instock","13":"shipping-taxable","14":"purchasable","15":"product-type-simple"},"acf":[],"yoast_head":"<!-- This site is optimized with the Yoast SEO plugin v27.0 - https:\/\/yoast.com\/product\/yoast-seo-wordpress\/ -->\n<title>N\u0117\u0161tumo biblija - Skaitytaknyga<\/title>\n<meta name=\"description\" content=\"Rengiant \u0161i\u0105 knyg\u0105 dalyvavo \u012fvairi\u0173 sri\u010di\u0173 (genetikos, aku\u0161erijos, ginekologijos, n\u0117\u0161\u010di\u0173j\u0173 mitybos ir mank\u0161tos, psichologijos ir pediatrijos) specialistai. Joje kalbama apie svarbiausius n\u0117\u0161tumo, gimdymo ir k\u016bdikio prie\u017ei\u016bros pirmaisiais m\u0117nesiais aspektus: kaip pri\u017ei\u016br\u0117ti save ir k\u016bdik\u012f, koki\u0105 pagalb\u0105 si\u016blo \u0161iuolaikin\u0117 medicina normalaus n\u0117\u0161tumo ir sud\u0117tingais atvejais.  Knygoje gausu nuotrauk\u0173. Tarp j\u0173 yra ir nat\u016bralaus dyd\u017eio, kuriose matyti, kaip vaisius \u2013 savait\u0117 po savait\u0117s \u2013 vystosi gimdoje.\" \/>\n<meta name=\"robots\" content=\"index, follow, max-snippet:-1, max-image-preview:large, max-video-preview:-1\" \/>\n<link rel=\"canonical\" href=\"https:\/\/skaitytaknyga.lt\/en\/produktas\/nestumo-biblija-2\/\" \/>\n<meta property=\"og:locale\" content=\"en_GB\" \/>\n<meta property=\"og:locale:alternate\" content=\"lt_LT\" \/>\n<meta property=\"og:type\" content=\"article\" \/>\n<meta property=\"og:title\" content=\"N\u0117\u0161tumo biblija - Skaitytaknyga\" \/>\n<meta property=\"og:description\" content=\"Rengiant \u0161i\u0105 knyg\u0105 dalyvavo \u012fvairi\u0173 sri\u010di\u0173 (genetikos, aku\u0161erijos, ginekologijos, n\u0117\u0161\u010di\u0173j\u0173 mitybos ir mank\u0161tos, psichologijos ir pediatrijos) specialistai. Joje kalbama apie svarbiausius n\u0117\u0161tumo, gimdymo ir k\u016bdikio prie\u017ei\u016bros pirmaisiais m\u0117nesiais aspektus: kaip pri\u017ei\u016br\u0117ti save ir k\u016bdik\u012f, koki\u0105 pagalb\u0105 si\u016blo \u0161iuolaikin\u0117 medicina normalaus n\u0117\u0161tumo ir sud\u0117tingais atvejais.  Knygoje gausu nuotrauk\u0173. Tarp j\u0173 yra ir nat\u016bralaus dyd\u017eio, kuriose matyti, kaip vaisius \u2013 savait\u0117 po savait\u0117s \u2013 vystosi gimdoje.\" \/>\n<meta property=\"og:url\" content=\"https:\/\/skaitytaknyga.lt\/en\/produktas\/nestumo-biblija-2\/\" \/>\n<meta property=\"og:site_name\" content=\"Skaitytaknyga\" \/>\n<meta property=\"article:publisher\" content=\"https:\/\/www.facebook.com\/skaitytaknyga\/\" \/>\n<meta property=\"article:modified_time\" content=\"2024-05-04T14:53:54+00:00\" \/>\n<meta property=\"og:image\" content=\"https:\/\/skaitytaknyga.lt\/wp-content\/uploads\/2024\/05\/1462874138_nestumo-biblija.jpg\" \/>\n\t<meta property=\"og:image:width\" content=\"320\" \/>\n\t<meta property=\"og:image:height\" content=\"412\" \/>\n\t<meta property=\"og:image:type\" content=\"image\/jpeg\" \/>\n<meta name=\"twitter:card\" content=\"summary_large_image\" \/>\n<script type=\"application\/ld+json\" class=\"yoast-schema-graph\">{\"@context\":\"https:\/\/schema.org\",\"@graph\":[{\"@type\":\"WebPage\",\"@id\":\"https:\/\/skaitytaknyga.lt\/produktas\/nestumo-biblija-2\/\",\"url\":\"https:\/\/skaitytaknyga.lt\/produktas\/nestumo-biblija-2\/\",\"name\":\"N\u0117\u0161tumo biblija - Skaitytaknyga\",\"isPartOf\":{\"@id\":\"https:\/\/skaitytaknyga.lt\/#website\"},\"primaryImageOfPage\":{\"@id\":\"https:\/\/skaitytaknyga.lt\/produktas\/nestumo-biblija-2\/#primaryimage\"},\"image\":{\"@id\":\"https:\/\/skaitytaknyga.lt\/produktas\/nestumo-biblija-2\/#primaryimage\"},\"thumbnailUrl\":\"https:\/\/skaitytaknyga.lt\/wp-content\/uploads\/2024\/05\/1462874138_nestumo-biblija.jpg\",\"datePublished\":\"2024-05-04T14:53:51+00:00\",\"dateModified\":\"2024-05-04T14:53:54+00:00\",\"description\":\"Rengiant \u0161i\u0105 knyg\u0105 dalyvavo \u012fvairi\u0173 sri\u010di\u0173 (genetikos, aku\u0161erijos, ginekologijos, n\u0117\u0161\u010di\u0173j\u0173 mitybos ir mank\u0161tos, psichologijos ir pediatrijos) specialistai. Joje kalbama apie svarbiausius n\u0117\u0161tumo, gimdymo ir k\u016bdikio prie\u017ei\u016bros pirmaisiais m\u0117nesiais aspektus: kaip pri\u017ei\u016br\u0117ti save ir k\u016bdik\u012f, koki\u0105 pagalb\u0105 si\u016blo \u0161iuolaikin\u0117 medicina normalaus n\u0117\u0161tumo ir sud\u0117tingais atvejais. Knygoje gausu nuotrauk\u0173. Tarp j\u0173 yra ir nat\u016bralaus dyd\u017eio, kuriose matyti, kaip vaisius \u2013 savait\u0117 po savait\u0117s \u2013 vystosi gimdoje.\",\"breadcrumb\":{\"@id\":\"https:\/\/skaitytaknyga.lt\/produktas\/nestumo-biblija-2\/#breadcrumb\"},\"inLanguage\":\"en-GB\",\"potentialAction\":[{\"@type\":\"ReadAction\",\"target\":[\"https:\/\/skaitytaknyga.lt\/produktas\/nestumo-biblija-2\/\"]}]},{\"@type\":\"ImageObject\",\"inLanguage\":\"en-GB\",\"@id\":\"https:\/\/skaitytaknyga.lt\/produktas\/nestumo-biblija-2\/#primaryimage\",\"url\":\"https:\/\/skaitytaknyga.lt\/wp-content\/uploads\/2024\/05\/1462874138_nestumo-biblija.jpg\",\"contentUrl\":\"https:\/\/skaitytaknyga.lt\/wp-content\/uploads\/2024\/05\/1462874138_nestumo-biblija.jpg\",\"width\":320,\"height\":412},{\"@type\":\"BreadcrumbList\",\"@id\":\"https:\/\/skaitytaknyga.lt\/produktas\/nestumo-biblija-2\/#breadcrumb\",\"itemListElement\":[{\"@type\":\"ListItem\",\"position\":1,\"name\":\"Home\",\"item\":\"https:\/\/skaitytaknyga.lt\/\"},{\"@type\":\"ListItem\",\"position\":2,\"name\":\"Parduotuv\u0117\",\"item\":\"https:\/\/skaitytaknyga.lt\/knygu-parduotuve\/\"},{\"@type\":\"ListItem\",\"position\":3,\"name\":\"N\u0117\u0161tumo biblija\"}]},{\"@type\":\"WebSite\",\"@id\":\"https:\/\/skaitytaknyga.lt\/#website\",\"url\":\"https:\/\/skaitytaknyga.lt\/\",\"name\":\"skaitytaknyga.lt\",\"description\":\"Skaitytaknyga.lt \u2013 tai ma\u017eas \u0161eimos verslas, kuris prasid\u0117jo nuo meil\u0117s knygoms ir siekio i\u0161gelb\u0117ti knygas nuo likimo prie konteinerio. Kas vienam nereikalingas daiktas \u2013 kitam lobis, o mes esame tarpininkai, kurie padeda abiems tapti laimingesniems ???? \u017dinome kaip nelengva i\u0161gyventi ma\u017eiems verslams, tad nuo \u0161iol, \u010dia rasite ir kit\u0173, ma\u017e\u0173 \u0161eim\u0173 versl\u0173, rank\u0173 darbo, dovan\u0173 sau ir artimiesiems.\",\"publisher\":{\"@id\":\"https:\/\/skaitytaknyga.lt\/#organization\"},\"potentialAction\":[{\"@type\":\"SearchAction\",\"target\":{\"@type\":\"EntryPoint\",\"urlTemplate\":\"https:\/\/skaitytaknyga.lt\/?s={search_term_string}\"},\"query-input\":{\"@type\":\"PropertyValueSpecification\",\"valueRequired\":true,\"valueName\":\"search_term_string\"}}],\"inLanguage\":\"en-GB\"},{\"@type\":\"Organization\",\"@id\":\"https:\/\/skaitytaknyga.lt\/#organization\",\"name\":\"skaitytaknyga.lt\",\"url\":\"https:\/\/skaitytaknyga.lt\/\",\"logo\":{\"@type\":\"ImageObject\",\"inLanguage\":\"en-GB\",\"@id\":\"https:\/\/skaitytaknyga.lt\/#\/schema\/logo\/image\/\",\"url\":\"https:\/\/skaitytaknyga.lt\/wp-content\/uploads\/2024\/05\/cropped-cropped-cropped-02_00843_jt3bggkj1j3HLc7SyY6rEUpg.jpeg\",\"contentUrl\":\"https:\/\/skaitytaknyga.lt\/wp-content\/uploads\/2024\/05\/cropped-cropped-cropped-02_00843_jt3bggkj1j3HLc7SyY6rEUpg.jpeg\",\"width\":1600,\"height\":1600,\"caption\":\"skaitytaknyga.lt\"},\"image\":{\"@id\":\"https:\/\/skaitytaknyga.lt\/#\/schema\/logo\/image\/\"},\"sameAs\":[\"https:\/\/www.facebook.com\/skaitytaknyga\/\"]}]}<\/script>\n<!-- \/ Yoast SEO plugin. -->","yoast_head_json":{"title":"N\u0117\u0161tumo biblija - Skaitytaknyga","description":"Rengiant \u0161i\u0105 knyg\u0105 dalyvavo \u012fvairi\u0173 sri\u010di\u0173 (genetikos, aku\u0161erijos, ginekologijos, n\u0117\u0161\u010di\u0173j\u0173 mitybos ir mank\u0161tos, psichologijos ir pediatrijos) specialistai. Joje kalbama apie svarbiausius n\u0117\u0161tumo, gimdymo ir k\u016bdikio prie\u017ei\u016bros pirmaisiais m\u0117nesiais aspektus: kaip pri\u017ei\u016br\u0117ti save ir k\u016bdik\u012f, koki\u0105 pagalb\u0105 si\u016blo \u0161iuolaikin\u0117 medicina normalaus n\u0117\u0161tumo ir sud\u0117tingais atvejais.  Knygoje gausu nuotrauk\u0173. Tarp j\u0173 yra ir nat\u016bralaus dyd\u017eio, kuriose matyti, kaip vaisius \u2013 savait\u0117 po savait\u0117s \u2013 vystosi gimdoje.","robots":{"index":"index","follow":"follow","max-snippet":"max-snippet:-1","max-image-preview":"max-image-preview:large","max-video-preview":"max-video-preview:-1"},"canonical":"https:\/\/skaitytaknyga.lt\/en\/produktas\/nestumo-biblija-2\/","og_locale":"en_GB","og_type":"article","og_title":"N\u0117\u0161tumo biblija - Skaitytaknyga","og_description":"Rengiant \u0161i\u0105 knyg\u0105 dalyvavo \u012fvairi\u0173 sri\u010di\u0173 (genetikos, aku\u0161erijos, ginekologijos, n\u0117\u0161\u010di\u0173j\u0173 mitybos ir mank\u0161tos, psichologijos ir pediatrijos) specialistai. Joje kalbama apie svarbiausius n\u0117\u0161tumo, gimdymo ir k\u016bdikio prie\u017ei\u016bros pirmaisiais m\u0117nesiais aspektus: kaip pri\u017ei\u016br\u0117ti save ir k\u016bdik\u012f, koki\u0105 pagalb\u0105 si\u016blo \u0161iuolaikin\u0117 medicina normalaus n\u0117\u0161tumo ir sud\u0117tingais atvejais.  Knygoje gausu nuotrauk\u0173. Tarp j\u0173 yra ir nat\u016bralaus dyd\u017eio, kuriose matyti, kaip vaisius \u2013 savait\u0117 po savait\u0117s \u2013 vystosi gimdoje.","og_url":"https:\/\/skaitytaknyga.lt\/en\/produktas\/nestumo-biblija-2\/","og_site_name":"Skaitytaknyga","article_publisher":"https:\/\/www.facebook.com\/skaitytaknyga\/","article_modified_time":"2024-05-04T14:53:54+00:00","og_image":[{"width":320,"height":412,"url":"https:\/\/skaitytaknyga.lt\/wp-content\/uploads\/2024\/05\/1462874138_nestumo-biblija.jpg","type":"image\/jpeg"}],"twitter_card":"summary_large_image","schema":{"@context":"https:\/\/schema.org","@graph":[{"@type":"WebPage","@id":"https:\/\/skaitytaknyga.lt\/produktas\/nestumo-biblija-2\/","url":"https:\/\/skaitytaknyga.lt\/produktas\/nestumo-biblija-2\/","name":"N\u0117\u0161tumo biblija - Skaitytaknyga","isPartOf":{"@id":"https:\/\/skaitytaknyga.lt\/#website"},"primaryImageOfPage":{"@id":"https:\/\/skaitytaknyga.lt\/produktas\/nestumo-biblija-2\/#primaryimage"},"image":{"@id":"https:\/\/skaitytaknyga.lt\/produktas\/nestumo-biblija-2\/#primaryimage"},"thumbnailUrl":"https:\/\/skaitytaknyga.lt\/wp-content\/uploads\/2024\/05\/1462874138_nestumo-biblija.jpg","datePublished":"2024-05-04T14:53:51+00:00","dateModified":"2024-05-04T14:53:54+00:00","description":"Rengiant \u0161i\u0105 knyg\u0105 dalyvavo \u012fvairi\u0173 sri\u010di\u0173 (genetikos, aku\u0161erijos, ginekologijos, n\u0117\u0161\u010di\u0173j\u0173 mitybos ir mank\u0161tos, psichologijos ir pediatrijos) specialistai. Joje kalbama apie svarbiausius n\u0117\u0161tumo, gimdymo ir k\u016bdikio prie\u017ei\u016bros pirmaisiais m\u0117nesiais aspektus: kaip pri\u017ei\u016br\u0117ti save ir k\u016bdik\u012f, koki\u0105 pagalb\u0105 si\u016blo \u0161iuolaikin\u0117 medicina normalaus n\u0117\u0161tumo ir sud\u0117tingais atvejais. Knygoje gausu nuotrauk\u0173. Tarp j\u0173 yra ir nat\u016bralaus dyd\u017eio, kuriose matyti, kaip vaisius \u2013 savait\u0117 po savait\u0117s \u2013 vystosi gimdoje.","breadcrumb":{"@id":"https:\/\/skaitytaknyga.lt\/produktas\/nestumo-biblija-2\/#breadcrumb"},"inLanguage":"en-GB","potentialAction":[{"@type":"ReadAction","target":["https:\/\/skaitytaknyga.lt\/produktas\/nestumo-biblija-2\/"]}]},{"@type":"ImageObject","inLanguage":"en-GB","@id":"https:\/\/skaitytaknyga.lt\/produktas\/nestumo-biblija-2\/#primaryimage","url":"https:\/\/skaitytaknyga.lt\/wp-content\/uploads\/2024\/05\/1462874138_nestumo-biblija.jpg","contentUrl":"https:\/\/skaitytaknyga.lt\/wp-content\/uploads\/2024\/05\/1462874138_nestumo-biblija.jpg","width":320,"height":412},{"@type":"BreadcrumbList","@id":"https:\/\/skaitytaknyga.lt\/produktas\/nestumo-biblija-2\/#breadcrumb","itemListElement":[{"@type":"ListItem","position":1,"name":"Home","item":"https:\/\/skaitytaknyga.lt\/"},{"@type":"ListItem","position":2,"name":"Parduotuv\u0117","item":"https:\/\/skaitytaknyga.lt\/knygu-parduotuve\/"},{"@type":"ListItem","position":3,"name":"N\u0117\u0161tumo biblija"}]},{"@type":"WebSite","@id":"https:\/\/skaitytaknyga.lt\/#website","url":"https:\/\/skaitytaknyga.lt\/","name":"skaitytaknyga.lt","description":"Skaitytaknyga.lt \u2013 tai ma\u017eas \u0161eimos verslas, kuris prasid\u0117jo nuo meil\u0117s knygoms ir siekio i\u0161gelb\u0117ti knygas nuo likimo prie konteinerio. Kas vienam nereikalingas daiktas \u2013 kitam lobis, o mes esame tarpininkai, kurie padeda abiems tapti laimingesniems ???? \u017dinome kaip nelengva i\u0161gyventi ma\u017eiems verslams, tad nuo \u0161iol, \u010dia rasite ir kit\u0173, ma\u017e\u0173 \u0161eim\u0173 versl\u0173, rank\u0173 darbo, dovan\u0173 sau ir artimiesiems.","publisher":{"@id":"https:\/\/skaitytaknyga.lt\/#organization"},"potentialAction":[{"@type":"SearchAction","target":{"@type":"EntryPoint","urlTemplate":"https:\/\/skaitytaknyga.lt\/?s={search_term_string}"},"query-input":{"@type":"PropertyValueSpecification","valueRequired":true,"valueName":"search_term_string"}}],"inLanguage":"en-GB"},{"@type":"Organization","@id":"https:\/\/skaitytaknyga.lt\/#organization","name":"skaitytaknyga.lt","url":"https:\/\/skaitytaknyga.lt\/","logo":{"@type":"ImageObject","inLanguage":"en-GB","@id":"https:\/\/skaitytaknyga.lt\/#\/schema\/logo\/image\/","url":"https:\/\/skaitytaknyga.lt\/wp-content\/uploads\/2024\/05\/cropped-cropped-cropped-02_00843_jt3bggkj1j3HLc7SyY6rEUpg.jpeg","contentUrl":"https:\/\/skaitytaknyga.lt\/wp-content\/uploads\/2024\/05\/cropped-cropped-cropped-02_00843_jt3bggkj1j3HLc7SyY6rEUpg.jpeg","width":1600,"height":1600,"caption":"skaitytaknyga.lt"},"image":{"@id":"https:\/\/skaitytaknyga.lt\/#\/schema\/logo\/image\/"},"sameAs":["https:\/\/www.facebook.com\/skaitytaknyga\/"]}]}},"_links":{"self":[{"href":"https:\/\/skaitytaknyga.lt\/en\/wp-json\/wp\/v2\/product\/8913","targetHints":{"allow":["GET"]}}],"collection":[{"href":"https:\/\/skaitytaknyga.lt\/en\/wp-json\/wp\/v2\/product"}],"about":[{"href":"https:\/\/skaitytaknyga.lt\/en\/wp-json\/wp\/v2\/types\/product"}],"replies":[{"embeddable":true,"href":"https:\/\/skaitytaknyga.lt\/en\/wp-json\/wp\/v2\/comments?post=8913"}],"wp:featuredmedia":[{"embeddable":true,"href":"https:\/\/skaitytaknyga.lt\/en\/wp-json\/wp\/v2\/media\/5774"}],"wp:attachment":[{"href":"https:\/\/skaitytaknyga.lt\/en\/wp-json\/wp\/v2\/media?parent=8913"}],"wp:term":[{"taxonomy":"product_brand","embeddable":true,"href":"https:\/\/skaitytaknyga.lt\/en\/wp-json\/wp\/v2\/product_brand?post=8913"},{"taxonomy":"product_cat","embeddable":true,"href":"https:\/\/skaitytaknyga.lt\/en\/wp-json\/wp\/v2\/product_cat?post=8913"},{"taxonomy":"product_tag","embeddable":true,"href":"https:\/\/skaitytaknyga.lt\/en\/wp-json\/wp\/v2\/product_tag?post=8913"}],"curies":[{"name":"wp","href":"https:\/\/api.w.org\/{rel}","templated":true}]}}