{"id":8904,"date":"2024-05-04T14:53:28","date_gmt":"2024-05-04T14:53:28","guid":{"rendered":"https:\/\/skaitytaknyga.lt\/?post_type=product&#038;p=8904"},"modified":"2024-05-04T14:53:43","modified_gmt":"2024-05-04T14:53:43","slug":"motina-ir-vaikas-2","status":"publish","type":"product","link":"https:\/\/skaitytaknyga.lt\/en\/produktas\/motina-ir-vaikas-2\/","title":{"rendered":"Motina ir vaikas"},"content":{"rendered":"<div>\u201cMotina ir vaikas\u201d \u2013 vertingas \u017eini\u0173 \u0161altinis jauniems t\u0117vams. \u0160is vadovas bus jums geras pagalbininkas laukiant k\u016bdikio ir j\u012f auginant.<\/div>\n<div><\/div>\n<div>Knygos sudarytojai paai\u0161kina, kas vyksta kiekvienu n\u0117\u0161tumo etapu, remiantis \u012fvairi\u0173 moter\u0173 poj\u016b\u010diais ir naujausiais medicinos laim\u0117jimais; duoda k\u016brybing\u0173 patarim\u0173, kaip bendrauti su k\u016bdikiu ir pri\u017ei\u016br\u0117ti j\u012f \u012fvairiose \u0161eimose; padeda suprasti kiekvien\u0105 vaiko raidos gair\u0119, pateikia profesionali\u0173 rekomendacij\u0173, k\u0105 daryti, kad vaikas augt\u0173 saugus, laimingas ir sveikas.<\/div>\n<div><\/div>\n<div>Skaitydami \u0161i\u0105 knyg\u0105 atminkite, kad j\u016bs\u0173 k\u016bdikis svarbesnis u\u017e visk\u0105. Steb\u0117dami, klausydamiesi, pasitik\u0117dami savo nat\u016braliais geb\u0117jimais j\u016bs suprasite, kaip pritaikyti gaut\u0105 informacj\u0105 k\u016bdikiui, kur\u012f laikote rankose.<\/div>\n","protected":false},"excerpt":{"rendered":"<div>\u201cMotina ir vaikas\u201d \u2013 vertingas \u017eini\u0173 \u0161altinis jauniems t\u0117vams. \u0160is vadovas bus jums geras pagalbininkas laukiant k\u016bdikio ir j\u012f auginant.<\/div>\n<div><\/div>\n<div>Knygos sudarytojai paai\u0161kina, kas vyksta kiekvienu n\u0117\u0161tumo etapu, remiantis \u012fvairi\u0173 moter\u0173 poj\u016b\u010diais ir naujausiais medicinos laim\u0117jimais; duoda k\u016brybing\u0173 patarim\u0173, kaip bendrauti su k\u016bdikiu ir pri\u017ei\u016br\u0117ti j\u012f \u012fvairiose \u0161eimose; padeda suprasti kiekvien\u0105 vaiko raidos gair\u0119, pateikia profesionali\u0173 rekomendacij\u0173, k\u0105 daryti, kad vaikas augt\u0173 saugus, laimingas ir sveikas.<\/div>\n<div><\/div>\n<div>Skaitydami \u0161i\u0105 knyg\u0105 atminkite, kad j\u016bs\u0173 k\u016bdikis svarbesnis u\u017e visk\u0105. Steb\u0117dami, klausydamiesi, pasitik\u0117dami savo nat\u016braliais geb\u0117jimais j\u016bs suprasite, kaip pritaikyti gaut\u0105 informacj\u0105 k\u016bdikiui, kur\u012f laikote rankose.<\/div>\n","protected":false},"featured_media":5746,"comment_status":"closed","ping_status":"closed","template":"","meta":{"_acf_changed":false,"site-sidebar-layout":"default","site-content-layout":"","ast-site-content-layout":"default","site-content-style":"default","site-sidebar-style":"default","ast-global-header-display":"","ast-banner-title-visibility":"","ast-main-header-display":"","ast-hfb-above-header-display":"","ast-hfb-below-header-display":"","ast-hfb-mobile-header-display":"","site-post-title":"","ast-breadcrumbs-content":"","ast-featured-img":"","footer-sml-layout":"","ast-disable-related-posts":"","theme-transparent-header-meta":"","adv-header-id-meta":"","stick-header-meta":"","header-above-stick-meta":"","header-main-stick-meta":"","header-below-stick-meta":"","astra-migrate-meta-layouts":"default","ast-page-background-enabled":"default","ast-page-background-meta":{"desktop":{"background-color":"","background-image":"","background-repeat":"repeat","background-position":"center center","background-size":"auto","background-attachment":"scroll","background-type":"","background-media":"","overlay-type":"","overlay-color":"","overlay-opacity":"","overlay-gradient":""},"tablet":{"background-color":"","background-image":"","background-repeat":"repeat","background-position":"center center","background-size":"auto","background-attachment":"scroll","background-type":"","background-media":"","overlay-type":"","overlay-color":"","overlay-opacity":"","overlay-gradient":""},"mobile":{"background-color":"","background-image":"","background-repeat":"repeat","background-position":"center center","background-size":"auto","background-attachment":"scroll","background-type":"","background-media":"","overlay-type":"","overlay-color":"","overlay-opacity":"","overlay-gradient":""}},"ast-content-background-meta":{"desktop":{"background-color":"var(--ast-global-color-4)","background-image":"","background-repeat":"repeat","background-position":"center center","background-size":"auto","background-attachment":"scroll","background-type":"","background-media":"","overlay-type":"","overlay-color":"","overlay-opacity":"","overlay-gradient":""},"tablet":{"background-color":"var(--ast-global-color-4)","background-image":"","background-repeat":"repeat","background-position":"center center","background-size":"auto","background-attachment":"scroll","background-type":"","background-media":"","overlay-type":"","overlay-color":"","overlay-opacity":"","overlay-gradient":""},"mobile":{"background-color":"var(--ast-global-color-4)","background-image":"","background-repeat":"repeat","background-position":"center center","background-size":"auto","background-attachment":"scroll","background-type":"","background-media":"","overlay-type":"","overlay-color":"","overlay-opacity":"","overlay-gradient":""}}},"product_brand":[],"product_cat":[37],"product_tag":[],"class_list":{"0":"post-8904","1":"product","2":"type-product","3":"status-publish","4":"has-post-thumbnail","6":"product_cat-nestumas-ir-vaiku-prieziura-bei-auklejimas","7":"desktop-align-left","8":"tablet-align-left","9":"mobile-align-left","11":"first","12":"instock","13":"shipping-taxable","14":"purchasable","15":"product-type-simple"},"acf":[],"yoast_head":"<!-- This site is optimized with the Yoast SEO plugin v27.0 - https:\/\/yoast.com\/product\/yoast-seo-wordpress\/ -->\n<title>Motina ir vaikas - Skaitytaknyga<\/title>\n<meta name=\"description\" content=\"\u201cMotina ir vaikas\u201d \u2013 vertingas \u017eini\u0173 \u0161altinis jauniems t\u0117vams. \u0160is vadovas bus jums geras pagalbininkas laukiant k\u016bdikio ir j\u012f auginant.  Knygos sudarytojai paai\u0161kina, kas vyksta kiekvienu n\u0117\u0161tumo etapu, remiantis \u012fvairi\u0173 moter\u0173 poj\u016b\u010diais ir naujausiais medicinos laim\u0117jimais; duoda k\u016brybing\u0173 patarim\u0173, kaip bendrauti su k\u016bdikiu ir pri\u017ei\u016br\u0117ti j\u012f \u012fvairiose \u0161eimose; padeda suprasti kiekvien\u0105 vaiko raidos gair\u0119, pateikia profesionali\u0173 rekomendacij\u0173, k\u0105 daryti, kad vaikas augt\u0173 saugus, laimingas ir sveikas.  Skaitydami \u0161i\u0105 knyg\u0105 atminkite, kad j\u016bs\u0173 k\u016bdikis svarbesnis u\u017e visk\u0105. Steb\u0117dami, klausydamiesi, pasitik\u0117dami savo nat\u016braliais geb\u0117jimais j\u016bs suprasite, kaip pritaikyti gaut\u0105 informacj\u0105 k\u016bdikiui, kur\u012f laikote rankose.\" \/>\n<meta name=\"robots\" content=\"index, follow, max-snippet:-1, max-image-preview:large, max-video-preview:-1\" \/>\n<link rel=\"canonical\" href=\"https:\/\/skaitytaknyga.lt\/en\/produktas\/motina-ir-vaikas-2\/\" \/>\n<meta property=\"og:locale\" content=\"en_GB\" \/>\n<meta property=\"og:locale:alternate\" content=\"lt_LT\" \/>\n<meta property=\"og:type\" content=\"article\" \/>\n<meta property=\"og:title\" content=\"Motina ir vaikas - Skaitytaknyga\" \/>\n<meta property=\"og:description\" content=\"\u201cMotina ir vaikas\u201d \u2013 vertingas \u017eini\u0173 \u0161altinis jauniems t\u0117vams. \u0160is vadovas bus jums geras pagalbininkas laukiant k\u016bdikio ir j\u012f auginant.  Knygos sudarytojai paai\u0161kina, kas vyksta kiekvienu n\u0117\u0161tumo etapu, remiantis \u012fvairi\u0173 moter\u0173 poj\u016b\u010diais ir naujausiais medicinos laim\u0117jimais; duoda k\u016brybing\u0173 patarim\u0173, kaip bendrauti su k\u016bdikiu ir pri\u017ei\u016br\u0117ti j\u012f \u012fvairiose \u0161eimose; padeda suprasti kiekvien\u0105 vaiko raidos gair\u0119, pateikia profesionali\u0173 rekomendacij\u0173, k\u0105 daryti, kad vaikas augt\u0173 saugus, laimingas ir sveikas.  Skaitydami \u0161i\u0105 knyg\u0105 atminkite, kad j\u016bs\u0173 k\u016bdikis svarbesnis u\u017e visk\u0105. Steb\u0117dami, klausydamiesi, pasitik\u0117dami savo nat\u016braliais geb\u0117jimais j\u016bs suprasite, kaip pritaikyti gaut\u0105 informacj\u0105 k\u016bdikiui, kur\u012f laikote rankose.\" \/>\n<meta property=\"og:url\" content=\"https:\/\/skaitytaknyga.lt\/en\/produktas\/motina-ir-vaikas-2\/\" \/>\n<meta property=\"og:site_name\" content=\"Skaitytaknyga\" \/>\n<meta property=\"article:publisher\" content=\"https:\/\/www.facebook.com\/skaitytaknyga\/\" \/>\n<meta property=\"article:modified_time\" content=\"2024-05-04T14:53:43+00:00\" \/>\n<meta property=\"og:image\" content=\"https:\/\/skaitytaknyga.lt\/wp-content\/uploads\/2024\/05\/000000000001100724-59de7fea92707-asset-knyguklubas-cdb_motina-ir-vaikas_p1.jpg\" \/>\n\t<meta property=\"og:image:width\" content=\"230\" \/>\n\t<meta property=\"og:image:height\" content=\"296\" \/>\n\t<meta property=\"og:image:type\" content=\"image\/jpeg\" \/>\n<meta name=\"twitter:card\" content=\"summary_large_image\" \/>\n<meta name=\"twitter:label1\" content=\"Estimated reading time\" \/>\n\t<meta name=\"twitter:data1\" content=\"1 minute\" \/>\n<script type=\"application\/ld+json\" class=\"yoast-schema-graph\">{\"@context\":\"https:\/\/schema.org\",\"@graph\":[{\"@type\":\"WebPage\",\"@id\":\"https:\/\/skaitytaknyga.lt\/produktas\/motina-ir-vaikas-2\/\",\"url\":\"https:\/\/skaitytaknyga.lt\/produktas\/motina-ir-vaikas-2\/\",\"name\":\"Motina ir vaikas - Skaitytaknyga\",\"isPartOf\":{\"@id\":\"https:\/\/skaitytaknyga.lt\/#website\"},\"primaryImageOfPage\":{\"@id\":\"https:\/\/skaitytaknyga.lt\/produktas\/motina-ir-vaikas-2\/#primaryimage\"},\"image\":{\"@id\":\"https:\/\/skaitytaknyga.lt\/produktas\/motina-ir-vaikas-2\/#primaryimage\"},\"thumbnailUrl\":\"https:\/\/skaitytaknyga.lt\/wp-content\/uploads\/2024\/05\/000000000001100724-59de7fea92707-asset-knyguklubas-cdb_motina-ir-vaikas_p1.jpg\",\"datePublished\":\"2024-05-04T14:53:28+00:00\",\"dateModified\":\"2024-05-04T14:53:43+00:00\",\"description\":\"\u201cMotina ir vaikas\u201d \u2013 vertingas \u017eini\u0173 \u0161altinis jauniems t\u0117vams. \u0160is vadovas bus jums geras pagalbininkas laukiant k\u016bdikio ir j\u012f auginant. Knygos sudarytojai paai\u0161kina, kas vyksta kiekvienu n\u0117\u0161tumo etapu, remiantis \u012fvairi\u0173 moter\u0173 poj\u016b\u010diais ir naujausiais medicinos laim\u0117jimais; duoda k\u016brybing\u0173 patarim\u0173, kaip bendrauti su k\u016bdikiu ir pri\u017ei\u016br\u0117ti j\u012f \u012fvairiose \u0161eimose; padeda suprasti kiekvien\u0105 vaiko raidos gair\u0119, pateikia profesionali\u0173 rekomendacij\u0173, k\u0105 daryti, kad vaikas augt\u0173 saugus, laimingas ir sveikas. Skaitydami \u0161i\u0105 knyg\u0105 atminkite, kad j\u016bs\u0173 k\u016bdikis svarbesnis u\u017e visk\u0105. Steb\u0117dami, klausydamiesi, pasitik\u0117dami savo nat\u016braliais geb\u0117jimais j\u016bs suprasite, kaip pritaikyti gaut\u0105 informacj\u0105 k\u016bdikiui, kur\u012f laikote rankose.\",\"breadcrumb\":{\"@id\":\"https:\/\/skaitytaknyga.lt\/produktas\/motina-ir-vaikas-2\/#breadcrumb\"},\"inLanguage\":\"en-GB\",\"potentialAction\":[{\"@type\":\"ReadAction\",\"target\":[\"https:\/\/skaitytaknyga.lt\/produktas\/motina-ir-vaikas-2\/\"]}]},{\"@type\":\"ImageObject\",\"inLanguage\":\"en-GB\",\"@id\":\"https:\/\/skaitytaknyga.lt\/produktas\/motina-ir-vaikas-2\/#primaryimage\",\"url\":\"https:\/\/skaitytaknyga.lt\/wp-content\/uploads\/2024\/05\/000000000001100724-59de7fea92707-asset-knyguklubas-cdb_motina-ir-vaikas_p1.jpg\",\"contentUrl\":\"https:\/\/skaitytaknyga.lt\/wp-content\/uploads\/2024\/05\/000000000001100724-59de7fea92707-asset-knyguklubas-cdb_motina-ir-vaikas_p1.jpg\",\"width\":230,\"height\":296},{\"@type\":\"BreadcrumbList\",\"@id\":\"https:\/\/skaitytaknyga.lt\/produktas\/motina-ir-vaikas-2\/#breadcrumb\",\"itemListElement\":[{\"@type\":\"ListItem\",\"position\":1,\"name\":\"Home\",\"item\":\"https:\/\/skaitytaknyga.lt\/\"},{\"@type\":\"ListItem\",\"position\":2,\"name\":\"Parduotuv\u0117\",\"item\":\"https:\/\/skaitytaknyga.lt\/knygu-parduotuve\/\"},{\"@type\":\"ListItem\",\"position\":3,\"name\":\"Motina ir vaikas\"}]},{\"@type\":\"WebSite\",\"@id\":\"https:\/\/skaitytaknyga.lt\/#website\",\"url\":\"https:\/\/skaitytaknyga.lt\/\",\"name\":\"skaitytaknyga.lt\",\"description\":\"Skaitytaknyga.lt \u2013 tai ma\u017eas \u0161eimos verslas, kuris prasid\u0117jo nuo meil\u0117s knygoms ir siekio i\u0161gelb\u0117ti knygas nuo likimo prie konteinerio. Kas vienam nereikalingas daiktas \u2013 kitam lobis, o mes esame tarpininkai, kurie padeda abiems tapti laimingesniems ???? \u017dinome kaip nelengva i\u0161gyventi ma\u017eiems verslams, tad nuo \u0161iol, \u010dia rasite ir kit\u0173, ma\u017e\u0173 \u0161eim\u0173 versl\u0173, rank\u0173 darbo, dovan\u0173 sau ir artimiesiems.\",\"publisher\":{\"@id\":\"https:\/\/skaitytaknyga.lt\/#organization\"},\"potentialAction\":[{\"@type\":\"SearchAction\",\"target\":{\"@type\":\"EntryPoint\",\"urlTemplate\":\"https:\/\/skaitytaknyga.lt\/?s={search_term_string}\"},\"query-input\":{\"@type\":\"PropertyValueSpecification\",\"valueRequired\":true,\"valueName\":\"search_term_string\"}}],\"inLanguage\":\"en-GB\"},{\"@type\":\"Organization\",\"@id\":\"https:\/\/skaitytaknyga.lt\/#organization\",\"name\":\"skaitytaknyga.lt\",\"url\":\"https:\/\/skaitytaknyga.lt\/\",\"logo\":{\"@type\":\"ImageObject\",\"inLanguage\":\"en-GB\",\"@id\":\"https:\/\/skaitytaknyga.lt\/#\/schema\/logo\/image\/\",\"url\":\"https:\/\/skaitytaknyga.lt\/wp-content\/uploads\/2024\/05\/cropped-cropped-cropped-02_00843_jt3bggkj1j3HLc7SyY6rEUpg.jpeg\",\"contentUrl\":\"https:\/\/skaitytaknyga.lt\/wp-content\/uploads\/2024\/05\/cropped-cropped-cropped-02_00843_jt3bggkj1j3HLc7SyY6rEUpg.jpeg\",\"width\":1600,\"height\":1600,\"caption\":\"skaitytaknyga.lt\"},\"image\":{\"@id\":\"https:\/\/skaitytaknyga.lt\/#\/schema\/logo\/image\/\"},\"sameAs\":[\"https:\/\/www.facebook.com\/skaitytaknyga\/\"]}]}<\/script>\n<!-- \/ Yoast SEO plugin. -->","yoast_head_json":{"title":"Motina ir vaikas - Skaitytaknyga","description":"\u201cMotina ir vaikas\u201d \u2013 vertingas \u017eini\u0173 \u0161altinis jauniems t\u0117vams. \u0160is vadovas bus jums geras pagalbininkas laukiant k\u016bdikio ir j\u012f auginant.  Knygos sudarytojai paai\u0161kina, kas vyksta kiekvienu n\u0117\u0161tumo etapu, remiantis \u012fvairi\u0173 moter\u0173 poj\u016b\u010diais ir naujausiais medicinos laim\u0117jimais; duoda k\u016brybing\u0173 patarim\u0173, kaip bendrauti su k\u016bdikiu ir pri\u017ei\u016br\u0117ti j\u012f \u012fvairiose \u0161eimose; padeda suprasti kiekvien\u0105 vaiko raidos gair\u0119, pateikia profesionali\u0173 rekomendacij\u0173, k\u0105 daryti, kad vaikas augt\u0173 saugus, laimingas ir sveikas.  Skaitydami \u0161i\u0105 knyg\u0105 atminkite, kad j\u016bs\u0173 k\u016bdikis svarbesnis u\u017e visk\u0105. Steb\u0117dami, klausydamiesi, pasitik\u0117dami savo nat\u016braliais geb\u0117jimais j\u016bs suprasite, kaip pritaikyti gaut\u0105 informacj\u0105 k\u016bdikiui, kur\u012f laikote rankose.","robots":{"index":"index","follow":"follow","max-snippet":"max-snippet:-1","max-image-preview":"max-image-preview:large","max-video-preview":"max-video-preview:-1"},"canonical":"https:\/\/skaitytaknyga.lt\/en\/produktas\/motina-ir-vaikas-2\/","og_locale":"en_GB","og_type":"article","og_title":"Motina ir vaikas - Skaitytaknyga","og_description":"\u201cMotina ir vaikas\u201d \u2013 vertingas \u017eini\u0173 \u0161altinis jauniems t\u0117vams. \u0160is vadovas bus jums geras pagalbininkas laukiant k\u016bdikio ir j\u012f auginant.  Knygos sudarytojai paai\u0161kina, kas vyksta kiekvienu n\u0117\u0161tumo etapu, remiantis \u012fvairi\u0173 moter\u0173 poj\u016b\u010diais ir naujausiais medicinos laim\u0117jimais; duoda k\u016brybing\u0173 patarim\u0173, kaip bendrauti su k\u016bdikiu ir pri\u017ei\u016br\u0117ti j\u012f \u012fvairiose \u0161eimose; padeda suprasti kiekvien\u0105 vaiko raidos gair\u0119, pateikia profesionali\u0173 rekomendacij\u0173, k\u0105 daryti, kad vaikas augt\u0173 saugus, laimingas ir sveikas.  Skaitydami \u0161i\u0105 knyg\u0105 atminkite, kad j\u016bs\u0173 k\u016bdikis svarbesnis u\u017e visk\u0105. Steb\u0117dami, klausydamiesi, pasitik\u0117dami savo nat\u016braliais geb\u0117jimais j\u016bs suprasite, kaip pritaikyti gaut\u0105 informacj\u0105 k\u016bdikiui, kur\u012f laikote rankose.","og_url":"https:\/\/skaitytaknyga.lt\/en\/produktas\/motina-ir-vaikas-2\/","og_site_name":"Skaitytaknyga","article_publisher":"https:\/\/www.facebook.com\/skaitytaknyga\/","article_modified_time":"2024-05-04T14:53:43+00:00","og_image":[{"width":230,"height":296,"url":"https:\/\/skaitytaknyga.lt\/wp-content\/uploads\/2024\/05\/000000000001100724-59de7fea92707-asset-knyguklubas-cdb_motina-ir-vaikas_p1.jpg","type":"image\/jpeg"}],"twitter_card":"summary_large_image","twitter_misc":{"Estimated reading time":"1 minute"},"schema":{"@context":"https:\/\/schema.org","@graph":[{"@type":"WebPage","@id":"https:\/\/skaitytaknyga.lt\/produktas\/motina-ir-vaikas-2\/","url":"https:\/\/skaitytaknyga.lt\/produktas\/motina-ir-vaikas-2\/","name":"Motina ir vaikas - Skaitytaknyga","isPartOf":{"@id":"https:\/\/skaitytaknyga.lt\/#website"},"primaryImageOfPage":{"@id":"https:\/\/skaitytaknyga.lt\/produktas\/motina-ir-vaikas-2\/#primaryimage"},"image":{"@id":"https:\/\/skaitytaknyga.lt\/produktas\/motina-ir-vaikas-2\/#primaryimage"},"thumbnailUrl":"https:\/\/skaitytaknyga.lt\/wp-content\/uploads\/2024\/05\/000000000001100724-59de7fea92707-asset-knyguklubas-cdb_motina-ir-vaikas_p1.jpg","datePublished":"2024-05-04T14:53:28+00:00","dateModified":"2024-05-04T14:53:43+00:00","description":"\u201cMotina ir vaikas\u201d \u2013 vertingas \u017eini\u0173 \u0161altinis jauniems t\u0117vams. \u0160is vadovas bus jums geras pagalbininkas laukiant k\u016bdikio ir j\u012f auginant. Knygos sudarytojai paai\u0161kina, kas vyksta kiekvienu n\u0117\u0161tumo etapu, remiantis \u012fvairi\u0173 moter\u0173 poj\u016b\u010diais ir naujausiais medicinos laim\u0117jimais; duoda k\u016brybing\u0173 patarim\u0173, kaip bendrauti su k\u016bdikiu ir pri\u017ei\u016br\u0117ti j\u012f \u012fvairiose \u0161eimose; padeda suprasti kiekvien\u0105 vaiko raidos gair\u0119, pateikia profesionali\u0173 rekomendacij\u0173, k\u0105 daryti, kad vaikas augt\u0173 saugus, laimingas ir sveikas. Skaitydami \u0161i\u0105 knyg\u0105 atminkite, kad j\u016bs\u0173 k\u016bdikis svarbesnis u\u017e visk\u0105. Steb\u0117dami, klausydamiesi, pasitik\u0117dami savo nat\u016braliais geb\u0117jimais j\u016bs suprasite, kaip pritaikyti gaut\u0105 informacj\u0105 k\u016bdikiui, kur\u012f laikote rankose.","breadcrumb":{"@id":"https:\/\/skaitytaknyga.lt\/produktas\/motina-ir-vaikas-2\/#breadcrumb"},"inLanguage":"en-GB","potentialAction":[{"@type":"ReadAction","target":["https:\/\/skaitytaknyga.lt\/produktas\/motina-ir-vaikas-2\/"]}]},{"@type":"ImageObject","inLanguage":"en-GB","@id":"https:\/\/skaitytaknyga.lt\/produktas\/motina-ir-vaikas-2\/#primaryimage","url":"https:\/\/skaitytaknyga.lt\/wp-content\/uploads\/2024\/05\/000000000001100724-59de7fea92707-asset-knyguklubas-cdb_motina-ir-vaikas_p1.jpg","contentUrl":"https:\/\/skaitytaknyga.lt\/wp-content\/uploads\/2024\/05\/000000000001100724-59de7fea92707-asset-knyguklubas-cdb_motina-ir-vaikas_p1.jpg","width":230,"height":296},{"@type":"BreadcrumbList","@id":"https:\/\/skaitytaknyga.lt\/produktas\/motina-ir-vaikas-2\/#breadcrumb","itemListElement":[{"@type":"ListItem","position":1,"name":"Home","item":"https:\/\/skaitytaknyga.lt\/"},{"@type":"ListItem","position":2,"name":"Parduotuv\u0117","item":"https:\/\/skaitytaknyga.lt\/knygu-parduotuve\/"},{"@type":"ListItem","position":3,"name":"Motina ir vaikas"}]},{"@type":"WebSite","@id":"https:\/\/skaitytaknyga.lt\/#website","url":"https:\/\/skaitytaknyga.lt\/","name":"skaitytaknyga.lt","description":"Skaitytaknyga.lt \u2013 tai ma\u017eas \u0161eimos verslas, kuris prasid\u0117jo nuo meil\u0117s knygoms ir siekio i\u0161gelb\u0117ti knygas nuo likimo prie konteinerio. Kas vienam nereikalingas daiktas \u2013 kitam lobis, o mes esame tarpininkai, kurie padeda abiems tapti laimingesniems ???? \u017dinome kaip nelengva i\u0161gyventi ma\u017eiems verslams, tad nuo \u0161iol, \u010dia rasite ir kit\u0173, ma\u017e\u0173 \u0161eim\u0173 versl\u0173, rank\u0173 darbo, dovan\u0173 sau ir artimiesiems.","publisher":{"@id":"https:\/\/skaitytaknyga.lt\/#organization"},"potentialAction":[{"@type":"SearchAction","target":{"@type":"EntryPoint","urlTemplate":"https:\/\/skaitytaknyga.lt\/?s={search_term_string}"},"query-input":{"@type":"PropertyValueSpecification","valueRequired":true,"valueName":"search_term_string"}}],"inLanguage":"en-GB"},{"@type":"Organization","@id":"https:\/\/skaitytaknyga.lt\/#organization","name":"skaitytaknyga.lt","url":"https:\/\/skaitytaknyga.lt\/","logo":{"@type":"ImageObject","inLanguage":"en-GB","@id":"https:\/\/skaitytaknyga.lt\/#\/schema\/logo\/image\/","url":"https:\/\/skaitytaknyga.lt\/wp-content\/uploads\/2024\/05\/cropped-cropped-cropped-02_00843_jt3bggkj1j3HLc7SyY6rEUpg.jpeg","contentUrl":"https:\/\/skaitytaknyga.lt\/wp-content\/uploads\/2024\/05\/cropped-cropped-cropped-02_00843_jt3bggkj1j3HLc7SyY6rEUpg.jpeg","width":1600,"height":1600,"caption":"skaitytaknyga.lt"},"image":{"@id":"https:\/\/skaitytaknyga.lt\/#\/schema\/logo\/image\/"},"sameAs":["https:\/\/www.facebook.com\/skaitytaknyga\/"]}]}},"_links":{"self":[{"href":"https:\/\/skaitytaknyga.lt\/en\/wp-json\/wp\/v2\/product\/8904","targetHints":{"allow":["GET"]}}],"collection":[{"href":"https:\/\/skaitytaknyga.lt\/en\/wp-json\/wp\/v2\/product"}],"about":[{"href":"https:\/\/skaitytaknyga.lt\/en\/wp-json\/wp\/v2\/types\/product"}],"replies":[{"embeddable":true,"href":"https:\/\/skaitytaknyga.lt\/en\/wp-json\/wp\/v2\/comments?post=8904"}],"wp:featuredmedia":[{"embeddable":true,"href":"https:\/\/skaitytaknyga.lt\/en\/wp-json\/wp\/v2\/media\/5746"}],"wp:attachment":[{"href":"https:\/\/skaitytaknyga.lt\/en\/wp-json\/wp\/v2\/media?parent=8904"}],"wp:term":[{"taxonomy":"product_brand","embeddable":true,"href":"https:\/\/skaitytaknyga.lt\/en\/wp-json\/wp\/v2\/product_brand?post=8904"},{"taxonomy":"product_cat","embeddable":true,"href":"https:\/\/skaitytaknyga.lt\/en\/wp-json\/wp\/v2\/product_cat?post=8904"},{"taxonomy":"product_tag","embeddable":true,"href":"https:\/\/skaitytaknyga.lt\/en\/wp-json\/wp\/v2\/product_tag?post=8904"}],"curies":[{"name":"wp","href":"https:\/\/api.w.org\/{rel}","templated":true}]}}