{"id":8901,"date":"2024-05-04T14:53:28","date_gmt":"2024-05-04T14:53:28","guid":{"rendered":"https:\/\/skaitytaknyga.lt\/?post_type=product&#038;p=8901"},"modified":"2025-12-26T14:45:56","modified_gmt":"2025-12-26T12:45:56","slug":"julio-cortazar-zaidziame-klases-2","status":"publish","type":"product","link":"https:\/\/skaitytaknyga.lt\/en\/produktas\/julio-cortazar-zaidziame-klases-2\/","title":{"rendered":"Julio Cort\u00e1zar \u201e\u017daid\u017eiame klases\u201c"},"content":{"rendered":"<p>Pagrindinis romano tikslas, kaip ai\u0161kina pats autorius, i\u0161mu\u0161ti i\u0161 \u012fprast\u0173 v\u0117\u017ei\u0173, i\u0161 inerti\u0161kos kasdienyb\u0117s skaitytoj\u0105, kad tas atsibust\u0173 i\u0161 \u201eprotinio \u012fmygio\u201c ir imt\u0173 m\u0105styti aktyviai, savaranki\u0161kai.<\/p>\n<p>Romano \u201e\u017daid\u017eiame klases\u201c fabula palyginti labai paprasta ir anaiptol ne nauja: pagrindinio veik\u0117jo argentinie\u010dio inteligento Orasijo Oliveiros meil\u0117s istorija, tragi\u0161kai pasibaigusi Pary\u017eiuje ir i\u0161 naujo i\u0161gyvenama Buenos Air\u0117se. Ta\u010diau anaiptol ne tai sudaro knygos esm\u0119. Puslapis po puslapio, skyrius po skyriaus Chulijas Kortasaras analizuoja n\u016bdienos inteligento s\u0105mon\u0119, rodydamas, kaip jis grie\u017etai atsisako dalyvauti \u201eu\u017ekoduotoje kasdienyb\u0117je\u201c, ilgisi ir drauge bijo istorini\u0173 \u012fvyki\u0173, trok\u0161ta bendrauti su \u017emon\u0117mis ir kartu atsitveria nuo j\u0173 cinizmo skydu, u\u017esidaro \u012f hermeti\u0161k\u0105 egocentrizmo kiaut\u0105.<\/p>\n<p>Individualistinis Orasijo Oliveiros mai\u0161tas, u\u017euot i\u0161vadav\u0119s j\u012f nuo tariamos civilizacijos \u201egerov\u0117s\u201c bei jos \u201evertybi\u0173\u201c, nuo banalios kasdienyb\u0117s, veda prie nei\u0161vengiamo finalo \u2013 asmenyb\u0117s \u017elugimo. Veltui visos jo pastangos \u201e\u012fminti m\u012fsl\u0119\u201c, atrasti \u201erakt\u0105\u201c, \u201emandalos centr\u0105\u201c, kitaip sakant, gyvenimo prasm\u0119, slopindamas \u017emogui \u012fgimtus jausmus kaip banalias kasdienyb\u0117s aprai\u0161kas, \u0161alindamasis aktuali\u0173 politini\u0173 ir socialini\u0173 problem\u0173, Oliveira pama\u017eu nuklysta \u012f metafizini\u0173 i\u0161protavim\u0173 tankm\u0119, nihilizmo aklaviet\u0119 ir, nematydamas kitos i\u0161eities, s\u0105moningai \u017eengia \u012f pra\u017e\u016bt\u012f.<\/p>\n<ul class=\"about-product d-none d-xl-block mt-4\">\n<li><strong>Autorius:<\/strong>\u00a0Chulijas Kortasaras<\/li>\n<li><strong>Leid\u0117jas:<\/strong>\u00a0Vaga<\/li>\n<li><strong>Metai:<\/strong>\u00a01978<\/li>\n<li><strong>Puslapiai:<\/strong>\u00a0503<\/li>\n<li class=\"toggleable type-new-formats \"><strong>Formatas:<\/strong>\u00a013 x 20,5 cm, kieti vir\u0161eliai<\/li>\n<li><strong>Kalba:<\/strong>\u00a0Lietuvi\u0173<\/li>\n<li><strong>Vert\u0117jas:<\/strong>\u00a0Valdas Petrauskas<\/li>\n<\/ul>\n","protected":false},"excerpt":{"rendered":"<p>Pagrindinis romano tikslas, kaip ai\u0161kina pats autorius, i\u0161mu\u0161ti i\u0161 \u012fprast\u0173 v\u0117\u017ei\u0173, i\u0161 inerti\u0161kos kasdienyb\u0117s skaitytoj\u0105, kad tas atsibust\u0173 i\u0161 \u201eprotinio \u012fmygio\u201c ir imt\u0173 m\u0105styti aktyviai, savaranki\u0161kai. Romano \u201e\u017daid\u017eiame klases\u201c fabula palyginti labai paprasta ir anaiptol ne nauja: pagrindinio veik\u0117jo argentinie\u010dio inteligento Orasijo Oliveiros meil\u0117s istorija, tragi\u0161kai pasibaigusi Pary\u017eiuje ir i\u0161 naujo i\u0161gyvenama Buenos Air\u0117se. Ta\u010diau anaiptol ne tai sudaro knygos esm\u0119. Puslapis po puslapio, skyrius po skyriaus Chulijas Kortasaras analizuoja n\u016bdienos inteligento s\u0105mon\u0119, rodydamas, kaip jis grie\u017etai atsisako dalyvauti \u201eu\u017ekoduotoje kasdienyb\u0117je\u201c, ilgisi ir drauge bijo istorini\u0173 \u012fvyki\u0173, trok\u0161ta bendrauti su \u017emon\u0117mis ir kartu atsitveria nuo j\u0173 cinizmo skydu, u\u017esidaro \u012f hermeti\u0161k\u0105 egocentrizmo kiaut\u0105. Individualistinis Orasijo Oliveiros mai\u0161tas, u\u017euot i\u0161vadav\u0119s j\u012f nuo tariamos civilizacijos \u201egerov\u0117s\u201c bei jos \u201evertybi\u0173\u201c, nuo banalios kasdienyb\u0117s, veda prie nei\u0161vengiamo finalo \u2013 asmenyb\u0117s \u017elugimo. Veltui visos jo pastangos \u201e\u012fminti m\u012fsl\u0119\u201c, atrasti \u201erakt\u0105\u201c, \u201emandalos centr\u0105\u201c, kitaip sakant, gyvenimo prasm\u0119, slopindamas \u017emogui \u012fgimtus jausmus kaip banalias kasdienyb\u0117s aprai\u0161kas, \u0161alindamasis aktuali\u0173 politini\u0173 ir socialini\u0173 problem\u0173, Oliveira pama\u017eu nuklysta \u012f metafizini\u0173 i\u0161protavim\u0173 tankm\u0119, nihilizmo aklaviet\u0119 ir, nematydamas kitos i\u0161eities, s\u0105moningai \u017eengia \u012f pra\u017e\u016bt\u012f. Autorius:\u00a0Chulijas Kortasaras Leid\u0117jas:\u00a0Vaga Metai:\u00a01978 Puslapiai:\u00a0503 Formatas:\u00a013 x 20,5 cm, kieti vir\u0161eliai Kalba:\u00a0Lietuvi\u0173 Vert\u0117jas:\u00a0Valdas Petrauskas<\/p>\n","protected":false},"featured_media":5735,"comment_status":"closed","ping_status":"closed","template":"","meta":{"_acf_changed":false,"site-sidebar-layout":"default","site-content-layout":"","ast-site-content-layout":"default","site-content-style":"default","site-sidebar-style":"default","ast-global-header-display":"","ast-banner-title-visibility":"","ast-main-header-display":"","ast-hfb-above-header-display":"","ast-hfb-below-header-display":"","ast-hfb-mobile-header-display":"","site-post-title":"","ast-breadcrumbs-content":"","ast-featured-img":"","footer-sml-layout":"","ast-disable-related-posts":"","theme-transparent-header-meta":"default","adv-header-id-meta":"","stick-header-meta":"","header-above-stick-meta":"","header-main-stick-meta":"","header-below-stick-meta":"","astra-migrate-meta-layouts":"set","ast-page-background-enabled":"default","ast-page-background-meta":{"desktop":{"background-color":"","background-image":"","background-repeat":"repeat","background-position":"center center","background-size":"auto","background-attachment":"scroll","background-type":"","background-media":"","overlay-type":"","overlay-color":"","overlay-opacity":"","overlay-gradient":""},"tablet":{"background-color":"","background-image":"","background-repeat":"repeat","background-position":"center center","background-size":"auto","background-attachment":"scroll","background-type":"","background-media":"","overlay-type":"","overlay-color":"","overlay-opacity":"","overlay-gradient":""},"mobile":{"background-color":"","background-image":"","background-repeat":"repeat","background-position":"center center","background-size":"auto","background-attachment":"scroll","background-type":"","background-media":"","overlay-type":"","overlay-color":"","overlay-opacity":"","overlay-gradient":""}},"ast-content-background-meta":{"desktop":{"background-color":"var(--ast-global-color-4)","background-image":"","background-repeat":"repeat","background-position":"center center","background-size":"auto","background-attachment":"scroll","background-type":"","background-media":"","overlay-type":"","overlay-color":"","overlay-opacity":"","overlay-gradient":""},"tablet":{"background-color":"var(--ast-global-color-4)","background-image":"","background-repeat":"repeat","background-position":"center center","background-size":"auto","background-attachment":"scroll","background-type":"","background-media":"","overlay-type":"","overlay-color":"","overlay-opacity":"","overlay-gradient":""},"mobile":{"background-color":"var(--ast-global-color-4)","background-image":"","background-repeat":"repeat","background-position":"center center","background-size":"auto","background-attachment":"scroll","background-type":"","background-media":"","overlay-type":"","overlay-color":"","overlay-opacity":"","overlay-gradient":""}}},"product_brand":[],"product_cat":[31,28],"product_tag":[],"class_list":{"0":"post-8901","1":"product","2":"type-product","3":"status-publish","4":"has-post-thumbnail","6":"product_cat-grozine-literatura","7":"product_cat-klasika","8":"desktop-align-left","9":"tablet-align-left","10":"mobile-align-left","12":"first","13":"instock","14":"shipping-taxable","15":"purchasable","16":"product-type-simple"},"acf":[],"yoast_head":"<!-- This site is optimized with the Yoast SEO plugin v27.4 - https:\/\/yoast.com\/product\/yoast-seo-wordpress\/ -->\n<title>Julio Cort\u00e1zar \u201e\u017daid\u017eiame klases\u201c<\/title>\n<meta name=\"description\" content=\"Pagrindinis romano tikslas, kaip ai\u0161kina pats autorius, i\u0161mu\u0161ti i\u0161 \u012fprast\u0173 v\u0117\u017ei\u0173, i\u0161 inerti\u0161kos kasdienyb\u0117s skaitytoj\u0105, kad tas atsibust\u0173 i\u0161 \u201eprotinio\" \/>\n<meta name=\"robots\" content=\"index, follow, max-snippet:-1, max-image-preview:large, max-video-preview:-1\" \/>\n<link rel=\"canonical\" href=\"https:\/\/skaitytaknyga.lt\/en\/produktas\/julio-cortazar-zaidziame-klases-2\/\" \/>\n<meta property=\"og:locale\" content=\"en_GB\" \/>\n<meta property=\"og:locale:alternate\" content=\"lt_LT\" \/>\n<meta property=\"og:type\" content=\"article\" \/>\n<meta property=\"og:title\" content=\"Julio Cort\u00e1zar \u201e\u017daid\u017eiame klases\u201c\" \/>\n<meta property=\"og:description\" content=\"Pagrindinis romano tikslas, kaip ai\u0161kina pats autorius, i\u0161mu\u0161ti i\u0161 \u012fprast\u0173 v\u0117\u017ei\u0173, i\u0161 inerti\u0161kos kasdienyb\u0117s skaitytoj\u0105, kad tas atsibust\u0173 i\u0161 \u201eprotinio\" \/>\n<meta property=\"og:url\" content=\"https:\/\/skaitytaknyga.lt\/en\/produktas\/julio-cortazar-zaidziame-klases-2\/\" \/>\n<meta property=\"og:site_name\" content=\"Skaitytaknyga\" \/>\n<meta property=\"article:publisher\" content=\"https:\/\/www.facebook.com\/skaitytaknyga\/\" \/>\n<meta property=\"article:modified_time\" content=\"2025-12-26T12:45:56+00:00\" \/>\n<meta property=\"og:image\" content=\"https:\/\/skaitytaknyga.lt\/wp-content\/uploads\/2024\/05\/kortasaras-chulijas-zaidziame-klases-e1620321711937.jpg\" \/>\n\t<meta property=\"og:image:width\" content=\"262\" \/>\n\t<meta property=\"og:image:height\" content=\"399\" \/>\n\t<meta property=\"og:image:type\" content=\"image\/jpeg\" \/>\n<meta name=\"twitter:card\" content=\"summary_large_image\" \/>\n<meta name=\"twitter:label1\" content=\"Estimated reading time\" \/>\n\t<meta name=\"twitter:data1\" content=\"2 minutes\" \/>\n<script type=\"application\/ld+json\" class=\"yoast-schema-graph\">{\"@context\":\"https:\\\/\\\/schema.org\",\"@graph\":[{\"@type\":\"WebPage\",\"@id\":\"https:\\\/\\\/skaitytaknyga.lt\\\/produktas\\\/julio-cortazar-zaidziame-klases-2\\\/\",\"url\":\"https:\\\/\\\/skaitytaknyga.lt\\\/produktas\\\/julio-cortazar-zaidziame-klases-2\\\/\",\"name\":\"Julio Cort\u00e1zar \u201e\u017daid\u017eiame klases\u201c\",\"isPartOf\":{\"@id\":\"https:\\\/\\\/skaitytaknyga.lt\\\/#website\"},\"primaryImageOfPage\":{\"@id\":\"https:\\\/\\\/skaitytaknyga.lt\\\/produktas\\\/julio-cortazar-zaidziame-klases-2\\\/#primaryimage\"},\"image\":{\"@id\":\"https:\\\/\\\/skaitytaknyga.lt\\\/produktas\\\/julio-cortazar-zaidziame-klases-2\\\/#primaryimage\"},\"thumbnailUrl\":\"https:\\\/\\\/skaitytaknyga.lt\\\/wp-content\\\/uploads\\\/2024\\\/05\\\/kortasaras-chulijas-zaidziame-klases-e1620321711937.jpg\",\"datePublished\":\"2024-05-04T14:53:28+00:00\",\"dateModified\":\"2025-12-26T12:45:56+00:00\",\"description\":\"Pagrindinis romano tikslas, kaip ai\u0161kina pats autorius, i\u0161mu\u0161ti i\u0161 \u012fprast\u0173 v\u0117\u017ei\u0173, i\u0161 inerti\u0161kos kasdienyb\u0117s skaitytoj\u0105, kad tas atsibust\u0173 i\u0161 \u201eprotinio\",\"breadcrumb\":{\"@id\":\"https:\\\/\\\/skaitytaknyga.lt\\\/produktas\\\/julio-cortazar-zaidziame-klases-2\\\/#breadcrumb\"},\"inLanguage\":\"en-GB\",\"potentialAction\":[{\"@type\":\"ReadAction\",\"target\":[\"https:\\\/\\\/skaitytaknyga.lt\\\/produktas\\\/julio-cortazar-zaidziame-klases-2\\\/\"]}]},{\"@type\":\"ImageObject\",\"inLanguage\":\"en-GB\",\"@id\":\"https:\\\/\\\/skaitytaknyga.lt\\\/produktas\\\/julio-cortazar-zaidziame-klases-2\\\/#primaryimage\",\"url\":\"https:\\\/\\\/skaitytaknyga.lt\\\/wp-content\\\/uploads\\\/2024\\\/05\\\/kortasaras-chulijas-zaidziame-klases-e1620321711937.jpg\",\"contentUrl\":\"https:\\\/\\\/skaitytaknyga.lt\\\/wp-content\\\/uploads\\\/2024\\\/05\\\/kortasaras-chulijas-zaidziame-klases-e1620321711937.jpg\",\"width\":262,\"height\":399,\"caption\":\"\u017daid\u017eiame klases\"},{\"@type\":\"BreadcrumbList\",\"@id\":\"https:\\\/\\\/skaitytaknyga.lt\\\/produktas\\\/julio-cortazar-zaidziame-klases-2\\\/#breadcrumb\",\"itemListElement\":[{\"@type\":\"ListItem\",\"position\":1,\"name\":\"Home\",\"item\":\"https:\\\/\\\/skaitytaknyga.lt\\\/\"},{\"@type\":\"ListItem\",\"position\":2,\"name\":\"Parduotuv\u0117\",\"item\":\"https:\\\/\\\/skaitytaknyga.lt\\\/knygu-parduotuve\\\/\"},{\"@type\":\"ListItem\",\"position\":3,\"name\":\"Julio Cort\u00e1zar \u201e\u017daid\u017eiame klases\u201c\"}]},{\"@type\":\"WebSite\",\"@id\":\"https:\\\/\\\/skaitytaknyga.lt\\\/#website\",\"url\":\"https:\\\/\\\/skaitytaknyga.lt\\\/\",\"name\":\"skaitytaknyga.lt\",\"description\":\"Skaitytaknyga.lt \u2013 tai ma\u017eas \u0161eimos verslas, kuris prasid\u0117jo nuo meil\u0117s knygoms ir siekio i\u0161gelb\u0117ti knygas nuo likimo prie konteinerio. Kas vienam nereikalingas daiktas \u2013 kitam lobis, o mes esame tarpininkai, kurie padeda abiems tapti laimingesniems ???? \u017dinome kaip nelengva i\u0161gyventi ma\u017eiems verslams, tad nuo \u0161iol, \u010dia rasite ir kit\u0173, ma\u017e\u0173 \u0161eim\u0173 versl\u0173, rank\u0173 darbo, dovan\u0173 sau ir artimiesiems.\",\"publisher\":{\"@id\":\"https:\\\/\\\/skaitytaknyga.lt\\\/#organization\"},\"potentialAction\":[{\"@type\":\"SearchAction\",\"target\":{\"@type\":\"EntryPoint\",\"urlTemplate\":\"https:\\\/\\\/skaitytaknyga.lt\\\/?s={search_term_string}\"},\"query-input\":{\"@type\":\"PropertyValueSpecification\",\"valueRequired\":true,\"valueName\":\"search_term_string\"}}],\"inLanguage\":\"en-GB\"},{\"@type\":\"Organization\",\"@id\":\"https:\\\/\\\/skaitytaknyga.lt\\\/#organization\",\"name\":\"skaitytaknyga.lt\",\"url\":\"https:\\\/\\\/skaitytaknyga.lt\\\/\",\"logo\":{\"@type\":\"ImageObject\",\"inLanguage\":\"en-GB\",\"@id\":\"https:\\\/\\\/skaitytaknyga.lt\\\/#\\\/schema\\\/logo\\\/image\\\/\",\"url\":\"https:\\\/\\\/skaitytaknyga.lt\\\/wp-content\\\/uploads\\\/2024\\\/05\\\/cropped-cropped-cropped-02_00843_jt3bggkj1j3HLc7SyY6rEUpg.jpeg\",\"contentUrl\":\"https:\\\/\\\/skaitytaknyga.lt\\\/wp-content\\\/uploads\\\/2024\\\/05\\\/cropped-cropped-cropped-02_00843_jt3bggkj1j3HLc7SyY6rEUpg.jpeg\",\"width\":1600,\"height\":1600,\"caption\":\"skaitytaknyga.lt\"},\"image\":{\"@id\":\"https:\\\/\\\/skaitytaknyga.lt\\\/#\\\/schema\\\/logo\\\/image\\\/\"},\"sameAs\":[\"https:\\\/\\\/www.facebook.com\\\/skaitytaknyga\\\/\"]}]}<\/script>\n<!-- \/ Yoast SEO plugin. -->","yoast_head_json":{"title":"Julio Cort\u00e1zar \u201e\u017daid\u017eiame klases\u201c","description":"Pagrindinis romano tikslas, kaip ai\u0161kina pats autorius, i\u0161mu\u0161ti i\u0161 \u012fprast\u0173 v\u0117\u017ei\u0173, i\u0161 inerti\u0161kos kasdienyb\u0117s skaitytoj\u0105, kad tas atsibust\u0173 i\u0161 \u201eprotinio","robots":{"index":"index","follow":"follow","max-snippet":"max-snippet:-1","max-image-preview":"max-image-preview:large","max-video-preview":"max-video-preview:-1"},"canonical":"https:\/\/skaitytaknyga.lt\/en\/produktas\/julio-cortazar-zaidziame-klases-2\/","og_locale":"en_GB","og_type":"article","og_title":"[:lt]Julio Cort\u00e1zar \u201e\u017daid\u017eiame klases\u201c[:] - Skaitytaknyga","og_description":"Pagrindinis romano tikslas, kaip ai\u0161kina pats autorius, i\u0161mu\u0161ti i\u0161 \u012fprast\u0173 v\u0117\u017ei\u0173, i\u0161 inerti\u0161kos kasdienyb\u0117s skaitytoj\u0105, kad tas atsibust\u0173 i\u0161 \u201eprotinio","og_url":"https:\/\/skaitytaknyga.lt\/en\/produktas\/julio-cortazar-zaidziame-klases-2\/","og_site_name":"Skaitytaknyga","article_publisher":"https:\/\/www.facebook.com\/skaitytaknyga\/","article_modified_time":"2025-12-26T12:45:56+00:00","og_image":[{"width":262,"height":399,"url":"https:\/\/skaitytaknyga.lt\/wp-content\/uploads\/2024\/05\/kortasaras-chulijas-zaidziame-klases-e1620321711937.jpg","type":"image\/jpeg"}],"twitter_card":"summary_large_image","twitter_misc":{"Estimated reading time":"2 minutes"},"schema":{"@context":"https:\/\/schema.org","@graph":[{"@type":"WebPage","@id":"https:\/\/skaitytaknyga.lt\/produktas\/julio-cortazar-zaidziame-klases-2\/","url":"https:\/\/skaitytaknyga.lt\/produktas\/julio-cortazar-zaidziame-klases-2\/","name":"Julio Cort\u00e1zar \u201e\u017daid\u017eiame klases\u201c","isPartOf":{"@id":"https:\/\/skaitytaknyga.lt\/#website"},"primaryImageOfPage":{"@id":"https:\/\/skaitytaknyga.lt\/produktas\/julio-cortazar-zaidziame-klases-2\/#primaryimage"},"image":{"@id":"https:\/\/skaitytaknyga.lt\/produktas\/julio-cortazar-zaidziame-klases-2\/#primaryimage"},"thumbnailUrl":"https:\/\/skaitytaknyga.lt\/wp-content\/uploads\/2024\/05\/kortasaras-chulijas-zaidziame-klases-e1620321711937.jpg","datePublished":"2024-05-04T14:53:28+00:00","dateModified":"2025-12-26T12:45:56+00:00","description":"Pagrindinis romano tikslas, kaip ai\u0161kina pats autorius, i\u0161mu\u0161ti i\u0161 \u012fprast\u0173 v\u0117\u017ei\u0173, i\u0161 inerti\u0161kos kasdienyb\u0117s skaitytoj\u0105, kad tas atsibust\u0173 i\u0161 \u201eprotinio","breadcrumb":{"@id":"https:\/\/skaitytaknyga.lt\/produktas\/julio-cortazar-zaidziame-klases-2\/#breadcrumb"},"inLanguage":"en-GB","potentialAction":[{"@type":"ReadAction","target":["https:\/\/skaitytaknyga.lt\/produktas\/julio-cortazar-zaidziame-klases-2\/"]}]},{"@type":"ImageObject","inLanguage":"en-GB","@id":"https:\/\/skaitytaknyga.lt\/produktas\/julio-cortazar-zaidziame-klases-2\/#primaryimage","url":"https:\/\/skaitytaknyga.lt\/wp-content\/uploads\/2024\/05\/kortasaras-chulijas-zaidziame-klases-e1620321711937.jpg","contentUrl":"https:\/\/skaitytaknyga.lt\/wp-content\/uploads\/2024\/05\/kortasaras-chulijas-zaidziame-klases-e1620321711937.jpg","width":262,"height":399,"caption":"\u017daid\u017eiame klases"},{"@type":"BreadcrumbList","@id":"https:\/\/skaitytaknyga.lt\/produktas\/julio-cortazar-zaidziame-klases-2\/#breadcrumb","itemListElement":[{"@type":"ListItem","position":1,"name":"Home","item":"https:\/\/skaitytaknyga.lt\/"},{"@type":"ListItem","position":2,"name":"Parduotuv\u0117","item":"https:\/\/skaitytaknyga.lt\/knygu-parduotuve\/"},{"@type":"ListItem","position":3,"name":"Julio Cort\u00e1zar \u201e\u017daid\u017eiame klases\u201c"}]},{"@type":"WebSite","@id":"https:\/\/skaitytaknyga.lt\/#website","url":"https:\/\/skaitytaknyga.lt\/","name":"skaitytaknyga.lt","description":"Skaitytaknyga.lt \u2013 tai ma\u017eas \u0161eimos verslas, kuris prasid\u0117jo nuo meil\u0117s knygoms ir siekio i\u0161gelb\u0117ti knygas nuo likimo prie konteinerio. Kas vienam nereikalingas daiktas \u2013 kitam lobis, o mes esame tarpininkai, kurie padeda abiems tapti laimingesniems ???? \u017dinome kaip nelengva i\u0161gyventi ma\u017eiems verslams, tad nuo \u0161iol, \u010dia rasite ir kit\u0173, ma\u017e\u0173 \u0161eim\u0173 versl\u0173, rank\u0173 darbo, dovan\u0173 sau ir artimiesiems.","publisher":{"@id":"https:\/\/skaitytaknyga.lt\/#organization"},"potentialAction":[{"@type":"SearchAction","target":{"@type":"EntryPoint","urlTemplate":"https:\/\/skaitytaknyga.lt\/?s={search_term_string}"},"query-input":{"@type":"PropertyValueSpecification","valueRequired":true,"valueName":"search_term_string"}}],"inLanguage":"en-GB"},{"@type":"Organization","@id":"https:\/\/skaitytaknyga.lt\/#organization","name":"skaitytaknyga.lt","url":"https:\/\/skaitytaknyga.lt\/","logo":{"@type":"ImageObject","inLanguage":"en-GB","@id":"https:\/\/skaitytaknyga.lt\/#\/schema\/logo\/image\/","url":"https:\/\/skaitytaknyga.lt\/wp-content\/uploads\/2024\/05\/cropped-cropped-cropped-02_00843_jt3bggkj1j3HLc7SyY6rEUpg.jpeg","contentUrl":"https:\/\/skaitytaknyga.lt\/wp-content\/uploads\/2024\/05\/cropped-cropped-cropped-02_00843_jt3bggkj1j3HLc7SyY6rEUpg.jpeg","width":1600,"height":1600,"caption":"skaitytaknyga.lt"},"image":{"@id":"https:\/\/skaitytaknyga.lt\/#\/schema\/logo\/image\/"},"sameAs":["https:\/\/www.facebook.com\/skaitytaknyga\/"]}]}},"_links":{"self":[{"href":"https:\/\/skaitytaknyga.lt\/en\/wp-json\/wp\/v2\/product\/8901","targetHints":{"allow":["GET"]}}],"collection":[{"href":"https:\/\/skaitytaknyga.lt\/en\/wp-json\/wp\/v2\/product"}],"about":[{"href":"https:\/\/skaitytaknyga.lt\/en\/wp-json\/wp\/v2\/types\/product"}],"replies":[{"embeddable":true,"href":"https:\/\/skaitytaknyga.lt\/en\/wp-json\/wp\/v2\/comments?post=8901"}],"wp:featuredmedia":[{"embeddable":true,"href":"https:\/\/skaitytaknyga.lt\/en\/wp-json\/wp\/v2\/media\/5735"}],"wp:attachment":[{"href":"https:\/\/skaitytaknyga.lt\/en\/wp-json\/wp\/v2\/media?parent=8901"}],"wp:term":[{"taxonomy":"product_brand","embeddable":true,"href":"https:\/\/skaitytaknyga.lt\/en\/wp-json\/wp\/v2\/product_brand?post=8901"},{"taxonomy":"product_cat","embeddable":true,"href":"https:\/\/skaitytaknyga.lt\/en\/wp-json\/wp\/v2\/product_cat?post=8901"},{"taxonomy":"product_tag","embeddable":true,"href":"https:\/\/skaitytaknyga.lt\/en\/wp-json\/wp\/v2\/product_tag?post=8901"}],"curies":[{"name":"wp","href":"https:\/\/api.w.org\/{rel}","templated":true}]}}