{"id":8895,"date":"2024-05-04T14:53:28","date_gmt":"2024-05-04T14:53:28","guid":{"rendered":"https:\/\/skaitytaknyga.lt\/?post_type=product&#038;p=8895"},"modified":"2024-05-04T14:53:35","modified_gmt":"2024-05-04T14:53:35","slug":"sanaudu-apkarpymas-2","status":"publish","type":"product","link":"https:\/\/skaitytaknyga.lt\/en\/produktas\/sanaudu-apkarpymas-2\/","title":{"rendered":"S\u0105naud\u0173 apkarpymas"},"content":{"rendered":"<p>Kaip sumaniai tvarkyti ir ma\u017einti s\u0105naudas<\/p>\n<p>\u201eS\u0105naud\u0173 apkarpymas\u201c pateikia s\u0105naud\u0173 vadybos priemoni\u0173 rinkin\u012f, kuris pagr\u012fstas 25 met\u0173 konsultavimo patirtimi vadovaujant tarptautiniams s\u0105naud\u0173 ma\u017einimo projektams. Knyga parodo, kuo skiriasi sumani ir bloga s\u0105naud\u0173 vadyba.<\/p>\n<p>S\u0105naud\u0173 vadyba tinka ir privataus sektoriaus \u012fmon\u0117ms, ir vie\u0161ojo sektoriaus organizacijoms, vis\u0173 lygi\u0173 vadybininkams.<\/p>\n<p>\u0160i knyga apima ir vienkartines s\u0105naud\u0173 ma\u017einimo programas, bet svarbiausia jos tema yra tai, kas domina daugum\u0105 vadov\u0173 \u2013 ilgalaik\u0117 s\u0105naud\u0173 vadybos programa.<\/p>\n<p>\u201eS\u0105naud\u0173 apkarpymas\u201c pateikia strukt\u016brin\u012f, prakti\u0161k\u0105 po\u017ei\u016br\u012f \u012f sumani\u0105 s\u0105naud\u0173 vadyb\u0105 si\u016blydamas svarbiausi\u0173 id\u0117j\u0173 ir s\u0105naud\u0173 vadybos strategij\u0173 rinkin\u012f, s\u0105naud\u0173 analiz\u0117s schemas ir praktinius b\u016bdus, kaip \u012fdiegti s\u0105naud\u0173 ma\u017einimo programas.<\/p>\n<p>Andrew Wilemanas yra dideli\u0173 tarptautini\u0173 bendrovi\u0173 generalini\u0173 direktori\u0173 ir \u012fmon\u0117s tarybos nari\u0173 lygio klient\u0173 konsultantas. Jis vadovauja strategijos, organizavimo, \u012fsigijimo ir eksploatavimo projektams. Be to, jis yra \u201eOC&amp;C Strategy Consultants\u201c patar\u0117jas ir nuolat ra\u0161o straipsnius bei skiltis \u012f Management Today.<\/p>\n","protected":false},"excerpt":{"rendered":"<p>Kaip sumaniai tvarkyti ir ma\u017einti s\u0105naudas<\/p>\n<p>\u201eS\u0105naud\u0173 apkarpymas\u201c pateikia s\u0105naud\u0173 vadybos priemoni\u0173 rinkin\u012f, kuris pagr\u012fstas 25 met\u0173 konsultavimo patirtimi vadovaujant tarptautiniams s\u0105naud\u0173 ma\u017einimo projektams. Knyga parodo, kuo skiriasi sumani ir bloga s\u0105naud\u0173 vadyba.<\/p>\n<p>S\u0105naud\u0173 vadyba tinka ir privataus sektoriaus \u012fmon\u0117ms, ir vie\u0161ojo sektoriaus organizacijoms, vis\u0173 lygi\u0173 vadybininkams.<\/p>\n<p>\u0160i knyga apima ir vienkartines s\u0105naud\u0173 ma\u017einimo programas, bet svarbiausia jos tema yra tai, kas domina daugum\u0105 vadov\u0173 \u2013 ilgalaik\u0117 s\u0105naud\u0173 vadybos programa.<\/p>\n<p>\u201eS\u0105naud\u0173 apkarpymas\u201c pateikia strukt\u016brin\u012f, prakti\u0161k\u0105 po\u017ei\u016br\u012f \u012f sumani\u0105 s\u0105naud\u0173 vadyb\u0105 si\u016blydamas svarbiausi\u0173 id\u0117j\u0173 ir s\u0105naud\u0173 vadybos strategij\u0173 rinkin\u012f, s\u0105naud\u0173 analiz\u0117s schemas ir praktinius b\u016bdus, kaip \u012fdiegti s\u0105naud\u0173 ma\u017einimo programas.<\/p>\n<p>Andrew Wilemanas yra dideli\u0173 tarptautini\u0173 bendrovi\u0173 generalini\u0173 direktori\u0173 ir \u012fmon\u0117s tarybos nari\u0173 lygio klient\u0173 konsultantas. Jis vadovauja strategijos, organizavimo, \u012fsigijimo ir eksploatavimo projektams. Be to, jis yra \u201eOC&amp;C Strategy Consultants\u201c patar\u0117jas ir nuolat ra\u0161o straipsnius bei skiltis \u012f Management Today.<\/p>\n","protected":false},"featured_media":5728,"comment_status":"closed","ping_status":"closed","template":"","meta":{"_acf_changed":false,"site-sidebar-layout":"default","site-content-layout":"","ast-site-content-layout":"default","site-content-style":"default","site-sidebar-style":"default","ast-global-header-display":"","ast-banner-title-visibility":"","ast-main-header-display":"","ast-hfb-above-header-display":"","ast-hfb-below-header-display":"","ast-hfb-mobile-header-display":"","site-post-title":"","ast-breadcrumbs-content":"","ast-featured-img":"","footer-sml-layout":"","ast-disable-related-posts":"","theme-transparent-header-meta":"","adv-header-id-meta":"","stick-header-meta":"","header-above-stick-meta":"","header-main-stick-meta":"","header-below-stick-meta":"","astra-migrate-meta-layouts":"default","ast-page-background-enabled":"default","ast-page-background-meta":{"desktop":{"background-color":"","background-image":"","background-repeat":"repeat","background-position":"center center","background-size":"auto","background-attachment":"scroll","background-type":"","background-media":"","overlay-type":"","overlay-color":"","overlay-opacity":"","overlay-gradient":""},"tablet":{"background-color":"","background-image":"","background-repeat":"repeat","background-position":"center center","background-size":"auto","background-attachment":"scroll","background-type":"","background-media":"","overlay-type":"","overlay-color":"","overlay-opacity":"","overlay-gradient":""},"mobile":{"background-color":"","background-image":"","background-repeat":"repeat","background-position":"center center","background-size":"auto","background-attachment":"scroll","background-type":"","background-media":"","overlay-type":"","overlay-color":"","overlay-opacity":"","overlay-gradient":""}},"ast-content-background-meta":{"desktop":{"background-color":"var(--ast-global-color-4)","background-image":"","background-repeat":"repeat","background-position":"center center","background-size":"auto","background-attachment":"scroll","background-type":"","background-media":"","overlay-type":"","overlay-color":"","overlay-opacity":"","overlay-gradient":""},"tablet":{"background-color":"var(--ast-global-color-4)","background-image":"","background-repeat":"repeat","background-position":"center center","background-size":"auto","background-attachment":"scroll","background-type":"","background-media":"","overlay-type":"","overlay-color":"","overlay-opacity":"","overlay-gradient":""},"mobile":{"background-color":"var(--ast-global-color-4)","background-image":"","background-repeat":"repeat","background-position":"center center","background-size":"auto","background-attachment":"scroll","background-type":"","background-media":"","overlay-type":"","overlay-color":"","overlay-opacity":"","overlay-gradient":""}}},"product_brand":[],"product_cat":[26],"product_tag":[275],"class_list":{"0":"post-8895","1":"product","2":"type-product","3":"status-publish","4":"has-post-thumbnail","6":"product_cat-verslas-vadyba-ir-finansai","7":"product_tag-verslo-zinios","8":"desktop-align-left","9":"tablet-align-left","10":"mobile-align-left","12":"first","13":"instock","14":"shipping-taxable","15":"purchasable","16":"product-type-simple"},"acf":[],"yoast_head":"<!-- This site is optimized with the Yoast SEO plugin v27.0 - https:\/\/yoast.com\/product\/yoast-seo-wordpress\/ -->\n<title>S\u0105naud\u0173 apkarpymas - Skaitytaknyga<\/title>\n<meta name=\"description\" content=\"Kaip sumaniai tvarkyti ir ma\u017einti s\u0105naudas  \u201eS\u0105naud\u0173 apkarpymas\u201c pateikia s\u0105naud\u0173 vadybos priemoni\u0173 rinkin\u012f, kuris pagr\u012fstas 25 met\u0173 konsultavimo patirtimi vadovaujant tarptautiniams s\u0105naud\u0173 ma\u017einimo projektams. Knyga parodo, kuo skiriasi sumani ir bloga s\u0105naud\u0173 vadyba.  S\u0105naud\u0173 vadyba tinka ir privataus sektoriaus \u012fmon\u0117ms, ir vie\u0161ojo sektoriaus organizacijoms, vis\u0173 lygi\u0173 vadybininkams.  \u0160i knyga apima ir vienkartines s\u0105naud\u0173 ma\u017einimo programas, bet svarbiausia jos tema yra tai, kas domina daugum\u0105 vadov\u0173 \u2013 ilgalaik\u0117 s\u0105naud\u0173 vadybos programa.  \u201eS\u0105naud\u0173 apkarpymas\u201c pateikia strukt\u016brin\u012f, prakti\u0161k\u0105 po\u017ei\u016br\u012f \u012f sumani\u0105 s\u0105naud\u0173 vadyb\u0105 si\u016blydamas svarbiausi\u0173 id\u0117j\u0173 ir s\u0105naud\u0173 vadybos strategij\u0173 rinkin\u012f, s\u0105naud\u0173 analiz\u0117s schemas ir praktinius b\u016bdus, kaip \u012fdiegti s\u0105naud\u0173 ma\u017einimo programas.  Andrew Wilemanas yra dideli\u0173 tarptautini\u0173 bendrovi\u0173 generalini\u0173 direktori\u0173 ir \u012fmon\u0117s tarybos nari\u0173 lygio klient\u0173 konsultantas. Jis vadovauja strategijos, organizavimo, \u012fsigijimo ir eksploatavimo projektams. Be to, jis yra \u201eOC&amp;C Strategy Consultants\u201c patar\u0117jas ir nuolat ra\u0161o straipsnius bei skiltis \u012f Management Today.\" \/>\n<meta name=\"robots\" content=\"index, follow, max-snippet:-1, max-image-preview:large, max-video-preview:-1\" \/>\n<link rel=\"canonical\" href=\"https:\/\/skaitytaknyga.lt\/en\/produktas\/sanaudu-apkarpymas-2\/\" \/>\n<meta property=\"og:locale\" content=\"en_GB\" \/>\n<meta property=\"og:locale:alternate\" content=\"lt_LT\" \/>\n<meta property=\"og:type\" content=\"article\" \/>\n<meta property=\"og:title\" content=\"S\u0105naud\u0173 apkarpymas - Skaitytaknyga\" \/>\n<meta property=\"og:description\" content=\"Kaip sumaniai tvarkyti ir ma\u017einti s\u0105naudas  \u201eS\u0105naud\u0173 apkarpymas\u201c pateikia s\u0105naud\u0173 vadybos priemoni\u0173 rinkin\u012f, kuris pagr\u012fstas 25 met\u0173 konsultavimo patirtimi vadovaujant tarptautiniams s\u0105naud\u0173 ma\u017einimo projektams. Knyga parodo, kuo skiriasi sumani ir bloga s\u0105naud\u0173 vadyba.  S\u0105naud\u0173 vadyba tinka ir privataus sektoriaus \u012fmon\u0117ms, ir vie\u0161ojo sektoriaus organizacijoms, vis\u0173 lygi\u0173 vadybininkams.  \u0160i knyga apima ir vienkartines s\u0105naud\u0173 ma\u017einimo programas, bet svarbiausia jos tema yra tai, kas domina daugum\u0105 vadov\u0173 \u2013 ilgalaik\u0117 s\u0105naud\u0173 vadybos programa.  \u201eS\u0105naud\u0173 apkarpymas\u201c pateikia strukt\u016brin\u012f, prakti\u0161k\u0105 po\u017ei\u016br\u012f \u012f sumani\u0105 s\u0105naud\u0173 vadyb\u0105 si\u016blydamas svarbiausi\u0173 id\u0117j\u0173 ir s\u0105naud\u0173 vadybos strategij\u0173 rinkin\u012f, s\u0105naud\u0173 analiz\u0117s schemas ir praktinius b\u016bdus, kaip \u012fdiegti s\u0105naud\u0173 ma\u017einimo programas.  Andrew Wilemanas yra dideli\u0173 tarptautini\u0173 bendrovi\u0173 generalini\u0173 direktori\u0173 ir \u012fmon\u0117s tarybos nari\u0173 lygio klient\u0173 konsultantas. Jis vadovauja strategijos, organizavimo, \u012fsigijimo ir eksploatavimo projektams. Be to, jis yra \u201eOC&amp;C Strategy Consultants\u201c patar\u0117jas ir nuolat ra\u0161o straipsnius bei skiltis \u012f Management Today.\" \/>\n<meta property=\"og:url\" content=\"https:\/\/skaitytaknyga.lt\/en\/produktas\/sanaudu-apkarpymas-2\/\" \/>\n<meta property=\"og:site_name\" content=\"Skaitytaknyga\" \/>\n<meta property=\"article:publisher\" content=\"https:\/\/www.facebook.com\/skaitytaknyga\/\" \/>\n<meta property=\"article:modified_time\" content=\"2024-05-04T14:53:35+00:00\" \/>\n<meta property=\"og:image\" content=\"https:\/\/skaitytaknyga.lt\/wp-content\/uploads\/2024\/05\/1462882951_img0026-001.jpg\" \/>\n\t<meta property=\"og:image:width\" content=\"278\" \/>\n\t<meta property=\"og:image:height\" content=\"430\" \/>\n\t<meta property=\"og:image:type\" content=\"image\/jpeg\" \/>\n<meta name=\"twitter:card\" content=\"summary_large_image\" \/>\n<meta name=\"twitter:label1\" content=\"Estimated reading time\" \/>\n\t<meta name=\"twitter:data1\" content=\"1 minute\" \/>\n<script type=\"application\/ld+json\" class=\"yoast-schema-graph\">{\"@context\":\"https:\/\/schema.org\",\"@graph\":[{\"@type\":\"WebPage\",\"@id\":\"https:\/\/skaitytaknyga.lt\/produktas\/sanaudu-apkarpymas-2\/\",\"url\":\"https:\/\/skaitytaknyga.lt\/produktas\/sanaudu-apkarpymas-2\/\",\"name\":\"S\u0105naud\u0173 apkarpymas - Skaitytaknyga\",\"isPartOf\":{\"@id\":\"https:\/\/skaitytaknyga.lt\/#website\"},\"primaryImageOfPage\":{\"@id\":\"https:\/\/skaitytaknyga.lt\/produktas\/sanaudu-apkarpymas-2\/#primaryimage\"},\"image\":{\"@id\":\"https:\/\/skaitytaknyga.lt\/produktas\/sanaudu-apkarpymas-2\/#primaryimage\"},\"thumbnailUrl\":\"https:\/\/skaitytaknyga.lt\/wp-content\/uploads\/2024\/05\/1462882951_img0026-001.jpg\",\"datePublished\":\"2024-05-04T14:53:28+00:00\",\"dateModified\":\"2024-05-04T14:53:35+00:00\",\"description\":\"Kaip sumaniai tvarkyti ir ma\u017einti s\u0105naudas \u201eS\u0105naud\u0173 apkarpymas\u201c pateikia s\u0105naud\u0173 vadybos priemoni\u0173 rinkin\u012f, kuris pagr\u012fstas 25 met\u0173 konsultavimo patirtimi vadovaujant tarptautiniams s\u0105naud\u0173 ma\u017einimo projektams. Knyga parodo, kuo skiriasi sumani ir bloga s\u0105naud\u0173 vadyba. S\u0105naud\u0173 vadyba tinka ir privataus sektoriaus \u012fmon\u0117ms, ir vie\u0161ojo sektoriaus organizacijoms, vis\u0173 lygi\u0173 vadybininkams. \u0160i knyga apima ir vienkartines s\u0105naud\u0173 ma\u017einimo programas, bet svarbiausia jos tema yra tai, kas domina daugum\u0105 vadov\u0173 \u2013 ilgalaik\u0117 s\u0105naud\u0173 vadybos programa. \u201eS\u0105naud\u0173 apkarpymas\u201c pateikia strukt\u016brin\u012f, prakti\u0161k\u0105 po\u017ei\u016br\u012f \u012f sumani\u0105 s\u0105naud\u0173 vadyb\u0105 si\u016blydamas svarbiausi\u0173 id\u0117j\u0173 ir s\u0105naud\u0173 vadybos strategij\u0173 rinkin\u012f, s\u0105naud\u0173 analiz\u0117s schemas ir praktinius b\u016bdus, kaip \u012fdiegti s\u0105naud\u0173 ma\u017einimo programas. Andrew Wilemanas yra dideli\u0173 tarptautini\u0173 bendrovi\u0173 generalini\u0173 direktori\u0173 ir \u012fmon\u0117s tarybos nari\u0173 lygio klient\u0173 konsultantas. Jis vadovauja strategijos, organizavimo, \u012fsigijimo ir eksploatavimo projektams. Be to, jis yra \u201eOC&amp;C Strategy Consultants\u201c patar\u0117jas ir nuolat ra\u0161o straipsnius bei skiltis \u012f Management Today.\",\"breadcrumb\":{\"@id\":\"https:\/\/skaitytaknyga.lt\/produktas\/sanaudu-apkarpymas-2\/#breadcrumb\"},\"inLanguage\":\"en-GB\",\"potentialAction\":[{\"@type\":\"ReadAction\",\"target\":[\"https:\/\/skaitytaknyga.lt\/produktas\/sanaudu-apkarpymas-2\/\"]}]},{\"@type\":\"ImageObject\",\"inLanguage\":\"en-GB\",\"@id\":\"https:\/\/skaitytaknyga.lt\/produktas\/sanaudu-apkarpymas-2\/#primaryimage\",\"url\":\"https:\/\/skaitytaknyga.lt\/wp-content\/uploads\/2024\/05\/1462882951_img0026-001.jpg\",\"contentUrl\":\"https:\/\/skaitytaknyga.lt\/wp-content\/uploads\/2024\/05\/1462882951_img0026-001.jpg\",\"width\":278,\"height\":430},{\"@type\":\"BreadcrumbList\",\"@id\":\"https:\/\/skaitytaknyga.lt\/produktas\/sanaudu-apkarpymas-2\/#breadcrumb\",\"itemListElement\":[{\"@type\":\"ListItem\",\"position\":1,\"name\":\"Home\",\"item\":\"https:\/\/skaitytaknyga.lt\/\"},{\"@type\":\"ListItem\",\"position\":2,\"name\":\"Parduotuv\u0117\",\"item\":\"https:\/\/skaitytaknyga.lt\/knygu-parduotuve\/\"},{\"@type\":\"ListItem\",\"position\":3,\"name\":\"S\u0105naud\u0173 apkarpymas\"}]},{\"@type\":\"WebSite\",\"@id\":\"https:\/\/skaitytaknyga.lt\/#website\",\"url\":\"https:\/\/skaitytaknyga.lt\/\",\"name\":\"skaitytaknyga.lt\",\"description\":\"Skaitytaknyga.lt \u2013 tai ma\u017eas \u0161eimos verslas, kuris prasid\u0117jo nuo meil\u0117s knygoms ir siekio i\u0161gelb\u0117ti knygas nuo likimo prie konteinerio. Kas vienam nereikalingas daiktas \u2013 kitam lobis, o mes esame tarpininkai, kurie padeda abiems tapti laimingesniems ???? \u017dinome kaip nelengva i\u0161gyventi ma\u017eiems verslams, tad nuo \u0161iol, \u010dia rasite ir kit\u0173, ma\u017e\u0173 \u0161eim\u0173 versl\u0173, rank\u0173 darbo, dovan\u0173 sau ir artimiesiems.\",\"publisher\":{\"@id\":\"https:\/\/skaitytaknyga.lt\/#organization\"},\"potentialAction\":[{\"@type\":\"SearchAction\",\"target\":{\"@type\":\"EntryPoint\",\"urlTemplate\":\"https:\/\/skaitytaknyga.lt\/?s={search_term_string}\"},\"query-input\":{\"@type\":\"PropertyValueSpecification\",\"valueRequired\":true,\"valueName\":\"search_term_string\"}}],\"inLanguage\":\"en-GB\"},{\"@type\":\"Organization\",\"@id\":\"https:\/\/skaitytaknyga.lt\/#organization\",\"name\":\"skaitytaknyga.lt\",\"url\":\"https:\/\/skaitytaknyga.lt\/\",\"logo\":{\"@type\":\"ImageObject\",\"inLanguage\":\"en-GB\",\"@id\":\"https:\/\/skaitytaknyga.lt\/#\/schema\/logo\/image\/\",\"url\":\"https:\/\/skaitytaknyga.lt\/wp-content\/uploads\/2024\/05\/cropped-cropped-cropped-02_00843_jt3bggkj1j3HLc7SyY6rEUpg.jpeg\",\"contentUrl\":\"https:\/\/skaitytaknyga.lt\/wp-content\/uploads\/2024\/05\/cropped-cropped-cropped-02_00843_jt3bggkj1j3HLc7SyY6rEUpg.jpeg\",\"width\":1600,\"height\":1600,\"caption\":\"skaitytaknyga.lt\"},\"image\":{\"@id\":\"https:\/\/skaitytaknyga.lt\/#\/schema\/logo\/image\/\"},\"sameAs\":[\"https:\/\/www.facebook.com\/skaitytaknyga\/\"]}]}<\/script>\n<!-- \/ Yoast SEO plugin. -->","yoast_head_json":{"title":"S\u0105naud\u0173 apkarpymas - Skaitytaknyga","description":"Kaip sumaniai tvarkyti ir ma\u017einti s\u0105naudas  \u201eS\u0105naud\u0173 apkarpymas\u201c pateikia s\u0105naud\u0173 vadybos priemoni\u0173 rinkin\u012f, kuris pagr\u012fstas 25 met\u0173 konsultavimo patirtimi vadovaujant tarptautiniams s\u0105naud\u0173 ma\u017einimo projektams. Knyga parodo, kuo skiriasi sumani ir bloga s\u0105naud\u0173 vadyba.  S\u0105naud\u0173 vadyba tinka ir privataus sektoriaus \u012fmon\u0117ms, ir vie\u0161ojo sektoriaus organizacijoms, vis\u0173 lygi\u0173 vadybininkams.  \u0160i knyga apima ir vienkartines s\u0105naud\u0173 ma\u017einimo programas, bet svarbiausia jos tema yra tai, kas domina daugum\u0105 vadov\u0173 \u2013 ilgalaik\u0117 s\u0105naud\u0173 vadybos programa.  \u201eS\u0105naud\u0173 apkarpymas\u201c pateikia strukt\u016brin\u012f, prakti\u0161k\u0105 po\u017ei\u016br\u012f \u012f sumani\u0105 s\u0105naud\u0173 vadyb\u0105 si\u016blydamas svarbiausi\u0173 id\u0117j\u0173 ir s\u0105naud\u0173 vadybos strategij\u0173 rinkin\u012f, s\u0105naud\u0173 analiz\u0117s schemas ir praktinius b\u016bdus, kaip \u012fdiegti s\u0105naud\u0173 ma\u017einimo programas.  Andrew Wilemanas yra dideli\u0173 tarptautini\u0173 bendrovi\u0173 generalini\u0173 direktori\u0173 ir \u012fmon\u0117s tarybos nari\u0173 lygio klient\u0173 konsultantas. Jis vadovauja strategijos, organizavimo, \u012fsigijimo ir eksploatavimo projektams. Be to, jis yra \u201eOC&amp;C Strategy Consultants\u201c patar\u0117jas ir nuolat ra\u0161o straipsnius bei skiltis \u012f Management Today.","robots":{"index":"index","follow":"follow","max-snippet":"max-snippet:-1","max-image-preview":"max-image-preview:large","max-video-preview":"max-video-preview:-1"},"canonical":"https:\/\/skaitytaknyga.lt\/en\/produktas\/sanaudu-apkarpymas-2\/","og_locale":"en_GB","og_type":"article","og_title":"S\u0105naud\u0173 apkarpymas - Skaitytaknyga","og_description":"Kaip sumaniai tvarkyti ir ma\u017einti s\u0105naudas  \u201eS\u0105naud\u0173 apkarpymas\u201c pateikia s\u0105naud\u0173 vadybos priemoni\u0173 rinkin\u012f, kuris pagr\u012fstas 25 met\u0173 konsultavimo patirtimi vadovaujant tarptautiniams s\u0105naud\u0173 ma\u017einimo projektams. Knyga parodo, kuo skiriasi sumani ir bloga s\u0105naud\u0173 vadyba.  S\u0105naud\u0173 vadyba tinka ir privataus sektoriaus \u012fmon\u0117ms, ir vie\u0161ojo sektoriaus organizacijoms, vis\u0173 lygi\u0173 vadybininkams.  \u0160i knyga apima ir vienkartines s\u0105naud\u0173 ma\u017einimo programas, bet svarbiausia jos tema yra tai, kas domina daugum\u0105 vadov\u0173 \u2013 ilgalaik\u0117 s\u0105naud\u0173 vadybos programa.  \u201eS\u0105naud\u0173 apkarpymas\u201c pateikia strukt\u016brin\u012f, prakti\u0161k\u0105 po\u017ei\u016br\u012f \u012f sumani\u0105 s\u0105naud\u0173 vadyb\u0105 si\u016blydamas svarbiausi\u0173 id\u0117j\u0173 ir s\u0105naud\u0173 vadybos strategij\u0173 rinkin\u012f, s\u0105naud\u0173 analiz\u0117s schemas ir praktinius b\u016bdus, kaip \u012fdiegti s\u0105naud\u0173 ma\u017einimo programas.  Andrew Wilemanas yra dideli\u0173 tarptautini\u0173 bendrovi\u0173 generalini\u0173 direktori\u0173 ir \u012fmon\u0117s tarybos nari\u0173 lygio klient\u0173 konsultantas. Jis vadovauja strategijos, organizavimo, \u012fsigijimo ir eksploatavimo projektams. Be to, jis yra \u201eOC&amp;C Strategy Consultants\u201c patar\u0117jas ir nuolat ra\u0161o straipsnius bei skiltis \u012f Management Today.","og_url":"https:\/\/skaitytaknyga.lt\/en\/produktas\/sanaudu-apkarpymas-2\/","og_site_name":"Skaitytaknyga","article_publisher":"https:\/\/www.facebook.com\/skaitytaknyga\/","article_modified_time":"2024-05-04T14:53:35+00:00","og_image":[{"width":278,"height":430,"url":"https:\/\/skaitytaknyga.lt\/wp-content\/uploads\/2024\/05\/1462882951_img0026-001.jpg","type":"image\/jpeg"}],"twitter_card":"summary_large_image","twitter_misc":{"Estimated reading time":"1 minute"},"schema":{"@context":"https:\/\/schema.org","@graph":[{"@type":"WebPage","@id":"https:\/\/skaitytaknyga.lt\/produktas\/sanaudu-apkarpymas-2\/","url":"https:\/\/skaitytaknyga.lt\/produktas\/sanaudu-apkarpymas-2\/","name":"S\u0105naud\u0173 apkarpymas - Skaitytaknyga","isPartOf":{"@id":"https:\/\/skaitytaknyga.lt\/#website"},"primaryImageOfPage":{"@id":"https:\/\/skaitytaknyga.lt\/produktas\/sanaudu-apkarpymas-2\/#primaryimage"},"image":{"@id":"https:\/\/skaitytaknyga.lt\/produktas\/sanaudu-apkarpymas-2\/#primaryimage"},"thumbnailUrl":"https:\/\/skaitytaknyga.lt\/wp-content\/uploads\/2024\/05\/1462882951_img0026-001.jpg","datePublished":"2024-05-04T14:53:28+00:00","dateModified":"2024-05-04T14:53:35+00:00","description":"Kaip sumaniai tvarkyti ir ma\u017einti s\u0105naudas \u201eS\u0105naud\u0173 apkarpymas\u201c pateikia s\u0105naud\u0173 vadybos priemoni\u0173 rinkin\u012f, kuris pagr\u012fstas 25 met\u0173 konsultavimo patirtimi vadovaujant tarptautiniams s\u0105naud\u0173 ma\u017einimo projektams. Knyga parodo, kuo skiriasi sumani ir bloga s\u0105naud\u0173 vadyba. S\u0105naud\u0173 vadyba tinka ir privataus sektoriaus \u012fmon\u0117ms, ir vie\u0161ojo sektoriaus organizacijoms, vis\u0173 lygi\u0173 vadybininkams. \u0160i knyga apima ir vienkartines s\u0105naud\u0173 ma\u017einimo programas, bet svarbiausia jos tema yra tai, kas domina daugum\u0105 vadov\u0173 \u2013 ilgalaik\u0117 s\u0105naud\u0173 vadybos programa. \u201eS\u0105naud\u0173 apkarpymas\u201c pateikia strukt\u016brin\u012f, prakti\u0161k\u0105 po\u017ei\u016br\u012f \u012f sumani\u0105 s\u0105naud\u0173 vadyb\u0105 si\u016blydamas svarbiausi\u0173 id\u0117j\u0173 ir s\u0105naud\u0173 vadybos strategij\u0173 rinkin\u012f, s\u0105naud\u0173 analiz\u0117s schemas ir praktinius b\u016bdus, kaip \u012fdiegti s\u0105naud\u0173 ma\u017einimo programas. Andrew Wilemanas yra dideli\u0173 tarptautini\u0173 bendrovi\u0173 generalini\u0173 direktori\u0173 ir \u012fmon\u0117s tarybos nari\u0173 lygio klient\u0173 konsultantas. Jis vadovauja strategijos, organizavimo, \u012fsigijimo ir eksploatavimo projektams. Be to, jis yra \u201eOC&amp;C Strategy Consultants\u201c patar\u0117jas ir nuolat ra\u0161o straipsnius bei skiltis \u012f Management Today.","breadcrumb":{"@id":"https:\/\/skaitytaknyga.lt\/produktas\/sanaudu-apkarpymas-2\/#breadcrumb"},"inLanguage":"en-GB","potentialAction":[{"@type":"ReadAction","target":["https:\/\/skaitytaknyga.lt\/produktas\/sanaudu-apkarpymas-2\/"]}]},{"@type":"ImageObject","inLanguage":"en-GB","@id":"https:\/\/skaitytaknyga.lt\/produktas\/sanaudu-apkarpymas-2\/#primaryimage","url":"https:\/\/skaitytaknyga.lt\/wp-content\/uploads\/2024\/05\/1462882951_img0026-001.jpg","contentUrl":"https:\/\/skaitytaknyga.lt\/wp-content\/uploads\/2024\/05\/1462882951_img0026-001.jpg","width":278,"height":430},{"@type":"BreadcrumbList","@id":"https:\/\/skaitytaknyga.lt\/produktas\/sanaudu-apkarpymas-2\/#breadcrumb","itemListElement":[{"@type":"ListItem","position":1,"name":"Home","item":"https:\/\/skaitytaknyga.lt\/"},{"@type":"ListItem","position":2,"name":"Parduotuv\u0117","item":"https:\/\/skaitytaknyga.lt\/knygu-parduotuve\/"},{"@type":"ListItem","position":3,"name":"S\u0105naud\u0173 apkarpymas"}]},{"@type":"WebSite","@id":"https:\/\/skaitytaknyga.lt\/#website","url":"https:\/\/skaitytaknyga.lt\/","name":"skaitytaknyga.lt","description":"Skaitytaknyga.lt \u2013 tai ma\u017eas \u0161eimos verslas, kuris prasid\u0117jo nuo meil\u0117s knygoms ir siekio i\u0161gelb\u0117ti knygas nuo likimo prie konteinerio. Kas vienam nereikalingas daiktas \u2013 kitam lobis, o mes esame tarpininkai, kurie padeda abiems tapti laimingesniems ???? \u017dinome kaip nelengva i\u0161gyventi ma\u017eiems verslams, tad nuo \u0161iol, \u010dia rasite ir kit\u0173, ma\u017e\u0173 \u0161eim\u0173 versl\u0173, rank\u0173 darbo, dovan\u0173 sau ir artimiesiems.","publisher":{"@id":"https:\/\/skaitytaknyga.lt\/#organization"},"potentialAction":[{"@type":"SearchAction","target":{"@type":"EntryPoint","urlTemplate":"https:\/\/skaitytaknyga.lt\/?s={search_term_string}"},"query-input":{"@type":"PropertyValueSpecification","valueRequired":true,"valueName":"search_term_string"}}],"inLanguage":"en-GB"},{"@type":"Organization","@id":"https:\/\/skaitytaknyga.lt\/#organization","name":"skaitytaknyga.lt","url":"https:\/\/skaitytaknyga.lt\/","logo":{"@type":"ImageObject","inLanguage":"en-GB","@id":"https:\/\/skaitytaknyga.lt\/#\/schema\/logo\/image\/","url":"https:\/\/skaitytaknyga.lt\/wp-content\/uploads\/2024\/05\/cropped-cropped-cropped-02_00843_jt3bggkj1j3HLc7SyY6rEUpg.jpeg","contentUrl":"https:\/\/skaitytaknyga.lt\/wp-content\/uploads\/2024\/05\/cropped-cropped-cropped-02_00843_jt3bggkj1j3HLc7SyY6rEUpg.jpeg","width":1600,"height":1600,"caption":"skaitytaknyga.lt"},"image":{"@id":"https:\/\/skaitytaknyga.lt\/#\/schema\/logo\/image\/"},"sameAs":["https:\/\/www.facebook.com\/skaitytaknyga\/"]}]}},"_links":{"self":[{"href":"https:\/\/skaitytaknyga.lt\/en\/wp-json\/wp\/v2\/product\/8895","targetHints":{"allow":["GET"]}}],"collection":[{"href":"https:\/\/skaitytaknyga.lt\/en\/wp-json\/wp\/v2\/product"}],"about":[{"href":"https:\/\/skaitytaknyga.lt\/en\/wp-json\/wp\/v2\/types\/product"}],"replies":[{"embeddable":true,"href":"https:\/\/skaitytaknyga.lt\/en\/wp-json\/wp\/v2\/comments?post=8895"}],"wp:featuredmedia":[{"embeddable":true,"href":"https:\/\/skaitytaknyga.lt\/en\/wp-json\/wp\/v2\/media\/5728"}],"wp:attachment":[{"href":"https:\/\/skaitytaknyga.lt\/en\/wp-json\/wp\/v2\/media?parent=8895"}],"wp:term":[{"taxonomy":"product_brand","embeddable":true,"href":"https:\/\/skaitytaknyga.lt\/en\/wp-json\/wp\/v2\/product_brand?post=8895"},{"taxonomy":"product_cat","embeddable":true,"href":"https:\/\/skaitytaknyga.lt\/en\/wp-json\/wp\/v2\/product_cat?post=8895"},{"taxonomy":"product_tag","embeddable":true,"href":"https:\/\/skaitytaknyga.lt\/en\/wp-json\/wp\/v2\/product_tag?post=8895"}],"curies":[{"name":"wp","href":"https:\/\/api.w.org\/{rel}","templated":true}]}}