{"id":8891,"date":"2024-05-04T14:53:27","date_gmt":"2024-05-04T14:53:27","guid":{"rendered":"https:\/\/skaitytaknyga.lt\/?post_type=product&#038;p=8891"},"modified":"2024-05-04T14:53:31","modified_gmt":"2024-05-04T14:53:31","slug":"samy-molcho-vaiku-kuno-kalba-su-nedideliais-defektais-2","status":"publish","type":"product","link":"https:\/\/skaitytaknyga.lt\/en\/produktas\/samy-molcho-vaiku-kuno-kalba-su-nedideliais-defektais-2\/","title":{"rendered":"Samy Molcho \u201eVaik\u0173 k\u016bno kalba\u201c (su nedideliais defektais)"},"content":{"rendered":"<p>Apra\u0161ydamas ir komentuodamas nat\u016bralius, savaiminius vaik\u0173 siun\u010diamus signalus ir judesius, Samy Molcho supa\u017eindina suagusiuosius su vaik\u0173 k\u016bno kalba. J\u012f domina vaik\u0173 i\u0161rai\u0161kos galimyb\u0117s: nors j\u0173 k\u016bno kalba kur kas atviresn\u0117 nei m\u016bs\u0173, suaugusi\u0173j\u0173, j\u0105 n\u0117ra lengva taisyklingai interpretuoti. Autorius, d\u0117mesingai, su meile \u017evelgdamas \u012f kiekvien\u0105 smulkmen\u0105, stebi vaiko vystym\u0105si nuo prie\u0161gimdin\u0117s stadijos iki mokyklinio laikotarpio. Jo knyga, iliustruota i\u0161rai\u0161kingomis Nomi Baumgartl fotografijomis, pad\u0117s suaugusiesiems adekva\u010diau bendrauti su vaikais. \u0160i\u0105 knyg\u0105 turi perskaityti visi t\u0117vai, aukl\u0117tojai ir mokytojai, norintys geriau suprasti vaikus.<\/p>\n","protected":false},"excerpt":{"rendered":"<p>Apra\u0161ydamas ir komentuodamas nat\u016bralius, savaiminius vaik\u0173 siun\u010diamus signalus ir judesius, Samy Molcho supa\u017eindina suagusiuosius su vaik\u0173 k\u016bno kalba. J\u012f domina vaik\u0173 i\u0161rai\u0161kos galimyb\u0117s: nors j\u0173 k\u016bno kalba kur kas atviresn\u0117 nei m\u016bs\u0173, suaugusi\u0173j\u0173, j\u0105 n\u0117ra lengva taisyklingai interpretuoti. Autorius, d\u0117mesingai, su meile \u017evelgdamas \u012f kiekvien\u0105 smulkmen\u0105, stebi vaiko vystym\u0105si nuo prie\u0161gimdin\u0117s stadijos iki mokyklinio laikotarpio. Jo knyga, iliustruota i\u0161rai\u0161kingomis Nomi Baumgartl fotografijomis, pad\u0117s suaugusiesiems adekva\u010diau bendrauti su vaikais. \u0160i\u0105 knyg\u0105 turi perskaityti visi t\u0117vai, aukl\u0117tojai ir mokytojai, norintys geriau suprasti vaikus.<\/p>\n","protected":false},"featured_media":5720,"comment_status":"closed","ping_status":"closed","template":"","meta":{"_acf_changed":false,"site-sidebar-layout":"default","site-content-layout":"","ast-site-content-layout":"default","site-content-style":"default","site-sidebar-style":"default","ast-global-header-display":"","ast-banner-title-visibility":"","ast-main-header-display":"","ast-hfb-above-header-display":"","ast-hfb-below-header-display":"","ast-hfb-mobile-header-display":"","site-post-title":"","ast-breadcrumbs-content":"","ast-featured-img":"","footer-sml-layout":"","ast-disable-related-posts":"","theme-transparent-header-meta":"","adv-header-id-meta":"","stick-header-meta":"","header-above-stick-meta":"","header-main-stick-meta":"","header-below-stick-meta":"","astra-migrate-meta-layouts":"default","ast-page-background-enabled":"default","ast-page-background-meta":{"desktop":{"background-color":"","background-image":"","background-repeat":"repeat","background-position":"center center","background-size":"auto","background-attachment":"scroll","background-type":"","background-media":"","overlay-type":"","overlay-color":"","overlay-opacity":"","overlay-gradient":""},"tablet":{"background-color":"","background-image":"","background-repeat":"repeat","background-position":"center center","background-size":"auto","background-attachment":"scroll","background-type":"","background-media":"","overlay-type":"","overlay-color":"","overlay-opacity":"","overlay-gradient":""},"mobile":{"background-color":"","background-image":"","background-repeat":"repeat","background-position":"center center","background-size":"auto","background-attachment":"scroll","background-type":"","background-media":"","overlay-type":"","overlay-color":"","overlay-opacity":"","overlay-gradient":""}},"ast-content-background-meta":{"desktop":{"background-color":"var(--ast-global-color-4)","background-image":"","background-repeat":"repeat","background-position":"center center","background-size":"auto","background-attachment":"scroll","background-type":"","background-media":"","overlay-type":"","overlay-color":"","overlay-opacity":"","overlay-gradient":""},"tablet":{"background-color":"var(--ast-global-color-4)","background-image":"","background-repeat":"repeat","background-position":"center center","background-size":"auto","background-attachment":"scroll","background-type":"","background-media":"","overlay-type":"","overlay-color":"","overlay-opacity":"","overlay-gradient":""},"mobile":{"background-color":"var(--ast-global-color-4)","background-image":"","background-repeat":"repeat","background-position":"center center","background-size":"auto","background-attachment":"scroll","background-type":"","background-media":"","overlay-type":"","overlay-color":"","overlay-opacity":"","overlay-gradient":""}}},"product_brand":[],"product_cat":[37,30],"product_tag":[],"class_list":{"0":"post-8891","1":"product","2":"type-product","3":"status-publish","4":"has-post-thumbnail","6":"product_cat-nestumas-ir-vaiku-prieziura-bei-auklejimas","7":"product_cat-psichologija-ir-saviugda","8":"desktop-align-left","9":"tablet-align-left","10":"mobile-align-left","12":"first","13":"outofstock","14":"shipping-taxable","15":"purchasable","16":"product-type-simple"},"acf":[],"yoast_head":"<!-- This site is optimized with the Yoast SEO plugin v27.4 - https:\/\/yoast.com\/product\/yoast-seo-wordpress\/ -->\n<title>Samy Molcho \u201eVaik\u0173 k\u016bno kalba\u201c (su nedideliais defektais) - Skaitytaknyga<\/title>\n<meta name=\"description\" content=\"Apra\u0161ydamas ir komentuodamas nat\u016bralius, savaiminius vaik\u0173 siun\u010diamus signalus ir judesius, Samy Molcho supa\u017eindina suagusiuosius su vaik\u0173 k\u016bno kalba. J\u012f domina vaik\u0173 i\u0161rai\u0161kos galimyb\u0117s: nors j\u0173 k\u016bno kalba kur kas atviresn\u0117 nei m\u016bs\u0173, suaugusi\u0173j\u0173, j\u0105 n\u0117ra lengva taisyklingai interpretuoti. Autorius, d\u0117mesingai, su meile \u017evelgdamas \u012f kiekvien\u0105 smulkmen\u0105, stebi vaiko vystym\u0105si nuo prie\u0161gimdin\u0117s stadijos iki mokyklinio laikotarpio. Jo knyga, iliustruota i\u0161rai\u0161kingomis Nomi Baumgartl fotografijomis, pad\u0117s suaugusiesiems adekva\u010diau bendrauti su vaikais. \u0160i\u0105 knyg\u0105 turi perskaityti visi t\u0117vai, aukl\u0117tojai ir mokytojai, norintys geriau suprasti vaikus.\" \/>\n<meta name=\"robots\" content=\"index, follow, max-snippet:-1, max-image-preview:large, max-video-preview:-1\" \/>\n<link rel=\"canonical\" href=\"https:\/\/skaitytaknyga.lt\/en\/produktas\/samy-molcho-vaiku-kuno-kalba-su-nedideliais-defektais-2\/\" \/>\n<meta property=\"og:locale\" content=\"en_GB\" \/>\n<meta property=\"og:locale:alternate\" content=\"lt_LT\" \/>\n<meta property=\"og:type\" content=\"article\" \/>\n<meta property=\"og:title\" content=\"Samy Molcho \u201eVaik\u0173 k\u016bno kalba\u201c (su nedideliais defektais) - Skaitytaknyga\" \/>\n<meta property=\"og:description\" content=\"Apra\u0161ydamas ir komentuodamas nat\u016bralius, savaiminius vaik\u0173 siun\u010diamus signalus ir judesius, Samy Molcho supa\u017eindina suagusiuosius su vaik\u0173 k\u016bno kalba. J\u012f domina vaik\u0173 i\u0161rai\u0161kos galimyb\u0117s: nors j\u0173 k\u016bno kalba kur kas atviresn\u0117 nei m\u016bs\u0173, suaugusi\u0173j\u0173, j\u0105 n\u0117ra lengva taisyklingai interpretuoti. Autorius, d\u0117mesingai, su meile \u017evelgdamas \u012f kiekvien\u0105 smulkmen\u0105, stebi vaiko vystym\u0105si nuo prie\u0161gimdin\u0117s stadijos iki mokyklinio laikotarpio. Jo knyga, iliustruota i\u0161rai\u0161kingomis Nomi Baumgartl fotografijomis, pad\u0117s suaugusiesiems adekva\u010diau bendrauti su vaikais. \u0160i\u0105 knyg\u0105 turi perskaityti visi t\u0117vai, aukl\u0117tojai ir mokytojai, norintys geriau suprasti vaikus.\" \/>\n<meta property=\"og:url\" content=\"https:\/\/skaitytaknyga.lt\/en\/produktas\/samy-molcho-vaiku-kuno-kalba-su-nedideliais-defektais-2\/\" \/>\n<meta property=\"og:site_name\" content=\"Skaitytaknyga\" \/>\n<meta property=\"article:publisher\" content=\"https:\/\/www.facebook.com\/skaitytaknyga\/\" \/>\n<meta property=\"article:modified_time\" content=\"2024-05-04T14:53:31+00:00\" \/>\n<meta property=\"og:image\" content=\"https:\/\/skaitytaknyga.lt\/wp-content\/uploads\/2024\/05\/img-0002.jpg\" \/>\n\t<meta property=\"og:image:width\" content=\"300\" \/>\n\t<meta property=\"og:image:height\" content=\"430\" \/>\n\t<meta property=\"og:image:type\" content=\"image\/jpeg\" \/>\n<meta name=\"twitter:card\" content=\"summary_large_image\" \/>\n<meta name=\"twitter:label1\" content=\"Estimated reading time\" \/>\n\t<meta name=\"twitter:data1\" content=\"1 minute\" \/>\n<script type=\"application\/ld+json\" class=\"yoast-schema-graph\">{\"@context\":\"https:\\\/\\\/schema.org\",\"@graph\":[{\"@type\":\"WebPage\",\"@id\":\"https:\\\/\\\/skaitytaknyga.lt\\\/produktas\\\/samy-molcho-vaiku-kuno-kalba-su-nedideliais-defektais-2\\\/\",\"url\":\"https:\\\/\\\/skaitytaknyga.lt\\\/produktas\\\/samy-molcho-vaiku-kuno-kalba-su-nedideliais-defektais-2\\\/\",\"name\":\"Samy Molcho \u201eVaik\u0173 k\u016bno kalba\u201c (su nedideliais defektais) - Skaitytaknyga\",\"isPartOf\":{\"@id\":\"https:\\\/\\\/skaitytaknyga.lt\\\/#website\"},\"primaryImageOfPage\":{\"@id\":\"https:\\\/\\\/skaitytaknyga.lt\\\/produktas\\\/samy-molcho-vaiku-kuno-kalba-su-nedideliais-defektais-2\\\/#primaryimage\"},\"image\":{\"@id\":\"https:\\\/\\\/skaitytaknyga.lt\\\/produktas\\\/samy-molcho-vaiku-kuno-kalba-su-nedideliais-defektais-2\\\/#primaryimage\"},\"thumbnailUrl\":\"https:\\\/\\\/skaitytaknyga.lt\\\/wp-content\\\/uploads\\\/2024\\\/05\\\/img-0002.jpg\",\"datePublished\":\"2024-05-04T14:53:27+00:00\",\"dateModified\":\"2024-05-04T14:53:31+00:00\",\"description\":\"Apra\u0161ydamas ir komentuodamas nat\u016bralius, savaiminius vaik\u0173 siun\u010diamus signalus ir judesius, Samy Molcho supa\u017eindina suagusiuosius su vaik\u0173 k\u016bno kalba. J\u012f domina vaik\u0173 i\u0161rai\u0161kos galimyb\u0117s: nors j\u0173 k\u016bno kalba kur kas atviresn\u0117 nei m\u016bs\u0173, suaugusi\u0173j\u0173, j\u0105 n\u0117ra lengva taisyklingai interpretuoti. Autorius, d\u0117mesingai, su meile \u017evelgdamas \u012f kiekvien\u0105 smulkmen\u0105, stebi vaiko vystym\u0105si nuo prie\u0161gimdin\u0117s stadijos iki mokyklinio laikotarpio. Jo knyga, iliustruota i\u0161rai\u0161kingomis Nomi Baumgartl fotografijomis, pad\u0117s suaugusiesiems adekva\u010diau bendrauti su vaikais. \u0160i\u0105 knyg\u0105 turi perskaityti visi t\u0117vai, aukl\u0117tojai ir mokytojai, norintys geriau suprasti vaikus.\",\"breadcrumb\":{\"@id\":\"https:\\\/\\\/skaitytaknyga.lt\\\/produktas\\\/samy-molcho-vaiku-kuno-kalba-su-nedideliais-defektais-2\\\/#breadcrumb\"},\"inLanguage\":\"en-GB\",\"potentialAction\":[{\"@type\":\"ReadAction\",\"target\":[\"https:\\\/\\\/skaitytaknyga.lt\\\/produktas\\\/samy-molcho-vaiku-kuno-kalba-su-nedideliais-defektais-2\\\/\"]}]},{\"@type\":\"ImageObject\",\"inLanguage\":\"en-GB\",\"@id\":\"https:\\\/\\\/skaitytaknyga.lt\\\/produktas\\\/samy-molcho-vaiku-kuno-kalba-su-nedideliais-defektais-2\\\/#primaryimage\",\"url\":\"https:\\\/\\\/skaitytaknyga.lt\\\/wp-content\\\/uploads\\\/2024\\\/05\\\/img-0002.jpg\",\"contentUrl\":\"https:\\\/\\\/skaitytaknyga.lt\\\/wp-content\\\/uploads\\\/2024\\\/05\\\/img-0002.jpg\",\"width\":300,\"height\":430},{\"@type\":\"BreadcrumbList\",\"@id\":\"https:\\\/\\\/skaitytaknyga.lt\\\/produktas\\\/samy-molcho-vaiku-kuno-kalba-su-nedideliais-defektais-2\\\/#breadcrumb\",\"itemListElement\":[{\"@type\":\"ListItem\",\"position\":1,\"name\":\"Home\",\"item\":\"https:\\\/\\\/skaitytaknyga.lt\\\/\"},{\"@type\":\"ListItem\",\"position\":2,\"name\":\"Parduotuv\u0117\",\"item\":\"https:\\\/\\\/skaitytaknyga.lt\\\/knygu-parduotuve\\\/\"},{\"@type\":\"ListItem\",\"position\":3,\"name\":\"Samy Molcho \u201eVaik\u0173 k\u016bno kalba\u201c (su nedideliais defektais)\"}]},{\"@type\":\"WebSite\",\"@id\":\"https:\\\/\\\/skaitytaknyga.lt\\\/#website\",\"url\":\"https:\\\/\\\/skaitytaknyga.lt\\\/\",\"name\":\"skaitytaknyga.lt\",\"description\":\"Skaitytaknyga.lt \u2013 tai ma\u017eas \u0161eimos verslas, kuris prasid\u0117jo nuo meil\u0117s knygoms ir siekio i\u0161gelb\u0117ti knygas nuo likimo prie konteinerio. Kas vienam nereikalingas daiktas \u2013 kitam lobis, o mes esame tarpininkai, kurie padeda abiems tapti laimingesniems ???? \u017dinome kaip nelengva i\u0161gyventi ma\u017eiems verslams, tad nuo \u0161iol, \u010dia rasite ir kit\u0173, ma\u017e\u0173 \u0161eim\u0173 versl\u0173, rank\u0173 darbo, dovan\u0173 sau ir artimiesiems.\",\"publisher\":{\"@id\":\"https:\\\/\\\/skaitytaknyga.lt\\\/#organization\"},\"potentialAction\":[{\"@type\":\"SearchAction\",\"target\":{\"@type\":\"EntryPoint\",\"urlTemplate\":\"https:\\\/\\\/skaitytaknyga.lt\\\/?s={search_term_string}\"},\"query-input\":{\"@type\":\"PropertyValueSpecification\",\"valueRequired\":true,\"valueName\":\"search_term_string\"}}],\"inLanguage\":\"en-GB\"},{\"@type\":\"Organization\",\"@id\":\"https:\\\/\\\/skaitytaknyga.lt\\\/#organization\",\"name\":\"skaitytaknyga.lt\",\"url\":\"https:\\\/\\\/skaitytaknyga.lt\\\/\",\"logo\":{\"@type\":\"ImageObject\",\"inLanguage\":\"en-GB\",\"@id\":\"https:\\\/\\\/skaitytaknyga.lt\\\/#\\\/schema\\\/logo\\\/image\\\/\",\"url\":\"https:\\\/\\\/skaitytaknyga.lt\\\/wp-content\\\/uploads\\\/2024\\\/05\\\/cropped-cropped-cropped-02_00843_jt3bggkj1j3HLc7SyY6rEUpg.jpeg\",\"contentUrl\":\"https:\\\/\\\/skaitytaknyga.lt\\\/wp-content\\\/uploads\\\/2024\\\/05\\\/cropped-cropped-cropped-02_00843_jt3bggkj1j3HLc7SyY6rEUpg.jpeg\",\"width\":1600,\"height\":1600,\"caption\":\"skaitytaknyga.lt\"},\"image\":{\"@id\":\"https:\\\/\\\/skaitytaknyga.lt\\\/#\\\/schema\\\/logo\\\/image\\\/\"},\"sameAs\":[\"https:\\\/\\\/www.facebook.com\\\/skaitytaknyga\\\/\"]}]}<\/script>\n<!-- \/ Yoast SEO plugin. -->","yoast_head_json":{"title":"Samy Molcho \u201eVaik\u0173 k\u016bno kalba\u201c (su nedideliais defektais) - Skaitytaknyga","description":"Apra\u0161ydamas ir komentuodamas nat\u016bralius, savaiminius vaik\u0173 siun\u010diamus signalus ir judesius, Samy Molcho supa\u017eindina suagusiuosius su vaik\u0173 k\u016bno kalba. J\u012f domina vaik\u0173 i\u0161rai\u0161kos galimyb\u0117s: nors j\u0173 k\u016bno kalba kur kas atviresn\u0117 nei m\u016bs\u0173, suaugusi\u0173j\u0173, j\u0105 n\u0117ra lengva taisyklingai interpretuoti. Autorius, d\u0117mesingai, su meile \u017evelgdamas \u012f kiekvien\u0105 smulkmen\u0105, stebi vaiko vystym\u0105si nuo prie\u0161gimdin\u0117s stadijos iki mokyklinio laikotarpio. Jo knyga, iliustruota i\u0161rai\u0161kingomis Nomi Baumgartl fotografijomis, pad\u0117s suaugusiesiems adekva\u010diau bendrauti su vaikais. \u0160i\u0105 knyg\u0105 turi perskaityti visi t\u0117vai, aukl\u0117tojai ir mokytojai, norintys geriau suprasti vaikus.","robots":{"index":"index","follow":"follow","max-snippet":"max-snippet:-1","max-image-preview":"max-image-preview:large","max-video-preview":"max-video-preview:-1"},"canonical":"https:\/\/skaitytaknyga.lt\/en\/produktas\/samy-molcho-vaiku-kuno-kalba-su-nedideliais-defektais-2\/","og_locale":"en_GB","og_type":"article","og_title":"Samy Molcho \u201eVaik\u0173 k\u016bno kalba\u201c (su nedideliais defektais) - Skaitytaknyga","og_description":"Apra\u0161ydamas ir komentuodamas nat\u016bralius, savaiminius vaik\u0173 siun\u010diamus signalus ir judesius, Samy Molcho supa\u017eindina suagusiuosius su vaik\u0173 k\u016bno kalba. J\u012f domina vaik\u0173 i\u0161rai\u0161kos galimyb\u0117s: nors j\u0173 k\u016bno kalba kur kas atviresn\u0117 nei m\u016bs\u0173, suaugusi\u0173j\u0173, j\u0105 n\u0117ra lengva taisyklingai interpretuoti. Autorius, d\u0117mesingai, su meile \u017evelgdamas \u012f kiekvien\u0105 smulkmen\u0105, stebi vaiko vystym\u0105si nuo prie\u0161gimdin\u0117s stadijos iki mokyklinio laikotarpio. Jo knyga, iliustruota i\u0161rai\u0161kingomis Nomi Baumgartl fotografijomis, pad\u0117s suaugusiesiems adekva\u010diau bendrauti su vaikais. \u0160i\u0105 knyg\u0105 turi perskaityti visi t\u0117vai, aukl\u0117tojai ir mokytojai, norintys geriau suprasti vaikus.","og_url":"https:\/\/skaitytaknyga.lt\/en\/produktas\/samy-molcho-vaiku-kuno-kalba-su-nedideliais-defektais-2\/","og_site_name":"Skaitytaknyga","article_publisher":"https:\/\/www.facebook.com\/skaitytaknyga\/","article_modified_time":"2024-05-04T14:53:31+00:00","og_image":[{"width":300,"height":430,"url":"https:\/\/skaitytaknyga.lt\/wp-content\/uploads\/2024\/05\/img-0002.jpg","type":"image\/jpeg"}],"twitter_card":"summary_large_image","twitter_misc":{"Estimated reading time":"1 minute"},"schema":{"@context":"https:\/\/schema.org","@graph":[{"@type":"WebPage","@id":"https:\/\/skaitytaknyga.lt\/produktas\/samy-molcho-vaiku-kuno-kalba-su-nedideliais-defektais-2\/","url":"https:\/\/skaitytaknyga.lt\/produktas\/samy-molcho-vaiku-kuno-kalba-su-nedideliais-defektais-2\/","name":"Samy Molcho \u201eVaik\u0173 k\u016bno kalba\u201c (su nedideliais defektais) - Skaitytaknyga","isPartOf":{"@id":"https:\/\/skaitytaknyga.lt\/#website"},"primaryImageOfPage":{"@id":"https:\/\/skaitytaknyga.lt\/produktas\/samy-molcho-vaiku-kuno-kalba-su-nedideliais-defektais-2\/#primaryimage"},"image":{"@id":"https:\/\/skaitytaknyga.lt\/produktas\/samy-molcho-vaiku-kuno-kalba-su-nedideliais-defektais-2\/#primaryimage"},"thumbnailUrl":"https:\/\/skaitytaknyga.lt\/wp-content\/uploads\/2024\/05\/img-0002.jpg","datePublished":"2024-05-04T14:53:27+00:00","dateModified":"2024-05-04T14:53:31+00:00","description":"Apra\u0161ydamas ir komentuodamas nat\u016bralius, savaiminius vaik\u0173 siun\u010diamus signalus ir judesius, Samy Molcho supa\u017eindina suagusiuosius su vaik\u0173 k\u016bno kalba. J\u012f domina vaik\u0173 i\u0161rai\u0161kos galimyb\u0117s: nors j\u0173 k\u016bno kalba kur kas atviresn\u0117 nei m\u016bs\u0173, suaugusi\u0173j\u0173, j\u0105 n\u0117ra lengva taisyklingai interpretuoti. Autorius, d\u0117mesingai, su meile \u017evelgdamas \u012f kiekvien\u0105 smulkmen\u0105, stebi vaiko vystym\u0105si nuo prie\u0161gimdin\u0117s stadijos iki mokyklinio laikotarpio. Jo knyga, iliustruota i\u0161rai\u0161kingomis Nomi Baumgartl fotografijomis, pad\u0117s suaugusiesiems adekva\u010diau bendrauti su vaikais. \u0160i\u0105 knyg\u0105 turi perskaityti visi t\u0117vai, aukl\u0117tojai ir mokytojai, norintys geriau suprasti vaikus.","breadcrumb":{"@id":"https:\/\/skaitytaknyga.lt\/produktas\/samy-molcho-vaiku-kuno-kalba-su-nedideliais-defektais-2\/#breadcrumb"},"inLanguage":"en-GB","potentialAction":[{"@type":"ReadAction","target":["https:\/\/skaitytaknyga.lt\/produktas\/samy-molcho-vaiku-kuno-kalba-su-nedideliais-defektais-2\/"]}]},{"@type":"ImageObject","inLanguage":"en-GB","@id":"https:\/\/skaitytaknyga.lt\/produktas\/samy-molcho-vaiku-kuno-kalba-su-nedideliais-defektais-2\/#primaryimage","url":"https:\/\/skaitytaknyga.lt\/wp-content\/uploads\/2024\/05\/img-0002.jpg","contentUrl":"https:\/\/skaitytaknyga.lt\/wp-content\/uploads\/2024\/05\/img-0002.jpg","width":300,"height":430},{"@type":"BreadcrumbList","@id":"https:\/\/skaitytaknyga.lt\/produktas\/samy-molcho-vaiku-kuno-kalba-su-nedideliais-defektais-2\/#breadcrumb","itemListElement":[{"@type":"ListItem","position":1,"name":"Home","item":"https:\/\/skaitytaknyga.lt\/"},{"@type":"ListItem","position":2,"name":"Parduotuv\u0117","item":"https:\/\/skaitytaknyga.lt\/knygu-parduotuve\/"},{"@type":"ListItem","position":3,"name":"Samy Molcho \u201eVaik\u0173 k\u016bno kalba\u201c (su nedideliais defektais)"}]},{"@type":"WebSite","@id":"https:\/\/skaitytaknyga.lt\/#website","url":"https:\/\/skaitytaknyga.lt\/","name":"skaitytaknyga.lt","description":"Skaitytaknyga.lt \u2013 tai ma\u017eas \u0161eimos verslas, kuris prasid\u0117jo nuo meil\u0117s knygoms ir siekio i\u0161gelb\u0117ti knygas nuo likimo prie konteinerio. Kas vienam nereikalingas daiktas \u2013 kitam lobis, o mes esame tarpininkai, kurie padeda abiems tapti laimingesniems ???? \u017dinome kaip nelengva i\u0161gyventi ma\u017eiems verslams, tad nuo \u0161iol, \u010dia rasite ir kit\u0173, ma\u017e\u0173 \u0161eim\u0173 versl\u0173, rank\u0173 darbo, dovan\u0173 sau ir artimiesiems.","publisher":{"@id":"https:\/\/skaitytaknyga.lt\/#organization"},"potentialAction":[{"@type":"SearchAction","target":{"@type":"EntryPoint","urlTemplate":"https:\/\/skaitytaknyga.lt\/?s={search_term_string}"},"query-input":{"@type":"PropertyValueSpecification","valueRequired":true,"valueName":"search_term_string"}}],"inLanguage":"en-GB"},{"@type":"Organization","@id":"https:\/\/skaitytaknyga.lt\/#organization","name":"skaitytaknyga.lt","url":"https:\/\/skaitytaknyga.lt\/","logo":{"@type":"ImageObject","inLanguage":"en-GB","@id":"https:\/\/skaitytaknyga.lt\/#\/schema\/logo\/image\/","url":"https:\/\/skaitytaknyga.lt\/wp-content\/uploads\/2024\/05\/cropped-cropped-cropped-02_00843_jt3bggkj1j3HLc7SyY6rEUpg.jpeg","contentUrl":"https:\/\/skaitytaknyga.lt\/wp-content\/uploads\/2024\/05\/cropped-cropped-cropped-02_00843_jt3bggkj1j3HLc7SyY6rEUpg.jpeg","width":1600,"height":1600,"caption":"skaitytaknyga.lt"},"image":{"@id":"https:\/\/skaitytaknyga.lt\/#\/schema\/logo\/image\/"},"sameAs":["https:\/\/www.facebook.com\/skaitytaknyga\/"]}]}},"_links":{"self":[{"href":"https:\/\/skaitytaknyga.lt\/en\/wp-json\/wp\/v2\/product\/8891","targetHints":{"allow":["GET"]}}],"collection":[{"href":"https:\/\/skaitytaknyga.lt\/en\/wp-json\/wp\/v2\/product"}],"about":[{"href":"https:\/\/skaitytaknyga.lt\/en\/wp-json\/wp\/v2\/types\/product"}],"replies":[{"embeddable":true,"href":"https:\/\/skaitytaknyga.lt\/en\/wp-json\/wp\/v2\/comments?post=8891"}],"wp:featuredmedia":[{"embeddable":true,"href":"https:\/\/skaitytaknyga.lt\/en\/wp-json\/wp\/v2\/media\/5720"}],"wp:attachment":[{"href":"https:\/\/skaitytaknyga.lt\/en\/wp-json\/wp\/v2\/media?parent=8891"}],"wp:term":[{"taxonomy":"product_brand","embeddable":true,"href":"https:\/\/skaitytaknyga.lt\/en\/wp-json\/wp\/v2\/product_brand?post=8891"},{"taxonomy":"product_cat","embeddable":true,"href":"https:\/\/skaitytaknyga.lt\/en\/wp-json\/wp\/v2\/product_cat?post=8891"},{"taxonomy":"product_tag","embeddable":true,"href":"https:\/\/skaitytaknyga.lt\/en\/wp-json\/wp\/v2\/product_tag?post=8891"}],"curies":[{"name":"wp","href":"https:\/\/api.w.org\/{rel}","templated":true}]}}