{"id":8885,"date":"2024-05-04T14:53:05","date_gmt":"2024-05-04T14:53:05","guid":{"rendered":"https:\/\/skaitytaknyga.lt\/?post_type=product&#038;p=8885"},"modified":"2024-05-23T08:08:28","modified_gmt":"2024-05-23T08:08:28","slug":"saunios-paneles-etiketas-2","status":"publish","type":"product","link":"https:\/\/skaitytaknyga.lt\/en\/produktas\/saunios-paneles-etiketas-2\/","title":{"rendered":"\u0160aunios panel\u0117s etiketas"},"content":{"rendered":"<div>Jus pavadino pasip\u016btusia karjeriste? Sako, jog esate ekstravaganti\u0161ka ir u\u017egaidi? Nekreipkite d\u0117mesio! Anks\u010diau gal buvo kitaip, bet \u0161iais laikais tai ne \u012f\u017eeidimas, o komplimentas. Dabar \u0161aunios panel\u0117s\u00a0\u2013 tai stiprios ir savimi pasitikin\u010dios moterys, kurios:<\/div>\n<div>\u2013\u00a0nesitaiko su tuo, kas joms nepatinka;<\/div>\n<div>\u2013\u00a0gyvenime \u017eino savo vert\u0119;<\/div>\n<div>\u2013\u00a0puikiai susidoroja su malonum\u0105 teikian\u010diu darbu;<\/div>\n<div>\u2013\u00a0asmeniniame gyvenime ir darbe nelieka vyr\u0173 \u0161e\u0161\u0117lyje;<\/div>\n<div>\u2013\u00a0supranta, jog bendraujant su aplinkiniais kartais reikia leistis \u012f kompromisus, bet jokiu b\u016bdu nevalia atsisakyti savo pa\u017ei\u016br\u0173;<\/div>\n<div>\u2013\u00a0yra sumanios ir \u0161iek tiek \u012f\u017e\u016blios, \u017eino ko nori ir nemano, jog vyrai, savaime suprantama, prana\u0161esni u\u017e moteris.<\/div>\n<div><\/div>\n<div>Kartais geras elgesys \u0161auniai panelei padeda grei\u010diau ir lengviau pasiekti tiksl\u0105. Tod\u0117l \u0161ioje knygoje rasite geriausi\u0173 diplomati\u0161ko ir takti\u0161ko elgesio patarim\u0173 tikrai \u0161aunuoliai.<\/div>\n<div><\/div>\n","protected":false},"excerpt":{"rendered":"<div>Jus pavadino pasip\u016btusia karjeriste? Sako, jog esate ekstravaganti\u0161ka ir u\u017egaidi? Nekreipkite d\u0117mesio! Anks\u010diau gal buvo kitaip, bet \u0161iais laikais tai ne \u012f\u017eeidimas, o komplimentas. Dabar \u0161aunios panel\u0117s\u00a0\u2013 tai stiprios ir savimi pasitikin\u010dios moterys, kurios:<\/div>\n<div>\u2013\u00a0nesitaiko su tuo, kas joms nepatinka;<\/div>\n<div>\u2013\u00a0gyvenime \u017eino savo vert\u0119;<\/div>\n<div>\u2013\u00a0puikiai susidoroja su malonum\u0105 teikian\u010diu darbu;<\/div>\n<div>\u2013\u00a0asmeniniame gyvenime ir darbe nelieka vyr\u0173 \u0161e\u0161\u0117lyje;<\/div>\n<div>\u2013\u00a0supranta, jog bendraujant su aplinkiniais kartais reikia leistis \u012f kompromisus, bet jokiu b\u016bdu nevalia atsisakyti savo pa\u017ei\u016br\u0173;<\/div>\n<div>\u2013\u00a0yra sumanios ir \u0161iek tiek \u012f\u017e\u016blios, \u017eino ko nori ir nemano, jog vyrai, savaime suprantama, prana\u0161esni u\u017e moteris.<\/div>\n<div><\/div>\n<div>Kartais geras elgesys \u0161auniai panelei padeda grei\u010diau ir lengviau pasiekti tiksl\u0105. Tod\u0117l \u0161ioje knygoje rasite geriausi\u0173 diplomati\u0161ko ir takti\u0161ko elgesio patarim\u0173 tikrai \u0161aunuoliai.<\/div>\n<div><\/div>\n","protected":false},"featured_media":5707,"comment_status":"closed","ping_status":"closed","template":"","meta":{"_acf_changed":false,"site-sidebar-layout":"default","site-content-layout":"","ast-site-content-layout":"default","site-content-style":"default","site-sidebar-style":"default","ast-global-header-display":"","ast-banner-title-visibility":"","ast-main-header-display":"","ast-hfb-above-header-display":"","ast-hfb-below-header-display":"","ast-hfb-mobile-header-display":"","site-post-title":"","ast-breadcrumbs-content":"","ast-featured-img":"","footer-sml-layout":"","ast-disable-related-posts":"","theme-transparent-header-meta":"","adv-header-id-meta":"","stick-header-meta":"","header-above-stick-meta":"","header-main-stick-meta":"","header-below-stick-meta":"","astra-migrate-meta-layouts":"default","ast-page-background-enabled":"default","ast-page-background-meta":{"desktop":{"background-color":"","background-image":"","background-repeat":"repeat","background-position":"center center","background-size":"auto","background-attachment":"scroll","background-type":"","background-media":"","overlay-type":"","overlay-color":"","overlay-opacity":"","overlay-gradient":""},"tablet":{"background-color":"","background-image":"","background-repeat":"repeat","background-position":"center center","background-size":"auto","background-attachment":"scroll","background-type":"","background-media":"","overlay-type":"","overlay-color":"","overlay-opacity":"","overlay-gradient":""},"mobile":{"background-color":"","background-image":"","background-repeat":"repeat","background-position":"center center","background-size":"auto","background-attachment":"scroll","background-type":"","background-media":"","overlay-type":"","overlay-color":"","overlay-opacity":"","overlay-gradient":""}},"ast-content-background-meta":{"desktop":{"background-color":"var(--ast-global-color-4)","background-image":"","background-repeat":"repeat","background-position":"center center","background-size":"auto","background-attachment":"scroll","background-type":"","background-media":"","overlay-type":"","overlay-color":"","overlay-opacity":"","overlay-gradient":""},"tablet":{"background-color":"var(--ast-global-color-4)","background-image":"","background-repeat":"repeat","background-position":"center center","background-size":"auto","background-attachment":"scroll","background-type":"","background-media":"","overlay-type":"","overlay-color":"","overlay-opacity":"","overlay-gradient":""},"mobile":{"background-color":"var(--ast-global-color-4)","background-image":"","background-repeat":"repeat","background-position":"center center","background-size":"auto","background-attachment":"scroll","background-type":"","background-media":"","overlay-type":"","overlay-color":"","overlay-opacity":"","overlay-gradient":""}}},"product_brand":[],"product_cat":[36,30],"product_tag":[],"class_list":{"0":"post-8885","1":"product","2":"type-product","3":"status-publish","4":"has-post-thumbnail","6":"product_cat-makiazas-ir-apranga","7":"product_cat-psichologija-ir-saviugda","8":"desktop-align-left","9":"tablet-align-left","10":"mobile-align-left","12":"first","13":"instock","14":"shipping-taxable","15":"purchasable","16":"product-type-simple"},"acf":[],"yoast_head":"<!-- This site is optimized with the Yoast SEO plugin v27.4 - https:\/\/yoast.com\/product\/yoast-seo-wordpress\/ -->\n<title>\u0160aunios panel\u0117s etiketas - Skaitytaknyga<\/title>\n<meta name=\"description\" content=\"Jus pavadino pasip\u016btusia karjeriste? Sako, jog esate ekstravaganti\u0161ka ir u\u017egaidi? Nekreipkite d\u0117mesio! Anks\u010diau gal buvo kitaip, bet \u0161iais laikais tai ne \u012f\u017eeidimas, o komplimentas. Dabar \u0161aunios panel\u0117s\u00a0\u2013 tai stiprios ir savimi pasitikin\u010dios moterys, kurios: \u2013\u00a0nesitaiko su tuo, kas joms nepatinka; \u2013\u00a0gyvenime \u017eino savo vert\u0119; \u2013\u00a0puikiai susidoroja su malonum\u0105 teikian\u010diu darbu; \u2013\u00a0asmeniniame gyvenime ir darbe nelieka vyr\u0173 \u0161e\u0161\u0117lyje; \u2013\u00a0supranta, jog bendraujant su aplinkiniais kartais reikia leistis \u012f kompromisus, bet jokiu b\u016bdu nevalia atsisakyti savo pa\u017ei\u016br\u0173; \u2013\u00a0yra sumanios ir \u0161iek tiek \u012f\u017e\u016blios, \u017eino ko nori ir nemano, jog vyrai, savaime suprantama, prana\u0161esni u\u017e moteris.  Kartais geras elgesys \u0161auniai panelei padeda grei\u010diau ir lengviau pasiekti tiksl\u0105. Tod\u0117l \u0161ioje knygoje rasite geriausi\u0173 diplomati\u0161ko ir takti\u0161ko elgesio patarim\u0173 tikrai \u0161aunuoliai.\" \/>\n<meta name=\"robots\" content=\"index, follow, max-snippet:-1, max-image-preview:large, max-video-preview:-1\" \/>\n<link rel=\"canonical\" href=\"https:\/\/skaitytaknyga.lt\/en\/produktas\/saunios-paneles-etiketas-2\/\" \/>\n<meta property=\"og:locale\" content=\"en_GB\" \/>\n<meta property=\"og:locale:alternate\" content=\"lt_LT\" \/>\n<meta property=\"og:type\" content=\"article\" \/>\n<meta property=\"og:title\" content=\"\u0160aunios panel\u0117s etiketas - Skaitytaknyga\" \/>\n<meta property=\"og:description\" content=\"Jus pavadino pasip\u016btusia karjeriste? Sako, jog esate ekstravaganti\u0161ka ir u\u017egaidi? Nekreipkite d\u0117mesio! Anks\u010diau gal buvo kitaip, bet \u0161iais laikais tai ne \u012f\u017eeidimas, o komplimentas. Dabar \u0161aunios panel\u0117s\u00a0\u2013 tai stiprios ir savimi pasitikin\u010dios moterys, kurios: \u2013\u00a0nesitaiko su tuo, kas joms nepatinka; \u2013\u00a0gyvenime \u017eino savo vert\u0119; \u2013\u00a0puikiai susidoroja su malonum\u0105 teikian\u010diu darbu; \u2013\u00a0asmeniniame gyvenime ir darbe nelieka vyr\u0173 \u0161e\u0161\u0117lyje; \u2013\u00a0supranta, jog bendraujant su aplinkiniais kartais reikia leistis \u012f kompromisus, bet jokiu b\u016bdu nevalia atsisakyti savo pa\u017ei\u016br\u0173; \u2013\u00a0yra sumanios ir \u0161iek tiek \u012f\u017e\u016blios, \u017eino ko nori ir nemano, jog vyrai, savaime suprantama, prana\u0161esni u\u017e moteris.  Kartais geras elgesys \u0161auniai panelei padeda grei\u010diau ir lengviau pasiekti tiksl\u0105. Tod\u0117l \u0161ioje knygoje rasite geriausi\u0173 diplomati\u0161ko ir takti\u0161ko elgesio patarim\u0173 tikrai \u0161aunuoliai.\" \/>\n<meta property=\"og:url\" content=\"https:\/\/skaitytaknyga.lt\/en\/produktas\/saunios-paneles-etiketas-2\/\" \/>\n<meta property=\"og:site_name\" content=\"Skaitytaknyga\" \/>\n<meta property=\"article:publisher\" content=\"https:\/\/www.facebook.com\/skaitytaknyga\/\" \/>\n<meta property=\"article:modified_time\" content=\"2024-05-23T08:08:28+00:00\" \/>\n<meta property=\"og:image\" content=\"https:\/\/skaitytaknyga.lt\/wp-content\/uploads\/2024\/05\/000000000001100549-59de7f9697c08-asset-knyguklubas-cdb_sviesa_1767a7ca3693e09bf6b4109bc020e77d_p1.jpg\" \/>\n\t<meta property=\"og:image:width\" content=\"285\" \/>\n\t<meta property=\"og:image:height\" content=\"429\" \/>\n\t<meta property=\"og:image:type\" content=\"image\/jpeg\" \/>\n<meta name=\"twitter:card\" content=\"summary_large_image\" \/>\n<meta name=\"twitter:label1\" content=\"Estimated reading time\" \/>\n\t<meta name=\"twitter:data1\" content=\"1 minute\" \/>\n<script type=\"application\/ld+json\" class=\"yoast-schema-graph\">{\"@context\":\"https:\\\/\\\/schema.org\",\"@graph\":[{\"@type\":\"WebPage\",\"@id\":\"https:\\\/\\\/skaitytaknyga.lt\\\/produktas\\\/saunios-paneles-etiketas-2\\\/\",\"url\":\"https:\\\/\\\/skaitytaknyga.lt\\\/produktas\\\/saunios-paneles-etiketas-2\\\/\",\"name\":\"\u0160aunios panel\u0117s etiketas - Skaitytaknyga\",\"isPartOf\":{\"@id\":\"https:\\\/\\\/skaitytaknyga.lt\\\/#website\"},\"primaryImageOfPage\":{\"@id\":\"https:\\\/\\\/skaitytaknyga.lt\\\/produktas\\\/saunios-paneles-etiketas-2\\\/#primaryimage\"},\"image\":{\"@id\":\"https:\\\/\\\/skaitytaknyga.lt\\\/produktas\\\/saunios-paneles-etiketas-2\\\/#primaryimage\"},\"thumbnailUrl\":\"https:\\\/\\\/skaitytaknyga.lt\\\/wp-content\\\/uploads\\\/2024\\\/05\\\/000000000001100549-59de7f9697c08-asset-knyguklubas-cdb_sviesa_1767a7ca3693e09bf6b4109bc020e77d_p1.jpg\",\"datePublished\":\"2024-05-04T14:53:05+00:00\",\"dateModified\":\"2024-05-23T08:08:28+00:00\",\"description\":\"Jus pavadino pasip\u016btusia karjeriste? Sako, jog esate ekstravaganti\u0161ka ir u\u017egaidi? Nekreipkite d\u0117mesio! Anks\u010diau gal buvo kitaip, bet \u0161iais laikais tai ne \u012f\u017eeidimas, o komplimentas. Dabar \u0161aunios panel\u0117s\u00a0\u2013 tai stiprios ir savimi pasitikin\u010dios moterys, kurios: \u2013\u00a0nesitaiko su tuo, kas joms nepatinka; \u2013\u00a0gyvenime \u017eino savo vert\u0119; \u2013\u00a0puikiai susidoroja su malonum\u0105 teikian\u010diu darbu; \u2013\u00a0asmeniniame gyvenime ir darbe nelieka vyr\u0173 \u0161e\u0161\u0117lyje; \u2013\u00a0supranta, jog bendraujant su aplinkiniais kartais reikia leistis \u012f kompromisus, bet jokiu b\u016bdu nevalia atsisakyti savo pa\u017ei\u016br\u0173; \u2013\u00a0yra sumanios ir \u0161iek tiek \u012f\u017e\u016blios, \u017eino ko nori ir nemano, jog vyrai, savaime suprantama, prana\u0161esni u\u017e moteris. Kartais geras elgesys \u0161auniai panelei padeda grei\u010diau ir lengviau pasiekti tiksl\u0105. Tod\u0117l \u0161ioje knygoje rasite geriausi\u0173 diplomati\u0161ko ir takti\u0161ko elgesio patarim\u0173 tikrai \u0161aunuoliai.\",\"breadcrumb\":{\"@id\":\"https:\\\/\\\/skaitytaknyga.lt\\\/produktas\\\/saunios-paneles-etiketas-2\\\/#breadcrumb\"},\"inLanguage\":\"en-GB\",\"potentialAction\":[{\"@type\":\"ReadAction\",\"target\":[\"https:\\\/\\\/skaitytaknyga.lt\\\/produktas\\\/saunios-paneles-etiketas-2\\\/\"]}]},{\"@type\":\"ImageObject\",\"inLanguage\":\"en-GB\",\"@id\":\"https:\\\/\\\/skaitytaknyga.lt\\\/produktas\\\/saunios-paneles-etiketas-2\\\/#primaryimage\",\"url\":\"https:\\\/\\\/skaitytaknyga.lt\\\/wp-content\\\/uploads\\\/2024\\\/05\\\/000000000001100549-59de7f9697c08-asset-knyguklubas-cdb_sviesa_1767a7ca3693e09bf6b4109bc020e77d_p1.jpg\",\"contentUrl\":\"https:\\\/\\\/skaitytaknyga.lt\\\/wp-content\\\/uploads\\\/2024\\\/05\\\/000000000001100549-59de7f9697c08-asset-knyguklubas-cdb_sviesa_1767a7ca3693e09bf6b4109bc020e77d_p1.jpg\",\"width\":285,\"height\":429},{\"@type\":\"BreadcrumbList\",\"@id\":\"https:\\\/\\\/skaitytaknyga.lt\\\/produktas\\\/saunios-paneles-etiketas-2\\\/#breadcrumb\",\"itemListElement\":[{\"@type\":\"ListItem\",\"position\":1,\"name\":\"Home\",\"item\":\"https:\\\/\\\/skaitytaknyga.lt\\\/\"},{\"@type\":\"ListItem\",\"position\":2,\"name\":\"Parduotuv\u0117\",\"item\":\"https:\\\/\\\/skaitytaknyga.lt\\\/knygu-parduotuve\\\/\"},{\"@type\":\"ListItem\",\"position\":3,\"name\":\"\u0160aunios panel\u0117s etiketas\"}]},{\"@type\":\"WebSite\",\"@id\":\"https:\\\/\\\/skaitytaknyga.lt\\\/#website\",\"url\":\"https:\\\/\\\/skaitytaknyga.lt\\\/\",\"name\":\"skaitytaknyga.lt\",\"description\":\"Skaitytaknyga.lt \u2013 tai ma\u017eas \u0161eimos verslas, kuris prasid\u0117jo nuo meil\u0117s knygoms ir siekio i\u0161gelb\u0117ti knygas nuo likimo prie konteinerio. Kas vienam nereikalingas daiktas \u2013 kitam lobis, o mes esame tarpininkai, kurie padeda abiems tapti laimingesniems ???? \u017dinome kaip nelengva i\u0161gyventi ma\u017eiems verslams, tad nuo \u0161iol, \u010dia rasite ir kit\u0173, ma\u017e\u0173 \u0161eim\u0173 versl\u0173, rank\u0173 darbo, dovan\u0173 sau ir artimiesiems.\",\"publisher\":{\"@id\":\"https:\\\/\\\/skaitytaknyga.lt\\\/#organization\"},\"potentialAction\":[{\"@type\":\"SearchAction\",\"target\":{\"@type\":\"EntryPoint\",\"urlTemplate\":\"https:\\\/\\\/skaitytaknyga.lt\\\/?s={search_term_string}\"},\"query-input\":{\"@type\":\"PropertyValueSpecification\",\"valueRequired\":true,\"valueName\":\"search_term_string\"}}],\"inLanguage\":\"en-GB\"},{\"@type\":\"Organization\",\"@id\":\"https:\\\/\\\/skaitytaknyga.lt\\\/#organization\",\"name\":\"skaitytaknyga.lt\",\"url\":\"https:\\\/\\\/skaitytaknyga.lt\\\/\",\"logo\":{\"@type\":\"ImageObject\",\"inLanguage\":\"en-GB\",\"@id\":\"https:\\\/\\\/skaitytaknyga.lt\\\/#\\\/schema\\\/logo\\\/image\\\/\",\"url\":\"https:\\\/\\\/skaitytaknyga.lt\\\/wp-content\\\/uploads\\\/2024\\\/05\\\/cropped-cropped-cropped-02_00843_jt3bggkj1j3HLc7SyY6rEUpg.jpeg\",\"contentUrl\":\"https:\\\/\\\/skaitytaknyga.lt\\\/wp-content\\\/uploads\\\/2024\\\/05\\\/cropped-cropped-cropped-02_00843_jt3bggkj1j3HLc7SyY6rEUpg.jpeg\",\"width\":1600,\"height\":1600,\"caption\":\"skaitytaknyga.lt\"},\"image\":{\"@id\":\"https:\\\/\\\/skaitytaknyga.lt\\\/#\\\/schema\\\/logo\\\/image\\\/\"},\"sameAs\":[\"https:\\\/\\\/www.facebook.com\\\/skaitytaknyga\\\/\"]}]}<\/script>\n<!-- \/ Yoast SEO plugin. -->","yoast_head_json":{"title":"\u0160aunios panel\u0117s etiketas - Skaitytaknyga","description":"Jus pavadino pasip\u016btusia karjeriste? Sako, jog esate ekstravaganti\u0161ka ir u\u017egaidi? Nekreipkite d\u0117mesio! Anks\u010diau gal buvo kitaip, bet \u0161iais laikais tai ne \u012f\u017eeidimas, o komplimentas. Dabar \u0161aunios panel\u0117s\u00a0\u2013 tai stiprios ir savimi pasitikin\u010dios moterys, kurios: \u2013\u00a0nesitaiko su tuo, kas joms nepatinka; \u2013\u00a0gyvenime \u017eino savo vert\u0119; \u2013\u00a0puikiai susidoroja su malonum\u0105 teikian\u010diu darbu; \u2013\u00a0asmeniniame gyvenime ir darbe nelieka vyr\u0173 \u0161e\u0161\u0117lyje; \u2013\u00a0supranta, jog bendraujant su aplinkiniais kartais reikia leistis \u012f kompromisus, bet jokiu b\u016bdu nevalia atsisakyti savo pa\u017ei\u016br\u0173; \u2013\u00a0yra sumanios ir \u0161iek tiek \u012f\u017e\u016blios, \u017eino ko nori ir nemano, jog vyrai, savaime suprantama, prana\u0161esni u\u017e moteris.  Kartais geras elgesys \u0161auniai panelei padeda grei\u010diau ir lengviau pasiekti tiksl\u0105. Tod\u0117l \u0161ioje knygoje rasite geriausi\u0173 diplomati\u0161ko ir takti\u0161ko elgesio patarim\u0173 tikrai \u0161aunuoliai.","robots":{"index":"index","follow":"follow","max-snippet":"max-snippet:-1","max-image-preview":"max-image-preview:large","max-video-preview":"max-video-preview:-1"},"canonical":"https:\/\/skaitytaknyga.lt\/en\/produktas\/saunios-paneles-etiketas-2\/","og_locale":"en_GB","og_type":"article","og_title":"\u0160aunios panel\u0117s etiketas - Skaitytaknyga","og_description":"Jus pavadino pasip\u016btusia karjeriste? Sako, jog esate ekstravaganti\u0161ka ir u\u017egaidi? Nekreipkite d\u0117mesio! Anks\u010diau gal buvo kitaip, bet \u0161iais laikais tai ne \u012f\u017eeidimas, o komplimentas. Dabar \u0161aunios panel\u0117s\u00a0\u2013 tai stiprios ir savimi pasitikin\u010dios moterys, kurios: \u2013\u00a0nesitaiko su tuo, kas joms nepatinka; \u2013\u00a0gyvenime \u017eino savo vert\u0119; \u2013\u00a0puikiai susidoroja su malonum\u0105 teikian\u010diu darbu; \u2013\u00a0asmeniniame gyvenime ir darbe nelieka vyr\u0173 \u0161e\u0161\u0117lyje; \u2013\u00a0supranta, jog bendraujant su aplinkiniais kartais reikia leistis \u012f kompromisus, bet jokiu b\u016bdu nevalia atsisakyti savo pa\u017ei\u016br\u0173; \u2013\u00a0yra sumanios ir \u0161iek tiek \u012f\u017e\u016blios, \u017eino ko nori ir nemano, jog vyrai, savaime suprantama, prana\u0161esni u\u017e moteris.  Kartais geras elgesys \u0161auniai panelei padeda grei\u010diau ir lengviau pasiekti tiksl\u0105. Tod\u0117l \u0161ioje knygoje rasite geriausi\u0173 diplomati\u0161ko ir takti\u0161ko elgesio patarim\u0173 tikrai \u0161aunuoliai.","og_url":"https:\/\/skaitytaknyga.lt\/en\/produktas\/saunios-paneles-etiketas-2\/","og_site_name":"Skaitytaknyga","article_publisher":"https:\/\/www.facebook.com\/skaitytaknyga\/","article_modified_time":"2024-05-23T08:08:28+00:00","og_image":[{"width":285,"height":429,"url":"https:\/\/skaitytaknyga.lt\/wp-content\/uploads\/2024\/05\/000000000001100549-59de7f9697c08-asset-knyguklubas-cdb_sviesa_1767a7ca3693e09bf6b4109bc020e77d_p1.jpg","type":"image\/jpeg"}],"twitter_card":"summary_large_image","twitter_misc":{"Estimated reading time":"1 minute"},"schema":{"@context":"https:\/\/schema.org","@graph":[{"@type":"WebPage","@id":"https:\/\/skaitytaknyga.lt\/produktas\/saunios-paneles-etiketas-2\/","url":"https:\/\/skaitytaknyga.lt\/produktas\/saunios-paneles-etiketas-2\/","name":"\u0160aunios panel\u0117s etiketas - Skaitytaknyga","isPartOf":{"@id":"https:\/\/skaitytaknyga.lt\/#website"},"primaryImageOfPage":{"@id":"https:\/\/skaitytaknyga.lt\/produktas\/saunios-paneles-etiketas-2\/#primaryimage"},"image":{"@id":"https:\/\/skaitytaknyga.lt\/produktas\/saunios-paneles-etiketas-2\/#primaryimage"},"thumbnailUrl":"https:\/\/skaitytaknyga.lt\/wp-content\/uploads\/2024\/05\/000000000001100549-59de7f9697c08-asset-knyguklubas-cdb_sviesa_1767a7ca3693e09bf6b4109bc020e77d_p1.jpg","datePublished":"2024-05-04T14:53:05+00:00","dateModified":"2024-05-23T08:08:28+00:00","description":"Jus pavadino pasip\u016btusia karjeriste? Sako, jog esate ekstravaganti\u0161ka ir u\u017egaidi? Nekreipkite d\u0117mesio! Anks\u010diau gal buvo kitaip, bet \u0161iais laikais tai ne \u012f\u017eeidimas, o komplimentas. Dabar \u0161aunios panel\u0117s\u00a0\u2013 tai stiprios ir savimi pasitikin\u010dios moterys, kurios: \u2013\u00a0nesitaiko su tuo, kas joms nepatinka; \u2013\u00a0gyvenime \u017eino savo vert\u0119; \u2013\u00a0puikiai susidoroja su malonum\u0105 teikian\u010diu darbu; \u2013\u00a0asmeniniame gyvenime ir darbe nelieka vyr\u0173 \u0161e\u0161\u0117lyje; \u2013\u00a0supranta, jog bendraujant su aplinkiniais kartais reikia leistis \u012f kompromisus, bet jokiu b\u016bdu nevalia atsisakyti savo pa\u017ei\u016br\u0173; \u2013\u00a0yra sumanios ir \u0161iek tiek \u012f\u017e\u016blios, \u017eino ko nori ir nemano, jog vyrai, savaime suprantama, prana\u0161esni u\u017e moteris. Kartais geras elgesys \u0161auniai panelei padeda grei\u010diau ir lengviau pasiekti tiksl\u0105. Tod\u0117l \u0161ioje knygoje rasite geriausi\u0173 diplomati\u0161ko ir takti\u0161ko elgesio patarim\u0173 tikrai \u0161aunuoliai.","breadcrumb":{"@id":"https:\/\/skaitytaknyga.lt\/produktas\/saunios-paneles-etiketas-2\/#breadcrumb"},"inLanguage":"en-GB","potentialAction":[{"@type":"ReadAction","target":["https:\/\/skaitytaknyga.lt\/produktas\/saunios-paneles-etiketas-2\/"]}]},{"@type":"ImageObject","inLanguage":"en-GB","@id":"https:\/\/skaitytaknyga.lt\/produktas\/saunios-paneles-etiketas-2\/#primaryimage","url":"https:\/\/skaitytaknyga.lt\/wp-content\/uploads\/2024\/05\/000000000001100549-59de7f9697c08-asset-knyguklubas-cdb_sviesa_1767a7ca3693e09bf6b4109bc020e77d_p1.jpg","contentUrl":"https:\/\/skaitytaknyga.lt\/wp-content\/uploads\/2024\/05\/000000000001100549-59de7f9697c08-asset-knyguklubas-cdb_sviesa_1767a7ca3693e09bf6b4109bc020e77d_p1.jpg","width":285,"height":429},{"@type":"BreadcrumbList","@id":"https:\/\/skaitytaknyga.lt\/produktas\/saunios-paneles-etiketas-2\/#breadcrumb","itemListElement":[{"@type":"ListItem","position":1,"name":"Home","item":"https:\/\/skaitytaknyga.lt\/"},{"@type":"ListItem","position":2,"name":"Parduotuv\u0117","item":"https:\/\/skaitytaknyga.lt\/knygu-parduotuve\/"},{"@type":"ListItem","position":3,"name":"\u0160aunios panel\u0117s etiketas"}]},{"@type":"WebSite","@id":"https:\/\/skaitytaknyga.lt\/#website","url":"https:\/\/skaitytaknyga.lt\/","name":"skaitytaknyga.lt","description":"Skaitytaknyga.lt \u2013 tai ma\u017eas \u0161eimos verslas, kuris prasid\u0117jo nuo meil\u0117s knygoms ir siekio i\u0161gelb\u0117ti knygas nuo likimo prie konteinerio. Kas vienam nereikalingas daiktas \u2013 kitam lobis, o mes esame tarpininkai, kurie padeda abiems tapti laimingesniems ???? \u017dinome kaip nelengva i\u0161gyventi ma\u017eiems verslams, tad nuo \u0161iol, \u010dia rasite ir kit\u0173, ma\u017e\u0173 \u0161eim\u0173 versl\u0173, rank\u0173 darbo, dovan\u0173 sau ir artimiesiems.","publisher":{"@id":"https:\/\/skaitytaknyga.lt\/#organization"},"potentialAction":[{"@type":"SearchAction","target":{"@type":"EntryPoint","urlTemplate":"https:\/\/skaitytaknyga.lt\/?s={search_term_string}"},"query-input":{"@type":"PropertyValueSpecification","valueRequired":true,"valueName":"search_term_string"}}],"inLanguage":"en-GB"},{"@type":"Organization","@id":"https:\/\/skaitytaknyga.lt\/#organization","name":"skaitytaknyga.lt","url":"https:\/\/skaitytaknyga.lt\/","logo":{"@type":"ImageObject","inLanguage":"en-GB","@id":"https:\/\/skaitytaknyga.lt\/#\/schema\/logo\/image\/","url":"https:\/\/skaitytaknyga.lt\/wp-content\/uploads\/2024\/05\/cropped-cropped-cropped-02_00843_jt3bggkj1j3HLc7SyY6rEUpg.jpeg","contentUrl":"https:\/\/skaitytaknyga.lt\/wp-content\/uploads\/2024\/05\/cropped-cropped-cropped-02_00843_jt3bggkj1j3HLc7SyY6rEUpg.jpeg","width":1600,"height":1600,"caption":"skaitytaknyga.lt"},"image":{"@id":"https:\/\/skaitytaknyga.lt\/#\/schema\/logo\/image\/"},"sameAs":["https:\/\/www.facebook.com\/skaitytaknyga\/"]}]}},"_links":{"self":[{"href":"https:\/\/skaitytaknyga.lt\/en\/wp-json\/wp\/v2\/product\/8885","targetHints":{"allow":["GET"]}}],"collection":[{"href":"https:\/\/skaitytaknyga.lt\/en\/wp-json\/wp\/v2\/product"}],"about":[{"href":"https:\/\/skaitytaknyga.lt\/en\/wp-json\/wp\/v2\/types\/product"}],"replies":[{"embeddable":true,"href":"https:\/\/skaitytaknyga.lt\/en\/wp-json\/wp\/v2\/comments?post=8885"}],"wp:featuredmedia":[{"embeddable":true,"href":"https:\/\/skaitytaknyga.lt\/en\/wp-json\/wp\/v2\/media\/5707"}],"wp:attachment":[{"href":"https:\/\/skaitytaknyga.lt\/en\/wp-json\/wp\/v2\/media?parent=8885"}],"wp:term":[{"taxonomy":"product_brand","embeddable":true,"href":"https:\/\/skaitytaknyga.lt\/en\/wp-json\/wp\/v2\/product_brand?post=8885"},{"taxonomy":"product_cat","embeddable":true,"href":"https:\/\/skaitytaknyga.lt\/en\/wp-json\/wp\/v2\/product_cat?post=8885"},{"taxonomy":"product_tag","embeddable":true,"href":"https:\/\/skaitytaknyga.lt\/en\/wp-json\/wp\/v2\/product_tag?post=8885"}],"curies":[{"name":"wp","href":"https:\/\/api.w.org\/{rel}","templated":true}]}}