{"id":8866,"date":"2024-05-04T14:52:42","date_gmt":"2024-05-04T14:52:42","guid":{"rendered":"https:\/\/skaitytaknyga.lt\/?post_type=product&#038;p=8866"},"modified":"2026-03-18T15:00:02","modified_gmt":"2026-03-18T13:00:02","slug":"feliksas-paskevicius-triumfas-uz-gelezines-uzdangos-2","status":"publish","type":"product","link":"https:\/\/skaitytaknyga.lt\/en\/produktas\/feliksas-paskevicius-triumfas-uz-gelezines-uzdangos-2\/","title":{"rendered":"Feliksas Pa\u0161kevi\u010dius \u201eTriumfas. U\u017e &#8220;gele\u017ein\u0117s&#8221; u\u017edangos\u201c"},"content":{"rendered":"<div>\n<p>&#8220;Triumfas. U\u017e &#8220;gele\u017ein\u0117s&#8221; u\u017edangos&#8221; &#8211; tai pasakojimas apie lietuvi\u0161k\u0105j\u012f krep\u0161in\u012f, Lietuvos vyr\u0173 krep\u0161inio rinktin\u0117s kovas XXXIII Europos \u010dempionate \u0160vedijoje.<\/p>\n<p>Krep\u0161inis yra lietuvi\u0173 pasidid\u017eiavimas ir garb\u0117, tautos likimo, kult\u016bros ir istorijos dalis. Lietuva, kaip gintar\u0117lis papuo\u0161\u0117 Europos S\u0105jung\u0105, o krep\u0161inio d\u0117ka vis da\u017eniau ir galingiau nuskamba pasaulyje.<\/p>\n<\/div>\n","protected":false},"excerpt":{"rendered":"<div>\n<p>&#8220;Triumfas. U\u017e &#8220;gele\u017ein\u0117s&#8221; u\u017edangos&#8221; &#8211; tai pasakojimas apie lietuvi\u0161k\u0105j\u012f krep\u0161in\u012f, Lietuvos vyr\u0173 krep\u0161inio rinktin\u0117s kovas XXXIII Europos \u010dempionate \u0160vedijoje.<\/p>\n<p>Krep\u0161inis yra lietuvi\u0173 pasidid\u017eiavimas ir garb\u0117, tautos likimo, kult\u016bros ir istorijos dalis. Lietuva, kaip gintar\u0117lis papuo\u0161\u0117 Europos S\u0105jung\u0105, o krep\u0161inio d\u0117ka vis da\u017eniau ir galingiau nuskamba pasaulyje.<\/p>\n<\/div>\n","protected":false},"featured_media":5670,"comment_status":"closed","ping_status":"closed","template":"","meta":{"_acf_changed":false,"site-sidebar-layout":"default","site-content-layout":"","ast-site-content-layout":"default","site-content-style":"default","site-sidebar-style":"default","ast-global-header-display":"","ast-banner-title-visibility":"","ast-main-header-display":"","ast-hfb-above-header-display":"","ast-hfb-below-header-display":"","ast-hfb-mobile-header-display":"","site-post-title":"","ast-breadcrumbs-content":"","ast-featured-img":"","footer-sml-layout":"","ast-disable-related-posts":"","theme-transparent-header-meta":"","adv-header-id-meta":"","stick-header-meta":"","header-above-stick-meta":"","header-main-stick-meta":"","header-below-stick-meta":"","astra-migrate-meta-layouts":"default","ast-page-background-enabled":"default","ast-page-background-meta":{"desktop":{"background-color":"","background-image":"","background-repeat":"repeat","background-position":"center center","background-size":"auto","background-attachment":"scroll","background-type":"","background-media":"","overlay-type":"","overlay-color":"","overlay-opacity":"","overlay-gradient":""},"tablet":{"background-color":"","background-image":"","background-repeat":"repeat","background-position":"center center","background-size":"auto","background-attachment":"scroll","background-type":"","background-media":"","overlay-type":"","overlay-color":"","overlay-opacity":"","overlay-gradient":""},"mobile":{"background-color":"","background-image":"","background-repeat":"repeat","background-position":"center center","background-size":"auto","background-attachment":"scroll","background-type":"","background-media":"","overlay-type":"","overlay-color":"","overlay-opacity":"","overlay-gradient":""}},"ast-content-background-meta":{"desktop":{"background-color":"var(--ast-global-color-4)","background-image":"","background-repeat":"repeat","background-position":"center center","background-size":"auto","background-attachment":"scroll","background-type":"","background-media":"","overlay-type":"","overlay-color":"","overlay-opacity":"","overlay-gradient":""},"tablet":{"background-color":"var(--ast-global-color-4)","background-image":"","background-repeat":"repeat","background-position":"center center","background-size":"auto","background-attachment":"scroll","background-type":"","background-media":"","overlay-type":"","overlay-color":"","overlay-opacity":"","overlay-gradient":""},"mobile":{"background-color":"var(--ast-global-color-4)","background-image":"","background-repeat":"repeat","background-position":"center center","background-size":"auto","background-attachment":"scroll","background-type":"","background-media":"","overlay-type":"","overlay-color":"","overlay-opacity":"","overlay-gradient":""}}},"product_brand":[],"product_cat":[174,9862,27],"product_tag":[],"class_list":{"0":"post-8866","1":"product","2":"type-product","3":"status-publish","4":"has-post-thumbnail","6":"product_cat-istorija-ir-politologija","7":"product_cat-lietuvos-istorija","8":"product_cat-sportas-laisvalaikis-rankdarbiai","9":"desktop-align-left","10":"tablet-align-left","11":"mobile-align-left","13":"first","14":"outofstock","15":"shipping-taxable","16":"purchasable","17":"product-type-simple"},"acf":[],"yoast_head":"<!-- This site is optimized with the Yoast SEO plugin v27.4 - https:\/\/yoast.com\/product\/yoast-seo-wordpress\/ -->\n<title>Feliksas Pa\u0161kevi\u010dius \u201eTriumfas. U\u017e &quot;gele\u017ein\u0117s&quot; u\u017edangos\u201c<\/title>\n<meta name=\"description\" content=\"&quot;Triumfas. U\u017e &quot;gele\u017ein\u0117s&quot; u\u017edangos&quot; - tai pasakojimas apie lietuvi\u0161k\u0105j\u012f krep\u0161in\u012f, Lietuvos vyr\u0173 krep\u0161inio rinktin\u0117s kovas XXXIII Europos \u010dempionate \u0160vedijoje.  Krep\u0161inis yra lietuvi\u0173 pasidid\u017eiavimas ir garb\u0117, tautos likimo, kult\u016bros ir istorijos dalis. Lietuva, kaip gintar\u0117lis papuo\u0161\u0117 Europos S\u0105jung\u0105, o krep\u0161inio d\u0117ka vis da\u017eniau ir galingiau nuskamba pasaulyje.\" \/>\n<meta name=\"robots\" content=\"index, follow, max-snippet:-1, max-image-preview:large, max-video-preview:-1\" \/>\n<link rel=\"canonical\" href=\"https:\/\/skaitytaknyga.lt\/en\/produktas\/feliksas-paskevicius-triumfas-uz-gelezines-uzdangos-2\/\" \/>\n<meta property=\"og:locale\" content=\"en_GB\" \/>\n<meta property=\"og:locale:alternate\" content=\"lt_LT\" \/>\n<meta property=\"og:type\" content=\"article\" \/>\n<meta property=\"og:title\" content=\"Feliksas Pa\u0161kevi\u010dius \u201eTriumfas. U\u017e &quot;gele\u017ein\u0117s&quot; u\u017edangos\u201c\" \/>\n<meta property=\"og:description\" content=\"&quot;Triumfas. U\u017e &quot;gele\u017ein\u0117s&quot; u\u017edangos&quot; - tai pasakojimas apie lietuvi\u0161k\u0105j\u012f krep\u0161in\u012f, Lietuvos vyr\u0173 krep\u0161inio rinktin\u0117s kovas XXXIII Europos \u010dempionate \u0160vedijoje.  Krep\u0161inis yra lietuvi\u0173 pasidid\u017eiavimas ir garb\u0117, tautos likimo, kult\u016bros ir istorijos dalis. Lietuva, kaip gintar\u0117lis papuo\u0161\u0117 Europos S\u0105jung\u0105, o krep\u0161inio d\u0117ka vis da\u017eniau ir galingiau nuskamba pasaulyje.\" \/>\n<meta property=\"og:url\" content=\"https:\/\/skaitytaknyga.lt\/en\/produktas\/feliksas-paskevicius-triumfas-uz-gelezines-uzdangos-2\/\" \/>\n<meta property=\"og:site_name\" content=\"Skaitytaknyga\" \/>\n<meta property=\"article:publisher\" content=\"https:\/\/www.facebook.com\/skaitytaknyga\/\" \/>\n<meta property=\"article:modified_time\" content=\"2026-03-18T13:00:02+00:00\" \/>\n<meta property=\"og:image\" content=\"https:\/\/skaitytaknyga.lt\/wp-content\/uploads\/2024\/05\/uz-gelezines-uzdangos431.jpg\" \/>\n\t<meta property=\"og:image:width\" content=\"314\" \/>\n\t<meta property=\"og:image:height\" content=\"450\" \/>\n\t<meta property=\"og:image:type\" content=\"image\/jpeg\" \/>\n<meta name=\"twitter:card\" content=\"summary_large_image\" \/>\n<script type=\"application\/ld+json\" class=\"yoast-schema-graph\">{\"@context\":\"https:\\\/\\\/schema.org\",\"@graph\":[{\"@type\":\"WebPage\",\"@id\":\"https:\\\/\\\/skaitytaknyga.lt\\\/produktas\\\/feliksas-paskevicius-triumfas-uz-gelezines-uzdangos-2\\\/\",\"url\":\"https:\\\/\\\/skaitytaknyga.lt\\\/produktas\\\/feliksas-paskevicius-triumfas-uz-gelezines-uzdangos-2\\\/\",\"name\":\"Feliksas Pa\u0161kevi\u010dius \u201eTriumfas. U\u017e \\\"gele\u017ein\u0117s\\\" u\u017edangos\u201c\",\"isPartOf\":{\"@id\":\"https:\\\/\\\/skaitytaknyga.lt\\\/#website\"},\"primaryImageOfPage\":{\"@id\":\"https:\\\/\\\/skaitytaknyga.lt\\\/produktas\\\/feliksas-paskevicius-triumfas-uz-gelezines-uzdangos-2\\\/#primaryimage\"},\"image\":{\"@id\":\"https:\\\/\\\/skaitytaknyga.lt\\\/produktas\\\/feliksas-paskevicius-triumfas-uz-gelezines-uzdangos-2\\\/#primaryimage\"},\"thumbnailUrl\":\"https:\\\/\\\/skaitytaknyga.lt\\\/wp-content\\\/uploads\\\/2024\\\/05\\\/uz-gelezines-uzdangos431.jpg\",\"datePublished\":\"2024-05-04T14:52:42+00:00\",\"dateModified\":\"2026-03-18T13:00:02+00:00\",\"description\":\"\\\"Triumfas. U\u017e \\\"gele\u017ein\u0117s\\\" u\u017edangos\\\" - tai pasakojimas apie lietuvi\u0161k\u0105j\u012f krep\u0161in\u012f, Lietuvos vyr\u0173 krep\u0161inio rinktin\u0117s kovas XXXIII Europos \u010dempionate \u0160vedijoje. Krep\u0161inis yra lietuvi\u0173 pasidid\u017eiavimas ir garb\u0117, tautos likimo, kult\u016bros ir istorijos dalis. Lietuva, kaip gintar\u0117lis papuo\u0161\u0117 Europos S\u0105jung\u0105, o krep\u0161inio d\u0117ka vis da\u017eniau ir galingiau nuskamba pasaulyje.\",\"breadcrumb\":{\"@id\":\"https:\\\/\\\/skaitytaknyga.lt\\\/produktas\\\/feliksas-paskevicius-triumfas-uz-gelezines-uzdangos-2\\\/#breadcrumb\"},\"inLanguage\":\"en-GB\",\"potentialAction\":[{\"@type\":\"ReadAction\",\"target\":[\"https:\\\/\\\/skaitytaknyga.lt\\\/produktas\\\/feliksas-paskevicius-triumfas-uz-gelezines-uzdangos-2\\\/\"]}]},{\"@type\":\"ImageObject\",\"inLanguage\":\"en-GB\",\"@id\":\"https:\\\/\\\/skaitytaknyga.lt\\\/produktas\\\/feliksas-paskevicius-triumfas-uz-gelezines-uzdangos-2\\\/#primaryimage\",\"url\":\"https:\\\/\\\/skaitytaknyga.lt\\\/wp-content\\\/uploads\\\/2024\\\/05\\\/uz-gelezines-uzdangos431.jpg\",\"contentUrl\":\"https:\\\/\\\/skaitytaknyga.lt\\\/wp-content\\\/uploads\\\/2024\\\/05\\\/uz-gelezines-uzdangos431.jpg\",\"width\":314,\"height\":450},{\"@type\":\"BreadcrumbList\",\"@id\":\"https:\\\/\\\/skaitytaknyga.lt\\\/produktas\\\/feliksas-paskevicius-triumfas-uz-gelezines-uzdangos-2\\\/#breadcrumb\",\"itemListElement\":[{\"@type\":\"ListItem\",\"position\":1,\"name\":\"Home\",\"item\":\"https:\\\/\\\/skaitytaknyga.lt\\\/\"},{\"@type\":\"ListItem\",\"position\":2,\"name\":\"Parduotuv\u0117\",\"item\":\"https:\\\/\\\/skaitytaknyga.lt\\\/knygu-parduotuve\\\/\"},{\"@type\":\"ListItem\",\"position\":3,\"name\":\"Feliksas Pa\u0161kevi\u010dius \u201eTriumfas. U\u017e &#8222;gele\u017ein\u0117s&#8221; u\u017edangos\u201c\"}]},{\"@type\":\"WebSite\",\"@id\":\"https:\\\/\\\/skaitytaknyga.lt\\\/#website\",\"url\":\"https:\\\/\\\/skaitytaknyga.lt\\\/\",\"name\":\"skaitytaknyga.lt\",\"description\":\"Skaitytaknyga.lt \u2013 tai ma\u017eas \u0161eimos verslas, kuris prasid\u0117jo nuo meil\u0117s knygoms ir siekio i\u0161gelb\u0117ti knygas nuo likimo prie konteinerio. Kas vienam nereikalingas daiktas \u2013 kitam lobis, o mes esame tarpininkai, kurie padeda abiems tapti laimingesniems ???? \u017dinome kaip nelengva i\u0161gyventi ma\u017eiems verslams, tad nuo \u0161iol, \u010dia rasite ir kit\u0173, ma\u017e\u0173 \u0161eim\u0173 versl\u0173, rank\u0173 darbo, dovan\u0173 sau ir artimiesiems.\",\"publisher\":{\"@id\":\"https:\\\/\\\/skaitytaknyga.lt\\\/#organization\"},\"potentialAction\":[{\"@type\":\"SearchAction\",\"target\":{\"@type\":\"EntryPoint\",\"urlTemplate\":\"https:\\\/\\\/skaitytaknyga.lt\\\/?s={search_term_string}\"},\"query-input\":{\"@type\":\"PropertyValueSpecification\",\"valueRequired\":true,\"valueName\":\"search_term_string\"}}],\"inLanguage\":\"en-GB\"},{\"@type\":\"Organization\",\"@id\":\"https:\\\/\\\/skaitytaknyga.lt\\\/#organization\",\"name\":\"skaitytaknyga.lt\",\"url\":\"https:\\\/\\\/skaitytaknyga.lt\\\/\",\"logo\":{\"@type\":\"ImageObject\",\"inLanguage\":\"en-GB\",\"@id\":\"https:\\\/\\\/skaitytaknyga.lt\\\/#\\\/schema\\\/logo\\\/image\\\/\",\"url\":\"https:\\\/\\\/skaitytaknyga.lt\\\/wp-content\\\/uploads\\\/2024\\\/05\\\/cropped-cropped-cropped-02_00843_jt3bggkj1j3HLc7SyY6rEUpg.jpeg\",\"contentUrl\":\"https:\\\/\\\/skaitytaknyga.lt\\\/wp-content\\\/uploads\\\/2024\\\/05\\\/cropped-cropped-cropped-02_00843_jt3bggkj1j3HLc7SyY6rEUpg.jpeg\",\"width\":1600,\"height\":1600,\"caption\":\"skaitytaknyga.lt\"},\"image\":{\"@id\":\"https:\\\/\\\/skaitytaknyga.lt\\\/#\\\/schema\\\/logo\\\/image\\\/\"},\"sameAs\":[\"https:\\\/\\\/www.facebook.com\\\/skaitytaknyga\\\/\"]}]}<\/script>\n<!-- \/ Yoast SEO plugin. -->","yoast_head_json":{"title":"Feliksas Pa\u0161kevi\u010dius \u201eTriumfas. U\u017e \"gele\u017ein\u0117s\" u\u017edangos\u201c","description":"\"Triumfas. U\u017e \"gele\u017ein\u0117s\" u\u017edangos\" - tai pasakojimas apie lietuvi\u0161k\u0105j\u012f krep\u0161in\u012f, Lietuvos vyr\u0173 krep\u0161inio rinktin\u0117s kovas XXXIII Europos \u010dempionate \u0160vedijoje.  Krep\u0161inis yra lietuvi\u0173 pasidid\u017eiavimas ir garb\u0117, tautos likimo, kult\u016bros ir istorijos dalis. Lietuva, kaip gintar\u0117lis papuo\u0161\u0117 Europos S\u0105jung\u0105, o krep\u0161inio d\u0117ka vis da\u017eniau ir galingiau nuskamba pasaulyje.","robots":{"index":"index","follow":"follow","max-snippet":"max-snippet:-1","max-image-preview":"max-image-preview:large","max-video-preview":"max-video-preview:-1"},"canonical":"https:\/\/skaitytaknyga.lt\/en\/produktas\/feliksas-paskevicius-triumfas-uz-gelezines-uzdangos-2\/","og_locale":"en_GB","og_type":"article","og_title":"[:lt]Feliksas Pa\u0161kevi\u010dius \u201eTriumfas. U\u017e \"gele\u017ein\u0117s\" u\u017edangos\u201c[:] - Skaitytaknyga","og_description":"\"Triumfas. U\u017e \"gele\u017ein\u0117s\" u\u017edangos\" - tai pasakojimas apie lietuvi\u0161k\u0105j\u012f krep\u0161in\u012f, Lietuvos vyr\u0173 krep\u0161inio rinktin\u0117s kovas XXXIII Europos \u010dempionate \u0160vedijoje.  Krep\u0161inis yra lietuvi\u0173 pasidid\u017eiavimas ir garb\u0117, tautos likimo, kult\u016bros ir istorijos dalis. Lietuva, kaip gintar\u0117lis papuo\u0161\u0117 Europos S\u0105jung\u0105, o krep\u0161inio d\u0117ka vis da\u017eniau ir galingiau nuskamba pasaulyje.","og_url":"https:\/\/skaitytaknyga.lt\/en\/produktas\/feliksas-paskevicius-triumfas-uz-gelezines-uzdangos-2\/","og_site_name":"Skaitytaknyga","article_publisher":"https:\/\/www.facebook.com\/skaitytaknyga\/","article_modified_time":"2026-03-18T13:00:02+00:00","og_image":[{"width":314,"height":450,"url":"https:\/\/skaitytaknyga.lt\/wp-content\/uploads\/2024\/05\/uz-gelezines-uzdangos431.jpg","type":"image\/jpeg"}],"twitter_card":"summary_large_image","schema":{"@context":"https:\/\/schema.org","@graph":[{"@type":"WebPage","@id":"https:\/\/skaitytaknyga.lt\/produktas\/feliksas-paskevicius-triumfas-uz-gelezines-uzdangos-2\/","url":"https:\/\/skaitytaknyga.lt\/produktas\/feliksas-paskevicius-triumfas-uz-gelezines-uzdangos-2\/","name":"Feliksas Pa\u0161kevi\u010dius \u201eTriumfas. U\u017e \"gele\u017ein\u0117s\" u\u017edangos\u201c","isPartOf":{"@id":"https:\/\/skaitytaknyga.lt\/#website"},"primaryImageOfPage":{"@id":"https:\/\/skaitytaknyga.lt\/produktas\/feliksas-paskevicius-triumfas-uz-gelezines-uzdangos-2\/#primaryimage"},"image":{"@id":"https:\/\/skaitytaknyga.lt\/produktas\/feliksas-paskevicius-triumfas-uz-gelezines-uzdangos-2\/#primaryimage"},"thumbnailUrl":"https:\/\/skaitytaknyga.lt\/wp-content\/uploads\/2024\/05\/uz-gelezines-uzdangos431.jpg","datePublished":"2024-05-04T14:52:42+00:00","dateModified":"2026-03-18T13:00:02+00:00","description":"\"Triumfas. U\u017e \"gele\u017ein\u0117s\" u\u017edangos\" - tai pasakojimas apie lietuvi\u0161k\u0105j\u012f krep\u0161in\u012f, Lietuvos vyr\u0173 krep\u0161inio rinktin\u0117s kovas XXXIII Europos \u010dempionate \u0160vedijoje. Krep\u0161inis yra lietuvi\u0173 pasidid\u017eiavimas ir garb\u0117, tautos likimo, kult\u016bros ir istorijos dalis. Lietuva, kaip gintar\u0117lis papuo\u0161\u0117 Europos S\u0105jung\u0105, o krep\u0161inio d\u0117ka vis da\u017eniau ir galingiau nuskamba pasaulyje.","breadcrumb":{"@id":"https:\/\/skaitytaknyga.lt\/produktas\/feliksas-paskevicius-triumfas-uz-gelezines-uzdangos-2\/#breadcrumb"},"inLanguage":"en-GB","potentialAction":[{"@type":"ReadAction","target":["https:\/\/skaitytaknyga.lt\/produktas\/feliksas-paskevicius-triumfas-uz-gelezines-uzdangos-2\/"]}]},{"@type":"ImageObject","inLanguage":"en-GB","@id":"https:\/\/skaitytaknyga.lt\/produktas\/feliksas-paskevicius-triumfas-uz-gelezines-uzdangos-2\/#primaryimage","url":"https:\/\/skaitytaknyga.lt\/wp-content\/uploads\/2024\/05\/uz-gelezines-uzdangos431.jpg","contentUrl":"https:\/\/skaitytaknyga.lt\/wp-content\/uploads\/2024\/05\/uz-gelezines-uzdangos431.jpg","width":314,"height":450},{"@type":"BreadcrumbList","@id":"https:\/\/skaitytaknyga.lt\/produktas\/feliksas-paskevicius-triumfas-uz-gelezines-uzdangos-2\/#breadcrumb","itemListElement":[{"@type":"ListItem","position":1,"name":"Home","item":"https:\/\/skaitytaknyga.lt\/"},{"@type":"ListItem","position":2,"name":"Parduotuv\u0117","item":"https:\/\/skaitytaknyga.lt\/knygu-parduotuve\/"},{"@type":"ListItem","position":3,"name":"Feliksas Pa\u0161kevi\u010dius \u201eTriumfas. U\u017e &#8222;gele\u017ein\u0117s&#8221; u\u017edangos\u201c"}]},{"@type":"WebSite","@id":"https:\/\/skaitytaknyga.lt\/#website","url":"https:\/\/skaitytaknyga.lt\/","name":"skaitytaknyga.lt","description":"Skaitytaknyga.lt \u2013 tai ma\u017eas \u0161eimos verslas, kuris prasid\u0117jo nuo meil\u0117s knygoms ir siekio i\u0161gelb\u0117ti knygas nuo likimo prie konteinerio. Kas vienam nereikalingas daiktas \u2013 kitam lobis, o mes esame tarpininkai, kurie padeda abiems tapti laimingesniems ???? \u017dinome kaip nelengva i\u0161gyventi ma\u017eiems verslams, tad nuo \u0161iol, \u010dia rasite ir kit\u0173, ma\u017e\u0173 \u0161eim\u0173 versl\u0173, rank\u0173 darbo, dovan\u0173 sau ir artimiesiems.","publisher":{"@id":"https:\/\/skaitytaknyga.lt\/#organization"},"potentialAction":[{"@type":"SearchAction","target":{"@type":"EntryPoint","urlTemplate":"https:\/\/skaitytaknyga.lt\/?s={search_term_string}"},"query-input":{"@type":"PropertyValueSpecification","valueRequired":true,"valueName":"search_term_string"}}],"inLanguage":"en-GB"},{"@type":"Organization","@id":"https:\/\/skaitytaknyga.lt\/#organization","name":"skaitytaknyga.lt","url":"https:\/\/skaitytaknyga.lt\/","logo":{"@type":"ImageObject","inLanguage":"en-GB","@id":"https:\/\/skaitytaknyga.lt\/#\/schema\/logo\/image\/","url":"https:\/\/skaitytaknyga.lt\/wp-content\/uploads\/2024\/05\/cropped-cropped-cropped-02_00843_jt3bggkj1j3HLc7SyY6rEUpg.jpeg","contentUrl":"https:\/\/skaitytaknyga.lt\/wp-content\/uploads\/2024\/05\/cropped-cropped-cropped-02_00843_jt3bggkj1j3HLc7SyY6rEUpg.jpeg","width":1600,"height":1600,"caption":"skaitytaknyga.lt"},"image":{"@id":"https:\/\/skaitytaknyga.lt\/#\/schema\/logo\/image\/"},"sameAs":["https:\/\/www.facebook.com\/skaitytaknyga\/"]}]}},"_links":{"self":[{"href":"https:\/\/skaitytaknyga.lt\/en\/wp-json\/wp\/v2\/product\/8866","targetHints":{"allow":["GET"]}}],"collection":[{"href":"https:\/\/skaitytaknyga.lt\/en\/wp-json\/wp\/v2\/product"}],"about":[{"href":"https:\/\/skaitytaknyga.lt\/en\/wp-json\/wp\/v2\/types\/product"}],"replies":[{"embeddable":true,"href":"https:\/\/skaitytaknyga.lt\/en\/wp-json\/wp\/v2\/comments?post=8866"}],"wp:featuredmedia":[{"embeddable":true,"href":"https:\/\/skaitytaknyga.lt\/en\/wp-json\/wp\/v2\/media\/5670"}],"wp:attachment":[{"href":"https:\/\/skaitytaknyga.lt\/en\/wp-json\/wp\/v2\/media?parent=8866"}],"wp:term":[{"taxonomy":"product_brand","embeddable":true,"href":"https:\/\/skaitytaknyga.lt\/en\/wp-json\/wp\/v2\/product_brand?post=8866"},{"taxonomy":"product_cat","embeddable":true,"href":"https:\/\/skaitytaknyga.lt\/en\/wp-json\/wp\/v2\/product_cat?post=8866"},{"taxonomy":"product_tag","embeddable":true,"href":"https:\/\/skaitytaknyga.lt\/en\/wp-json\/wp\/v2\/product_tag?post=8866"}],"curies":[{"name":"wp","href":"https:\/\/api.w.org\/{rel}","templated":true}]}}