{"id":8838,"date":"2024-05-04T14:52:18","date_gmt":"2024-05-04T14:52:18","guid":{"rendered":"https:\/\/skaitytaknyga.lt\/?post_type=product&#038;p=8838"},"modified":"2024-05-04T14:52:34","modified_gmt":"2024-05-04T14:52:34","slug":"kostas-ostrauskas-paskutinis-kvartetas-2","status":"publish","type":"product","link":"https:\/\/skaitytaknyga.lt\/en\/produktas\/kostas-ostrauskas-paskutinis-kvartetas-2\/","title":{"rendered":"Kostas Ostrauskas \u201ePaskutinis kvartetas\u201c"},"content":{"rendered":"<p><em>\u201eTaip viskas susiklost\u0117, kad jau pa\u010dioje prad\u017eioje trauk\u0117 teatras. Vos gimnazistas b\u0117giojau \u012f Kauno teatr\u0105, smaksojau \u201egaliorkoje\u201c ir rijau spektaklius \u2013 dramas ir operas. Netrukus net me\u010diau gimnazij\u0105, \u012fstojau \u012f Jaunimo teatr\u0105, lankiau dramos studij\u0105, ver\u017eiausi \u012f aktoryst\u0119, ta\u010diau tuoj pat tuo \u0161i\u0161u persirgau ir, u\u017euot prad\u0117j\u0119s eil\u0117ra\u0161\u010diais (sakoma, tas ne gimnazistas, kurs eili\u0173 nera\u0161o), pats puoliau \u201ekurti\u201c dramos \u201eveikalus\u201c. Ilgainiui, jau Vokietijoje, supratau, jog mane kur kas labiau domina ne, pavyzd\u017eiui, Binkio \u201eAt\u017ealynas\u201c, bet jo \u201eGeneralin\u0117 repeticija\u201c, o u\u017egriebiant platesniu mastu, \u201ear\u010diau d\u016b\u0161ios\u201c ne Ibsenas, bet neva \u0161iek tiek \u201ekvanktel\u0117j\u0119s\u201c Strindbergas. Na, o atsid\u016br\u0119s Amerikoje \u201esumodern\u0117jau\u201c. Taip ir atsiradau, be jokio ypatingai s\u0105moningo nusiteikimo, \u201eavangardo\u201c kompanijoje.\u201c\u00a0<\/em>Kalb\u0117jo dramaturgas, literat\u016bros istorikas Kostas Ostrauskas (1926\u20132012).<\/p>\n","protected":false},"excerpt":{"rendered":"<p><em>\u201eTaip viskas susiklost\u0117, kad jau pa\u010dioje prad\u017eioje trauk\u0117 teatras. Vos gimnazistas b\u0117giojau \u012f Kauno teatr\u0105, smaksojau \u201egaliorkoje\u201c ir rijau spektaklius \u2013 dramas ir operas. Netrukus net me\u010diau gimnazij\u0105, \u012fstojau \u012f Jaunimo teatr\u0105, lankiau dramos studij\u0105, ver\u017eiausi \u012f aktoryst\u0119, ta\u010diau tuoj pat tuo \u0161i\u0161u persirgau ir, u\u017euot prad\u0117j\u0119s eil\u0117ra\u0161\u010diais (sakoma, tas ne gimnazistas, kurs eili\u0173 nera\u0161o), pats puoliau \u201ekurti\u201c dramos \u201eveikalus\u201c. Ilgainiui, jau Vokietijoje, supratau, jog mane kur kas labiau domina ne, pavyzd\u017eiui, Binkio \u201eAt\u017ealynas\u201c, bet jo \u201eGeneralin\u0117 repeticija\u201c, o u\u017egriebiant platesniu mastu, \u201ear\u010diau d\u016b\u0161ios\u201c ne Ibsenas, bet neva \u0161iek tiek \u201ekvanktel\u0117j\u0119s\u201c Strindbergas. Na, o atsid\u016br\u0119s Amerikoje \u201esumodern\u0117jau\u201c. Taip ir atsiradau, be jokio ypatingai s\u0105moningo nusiteikimo, \u201eavangardo\u201c kompanijoje.\u201c\u00a0<\/em>Kalb\u0117jo dramaturgas, literat\u016bros istorikas Kostas Ostrauskas (1926\u20132012).<\/p>\n","protected":false},"featured_media":5609,"comment_status":"closed","ping_status":"closed","template":"","meta":{"_acf_changed":false,"site-sidebar-layout":"default","site-content-layout":"","ast-site-content-layout":"default","site-content-style":"default","site-sidebar-style":"default","ast-global-header-display":"","ast-banner-title-visibility":"","ast-main-header-display":"","ast-hfb-above-header-display":"","ast-hfb-below-header-display":"","ast-hfb-mobile-header-display":"","site-post-title":"","ast-breadcrumbs-content":"","ast-featured-img":"","footer-sml-layout":"","ast-disable-related-posts":"","theme-transparent-header-meta":"","adv-header-id-meta":"","stick-header-meta":"","header-above-stick-meta":"","header-main-stick-meta":"","header-below-stick-meta":"","astra-migrate-meta-layouts":"default","ast-page-background-enabled":"default","ast-page-background-meta":{"desktop":{"background-color":"","background-image":"","background-repeat":"repeat","background-position":"center center","background-size":"auto","background-attachment":"scroll","background-type":"","background-media":"","overlay-type":"","overlay-color":"","overlay-opacity":"","overlay-gradient":""},"tablet":{"background-color":"","background-image":"","background-repeat":"repeat","background-position":"center center","background-size":"auto","background-attachment":"scroll","background-type":"","background-media":"","overlay-type":"","overlay-color":"","overlay-opacity":"","overlay-gradient":""},"mobile":{"background-color":"","background-image":"","background-repeat":"repeat","background-position":"center center","background-size":"auto","background-attachment":"scroll","background-type":"","background-media":"","overlay-type":"","overlay-color":"","overlay-opacity":"","overlay-gradient":""}},"ast-content-background-meta":{"desktop":{"background-color":"var(--ast-global-color-4)","background-image":"","background-repeat":"repeat","background-position":"center center","background-size":"auto","background-attachment":"scroll","background-type":"","background-media":"","overlay-type":"","overlay-color":"","overlay-opacity":"","overlay-gradient":""},"tablet":{"background-color":"var(--ast-global-color-4)","background-image":"","background-repeat":"repeat","background-position":"center center","background-size":"auto","background-attachment":"scroll","background-type":"","background-media":"","overlay-type":"","overlay-color":"","overlay-opacity":"","overlay-gradient":""},"mobile":{"background-color":"var(--ast-global-color-4)","background-image":"","background-repeat":"repeat","background-position":"center center","background-size":"auto","background-attachment":"scroll","background-type":"","background-media":"","overlay-type":"","overlay-color":"","overlay-opacity":"","overlay-gradient":""}}},"product_brand":[],"product_cat":[174,57],"product_tag":[],"class_list":{"0":"post-8838","1":"product","2":"type-product","3":"status-publish","4":"has-post-thumbnail","6":"product_cat-istorija-ir-politologija","7":"product_cat-menas-ir-albumai","8":"desktop-align-left","9":"tablet-align-left","10":"mobile-align-left","12":"first","13":"instock","14":"shipping-taxable","15":"purchasable","16":"product-type-simple"},"acf":[],"yoast_head":"<!-- This site is optimized with the Yoast SEO plugin v27.0 - https:\/\/yoast.com\/product\/yoast-seo-wordpress\/ -->\n<title>Kostas Ostrauskas \u201ePaskutinis kvartetas\u201c - Skaitytaknyga<\/title>\n<meta name=\"description\" content=\"\u201eTaip viskas susiklost\u0117, kad jau pa\u010dioje prad\u017eioje trauk\u0117 teatras. Vos gimnazistas b\u0117giojau \u012f Kauno teatr\u0105, smaksojau \u201egaliorkoje\u201c ir rijau spektaklius \u2013 dramas ir operas. Netrukus net me\u010diau gimnazij\u0105, \u012fstojau \u012f Jaunimo teatr\u0105, lankiau dramos studij\u0105, ver\u017eiausi \u012f aktoryst\u0119, ta\u010diau tuoj pat tuo \u0161i\u0161u persirgau ir, u\u017euot prad\u0117j\u0119s eil\u0117ra\u0161\u010diais (sakoma, tas ne gimnazistas, kurs eili\u0173 nera\u0161o), pats puoliau \u201ekurti\u201c dramos \u201eveikalus\u201c. Ilgainiui, jau Vokietijoje, supratau, jog mane kur kas labiau domina ne, pavyzd\u017eiui, Binkio \u201eAt\u017ealynas\u201c, bet jo \u201eGeneralin\u0117 repeticija\u201c, o u\u017egriebiant platesniu mastu, \u201ear\u010diau d\u016b\u0161ios\u201c ne Ibsenas, bet neva \u0161iek tiek \u201ekvanktel\u0117j\u0119s\u201c Strindbergas. Na, o atsid\u016br\u0119s Amerikoje \u201esumodern\u0117jau\u201c. Taip ir atsiradau, be jokio ypatingai s\u0105moningo nusiteikimo, \u201eavangardo\u201c kompanijoje.\u201c\u00a0Kalb\u0117jo dramaturgas, literat\u016bros istorikas Kostas Ostrauskas (1926\u20132012).\" \/>\n<meta name=\"robots\" content=\"index, follow, max-snippet:-1, max-image-preview:large, max-video-preview:-1\" \/>\n<link rel=\"canonical\" href=\"https:\/\/skaitytaknyga.lt\/en\/produktas\/kostas-ostrauskas-paskutinis-kvartetas-2\/\" \/>\n<meta property=\"og:locale\" content=\"en_GB\" \/>\n<meta property=\"og:locale:alternate\" content=\"lt_LT\" \/>\n<meta property=\"og:type\" content=\"article\" \/>\n<meta property=\"og:title\" content=\"Kostas Ostrauskas \u201ePaskutinis kvartetas\u201c - Skaitytaknyga\" \/>\n<meta property=\"og:description\" content=\"\u201eTaip viskas susiklost\u0117, kad jau pa\u010dioje prad\u017eioje trauk\u0117 teatras. Vos gimnazistas b\u0117giojau \u012f Kauno teatr\u0105, smaksojau \u201egaliorkoje\u201c ir rijau spektaklius \u2013 dramas ir operas. Netrukus net me\u010diau gimnazij\u0105, \u012fstojau \u012f Jaunimo teatr\u0105, lankiau dramos studij\u0105, ver\u017eiausi \u012f aktoryst\u0119, ta\u010diau tuoj pat tuo \u0161i\u0161u persirgau ir, u\u017euot prad\u0117j\u0119s eil\u0117ra\u0161\u010diais (sakoma, tas ne gimnazistas, kurs eili\u0173 nera\u0161o), pats puoliau \u201ekurti\u201c dramos \u201eveikalus\u201c. Ilgainiui, jau Vokietijoje, supratau, jog mane kur kas labiau domina ne, pavyzd\u017eiui, Binkio \u201eAt\u017ealynas\u201c, bet jo \u201eGeneralin\u0117 repeticija\u201c, o u\u017egriebiant platesniu mastu, \u201ear\u010diau d\u016b\u0161ios\u201c ne Ibsenas, bet neva \u0161iek tiek \u201ekvanktel\u0117j\u0119s\u201c Strindbergas. Na, o atsid\u016br\u0119s Amerikoje \u201esumodern\u0117jau\u201c. Taip ir atsiradau, be jokio ypatingai s\u0105moningo nusiteikimo, \u201eavangardo\u201c kompanijoje.\u201c\u00a0Kalb\u0117jo dramaturgas, literat\u016bros istorikas Kostas Ostrauskas (1926\u20132012).\" \/>\n<meta property=\"og:url\" content=\"https:\/\/skaitytaknyga.lt\/en\/produktas\/kostas-ostrauskas-paskutinis-kvartetas-2\/\" \/>\n<meta property=\"og:site_name\" content=\"Skaitytaknyga\" \/>\n<meta property=\"article:publisher\" content=\"https:\/\/www.facebook.com\/skaitytaknyga\/\" \/>\n<meta property=\"article:modified_time\" content=\"2024-05-04T14:52:34+00:00\" \/>\n<meta property=\"og:image\" content=\"https:\/\/skaitytaknyga.lt\/wp-content\/uploads\/2024\/05\/1537798237_paskutinis-kvartetas_z1.jpg\" \/>\n\t<meta property=\"og:image:width\" content=\"250\" \/>\n\t<meta property=\"og:image:height\" content=\"349\" \/>\n\t<meta property=\"og:image:type\" content=\"image\/jpeg\" \/>\n<meta name=\"twitter:card\" content=\"summary_large_image\" \/>\n<meta name=\"twitter:label1\" content=\"Estimated reading time\" \/>\n\t<meta name=\"twitter:data1\" content=\"1 minute\" \/>\n<script type=\"application\/ld+json\" class=\"yoast-schema-graph\">{\"@context\":\"https:\/\/schema.org\",\"@graph\":[{\"@type\":\"WebPage\",\"@id\":\"https:\/\/skaitytaknyga.lt\/produktas\/kostas-ostrauskas-paskutinis-kvartetas-2\/\",\"url\":\"https:\/\/skaitytaknyga.lt\/produktas\/kostas-ostrauskas-paskutinis-kvartetas-2\/\",\"name\":\"Kostas Ostrauskas \u201ePaskutinis kvartetas\u201c - Skaitytaknyga\",\"isPartOf\":{\"@id\":\"https:\/\/skaitytaknyga.lt\/#website\"},\"primaryImageOfPage\":{\"@id\":\"https:\/\/skaitytaknyga.lt\/produktas\/kostas-ostrauskas-paskutinis-kvartetas-2\/#primaryimage\"},\"image\":{\"@id\":\"https:\/\/skaitytaknyga.lt\/produktas\/kostas-ostrauskas-paskutinis-kvartetas-2\/#primaryimage\"},\"thumbnailUrl\":\"https:\/\/skaitytaknyga.lt\/wp-content\/uploads\/2024\/05\/1537798237_paskutinis-kvartetas_z1.jpg\",\"datePublished\":\"2024-05-04T14:52:18+00:00\",\"dateModified\":\"2024-05-04T14:52:34+00:00\",\"description\":\"\u201eTaip viskas susiklost\u0117, kad jau pa\u010dioje prad\u017eioje trauk\u0117 teatras. Vos gimnazistas b\u0117giojau \u012f Kauno teatr\u0105, smaksojau \u201egaliorkoje\u201c ir rijau spektaklius \u2013 dramas ir operas. Netrukus net me\u010diau gimnazij\u0105, \u012fstojau \u012f Jaunimo teatr\u0105, lankiau dramos studij\u0105, ver\u017eiausi \u012f aktoryst\u0119, ta\u010diau tuoj pat tuo \u0161i\u0161u persirgau ir, u\u017euot prad\u0117j\u0119s eil\u0117ra\u0161\u010diais (sakoma, tas ne gimnazistas, kurs eili\u0173 nera\u0161o), pats puoliau \u201ekurti\u201c dramos \u201eveikalus\u201c. Ilgainiui, jau Vokietijoje, supratau, jog mane kur kas labiau domina ne, pavyzd\u017eiui, Binkio \u201eAt\u017ealynas\u201c, bet jo \u201eGeneralin\u0117 repeticija\u201c, o u\u017egriebiant platesniu mastu, \u201ear\u010diau d\u016b\u0161ios\u201c ne Ibsenas, bet neva \u0161iek tiek \u201ekvanktel\u0117j\u0119s\u201c Strindbergas. Na, o atsid\u016br\u0119s Amerikoje \u201esumodern\u0117jau\u201c. Taip ir atsiradau, be jokio ypatingai s\u0105moningo nusiteikimo, \u201eavangardo\u201c kompanijoje.\u201c\u00a0Kalb\u0117jo dramaturgas, literat\u016bros istorikas Kostas Ostrauskas (1926\u20132012).\",\"breadcrumb\":{\"@id\":\"https:\/\/skaitytaknyga.lt\/produktas\/kostas-ostrauskas-paskutinis-kvartetas-2\/#breadcrumb\"},\"inLanguage\":\"en-GB\",\"potentialAction\":[{\"@type\":\"ReadAction\",\"target\":[\"https:\/\/skaitytaknyga.lt\/produktas\/kostas-ostrauskas-paskutinis-kvartetas-2\/\"]}]},{\"@type\":\"ImageObject\",\"inLanguage\":\"en-GB\",\"@id\":\"https:\/\/skaitytaknyga.lt\/produktas\/kostas-ostrauskas-paskutinis-kvartetas-2\/#primaryimage\",\"url\":\"https:\/\/skaitytaknyga.lt\/wp-content\/uploads\/2024\/05\/1537798237_paskutinis-kvartetas_z1.jpg\",\"contentUrl\":\"https:\/\/skaitytaknyga.lt\/wp-content\/uploads\/2024\/05\/1537798237_paskutinis-kvartetas_z1.jpg\",\"width\":250,\"height\":349},{\"@type\":\"BreadcrumbList\",\"@id\":\"https:\/\/skaitytaknyga.lt\/produktas\/kostas-ostrauskas-paskutinis-kvartetas-2\/#breadcrumb\",\"itemListElement\":[{\"@type\":\"ListItem\",\"position\":1,\"name\":\"Home\",\"item\":\"https:\/\/skaitytaknyga.lt\/\"},{\"@type\":\"ListItem\",\"position\":2,\"name\":\"Parduotuv\u0117\",\"item\":\"https:\/\/skaitytaknyga.lt\/knygu-parduotuve\/\"},{\"@type\":\"ListItem\",\"position\":3,\"name\":\"Kostas Ostrauskas \u201ePaskutinis kvartetas\u201c\"}]},{\"@type\":\"WebSite\",\"@id\":\"https:\/\/skaitytaknyga.lt\/#website\",\"url\":\"https:\/\/skaitytaknyga.lt\/\",\"name\":\"skaitytaknyga.lt\",\"description\":\"Skaitytaknyga.lt \u2013 tai ma\u017eas \u0161eimos verslas, kuris prasid\u0117jo nuo meil\u0117s knygoms ir siekio i\u0161gelb\u0117ti knygas nuo likimo prie konteinerio. Kas vienam nereikalingas daiktas \u2013 kitam lobis, o mes esame tarpininkai, kurie padeda abiems tapti laimingesniems ???? \u017dinome kaip nelengva i\u0161gyventi ma\u017eiems verslams, tad nuo \u0161iol, \u010dia rasite ir kit\u0173, ma\u017e\u0173 \u0161eim\u0173 versl\u0173, rank\u0173 darbo, dovan\u0173 sau ir artimiesiems.\",\"publisher\":{\"@id\":\"https:\/\/skaitytaknyga.lt\/#organization\"},\"potentialAction\":[{\"@type\":\"SearchAction\",\"target\":{\"@type\":\"EntryPoint\",\"urlTemplate\":\"https:\/\/skaitytaknyga.lt\/?s={search_term_string}\"},\"query-input\":{\"@type\":\"PropertyValueSpecification\",\"valueRequired\":true,\"valueName\":\"search_term_string\"}}],\"inLanguage\":\"en-GB\"},{\"@type\":\"Organization\",\"@id\":\"https:\/\/skaitytaknyga.lt\/#organization\",\"name\":\"skaitytaknyga.lt\",\"url\":\"https:\/\/skaitytaknyga.lt\/\",\"logo\":{\"@type\":\"ImageObject\",\"inLanguage\":\"en-GB\",\"@id\":\"https:\/\/skaitytaknyga.lt\/#\/schema\/logo\/image\/\",\"url\":\"https:\/\/skaitytaknyga.lt\/wp-content\/uploads\/2024\/05\/cropped-cropped-cropped-02_00843_jt3bggkj1j3HLc7SyY6rEUpg.jpeg\",\"contentUrl\":\"https:\/\/skaitytaknyga.lt\/wp-content\/uploads\/2024\/05\/cropped-cropped-cropped-02_00843_jt3bggkj1j3HLc7SyY6rEUpg.jpeg\",\"width\":1600,\"height\":1600,\"caption\":\"skaitytaknyga.lt\"},\"image\":{\"@id\":\"https:\/\/skaitytaknyga.lt\/#\/schema\/logo\/image\/\"},\"sameAs\":[\"https:\/\/www.facebook.com\/skaitytaknyga\/\"]}]}<\/script>\n<!-- \/ Yoast SEO plugin. -->","yoast_head_json":{"title":"Kostas Ostrauskas \u201ePaskutinis kvartetas\u201c - Skaitytaknyga","description":"\u201eTaip viskas susiklost\u0117, kad jau pa\u010dioje prad\u017eioje trauk\u0117 teatras. Vos gimnazistas b\u0117giojau \u012f Kauno teatr\u0105, smaksojau \u201egaliorkoje\u201c ir rijau spektaklius \u2013 dramas ir operas. Netrukus net me\u010diau gimnazij\u0105, \u012fstojau \u012f Jaunimo teatr\u0105, lankiau dramos studij\u0105, ver\u017eiausi \u012f aktoryst\u0119, ta\u010diau tuoj pat tuo \u0161i\u0161u persirgau ir, u\u017euot prad\u0117j\u0119s eil\u0117ra\u0161\u010diais (sakoma, tas ne gimnazistas, kurs eili\u0173 nera\u0161o), pats puoliau \u201ekurti\u201c dramos \u201eveikalus\u201c. Ilgainiui, jau Vokietijoje, supratau, jog mane kur kas labiau domina ne, pavyzd\u017eiui, Binkio \u201eAt\u017ealynas\u201c, bet jo \u201eGeneralin\u0117 repeticija\u201c, o u\u017egriebiant platesniu mastu, \u201ear\u010diau d\u016b\u0161ios\u201c ne Ibsenas, bet neva \u0161iek tiek \u201ekvanktel\u0117j\u0119s\u201c Strindbergas. Na, o atsid\u016br\u0119s Amerikoje \u201esumodern\u0117jau\u201c. Taip ir atsiradau, be jokio ypatingai s\u0105moningo nusiteikimo, \u201eavangardo\u201c kompanijoje.\u201c\u00a0Kalb\u0117jo dramaturgas, literat\u016bros istorikas Kostas Ostrauskas (1926\u20132012).","robots":{"index":"index","follow":"follow","max-snippet":"max-snippet:-1","max-image-preview":"max-image-preview:large","max-video-preview":"max-video-preview:-1"},"canonical":"https:\/\/skaitytaknyga.lt\/en\/produktas\/kostas-ostrauskas-paskutinis-kvartetas-2\/","og_locale":"en_GB","og_type":"article","og_title":"Kostas Ostrauskas \u201ePaskutinis kvartetas\u201c - Skaitytaknyga","og_description":"\u201eTaip viskas susiklost\u0117, kad jau pa\u010dioje prad\u017eioje trauk\u0117 teatras. Vos gimnazistas b\u0117giojau \u012f Kauno teatr\u0105, smaksojau \u201egaliorkoje\u201c ir rijau spektaklius \u2013 dramas ir operas. Netrukus net me\u010diau gimnazij\u0105, \u012fstojau \u012f Jaunimo teatr\u0105, lankiau dramos studij\u0105, ver\u017eiausi \u012f aktoryst\u0119, ta\u010diau tuoj pat tuo \u0161i\u0161u persirgau ir, u\u017euot prad\u0117j\u0119s eil\u0117ra\u0161\u010diais (sakoma, tas ne gimnazistas, kurs eili\u0173 nera\u0161o), pats puoliau \u201ekurti\u201c dramos \u201eveikalus\u201c. Ilgainiui, jau Vokietijoje, supratau, jog mane kur kas labiau domina ne, pavyzd\u017eiui, Binkio \u201eAt\u017ealynas\u201c, bet jo \u201eGeneralin\u0117 repeticija\u201c, o u\u017egriebiant platesniu mastu, \u201ear\u010diau d\u016b\u0161ios\u201c ne Ibsenas, bet neva \u0161iek tiek \u201ekvanktel\u0117j\u0119s\u201c Strindbergas. Na, o atsid\u016br\u0119s Amerikoje \u201esumodern\u0117jau\u201c. Taip ir atsiradau, be jokio ypatingai s\u0105moningo nusiteikimo, \u201eavangardo\u201c kompanijoje.\u201c\u00a0Kalb\u0117jo dramaturgas, literat\u016bros istorikas Kostas Ostrauskas (1926\u20132012).","og_url":"https:\/\/skaitytaknyga.lt\/en\/produktas\/kostas-ostrauskas-paskutinis-kvartetas-2\/","og_site_name":"Skaitytaknyga","article_publisher":"https:\/\/www.facebook.com\/skaitytaknyga\/","article_modified_time":"2024-05-04T14:52:34+00:00","og_image":[{"width":250,"height":349,"url":"https:\/\/skaitytaknyga.lt\/wp-content\/uploads\/2024\/05\/1537798237_paskutinis-kvartetas_z1.jpg","type":"image\/jpeg"}],"twitter_card":"summary_large_image","twitter_misc":{"Estimated reading time":"1 minute"},"schema":{"@context":"https:\/\/schema.org","@graph":[{"@type":"WebPage","@id":"https:\/\/skaitytaknyga.lt\/produktas\/kostas-ostrauskas-paskutinis-kvartetas-2\/","url":"https:\/\/skaitytaknyga.lt\/produktas\/kostas-ostrauskas-paskutinis-kvartetas-2\/","name":"Kostas Ostrauskas \u201ePaskutinis kvartetas\u201c - Skaitytaknyga","isPartOf":{"@id":"https:\/\/skaitytaknyga.lt\/#website"},"primaryImageOfPage":{"@id":"https:\/\/skaitytaknyga.lt\/produktas\/kostas-ostrauskas-paskutinis-kvartetas-2\/#primaryimage"},"image":{"@id":"https:\/\/skaitytaknyga.lt\/produktas\/kostas-ostrauskas-paskutinis-kvartetas-2\/#primaryimage"},"thumbnailUrl":"https:\/\/skaitytaknyga.lt\/wp-content\/uploads\/2024\/05\/1537798237_paskutinis-kvartetas_z1.jpg","datePublished":"2024-05-04T14:52:18+00:00","dateModified":"2024-05-04T14:52:34+00:00","description":"\u201eTaip viskas susiklost\u0117, kad jau pa\u010dioje prad\u017eioje trauk\u0117 teatras. Vos gimnazistas b\u0117giojau \u012f Kauno teatr\u0105, smaksojau \u201egaliorkoje\u201c ir rijau spektaklius \u2013 dramas ir operas. Netrukus net me\u010diau gimnazij\u0105, \u012fstojau \u012f Jaunimo teatr\u0105, lankiau dramos studij\u0105, ver\u017eiausi \u012f aktoryst\u0119, ta\u010diau tuoj pat tuo \u0161i\u0161u persirgau ir, u\u017euot prad\u0117j\u0119s eil\u0117ra\u0161\u010diais (sakoma, tas ne gimnazistas, kurs eili\u0173 nera\u0161o), pats puoliau \u201ekurti\u201c dramos \u201eveikalus\u201c. Ilgainiui, jau Vokietijoje, supratau, jog mane kur kas labiau domina ne, pavyzd\u017eiui, Binkio \u201eAt\u017ealynas\u201c, bet jo \u201eGeneralin\u0117 repeticija\u201c, o u\u017egriebiant platesniu mastu, \u201ear\u010diau d\u016b\u0161ios\u201c ne Ibsenas, bet neva \u0161iek tiek \u201ekvanktel\u0117j\u0119s\u201c Strindbergas. Na, o atsid\u016br\u0119s Amerikoje \u201esumodern\u0117jau\u201c. Taip ir atsiradau, be jokio ypatingai s\u0105moningo nusiteikimo, \u201eavangardo\u201c kompanijoje.\u201c\u00a0Kalb\u0117jo dramaturgas, literat\u016bros istorikas Kostas Ostrauskas (1926\u20132012).","breadcrumb":{"@id":"https:\/\/skaitytaknyga.lt\/produktas\/kostas-ostrauskas-paskutinis-kvartetas-2\/#breadcrumb"},"inLanguage":"en-GB","potentialAction":[{"@type":"ReadAction","target":["https:\/\/skaitytaknyga.lt\/produktas\/kostas-ostrauskas-paskutinis-kvartetas-2\/"]}]},{"@type":"ImageObject","inLanguage":"en-GB","@id":"https:\/\/skaitytaknyga.lt\/produktas\/kostas-ostrauskas-paskutinis-kvartetas-2\/#primaryimage","url":"https:\/\/skaitytaknyga.lt\/wp-content\/uploads\/2024\/05\/1537798237_paskutinis-kvartetas_z1.jpg","contentUrl":"https:\/\/skaitytaknyga.lt\/wp-content\/uploads\/2024\/05\/1537798237_paskutinis-kvartetas_z1.jpg","width":250,"height":349},{"@type":"BreadcrumbList","@id":"https:\/\/skaitytaknyga.lt\/produktas\/kostas-ostrauskas-paskutinis-kvartetas-2\/#breadcrumb","itemListElement":[{"@type":"ListItem","position":1,"name":"Home","item":"https:\/\/skaitytaknyga.lt\/"},{"@type":"ListItem","position":2,"name":"Parduotuv\u0117","item":"https:\/\/skaitytaknyga.lt\/knygu-parduotuve\/"},{"@type":"ListItem","position":3,"name":"Kostas Ostrauskas \u201ePaskutinis kvartetas\u201c"}]},{"@type":"WebSite","@id":"https:\/\/skaitytaknyga.lt\/#website","url":"https:\/\/skaitytaknyga.lt\/","name":"skaitytaknyga.lt","description":"Skaitytaknyga.lt \u2013 tai ma\u017eas \u0161eimos verslas, kuris prasid\u0117jo nuo meil\u0117s knygoms ir siekio i\u0161gelb\u0117ti knygas nuo likimo prie konteinerio. Kas vienam nereikalingas daiktas \u2013 kitam lobis, o mes esame tarpininkai, kurie padeda abiems tapti laimingesniems ???? \u017dinome kaip nelengva i\u0161gyventi ma\u017eiems verslams, tad nuo \u0161iol, \u010dia rasite ir kit\u0173, ma\u017e\u0173 \u0161eim\u0173 versl\u0173, rank\u0173 darbo, dovan\u0173 sau ir artimiesiems.","publisher":{"@id":"https:\/\/skaitytaknyga.lt\/#organization"},"potentialAction":[{"@type":"SearchAction","target":{"@type":"EntryPoint","urlTemplate":"https:\/\/skaitytaknyga.lt\/?s={search_term_string}"},"query-input":{"@type":"PropertyValueSpecification","valueRequired":true,"valueName":"search_term_string"}}],"inLanguage":"en-GB"},{"@type":"Organization","@id":"https:\/\/skaitytaknyga.lt\/#organization","name":"skaitytaknyga.lt","url":"https:\/\/skaitytaknyga.lt\/","logo":{"@type":"ImageObject","inLanguage":"en-GB","@id":"https:\/\/skaitytaknyga.lt\/#\/schema\/logo\/image\/","url":"https:\/\/skaitytaknyga.lt\/wp-content\/uploads\/2024\/05\/cropped-cropped-cropped-02_00843_jt3bggkj1j3HLc7SyY6rEUpg.jpeg","contentUrl":"https:\/\/skaitytaknyga.lt\/wp-content\/uploads\/2024\/05\/cropped-cropped-cropped-02_00843_jt3bggkj1j3HLc7SyY6rEUpg.jpeg","width":1600,"height":1600,"caption":"skaitytaknyga.lt"},"image":{"@id":"https:\/\/skaitytaknyga.lt\/#\/schema\/logo\/image\/"},"sameAs":["https:\/\/www.facebook.com\/skaitytaknyga\/"]}]}},"_links":{"self":[{"href":"https:\/\/skaitytaknyga.lt\/en\/wp-json\/wp\/v2\/product\/8838","targetHints":{"allow":["GET"]}}],"collection":[{"href":"https:\/\/skaitytaknyga.lt\/en\/wp-json\/wp\/v2\/product"}],"about":[{"href":"https:\/\/skaitytaknyga.lt\/en\/wp-json\/wp\/v2\/types\/product"}],"replies":[{"embeddable":true,"href":"https:\/\/skaitytaknyga.lt\/en\/wp-json\/wp\/v2\/comments?post=8838"}],"wp:featuredmedia":[{"embeddable":true,"href":"https:\/\/skaitytaknyga.lt\/en\/wp-json\/wp\/v2\/media\/5609"}],"wp:attachment":[{"href":"https:\/\/skaitytaknyga.lt\/en\/wp-json\/wp\/v2\/media?parent=8838"}],"wp:term":[{"taxonomy":"product_brand","embeddable":true,"href":"https:\/\/skaitytaknyga.lt\/en\/wp-json\/wp\/v2\/product_brand?post=8838"},{"taxonomy":"product_cat","embeddable":true,"href":"https:\/\/skaitytaknyga.lt\/en\/wp-json\/wp\/v2\/product_cat?post=8838"},{"taxonomy":"product_tag","embeddable":true,"href":"https:\/\/skaitytaknyga.lt\/en\/wp-json\/wp\/v2\/product_tag?post=8838"}],"curies":[{"name":"wp","href":"https:\/\/api.w.org\/{rel}","templated":true}]}}