{"id":8830,"date":"2024-05-04T14:52:18","date_gmt":"2024-05-04T14:52:18","guid":{"rendered":"https:\/\/skaitytaknyga.lt\/?post_type=product&#038;p=8830"},"modified":"2024-05-04T14:52:26","modified_gmt":"2024-05-04T14:52:26","slug":"graham-greene-keliones-su-teta-pagelte-lapai-2","status":"publish","type":"product","link":"https:\/\/skaitytaknyga.lt\/en\/produktas\/graham-greene-keliones-su-teta-pagelte-lapai-2\/","title":{"rendered":"Graham Greene \u201eKelion\u0117s su teta\u201c (Pagelt\u0119 lapai)"},"content":{"rendered":"<p>Komi\u0161ko romano \u201eKelion\u0117s su teta&#8221; veik\u0117jas ponas Henris Palingas \u2013 \u012f pensij\u0105 i\u0161\u0117j\u0119s banko tarnautojas \u2013 motinos laidotuv\u0117se sutinka tet\u0105 August\u0105, kurios nemat\u0117 bema\u017e penkiasde\u0161imt met\u0173. Ekscentri\u0161ka tetul\u0117 \u012fkalba apsn\u016bdusiame didmies\u010dio priemiestyje jurginus auginant\u012f giminait\u012f leistis \u012f kelion\u0119 po Braiton\u0105, Pary\u017ei\u0173, Stambul\u0105 ir net Paragvaj\u0173. Visai netik\u0117tai Henriui atsiveria nusikaltim\u0173, slapt\u0173j\u0173 tarnyb\u0173 ir bet kokias ribas \u012fveikian\u010dios rizikos pasaulis.<\/p>\n<p>Romane \u201eKelion\u0117s su teta&#8221; keliamas klausimas, k\u0105 gyvenime ver\u010diau pasirinkti \u2013 \u012fprast\u0105 rutin\u0105 ar leistis \u012f nenusp\u0117jamus nuotykius, lau\u017eyti \u012fstatymus ir rizikuoti gyvybe, o gal k\u0105 kita&#8230; Taikliomis psichologin\u0117mis detal\u0117mis atskleid\u017eiamos veik\u0117j\u0173 silpnyb\u0117s, per komi\u0161k\u0105 kiaut\u0105 matyti j\u0173 pa\u017eeid\u017eiamumas ir begalin\u0117 aistra gyventi.<\/p>\n<p>Angl\u0173 prozininkas, dramaturgas ir literat\u016bros kritikas Grahamas Greene&#8217;as sud\u0117lioja 8 de\u0161imtme\u010dio prad\u017eios pasaulio vaizd\u0105, o mes tegalime steb\u0117tis, kaip akivaizd\u017eiai jis skiriasi nuo m\u016bs\u0173 dien\u0173.<\/p>\n","protected":false},"excerpt":{"rendered":"<p>Komi\u0161ko romano \u201eKelion\u0117s su teta&#8221; veik\u0117jas ponas Henris Palingas \u2013 \u012f pensij\u0105 i\u0161\u0117j\u0119s banko tarnautojas \u2013 motinos laidotuv\u0117se sutinka tet\u0105 August\u0105, kurios nemat\u0117 bema\u017e penkiasde\u0161imt met\u0173. Ekscentri\u0161ka tetul\u0117 \u012fkalba apsn\u016bdusiame didmies\u010dio priemiestyje jurginus auginant\u012f giminait\u012f leistis \u012f kelion\u0119 po Braiton\u0105, Pary\u017ei\u0173, Stambul\u0105 ir net Paragvaj\u0173. Visai netik\u0117tai Henriui atsiveria nusikaltim\u0173, slapt\u0173j\u0173 tarnyb\u0173 ir bet kokias ribas \u012fveikian\u010dios rizikos pasaulis.<\/p>\n<p>Romane \u201eKelion\u0117s su teta&#8221; keliamas klausimas, k\u0105 gyvenime ver\u010diau pasirinkti \u2013 \u012fprast\u0105 rutin\u0105 ar leistis \u012f nenusp\u0117jamus nuotykius, lau\u017eyti \u012fstatymus ir rizikuoti gyvybe, o gal k\u0105 kita&#8230; Taikliomis psichologin\u0117mis detal\u0117mis atskleid\u017eiamos veik\u0117j\u0173 silpnyb\u0117s, per komi\u0161k\u0105 kiaut\u0105 matyti j\u0173 pa\u017eeid\u017eiamumas ir begalin\u0117 aistra gyventi.<\/p>\n<p>Angl\u0173 prozininkas, dramaturgas ir literat\u016bros kritikas Grahamas Greene&#8217;as sud\u0117lioja 8 de\u0161imtme\u010dio prad\u017eios pasaulio vaizd\u0105, o mes tegalime steb\u0117tis, kaip akivaizd\u017eiai jis skiriasi nuo m\u016bs\u0173 dien\u0173.<\/p>\n","protected":false},"featured_media":5596,"comment_status":"closed","ping_status":"closed","template":"","meta":{"_acf_changed":false,"site-sidebar-layout":"default","site-content-layout":"","ast-site-content-layout":"default","site-content-style":"default","site-sidebar-style":"default","ast-global-header-display":"","ast-banner-title-visibility":"","ast-main-header-display":"","ast-hfb-above-header-display":"","ast-hfb-below-header-display":"","ast-hfb-mobile-header-display":"","site-post-title":"","ast-breadcrumbs-content":"","ast-featured-img":"","footer-sml-layout":"","ast-disable-related-posts":"","theme-transparent-header-meta":"","adv-header-id-meta":"","stick-header-meta":"","header-above-stick-meta":"","header-main-stick-meta":"","header-below-stick-meta":"","astra-migrate-meta-layouts":"default","ast-page-background-enabled":"default","ast-page-background-meta":{"desktop":{"background-color":"","background-image":"","background-repeat":"repeat","background-position":"center center","background-size":"auto","background-attachment":"scroll","background-type":"","background-media":"","overlay-type":"","overlay-color":"","overlay-opacity":"","overlay-gradient":""},"tablet":{"background-color":"","background-image":"","background-repeat":"repeat","background-position":"center center","background-size":"auto","background-attachment":"scroll","background-type":"","background-media":"","overlay-type":"","overlay-color":"","overlay-opacity":"","overlay-gradient":""},"mobile":{"background-color":"","background-image":"","background-repeat":"repeat","background-position":"center center","background-size":"auto","background-attachment":"scroll","background-type":"","background-media":"","overlay-type":"","overlay-color":"","overlay-opacity":"","overlay-gradient":""}},"ast-content-background-meta":{"desktop":{"background-color":"var(--ast-global-color-4)","background-image":"","background-repeat":"repeat","background-position":"center center","background-size":"auto","background-attachment":"scroll","background-type":"","background-media":"","overlay-type":"","overlay-color":"","overlay-opacity":"","overlay-gradient":""},"tablet":{"background-color":"var(--ast-global-color-4)","background-image":"","background-repeat":"repeat","background-position":"center center","background-size":"auto","background-attachment":"scroll","background-type":"","background-media":"","overlay-type":"","overlay-color":"","overlay-opacity":"","overlay-gradient":""},"mobile":{"background-color":"var(--ast-global-color-4)","background-image":"","background-repeat":"repeat","background-position":"center center","background-size":"auto","background-attachment":"scroll","background-type":"","background-media":"","overlay-type":"","overlay-color":"","overlay-opacity":"","overlay-gradient":""}}},"product_brand":[],"product_cat":[31],"product_tag":[],"class_list":{"0":"post-8830","1":"product","2":"type-product","3":"status-publish","4":"has-post-thumbnail","6":"product_cat-grozine-literatura","7":"pa_leidimo-metai-626","8":"desktop-align-left","9":"tablet-align-left","10":"mobile-align-left","12":"first","13":"instock","14":"shipping-taxable","15":"purchasable","16":"product-type-simple"},"acf":[],"yoast_head":"<!-- This site is optimized with the Yoast SEO plugin v27.0 - https:\/\/yoast.com\/product\/yoast-seo-wordpress\/ -->\n<title>Graham Greene \u201eKelion\u0117s su teta\u201c (Pagelt\u0119 lapai) - Skaitytaknyga<\/title>\n<meta name=\"description\" content=\"Komi\u0161ko romano \u201eKelion\u0117s su teta&quot; veik\u0117jas ponas Henris Palingas \u2013 \u012f pensij\u0105 i\u0161\u0117j\u0119s banko tarnautojas \u2013 motinos laidotuv\u0117se sutinka tet\u0105 August\u0105, kurios nemat\u0117 bema\u017e penkiasde\u0161imt met\u0173. Ekscentri\u0161ka tetul\u0117 \u012fkalba apsn\u016bdusiame didmies\u010dio priemiestyje jurginus auginant\u012f giminait\u012f leistis \u012f kelion\u0119 po Braiton\u0105, Pary\u017ei\u0173, Stambul\u0105 ir net Paragvaj\u0173. Visai netik\u0117tai Henriui atsiveria nusikaltim\u0173, slapt\u0173j\u0173 tarnyb\u0173 ir bet kokias ribas \u012fveikian\u010dios rizikos pasaulis.  Romane \u201eKelion\u0117s su teta&quot; keliamas klausimas, k\u0105 gyvenime ver\u010diau pasirinkti \u2013 \u012fprast\u0105 rutin\u0105 ar leistis \u012f nenusp\u0117jamus nuotykius, lau\u017eyti \u012fstatymus ir rizikuoti gyvybe, o gal k\u0105 kita... Taikliomis psichologin\u0117mis detal\u0117mis atskleid\u017eiamos veik\u0117j\u0173 silpnyb\u0117s, per komi\u0161k\u0105 kiaut\u0105 matyti j\u0173 pa\u017eeid\u017eiamumas ir begalin\u0117 aistra gyventi.  Angl\u0173 prozininkas, dramaturgas ir literat\u016bros kritikas Grahamas Greene&#039;as sud\u0117lioja 8 de\u0161imtme\u010dio prad\u017eios pasaulio vaizd\u0105, o mes tegalime steb\u0117tis, kaip akivaizd\u017eiai jis skiriasi nuo m\u016bs\u0173 dien\u0173.\" \/>\n<meta name=\"robots\" content=\"index, follow, max-snippet:-1, max-image-preview:large, max-video-preview:-1\" \/>\n<link rel=\"canonical\" href=\"https:\/\/skaitytaknyga.lt\/en\/produktas\/graham-greene-keliones-su-teta-pagelte-lapai-2\/\" \/>\n<meta property=\"og:locale\" content=\"en_GB\" \/>\n<meta property=\"og:locale:alternate\" content=\"lt_LT\" \/>\n<meta property=\"og:type\" content=\"article\" \/>\n<meta property=\"og:title\" content=\"Graham Greene \u201eKelion\u0117s su teta\u201c (Pagelt\u0119 lapai) - Skaitytaknyga\" \/>\n<meta property=\"og:description\" content=\"Komi\u0161ko romano \u201eKelion\u0117s su teta&quot; veik\u0117jas ponas Henris Palingas \u2013 \u012f pensij\u0105 i\u0161\u0117j\u0119s banko tarnautojas \u2013 motinos laidotuv\u0117se sutinka tet\u0105 August\u0105, kurios nemat\u0117 bema\u017e penkiasde\u0161imt met\u0173. Ekscentri\u0161ka tetul\u0117 \u012fkalba apsn\u016bdusiame didmies\u010dio priemiestyje jurginus auginant\u012f giminait\u012f leistis \u012f kelion\u0119 po Braiton\u0105, Pary\u017ei\u0173, Stambul\u0105 ir net Paragvaj\u0173. Visai netik\u0117tai Henriui atsiveria nusikaltim\u0173, slapt\u0173j\u0173 tarnyb\u0173 ir bet kokias ribas \u012fveikian\u010dios rizikos pasaulis.  Romane \u201eKelion\u0117s su teta&quot; keliamas klausimas, k\u0105 gyvenime ver\u010diau pasirinkti \u2013 \u012fprast\u0105 rutin\u0105 ar leistis \u012f nenusp\u0117jamus nuotykius, lau\u017eyti \u012fstatymus ir rizikuoti gyvybe, o gal k\u0105 kita... Taikliomis psichologin\u0117mis detal\u0117mis atskleid\u017eiamos veik\u0117j\u0173 silpnyb\u0117s, per komi\u0161k\u0105 kiaut\u0105 matyti j\u0173 pa\u017eeid\u017eiamumas ir begalin\u0117 aistra gyventi.  Angl\u0173 prozininkas, dramaturgas ir literat\u016bros kritikas Grahamas Greene&#039;as sud\u0117lioja 8 de\u0161imtme\u010dio prad\u017eios pasaulio vaizd\u0105, o mes tegalime steb\u0117tis, kaip akivaizd\u017eiai jis skiriasi nuo m\u016bs\u0173 dien\u0173.\" \/>\n<meta property=\"og:url\" content=\"https:\/\/skaitytaknyga.lt\/en\/produktas\/graham-greene-keliones-su-teta-pagelte-lapai-2\/\" \/>\n<meta property=\"og:site_name\" content=\"Skaitytaknyga\" \/>\n<meta property=\"article:publisher\" content=\"https:\/\/www.facebook.com\/skaitytaknyga\/\" \/>\n<meta property=\"article:modified_time\" content=\"2024-05-04T14:52:26+00:00\" \/>\n<meta property=\"og:image\" content=\"https:\/\/skaitytaknyga.lt\/wp-content\/uploads\/2024\/05\/1462891010_kelione-su-tetule-1.jpg\" \/>\n\t<meta property=\"og:image:width\" content=\"287\" \/>\n\t<meta property=\"og:image:height\" content=\"430\" \/>\n\t<meta property=\"og:image:type\" content=\"image\/jpeg\" \/>\n<meta name=\"twitter:card\" content=\"summary_large_image\" \/>\n<meta name=\"twitter:label1\" content=\"Estimated reading time\" \/>\n\t<meta name=\"twitter:data1\" content=\"1 minute\" \/>\n<script type=\"application\/ld+json\" class=\"yoast-schema-graph\">{\"@context\":\"https:\/\/schema.org\",\"@graph\":[{\"@type\":\"WebPage\",\"@id\":\"https:\/\/skaitytaknyga.lt\/en\/produktas\/graham-greene-keliones-su-teta-pagelte-lapai-2\/\",\"url\":\"https:\/\/skaitytaknyga.lt\/en\/produktas\/graham-greene-keliones-su-teta-pagelte-lapai-2\/\",\"name\":\"Graham Greene \u201eKelion\u0117s su teta\u201c (Pagelt\u0119 lapai) - Skaitytaknyga\",\"isPartOf\":{\"@id\":\"https:\/\/skaitytaknyga.lt\/#website\"},\"primaryImageOfPage\":{\"@id\":\"https:\/\/skaitytaknyga.lt\/en\/produktas\/graham-greene-keliones-su-teta-pagelte-lapai-2\/#primaryimage\"},\"image\":{\"@id\":\"https:\/\/skaitytaknyga.lt\/en\/produktas\/graham-greene-keliones-su-teta-pagelte-lapai-2\/#primaryimage\"},\"thumbnailUrl\":\"https:\/\/skaitytaknyga.lt\/wp-content\/uploads\/2024\/05\/1462891010_kelione-su-tetule-1.jpg\",\"datePublished\":\"2024-05-04T14:52:18+00:00\",\"dateModified\":\"2024-05-04T14:52:26+00:00\",\"description\":\"Komi\u0161ko romano \u201eKelion\u0117s su teta\\\" veik\u0117jas ponas Henris Palingas \u2013 \u012f pensij\u0105 i\u0161\u0117j\u0119s banko tarnautojas \u2013 motinos laidotuv\u0117se sutinka tet\u0105 August\u0105, kurios nemat\u0117 bema\u017e penkiasde\u0161imt met\u0173. Ekscentri\u0161ka tetul\u0117 \u012fkalba apsn\u016bdusiame didmies\u010dio priemiestyje jurginus auginant\u012f giminait\u012f leistis \u012f kelion\u0119 po Braiton\u0105, Pary\u017ei\u0173, Stambul\u0105 ir net Paragvaj\u0173. Visai netik\u0117tai Henriui atsiveria nusikaltim\u0173, slapt\u0173j\u0173 tarnyb\u0173 ir bet kokias ribas \u012fveikian\u010dios rizikos pasaulis. Romane \u201eKelion\u0117s su teta\\\" keliamas klausimas, k\u0105 gyvenime ver\u010diau pasirinkti \u2013 \u012fprast\u0105 rutin\u0105 ar leistis \u012f nenusp\u0117jamus nuotykius, lau\u017eyti \u012fstatymus ir rizikuoti gyvybe, o gal k\u0105 kita... Taikliomis psichologin\u0117mis detal\u0117mis atskleid\u017eiamos veik\u0117j\u0173 silpnyb\u0117s, per komi\u0161k\u0105 kiaut\u0105 matyti j\u0173 pa\u017eeid\u017eiamumas ir begalin\u0117 aistra gyventi. Angl\u0173 prozininkas, dramaturgas ir literat\u016bros kritikas Grahamas Greene'as sud\u0117lioja 8 de\u0161imtme\u010dio prad\u017eios pasaulio vaizd\u0105, o mes tegalime steb\u0117tis, kaip akivaizd\u017eiai jis skiriasi nuo m\u016bs\u0173 dien\u0173.\",\"breadcrumb\":{\"@id\":\"https:\/\/skaitytaknyga.lt\/en\/produktas\/graham-greene-keliones-su-teta-pagelte-lapai-2\/#breadcrumb\"},\"inLanguage\":\"en-GB\",\"potentialAction\":[{\"@type\":\"ReadAction\",\"target\":[\"https:\/\/skaitytaknyga.lt\/en\/produktas\/graham-greene-keliones-su-teta-pagelte-lapai-2\/\"]}]},{\"@type\":\"ImageObject\",\"inLanguage\":\"en-GB\",\"@id\":\"https:\/\/skaitytaknyga.lt\/en\/produktas\/graham-greene-keliones-su-teta-pagelte-lapai-2\/#primaryimage\",\"url\":\"https:\/\/skaitytaknyga.lt\/wp-content\/uploads\/2024\/05\/1462891010_kelione-su-tetule-1.jpg\",\"contentUrl\":\"https:\/\/skaitytaknyga.lt\/wp-content\/uploads\/2024\/05\/1462891010_kelione-su-tetule-1.jpg\",\"width\":287,\"height\":430},{\"@type\":\"BreadcrumbList\",\"@id\":\"https:\/\/skaitytaknyga.lt\/en\/produktas\/graham-greene-keliones-su-teta-pagelte-lapai-2\/#breadcrumb\",\"itemListElement\":[{\"@type\":\"ListItem\",\"position\":1,\"name\":\"Home\",\"item\":\"https:\/\/skaitytaknyga.lt\/\"},{\"@type\":\"ListItem\",\"position\":2,\"name\":\"Parduotuv\u0117\",\"item\":\"https:\/\/skaitytaknyga.lt\/knygu-parduotuve\/\"},{\"@type\":\"ListItem\",\"position\":3,\"name\":\"Graham Greene \u201eKelion\u0117s su teta\u201c (Pagelt\u0119 lapai)\"}]},{\"@type\":\"WebSite\",\"@id\":\"https:\/\/skaitytaknyga.lt\/#website\",\"url\":\"https:\/\/skaitytaknyga.lt\/\",\"name\":\"skaitytaknyga.lt\",\"description\":\"Skaitytaknyga.lt \u2013 tai ma\u017eas \u0161eimos verslas, kuris prasid\u0117jo nuo meil\u0117s knygoms ir siekio i\u0161gelb\u0117ti knygas nuo likimo prie konteinerio. Kas vienam nereikalingas daiktas \u2013 kitam lobis, o mes esame tarpininkai, kurie padeda abiems tapti laimingesniems ???? \u017dinome kaip nelengva i\u0161gyventi ma\u017eiems verslams, tad nuo \u0161iol, \u010dia rasite ir kit\u0173, ma\u017e\u0173 \u0161eim\u0173 versl\u0173, rank\u0173 darbo, dovan\u0173 sau ir artimiesiems.\",\"publisher\":{\"@id\":\"https:\/\/skaitytaknyga.lt\/#organization\"},\"potentialAction\":[{\"@type\":\"SearchAction\",\"target\":{\"@type\":\"EntryPoint\",\"urlTemplate\":\"https:\/\/skaitytaknyga.lt\/?s={search_term_string}\"},\"query-input\":{\"@type\":\"PropertyValueSpecification\",\"valueRequired\":true,\"valueName\":\"search_term_string\"}}],\"inLanguage\":\"en-GB\"},{\"@type\":\"Organization\",\"@id\":\"https:\/\/skaitytaknyga.lt\/#organization\",\"name\":\"skaitytaknyga.lt\",\"url\":\"https:\/\/skaitytaknyga.lt\/\",\"logo\":{\"@type\":\"ImageObject\",\"inLanguage\":\"en-GB\",\"@id\":\"https:\/\/skaitytaknyga.lt\/#\/schema\/logo\/image\/\",\"url\":\"https:\/\/skaitytaknyga.lt\/wp-content\/uploads\/2024\/05\/cropped-cropped-cropped-02_00843_jt3bggkj1j3HLc7SyY6rEUpg.jpeg\",\"contentUrl\":\"https:\/\/skaitytaknyga.lt\/wp-content\/uploads\/2024\/05\/cropped-cropped-cropped-02_00843_jt3bggkj1j3HLc7SyY6rEUpg.jpeg\",\"width\":1600,\"height\":1600,\"caption\":\"skaitytaknyga.lt\"},\"image\":{\"@id\":\"https:\/\/skaitytaknyga.lt\/#\/schema\/logo\/image\/\"},\"sameAs\":[\"https:\/\/www.facebook.com\/skaitytaknyga\/\"]}]}<\/script>\n<!-- \/ Yoast SEO plugin. -->","yoast_head_json":{"title":"Graham Greene \u201eKelion\u0117s su teta\u201c (Pagelt\u0119 lapai) - Skaitytaknyga","description":"Komi\u0161ko romano \u201eKelion\u0117s su teta\" veik\u0117jas ponas Henris Palingas \u2013 \u012f pensij\u0105 i\u0161\u0117j\u0119s banko tarnautojas \u2013 motinos laidotuv\u0117se sutinka tet\u0105 August\u0105, kurios nemat\u0117 bema\u017e penkiasde\u0161imt met\u0173. Ekscentri\u0161ka tetul\u0117 \u012fkalba apsn\u016bdusiame didmies\u010dio priemiestyje jurginus auginant\u012f giminait\u012f leistis \u012f kelion\u0119 po Braiton\u0105, Pary\u017ei\u0173, Stambul\u0105 ir net Paragvaj\u0173. Visai netik\u0117tai Henriui atsiveria nusikaltim\u0173, slapt\u0173j\u0173 tarnyb\u0173 ir bet kokias ribas \u012fveikian\u010dios rizikos pasaulis.  Romane \u201eKelion\u0117s su teta\" keliamas klausimas, k\u0105 gyvenime ver\u010diau pasirinkti \u2013 \u012fprast\u0105 rutin\u0105 ar leistis \u012f nenusp\u0117jamus nuotykius, lau\u017eyti \u012fstatymus ir rizikuoti gyvybe, o gal k\u0105 kita... Taikliomis psichologin\u0117mis detal\u0117mis atskleid\u017eiamos veik\u0117j\u0173 silpnyb\u0117s, per komi\u0161k\u0105 kiaut\u0105 matyti j\u0173 pa\u017eeid\u017eiamumas ir begalin\u0117 aistra gyventi.  Angl\u0173 prozininkas, dramaturgas ir literat\u016bros kritikas Grahamas Greene'as sud\u0117lioja 8 de\u0161imtme\u010dio prad\u017eios pasaulio vaizd\u0105, o mes tegalime steb\u0117tis, kaip akivaizd\u017eiai jis skiriasi nuo m\u016bs\u0173 dien\u0173.","robots":{"index":"index","follow":"follow","max-snippet":"max-snippet:-1","max-image-preview":"max-image-preview:large","max-video-preview":"max-video-preview:-1"},"canonical":"https:\/\/skaitytaknyga.lt\/en\/produktas\/graham-greene-keliones-su-teta-pagelte-lapai-2\/","og_locale":"en_GB","og_type":"article","og_title":"Graham Greene \u201eKelion\u0117s su teta\u201c (Pagelt\u0119 lapai) - Skaitytaknyga","og_description":"Komi\u0161ko romano \u201eKelion\u0117s su teta\" veik\u0117jas ponas Henris Palingas \u2013 \u012f pensij\u0105 i\u0161\u0117j\u0119s banko tarnautojas \u2013 motinos laidotuv\u0117se sutinka tet\u0105 August\u0105, kurios nemat\u0117 bema\u017e penkiasde\u0161imt met\u0173. Ekscentri\u0161ka tetul\u0117 \u012fkalba apsn\u016bdusiame didmies\u010dio priemiestyje jurginus auginant\u012f giminait\u012f leistis \u012f kelion\u0119 po Braiton\u0105, Pary\u017ei\u0173, Stambul\u0105 ir net Paragvaj\u0173. Visai netik\u0117tai Henriui atsiveria nusikaltim\u0173, slapt\u0173j\u0173 tarnyb\u0173 ir bet kokias ribas \u012fveikian\u010dios rizikos pasaulis.  Romane \u201eKelion\u0117s su teta\" keliamas klausimas, k\u0105 gyvenime ver\u010diau pasirinkti \u2013 \u012fprast\u0105 rutin\u0105 ar leistis \u012f nenusp\u0117jamus nuotykius, lau\u017eyti \u012fstatymus ir rizikuoti gyvybe, o gal k\u0105 kita... Taikliomis psichologin\u0117mis detal\u0117mis atskleid\u017eiamos veik\u0117j\u0173 silpnyb\u0117s, per komi\u0161k\u0105 kiaut\u0105 matyti j\u0173 pa\u017eeid\u017eiamumas ir begalin\u0117 aistra gyventi.  Angl\u0173 prozininkas, dramaturgas ir literat\u016bros kritikas Grahamas Greene'as sud\u0117lioja 8 de\u0161imtme\u010dio prad\u017eios pasaulio vaizd\u0105, o mes tegalime steb\u0117tis, kaip akivaizd\u017eiai jis skiriasi nuo m\u016bs\u0173 dien\u0173.","og_url":"https:\/\/skaitytaknyga.lt\/en\/produktas\/graham-greene-keliones-su-teta-pagelte-lapai-2\/","og_site_name":"Skaitytaknyga","article_publisher":"https:\/\/www.facebook.com\/skaitytaknyga\/","article_modified_time":"2024-05-04T14:52:26+00:00","og_image":[{"width":287,"height":430,"url":"https:\/\/skaitytaknyga.lt\/wp-content\/uploads\/2024\/05\/1462891010_kelione-su-tetule-1.jpg","type":"image\/jpeg"}],"twitter_card":"summary_large_image","twitter_misc":{"Estimated reading time":"1 minute"},"schema":{"@context":"https:\/\/schema.org","@graph":[{"@type":"WebPage","@id":"https:\/\/skaitytaknyga.lt\/en\/produktas\/graham-greene-keliones-su-teta-pagelte-lapai-2\/","url":"https:\/\/skaitytaknyga.lt\/en\/produktas\/graham-greene-keliones-su-teta-pagelte-lapai-2\/","name":"Graham Greene \u201eKelion\u0117s su teta\u201c (Pagelt\u0119 lapai) - Skaitytaknyga","isPartOf":{"@id":"https:\/\/skaitytaknyga.lt\/#website"},"primaryImageOfPage":{"@id":"https:\/\/skaitytaknyga.lt\/en\/produktas\/graham-greene-keliones-su-teta-pagelte-lapai-2\/#primaryimage"},"image":{"@id":"https:\/\/skaitytaknyga.lt\/en\/produktas\/graham-greene-keliones-su-teta-pagelte-lapai-2\/#primaryimage"},"thumbnailUrl":"https:\/\/skaitytaknyga.lt\/wp-content\/uploads\/2024\/05\/1462891010_kelione-su-tetule-1.jpg","datePublished":"2024-05-04T14:52:18+00:00","dateModified":"2024-05-04T14:52:26+00:00","description":"Komi\u0161ko romano \u201eKelion\u0117s su teta\" veik\u0117jas ponas Henris Palingas \u2013 \u012f pensij\u0105 i\u0161\u0117j\u0119s banko tarnautojas \u2013 motinos laidotuv\u0117se sutinka tet\u0105 August\u0105, kurios nemat\u0117 bema\u017e penkiasde\u0161imt met\u0173. Ekscentri\u0161ka tetul\u0117 \u012fkalba apsn\u016bdusiame didmies\u010dio priemiestyje jurginus auginant\u012f giminait\u012f leistis \u012f kelion\u0119 po Braiton\u0105, Pary\u017ei\u0173, Stambul\u0105 ir net Paragvaj\u0173. Visai netik\u0117tai Henriui atsiveria nusikaltim\u0173, slapt\u0173j\u0173 tarnyb\u0173 ir bet kokias ribas \u012fveikian\u010dios rizikos pasaulis. Romane \u201eKelion\u0117s su teta\" keliamas klausimas, k\u0105 gyvenime ver\u010diau pasirinkti \u2013 \u012fprast\u0105 rutin\u0105 ar leistis \u012f nenusp\u0117jamus nuotykius, lau\u017eyti \u012fstatymus ir rizikuoti gyvybe, o gal k\u0105 kita... Taikliomis psichologin\u0117mis detal\u0117mis atskleid\u017eiamos veik\u0117j\u0173 silpnyb\u0117s, per komi\u0161k\u0105 kiaut\u0105 matyti j\u0173 pa\u017eeid\u017eiamumas ir begalin\u0117 aistra gyventi. Angl\u0173 prozininkas, dramaturgas ir literat\u016bros kritikas Grahamas Greene'as sud\u0117lioja 8 de\u0161imtme\u010dio prad\u017eios pasaulio vaizd\u0105, o mes tegalime steb\u0117tis, kaip akivaizd\u017eiai jis skiriasi nuo m\u016bs\u0173 dien\u0173.","breadcrumb":{"@id":"https:\/\/skaitytaknyga.lt\/en\/produktas\/graham-greene-keliones-su-teta-pagelte-lapai-2\/#breadcrumb"},"inLanguage":"en-GB","potentialAction":[{"@type":"ReadAction","target":["https:\/\/skaitytaknyga.lt\/en\/produktas\/graham-greene-keliones-su-teta-pagelte-lapai-2\/"]}]},{"@type":"ImageObject","inLanguage":"en-GB","@id":"https:\/\/skaitytaknyga.lt\/en\/produktas\/graham-greene-keliones-su-teta-pagelte-lapai-2\/#primaryimage","url":"https:\/\/skaitytaknyga.lt\/wp-content\/uploads\/2024\/05\/1462891010_kelione-su-tetule-1.jpg","contentUrl":"https:\/\/skaitytaknyga.lt\/wp-content\/uploads\/2024\/05\/1462891010_kelione-su-tetule-1.jpg","width":287,"height":430},{"@type":"BreadcrumbList","@id":"https:\/\/skaitytaknyga.lt\/en\/produktas\/graham-greene-keliones-su-teta-pagelte-lapai-2\/#breadcrumb","itemListElement":[{"@type":"ListItem","position":1,"name":"Home","item":"https:\/\/skaitytaknyga.lt\/"},{"@type":"ListItem","position":2,"name":"Parduotuv\u0117","item":"https:\/\/skaitytaknyga.lt\/knygu-parduotuve\/"},{"@type":"ListItem","position":3,"name":"Graham Greene \u201eKelion\u0117s su teta\u201c (Pagelt\u0119 lapai)"}]},{"@type":"WebSite","@id":"https:\/\/skaitytaknyga.lt\/#website","url":"https:\/\/skaitytaknyga.lt\/","name":"skaitytaknyga.lt","description":"Skaitytaknyga.lt \u2013 tai ma\u017eas \u0161eimos verslas, kuris prasid\u0117jo nuo meil\u0117s knygoms ir siekio i\u0161gelb\u0117ti knygas nuo likimo prie konteinerio. Kas vienam nereikalingas daiktas \u2013 kitam lobis, o mes esame tarpininkai, kurie padeda abiems tapti laimingesniems ???? \u017dinome kaip nelengva i\u0161gyventi ma\u017eiems verslams, tad nuo \u0161iol, \u010dia rasite ir kit\u0173, ma\u017e\u0173 \u0161eim\u0173 versl\u0173, rank\u0173 darbo, dovan\u0173 sau ir artimiesiems.","publisher":{"@id":"https:\/\/skaitytaknyga.lt\/#organization"},"potentialAction":[{"@type":"SearchAction","target":{"@type":"EntryPoint","urlTemplate":"https:\/\/skaitytaknyga.lt\/?s={search_term_string}"},"query-input":{"@type":"PropertyValueSpecification","valueRequired":true,"valueName":"search_term_string"}}],"inLanguage":"en-GB"},{"@type":"Organization","@id":"https:\/\/skaitytaknyga.lt\/#organization","name":"skaitytaknyga.lt","url":"https:\/\/skaitytaknyga.lt\/","logo":{"@type":"ImageObject","inLanguage":"en-GB","@id":"https:\/\/skaitytaknyga.lt\/#\/schema\/logo\/image\/","url":"https:\/\/skaitytaknyga.lt\/wp-content\/uploads\/2024\/05\/cropped-cropped-cropped-02_00843_jt3bggkj1j3HLc7SyY6rEUpg.jpeg","contentUrl":"https:\/\/skaitytaknyga.lt\/wp-content\/uploads\/2024\/05\/cropped-cropped-cropped-02_00843_jt3bggkj1j3HLc7SyY6rEUpg.jpeg","width":1600,"height":1600,"caption":"skaitytaknyga.lt"},"image":{"@id":"https:\/\/skaitytaknyga.lt\/#\/schema\/logo\/image\/"},"sameAs":["https:\/\/www.facebook.com\/skaitytaknyga\/"]}]}},"_links":{"self":[{"href":"https:\/\/skaitytaknyga.lt\/en\/wp-json\/wp\/v2\/product\/8830","targetHints":{"allow":["GET"]}}],"collection":[{"href":"https:\/\/skaitytaknyga.lt\/en\/wp-json\/wp\/v2\/product"}],"about":[{"href":"https:\/\/skaitytaknyga.lt\/en\/wp-json\/wp\/v2\/types\/product"}],"replies":[{"embeddable":true,"href":"https:\/\/skaitytaknyga.lt\/en\/wp-json\/wp\/v2\/comments?post=8830"}],"wp:featuredmedia":[{"embeddable":true,"href":"https:\/\/skaitytaknyga.lt\/en\/wp-json\/wp\/v2\/media\/5596"}],"wp:attachment":[{"href":"https:\/\/skaitytaknyga.lt\/en\/wp-json\/wp\/v2\/media?parent=8830"}],"wp:term":[{"taxonomy":"product_brand","embeddable":true,"href":"https:\/\/skaitytaknyga.lt\/en\/wp-json\/wp\/v2\/product_brand?post=8830"},{"taxonomy":"product_cat","embeddable":true,"href":"https:\/\/skaitytaknyga.lt\/en\/wp-json\/wp\/v2\/product_cat?post=8830"},{"taxonomy":"product_tag","embeddable":true,"href":"https:\/\/skaitytaknyga.lt\/en\/wp-json\/wp\/v2\/product_tag?post=8830"}],"curies":[{"name":"wp","href":"https:\/\/api.w.org\/{rel}","templated":true}]}}