{"id":8827,"date":"2024-05-04T14:52:18","date_gmt":"2024-05-04T14:52:18","guid":{"rendered":"https:\/\/skaitytaknyga.lt\/?post_type=product&#038;p=8827"},"modified":"2025-05-12T22:18:26","modified_gmt":"2025-05-12T19:18:26","slug":"nutyletas","status":"publish","type":"product","link":"https:\/\/skaitytaknyga.lt\/en\/produktas\/nutyletas\/","title":{"rendered":"Nutyl\u0117tas"},"content":{"rendered":"<p>Gotlando saloje \u017eiema. Dingsta keturiolikmet\u0117 Fan\u0117 \u2013 vieni\u0161a paaugl\u0117, neturinti draug\u0173 ir laisvalaik\u012f leid\u017eianti vietin\u0117se arklid\u0117se su \u017eirgais. Ar mergait\u0117s dingimas gali b\u016bti susij\u0119s su neseniai Gotlando centre \u012fvykdyta \u017emog\u017eudyste? Prasig\u0117r\u0119s fotografas Henris aptiktas permirk\u0119s krauju su did\u017eiule skyle galvoje i\u0161kart po to, kai \u017eirg\u0173 lenktyn\u0117se laim\u0117jo apvali\u0105 sum\u0105. Inspektorius Knutas ir jo komanda link\u0119 manyti, kad vyras nu\u017eudytas d\u0117l pinig\u0173. Tirti nusikaltim\u0105 padeda jau kart\u0105 su Knutu dirb\u0119s \u0160vedijos televizijos \u017eurnalistas Johanas Bergas, kur\u012f \u012f sal\u0105 atved\u0117 ne tik \u017eurnalistinis smalsumas, bet ir meil\u0117..<\/p>\n","protected":false},"excerpt":{"rendered":"<p>J. K. Rowling kvie\u010dia jus leistis \u012f nuotykius dar mums nereg\u0117toje magijos pasaulio eroje&#8230;<\/p>\n<p>Mokslininkas, burtininkas, fantastini\u0173 gyv\u016bn\u0173 tyrin\u0117tojas ir globotojas Njutas Miglap\u016btys k\u0105 tik apkeliavo vis\u0105 pasaul\u012f, ie\u0161kodamas re\u010diausi\u0173 ir keis\u010diausi\u0173 magi\u0161k\u0173 gyv\u016bn\u0173. Atvyk\u0119s \u012f Niujork\u0105, ilgai u\u017esib\u016bti neketino. Ta\u010diau stebuklingas Njuto lagaminas su gyv\u016bnais patenka \u012f svetimas rankas ir jie i\u0161silaksto po miest\u0105. Njutas supranta, kad reikia kuo grei\u010diau juos surasti, kitaip bus b\u0117d\u0173&#8230;<\/p>\n<p><b>\u201eFantastiniai gyv\u016bnai ir kur juos rasti\u201c<\/b>\u00a0\u2013 debiutinis skaitytoj\u0173 pam\u0117gt\u0173 knyg\u0173 apie Har\u012f Poter\u012f autor\u0117s scenarijus. Pagal j\u012f pastatytas filmas, kuriame Njuto Miglap\u016b\u010dio vaidmen\u012f atlieka Oskaro laureatas Edis Redmeinas (Eddie Redmayne). Tai pasaki\u0161ka nuotyki\u0173 istorija, nutikusi penkiasde\u0161imt met\u0173 anks\u010diau, nei gim\u0117 Haris \u2013 istorija apie burtininkus, draugyst\u0119, magij\u0105 ir siaubing\u0105 chaos\u0105.<\/p>\n","protected":false},"featured_media":18250,"comment_status":"closed","ping_status":"closed","template":"","meta":{"_acf_changed":false,"site-sidebar-layout":"default","site-content-layout":"","ast-site-content-layout":"default","site-content-style":"default","site-sidebar-style":"default","ast-global-header-display":"","ast-banner-title-visibility":"","ast-main-header-display":"","ast-hfb-above-header-display":"","ast-hfb-below-header-display":"","ast-hfb-mobile-header-display":"","site-post-title":"","ast-breadcrumbs-content":"","ast-featured-img":"","footer-sml-layout":"","ast-disable-related-posts":"","theme-transparent-header-meta":"","adv-header-id-meta":"","stick-header-meta":"","header-above-stick-meta":"","header-main-stick-meta":"","header-below-stick-meta":"","astra-migrate-meta-layouts":"default","ast-page-background-enabled":"default","ast-page-background-meta":{"desktop":{"background-color":"","background-image":"","background-repeat":"repeat","background-position":"center center","background-size":"auto","background-attachment":"scroll","background-type":"","background-media":"","overlay-type":"","overlay-color":"","overlay-opacity":"","overlay-gradient":""},"tablet":{"background-color":"","background-image":"","background-repeat":"repeat","background-position":"center center","background-size":"auto","background-attachment":"scroll","background-type":"","background-media":"","overlay-type":"","overlay-color":"","overlay-opacity":"","overlay-gradient":""},"mobile":{"background-color":"","background-image":"","background-repeat":"repeat","background-position":"center center","background-size":"auto","background-attachment":"scroll","background-type":"","background-media":"","overlay-type":"","overlay-color":"","overlay-opacity":"","overlay-gradient":""}},"ast-content-background-meta":{"desktop":{"background-color":"var(--ast-global-color-4)","background-image":"","background-repeat":"repeat","background-position":"center center","background-size":"auto","background-attachment":"scroll","background-type":"","background-media":"","overlay-type":"","overlay-color":"","overlay-opacity":"","overlay-gradient":""},"tablet":{"background-color":"var(--ast-global-color-4)","background-image":"","background-repeat":"repeat","background-position":"center center","background-size":"auto","background-attachment":"scroll","background-type":"","background-media":"","overlay-type":"","overlay-color":"","overlay-opacity":"","overlay-gradient":""},"mobile":{"background-color":"var(--ast-global-color-4)","background-image":"","background-repeat":"repeat","background-position":"center center","background-size":"auto","background-attachment":"scroll","background-type":"","background-media":"","overlay-type":"","overlay-color":"","overlay-opacity":"","overlay-gradient":""}}},"product_brand":[],"product_cat":[31,35],"product_tag":[1476,1769,1588,1767,1768,1771,1587,1770,1772],"class_list":{"0":"post-8827","1":"product","2":"type-product","3":"status-publish","4":"has-post-thumbnail","6":"product_cat-grozine-literatura","7":"product_cat-vaikams-ir-paaugliams","8":"product_tag-detektyvas","9":"product_tag-gotlandas","10":"product_tag-kriminalinis-romanas","11":"product_tag-mari-jungstedt","12":"product_tag-nutyletas","13":"product_tag-paaugliu-dingimas","14":"product_tag-trileris","15":"product_tag-ziema","16":"product_tag-zmogzudyste","17":"desktop-align-left","18":"tablet-align-left","19":"mobile-align-left","21":"first","22":"outofstock","23":"shipping-taxable","24":"purchasable","25":"product-type-simple"},"acf":[],"yoast_head":"<!-- This site is optimized with the Yoast SEO plugin v27.0 - https:\/\/yoast.com\/product\/yoast-seo-wordpress\/ -->\n<title>Nutyl\u0117tas<\/title>\n<meta name=\"description\" content=\"J. K. Rowling kvie\u010dia jus leistis \u012f nuotykius dar mums nereg\u0117toje magijos pasaulio eroje...  Mokslininkas, burtininkas, fantastini\u0173 gyv\u016bn\u0173 tyrin\u0117tojas ir globotojas Njutas Miglap\u016btys k\u0105 tik apkeliavo vis\u0105 pasaul\u012f, ie\u0161kodamas re\u010diausi\u0173 ir keis\u010diausi\u0173 magi\u0161k\u0173 gyv\u016bn\u0173. Atvyk\u0119s \u012f Niujork\u0105, ilgai u\u017esib\u016bti neketino. Ta\u010diau stebuklingas Njuto lagaminas su gyv\u016bnais patenka \u012f svetimas rankas ir jie i\u0161silaksto po miest\u0105. Njutas supranta, kad reikia kuo grei\u010diau juos surasti, kitaip bus b\u0117d\u0173...  \u201eFantastiniai gyv\u016bnai ir kur juos rasti\u201c\u00a0\u2013 debiutinis skaitytoj\u0173 pam\u0117gt\u0173 knyg\u0173 apie Har\u012f Poter\u012f autor\u0117s scenarijus. Pagal j\u012f pastatytas filmas, kuriame Njuto Miglap\u016b\u010dio vaidmen\u012f atlieka Oskaro laureatas Edis Redmeinas (Eddie Redmayne). Tai pasaki\u0161ka nuotyki\u0173 istorija, nutikusi penkiasde\u0161imt met\u0173 anks\u010diau, nei gim\u0117 Haris \u2013 istorija apie burtininkus, draugyst\u0119, magij\u0105 ir siaubing\u0105 chaos\u0105.\" \/>\n<meta name=\"robots\" content=\"index, follow, max-snippet:-1, max-image-preview:large, max-video-preview:-1\" \/>\n<link rel=\"canonical\" href=\"https:\/\/skaitytaknyga.lt\/en\/produktas\/nutyletas\/\" \/>\n<meta property=\"og:locale\" content=\"en_GB\" \/>\n<meta property=\"og:locale:alternate\" content=\"lt_LT\" \/>\n<meta property=\"og:type\" content=\"article\" \/>\n<meta property=\"og:title\" content=\"Nutyl\u0117tas\" \/>\n<meta property=\"og:description\" content=\"J. K. Rowling kvie\u010dia jus leistis \u012f nuotykius dar mums nereg\u0117toje magijos pasaulio eroje...  Mokslininkas, burtininkas, fantastini\u0173 gyv\u016bn\u0173 tyrin\u0117tojas ir globotojas Njutas Miglap\u016btys k\u0105 tik apkeliavo vis\u0105 pasaul\u012f, ie\u0161kodamas re\u010diausi\u0173 ir keis\u010diausi\u0173 magi\u0161k\u0173 gyv\u016bn\u0173. Atvyk\u0119s \u012f Niujork\u0105, ilgai u\u017esib\u016bti neketino. Ta\u010diau stebuklingas Njuto lagaminas su gyv\u016bnais patenka \u012f svetimas rankas ir jie i\u0161silaksto po miest\u0105. Njutas supranta, kad reikia kuo grei\u010diau juos surasti, kitaip bus b\u0117d\u0173...  \u201eFantastiniai gyv\u016bnai ir kur juos rasti\u201c\u00a0\u2013 debiutinis skaitytoj\u0173 pam\u0117gt\u0173 knyg\u0173 apie Har\u012f Poter\u012f autor\u0117s scenarijus. Pagal j\u012f pastatytas filmas, kuriame Njuto Miglap\u016b\u010dio vaidmen\u012f atlieka Oskaro laureatas Edis Redmeinas (Eddie Redmayne). Tai pasaki\u0161ka nuotyki\u0173 istorija, nutikusi penkiasde\u0161imt met\u0173 anks\u010diau, nei gim\u0117 Haris \u2013 istorija apie burtininkus, draugyst\u0119, magij\u0105 ir siaubing\u0105 chaos\u0105.\" \/>\n<meta property=\"og:url\" content=\"https:\/\/skaitytaknyga.lt\/en\/produktas\/nutyletas\/\" \/>\n<meta property=\"og:site_name\" content=\"Skaitytaknyga\" \/>\n<meta property=\"article:publisher\" content=\"https:\/\/www.facebook.com\/skaitytaknyga\/\" \/>\n<meta property=\"article:modified_time\" content=\"2025-05-12T19:18:26+00:00\" \/>\n<meta property=\"og:image\" content=\"https:\/\/skaitytaknyga.lt\/wp-content\/uploads\/2025\/05\/Nutyletas.webp\" \/>\n\t<meta property=\"og:image:width\" content=\"535\" \/>\n\t<meta property=\"og:image:height\" content=\"801\" \/>\n\t<meta property=\"og:image:type\" content=\"image\/webp\" \/>\n<meta name=\"twitter:card\" content=\"summary_large_image\" \/>\n<meta name=\"twitter:label1\" content=\"Estimated reading time\" \/>\n\t<meta name=\"twitter:data1\" content=\"1 minute\" \/>\n<script type=\"application\/ld+json\" class=\"yoast-schema-graph\">{\"@context\":\"https:\/\/schema.org\",\"@graph\":[{\"@type\":\"WebPage\",\"@id\":\"https:\/\/skaitytaknyga.lt\/produktas\/nutyletas\/\",\"url\":\"https:\/\/skaitytaknyga.lt\/produktas\/nutyletas\/\",\"name\":\"Nutyl\u0117tas\",\"isPartOf\":{\"@id\":\"https:\/\/skaitytaknyga.lt\/#website\"},\"primaryImageOfPage\":{\"@id\":\"https:\/\/skaitytaknyga.lt\/produktas\/nutyletas\/#primaryimage\"},\"image\":{\"@id\":\"https:\/\/skaitytaknyga.lt\/produktas\/nutyletas\/#primaryimage\"},\"thumbnailUrl\":\"https:\/\/skaitytaknyga.lt\/wp-content\/uploads\/2025\/05\/Nutyletas.webp\",\"datePublished\":\"2024-05-04T14:52:18+00:00\",\"dateModified\":\"2025-05-12T19:18:26+00:00\",\"description\":\"J. K. Rowling kvie\u010dia jus leistis \u012f nuotykius dar mums nereg\u0117toje magijos pasaulio eroje... Mokslininkas, burtininkas, fantastini\u0173 gyv\u016bn\u0173 tyrin\u0117tojas ir globotojas Njutas Miglap\u016btys k\u0105 tik apkeliavo vis\u0105 pasaul\u012f, ie\u0161kodamas re\u010diausi\u0173 ir keis\u010diausi\u0173 magi\u0161k\u0173 gyv\u016bn\u0173. Atvyk\u0119s \u012f Niujork\u0105, ilgai u\u017esib\u016bti neketino. Ta\u010diau stebuklingas Njuto lagaminas su gyv\u016bnais patenka \u012f svetimas rankas ir jie i\u0161silaksto po miest\u0105. Njutas supranta, kad reikia kuo grei\u010diau juos surasti, kitaip bus b\u0117d\u0173... \u201eFantastiniai gyv\u016bnai ir kur juos rasti\u201c\u00a0\u2013 debiutinis skaitytoj\u0173 pam\u0117gt\u0173 knyg\u0173 apie Har\u012f Poter\u012f autor\u0117s scenarijus. Pagal j\u012f pastatytas filmas, kuriame Njuto Miglap\u016b\u010dio vaidmen\u012f atlieka Oskaro laureatas Edis Redmeinas (Eddie Redmayne). Tai pasaki\u0161ka nuotyki\u0173 istorija, nutikusi penkiasde\u0161imt met\u0173 anks\u010diau, nei gim\u0117 Haris \u2013 istorija apie burtininkus, draugyst\u0119, magij\u0105 ir siaubing\u0105 chaos\u0105.\",\"breadcrumb\":{\"@id\":\"https:\/\/skaitytaknyga.lt\/produktas\/nutyletas\/#breadcrumb\"},\"inLanguage\":\"en-GB\",\"potentialAction\":[{\"@type\":\"ReadAction\",\"target\":[\"https:\/\/skaitytaknyga.lt\/produktas\/nutyletas\/\"]}]},{\"@type\":\"ImageObject\",\"inLanguage\":\"en-GB\",\"@id\":\"https:\/\/skaitytaknyga.lt\/produktas\/nutyletas\/#primaryimage\",\"url\":\"https:\/\/skaitytaknyga.lt\/wp-content\/uploads\/2025\/05\/Nutyletas.webp\",\"contentUrl\":\"https:\/\/skaitytaknyga.lt\/wp-content\/uploads\/2025\/05\/Nutyletas.webp\",\"width\":535,\"height\":801},{\"@type\":\"BreadcrumbList\",\"@id\":\"https:\/\/skaitytaknyga.lt\/produktas\/nutyletas\/#breadcrumb\",\"itemListElement\":[{\"@type\":\"ListItem\",\"position\":1,\"name\":\"Home\",\"item\":\"https:\/\/skaitytaknyga.lt\/\"},{\"@type\":\"ListItem\",\"position\":2,\"name\":\"Parduotuv\u0117\",\"item\":\"https:\/\/skaitytaknyga.lt\/knygu-parduotuve\/\"},{\"@type\":\"ListItem\",\"position\":3,\"name\":\"Nutyl\u0117tas\"}]},{\"@type\":\"WebSite\",\"@id\":\"https:\/\/skaitytaknyga.lt\/#website\",\"url\":\"https:\/\/skaitytaknyga.lt\/\",\"name\":\"skaitytaknyga.lt\",\"description\":\"Skaitytaknyga.lt \u2013 tai ma\u017eas \u0161eimos verslas, kuris prasid\u0117jo nuo meil\u0117s knygoms ir siekio i\u0161gelb\u0117ti knygas nuo likimo prie konteinerio. Kas vienam nereikalingas daiktas \u2013 kitam lobis, o mes esame tarpininkai, kurie padeda abiems tapti laimingesniems ???? \u017dinome kaip nelengva i\u0161gyventi ma\u017eiems verslams, tad nuo \u0161iol, \u010dia rasite ir kit\u0173, ma\u017e\u0173 \u0161eim\u0173 versl\u0173, rank\u0173 darbo, dovan\u0173 sau ir artimiesiems.\",\"publisher\":{\"@id\":\"https:\/\/skaitytaknyga.lt\/#organization\"},\"potentialAction\":[{\"@type\":\"SearchAction\",\"target\":{\"@type\":\"EntryPoint\",\"urlTemplate\":\"https:\/\/skaitytaknyga.lt\/?s={search_term_string}\"},\"query-input\":{\"@type\":\"PropertyValueSpecification\",\"valueRequired\":true,\"valueName\":\"search_term_string\"}}],\"inLanguage\":\"en-GB\"},{\"@type\":\"Organization\",\"@id\":\"https:\/\/skaitytaknyga.lt\/#organization\",\"name\":\"skaitytaknyga.lt\",\"url\":\"https:\/\/skaitytaknyga.lt\/\",\"logo\":{\"@type\":\"ImageObject\",\"inLanguage\":\"en-GB\",\"@id\":\"https:\/\/skaitytaknyga.lt\/#\/schema\/logo\/image\/\",\"url\":\"https:\/\/skaitytaknyga.lt\/wp-content\/uploads\/2024\/05\/cropped-cropped-cropped-02_00843_jt3bggkj1j3HLc7SyY6rEUpg.jpeg\",\"contentUrl\":\"https:\/\/skaitytaknyga.lt\/wp-content\/uploads\/2024\/05\/cropped-cropped-cropped-02_00843_jt3bggkj1j3HLc7SyY6rEUpg.jpeg\",\"width\":1600,\"height\":1600,\"caption\":\"skaitytaknyga.lt\"},\"image\":{\"@id\":\"https:\/\/skaitytaknyga.lt\/#\/schema\/logo\/image\/\"},\"sameAs\":[\"https:\/\/www.facebook.com\/skaitytaknyga\/\"]}]}<\/script>\n<!-- \/ Yoast SEO plugin. -->","yoast_head_json":{"title":"Nutyl\u0117tas","description":"J. K. Rowling kvie\u010dia jus leistis \u012f nuotykius dar mums nereg\u0117toje magijos pasaulio eroje...  Mokslininkas, burtininkas, fantastini\u0173 gyv\u016bn\u0173 tyrin\u0117tojas ir globotojas Njutas Miglap\u016btys k\u0105 tik apkeliavo vis\u0105 pasaul\u012f, ie\u0161kodamas re\u010diausi\u0173 ir keis\u010diausi\u0173 magi\u0161k\u0173 gyv\u016bn\u0173. Atvyk\u0119s \u012f Niujork\u0105, ilgai u\u017esib\u016bti neketino. Ta\u010diau stebuklingas Njuto lagaminas su gyv\u016bnais patenka \u012f svetimas rankas ir jie i\u0161silaksto po miest\u0105. Njutas supranta, kad reikia kuo grei\u010diau juos surasti, kitaip bus b\u0117d\u0173...  \u201eFantastiniai gyv\u016bnai ir kur juos rasti\u201c\u00a0\u2013 debiutinis skaitytoj\u0173 pam\u0117gt\u0173 knyg\u0173 apie Har\u012f Poter\u012f autor\u0117s scenarijus. Pagal j\u012f pastatytas filmas, kuriame Njuto Miglap\u016b\u010dio vaidmen\u012f atlieka Oskaro laureatas Edis Redmeinas (Eddie Redmayne). Tai pasaki\u0161ka nuotyki\u0173 istorija, nutikusi penkiasde\u0161imt met\u0173 anks\u010diau, nei gim\u0117 Haris \u2013 istorija apie burtininkus, draugyst\u0119, magij\u0105 ir siaubing\u0105 chaos\u0105.","robots":{"index":"index","follow":"follow","max-snippet":"max-snippet:-1","max-image-preview":"max-image-preview:large","max-video-preview":"max-video-preview:-1"},"canonical":"https:\/\/skaitytaknyga.lt\/en\/produktas\/nutyletas\/","og_locale":"en_GB","og_type":"article","og_title":"[:lt]Nutyl\u0117tas[:] - Skaitytaknyga","og_description":"J. K. Rowling kvie\u010dia jus leistis \u012f nuotykius dar mums nereg\u0117toje magijos pasaulio eroje...  Mokslininkas, burtininkas, fantastini\u0173 gyv\u016bn\u0173 tyrin\u0117tojas ir globotojas Njutas Miglap\u016btys k\u0105 tik apkeliavo vis\u0105 pasaul\u012f, ie\u0161kodamas re\u010diausi\u0173 ir keis\u010diausi\u0173 magi\u0161k\u0173 gyv\u016bn\u0173. Atvyk\u0119s \u012f Niujork\u0105, ilgai u\u017esib\u016bti neketino. Ta\u010diau stebuklingas Njuto lagaminas su gyv\u016bnais patenka \u012f svetimas rankas ir jie i\u0161silaksto po miest\u0105. Njutas supranta, kad reikia kuo grei\u010diau juos surasti, kitaip bus b\u0117d\u0173...  \u201eFantastiniai gyv\u016bnai ir kur juos rasti\u201c\u00a0\u2013 debiutinis skaitytoj\u0173 pam\u0117gt\u0173 knyg\u0173 apie Har\u012f Poter\u012f autor\u0117s scenarijus. Pagal j\u012f pastatytas filmas, kuriame Njuto Miglap\u016b\u010dio vaidmen\u012f atlieka Oskaro laureatas Edis Redmeinas (Eddie Redmayne). Tai pasaki\u0161ka nuotyki\u0173 istorija, nutikusi penkiasde\u0161imt met\u0173 anks\u010diau, nei gim\u0117 Haris \u2013 istorija apie burtininkus, draugyst\u0119, magij\u0105 ir siaubing\u0105 chaos\u0105.","og_url":"https:\/\/skaitytaknyga.lt\/en\/produktas\/nutyletas\/","og_site_name":"Skaitytaknyga","article_publisher":"https:\/\/www.facebook.com\/skaitytaknyga\/","article_modified_time":"2025-05-12T19:18:26+00:00","og_image":[{"width":535,"height":801,"url":"https:\/\/skaitytaknyga.lt\/wp-content\/uploads\/2025\/05\/Nutyletas.webp","type":"image\/webp"}],"twitter_card":"summary_large_image","twitter_misc":{"Estimated reading time":"1 minute"},"schema":{"@context":"https:\/\/schema.org","@graph":[{"@type":"WebPage","@id":"https:\/\/skaitytaknyga.lt\/produktas\/nutyletas\/","url":"https:\/\/skaitytaknyga.lt\/produktas\/nutyletas\/","name":"Nutyl\u0117tas","isPartOf":{"@id":"https:\/\/skaitytaknyga.lt\/#website"},"primaryImageOfPage":{"@id":"https:\/\/skaitytaknyga.lt\/produktas\/nutyletas\/#primaryimage"},"image":{"@id":"https:\/\/skaitytaknyga.lt\/produktas\/nutyletas\/#primaryimage"},"thumbnailUrl":"https:\/\/skaitytaknyga.lt\/wp-content\/uploads\/2025\/05\/Nutyletas.webp","datePublished":"2024-05-04T14:52:18+00:00","dateModified":"2025-05-12T19:18:26+00:00","description":"J. K. Rowling kvie\u010dia jus leistis \u012f nuotykius dar mums nereg\u0117toje magijos pasaulio eroje... Mokslininkas, burtininkas, fantastini\u0173 gyv\u016bn\u0173 tyrin\u0117tojas ir globotojas Njutas Miglap\u016btys k\u0105 tik apkeliavo vis\u0105 pasaul\u012f, ie\u0161kodamas re\u010diausi\u0173 ir keis\u010diausi\u0173 magi\u0161k\u0173 gyv\u016bn\u0173. Atvyk\u0119s \u012f Niujork\u0105, ilgai u\u017esib\u016bti neketino. Ta\u010diau stebuklingas Njuto lagaminas su gyv\u016bnais patenka \u012f svetimas rankas ir jie i\u0161silaksto po miest\u0105. Njutas supranta, kad reikia kuo grei\u010diau juos surasti, kitaip bus b\u0117d\u0173... \u201eFantastiniai gyv\u016bnai ir kur juos rasti\u201c\u00a0\u2013 debiutinis skaitytoj\u0173 pam\u0117gt\u0173 knyg\u0173 apie Har\u012f Poter\u012f autor\u0117s scenarijus. Pagal j\u012f pastatytas filmas, kuriame Njuto Miglap\u016b\u010dio vaidmen\u012f atlieka Oskaro laureatas Edis Redmeinas (Eddie Redmayne). Tai pasaki\u0161ka nuotyki\u0173 istorija, nutikusi penkiasde\u0161imt met\u0173 anks\u010diau, nei gim\u0117 Haris \u2013 istorija apie burtininkus, draugyst\u0119, magij\u0105 ir siaubing\u0105 chaos\u0105.","breadcrumb":{"@id":"https:\/\/skaitytaknyga.lt\/produktas\/nutyletas\/#breadcrumb"},"inLanguage":"en-GB","potentialAction":[{"@type":"ReadAction","target":["https:\/\/skaitytaknyga.lt\/produktas\/nutyletas\/"]}]},{"@type":"ImageObject","inLanguage":"en-GB","@id":"https:\/\/skaitytaknyga.lt\/produktas\/nutyletas\/#primaryimage","url":"https:\/\/skaitytaknyga.lt\/wp-content\/uploads\/2025\/05\/Nutyletas.webp","contentUrl":"https:\/\/skaitytaknyga.lt\/wp-content\/uploads\/2025\/05\/Nutyletas.webp","width":535,"height":801},{"@type":"BreadcrumbList","@id":"https:\/\/skaitytaknyga.lt\/produktas\/nutyletas\/#breadcrumb","itemListElement":[{"@type":"ListItem","position":1,"name":"Home","item":"https:\/\/skaitytaknyga.lt\/"},{"@type":"ListItem","position":2,"name":"Parduotuv\u0117","item":"https:\/\/skaitytaknyga.lt\/knygu-parduotuve\/"},{"@type":"ListItem","position":3,"name":"Nutyl\u0117tas"}]},{"@type":"WebSite","@id":"https:\/\/skaitytaknyga.lt\/#website","url":"https:\/\/skaitytaknyga.lt\/","name":"skaitytaknyga.lt","description":"Skaitytaknyga.lt \u2013 tai ma\u017eas \u0161eimos verslas, kuris prasid\u0117jo nuo meil\u0117s knygoms ir siekio i\u0161gelb\u0117ti knygas nuo likimo prie konteinerio. Kas vienam nereikalingas daiktas \u2013 kitam lobis, o mes esame tarpininkai, kurie padeda abiems tapti laimingesniems ???? \u017dinome kaip nelengva i\u0161gyventi ma\u017eiems verslams, tad nuo \u0161iol, \u010dia rasite ir kit\u0173, ma\u017e\u0173 \u0161eim\u0173 versl\u0173, rank\u0173 darbo, dovan\u0173 sau ir artimiesiems.","publisher":{"@id":"https:\/\/skaitytaknyga.lt\/#organization"},"potentialAction":[{"@type":"SearchAction","target":{"@type":"EntryPoint","urlTemplate":"https:\/\/skaitytaknyga.lt\/?s={search_term_string}"},"query-input":{"@type":"PropertyValueSpecification","valueRequired":true,"valueName":"search_term_string"}}],"inLanguage":"en-GB"},{"@type":"Organization","@id":"https:\/\/skaitytaknyga.lt\/#organization","name":"skaitytaknyga.lt","url":"https:\/\/skaitytaknyga.lt\/","logo":{"@type":"ImageObject","inLanguage":"en-GB","@id":"https:\/\/skaitytaknyga.lt\/#\/schema\/logo\/image\/","url":"https:\/\/skaitytaknyga.lt\/wp-content\/uploads\/2024\/05\/cropped-cropped-cropped-02_00843_jt3bggkj1j3HLc7SyY6rEUpg.jpeg","contentUrl":"https:\/\/skaitytaknyga.lt\/wp-content\/uploads\/2024\/05\/cropped-cropped-cropped-02_00843_jt3bggkj1j3HLc7SyY6rEUpg.jpeg","width":1600,"height":1600,"caption":"skaitytaknyga.lt"},"image":{"@id":"https:\/\/skaitytaknyga.lt\/#\/schema\/logo\/image\/"},"sameAs":["https:\/\/www.facebook.com\/skaitytaknyga\/"]}]}},"_links":{"self":[{"href":"https:\/\/skaitytaknyga.lt\/en\/wp-json\/wp\/v2\/product\/8827","targetHints":{"allow":["GET"]}}],"collection":[{"href":"https:\/\/skaitytaknyga.lt\/en\/wp-json\/wp\/v2\/product"}],"about":[{"href":"https:\/\/skaitytaknyga.lt\/en\/wp-json\/wp\/v2\/types\/product"}],"replies":[{"embeddable":true,"href":"https:\/\/skaitytaknyga.lt\/en\/wp-json\/wp\/v2\/comments?post=8827"}],"wp:featuredmedia":[{"embeddable":true,"href":"https:\/\/skaitytaknyga.lt\/en\/wp-json\/wp\/v2\/media\/18250"}],"wp:attachment":[{"href":"https:\/\/skaitytaknyga.lt\/en\/wp-json\/wp\/v2\/media?parent=8827"}],"wp:term":[{"taxonomy":"product_brand","embeddable":true,"href":"https:\/\/skaitytaknyga.lt\/en\/wp-json\/wp\/v2\/product_brand?post=8827"},{"taxonomy":"product_cat","embeddable":true,"href":"https:\/\/skaitytaknyga.lt\/en\/wp-json\/wp\/v2\/product_cat?post=8827"},{"taxonomy":"product_tag","embeddable":true,"href":"https:\/\/skaitytaknyga.lt\/en\/wp-json\/wp\/v2\/product_tag?post=8827"}],"curies":[{"name":"wp","href":"https:\/\/api.w.org\/{rel}","templated":true}]}}