{"id":8821,"date":"2024-05-04T14:51:56","date_gmt":"2024-05-04T14:51:56","guid":{"rendered":"https:\/\/skaitytaknyga.lt\/?post_type=product&#038;p=8821"},"modified":"2025-01-14T14:07:27","modified_gmt":"2025-01-14T12:07:27","slug":"william-somerset-maugham-aistru-nasta-2","status":"publish","type":"product","link":"https:\/\/skaitytaknyga.lt\/en\/produktas\/william-somerset-maugham-aistru-nasta-2\/","title":{"rendered":"William Somerset Maugham \u201eAistr\u0173 na\u0161ta\u201c"},"content":{"rendered":"<div>Tai vienas reik\u0161mingiausi\u0173 ir populiariausi\u0173 W. S. Maughamo k\u016brini\u0173, pats autobiografi\u0161kiausias ra\u0161ytojo romanas. Pagrindinis knygos veik\u0117jas \u2013 Filipas Keris. W. S. Maughamas seka jo gyvenim\u0105 nuo pat vaikyst\u0117s iki studij\u0173 laik\u0173. Likimas Filipui vien\u0105 po kito siun\u010dia i\u0161bandymus: ankstyv\u0105 t\u0117v\u0173 mirt\u012f ir li\u016bdn\u0105 vaikyst\u0119, sunkumus siekiant tapti dailininku, meil\u0117s abejotinos reputacijos moteriai kan\u010dias. Ta\u010diau jaunuolis nenuleid\u017eia rank\u0173 ir atkakliai ie\u0161ko savo pa\u0161aukimo ir gyvenimo prasm\u0117s.<\/div>\n<div>Ar pavyks Filipui nugal\u0117ti visas kli\u016btis, rasti savo gyvenimo keli\u0105, pasiekti laim\u0119 ir \u012fgyvendinti svajones?<\/div>\n<div>Knyga nuo pat pirm\u0173j\u0173 puslapi\u0173 prikausto d\u0117mes\u012f ir atmintyje palieka i\u0161tis\u0105 galerij\u0105 nepaprastai ry\u0161ki\u0173, \u012fdomi\u0173 ir tikrovi\u0161k\u0173 portret\u0173.<\/div>\n","protected":false},"excerpt":{"rendered":"<div>Tai vienas reik\u0161mingiausi\u0173 ir populiariausi\u0173 W. S. Maughamo k\u016brini\u0173, pats autobiografi\u0161kiausias ra\u0161ytojo romanas. Pagrindinis knygos veik\u0117jas \u2013 Filipas Keris. W. S. Maughamas seka jo gyvenim\u0105 nuo pat vaikyst\u0117s iki studij\u0173 laik\u0173. Likimas Filipui vien\u0105 po kito siun\u010dia i\u0161bandymus: ankstyv\u0105 t\u0117v\u0173 mirt\u012f ir li\u016bdn\u0105 vaikyst\u0119, sunkumus siekiant tapti dailininku, meil\u0117s abejotinos reputacijos moteriai kan\u010dias. Ta\u010diau jaunuolis nenuleid\u017eia rank\u0173 ir atkakliai ie\u0161ko savo pa\u0161aukimo ir gyvenimo prasm\u0117s.<\/div>\n<div>Ar pavyks Filipui nugal\u0117ti visas kli\u016btis, rasti savo gyvenimo keli\u0105, pasiekti laim\u0119 ir \u012fgyvendinti svajones?<\/div>\n<div>Knyga nuo pat pirm\u0173j\u0173 puslapi\u0173 prikausto d\u0117mes\u012f ir atmintyje palieka i\u0161tis\u0105 galerij\u0105 nepaprastai ry\u0161ki\u0173, \u012fdomi\u0173 ir tikrovi\u0161k\u0173 portret\u0173.<\/div>\n","protected":false},"featured_media":5578,"comment_status":"closed","ping_status":"closed","template":"","meta":{"_acf_changed":false,"site-sidebar-layout":"default","site-content-layout":"","ast-site-content-layout":"default","site-content-style":"default","site-sidebar-style":"default","ast-global-header-display":"","ast-banner-title-visibility":"","ast-main-header-display":"","ast-hfb-above-header-display":"","ast-hfb-below-header-display":"","ast-hfb-mobile-header-display":"","site-post-title":"","ast-breadcrumbs-content":"","ast-featured-img":"","footer-sml-layout":"","ast-disable-related-posts":"","theme-transparent-header-meta":"","adv-header-id-meta":"","stick-header-meta":"","header-above-stick-meta":"","header-main-stick-meta":"","header-below-stick-meta":"","astra-migrate-meta-layouts":"default","ast-page-background-enabled":"default","ast-page-background-meta":{"desktop":{"background-color":"","background-image":"","background-repeat":"repeat","background-position":"center center","background-size":"auto","background-attachment":"scroll","background-type":"","background-media":"","overlay-type":"","overlay-color":"","overlay-opacity":"","overlay-gradient":""},"tablet":{"background-color":"","background-image":"","background-repeat":"repeat","background-position":"center center","background-size":"auto","background-attachment":"scroll","background-type":"","background-media":"","overlay-type":"","overlay-color":"","overlay-opacity":"","overlay-gradient":""},"mobile":{"background-color":"","background-image":"","background-repeat":"repeat","background-position":"center center","background-size":"auto","background-attachment":"scroll","background-type":"","background-media":"","overlay-type":"","overlay-color":"","overlay-opacity":"","overlay-gradient":""}},"ast-content-background-meta":{"desktop":{"background-color":"var(--ast-global-color-4)","background-image":"","background-repeat":"repeat","background-position":"center center","background-size":"auto","background-attachment":"scroll","background-type":"","background-media":"","overlay-type":"","overlay-color":"","overlay-opacity":"","overlay-gradient":""},"tablet":{"background-color":"var(--ast-global-color-4)","background-image":"","background-repeat":"repeat","background-position":"center center","background-size":"auto","background-attachment":"scroll","background-type":"","background-media":"","overlay-type":"","overlay-color":"","overlay-opacity":"","overlay-gradient":""},"mobile":{"background-color":"var(--ast-global-color-4)","background-image":"","background-repeat":"repeat","background-position":"center center","background-size":"auto","background-attachment":"scroll","background-type":"","background-media":"","overlay-type":"","overlay-color":"","overlay-opacity":"","overlay-gradient":""}}},"product_brand":[],"product_cat":[31],"product_tag":[],"class_list":{"0":"post-8821","1":"product","2":"type-product","3":"status-publish","4":"has-post-thumbnail","6":"product_cat-grozine-literatura","7":"desktop-align-left","8":"tablet-align-left","9":"mobile-align-left","11":"first","12":"outofstock","13":"shipping-taxable","14":"purchasable","15":"product-type-simple"},"acf":[],"yoast_head":"<!-- This site is optimized with the Yoast SEO plugin v27.4 - https:\/\/yoast.com\/product\/yoast-seo-wordpress\/ -->\n<title>William Somerset Maugham \u201eAistr\u0173 na\u0161ta\u201c - Skaitytaknyga<\/title>\n<meta name=\"description\" content=\"Tai vienas reik\u0161mingiausi\u0173 ir populiariausi\u0173 W. S. Maughamo k\u016brini\u0173, pats autobiografi\u0161kiausias ra\u0161ytojo romanas. Pagrindinis knygos veik\u0117jas \u2013 Filipas Keris. W. S. Maughamas seka jo gyvenim\u0105 nuo pat vaikyst\u0117s iki studij\u0173 laik\u0173. Likimas Filipui vien\u0105 po kito siun\u010dia i\u0161bandymus: ankstyv\u0105 t\u0117v\u0173 mirt\u012f ir li\u016bdn\u0105 vaikyst\u0119, sunkumus siekiant tapti dailininku, meil\u0117s abejotinos reputacijos moteriai kan\u010dias. Ta\u010diau jaunuolis nenuleid\u017eia rank\u0173 ir atkakliai ie\u0161ko savo pa\u0161aukimo ir gyvenimo prasm\u0117s. Ar pavyks Filipui nugal\u0117ti visas kli\u016btis, rasti savo gyvenimo keli\u0105, pasiekti laim\u0119 ir \u012fgyvendinti svajones? Knyga nuo pat pirm\u0173j\u0173 puslapi\u0173 prikausto d\u0117mes\u012f ir atmintyje palieka i\u0161tis\u0105 galerij\u0105 nepaprastai ry\u0161ki\u0173, \u012fdomi\u0173 ir tikrovi\u0161k\u0173 portret\u0173.\" \/>\n<meta name=\"robots\" content=\"index, follow, max-snippet:-1, max-image-preview:large, max-video-preview:-1\" \/>\n<link rel=\"canonical\" href=\"https:\/\/skaitytaknyga.lt\/en\/produktas\/william-somerset-maugham-aistru-nasta-2\/\" \/>\n<meta property=\"og:locale\" content=\"en_GB\" \/>\n<meta property=\"og:locale:alternate\" content=\"lt_LT\" \/>\n<meta property=\"og:type\" content=\"article\" \/>\n<meta property=\"og:title\" content=\"William Somerset Maugham \u201eAistr\u0173 na\u0161ta\u201c - Skaitytaknyga\" \/>\n<meta property=\"og:description\" content=\"Tai vienas reik\u0161mingiausi\u0173 ir populiariausi\u0173 W. S. Maughamo k\u016brini\u0173, pats autobiografi\u0161kiausias ra\u0161ytojo romanas. Pagrindinis knygos veik\u0117jas \u2013 Filipas Keris. W. S. Maughamas seka jo gyvenim\u0105 nuo pat vaikyst\u0117s iki studij\u0173 laik\u0173. Likimas Filipui vien\u0105 po kito siun\u010dia i\u0161bandymus: ankstyv\u0105 t\u0117v\u0173 mirt\u012f ir li\u016bdn\u0105 vaikyst\u0119, sunkumus siekiant tapti dailininku, meil\u0117s abejotinos reputacijos moteriai kan\u010dias. Ta\u010diau jaunuolis nenuleid\u017eia rank\u0173 ir atkakliai ie\u0161ko savo pa\u0161aukimo ir gyvenimo prasm\u0117s. Ar pavyks Filipui nugal\u0117ti visas kli\u016btis, rasti savo gyvenimo keli\u0105, pasiekti laim\u0119 ir \u012fgyvendinti svajones? Knyga nuo pat pirm\u0173j\u0173 puslapi\u0173 prikausto d\u0117mes\u012f ir atmintyje palieka i\u0161tis\u0105 galerij\u0105 nepaprastai ry\u0161ki\u0173, \u012fdomi\u0173 ir tikrovi\u0161k\u0173 portret\u0173.\" \/>\n<meta property=\"og:url\" content=\"https:\/\/skaitytaknyga.lt\/en\/produktas\/william-somerset-maugham-aistru-nasta-2\/\" \/>\n<meta property=\"og:site_name\" content=\"Skaitytaknyga\" \/>\n<meta property=\"article:publisher\" content=\"https:\/\/www.facebook.com\/skaitytaknyga\/\" \/>\n<meta property=\"article:modified_time\" content=\"2025-01-14T12:07:27+00:00\" \/>\n<meta property=\"og:image\" content=\"https:\/\/skaitytaknyga.lt\/wp-content\/uploads\/2024\/05\/aistru_nasta.jpg\" \/>\n\t<meta property=\"og:image:width\" content=\"248\" \/>\n\t<meta property=\"og:image:height\" content=\"397\" \/>\n\t<meta property=\"og:image:type\" content=\"image\/jpeg\" \/>\n<meta name=\"twitter:card\" content=\"summary_large_image\" \/>\n<meta name=\"twitter:label1\" content=\"Estimated reading time\" \/>\n\t<meta name=\"twitter:data1\" content=\"1 minute\" \/>\n<script type=\"application\/ld+json\" class=\"yoast-schema-graph\">{\"@context\":\"https:\\\/\\\/schema.org\",\"@graph\":[{\"@type\":\"WebPage\",\"@id\":\"https:\\\/\\\/skaitytaknyga.lt\\\/produktas\\\/william-somerset-maugham-aistru-nasta-2\\\/\",\"url\":\"https:\\\/\\\/skaitytaknyga.lt\\\/produktas\\\/william-somerset-maugham-aistru-nasta-2\\\/\",\"name\":\"William Somerset Maugham \u201eAistr\u0173 na\u0161ta\u201c - Skaitytaknyga\",\"isPartOf\":{\"@id\":\"https:\\\/\\\/skaitytaknyga.lt\\\/#website\"},\"primaryImageOfPage\":{\"@id\":\"https:\\\/\\\/skaitytaknyga.lt\\\/produktas\\\/william-somerset-maugham-aistru-nasta-2\\\/#primaryimage\"},\"image\":{\"@id\":\"https:\\\/\\\/skaitytaknyga.lt\\\/produktas\\\/william-somerset-maugham-aistru-nasta-2\\\/#primaryimage\"},\"thumbnailUrl\":\"https:\\\/\\\/skaitytaknyga.lt\\\/wp-content\\\/uploads\\\/2024\\\/05\\\/aistru_nasta.jpg\",\"datePublished\":\"2024-05-04T14:51:56+00:00\",\"dateModified\":\"2025-01-14T12:07:27+00:00\",\"description\":\"Tai vienas reik\u0161mingiausi\u0173 ir populiariausi\u0173 W. S. Maughamo k\u016brini\u0173, pats autobiografi\u0161kiausias ra\u0161ytojo romanas. Pagrindinis knygos veik\u0117jas \u2013 Filipas Keris. W. S. Maughamas seka jo gyvenim\u0105 nuo pat vaikyst\u0117s iki studij\u0173 laik\u0173. Likimas Filipui vien\u0105 po kito siun\u010dia i\u0161bandymus: ankstyv\u0105 t\u0117v\u0173 mirt\u012f ir li\u016bdn\u0105 vaikyst\u0119, sunkumus siekiant tapti dailininku, meil\u0117s abejotinos reputacijos moteriai kan\u010dias. Ta\u010diau jaunuolis nenuleid\u017eia rank\u0173 ir atkakliai ie\u0161ko savo pa\u0161aukimo ir gyvenimo prasm\u0117s. Ar pavyks Filipui nugal\u0117ti visas kli\u016btis, rasti savo gyvenimo keli\u0105, pasiekti laim\u0119 ir \u012fgyvendinti svajones? Knyga nuo pat pirm\u0173j\u0173 puslapi\u0173 prikausto d\u0117mes\u012f ir atmintyje palieka i\u0161tis\u0105 galerij\u0105 nepaprastai ry\u0161ki\u0173, \u012fdomi\u0173 ir tikrovi\u0161k\u0173 portret\u0173.\",\"breadcrumb\":{\"@id\":\"https:\\\/\\\/skaitytaknyga.lt\\\/produktas\\\/william-somerset-maugham-aistru-nasta-2\\\/#breadcrumb\"},\"inLanguage\":\"en-GB\",\"potentialAction\":[{\"@type\":\"ReadAction\",\"target\":[\"https:\\\/\\\/skaitytaknyga.lt\\\/produktas\\\/william-somerset-maugham-aistru-nasta-2\\\/\"]}]},{\"@type\":\"ImageObject\",\"inLanguage\":\"en-GB\",\"@id\":\"https:\\\/\\\/skaitytaknyga.lt\\\/produktas\\\/william-somerset-maugham-aistru-nasta-2\\\/#primaryimage\",\"url\":\"https:\\\/\\\/skaitytaknyga.lt\\\/wp-content\\\/uploads\\\/2024\\\/05\\\/aistru_nasta.jpg\",\"contentUrl\":\"https:\\\/\\\/skaitytaknyga.lt\\\/wp-content\\\/uploads\\\/2024\\\/05\\\/aistru_nasta.jpg\",\"width\":248,\"height\":397},{\"@type\":\"BreadcrumbList\",\"@id\":\"https:\\\/\\\/skaitytaknyga.lt\\\/produktas\\\/william-somerset-maugham-aistru-nasta-2\\\/#breadcrumb\",\"itemListElement\":[{\"@type\":\"ListItem\",\"position\":1,\"name\":\"Home\",\"item\":\"https:\\\/\\\/skaitytaknyga.lt\\\/\"},{\"@type\":\"ListItem\",\"position\":2,\"name\":\"Parduotuv\u0117\",\"item\":\"https:\\\/\\\/skaitytaknyga.lt\\\/knygu-parduotuve\\\/\"},{\"@type\":\"ListItem\",\"position\":3,\"name\":\"William Somerset Maugham \u201eAistr\u0173 na\u0161ta\u201c\"}]},{\"@type\":\"WebSite\",\"@id\":\"https:\\\/\\\/skaitytaknyga.lt\\\/#website\",\"url\":\"https:\\\/\\\/skaitytaknyga.lt\\\/\",\"name\":\"skaitytaknyga.lt\",\"description\":\"Skaitytaknyga.lt \u2013 tai ma\u017eas \u0161eimos verslas, kuris prasid\u0117jo nuo meil\u0117s knygoms ir siekio i\u0161gelb\u0117ti knygas nuo likimo prie konteinerio. Kas vienam nereikalingas daiktas \u2013 kitam lobis, o mes esame tarpininkai, kurie padeda abiems tapti laimingesniems ???? \u017dinome kaip nelengva i\u0161gyventi ma\u017eiems verslams, tad nuo \u0161iol, \u010dia rasite ir kit\u0173, ma\u017e\u0173 \u0161eim\u0173 versl\u0173, rank\u0173 darbo, dovan\u0173 sau ir artimiesiems.\",\"publisher\":{\"@id\":\"https:\\\/\\\/skaitytaknyga.lt\\\/#organization\"},\"potentialAction\":[{\"@type\":\"SearchAction\",\"target\":{\"@type\":\"EntryPoint\",\"urlTemplate\":\"https:\\\/\\\/skaitytaknyga.lt\\\/?s={search_term_string}\"},\"query-input\":{\"@type\":\"PropertyValueSpecification\",\"valueRequired\":true,\"valueName\":\"search_term_string\"}}],\"inLanguage\":\"en-GB\"},{\"@type\":\"Organization\",\"@id\":\"https:\\\/\\\/skaitytaknyga.lt\\\/#organization\",\"name\":\"skaitytaknyga.lt\",\"url\":\"https:\\\/\\\/skaitytaknyga.lt\\\/\",\"logo\":{\"@type\":\"ImageObject\",\"inLanguage\":\"en-GB\",\"@id\":\"https:\\\/\\\/skaitytaknyga.lt\\\/#\\\/schema\\\/logo\\\/image\\\/\",\"url\":\"https:\\\/\\\/skaitytaknyga.lt\\\/wp-content\\\/uploads\\\/2024\\\/05\\\/cropped-cropped-cropped-02_00843_jt3bggkj1j3HLc7SyY6rEUpg.jpeg\",\"contentUrl\":\"https:\\\/\\\/skaitytaknyga.lt\\\/wp-content\\\/uploads\\\/2024\\\/05\\\/cropped-cropped-cropped-02_00843_jt3bggkj1j3HLc7SyY6rEUpg.jpeg\",\"width\":1600,\"height\":1600,\"caption\":\"skaitytaknyga.lt\"},\"image\":{\"@id\":\"https:\\\/\\\/skaitytaknyga.lt\\\/#\\\/schema\\\/logo\\\/image\\\/\"},\"sameAs\":[\"https:\\\/\\\/www.facebook.com\\\/skaitytaknyga\\\/\"]}]}<\/script>\n<!-- \/ Yoast SEO plugin. -->","yoast_head_json":{"title":"William Somerset Maugham \u201eAistr\u0173 na\u0161ta\u201c - Skaitytaknyga","description":"Tai vienas reik\u0161mingiausi\u0173 ir populiariausi\u0173 W. S. Maughamo k\u016brini\u0173, pats autobiografi\u0161kiausias ra\u0161ytojo romanas. Pagrindinis knygos veik\u0117jas \u2013 Filipas Keris. W. S. Maughamas seka jo gyvenim\u0105 nuo pat vaikyst\u0117s iki studij\u0173 laik\u0173. Likimas Filipui vien\u0105 po kito siun\u010dia i\u0161bandymus: ankstyv\u0105 t\u0117v\u0173 mirt\u012f ir li\u016bdn\u0105 vaikyst\u0119, sunkumus siekiant tapti dailininku, meil\u0117s abejotinos reputacijos moteriai kan\u010dias. Ta\u010diau jaunuolis nenuleid\u017eia rank\u0173 ir atkakliai ie\u0161ko savo pa\u0161aukimo ir gyvenimo prasm\u0117s. Ar pavyks Filipui nugal\u0117ti visas kli\u016btis, rasti savo gyvenimo keli\u0105, pasiekti laim\u0119 ir \u012fgyvendinti svajones? Knyga nuo pat pirm\u0173j\u0173 puslapi\u0173 prikausto d\u0117mes\u012f ir atmintyje palieka i\u0161tis\u0105 galerij\u0105 nepaprastai ry\u0161ki\u0173, \u012fdomi\u0173 ir tikrovi\u0161k\u0173 portret\u0173.","robots":{"index":"index","follow":"follow","max-snippet":"max-snippet:-1","max-image-preview":"max-image-preview:large","max-video-preview":"max-video-preview:-1"},"canonical":"https:\/\/skaitytaknyga.lt\/en\/produktas\/william-somerset-maugham-aistru-nasta-2\/","og_locale":"en_GB","og_type":"article","og_title":"William Somerset Maugham \u201eAistr\u0173 na\u0161ta\u201c - Skaitytaknyga","og_description":"Tai vienas reik\u0161mingiausi\u0173 ir populiariausi\u0173 W. S. Maughamo k\u016brini\u0173, pats autobiografi\u0161kiausias ra\u0161ytojo romanas. Pagrindinis knygos veik\u0117jas \u2013 Filipas Keris. W. S. Maughamas seka jo gyvenim\u0105 nuo pat vaikyst\u0117s iki studij\u0173 laik\u0173. Likimas Filipui vien\u0105 po kito siun\u010dia i\u0161bandymus: ankstyv\u0105 t\u0117v\u0173 mirt\u012f ir li\u016bdn\u0105 vaikyst\u0119, sunkumus siekiant tapti dailininku, meil\u0117s abejotinos reputacijos moteriai kan\u010dias. Ta\u010diau jaunuolis nenuleid\u017eia rank\u0173 ir atkakliai ie\u0161ko savo pa\u0161aukimo ir gyvenimo prasm\u0117s. Ar pavyks Filipui nugal\u0117ti visas kli\u016btis, rasti savo gyvenimo keli\u0105, pasiekti laim\u0119 ir \u012fgyvendinti svajones? Knyga nuo pat pirm\u0173j\u0173 puslapi\u0173 prikausto d\u0117mes\u012f ir atmintyje palieka i\u0161tis\u0105 galerij\u0105 nepaprastai ry\u0161ki\u0173, \u012fdomi\u0173 ir tikrovi\u0161k\u0173 portret\u0173.","og_url":"https:\/\/skaitytaknyga.lt\/en\/produktas\/william-somerset-maugham-aistru-nasta-2\/","og_site_name":"Skaitytaknyga","article_publisher":"https:\/\/www.facebook.com\/skaitytaknyga\/","article_modified_time":"2025-01-14T12:07:27+00:00","og_image":[{"width":248,"height":397,"url":"https:\/\/skaitytaknyga.lt\/wp-content\/uploads\/2024\/05\/aistru_nasta.jpg","type":"image\/jpeg"}],"twitter_card":"summary_large_image","twitter_misc":{"Estimated reading time":"1 minute"},"schema":{"@context":"https:\/\/schema.org","@graph":[{"@type":"WebPage","@id":"https:\/\/skaitytaknyga.lt\/produktas\/william-somerset-maugham-aistru-nasta-2\/","url":"https:\/\/skaitytaknyga.lt\/produktas\/william-somerset-maugham-aistru-nasta-2\/","name":"William Somerset Maugham \u201eAistr\u0173 na\u0161ta\u201c - Skaitytaknyga","isPartOf":{"@id":"https:\/\/skaitytaknyga.lt\/#website"},"primaryImageOfPage":{"@id":"https:\/\/skaitytaknyga.lt\/produktas\/william-somerset-maugham-aistru-nasta-2\/#primaryimage"},"image":{"@id":"https:\/\/skaitytaknyga.lt\/produktas\/william-somerset-maugham-aistru-nasta-2\/#primaryimage"},"thumbnailUrl":"https:\/\/skaitytaknyga.lt\/wp-content\/uploads\/2024\/05\/aistru_nasta.jpg","datePublished":"2024-05-04T14:51:56+00:00","dateModified":"2025-01-14T12:07:27+00:00","description":"Tai vienas reik\u0161mingiausi\u0173 ir populiariausi\u0173 W. S. Maughamo k\u016brini\u0173, pats autobiografi\u0161kiausias ra\u0161ytojo romanas. Pagrindinis knygos veik\u0117jas \u2013 Filipas Keris. W. S. Maughamas seka jo gyvenim\u0105 nuo pat vaikyst\u0117s iki studij\u0173 laik\u0173. Likimas Filipui vien\u0105 po kito siun\u010dia i\u0161bandymus: ankstyv\u0105 t\u0117v\u0173 mirt\u012f ir li\u016bdn\u0105 vaikyst\u0119, sunkumus siekiant tapti dailininku, meil\u0117s abejotinos reputacijos moteriai kan\u010dias. Ta\u010diau jaunuolis nenuleid\u017eia rank\u0173 ir atkakliai ie\u0161ko savo pa\u0161aukimo ir gyvenimo prasm\u0117s. Ar pavyks Filipui nugal\u0117ti visas kli\u016btis, rasti savo gyvenimo keli\u0105, pasiekti laim\u0119 ir \u012fgyvendinti svajones? Knyga nuo pat pirm\u0173j\u0173 puslapi\u0173 prikausto d\u0117mes\u012f ir atmintyje palieka i\u0161tis\u0105 galerij\u0105 nepaprastai ry\u0161ki\u0173, \u012fdomi\u0173 ir tikrovi\u0161k\u0173 portret\u0173.","breadcrumb":{"@id":"https:\/\/skaitytaknyga.lt\/produktas\/william-somerset-maugham-aistru-nasta-2\/#breadcrumb"},"inLanguage":"en-GB","potentialAction":[{"@type":"ReadAction","target":["https:\/\/skaitytaknyga.lt\/produktas\/william-somerset-maugham-aistru-nasta-2\/"]}]},{"@type":"ImageObject","inLanguage":"en-GB","@id":"https:\/\/skaitytaknyga.lt\/produktas\/william-somerset-maugham-aistru-nasta-2\/#primaryimage","url":"https:\/\/skaitytaknyga.lt\/wp-content\/uploads\/2024\/05\/aistru_nasta.jpg","contentUrl":"https:\/\/skaitytaknyga.lt\/wp-content\/uploads\/2024\/05\/aistru_nasta.jpg","width":248,"height":397},{"@type":"BreadcrumbList","@id":"https:\/\/skaitytaknyga.lt\/produktas\/william-somerset-maugham-aistru-nasta-2\/#breadcrumb","itemListElement":[{"@type":"ListItem","position":1,"name":"Home","item":"https:\/\/skaitytaknyga.lt\/"},{"@type":"ListItem","position":2,"name":"Parduotuv\u0117","item":"https:\/\/skaitytaknyga.lt\/knygu-parduotuve\/"},{"@type":"ListItem","position":3,"name":"William Somerset Maugham \u201eAistr\u0173 na\u0161ta\u201c"}]},{"@type":"WebSite","@id":"https:\/\/skaitytaknyga.lt\/#website","url":"https:\/\/skaitytaknyga.lt\/","name":"skaitytaknyga.lt","description":"Skaitytaknyga.lt \u2013 tai ma\u017eas \u0161eimos verslas, kuris prasid\u0117jo nuo meil\u0117s knygoms ir siekio i\u0161gelb\u0117ti knygas nuo likimo prie konteinerio. Kas vienam nereikalingas daiktas \u2013 kitam lobis, o mes esame tarpininkai, kurie padeda abiems tapti laimingesniems ???? \u017dinome kaip nelengva i\u0161gyventi ma\u017eiems verslams, tad nuo \u0161iol, \u010dia rasite ir kit\u0173, ma\u017e\u0173 \u0161eim\u0173 versl\u0173, rank\u0173 darbo, dovan\u0173 sau ir artimiesiems.","publisher":{"@id":"https:\/\/skaitytaknyga.lt\/#organization"},"potentialAction":[{"@type":"SearchAction","target":{"@type":"EntryPoint","urlTemplate":"https:\/\/skaitytaknyga.lt\/?s={search_term_string}"},"query-input":{"@type":"PropertyValueSpecification","valueRequired":true,"valueName":"search_term_string"}}],"inLanguage":"en-GB"},{"@type":"Organization","@id":"https:\/\/skaitytaknyga.lt\/#organization","name":"skaitytaknyga.lt","url":"https:\/\/skaitytaknyga.lt\/","logo":{"@type":"ImageObject","inLanguage":"en-GB","@id":"https:\/\/skaitytaknyga.lt\/#\/schema\/logo\/image\/","url":"https:\/\/skaitytaknyga.lt\/wp-content\/uploads\/2024\/05\/cropped-cropped-cropped-02_00843_jt3bggkj1j3HLc7SyY6rEUpg.jpeg","contentUrl":"https:\/\/skaitytaknyga.lt\/wp-content\/uploads\/2024\/05\/cropped-cropped-cropped-02_00843_jt3bggkj1j3HLc7SyY6rEUpg.jpeg","width":1600,"height":1600,"caption":"skaitytaknyga.lt"},"image":{"@id":"https:\/\/skaitytaknyga.lt\/#\/schema\/logo\/image\/"},"sameAs":["https:\/\/www.facebook.com\/skaitytaknyga\/"]}]}},"_links":{"self":[{"href":"https:\/\/skaitytaknyga.lt\/en\/wp-json\/wp\/v2\/product\/8821","targetHints":{"allow":["GET"]}}],"collection":[{"href":"https:\/\/skaitytaknyga.lt\/en\/wp-json\/wp\/v2\/product"}],"about":[{"href":"https:\/\/skaitytaknyga.lt\/en\/wp-json\/wp\/v2\/types\/product"}],"replies":[{"embeddable":true,"href":"https:\/\/skaitytaknyga.lt\/en\/wp-json\/wp\/v2\/comments?post=8821"}],"wp:featuredmedia":[{"embeddable":true,"href":"https:\/\/skaitytaknyga.lt\/en\/wp-json\/wp\/v2\/media\/5578"}],"wp:attachment":[{"href":"https:\/\/skaitytaknyga.lt\/en\/wp-json\/wp\/v2\/media?parent=8821"}],"wp:term":[{"taxonomy":"product_brand","embeddable":true,"href":"https:\/\/skaitytaknyga.lt\/en\/wp-json\/wp\/v2\/product_brand?post=8821"},{"taxonomy":"product_cat","embeddable":true,"href":"https:\/\/skaitytaknyga.lt\/en\/wp-json\/wp\/v2\/product_cat?post=8821"},{"taxonomy":"product_tag","embeddable":true,"href":"https:\/\/skaitytaknyga.lt\/en\/wp-json\/wp\/v2\/product_tag?post=8821"}],"curies":[{"name":"wp","href":"https:\/\/api.w.org\/{rel}","templated":true}]}}