{"id":8820,"date":"2024-05-04T14:51:56","date_gmt":"2024-05-04T14:51:56","guid":{"rendered":"https:\/\/skaitytaknyga.lt\/?post_type=product&#038;p=8820"},"modified":"2025-05-15T10:58:23","modified_gmt":"2025-05-15T07:58:23","slug":"bodleras-liudesio-riteris","status":"publish","type":"product","link":"https:\/\/skaitytaknyga.lt\/en\/produktas\/bodleras-liudesio-riteris\/","title":{"rendered":"Bodleras. Li\u016bdesio riteris"},"content":{"rendered":"<p><strong>Pascalis Pia<\/strong>\u00a0(1902-1979) \u2013 \u017eurnalistas, leid\u0117jas, ra\u0161ytojas, literat\u016bros kritikas \u2013 buvo nepralenkiamas eruditas. Jis artimai bendravo su Andr\u0117 Malro, Alberu Kamiu, Klodu Burd\u0117. 1970 m. gavo literat\u016bros kritikos Grand Prix u\u017e roman\u0105 &#8220;Erdv\u0117s melodija&#8221;. Jis, XIX a. ir XX a. prad\u017eios literat\u016bros \u017einovas, buvo i\u0161tikimas ir nenuilstantis Bodlero ir Apolinero tyrin\u0117tojas.<\/p>\n<p>Pary\u017eiaus bohema, laisv\u0173 meninink\u0173 draugijos, moterys, svaigalai, opiumas \u2013 tai aplinka, kurioje gyveno ir k\u016br\u0117 didysis pranc\u016bz\u0173 poetas, ra\u0161ytojas, E. Po k\u016brybos vert\u0117jas \u0160arlis Bodleras (1821-1867). Vos pasirod\u017eius jo poezijos rinkiniui &#8220;Piktyb\u0117s g\u0117l\u0117s&#8221; (1857 m.), poetas apkaltinamas vie\u0161osios moral\u0117s \u012f\u017eeidimu. Kas jis, tas dendis, melancholi\u0161ku \u017evilgsniu stebintis gyvenimo pikt\u017eaizdes ir svajojantis apie Gro\u017eio ideal\u0105, draskomas k\u016bni\u0161k\u0173 aistr\u0173 ir pakylantis \u012f dvasios tobulyb\u0117s auk\u0161tumas?<\/p>\n","protected":false},"excerpt":{"rendered":"<p><strong>Pascalis Pia<\/strong>\u00a0(1902-1979) \u2013 \u017eurnalistas, leid\u0117jas, ra\u0161ytojas, literat\u016bros kritikas \u2013 buvo nepralenkiamas eruditas. Jis artimai bendravo su Andr\u0117 Malro, Alberu Kamiu, Klodu Burd\u0117. 1970 m. gavo literat\u016bros kritikos Grand Prix u\u017e roman\u0105 &#8220;Erdv\u0117s melodija&#8221;. Jis, XIX a. ir XX a. prad\u017eios literat\u016bros \u017einovas, buvo i\u0161tikimas ir nenuilstantis Bodlero ir Apolinero tyrin\u0117tojas.<\/p>\n<p>Pary\u017eiaus bohema, laisv\u0173 meninink\u0173 draugijos, moterys, svaigalai, opiumas \u2013 tai aplinka, kurioje gyveno ir k\u016br\u0117 didysis pranc\u016bz\u0173 poetas, ra\u0161ytojas, E. Po k\u016brybos vert\u0117jas \u0160arlis Bodleras (1821-1867). Vos pasirod\u017eius jo poezijos rinkiniui &#8220;Piktyb\u0117s g\u0117l\u0117s&#8221; (1857 m.), poetas apkaltinamas vie\u0161osios moral\u0117s \u012f\u017eeidimu. Kas jis, tas dendis, melancholi\u0161ku \u017evilgsniu stebintis gyvenimo pikt\u017eaizdes ir svajojantis apie Gro\u017eio ideal\u0105, draskomas k\u016bni\u0161k\u0173 aistr\u0173 ir pakylantis \u012f dvasios tobulyb\u0117s auk\u0161tumas?<\/p>\n","protected":false},"featured_media":5053,"comment_status":"closed","ping_status":"closed","template":"","meta":{"_acf_changed":false,"site-sidebar-layout":"default","site-content-layout":"","ast-site-content-layout":"default","site-content-style":"default","site-sidebar-style":"default","ast-global-header-display":"","ast-banner-title-visibility":"","ast-main-header-display":"","ast-hfb-above-header-display":"","ast-hfb-below-header-display":"","ast-hfb-mobile-header-display":"","site-post-title":"","ast-breadcrumbs-content":"","ast-featured-img":"","footer-sml-layout":"","ast-disable-related-posts":"","theme-transparent-header-meta":"","adv-header-id-meta":"","stick-header-meta":"","header-above-stick-meta":"","header-main-stick-meta":"","header-below-stick-meta":"","astra-migrate-meta-layouts":"default","ast-page-background-enabled":"default","ast-page-background-meta":{"desktop":{"background-color":"","background-image":"","background-repeat":"repeat","background-position":"center center","background-size":"auto","background-attachment":"scroll","background-type":"","background-media":"","overlay-type":"","overlay-color":"","overlay-opacity":"","overlay-gradient":""},"tablet":{"background-color":"","background-image":"","background-repeat":"repeat","background-position":"center center","background-size":"auto","background-attachment":"scroll","background-type":"","background-media":"","overlay-type":"","overlay-color":"","overlay-opacity":"","overlay-gradient":""},"mobile":{"background-color":"","background-image":"","background-repeat":"repeat","background-position":"center center","background-size":"auto","background-attachment":"scroll","background-type":"","background-media":"","overlay-type":"","overlay-color":"","overlay-opacity":"","overlay-gradient":""}},"ast-content-background-meta":{"desktop":{"background-color":"var(--ast-global-color-4)","background-image":"","background-repeat":"repeat","background-position":"center center","background-size":"auto","background-attachment":"scroll","background-type":"","background-media":"","overlay-type":"","overlay-color":"","overlay-opacity":"","overlay-gradient":""},"tablet":{"background-color":"var(--ast-global-color-4)","background-image":"","background-repeat":"repeat","background-position":"center center","background-size":"auto","background-attachment":"scroll","background-type":"","background-media":"","overlay-type":"","overlay-color":"","overlay-opacity":"","overlay-gradient":""},"mobile":{"background-color":"var(--ast-global-color-4)","background-image":"","background-repeat":"repeat","background-position":"center center","background-size":"auto","background-attachment":"scroll","background-type":"","background-media":"","overlay-type":"","overlay-color":"","overlay-opacity":"","overlay-gradient":""}}},"product_brand":[],"product_cat":[15],"product_tag":[3058,3056,1763,3059,3055,1809,1761,3057],"class_list":{"0":"post-8820","1":"product","2":"type-product","3":"status-publish","4":"has-post-thumbnail","6":"product_cat-uncategorized","7":"product_tag-bohema","8":"product_tag-charles-baudelaire","9":"product_tag-liudesys","10":"product_tag-menininko-portretas","11":"product_tag-pascal-pia","12":"product_tag-poezija","13":"product_tag-prancuzu-literatura","14":"product_tag-xix-a","15":"desktop-align-left","16":"tablet-align-left","17":"mobile-align-left","19":"first","20":"outofstock","21":"shipping-taxable","22":"purchasable","23":"product-type-simple"},"acf":[],"yoast_head":"<!-- This site is optimized with the Yoast SEO plugin v27.0 - https:\/\/yoast.com\/product\/yoast-seo-wordpress\/ -->\n<title>Bodleras. Li\u016bdesio riteris<\/title>\n<meta name=\"description\" content=\"Pascalis Pia\u00a0(1902-1979) \u2013 \u017eurnalistas, leid\u0117jas, ra\u0161ytojas, literat\u016bros kritikas \u2013 buvo nepralenkiamas eruditas. Jis artimai bendravo su Andr\u0117 Malro, Alberu Kamiu, Klodu Burd\u0117. 1970 m. gavo literat\u016bros kritikos Grand Prix u\u017e roman\u0105 &quot;Erdv\u0117s melodija&quot;. Jis, XIX a. ir XX a. prad\u017eios literat\u016bros \u017einovas, buvo i\u0161tikimas ir nenuilstantis Bodlero ir Apolinero tyrin\u0117tojas.  Pary\u017eiaus bohema, laisv\u0173 meninink\u0173 draugijos, moterys, svaigalai, opiumas \u2013 tai aplinka, kurioje gyveno ir k\u016br\u0117 didysis pranc\u016bz\u0173 poetas, ra\u0161ytojas, E. Po k\u016brybos vert\u0117jas \u0160arlis Bodleras (1821-1867). Vos pasirod\u017eius jo poezijos rinkiniui &quot;Piktyb\u0117s g\u0117l\u0117s&quot; (1857 m.), poetas apkaltinamas vie\u0161osios moral\u0117s \u012f\u017eeidimu. Kas jis, tas dendis, melancholi\u0161ku \u017evilgsniu stebintis gyvenimo pikt\u017eaizdes ir svajojantis apie Gro\u017eio ideal\u0105, draskomas k\u016bni\u0161k\u0173 aistr\u0173 ir pakylantis \u012f dvasios tobulyb\u0117s auk\u0161tumas?\" \/>\n<meta name=\"robots\" content=\"index, follow, max-snippet:-1, max-image-preview:large, max-video-preview:-1\" \/>\n<link rel=\"canonical\" href=\"https:\/\/skaitytaknyga.lt\/en\/produktas\/bodleras-liudesio-riteris\/\" \/>\n<meta property=\"og:locale\" content=\"en_GB\" \/>\n<meta property=\"og:locale:alternate\" content=\"lt_LT\" \/>\n<meta property=\"og:type\" content=\"article\" \/>\n<meta property=\"og:title\" content=\"Bodleras. Li\u016bdesio riteris\" \/>\n<meta property=\"og:description\" content=\"Pascalis Pia\u00a0(1902-1979) \u2013 \u017eurnalistas, leid\u0117jas, ra\u0161ytojas, literat\u016bros kritikas \u2013 buvo nepralenkiamas eruditas. Jis artimai bendravo su Andr\u0117 Malro, Alberu Kamiu, Klodu Burd\u0117. 1970 m. gavo literat\u016bros kritikos Grand Prix u\u017e roman\u0105 &quot;Erdv\u0117s melodija&quot;. Jis, XIX a. ir XX a. prad\u017eios literat\u016bros \u017einovas, buvo i\u0161tikimas ir nenuilstantis Bodlero ir Apolinero tyrin\u0117tojas.  Pary\u017eiaus bohema, laisv\u0173 meninink\u0173 draugijos, moterys, svaigalai, opiumas \u2013 tai aplinka, kurioje gyveno ir k\u016br\u0117 didysis pranc\u016bz\u0173 poetas, ra\u0161ytojas, E. Po k\u016brybos vert\u0117jas \u0160arlis Bodleras (1821-1867). Vos pasirod\u017eius jo poezijos rinkiniui &quot;Piktyb\u0117s g\u0117l\u0117s&quot; (1857 m.), poetas apkaltinamas vie\u0161osios moral\u0117s \u012f\u017eeidimu. Kas jis, tas dendis, melancholi\u0161ku \u017evilgsniu stebintis gyvenimo pikt\u017eaizdes ir svajojantis apie Gro\u017eio ideal\u0105, draskomas k\u016bni\u0161k\u0173 aistr\u0173 ir pakylantis \u012f dvasios tobulyb\u0117s auk\u0161tumas?\" \/>\n<meta property=\"og:url\" content=\"https:\/\/skaitytaknyga.lt\/en\/produktas\/bodleras-liudesio-riteris\/\" \/>\n<meta property=\"og:site_name\" content=\"Skaitytaknyga\" \/>\n<meta property=\"article:publisher\" content=\"https:\/\/www.facebook.com\/skaitytaknyga\/\" \/>\n<meta property=\"article:modified_time\" content=\"2025-05-15T07:58:23+00:00\" \/>\n<meta property=\"og:image\" content=\"https:\/\/skaitytaknyga.lt\/wp-content\/uploads\/2024\/04\/1511276039_Scan_21-11-2017_1627.jpg\" \/>\n\t<meta property=\"og:image:width\" content=\"281\" \/>\n\t<meta property=\"og:image:height\" content=\"430\" \/>\n\t<meta property=\"og:image:type\" content=\"image\/jpeg\" \/>\n<meta name=\"twitter:card\" content=\"summary_large_image\" \/>\n<meta name=\"twitter:label1\" content=\"Estimated reading time\" \/>\n\t<meta name=\"twitter:data1\" content=\"1 minute\" \/>\n<script type=\"application\/ld+json\" class=\"yoast-schema-graph\">{\"@context\":\"https:\/\/schema.org\",\"@graph\":[{\"@type\":\"WebPage\",\"@id\":\"https:\/\/skaitytaknyga.lt\/produktas\/bodleras-liudesio-riteris\/\",\"url\":\"https:\/\/skaitytaknyga.lt\/produktas\/bodleras-liudesio-riteris\/\",\"name\":\"Bodleras. Li\u016bdesio riteris\",\"isPartOf\":{\"@id\":\"https:\/\/skaitytaknyga.lt\/#website\"},\"primaryImageOfPage\":{\"@id\":\"https:\/\/skaitytaknyga.lt\/produktas\/bodleras-liudesio-riteris\/#primaryimage\"},\"image\":{\"@id\":\"https:\/\/skaitytaknyga.lt\/produktas\/bodleras-liudesio-riteris\/#primaryimage\"},\"thumbnailUrl\":\"https:\/\/skaitytaknyga.lt\/wp-content\/uploads\/2024\/04\/1511276039_Scan_21-11-2017_1627.jpg\",\"datePublished\":\"2024-05-04T14:51:56+00:00\",\"dateModified\":\"2025-05-15T07:58:23+00:00\",\"description\":\"Pascalis Pia\u00a0(1902-1979) \u2013 \u017eurnalistas, leid\u0117jas, ra\u0161ytojas, literat\u016bros kritikas \u2013 buvo nepralenkiamas eruditas. Jis artimai bendravo su Andr\u0117 Malro, Alberu Kamiu, Klodu Burd\u0117. 1970 m. gavo literat\u016bros kritikos Grand Prix u\u017e roman\u0105 \\\"Erdv\u0117s melodija\\\". Jis, XIX a. ir XX a. prad\u017eios literat\u016bros \u017einovas, buvo i\u0161tikimas ir nenuilstantis Bodlero ir Apolinero tyrin\u0117tojas. Pary\u017eiaus bohema, laisv\u0173 meninink\u0173 draugijos, moterys, svaigalai, opiumas \u2013 tai aplinka, kurioje gyveno ir k\u016br\u0117 didysis pranc\u016bz\u0173 poetas, ra\u0161ytojas, E. Po k\u016brybos vert\u0117jas \u0160arlis Bodleras (1821-1867). Vos pasirod\u017eius jo poezijos rinkiniui \\\"Piktyb\u0117s g\u0117l\u0117s\\\" (1857 m.), poetas apkaltinamas vie\u0161osios moral\u0117s \u012f\u017eeidimu. Kas jis, tas dendis, melancholi\u0161ku \u017evilgsniu stebintis gyvenimo pikt\u017eaizdes ir svajojantis apie Gro\u017eio ideal\u0105, draskomas k\u016bni\u0161k\u0173 aistr\u0173 ir pakylantis \u012f dvasios tobulyb\u0117s auk\u0161tumas?\",\"breadcrumb\":{\"@id\":\"https:\/\/skaitytaknyga.lt\/produktas\/bodleras-liudesio-riteris\/#breadcrumb\"},\"inLanguage\":\"en-GB\",\"potentialAction\":[{\"@type\":\"ReadAction\",\"target\":[\"https:\/\/skaitytaknyga.lt\/produktas\/bodleras-liudesio-riteris\/\"]}]},{\"@type\":\"ImageObject\",\"inLanguage\":\"en-GB\",\"@id\":\"https:\/\/skaitytaknyga.lt\/produktas\/bodleras-liudesio-riteris\/#primaryimage\",\"url\":\"https:\/\/skaitytaknyga.lt\/wp-content\/uploads\/2024\/04\/1511276039_Scan_21-11-2017_1627.jpg\",\"contentUrl\":\"https:\/\/skaitytaknyga.lt\/wp-content\/uploads\/2024\/04\/1511276039_Scan_21-11-2017_1627.jpg\",\"width\":281,\"height\":430},{\"@type\":\"BreadcrumbList\",\"@id\":\"https:\/\/skaitytaknyga.lt\/produktas\/bodleras-liudesio-riteris\/#breadcrumb\",\"itemListElement\":[{\"@type\":\"ListItem\",\"position\":1,\"name\":\"Home\",\"item\":\"https:\/\/skaitytaknyga.lt\/\"},{\"@type\":\"ListItem\",\"position\":2,\"name\":\"Parduotuv\u0117\",\"item\":\"https:\/\/skaitytaknyga.lt\/knygu-parduotuve\/\"},{\"@type\":\"ListItem\",\"position\":3,\"name\":\"Bodleras. Li\u016bdesio riteris\"}]},{\"@type\":\"WebSite\",\"@id\":\"https:\/\/skaitytaknyga.lt\/#website\",\"url\":\"https:\/\/skaitytaknyga.lt\/\",\"name\":\"skaitytaknyga.lt\",\"description\":\"Skaitytaknyga.lt \u2013 tai ma\u017eas \u0161eimos verslas, kuris prasid\u0117jo nuo meil\u0117s knygoms ir siekio i\u0161gelb\u0117ti knygas nuo likimo prie konteinerio. Kas vienam nereikalingas daiktas \u2013 kitam lobis, o mes esame tarpininkai, kurie padeda abiems tapti laimingesniems ???? \u017dinome kaip nelengva i\u0161gyventi ma\u017eiems verslams, tad nuo \u0161iol, \u010dia rasite ir kit\u0173, ma\u017e\u0173 \u0161eim\u0173 versl\u0173, rank\u0173 darbo, dovan\u0173 sau ir artimiesiems.\",\"publisher\":{\"@id\":\"https:\/\/skaitytaknyga.lt\/#organization\"},\"potentialAction\":[{\"@type\":\"SearchAction\",\"target\":{\"@type\":\"EntryPoint\",\"urlTemplate\":\"https:\/\/skaitytaknyga.lt\/?s={search_term_string}\"},\"query-input\":{\"@type\":\"PropertyValueSpecification\",\"valueRequired\":true,\"valueName\":\"search_term_string\"}}],\"inLanguage\":\"en-GB\"},{\"@type\":\"Organization\",\"@id\":\"https:\/\/skaitytaknyga.lt\/#organization\",\"name\":\"skaitytaknyga.lt\",\"url\":\"https:\/\/skaitytaknyga.lt\/\",\"logo\":{\"@type\":\"ImageObject\",\"inLanguage\":\"en-GB\",\"@id\":\"https:\/\/skaitytaknyga.lt\/#\/schema\/logo\/image\/\",\"url\":\"https:\/\/skaitytaknyga.lt\/wp-content\/uploads\/2024\/05\/cropped-cropped-cropped-02_00843_jt3bggkj1j3HLc7SyY6rEUpg.jpeg\",\"contentUrl\":\"https:\/\/skaitytaknyga.lt\/wp-content\/uploads\/2024\/05\/cropped-cropped-cropped-02_00843_jt3bggkj1j3HLc7SyY6rEUpg.jpeg\",\"width\":1600,\"height\":1600,\"caption\":\"skaitytaknyga.lt\"},\"image\":{\"@id\":\"https:\/\/skaitytaknyga.lt\/#\/schema\/logo\/image\/\"},\"sameAs\":[\"https:\/\/www.facebook.com\/skaitytaknyga\/\"]}]}<\/script>\n<!-- \/ Yoast SEO plugin. -->","yoast_head_json":{"title":"Bodleras. Li\u016bdesio riteris","description":"Pascalis Pia\u00a0(1902-1979) \u2013 \u017eurnalistas, leid\u0117jas, ra\u0161ytojas, literat\u016bros kritikas \u2013 buvo nepralenkiamas eruditas. Jis artimai bendravo su Andr\u0117 Malro, Alberu Kamiu, Klodu Burd\u0117. 1970 m. gavo literat\u016bros kritikos Grand Prix u\u017e roman\u0105 \"Erdv\u0117s melodija\". Jis, XIX a. ir XX a. prad\u017eios literat\u016bros \u017einovas, buvo i\u0161tikimas ir nenuilstantis Bodlero ir Apolinero tyrin\u0117tojas.  Pary\u017eiaus bohema, laisv\u0173 meninink\u0173 draugijos, moterys, svaigalai, opiumas \u2013 tai aplinka, kurioje gyveno ir k\u016br\u0117 didysis pranc\u016bz\u0173 poetas, ra\u0161ytojas, E. Po k\u016brybos vert\u0117jas \u0160arlis Bodleras (1821-1867). Vos pasirod\u017eius jo poezijos rinkiniui \"Piktyb\u0117s g\u0117l\u0117s\" (1857 m.), poetas apkaltinamas vie\u0161osios moral\u0117s \u012f\u017eeidimu. Kas jis, tas dendis, melancholi\u0161ku \u017evilgsniu stebintis gyvenimo pikt\u017eaizdes ir svajojantis apie Gro\u017eio ideal\u0105, draskomas k\u016bni\u0161k\u0173 aistr\u0173 ir pakylantis \u012f dvasios tobulyb\u0117s auk\u0161tumas?","robots":{"index":"index","follow":"follow","max-snippet":"max-snippet:-1","max-image-preview":"max-image-preview:large","max-video-preview":"max-video-preview:-1"},"canonical":"https:\/\/skaitytaknyga.lt\/en\/produktas\/bodleras-liudesio-riteris\/","og_locale":"en_GB","og_type":"article","og_title":"[:lt]Bodleras. Li\u016bdesio riteris[:] - Skaitytaknyga","og_description":"Pascalis Pia\u00a0(1902-1979) \u2013 \u017eurnalistas, leid\u0117jas, ra\u0161ytojas, literat\u016bros kritikas \u2013 buvo nepralenkiamas eruditas. Jis artimai bendravo su Andr\u0117 Malro, Alberu Kamiu, Klodu Burd\u0117. 1970 m. gavo literat\u016bros kritikos Grand Prix u\u017e roman\u0105 \"Erdv\u0117s melodija\". Jis, XIX a. ir XX a. prad\u017eios literat\u016bros \u017einovas, buvo i\u0161tikimas ir nenuilstantis Bodlero ir Apolinero tyrin\u0117tojas.  Pary\u017eiaus bohema, laisv\u0173 meninink\u0173 draugijos, moterys, svaigalai, opiumas \u2013 tai aplinka, kurioje gyveno ir k\u016br\u0117 didysis pranc\u016bz\u0173 poetas, ra\u0161ytojas, E. Po k\u016brybos vert\u0117jas \u0160arlis Bodleras (1821-1867). Vos pasirod\u017eius jo poezijos rinkiniui \"Piktyb\u0117s g\u0117l\u0117s\" (1857 m.), poetas apkaltinamas vie\u0161osios moral\u0117s \u012f\u017eeidimu. Kas jis, tas dendis, melancholi\u0161ku \u017evilgsniu stebintis gyvenimo pikt\u017eaizdes ir svajojantis apie Gro\u017eio ideal\u0105, draskomas k\u016bni\u0161k\u0173 aistr\u0173 ir pakylantis \u012f dvasios tobulyb\u0117s auk\u0161tumas?","og_url":"https:\/\/skaitytaknyga.lt\/en\/produktas\/bodleras-liudesio-riteris\/","og_site_name":"Skaitytaknyga","article_publisher":"https:\/\/www.facebook.com\/skaitytaknyga\/","article_modified_time":"2025-05-15T07:58:23+00:00","og_image":[{"width":281,"height":430,"url":"https:\/\/skaitytaknyga.lt\/wp-content\/uploads\/2024\/04\/1511276039_Scan_21-11-2017_1627.jpg","type":"image\/jpeg"}],"twitter_card":"summary_large_image","twitter_misc":{"Estimated reading time":"1 minute"},"schema":{"@context":"https:\/\/schema.org","@graph":[{"@type":"WebPage","@id":"https:\/\/skaitytaknyga.lt\/produktas\/bodleras-liudesio-riteris\/","url":"https:\/\/skaitytaknyga.lt\/produktas\/bodleras-liudesio-riteris\/","name":"Bodleras. Li\u016bdesio riteris","isPartOf":{"@id":"https:\/\/skaitytaknyga.lt\/#website"},"primaryImageOfPage":{"@id":"https:\/\/skaitytaknyga.lt\/produktas\/bodleras-liudesio-riteris\/#primaryimage"},"image":{"@id":"https:\/\/skaitytaknyga.lt\/produktas\/bodleras-liudesio-riteris\/#primaryimage"},"thumbnailUrl":"https:\/\/skaitytaknyga.lt\/wp-content\/uploads\/2024\/04\/1511276039_Scan_21-11-2017_1627.jpg","datePublished":"2024-05-04T14:51:56+00:00","dateModified":"2025-05-15T07:58:23+00:00","description":"Pascalis Pia\u00a0(1902-1979) \u2013 \u017eurnalistas, leid\u0117jas, ra\u0161ytojas, literat\u016bros kritikas \u2013 buvo nepralenkiamas eruditas. Jis artimai bendravo su Andr\u0117 Malro, Alberu Kamiu, Klodu Burd\u0117. 1970 m. gavo literat\u016bros kritikos Grand Prix u\u017e roman\u0105 \"Erdv\u0117s melodija\". Jis, XIX a. ir XX a. prad\u017eios literat\u016bros \u017einovas, buvo i\u0161tikimas ir nenuilstantis Bodlero ir Apolinero tyrin\u0117tojas. Pary\u017eiaus bohema, laisv\u0173 meninink\u0173 draugijos, moterys, svaigalai, opiumas \u2013 tai aplinka, kurioje gyveno ir k\u016br\u0117 didysis pranc\u016bz\u0173 poetas, ra\u0161ytojas, E. Po k\u016brybos vert\u0117jas \u0160arlis Bodleras (1821-1867). Vos pasirod\u017eius jo poezijos rinkiniui \"Piktyb\u0117s g\u0117l\u0117s\" (1857 m.), poetas apkaltinamas vie\u0161osios moral\u0117s \u012f\u017eeidimu. Kas jis, tas dendis, melancholi\u0161ku \u017evilgsniu stebintis gyvenimo pikt\u017eaizdes ir svajojantis apie Gro\u017eio ideal\u0105, draskomas k\u016bni\u0161k\u0173 aistr\u0173 ir pakylantis \u012f dvasios tobulyb\u0117s auk\u0161tumas?","breadcrumb":{"@id":"https:\/\/skaitytaknyga.lt\/produktas\/bodleras-liudesio-riteris\/#breadcrumb"},"inLanguage":"en-GB","potentialAction":[{"@type":"ReadAction","target":["https:\/\/skaitytaknyga.lt\/produktas\/bodleras-liudesio-riteris\/"]}]},{"@type":"ImageObject","inLanguage":"en-GB","@id":"https:\/\/skaitytaknyga.lt\/produktas\/bodleras-liudesio-riteris\/#primaryimage","url":"https:\/\/skaitytaknyga.lt\/wp-content\/uploads\/2024\/04\/1511276039_Scan_21-11-2017_1627.jpg","contentUrl":"https:\/\/skaitytaknyga.lt\/wp-content\/uploads\/2024\/04\/1511276039_Scan_21-11-2017_1627.jpg","width":281,"height":430},{"@type":"BreadcrumbList","@id":"https:\/\/skaitytaknyga.lt\/produktas\/bodleras-liudesio-riteris\/#breadcrumb","itemListElement":[{"@type":"ListItem","position":1,"name":"Home","item":"https:\/\/skaitytaknyga.lt\/"},{"@type":"ListItem","position":2,"name":"Parduotuv\u0117","item":"https:\/\/skaitytaknyga.lt\/knygu-parduotuve\/"},{"@type":"ListItem","position":3,"name":"Bodleras. Li\u016bdesio riteris"}]},{"@type":"WebSite","@id":"https:\/\/skaitytaknyga.lt\/#website","url":"https:\/\/skaitytaknyga.lt\/","name":"skaitytaknyga.lt","description":"Skaitytaknyga.lt \u2013 tai ma\u017eas \u0161eimos verslas, kuris prasid\u0117jo nuo meil\u0117s knygoms ir siekio i\u0161gelb\u0117ti knygas nuo likimo prie konteinerio. Kas vienam nereikalingas daiktas \u2013 kitam lobis, o mes esame tarpininkai, kurie padeda abiems tapti laimingesniems ???? \u017dinome kaip nelengva i\u0161gyventi ma\u017eiems verslams, tad nuo \u0161iol, \u010dia rasite ir kit\u0173, ma\u017e\u0173 \u0161eim\u0173 versl\u0173, rank\u0173 darbo, dovan\u0173 sau ir artimiesiems.","publisher":{"@id":"https:\/\/skaitytaknyga.lt\/#organization"},"potentialAction":[{"@type":"SearchAction","target":{"@type":"EntryPoint","urlTemplate":"https:\/\/skaitytaknyga.lt\/?s={search_term_string}"},"query-input":{"@type":"PropertyValueSpecification","valueRequired":true,"valueName":"search_term_string"}}],"inLanguage":"en-GB"},{"@type":"Organization","@id":"https:\/\/skaitytaknyga.lt\/#organization","name":"skaitytaknyga.lt","url":"https:\/\/skaitytaknyga.lt\/","logo":{"@type":"ImageObject","inLanguage":"en-GB","@id":"https:\/\/skaitytaknyga.lt\/#\/schema\/logo\/image\/","url":"https:\/\/skaitytaknyga.lt\/wp-content\/uploads\/2024\/05\/cropped-cropped-cropped-02_00843_jt3bggkj1j3HLc7SyY6rEUpg.jpeg","contentUrl":"https:\/\/skaitytaknyga.lt\/wp-content\/uploads\/2024\/05\/cropped-cropped-cropped-02_00843_jt3bggkj1j3HLc7SyY6rEUpg.jpeg","width":1600,"height":1600,"caption":"skaitytaknyga.lt"},"image":{"@id":"https:\/\/skaitytaknyga.lt\/#\/schema\/logo\/image\/"},"sameAs":["https:\/\/www.facebook.com\/skaitytaknyga\/"]}]}},"_links":{"self":[{"href":"https:\/\/skaitytaknyga.lt\/en\/wp-json\/wp\/v2\/product\/8820","targetHints":{"allow":["GET"]}}],"collection":[{"href":"https:\/\/skaitytaknyga.lt\/en\/wp-json\/wp\/v2\/product"}],"about":[{"href":"https:\/\/skaitytaknyga.lt\/en\/wp-json\/wp\/v2\/types\/product"}],"replies":[{"embeddable":true,"href":"https:\/\/skaitytaknyga.lt\/en\/wp-json\/wp\/v2\/comments?post=8820"}],"wp:featuredmedia":[{"embeddable":true,"href":"https:\/\/skaitytaknyga.lt\/en\/wp-json\/wp\/v2\/media\/5053"}],"wp:attachment":[{"href":"https:\/\/skaitytaknyga.lt\/en\/wp-json\/wp\/v2\/media?parent=8820"}],"wp:term":[{"taxonomy":"product_brand","embeddable":true,"href":"https:\/\/skaitytaknyga.lt\/en\/wp-json\/wp\/v2\/product_brand?post=8820"},{"taxonomy":"product_cat","embeddable":true,"href":"https:\/\/skaitytaknyga.lt\/en\/wp-json\/wp\/v2\/product_cat?post=8820"},{"taxonomy":"product_tag","embeddable":true,"href":"https:\/\/skaitytaknyga.lt\/en\/wp-json\/wp\/v2\/product_tag?post=8820"}],"curies":[{"name":"wp","href":"https:\/\/api.w.org\/{rel}","templated":true}]}}