{"id":8817,"date":"2024-05-04T14:51:55","date_gmt":"2024-05-04T14:51:55","guid":{"rendered":"https:\/\/skaitytaknyga.lt\/?post_type=product&#038;p=8817"},"modified":"2025-02-01T15:14:21","modified_gmt":"2025-02-01T13:14:21","slug":"ricardas-gavelis-vilniaus-pokeris-2","status":"publish","type":"product","link":"https:\/\/skaitytaknyga.lt\/en\/produktas\/ricardas-gavelis-vilniaus-pokeris-2\/","title":{"rendered":"Ri\u010dardas Gavelis \u201e Vilniaus pokeris\u201c (pagelt\u0119 lapai)"},"content":{"rendered":"<p><strong>\u201eVilniaus pokeris\u201c<\/strong>\u00a0dr\u0105siai ir atvirai tyrin\u0117jami skaud\u016bs Lietuvos istorijos bei lietuvi\u0161kos dvasios dalykai. Autenti\u0161ki \u012fvykiai \u010dia pinasi su ne\u012ftikimais, tarpais pasakojimas perauga \u012f visi\u0161k\u0105 fantasmagorij\u0105, padiktuot\u0105 \u012faudrintos persona\u017e\u0173 psichikos. Tokiu rafinuotu b\u016bdu autorius stengiasi pavaizduoti Vilni\u0173 kaip i\u0161tis\u0105 pasaul\u012f, realus Vilnius \u010dia pasirodo kaip miestas vaiduoklis, miestas sapnas. T\u0105 pa\u010di\u0105 tragi\u0161k\u0105 istorij\u0105 keturi persona\u017eai pasakoja kiekvienas kitaip, vidiniuose monologuose skiriasi ne tik \u012fvyki\u0173 interpretacija \u2013 netgi patys \u012fvykiai kiekviename pasakojime skirtingi, neretai prie\u0161taringi ar i\u0161vis nesuderinami.<\/p>\n<ul class=\"about-product d-none d-xl-block mt-4\">\n<li><strong>Autorius:<\/strong>\u00a0Ri\u010dardas Gavelis<\/li>\n<li><strong>Leid\u0117jas:<\/strong>\u00a0Vaga<\/li>\n<li><strong>Metai:<\/strong>\u00a01989<\/li>\n<li><strong>Puslapiai:<\/strong>\u00a0400<\/li>\n<li><strong>Versijos kodas:<\/strong>\u00a0PS<\/li>\n<li class=\"toggleable type-new-formats \"><strong>Formatas:<\/strong>\u00a014 x 22 cm, kieti vir\u0161eliai<\/li>\n<li><strong>Kalba:<\/strong>\u00a0Lietuvi\u0173<\/li>\n<\/ul>\n","protected":false},"excerpt":{"rendered":"<p>\u201eVilniaus pokeris\u201c\u00a0dr\u0105siai ir atvirai tyrin\u0117jami skaud\u016bs Lietuvos istorijos bei lietuvi\u0161kos dvasios dalykai. Autenti\u0161ki \u012fvykiai \u010dia pinasi su ne\u012ftikimais, tarpais pasakojimas perauga \u012f visi\u0161k\u0105 fantasmagorij\u0105, padiktuot\u0105 \u012faudrintos persona\u017e\u0173 psichikos. Tokiu rafinuotu b\u016bdu autorius stengiasi pavaizduoti Vilni\u0173 kaip i\u0161tis\u0105 pasaul\u012f, realus Vilnius \u010dia pasirodo kaip miestas vaiduoklis, miestas sapnas. T\u0105 pa\u010di\u0105 tragi\u0161k\u0105 istorij\u0105 keturi persona\u017eai pasakoja kiekvienas kitaip, vidiniuose monologuose skiriasi ne tik \u012fvyki\u0173 interpretacija \u2013 netgi patys \u012fvykiai kiekviename pasakojime skirtingi, neretai prie\u0161taringi ar i\u0161vis nesuderinami. Autorius:\u00a0Ri\u010dardas Gavelis Leid\u0117jas:\u00a0Vaga Metai:\u00a01989 Puslapiai:\u00a0400 Versijos kodas:\u00a0PS Formatas:\u00a014 x 22 cm, kieti vir\u0161eliai Kalba:\u00a0Lietuvi\u0173<\/p>\n","protected":false},"featured_media":5570,"comment_status":"closed","ping_status":"closed","template":"","meta":{"_acf_changed":false,"site-sidebar-layout":"default","site-content-layout":"","ast-site-content-layout":"default","site-content-style":"default","site-sidebar-style":"default","ast-global-header-display":"","ast-banner-title-visibility":"","ast-main-header-display":"","ast-hfb-above-header-display":"","ast-hfb-below-header-display":"","ast-hfb-mobile-header-display":"","site-post-title":"","ast-breadcrumbs-content":"","ast-featured-img":"","footer-sml-layout":"","ast-disable-related-posts":"","theme-transparent-header-meta":"default","adv-header-id-meta":"","stick-header-meta":"","header-above-stick-meta":"","header-main-stick-meta":"","header-below-stick-meta":"","astra-migrate-meta-layouts":"set","ast-page-background-enabled":"default","ast-page-background-meta":{"desktop":{"background-color":"","background-image":"","background-repeat":"repeat","background-position":"center center","background-size":"auto","background-attachment":"scroll","background-type":"","background-media":"","overlay-type":"","overlay-color":"","overlay-opacity":"","overlay-gradient":""},"tablet":{"background-color":"","background-image":"","background-repeat":"repeat","background-position":"center center","background-size":"auto","background-attachment":"scroll","background-type":"","background-media":"","overlay-type":"","overlay-color":"","overlay-opacity":"","overlay-gradient":""},"mobile":{"background-color":"","background-image":"","background-repeat":"repeat","background-position":"center center","background-size":"auto","background-attachment":"scroll","background-type":"","background-media":"","overlay-type":"","overlay-color":"","overlay-opacity":"","overlay-gradient":""}},"ast-content-background-meta":{"desktop":{"background-color":"var(--ast-global-color-4)","background-image":"","background-repeat":"repeat","background-position":"center center","background-size":"auto","background-attachment":"scroll","background-type":"","background-media":"","overlay-type":"","overlay-color":"","overlay-opacity":"","overlay-gradient":""},"tablet":{"background-color":"var(--ast-global-color-4)","background-image":"","background-repeat":"repeat","background-position":"center center","background-size":"auto","background-attachment":"scroll","background-type":"","background-media":"","overlay-type":"","overlay-color":"","overlay-opacity":"","overlay-gradient":""},"mobile":{"background-color":"var(--ast-global-color-4)","background-image":"","background-repeat":"repeat","background-position":"center center","background-size":"auto","background-attachment":"scroll","background-type":"","background-media":"","overlay-type":"","overlay-color":"","overlay-opacity":"","overlay-gradient":""}}},"product_brand":[],"product_cat":[31],"product_tag":[],"class_list":{"0":"post-8817","1":"product","2":"type-product","3":"status-publish","4":"has-post-thumbnail","6":"product_cat-grozine-literatura","7":"desktop-align-left","8":"tablet-align-left","9":"mobile-align-left","11":"first","12":"outofstock","13":"shipping-taxable","14":"purchasable","15":"product-type-simple"},"acf":[],"yoast_head":"<!-- This site is optimized with the Yoast SEO plugin v27.4 - https:\/\/yoast.com\/product\/yoast-seo-wordpress\/ -->\n<title>Ri\u010dardas Gavelis \u201e Vilniaus pokeris\u201c (pagelt\u0119 lapai)<\/title>\n<meta name=\"description\" content=\"\u201eVilniaus pokeris\u201c\u00a0dr\u0105siai ir atvirai tyrin\u0117jami skaud\u016bs Lietuvos istorijos bei lietuvi\u0161kos dvasios dalykai. Autenti\u0161ki \u012fvykiai \u010dia pinasi su ne\u012ftikimais,\" \/>\n<meta name=\"robots\" content=\"index, follow, max-snippet:-1, max-image-preview:large, max-video-preview:-1\" \/>\n<link rel=\"canonical\" href=\"https:\/\/skaitytaknyga.lt\/en\/produktas\/ricardas-gavelis-vilniaus-pokeris-2\/\" \/>\n<meta property=\"og:locale\" content=\"en_GB\" \/>\n<meta property=\"og:locale:alternate\" content=\"lt_LT\" \/>\n<meta property=\"og:type\" content=\"article\" \/>\n<meta property=\"og:title\" content=\"Ri\u010dardas Gavelis \u201e Vilniaus pokeris\u201c (pagelt\u0119 lapai)\" \/>\n<meta property=\"og:description\" content=\"\u201eVilniaus pokeris\u201c\u00a0dr\u0105siai ir atvirai tyrin\u0117jami skaud\u016bs Lietuvos istorijos bei lietuvi\u0161kos dvasios dalykai. Autenti\u0161ki \u012fvykiai \u010dia pinasi su ne\u012ftikimais,\" \/>\n<meta property=\"og:url\" content=\"https:\/\/skaitytaknyga.lt\/en\/produktas\/ricardas-gavelis-vilniaus-pokeris-2\/\" \/>\n<meta property=\"og:site_name\" content=\"Skaitytaknyga\" \/>\n<meta property=\"article:publisher\" content=\"https:\/\/www.facebook.com\/skaitytaknyga\/\" \/>\n<meta property=\"article:modified_time\" content=\"2025-02-01T13:14:21+00:00\" \/>\n<meta property=\"og:image\" content=\"https:\/\/skaitytaknyga.lt\/wp-content\/uploads\/2024\/05\/1462879362_img0001.jpg\" \/>\n\t<meta property=\"og:image:width\" content=\"499\" \/>\n\t<meta property=\"og:image:height\" content=\"800\" \/>\n\t<meta property=\"og:image:type\" content=\"image\/jpeg\" \/>\n<meta name=\"twitter:card\" content=\"summary_large_image\" \/>\n<meta name=\"twitter:label1\" content=\"Estimated reading time\" \/>\n\t<meta name=\"twitter:data1\" content=\"1 minute\" \/>\n<script type=\"application\/ld+json\" class=\"yoast-schema-graph\">{\"@context\":\"https:\\\/\\\/schema.org\",\"@graph\":[{\"@type\":\"WebPage\",\"@id\":\"https:\\\/\\\/skaitytaknyga.lt\\\/produktas\\\/ricardas-gavelis-vilniaus-pokeris-2\\\/\",\"url\":\"https:\\\/\\\/skaitytaknyga.lt\\\/produktas\\\/ricardas-gavelis-vilniaus-pokeris-2\\\/\",\"name\":\"Ri\u010dardas Gavelis \u201e Vilniaus pokeris\u201c (pagelt\u0119 lapai)\",\"isPartOf\":{\"@id\":\"https:\\\/\\\/skaitytaknyga.lt\\\/#website\"},\"primaryImageOfPage\":{\"@id\":\"https:\\\/\\\/skaitytaknyga.lt\\\/produktas\\\/ricardas-gavelis-vilniaus-pokeris-2\\\/#primaryimage\"},\"image\":{\"@id\":\"https:\\\/\\\/skaitytaknyga.lt\\\/produktas\\\/ricardas-gavelis-vilniaus-pokeris-2\\\/#primaryimage\"},\"thumbnailUrl\":\"https:\\\/\\\/skaitytaknyga.lt\\\/wp-content\\\/uploads\\\/2024\\\/05\\\/1462879362_img0001.jpg\",\"datePublished\":\"2024-05-04T14:51:55+00:00\",\"dateModified\":\"2025-02-01T13:14:21+00:00\",\"description\":\"\u201eVilniaus pokeris\u201c\u00a0dr\u0105siai ir atvirai tyrin\u0117jami skaud\u016bs Lietuvos istorijos bei lietuvi\u0161kos dvasios dalykai. Autenti\u0161ki \u012fvykiai \u010dia pinasi su ne\u012ftikimais,\",\"breadcrumb\":{\"@id\":\"https:\\\/\\\/skaitytaknyga.lt\\\/produktas\\\/ricardas-gavelis-vilniaus-pokeris-2\\\/#breadcrumb\"},\"inLanguage\":\"en-GB\",\"potentialAction\":[{\"@type\":\"ReadAction\",\"target\":[\"https:\\\/\\\/skaitytaknyga.lt\\\/produktas\\\/ricardas-gavelis-vilniaus-pokeris-2\\\/\"]}]},{\"@type\":\"ImageObject\",\"inLanguage\":\"en-GB\",\"@id\":\"https:\\\/\\\/skaitytaknyga.lt\\\/produktas\\\/ricardas-gavelis-vilniaus-pokeris-2\\\/#primaryimage\",\"url\":\"https:\\\/\\\/skaitytaknyga.lt\\\/wp-content\\\/uploads\\\/2024\\\/05\\\/1462879362_img0001.jpg\",\"contentUrl\":\"https:\\\/\\\/skaitytaknyga.lt\\\/wp-content\\\/uploads\\\/2024\\\/05\\\/1462879362_img0001.jpg\",\"width\":499,\"height\":800,\"caption\":\"Ri\u010dardas Gavelis \u201e Vilniaus pokeris\u201c\"},{\"@type\":\"BreadcrumbList\",\"@id\":\"https:\\\/\\\/skaitytaknyga.lt\\\/produktas\\\/ricardas-gavelis-vilniaus-pokeris-2\\\/#breadcrumb\",\"itemListElement\":[{\"@type\":\"ListItem\",\"position\":1,\"name\":\"Home\",\"item\":\"https:\\\/\\\/skaitytaknyga.lt\\\/\"},{\"@type\":\"ListItem\",\"position\":2,\"name\":\"Parduotuv\u0117\",\"item\":\"https:\\\/\\\/skaitytaknyga.lt\\\/knygu-parduotuve\\\/\"},{\"@type\":\"ListItem\",\"position\":3,\"name\":\"Ri\u010dardas Gavelis \u201e Vilniaus pokeris\u201c (pagelt\u0119 lapai)\"}]},{\"@type\":\"WebSite\",\"@id\":\"https:\\\/\\\/skaitytaknyga.lt\\\/#website\",\"url\":\"https:\\\/\\\/skaitytaknyga.lt\\\/\",\"name\":\"skaitytaknyga.lt\",\"description\":\"Skaitytaknyga.lt \u2013 tai ma\u017eas \u0161eimos verslas, kuris prasid\u0117jo nuo meil\u0117s knygoms ir siekio i\u0161gelb\u0117ti knygas nuo likimo prie konteinerio. Kas vienam nereikalingas daiktas \u2013 kitam lobis, o mes esame tarpininkai, kurie padeda abiems tapti laimingesniems ???? \u017dinome kaip nelengva i\u0161gyventi ma\u017eiems verslams, tad nuo \u0161iol, \u010dia rasite ir kit\u0173, ma\u017e\u0173 \u0161eim\u0173 versl\u0173, rank\u0173 darbo, dovan\u0173 sau ir artimiesiems.\",\"publisher\":{\"@id\":\"https:\\\/\\\/skaitytaknyga.lt\\\/#organization\"},\"potentialAction\":[{\"@type\":\"SearchAction\",\"target\":{\"@type\":\"EntryPoint\",\"urlTemplate\":\"https:\\\/\\\/skaitytaknyga.lt\\\/?s={search_term_string}\"},\"query-input\":{\"@type\":\"PropertyValueSpecification\",\"valueRequired\":true,\"valueName\":\"search_term_string\"}}],\"inLanguage\":\"en-GB\"},{\"@type\":\"Organization\",\"@id\":\"https:\\\/\\\/skaitytaknyga.lt\\\/#organization\",\"name\":\"skaitytaknyga.lt\",\"url\":\"https:\\\/\\\/skaitytaknyga.lt\\\/\",\"logo\":{\"@type\":\"ImageObject\",\"inLanguage\":\"en-GB\",\"@id\":\"https:\\\/\\\/skaitytaknyga.lt\\\/#\\\/schema\\\/logo\\\/image\\\/\",\"url\":\"https:\\\/\\\/skaitytaknyga.lt\\\/wp-content\\\/uploads\\\/2024\\\/05\\\/cropped-cropped-cropped-02_00843_jt3bggkj1j3HLc7SyY6rEUpg.jpeg\",\"contentUrl\":\"https:\\\/\\\/skaitytaknyga.lt\\\/wp-content\\\/uploads\\\/2024\\\/05\\\/cropped-cropped-cropped-02_00843_jt3bggkj1j3HLc7SyY6rEUpg.jpeg\",\"width\":1600,\"height\":1600,\"caption\":\"skaitytaknyga.lt\"},\"image\":{\"@id\":\"https:\\\/\\\/skaitytaknyga.lt\\\/#\\\/schema\\\/logo\\\/image\\\/\"},\"sameAs\":[\"https:\\\/\\\/www.facebook.com\\\/skaitytaknyga\\\/\"]}]}<\/script>\n<!-- \/ Yoast SEO plugin. -->","yoast_head_json":{"title":"Ri\u010dardas Gavelis \u201e Vilniaus pokeris\u201c (pagelt\u0119 lapai)","description":"\u201eVilniaus pokeris\u201c\u00a0dr\u0105siai ir atvirai tyrin\u0117jami skaud\u016bs Lietuvos istorijos bei lietuvi\u0161kos dvasios dalykai. Autenti\u0161ki \u012fvykiai \u010dia pinasi su ne\u012ftikimais,","robots":{"index":"index","follow":"follow","max-snippet":"max-snippet:-1","max-image-preview":"max-image-preview:large","max-video-preview":"max-video-preview:-1"},"canonical":"https:\/\/skaitytaknyga.lt\/en\/produktas\/ricardas-gavelis-vilniaus-pokeris-2\/","og_locale":"en_GB","og_type":"article","og_title":"[:lt]Ri\u010dardas Gavelis \u201e Vilniaus pokeris\u201c (pagelt\u0119 lapai)[:] - Skaitytaknyga","og_description":"\u201eVilniaus pokeris\u201c\u00a0dr\u0105siai ir atvirai tyrin\u0117jami skaud\u016bs Lietuvos istorijos bei lietuvi\u0161kos dvasios dalykai. Autenti\u0161ki \u012fvykiai \u010dia pinasi su ne\u012ftikimais,","og_url":"https:\/\/skaitytaknyga.lt\/en\/produktas\/ricardas-gavelis-vilniaus-pokeris-2\/","og_site_name":"Skaitytaknyga","article_publisher":"https:\/\/www.facebook.com\/skaitytaknyga\/","article_modified_time":"2025-02-01T13:14:21+00:00","og_image":[{"width":499,"height":800,"url":"https:\/\/skaitytaknyga.lt\/wp-content\/uploads\/2024\/05\/1462879362_img0001.jpg","type":"image\/jpeg"}],"twitter_card":"summary_large_image","twitter_misc":{"Estimated reading time":"1 minute"},"schema":{"@context":"https:\/\/schema.org","@graph":[{"@type":"WebPage","@id":"https:\/\/skaitytaknyga.lt\/produktas\/ricardas-gavelis-vilniaus-pokeris-2\/","url":"https:\/\/skaitytaknyga.lt\/produktas\/ricardas-gavelis-vilniaus-pokeris-2\/","name":"Ri\u010dardas Gavelis \u201e Vilniaus pokeris\u201c (pagelt\u0119 lapai)","isPartOf":{"@id":"https:\/\/skaitytaknyga.lt\/#website"},"primaryImageOfPage":{"@id":"https:\/\/skaitytaknyga.lt\/produktas\/ricardas-gavelis-vilniaus-pokeris-2\/#primaryimage"},"image":{"@id":"https:\/\/skaitytaknyga.lt\/produktas\/ricardas-gavelis-vilniaus-pokeris-2\/#primaryimage"},"thumbnailUrl":"https:\/\/skaitytaknyga.lt\/wp-content\/uploads\/2024\/05\/1462879362_img0001.jpg","datePublished":"2024-05-04T14:51:55+00:00","dateModified":"2025-02-01T13:14:21+00:00","description":"\u201eVilniaus pokeris\u201c\u00a0dr\u0105siai ir atvirai tyrin\u0117jami skaud\u016bs Lietuvos istorijos bei lietuvi\u0161kos dvasios dalykai. Autenti\u0161ki \u012fvykiai \u010dia pinasi su ne\u012ftikimais,","breadcrumb":{"@id":"https:\/\/skaitytaknyga.lt\/produktas\/ricardas-gavelis-vilniaus-pokeris-2\/#breadcrumb"},"inLanguage":"en-GB","potentialAction":[{"@type":"ReadAction","target":["https:\/\/skaitytaknyga.lt\/produktas\/ricardas-gavelis-vilniaus-pokeris-2\/"]}]},{"@type":"ImageObject","inLanguage":"en-GB","@id":"https:\/\/skaitytaknyga.lt\/produktas\/ricardas-gavelis-vilniaus-pokeris-2\/#primaryimage","url":"https:\/\/skaitytaknyga.lt\/wp-content\/uploads\/2024\/05\/1462879362_img0001.jpg","contentUrl":"https:\/\/skaitytaknyga.lt\/wp-content\/uploads\/2024\/05\/1462879362_img0001.jpg","width":499,"height":800,"caption":"Ri\u010dardas Gavelis \u201e Vilniaus pokeris\u201c"},{"@type":"BreadcrumbList","@id":"https:\/\/skaitytaknyga.lt\/produktas\/ricardas-gavelis-vilniaus-pokeris-2\/#breadcrumb","itemListElement":[{"@type":"ListItem","position":1,"name":"Home","item":"https:\/\/skaitytaknyga.lt\/"},{"@type":"ListItem","position":2,"name":"Parduotuv\u0117","item":"https:\/\/skaitytaknyga.lt\/knygu-parduotuve\/"},{"@type":"ListItem","position":3,"name":"Ri\u010dardas Gavelis \u201e Vilniaus pokeris\u201c (pagelt\u0119 lapai)"}]},{"@type":"WebSite","@id":"https:\/\/skaitytaknyga.lt\/#website","url":"https:\/\/skaitytaknyga.lt\/","name":"skaitytaknyga.lt","description":"Skaitytaknyga.lt \u2013 tai ma\u017eas \u0161eimos verslas, kuris prasid\u0117jo nuo meil\u0117s knygoms ir siekio i\u0161gelb\u0117ti knygas nuo likimo prie konteinerio. Kas vienam nereikalingas daiktas \u2013 kitam lobis, o mes esame tarpininkai, kurie padeda abiems tapti laimingesniems ???? \u017dinome kaip nelengva i\u0161gyventi ma\u017eiems verslams, tad nuo \u0161iol, \u010dia rasite ir kit\u0173, ma\u017e\u0173 \u0161eim\u0173 versl\u0173, rank\u0173 darbo, dovan\u0173 sau ir artimiesiems.","publisher":{"@id":"https:\/\/skaitytaknyga.lt\/#organization"},"potentialAction":[{"@type":"SearchAction","target":{"@type":"EntryPoint","urlTemplate":"https:\/\/skaitytaknyga.lt\/?s={search_term_string}"},"query-input":{"@type":"PropertyValueSpecification","valueRequired":true,"valueName":"search_term_string"}}],"inLanguage":"en-GB"},{"@type":"Organization","@id":"https:\/\/skaitytaknyga.lt\/#organization","name":"skaitytaknyga.lt","url":"https:\/\/skaitytaknyga.lt\/","logo":{"@type":"ImageObject","inLanguage":"en-GB","@id":"https:\/\/skaitytaknyga.lt\/#\/schema\/logo\/image\/","url":"https:\/\/skaitytaknyga.lt\/wp-content\/uploads\/2024\/05\/cropped-cropped-cropped-02_00843_jt3bggkj1j3HLc7SyY6rEUpg.jpeg","contentUrl":"https:\/\/skaitytaknyga.lt\/wp-content\/uploads\/2024\/05\/cropped-cropped-cropped-02_00843_jt3bggkj1j3HLc7SyY6rEUpg.jpeg","width":1600,"height":1600,"caption":"skaitytaknyga.lt"},"image":{"@id":"https:\/\/skaitytaknyga.lt\/#\/schema\/logo\/image\/"},"sameAs":["https:\/\/www.facebook.com\/skaitytaknyga\/"]}]}},"_links":{"self":[{"href":"https:\/\/skaitytaknyga.lt\/en\/wp-json\/wp\/v2\/product\/8817","targetHints":{"allow":["GET"]}}],"collection":[{"href":"https:\/\/skaitytaknyga.lt\/en\/wp-json\/wp\/v2\/product"}],"about":[{"href":"https:\/\/skaitytaknyga.lt\/en\/wp-json\/wp\/v2\/types\/product"}],"replies":[{"embeddable":true,"href":"https:\/\/skaitytaknyga.lt\/en\/wp-json\/wp\/v2\/comments?post=8817"}],"wp:featuredmedia":[{"embeddable":true,"href":"https:\/\/skaitytaknyga.lt\/en\/wp-json\/wp\/v2\/media\/5570"}],"wp:attachment":[{"href":"https:\/\/skaitytaknyga.lt\/en\/wp-json\/wp\/v2\/media?parent=8817"}],"wp:term":[{"taxonomy":"product_brand","embeddable":true,"href":"https:\/\/skaitytaknyga.lt\/en\/wp-json\/wp\/v2\/product_brand?post=8817"},{"taxonomy":"product_cat","embeddable":true,"href":"https:\/\/skaitytaknyga.lt\/en\/wp-json\/wp\/v2\/product_cat?post=8817"},{"taxonomy":"product_tag","embeddable":true,"href":"https:\/\/skaitytaknyga.lt\/en\/wp-json\/wp\/v2\/product_tag?post=8817"}],"curies":[{"name":"wp","href":"https:\/\/api.w.org\/{rel}","templated":true}]}}