{"id":8802,"date":"2024-05-04T14:51:55","date_gmt":"2024-05-04T14:51:55","guid":{"rendered":"https:\/\/skaitytaknyga.lt\/?post_type=product&#038;p=8802"},"modified":"2025-06-26T15:52:35","modified_gmt":"2025-06-26T12:52:35","slug":"zuvis-tavyje-pries-35-mlrd-metu-prasidejusi-zmogaus-kuno-istorija-2","status":"publish","type":"product","link":"https:\/\/skaitytaknyga.lt\/en\/produktas\/zuvis-tavyje-pries-35-mlrd-metu-prasidejusi-zmogaus-kuno-istorija-2\/","title":{"rendered":"\u017duvis tavyje. Prie\u0161 3,5 mlrd. met\u0173 prasid\u0117jusi \u017emogaus k\u016bno istorija"},"content":{"rendered":"<p>Knygoje autorius pateikia nauj\u0105 \u017emogaus k\u016bno kilm\u0117s teorij\u0105. Ekspedicij\u0173 ir kasin\u0117jim\u0173 metu aptikt\u0173 fosilij\u0173 sandaros ir DNR strukt\u016bros bei \u017emogaus anatomijos tyrin\u0117jimai atskleid\u017eia esmines s\u0105sajas, ver\u010dian\u010dias mus tapatintis su \u017euvimis.<\/p>\n<p>Visa tai padeda paai\u0161kinti ne tik gen\u0173 mutacij\u0173, nul\u0117musi\u0173 anatominius k\u016bno pasikeitimus, prie\u017eastis, bet ir leid\u017eia priart\u0117ti prie vieno fundamentalaus gyvosios gamtos principo atradimo.<\/p>\n<p>Tokios netik\u0117tos i\u0161vados suteikia galimyb\u0119 pa\u017evelgti \u012f save ir supant\u012f pasaul\u012f visai kitomis akimis.<\/p>\n","protected":false},"excerpt":{"rendered":"<p>Knygoje autorius pateikia nauj\u0105 \u017emogaus k\u016bno kilm\u0117s teorij\u0105. Ekspedicij\u0173 ir kasin\u0117jim\u0173 metu aptikt\u0173 fosilij\u0173 sandaros ir DNR strukt\u016bros bei \u017emogaus anatomijos tyrin\u0117jimai atskleid\u017eia esmines s\u0105sajas, ver\u010dian\u010dias mus tapatintis su \u017euvimis.<\/p>\n<p>Visa tai padeda paai\u0161kinti ne tik gen\u0173 mutacij\u0173, nul\u0117musi\u0173 anatominius k\u016bno pasikeitimus, prie\u017eastis, bet ir leid\u017eia priart\u0117ti prie vieno fundamentalaus gyvosios gamtos principo atradimo.<\/p>\n<p>Tokios netik\u0117tos i\u0161vados suteikia galimyb\u0119 pa\u017evelgti \u012f save ir supant\u012f pasaul\u012f visai kitomis akimis.<\/p>\n","protected":false},"featured_media":5540,"comment_status":"closed","ping_status":"closed","template":"","meta":{"_acf_changed":false,"site-sidebar-layout":"default","site-content-layout":"","ast-site-content-layout":"default","site-content-style":"default","site-sidebar-style":"default","ast-global-header-display":"","ast-banner-title-visibility":"","ast-main-header-display":"","ast-hfb-above-header-display":"","ast-hfb-below-header-display":"","ast-hfb-mobile-header-display":"","site-post-title":"","ast-breadcrumbs-content":"","ast-featured-img":"","footer-sml-layout":"","ast-disable-related-posts":"","theme-transparent-header-meta":"","adv-header-id-meta":"","stick-header-meta":"","header-above-stick-meta":"","header-main-stick-meta":"","header-below-stick-meta":"","astra-migrate-meta-layouts":"default","ast-page-background-enabled":"default","ast-page-background-meta":{"desktop":{"background-color":"","background-image":"","background-repeat":"repeat","background-position":"center center","background-size":"auto","background-attachment":"scroll","background-type":"","background-media":"","overlay-type":"","overlay-color":"","overlay-opacity":"","overlay-gradient":""},"tablet":{"background-color":"","background-image":"","background-repeat":"repeat","background-position":"center center","background-size":"auto","background-attachment":"scroll","background-type":"","background-media":"","overlay-type":"","overlay-color":"","overlay-opacity":"","overlay-gradient":""},"mobile":{"background-color":"","background-image":"","background-repeat":"repeat","background-position":"center center","background-size":"auto","background-attachment":"scroll","background-type":"","background-media":"","overlay-type":"","overlay-color":"","overlay-opacity":"","overlay-gradient":""}},"ast-content-background-meta":{"desktop":{"background-color":"var(--ast-global-color-4)","background-image":"","background-repeat":"repeat","background-position":"center center","background-size":"auto","background-attachment":"scroll","background-type":"","background-media":"","overlay-type":"","overlay-color":"","overlay-opacity":"","overlay-gradient":""},"tablet":{"background-color":"var(--ast-global-color-4)","background-image":"","background-repeat":"repeat","background-position":"center center","background-size":"auto","background-attachment":"scroll","background-type":"","background-media":"","overlay-type":"","overlay-color":"","overlay-opacity":"","overlay-gradient":""},"mobile":{"background-color":"var(--ast-global-color-4)","background-image":"","background-repeat":"repeat","background-position":"center center","background-size":"auto","background-attachment":"scroll","background-type":"","background-media":"","overlay-type":"","overlay-color":"","overlay-opacity":"","overlay-gradient":""}}},"product_brand":[],"product_cat":[269,174],"product_tag":[5598,3282,5652,5880,1524,5878,5879],"class_list":{"0":"post-8802","1":"product","2":"type-product","3":"status-publish","4":"has-post-thumbnail","6":"product_cat-gamtos-mokslai","7":"product_cat-istorija-ir-politologija","8":"product_tag-biologija","9":"product_tag-dnr","10":"product_tag-evoliucija","11":"product_tag-fosilijos","12":"product_tag-mokslas","13":"product_tag-zmogaus-anatomija","14":"product_tag-zuvys","15":"pa_leidimo-metai-636","16":"desktop-align-left","17":"tablet-align-left","18":"mobile-align-left","20":"first","21":"outofstock","22":"shipping-taxable","23":"purchasable","24":"product-type-simple"},"acf":[],"yoast_head":"<!-- This site is optimized with the Yoast SEO plugin v27.0 - https:\/\/yoast.com\/product\/yoast-seo-wordpress\/ -->\n<title>\u017duvis tavyje. Prie\u0161 3,5 mlrd. met\u0173 prasid\u0117jusi \u017emogaus k\u016bno istorija<\/title>\n<meta name=\"description\" content=\"Knygoje autorius pateikia nauj\u0105 \u017emogaus k\u016bno kilm\u0117s teorij\u0105. Ekspedicij\u0173 ir kasin\u0117jim\u0173 metu aptikt\u0173 fosilij\u0173 sandaros ir DNR strukt\u016bros bei \u017emogaus anatomijos tyrin\u0117jimai atskleid\u017eia esmines s\u0105sajas, ver\u010dian\u010dias mus tapatintis su \u017euvimis.  Visa tai padeda paai\u0161kinti ne tik gen\u0173 mutacij\u0173, nul\u0117musi\u0173 anatominius k\u016bno pasikeitimus, prie\u017eastis, bet ir leid\u017eia priart\u0117ti prie vieno fundamentalaus gyvosios gamtos principo atradimo.  Tokios netik\u0117tos i\u0161vados suteikia galimyb\u0119 pa\u017evelgti \u012f save ir supant\u012f pasaul\u012f visai kitomis akimis.\" \/>\n<meta name=\"robots\" content=\"index, follow, max-snippet:-1, max-image-preview:large, max-video-preview:-1\" \/>\n<link rel=\"canonical\" href=\"https:\/\/skaitytaknyga.lt\/en\/produktas\/zuvis-tavyje-pries-35-mlrd-metu-prasidejusi-zmogaus-kuno-istorija-2\/\" \/>\n<meta property=\"og:locale\" content=\"en_GB\" \/>\n<meta property=\"og:locale:alternate\" content=\"lt_LT\" \/>\n<meta property=\"og:type\" content=\"article\" \/>\n<meta property=\"og:title\" content=\"\u017duvis tavyje. Prie\u0161 3,5 mlrd. met\u0173 prasid\u0117jusi \u017emogaus k\u016bno istorija\" \/>\n<meta property=\"og:description\" content=\"Knygoje autorius pateikia nauj\u0105 \u017emogaus k\u016bno kilm\u0117s teorij\u0105. Ekspedicij\u0173 ir kasin\u0117jim\u0173 metu aptikt\u0173 fosilij\u0173 sandaros ir DNR strukt\u016bros bei \u017emogaus anatomijos tyrin\u0117jimai atskleid\u017eia esmines s\u0105sajas, ver\u010dian\u010dias mus tapatintis su \u017euvimis.  Visa tai padeda paai\u0161kinti ne tik gen\u0173 mutacij\u0173, nul\u0117musi\u0173 anatominius k\u016bno pasikeitimus, prie\u017eastis, bet ir leid\u017eia priart\u0117ti prie vieno fundamentalaus gyvosios gamtos principo atradimo.  Tokios netik\u0117tos i\u0161vados suteikia galimyb\u0119 pa\u017evelgti \u012f save ir supant\u012f pasaul\u012f visai kitomis akimis.\" \/>\n<meta property=\"og:url\" content=\"https:\/\/skaitytaknyga.lt\/en\/produktas\/zuvis-tavyje-pries-35-mlrd-metu-prasidejusi-zmogaus-kuno-istorija-2\/\" \/>\n<meta property=\"og:site_name\" content=\"Skaitytaknyga\" \/>\n<meta property=\"article:publisher\" content=\"https:\/\/www.facebook.com\/skaitytaknyga\/\" \/>\n<meta property=\"article:modified_time\" content=\"2025-06-26T12:52:35+00:00\" \/>\n<meta property=\"og:image\" content=\"https:\/\/skaitytaknyga.lt\/wp-content\/uploads\/2024\/05\/zuvistavyje.jpg\" \/>\n\t<meta property=\"og:image:width\" content=\"290\" \/>\n\t<meta property=\"og:image:height\" content=\"430\" \/>\n\t<meta property=\"og:image:type\" content=\"image\/jpeg\" \/>\n<meta name=\"twitter:card\" content=\"summary_large_image\" \/>\n<script type=\"application\/ld+json\" class=\"yoast-schema-graph\">{\"@context\":\"https:\/\/schema.org\",\"@graph\":[{\"@type\":\"WebPage\",\"@id\":\"https:\/\/skaitytaknyga.lt\/produktas\/zuvis-tavyje-pries-35-mlrd-metu-prasidejusi-zmogaus-kuno-istorija-2\/\",\"url\":\"https:\/\/skaitytaknyga.lt\/produktas\/zuvis-tavyje-pries-35-mlrd-metu-prasidejusi-zmogaus-kuno-istorija-2\/\",\"name\":\"\u017duvis tavyje. Prie\u0161 3,5 mlrd. met\u0173 prasid\u0117jusi \u017emogaus k\u016bno istorija\",\"isPartOf\":{\"@id\":\"https:\/\/skaitytaknyga.lt\/#website\"},\"primaryImageOfPage\":{\"@id\":\"https:\/\/skaitytaknyga.lt\/produktas\/zuvis-tavyje-pries-35-mlrd-metu-prasidejusi-zmogaus-kuno-istorija-2\/#primaryimage\"},\"image\":{\"@id\":\"https:\/\/skaitytaknyga.lt\/produktas\/zuvis-tavyje-pries-35-mlrd-metu-prasidejusi-zmogaus-kuno-istorija-2\/#primaryimage\"},\"thumbnailUrl\":\"https:\/\/skaitytaknyga.lt\/wp-content\/uploads\/2024\/05\/zuvistavyje.jpg\",\"datePublished\":\"2024-05-04T14:51:55+00:00\",\"dateModified\":\"2025-06-26T12:52:35+00:00\",\"description\":\"Knygoje autorius pateikia nauj\u0105 \u017emogaus k\u016bno kilm\u0117s teorij\u0105. Ekspedicij\u0173 ir kasin\u0117jim\u0173 metu aptikt\u0173 fosilij\u0173 sandaros ir DNR strukt\u016bros bei \u017emogaus anatomijos tyrin\u0117jimai atskleid\u017eia esmines s\u0105sajas, ver\u010dian\u010dias mus tapatintis su \u017euvimis. Visa tai padeda paai\u0161kinti ne tik gen\u0173 mutacij\u0173, nul\u0117musi\u0173 anatominius k\u016bno pasikeitimus, prie\u017eastis, bet ir leid\u017eia priart\u0117ti prie vieno fundamentalaus gyvosios gamtos principo atradimo. Tokios netik\u0117tos i\u0161vados suteikia galimyb\u0119 pa\u017evelgti \u012f save ir supant\u012f pasaul\u012f visai kitomis akimis.\",\"breadcrumb\":{\"@id\":\"https:\/\/skaitytaknyga.lt\/produktas\/zuvis-tavyje-pries-35-mlrd-metu-prasidejusi-zmogaus-kuno-istorija-2\/#breadcrumb\"},\"inLanguage\":\"en-GB\",\"potentialAction\":[{\"@type\":\"ReadAction\",\"target\":[\"https:\/\/skaitytaknyga.lt\/produktas\/zuvis-tavyje-pries-35-mlrd-metu-prasidejusi-zmogaus-kuno-istorija-2\/\"]}]},{\"@type\":\"ImageObject\",\"inLanguage\":\"en-GB\",\"@id\":\"https:\/\/skaitytaknyga.lt\/produktas\/zuvis-tavyje-pries-35-mlrd-metu-prasidejusi-zmogaus-kuno-istorija-2\/#primaryimage\",\"url\":\"https:\/\/skaitytaknyga.lt\/wp-content\/uploads\/2024\/05\/zuvistavyje.jpg\",\"contentUrl\":\"https:\/\/skaitytaknyga.lt\/wp-content\/uploads\/2024\/05\/zuvistavyje.jpg\",\"width\":290,\"height\":430},{\"@type\":\"BreadcrumbList\",\"@id\":\"https:\/\/skaitytaknyga.lt\/produktas\/zuvis-tavyje-pries-35-mlrd-metu-prasidejusi-zmogaus-kuno-istorija-2\/#breadcrumb\",\"itemListElement\":[{\"@type\":\"ListItem\",\"position\":1,\"name\":\"Home\",\"item\":\"https:\/\/skaitytaknyga.lt\/\"},{\"@type\":\"ListItem\",\"position\":2,\"name\":\"Parduotuv\u0117\",\"item\":\"https:\/\/skaitytaknyga.lt\/knygu-parduotuve\/\"},{\"@type\":\"ListItem\",\"position\":3,\"name\":\"\u017duvis tavyje. Prie\u0161 3,5 mlrd. met\u0173 prasid\u0117jusi \u017emogaus k\u016bno istorija\"}]},{\"@type\":\"WebSite\",\"@id\":\"https:\/\/skaitytaknyga.lt\/#website\",\"url\":\"https:\/\/skaitytaknyga.lt\/\",\"name\":\"skaitytaknyga.lt\",\"description\":\"Skaitytaknyga.lt \u2013 tai ma\u017eas \u0161eimos verslas, kuris prasid\u0117jo nuo meil\u0117s knygoms ir siekio i\u0161gelb\u0117ti knygas nuo likimo prie konteinerio. Kas vienam nereikalingas daiktas \u2013 kitam lobis, o mes esame tarpininkai, kurie padeda abiems tapti laimingesniems ???? \u017dinome kaip nelengva i\u0161gyventi ma\u017eiems verslams, tad nuo \u0161iol, \u010dia rasite ir kit\u0173, ma\u017e\u0173 \u0161eim\u0173 versl\u0173, rank\u0173 darbo, dovan\u0173 sau ir artimiesiems.\",\"publisher\":{\"@id\":\"https:\/\/skaitytaknyga.lt\/#organization\"},\"potentialAction\":[{\"@type\":\"SearchAction\",\"target\":{\"@type\":\"EntryPoint\",\"urlTemplate\":\"https:\/\/skaitytaknyga.lt\/?s={search_term_string}\"},\"query-input\":{\"@type\":\"PropertyValueSpecification\",\"valueRequired\":true,\"valueName\":\"search_term_string\"}}],\"inLanguage\":\"en-GB\"},{\"@type\":\"Organization\",\"@id\":\"https:\/\/skaitytaknyga.lt\/#organization\",\"name\":\"skaitytaknyga.lt\",\"url\":\"https:\/\/skaitytaknyga.lt\/\",\"logo\":{\"@type\":\"ImageObject\",\"inLanguage\":\"en-GB\",\"@id\":\"https:\/\/skaitytaknyga.lt\/#\/schema\/logo\/image\/\",\"url\":\"https:\/\/skaitytaknyga.lt\/wp-content\/uploads\/2024\/05\/cropped-cropped-cropped-02_00843_jt3bggkj1j3HLc7SyY6rEUpg.jpeg\",\"contentUrl\":\"https:\/\/skaitytaknyga.lt\/wp-content\/uploads\/2024\/05\/cropped-cropped-cropped-02_00843_jt3bggkj1j3HLc7SyY6rEUpg.jpeg\",\"width\":1600,\"height\":1600,\"caption\":\"skaitytaknyga.lt\"},\"image\":{\"@id\":\"https:\/\/skaitytaknyga.lt\/#\/schema\/logo\/image\/\"},\"sameAs\":[\"https:\/\/www.facebook.com\/skaitytaknyga\/\"]}]}<\/script>\n<!-- \/ Yoast SEO plugin. -->","yoast_head_json":{"title":"\u017duvis tavyje. Prie\u0161 3,5 mlrd. met\u0173 prasid\u0117jusi \u017emogaus k\u016bno istorija","description":"Knygoje autorius pateikia nauj\u0105 \u017emogaus k\u016bno kilm\u0117s teorij\u0105. Ekspedicij\u0173 ir kasin\u0117jim\u0173 metu aptikt\u0173 fosilij\u0173 sandaros ir DNR strukt\u016bros bei \u017emogaus anatomijos tyrin\u0117jimai atskleid\u017eia esmines s\u0105sajas, ver\u010dian\u010dias mus tapatintis su \u017euvimis.  Visa tai padeda paai\u0161kinti ne tik gen\u0173 mutacij\u0173, nul\u0117musi\u0173 anatominius k\u016bno pasikeitimus, prie\u017eastis, bet ir leid\u017eia priart\u0117ti prie vieno fundamentalaus gyvosios gamtos principo atradimo.  Tokios netik\u0117tos i\u0161vados suteikia galimyb\u0119 pa\u017evelgti \u012f save ir supant\u012f pasaul\u012f visai kitomis akimis.","robots":{"index":"index","follow":"follow","max-snippet":"max-snippet:-1","max-image-preview":"max-image-preview:large","max-video-preview":"max-video-preview:-1"},"canonical":"https:\/\/skaitytaknyga.lt\/en\/produktas\/zuvis-tavyje-pries-35-mlrd-metu-prasidejusi-zmogaus-kuno-istorija-2\/","og_locale":"en_GB","og_type":"article","og_title":"[:lt]\u017duvis tavyje. Prie\u0161 3,5 mlrd. met\u0173 prasid\u0117jusi \u017emogaus k\u016bno istorija[:] - Skaitytaknyga","og_description":"Knygoje autorius pateikia nauj\u0105 \u017emogaus k\u016bno kilm\u0117s teorij\u0105. Ekspedicij\u0173 ir kasin\u0117jim\u0173 metu aptikt\u0173 fosilij\u0173 sandaros ir DNR strukt\u016bros bei \u017emogaus anatomijos tyrin\u0117jimai atskleid\u017eia esmines s\u0105sajas, ver\u010dian\u010dias mus tapatintis su \u017euvimis.  Visa tai padeda paai\u0161kinti ne tik gen\u0173 mutacij\u0173, nul\u0117musi\u0173 anatominius k\u016bno pasikeitimus, prie\u017eastis, bet ir leid\u017eia priart\u0117ti prie vieno fundamentalaus gyvosios gamtos principo atradimo.  Tokios netik\u0117tos i\u0161vados suteikia galimyb\u0119 pa\u017evelgti \u012f save ir supant\u012f pasaul\u012f visai kitomis akimis.","og_url":"https:\/\/skaitytaknyga.lt\/en\/produktas\/zuvis-tavyje-pries-35-mlrd-metu-prasidejusi-zmogaus-kuno-istorija-2\/","og_site_name":"Skaitytaknyga","article_publisher":"https:\/\/www.facebook.com\/skaitytaknyga\/","article_modified_time":"2025-06-26T12:52:35+00:00","og_image":[{"width":290,"height":430,"url":"https:\/\/skaitytaknyga.lt\/wp-content\/uploads\/2024\/05\/zuvistavyje.jpg","type":"image\/jpeg"}],"twitter_card":"summary_large_image","schema":{"@context":"https:\/\/schema.org","@graph":[{"@type":"WebPage","@id":"https:\/\/skaitytaknyga.lt\/produktas\/zuvis-tavyje-pries-35-mlrd-metu-prasidejusi-zmogaus-kuno-istorija-2\/","url":"https:\/\/skaitytaknyga.lt\/produktas\/zuvis-tavyje-pries-35-mlrd-metu-prasidejusi-zmogaus-kuno-istorija-2\/","name":"\u017duvis tavyje. Prie\u0161 3,5 mlrd. met\u0173 prasid\u0117jusi \u017emogaus k\u016bno istorija","isPartOf":{"@id":"https:\/\/skaitytaknyga.lt\/#website"},"primaryImageOfPage":{"@id":"https:\/\/skaitytaknyga.lt\/produktas\/zuvis-tavyje-pries-35-mlrd-metu-prasidejusi-zmogaus-kuno-istorija-2\/#primaryimage"},"image":{"@id":"https:\/\/skaitytaknyga.lt\/produktas\/zuvis-tavyje-pries-35-mlrd-metu-prasidejusi-zmogaus-kuno-istorija-2\/#primaryimage"},"thumbnailUrl":"https:\/\/skaitytaknyga.lt\/wp-content\/uploads\/2024\/05\/zuvistavyje.jpg","datePublished":"2024-05-04T14:51:55+00:00","dateModified":"2025-06-26T12:52:35+00:00","description":"Knygoje autorius pateikia nauj\u0105 \u017emogaus k\u016bno kilm\u0117s teorij\u0105. Ekspedicij\u0173 ir kasin\u0117jim\u0173 metu aptikt\u0173 fosilij\u0173 sandaros ir DNR strukt\u016bros bei \u017emogaus anatomijos tyrin\u0117jimai atskleid\u017eia esmines s\u0105sajas, ver\u010dian\u010dias mus tapatintis su \u017euvimis. Visa tai padeda paai\u0161kinti ne tik gen\u0173 mutacij\u0173, nul\u0117musi\u0173 anatominius k\u016bno pasikeitimus, prie\u017eastis, bet ir leid\u017eia priart\u0117ti prie vieno fundamentalaus gyvosios gamtos principo atradimo. Tokios netik\u0117tos i\u0161vados suteikia galimyb\u0119 pa\u017evelgti \u012f save ir supant\u012f pasaul\u012f visai kitomis akimis.","breadcrumb":{"@id":"https:\/\/skaitytaknyga.lt\/produktas\/zuvis-tavyje-pries-35-mlrd-metu-prasidejusi-zmogaus-kuno-istorija-2\/#breadcrumb"},"inLanguage":"en-GB","potentialAction":[{"@type":"ReadAction","target":["https:\/\/skaitytaknyga.lt\/produktas\/zuvis-tavyje-pries-35-mlrd-metu-prasidejusi-zmogaus-kuno-istorija-2\/"]}]},{"@type":"ImageObject","inLanguage":"en-GB","@id":"https:\/\/skaitytaknyga.lt\/produktas\/zuvis-tavyje-pries-35-mlrd-metu-prasidejusi-zmogaus-kuno-istorija-2\/#primaryimage","url":"https:\/\/skaitytaknyga.lt\/wp-content\/uploads\/2024\/05\/zuvistavyje.jpg","contentUrl":"https:\/\/skaitytaknyga.lt\/wp-content\/uploads\/2024\/05\/zuvistavyje.jpg","width":290,"height":430},{"@type":"BreadcrumbList","@id":"https:\/\/skaitytaknyga.lt\/produktas\/zuvis-tavyje-pries-35-mlrd-metu-prasidejusi-zmogaus-kuno-istorija-2\/#breadcrumb","itemListElement":[{"@type":"ListItem","position":1,"name":"Home","item":"https:\/\/skaitytaknyga.lt\/"},{"@type":"ListItem","position":2,"name":"Parduotuv\u0117","item":"https:\/\/skaitytaknyga.lt\/knygu-parduotuve\/"},{"@type":"ListItem","position":3,"name":"\u017duvis tavyje. Prie\u0161 3,5 mlrd. met\u0173 prasid\u0117jusi \u017emogaus k\u016bno istorija"}]},{"@type":"WebSite","@id":"https:\/\/skaitytaknyga.lt\/#website","url":"https:\/\/skaitytaknyga.lt\/","name":"skaitytaknyga.lt","description":"Skaitytaknyga.lt \u2013 tai ma\u017eas \u0161eimos verslas, kuris prasid\u0117jo nuo meil\u0117s knygoms ir siekio i\u0161gelb\u0117ti knygas nuo likimo prie konteinerio. Kas vienam nereikalingas daiktas \u2013 kitam lobis, o mes esame tarpininkai, kurie padeda abiems tapti laimingesniems ???? \u017dinome kaip nelengva i\u0161gyventi ma\u017eiems verslams, tad nuo \u0161iol, \u010dia rasite ir kit\u0173, ma\u017e\u0173 \u0161eim\u0173 versl\u0173, rank\u0173 darbo, dovan\u0173 sau ir artimiesiems.","publisher":{"@id":"https:\/\/skaitytaknyga.lt\/#organization"},"potentialAction":[{"@type":"SearchAction","target":{"@type":"EntryPoint","urlTemplate":"https:\/\/skaitytaknyga.lt\/?s={search_term_string}"},"query-input":{"@type":"PropertyValueSpecification","valueRequired":true,"valueName":"search_term_string"}}],"inLanguage":"en-GB"},{"@type":"Organization","@id":"https:\/\/skaitytaknyga.lt\/#organization","name":"skaitytaknyga.lt","url":"https:\/\/skaitytaknyga.lt\/","logo":{"@type":"ImageObject","inLanguage":"en-GB","@id":"https:\/\/skaitytaknyga.lt\/#\/schema\/logo\/image\/","url":"https:\/\/skaitytaknyga.lt\/wp-content\/uploads\/2024\/05\/cropped-cropped-cropped-02_00843_jt3bggkj1j3HLc7SyY6rEUpg.jpeg","contentUrl":"https:\/\/skaitytaknyga.lt\/wp-content\/uploads\/2024\/05\/cropped-cropped-cropped-02_00843_jt3bggkj1j3HLc7SyY6rEUpg.jpeg","width":1600,"height":1600,"caption":"skaitytaknyga.lt"},"image":{"@id":"https:\/\/skaitytaknyga.lt\/#\/schema\/logo\/image\/"},"sameAs":["https:\/\/www.facebook.com\/skaitytaknyga\/"]}]}},"_links":{"self":[{"href":"https:\/\/skaitytaknyga.lt\/en\/wp-json\/wp\/v2\/product\/8802","targetHints":{"allow":["GET"]}}],"collection":[{"href":"https:\/\/skaitytaknyga.lt\/en\/wp-json\/wp\/v2\/product"}],"about":[{"href":"https:\/\/skaitytaknyga.lt\/en\/wp-json\/wp\/v2\/types\/product"}],"replies":[{"embeddable":true,"href":"https:\/\/skaitytaknyga.lt\/en\/wp-json\/wp\/v2\/comments?post=8802"}],"wp:featuredmedia":[{"embeddable":true,"href":"https:\/\/skaitytaknyga.lt\/en\/wp-json\/wp\/v2\/media\/5540"}],"wp:attachment":[{"href":"https:\/\/skaitytaknyga.lt\/en\/wp-json\/wp\/v2\/media?parent=8802"}],"wp:term":[{"taxonomy":"product_brand","embeddable":true,"href":"https:\/\/skaitytaknyga.lt\/en\/wp-json\/wp\/v2\/product_brand?post=8802"},{"taxonomy":"product_cat","embeddable":true,"href":"https:\/\/skaitytaknyga.lt\/en\/wp-json\/wp\/v2\/product_cat?post=8802"},{"taxonomy":"product_tag","embeddable":true,"href":"https:\/\/skaitytaknyga.lt\/en\/wp-json\/wp\/v2\/product_tag?post=8802"}],"curies":[{"name":"wp","href":"https:\/\/api.w.org\/{rel}","templated":true}]}}