{"id":8798,"date":"2025-04-14T14:51:32","date_gmt":"2025-04-14T11:51:32","guid":{"rendered":"https:\/\/skaitytaknyga.lt\/?post_type=product&#038;p=8798"},"modified":"2026-02-18T12:43:33","modified_gmt":"2026-02-18T10:43:33","slug":"pirmykste-moteris-kelione-per-lygumas-iv-2","status":"publish","type":"product","link":"https:\/\/skaitytaknyga.lt\/en\/produktas\/pirmykste-moteris-kelione-per-lygumas-iv-2\/","title":{"rendered":"Pirmyk\u0161t\u0117 moteris: Kelion\u0117 per lygumas (IV)"},"content":{"rendered":"<div>\n<p>Na\u0161lait\u0117 Aila ir keliautojas Jondalaras palieka saugi\u0105 mamutoj\u0173 \u017eem\u0119 prie Juodosios j\u016bros ir leid\u017eiasi \u012f pavojing\u0105 ir i\u0161\u0161\u016bki\u0173 kupin\u0105 kelion\u0119 per vis\u0105 \u017eemyn\u0105 \u012f kromanjonie\u010di\u0173 gyvenviet\u0119 dabartin\u0117je Piet\u0173 Pranc\u016bzijoje, i\u0161 kur kadaise i\u0161keliavo Jondalaras su broliu.<\/p>\n<\/div>\n<div>\n<p>Odis\u0117ja suveda por\u0105 su \u012fvairiais nepa\u017e\u012fstamaisiais retai gyvenamose Europos lygumose. Vienus \u017eavi atvyk\u0117li\u0173 sugeb\u0117jimai naudotis \u012frankiais ir \u201esusikalb\u0117ti\u201c su \u017ev\u0117rimis, kiti \u0161alinasi j\u0173 bijodami to, ko nesupranta, treti net kelia gr\u0117sm\u0119 gyvybei. Lydimi prijaukinto vilko, puikaus rist\u016bno Lenktynininko ir kumel\u0117s Yhaha jie narsiai pasitinka tiek \u017eiaurius prie\u0161us, tiek negailestingus gamtos i\u0161m\u0117ginimus ie\u0161kodami vietos, kuri\u0105 gal\u0117t\u0173 pavadinti savo namais.<\/p>\n<ul class=\"about-product d-none d-xl-block mt-4\">\n<li><strong>Originalus pavadinimas:<\/strong>\u00a0THE PLAINS OF PASSAGE<\/li>\n<li><strong>Autorius:<\/strong>\u00a0Jean M. Auel<\/li>\n<li><strong>Leid\u0117jas<\/strong>\u00a0Obuolys<\/li>\n<li><strong>Metai:<\/strong>\u00a02014<\/li>\n<li><strong>Puslapiai:<\/strong>\u00a0830<\/li>\n<li class=\"toggleable type-new-formats \"><strong>ISBN :\u00a0<\/strong>9786094036804<\/li>\n<li><strong>Versijos kodas:<\/strong>\u00a0PT.<\/li>\n<li class=\"toggleable type-new-formats \"><strong>Formatas:<\/strong>\u00a014,2 x 23,4 cm, kieti vir\u0161eliai<\/li>\n<li><strong>Kalba:<\/strong>\u00a0Lietuvi\u0173<\/li>\n<li><strong>Vert\u0117jas:<\/strong>\u00a0Giedr\u0117 Tart\u0117nien\u0117<\/li>\n<\/ul>\n<\/div>\n","protected":false},"excerpt":{"rendered":"<p>Na\u0161lait\u0117 Aila ir keliautojas Jondalaras palieka saugi\u0105 mamutoj\u0173 \u017eem\u0119 prie Juodosios j\u016bros ir leid\u017eiasi \u012f pavojing\u0105 ir i\u0161\u0161\u016bki\u0173 kupin\u0105 kelion\u0119 per vis\u0105 \u017eemyn\u0105 \u012f kromanjonie\u010di\u0173 gyvenviet\u0119 dabartin\u0117je Piet\u0173 Pranc\u016bzijoje, i\u0161 kur kadaise i\u0161keliavo Jondalaras su broliu. Odis\u0117ja suveda por\u0105 su \u012fvairiais nepa\u017e\u012fstamaisiais retai gyvenamose Europos lygumose. Vienus \u017eavi atvyk\u0117li\u0173 sugeb\u0117jimai naudotis \u012frankiais ir \u201esusikalb\u0117ti\u201c su \u017ev\u0117rimis, kiti \u0161alinasi j\u0173 bijodami to, ko nesupranta, treti net kelia gr\u0117sm\u0119 gyvybei. Lydimi prijaukinto vilko, puikaus rist\u016bno Lenktynininko ir kumel\u0117s Yhaha jie narsiai pasitinka tiek \u017eiaurius prie\u0161us, tiek negailestingus gamtos i\u0161m\u0117ginimus ie\u0161kodami vietos, kuri\u0105 gal\u0117t\u0173 pavadinti savo namais. Originalus pavadinimas:\u00a0THE PLAINS OF PASSAGE Autorius:\u00a0Jean M. Auel Leid\u0117jas\u00a0Obuolys Metai:\u00a02014 Puslapiai:\u00a0830 ISBN :\u00a09786094036804 Versijos kodas:\u00a0PT. Formatas:\u00a014,2 x 23,4 cm, kieti vir\u0161eliai Kalba:\u00a0Lietuvi\u0173 Vert\u0117jas:\u00a0Giedr\u0117 Tart\u0117nien\u0117<\/p>\n","protected":false},"featured_media":5532,"comment_status":"closed","ping_status":"closed","template":"","meta":{"_acf_changed":false,"site-sidebar-layout":"default","site-content-layout":"","ast-site-content-layout":"default","site-content-style":"default","site-sidebar-style":"default","ast-global-header-display":"","ast-banner-title-visibility":"","ast-main-header-display":"","ast-hfb-above-header-display":"","ast-hfb-below-header-display":"","ast-hfb-mobile-header-display":"","site-post-title":"","ast-breadcrumbs-content":"","ast-featured-img":"","footer-sml-layout":"","ast-disable-related-posts":"","theme-transparent-header-meta":"default","adv-header-id-meta":"","stick-header-meta":"","header-above-stick-meta":"","header-main-stick-meta":"","header-below-stick-meta":"","astra-migrate-meta-layouts":"set","ast-page-background-enabled":"default","ast-page-background-meta":{"desktop":{"background-color":"","background-image":"","background-repeat":"repeat","background-position":"center center","background-size":"auto","background-attachment":"scroll","background-type":"","background-media":"","overlay-type":"","overlay-color":"","overlay-opacity":"","overlay-gradient":""},"tablet":{"background-color":"","background-image":"","background-repeat":"repeat","background-position":"center center","background-size":"auto","background-attachment":"scroll","background-type":"","background-media":"","overlay-type":"","overlay-color":"","overlay-opacity":"","overlay-gradient":""},"mobile":{"background-color":"","background-image":"","background-repeat":"repeat","background-position":"center center","background-size":"auto","background-attachment":"scroll","background-type":"","background-media":"","overlay-type":"","overlay-color":"","overlay-opacity":"","overlay-gradient":""}},"ast-content-background-meta":{"desktop":{"background-color":"var(--ast-global-color-4)","background-image":"","background-repeat":"repeat","background-position":"center center","background-size":"auto","background-attachment":"scroll","background-type":"","background-media":"","overlay-type":"","overlay-color":"","overlay-opacity":"","overlay-gradient":""},"tablet":{"background-color":"var(--ast-global-color-4)","background-image":"","background-repeat":"repeat","background-position":"center center","background-size":"auto","background-attachment":"scroll","background-type":"","background-media":"","overlay-type":"","overlay-color":"","overlay-opacity":"","overlay-gradient":""},"mobile":{"background-color":"var(--ast-global-color-4)","background-image":"","background-repeat":"repeat","background-position":"center center","background-size":"auto","background-attachment":"scroll","background-type":"","background-media":"","overlay-type":"","overlay-color":"","overlay-opacity":"","overlay-gradient":""}}},"product_brand":[],"product_cat":[31],"product_tag":[1802,3537,3532,2680,3604,3605,1417,3606],"class_list":{"0":"post-8798","1":"product","2":"type-product","3":"status-publish","4":"has-post-thumbnail","6":"product_cat-grozine-literatura","7":"product_tag-gamta","8":"product_tag-islikimas","9":"product_tag-jean-m-auel","10":"product_tag-kelione","11":"product_tag-pirmykste-moteris","12":"product_tag-preistore","13":"product_tag-santykiai","14":"product_tag-zmogaus-istorija","15":"desktop-align-left","16":"tablet-align-left","17":"mobile-align-left","19":"first","20":"outofstock","21":"shipping-taxable","22":"purchasable","23":"product-type-simple"},"acf":[],"yoast_head":"<!-- This site is optimized with the Yoast SEO plugin v27.0 - https:\/\/yoast.com\/product\/yoast-seo-wordpress\/ -->\n<title>Pirmyk\u0161t\u0117 moteris: Kelion\u0117 per lygumas (IV)<\/title>\n<meta name=\"description\" content=\"Na\u0161lait\u0117 Aila ir keliautojas Jondalaras palieka saugi\u0105 mamutoj\u0173 \u017eem\u0119 prie Juodosios j\u016bros ir leid\u017eiasi \u012f pavojing\u0105 ir i\u0161\u0161\u016bki\u0173 kupin\u0105 kelion\u0119 per vis\u0105\" \/>\n<meta name=\"robots\" content=\"index, follow, max-snippet:-1, max-image-preview:large, max-video-preview:-1\" \/>\n<link rel=\"canonical\" href=\"https:\/\/skaitytaknyga.lt\/en\/produktas\/pirmykste-moteris-kelione-per-lygumas-iv-2\/\" \/>\n<meta property=\"og:locale\" content=\"en_GB\" \/>\n<meta property=\"og:locale:alternate\" content=\"lt_LT\" \/>\n<meta property=\"og:type\" content=\"article\" \/>\n<meta property=\"og:title\" content=\"Pirmyk\u0161t\u0117 moteris: Kelion\u0117 per lygumas (IV)\" \/>\n<meta property=\"og:description\" content=\"Na\u0161lait\u0117 Aila ir keliautojas Jondalaras palieka saugi\u0105 mamutoj\u0173 \u017eem\u0119 prie Juodosios j\u016bros ir leid\u017eiasi \u012f pavojing\u0105 ir i\u0161\u0161\u016bki\u0173 kupin\u0105 kelion\u0119 per vis\u0105\" \/>\n<meta property=\"og:url\" content=\"https:\/\/skaitytaknyga.lt\/en\/produktas\/pirmykste-moteris-kelione-per-lygumas-iv-2\/\" \/>\n<meta property=\"og:site_name\" content=\"Skaitytaknyga\" \/>\n<meta property=\"article:publisher\" content=\"https:\/\/www.facebook.com\/skaitytaknyga\/\" \/>\n<meta property=\"article:modified_time\" content=\"2026-02-18T10:43:33+00:00\" \/>\n<meta property=\"og:image\" content=\"https:\/\/skaitytaknyga.lt\/wp-content\/uploads\/2024\/05\/1462884281_9786094036804.jpg\" \/>\n\t<meta property=\"og:image:width\" content=\"262\" \/>\n\t<meta property=\"og:image:height\" content=\"430\" \/>\n\t<meta property=\"og:image:type\" content=\"image\/jpeg\" \/>\n<meta name=\"twitter:card\" content=\"summary_large_image\" \/>\n<meta name=\"twitter:label1\" content=\"Estimated reading time\" \/>\n\t<meta name=\"twitter:data1\" content=\"1 minute\" \/>\n<script type=\"application\/ld+json\" class=\"yoast-schema-graph\">{\"@context\":\"https:\/\/schema.org\",\"@graph\":[{\"@type\":\"WebPage\",\"@id\":\"https:\/\/skaitytaknyga.lt\/produktas\/pirmykste-moteris-kelione-per-lygumas-iv-2\/\",\"url\":\"https:\/\/skaitytaknyga.lt\/produktas\/pirmykste-moteris-kelione-per-lygumas-iv-2\/\",\"name\":\"Pirmyk\u0161t\u0117 moteris: Kelion\u0117 per lygumas (IV)\",\"isPartOf\":{\"@id\":\"https:\/\/skaitytaknyga.lt\/#website\"},\"primaryImageOfPage\":{\"@id\":\"https:\/\/skaitytaknyga.lt\/produktas\/pirmykste-moteris-kelione-per-lygumas-iv-2\/#primaryimage\"},\"image\":{\"@id\":\"https:\/\/skaitytaknyga.lt\/produktas\/pirmykste-moteris-kelione-per-lygumas-iv-2\/#primaryimage\"},\"thumbnailUrl\":\"https:\/\/skaitytaknyga.lt\/wp-content\/uploads\/2024\/05\/1462884281_9786094036804.jpg\",\"datePublished\":\"2025-04-14T11:51:32+00:00\",\"dateModified\":\"2026-02-18T10:43:33+00:00\",\"description\":\"Na\u0161lait\u0117 Aila ir keliautojas Jondalaras palieka saugi\u0105 mamutoj\u0173 \u017eem\u0119 prie Juodosios j\u016bros ir leid\u017eiasi \u012f pavojing\u0105 ir i\u0161\u0161\u016bki\u0173 kupin\u0105 kelion\u0119 per vis\u0105\",\"breadcrumb\":{\"@id\":\"https:\/\/skaitytaknyga.lt\/produktas\/pirmykste-moteris-kelione-per-lygumas-iv-2\/#breadcrumb\"},\"inLanguage\":\"en-GB\",\"potentialAction\":[{\"@type\":\"ReadAction\",\"target\":[\"https:\/\/skaitytaknyga.lt\/produktas\/pirmykste-moteris-kelione-per-lygumas-iv-2\/\"]}]},{\"@type\":\"ImageObject\",\"inLanguage\":\"en-GB\",\"@id\":\"https:\/\/skaitytaknyga.lt\/produktas\/pirmykste-moteris-kelione-per-lygumas-iv-2\/#primaryimage\",\"url\":\"https:\/\/skaitytaknyga.lt\/wp-content\/uploads\/2024\/05\/1462884281_9786094036804.jpg\",\"contentUrl\":\"https:\/\/skaitytaknyga.lt\/wp-content\/uploads\/2024\/05\/1462884281_9786094036804.jpg\",\"width\":262,\"height\":430,\"caption\":\"Pirmyk\u0161t\u0117 moteris: Kelion\u0117 per lygumas (IV)\"},{\"@type\":\"BreadcrumbList\",\"@id\":\"https:\/\/skaitytaknyga.lt\/produktas\/pirmykste-moteris-kelione-per-lygumas-iv-2\/#breadcrumb\",\"itemListElement\":[{\"@type\":\"ListItem\",\"position\":1,\"name\":\"Home\",\"item\":\"https:\/\/skaitytaknyga.lt\/\"},{\"@type\":\"ListItem\",\"position\":2,\"name\":\"Parduotuv\u0117\",\"item\":\"https:\/\/skaitytaknyga.lt\/knygu-parduotuve\/\"},{\"@type\":\"ListItem\",\"position\":3,\"name\":\"Pirmyk\u0161t\u0117 moteris: Kelion\u0117 per lygumas (IV)\"}]},{\"@type\":\"WebSite\",\"@id\":\"https:\/\/skaitytaknyga.lt\/#website\",\"url\":\"https:\/\/skaitytaknyga.lt\/\",\"name\":\"skaitytaknyga.lt\",\"description\":\"Skaitytaknyga.lt \u2013 tai ma\u017eas \u0161eimos verslas, kuris prasid\u0117jo nuo meil\u0117s knygoms ir siekio i\u0161gelb\u0117ti knygas nuo likimo prie konteinerio. Kas vienam nereikalingas daiktas \u2013 kitam lobis, o mes esame tarpininkai, kurie padeda abiems tapti laimingesniems ???? \u017dinome kaip nelengva i\u0161gyventi ma\u017eiems verslams, tad nuo \u0161iol, \u010dia rasite ir kit\u0173, ma\u017e\u0173 \u0161eim\u0173 versl\u0173, rank\u0173 darbo, dovan\u0173 sau ir artimiesiems.\",\"publisher\":{\"@id\":\"https:\/\/skaitytaknyga.lt\/#organization\"},\"potentialAction\":[{\"@type\":\"SearchAction\",\"target\":{\"@type\":\"EntryPoint\",\"urlTemplate\":\"https:\/\/skaitytaknyga.lt\/?s={search_term_string}\"},\"query-input\":{\"@type\":\"PropertyValueSpecification\",\"valueRequired\":true,\"valueName\":\"search_term_string\"}}],\"inLanguage\":\"en-GB\"},{\"@type\":\"Organization\",\"@id\":\"https:\/\/skaitytaknyga.lt\/#organization\",\"name\":\"skaitytaknyga.lt\",\"url\":\"https:\/\/skaitytaknyga.lt\/\",\"logo\":{\"@type\":\"ImageObject\",\"inLanguage\":\"en-GB\",\"@id\":\"https:\/\/skaitytaknyga.lt\/#\/schema\/logo\/image\/\",\"url\":\"https:\/\/skaitytaknyga.lt\/wp-content\/uploads\/2024\/05\/cropped-cropped-cropped-02_00843_jt3bggkj1j3HLc7SyY6rEUpg.jpeg\",\"contentUrl\":\"https:\/\/skaitytaknyga.lt\/wp-content\/uploads\/2024\/05\/cropped-cropped-cropped-02_00843_jt3bggkj1j3HLc7SyY6rEUpg.jpeg\",\"width\":1600,\"height\":1600,\"caption\":\"skaitytaknyga.lt\"},\"image\":{\"@id\":\"https:\/\/skaitytaknyga.lt\/#\/schema\/logo\/image\/\"},\"sameAs\":[\"https:\/\/www.facebook.com\/skaitytaknyga\/\"]}]}<\/script>\n<!-- \/ Yoast SEO plugin. -->","yoast_head_json":{"title":"Pirmyk\u0161t\u0117 moteris: Kelion\u0117 per lygumas (IV)","description":"Na\u0161lait\u0117 Aila ir keliautojas Jondalaras palieka saugi\u0105 mamutoj\u0173 \u017eem\u0119 prie Juodosios j\u016bros ir leid\u017eiasi \u012f pavojing\u0105 ir i\u0161\u0161\u016bki\u0173 kupin\u0105 kelion\u0119 per vis\u0105","robots":{"index":"index","follow":"follow","max-snippet":"max-snippet:-1","max-image-preview":"max-image-preview:large","max-video-preview":"max-video-preview:-1"},"canonical":"https:\/\/skaitytaknyga.lt\/en\/produktas\/pirmykste-moteris-kelione-per-lygumas-iv-2\/","og_locale":"en_GB","og_type":"article","og_title":"[:lt]Pirmyk\u0161t\u0117 moteris: Kelion\u0117 per lygumas (IV)[:] - Skaitytaknyga","og_description":"Na\u0161lait\u0117 Aila ir keliautojas Jondalaras palieka saugi\u0105 mamutoj\u0173 \u017eem\u0119 prie Juodosios j\u016bros ir leid\u017eiasi \u012f pavojing\u0105 ir i\u0161\u0161\u016bki\u0173 kupin\u0105 kelion\u0119 per vis\u0105","og_url":"https:\/\/skaitytaknyga.lt\/en\/produktas\/pirmykste-moteris-kelione-per-lygumas-iv-2\/","og_site_name":"Skaitytaknyga","article_publisher":"https:\/\/www.facebook.com\/skaitytaknyga\/","article_modified_time":"2026-02-18T10:43:33+00:00","og_image":[{"width":262,"height":430,"url":"https:\/\/skaitytaknyga.lt\/wp-content\/uploads\/2024\/05\/1462884281_9786094036804.jpg","type":"image\/jpeg"}],"twitter_card":"summary_large_image","twitter_misc":{"Estimated reading time":"1 minute"},"schema":{"@context":"https:\/\/schema.org","@graph":[{"@type":"WebPage","@id":"https:\/\/skaitytaknyga.lt\/produktas\/pirmykste-moteris-kelione-per-lygumas-iv-2\/","url":"https:\/\/skaitytaknyga.lt\/produktas\/pirmykste-moteris-kelione-per-lygumas-iv-2\/","name":"Pirmyk\u0161t\u0117 moteris: Kelion\u0117 per lygumas (IV)","isPartOf":{"@id":"https:\/\/skaitytaknyga.lt\/#website"},"primaryImageOfPage":{"@id":"https:\/\/skaitytaknyga.lt\/produktas\/pirmykste-moteris-kelione-per-lygumas-iv-2\/#primaryimage"},"image":{"@id":"https:\/\/skaitytaknyga.lt\/produktas\/pirmykste-moteris-kelione-per-lygumas-iv-2\/#primaryimage"},"thumbnailUrl":"https:\/\/skaitytaknyga.lt\/wp-content\/uploads\/2024\/05\/1462884281_9786094036804.jpg","datePublished":"2025-04-14T11:51:32+00:00","dateModified":"2026-02-18T10:43:33+00:00","description":"Na\u0161lait\u0117 Aila ir keliautojas Jondalaras palieka saugi\u0105 mamutoj\u0173 \u017eem\u0119 prie Juodosios j\u016bros ir leid\u017eiasi \u012f pavojing\u0105 ir i\u0161\u0161\u016bki\u0173 kupin\u0105 kelion\u0119 per vis\u0105","breadcrumb":{"@id":"https:\/\/skaitytaknyga.lt\/produktas\/pirmykste-moteris-kelione-per-lygumas-iv-2\/#breadcrumb"},"inLanguage":"en-GB","potentialAction":[{"@type":"ReadAction","target":["https:\/\/skaitytaknyga.lt\/produktas\/pirmykste-moteris-kelione-per-lygumas-iv-2\/"]}]},{"@type":"ImageObject","inLanguage":"en-GB","@id":"https:\/\/skaitytaknyga.lt\/produktas\/pirmykste-moteris-kelione-per-lygumas-iv-2\/#primaryimage","url":"https:\/\/skaitytaknyga.lt\/wp-content\/uploads\/2024\/05\/1462884281_9786094036804.jpg","contentUrl":"https:\/\/skaitytaknyga.lt\/wp-content\/uploads\/2024\/05\/1462884281_9786094036804.jpg","width":262,"height":430,"caption":"Pirmyk\u0161t\u0117 moteris: Kelion\u0117 per lygumas (IV)"},{"@type":"BreadcrumbList","@id":"https:\/\/skaitytaknyga.lt\/produktas\/pirmykste-moteris-kelione-per-lygumas-iv-2\/#breadcrumb","itemListElement":[{"@type":"ListItem","position":1,"name":"Home","item":"https:\/\/skaitytaknyga.lt\/"},{"@type":"ListItem","position":2,"name":"Parduotuv\u0117","item":"https:\/\/skaitytaknyga.lt\/knygu-parduotuve\/"},{"@type":"ListItem","position":3,"name":"Pirmyk\u0161t\u0117 moteris: Kelion\u0117 per lygumas (IV)"}]},{"@type":"WebSite","@id":"https:\/\/skaitytaknyga.lt\/#website","url":"https:\/\/skaitytaknyga.lt\/","name":"skaitytaknyga.lt","description":"Skaitytaknyga.lt \u2013 tai ma\u017eas \u0161eimos verslas, kuris prasid\u0117jo nuo meil\u0117s knygoms ir siekio i\u0161gelb\u0117ti knygas nuo likimo prie konteinerio. Kas vienam nereikalingas daiktas \u2013 kitam lobis, o mes esame tarpininkai, kurie padeda abiems tapti laimingesniems ???? \u017dinome kaip nelengva i\u0161gyventi ma\u017eiems verslams, tad nuo \u0161iol, \u010dia rasite ir kit\u0173, ma\u017e\u0173 \u0161eim\u0173 versl\u0173, rank\u0173 darbo, dovan\u0173 sau ir artimiesiems.","publisher":{"@id":"https:\/\/skaitytaknyga.lt\/#organization"},"potentialAction":[{"@type":"SearchAction","target":{"@type":"EntryPoint","urlTemplate":"https:\/\/skaitytaknyga.lt\/?s={search_term_string}"},"query-input":{"@type":"PropertyValueSpecification","valueRequired":true,"valueName":"search_term_string"}}],"inLanguage":"en-GB"},{"@type":"Organization","@id":"https:\/\/skaitytaknyga.lt\/#organization","name":"skaitytaknyga.lt","url":"https:\/\/skaitytaknyga.lt\/","logo":{"@type":"ImageObject","inLanguage":"en-GB","@id":"https:\/\/skaitytaknyga.lt\/#\/schema\/logo\/image\/","url":"https:\/\/skaitytaknyga.lt\/wp-content\/uploads\/2024\/05\/cropped-cropped-cropped-02_00843_jt3bggkj1j3HLc7SyY6rEUpg.jpeg","contentUrl":"https:\/\/skaitytaknyga.lt\/wp-content\/uploads\/2024\/05\/cropped-cropped-cropped-02_00843_jt3bggkj1j3HLc7SyY6rEUpg.jpeg","width":1600,"height":1600,"caption":"skaitytaknyga.lt"},"image":{"@id":"https:\/\/skaitytaknyga.lt\/#\/schema\/logo\/image\/"},"sameAs":["https:\/\/www.facebook.com\/skaitytaknyga\/"]}]}},"_links":{"self":[{"href":"https:\/\/skaitytaknyga.lt\/en\/wp-json\/wp\/v2\/product\/8798","targetHints":{"allow":["GET"]}}],"collection":[{"href":"https:\/\/skaitytaknyga.lt\/en\/wp-json\/wp\/v2\/product"}],"about":[{"href":"https:\/\/skaitytaknyga.lt\/en\/wp-json\/wp\/v2\/types\/product"}],"replies":[{"embeddable":true,"href":"https:\/\/skaitytaknyga.lt\/en\/wp-json\/wp\/v2\/comments?post=8798"}],"wp:featuredmedia":[{"embeddable":true,"href":"https:\/\/skaitytaknyga.lt\/en\/wp-json\/wp\/v2\/media\/5532"}],"wp:attachment":[{"href":"https:\/\/skaitytaknyga.lt\/en\/wp-json\/wp\/v2\/media?parent=8798"}],"wp:term":[{"taxonomy":"product_brand","embeddable":true,"href":"https:\/\/skaitytaknyga.lt\/en\/wp-json\/wp\/v2\/product_brand?post=8798"},{"taxonomy":"product_cat","embeddable":true,"href":"https:\/\/skaitytaknyga.lt\/en\/wp-json\/wp\/v2\/product_cat?post=8798"},{"taxonomy":"product_tag","embeddable":true,"href":"https:\/\/skaitytaknyga.lt\/en\/wp-json\/wp\/v2\/product_tag?post=8798"}],"curies":[{"name":"wp","href":"https:\/\/api.w.org\/{rel}","templated":true}]}}