{"id":8797,"date":"2024-05-04T14:51:32","date_gmt":"2024-05-04T14:51:32","guid":{"rendered":"https:\/\/skaitytaknyga.lt\/?post_type=product&#038;p=8797"},"modified":"2025-05-15T09:39:31","modified_gmt":"2025-05-15T06:39:31","slug":"vincas-kreve-rastai-1-3-tomai-2","status":"publish","type":"product","link":"https:\/\/skaitytaknyga.lt\/en\/produktas\/vincas-kreve-rastai-1-3-tomai-2\/","title":{"rendered":"Ra\u0161tai 1-3 tomai"},"content":{"rendered":"<p><strong>1 tomas<\/strong><\/p>\n<p>I\u0161 ankstyvos k\u016brybos;<\/p>\n<p>Jausm\u0173 pasaka<\/p>\n<p>Dainavos \u0161alies sen\u0173 \u017emoni\u0173 padavimai<\/p>\n<p>Likimo keliai (1 dalis)<\/p>\n<p>Ryt\u0173 pasakos<\/p>\n<p>Dangaus ir \u017eem\u0117s s\u016bn\u016bs (fragmentai)<\/p>\n<p><strong>2 tomas<\/strong><\/p>\n<p>\u0160ar\u016bnas<\/p>\n<p>Skirgaila<\/p>\n<p>Mindaugo mirtis<\/p>\n<p><strong>3 tomas<\/strong><\/p>\n<p>\u0160iaudin\u0117j pastog\u0117j<\/p>\n<p>Raganius<\/p>\n<p>\u017dentas<\/p>\n<p>Apsakymai, ne\u012f\u0117j\u0119 \u012f rinkinius<\/p>\n","protected":false},"excerpt":{"rendered":"<p><strong>1 tomas<\/strong><\/p>\n<p>I\u0161 ankstyvos k\u016brybos;<\/p>\n<p>Jausm\u0173 pasaka<\/p>\n<p>Dainavos \u0161alies sen\u0173 \u017emoni\u0173 padavimai<\/p>\n<p>Likimo keliai (1 dalis)<\/p>\n<p>Ryt\u0173 pasakos<\/p>\n<p>Dangaus ir \u017eem\u0117s s\u016bn\u016bs (fragmentai)<\/p>\n<p><strong>2 tomas<\/strong><\/p>\n<p>\u0160ar\u016bnas<\/p>\n<p>Skirgaila<\/p>\n<p>Mindaugo mirtis<\/p>\n<p><strong>3 tomas<\/strong><\/p>\n<p>\u0160iaudin\u0117j pastog\u0117j<\/p>\n<p>Raganius<\/p>\n<p>\u017dentas<\/p>\n<p>Apsakymai, ne\u012f\u0117j\u0119 \u012f rinkinius<\/p>\n","protected":false},"featured_media":5531,"comment_status":"closed","ping_status":"closed","template":"","meta":{"_acf_changed":false,"site-sidebar-layout":"default","site-content-layout":"","ast-site-content-layout":"default","site-content-style":"default","site-sidebar-style":"default","ast-global-header-display":"","ast-banner-title-visibility":"","ast-main-header-display":"","ast-hfb-above-header-display":"","ast-hfb-below-header-display":"","ast-hfb-mobile-header-display":"","site-post-title":"","ast-breadcrumbs-content":"","ast-featured-img":"","footer-sml-layout":"","ast-disable-related-posts":"","theme-transparent-header-meta":"","adv-header-id-meta":"","stick-header-meta":"","header-above-stick-meta":"","header-main-stick-meta":"","header-below-stick-meta":"","astra-migrate-meta-layouts":"default","ast-page-background-enabled":"default","ast-page-background-meta":{"desktop":{"background-color":"","background-image":"","background-repeat":"repeat","background-position":"center center","background-size":"auto","background-attachment":"scroll","background-type":"","background-media":"","overlay-type":"","overlay-color":"","overlay-opacity":"","overlay-gradient":""},"tablet":{"background-color":"","background-image":"","background-repeat":"repeat","background-position":"center center","background-size":"auto","background-attachment":"scroll","background-type":"","background-media":"","overlay-type":"","overlay-color":"","overlay-opacity":"","overlay-gradient":""},"mobile":{"background-color":"","background-image":"","background-repeat":"repeat","background-position":"center center","background-size":"auto","background-attachment":"scroll","background-type":"","background-media":"","overlay-type":"","overlay-color":"","overlay-opacity":"","overlay-gradient":""}},"ast-content-background-meta":{"desktop":{"background-color":"var(--ast-global-color-4)","background-image":"","background-repeat":"repeat","background-position":"center center","background-size":"auto","background-attachment":"scroll","background-type":"","background-media":"","overlay-type":"","overlay-color":"","overlay-opacity":"","overlay-gradient":""},"tablet":{"background-color":"var(--ast-global-color-4)","background-image":"","background-repeat":"repeat","background-position":"center center","background-size":"auto","background-attachment":"scroll","background-type":"","background-media":"","overlay-type":"","overlay-color":"","overlay-opacity":"","overlay-gradient":""},"mobile":{"background-color":"var(--ast-global-color-4)","background-image":"","background-repeat":"repeat","background-position":"center center","background-size":"auto","background-attachment":"scroll","background-type":"","background-media":"","overlay-type":"","overlay-color":"","overlay-opacity":"","overlay-gradient":""}}},"product_brand":[],"product_cat":[31,331],"product_tag":[1800,2772,1437,2376,1744,2771,2653],"class_list":{"0":"post-8797","1":"product","2":"type-product","3":"status-publish","4":"has-post-thumbnail","6":"product_cat-grozine-literatura","7":"product_cat-programine-literatura","8":"product_tag-apsakymai","9":"product_tag-istorines-dramos","10":"product_tag-klasika","11":"product_tag-kultura","12":"product_tag-lietuviu-literatura","13":"product_tag-tautine-tematika","14":"product_tag-vincas-kreve","15":"desktop-align-left","16":"tablet-align-left","17":"mobile-align-left","19":"first","20":"instock","21":"shipping-taxable","22":"purchasable","23":"product-type-simple"},"acf":[],"yoast_head":"<!-- This site is optimized with the Yoast SEO plugin v27.0 - https:\/\/yoast.com\/product\/yoast-seo-wordpress\/ -->\n<title>Ra\u0161tai 1-3 tomai<\/title>\n<meta name=\"description\" content=\"1 tomas  I\u0161 ankstyvos k\u016brybos;  Jausm\u0173 pasaka  Dainavos \u0161alies sen\u0173 \u017emoni\u0173 padavimai  Likimo keliai (1 dalis)  Ryt\u0173 pasakos  Dangaus ir \u017eem\u0117s s\u016bn\u016bs (fragmentai)  2 tomas  \u0160ar\u016bnas  Skirgaila  Mindaugo mirtis  3 tomas  \u0160iaudin\u0117j pastog\u0117j  Raganius  \u017dentas  Apsakymai, ne\u012f\u0117j\u0119 \u012f rinkinius\" \/>\n<meta name=\"robots\" content=\"index, follow, max-snippet:-1, max-image-preview:large, max-video-preview:-1\" \/>\n<link rel=\"canonical\" href=\"https:\/\/skaitytaknyga.lt\/en\/produktas\/vincas-kreve-rastai-1-3-tomai-2\/\" \/>\n<meta property=\"og:locale\" content=\"en_GB\" \/>\n<meta property=\"og:locale:alternate\" content=\"lt_LT\" \/>\n<meta property=\"og:type\" content=\"article\" \/>\n<meta property=\"og:title\" content=\"Ra\u0161tai 1-3 tomai\" \/>\n<meta property=\"og:description\" content=\"1 tomas  I\u0161 ankstyvos k\u016brybos;  Jausm\u0173 pasaka  Dainavos \u0161alies sen\u0173 \u017emoni\u0173 padavimai  Likimo keliai (1 dalis)  Ryt\u0173 pasakos  Dangaus ir \u017eem\u0117s s\u016bn\u016bs (fragmentai)  2 tomas  \u0160ar\u016bnas  Skirgaila  Mindaugo mirtis  3 tomas  \u0160iaudin\u0117j pastog\u0117j  Raganius  \u017dentas  Apsakymai, ne\u012f\u0117j\u0119 \u012f rinkinius\" \/>\n<meta property=\"og:url\" content=\"https:\/\/skaitytaknyga.lt\/en\/produktas\/vincas-kreve-rastai-1-3-tomai-2\/\" \/>\n<meta property=\"og:site_name\" content=\"Skaitytaknyga\" \/>\n<meta property=\"article:publisher\" content=\"https:\/\/www.facebook.com\/skaitytaknyga\/\" \/>\n<meta property=\"article:modified_time\" content=\"2025-05-15T06:39:31+00:00\" \/>\n<meta property=\"og:image\" content=\"https:\/\/skaitytaknyga.lt\/wp-content\/uploads\/2024\/05\/wp-16169360238412062163258679618522-scaled-e1616936123678.jpg\" \/>\n\t<meta property=\"og:image:width\" content=\"1126\" \/>\n\t<meta property=\"og:image:height\" content=\"2560\" \/>\n\t<meta property=\"og:image:type\" content=\"image\/jpeg\" \/>\n<meta name=\"twitter:card\" content=\"summary_large_image\" \/>\n<script type=\"application\/ld+json\" class=\"yoast-schema-graph\">{\"@context\":\"https:\/\/schema.org\",\"@graph\":[{\"@type\":\"WebPage\",\"@id\":\"https:\/\/skaitytaknyga.lt\/produktas\/vincas-kreve-rastai-1-3-tomai-2\/\",\"url\":\"https:\/\/skaitytaknyga.lt\/produktas\/vincas-kreve-rastai-1-3-tomai-2\/\",\"name\":\"Ra\u0161tai 1-3 tomai\",\"isPartOf\":{\"@id\":\"https:\/\/skaitytaknyga.lt\/#website\"},\"primaryImageOfPage\":{\"@id\":\"https:\/\/skaitytaknyga.lt\/produktas\/vincas-kreve-rastai-1-3-tomai-2\/#primaryimage\"},\"image\":{\"@id\":\"https:\/\/skaitytaknyga.lt\/produktas\/vincas-kreve-rastai-1-3-tomai-2\/#primaryimage\"},\"thumbnailUrl\":\"https:\/\/skaitytaknyga.lt\/wp-content\/uploads\/2024\/05\/wp-16169360238412062163258679618522-scaled-e1616936123678.jpg\",\"datePublished\":\"2024-05-04T14:51:32+00:00\",\"dateModified\":\"2025-05-15T06:39:31+00:00\",\"description\":\"1 tomas I\u0161 ankstyvos k\u016brybos; Jausm\u0173 pasaka Dainavos \u0161alies sen\u0173 \u017emoni\u0173 padavimai Likimo keliai (1 dalis) Ryt\u0173 pasakos Dangaus ir \u017eem\u0117s s\u016bn\u016bs (fragmentai) 2 tomas \u0160ar\u016bnas Skirgaila Mindaugo mirtis 3 tomas \u0160iaudin\u0117j pastog\u0117j Raganius \u017dentas Apsakymai, ne\u012f\u0117j\u0119 \u012f rinkinius\",\"breadcrumb\":{\"@id\":\"https:\/\/skaitytaknyga.lt\/produktas\/vincas-kreve-rastai-1-3-tomai-2\/#breadcrumb\"},\"inLanguage\":\"en-GB\",\"potentialAction\":[{\"@type\":\"ReadAction\",\"target\":[\"https:\/\/skaitytaknyga.lt\/produktas\/vincas-kreve-rastai-1-3-tomai-2\/\"]}]},{\"@type\":\"ImageObject\",\"inLanguage\":\"en-GB\",\"@id\":\"https:\/\/skaitytaknyga.lt\/produktas\/vincas-kreve-rastai-1-3-tomai-2\/#primaryimage\",\"url\":\"https:\/\/skaitytaknyga.lt\/wp-content\/uploads\/2024\/05\/wp-16169360238412062163258679618522-scaled-e1616936123678.jpg\",\"contentUrl\":\"https:\/\/skaitytaknyga.lt\/wp-content\/uploads\/2024\/05\/wp-16169360238412062163258679618522-scaled-e1616936123678.jpg\",\"width\":1126,\"height\":2560},{\"@type\":\"BreadcrumbList\",\"@id\":\"https:\/\/skaitytaknyga.lt\/produktas\/vincas-kreve-rastai-1-3-tomai-2\/#breadcrumb\",\"itemListElement\":[{\"@type\":\"ListItem\",\"position\":1,\"name\":\"Home\",\"item\":\"https:\/\/skaitytaknyga.lt\/\"},{\"@type\":\"ListItem\",\"position\":2,\"name\":\"Parduotuv\u0117\",\"item\":\"https:\/\/skaitytaknyga.lt\/knygu-parduotuve\/\"},{\"@type\":\"ListItem\",\"position\":3,\"name\":\"Ra\u0161tai 1-3 tomai\"}]},{\"@type\":\"WebSite\",\"@id\":\"https:\/\/skaitytaknyga.lt\/#website\",\"url\":\"https:\/\/skaitytaknyga.lt\/\",\"name\":\"skaitytaknyga.lt\",\"description\":\"Skaitytaknyga.lt \u2013 tai ma\u017eas \u0161eimos verslas, kuris prasid\u0117jo nuo meil\u0117s knygoms ir siekio i\u0161gelb\u0117ti knygas nuo likimo prie konteinerio. Kas vienam nereikalingas daiktas \u2013 kitam lobis, o mes esame tarpininkai, kurie padeda abiems tapti laimingesniems ???? \u017dinome kaip nelengva i\u0161gyventi ma\u017eiems verslams, tad nuo \u0161iol, \u010dia rasite ir kit\u0173, ma\u017e\u0173 \u0161eim\u0173 versl\u0173, rank\u0173 darbo, dovan\u0173 sau ir artimiesiems.\",\"publisher\":{\"@id\":\"https:\/\/skaitytaknyga.lt\/#organization\"},\"potentialAction\":[{\"@type\":\"SearchAction\",\"target\":{\"@type\":\"EntryPoint\",\"urlTemplate\":\"https:\/\/skaitytaknyga.lt\/?s={search_term_string}\"},\"query-input\":{\"@type\":\"PropertyValueSpecification\",\"valueRequired\":true,\"valueName\":\"search_term_string\"}}],\"inLanguage\":\"en-GB\"},{\"@type\":\"Organization\",\"@id\":\"https:\/\/skaitytaknyga.lt\/#organization\",\"name\":\"skaitytaknyga.lt\",\"url\":\"https:\/\/skaitytaknyga.lt\/\",\"logo\":{\"@type\":\"ImageObject\",\"inLanguage\":\"en-GB\",\"@id\":\"https:\/\/skaitytaknyga.lt\/#\/schema\/logo\/image\/\",\"url\":\"https:\/\/skaitytaknyga.lt\/wp-content\/uploads\/2024\/05\/cropped-cropped-cropped-02_00843_jt3bggkj1j3HLc7SyY6rEUpg.jpeg\",\"contentUrl\":\"https:\/\/skaitytaknyga.lt\/wp-content\/uploads\/2024\/05\/cropped-cropped-cropped-02_00843_jt3bggkj1j3HLc7SyY6rEUpg.jpeg\",\"width\":1600,\"height\":1600,\"caption\":\"skaitytaknyga.lt\"},\"image\":{\"@id\":\"https:\/\/skaitytaknyga.lt\/#\/schema\/logo\/image\/\"},\"sameAs\":[\"https:\/\/www.facebook.com\/skaitytaknyga\/\"]}]}<\/script>\n<!-- \/ Yoast SEO plugin. -->","yoast_head_json":{"title":"Ra\u0161tai 1-3 tomai","description":"1 tomas  I\u0161 ankstyvos k\u016brybos;  Jausm\u0173 pasaka  Dainavos \u0161alies sen\u0173 \u017emoni\u0173 padavimai  Likimo keliai (1 dalis)  Ryt\u0173 pasakos  Dangaus ir \u017eem\u0117s s\u016bn\u016bs (fragmentai)  2 tomas  \u0160ar\u016bnas  Skirgaila  Mindaugo mirtis  3 tomas  \u0160iaudin\u0117j pastog\u0117j  Raganius  \u017dentas  Apsakymai, ne\u012f\u0117j\u0119 \u012f rinkinius","robots":{"index":"index","follow":"follow","max-snippet":"max-snippet:-1","max-image-preview":"max-image-preview:large","max-video-preview":"max-video-preview:-1"},"canonical":"https:\/\/skaitytaknyga.lt\/en\/produktas\/vincas-kreve-rastai-1-3-tomai-2\/","og_locale":"en_GB","og_type":"article","og_title":"[:lt]Ra\u0161tai 1-3 tomai[:] - Skaitytaknyga","og_description":"1 tomas  I\u0161 ankstyvos k\u016brybos;  Jausm\u0173 pasaka  Dainavos \u0161alies sen\u0173 \u017emoni\u0173 padavimai  Likimo keliai (1 dalis)  Ryt\u0173 pasakos  Dangaus ir \u017eem\u0117s s\u016bn\u016bs (fragmentai)  2 tomas  \u0160ar\u016bnas  Skirgaila  Mindaugo mirtis  3 tomas  \u0160iaudin\u0117j pastog\u0117j  Raganius  \u017dentas  Apsakymai, ne\u012f\u0117j\u0119 \u012f rinkinius","og_url":"https:\/\/skaitytaknyga.lt\/en\/produktas\/vincas-kreve-rastai-1-3-tomai-2\/","og_site_name":"Skaitytaknyga","article_publisher":"https:\/\/www.facebook.com\/skaitytaknyga\/","article_modified_time":"2025-05-15T06:39:31+00:00","og_image":[{"width":1126,"height":2560,"url":"https:\/\/skaitytaknyga.lt\/wp-content\/uploads\/2024\/05\/wp-16169360238412062163258679618522-scaled-e1616936123678.jpg","type":"image\/jpeg"}],"twitter_card":"summary_large_image","schema":{"@context":"https:\/\/schema.org","@graph":[{"@type":"WebPage","@id":"https:\/\/skaitytaknyga.lt\/produktas\/vincas-kreve-rastai-1-3-tomai-2\/","url":"https:\/\/skaitytaknyga.lt\/produktas\/vincas-kreve-rastai-1-3-tomai-2\/","name":"Ra\u0161tai 1-3 tomai","isPartOf":{"@id":"https:\/\/skaitytaknyga.lt\/#website"},"primaryImageOfPage":{"@id":"https:\/\/skaitytaknyga.lt\/produktas\/vincas-kreve-rastai-1-3-tomai-2\/#primaryimage"},"image":{"@id":"https:\/\/skaitytaknyga.lt\/produktas\/vincas-kreve-rastai-1-3-tomai-2\/#primaryimage"},"thumbnailUrl":"https:\/\/skaitytaknyga.lt\/wp-content\/uploads\/2024\/05\/wp-16169360238412062163258679618522-scaled-e1616936123678.jpg","datePublished":"2024-05-04T14:51:32+00:00","dateModified":"2025-05-15T06:39:31+00:00","description":"1 tomas I\u0161 ankstyvos k\u016brybos; Jausm\u0173 pasaka Dainavos \u0161alies sen\u0173 \u017emoni\u0173 padavimai Likimo keliai (1 dalis) Ryt\u0173 pasakos Dangaus ir \u017eem\u0117s s\u016bn\u016bs (fragmentai) 2 tomas \u0160ar\u016bnas Skirgaila Mindaugo mirtis 3 tomas \u0160iaudin\u0117j pastog\u0117j Raganius \u017dentas Apsakymai, ne\u012f\u0117j\u0119 \u012f rinkinius","breadcrumb":{"@id":"https:\/\/skaitytaknyga.lt\/produktas\/vincas-kreve-rastai-1-3-tomai-2\/#breadcrumb"},"inLanguage":"en-GB","potentialAction":[{"@type":"ReadAction","target":["https:\/\/skaitytaknyga.lt\/produktas\/vincas-kreve-rastai-1-3-tomai-2\/"]}]},{"@type":"ImageObject","inLanguage":"en-GB","@id":"https:\/\/skaitytaknyga.lt\/produktas\/vincas-kreve-rastai-1-3-tomai-2\/#primaryimage","url":"https:\/\/skaitytaknyga.lt\/wp-content\/uploads\/2024\/05\/wp-16169360238412062163258679618522-scaled-e1616936123678.jpg","contentUrl":"https:\/\/skaitytaknyga.lt\/wp-content\/uploads\/2024\/05\/wp-16169360238412062163258679618522-scaled-e1616936123678.jpg","width":1126,"height":2560},{"@type":"BreadcrumbList","@id":"https:\/\/skaitytaknyga.lt\/produktas\/vincas-kreve-rastai-1-3-tomai-2\/#breadcrumb","itemListElement":[{"@type":"ListItem","position":1,"name":"Home","item":"https:\/\/skaitytaknyga.lt\/"},{"@type":"ListItem","position":2,"name":"Parduotuv\u0117","item":"https:\/\/skaitytaknyga.lt\/knygu-parduotuve\/"},{"@type":"ListItem","position":3,"name":"Ra\u0161tai 1-3 tomai"}]},{"@type":"WebSite","@id":"https:\/\/skaitytaknyga.lt\/#website","url":"https:\/\/skaitytaknyga.lt\/","name":"skaitytaknyga.lt","description":"Skaitytaknyga.lt \u2013 tai ma\u017eas \u0161eimos verslas, kuris prasid\u0117jo nuo meil\u0117s knygoms ir siekio i\u0161gelb\u0117ti knygas nuo likimo prie konteinerio. Kas vienam nereikalingas daiktas \u2013 kitam lobis, o mes esame tarpininkai, kurie padeda abiems tapti laimingesniems ???? \u017dinome kaip nelengva i\u0161gyventi ma\u017eiems verslams, tad nuo \u0161iol, \u010dia rasite ir kit\u0173, ma\u017e\u0173 \u0161eim\u0173 versl\u0173, rank\u0173 darbo, dovan\u0173 sau ir artimiesiems.","publisher":{"@id":"https:\/\/skaitytaknyga.lt\/#organization"},"potentialAction":[{"@type":"SearchAction","target":{"@type":"EntryPoint","urlTemplate":"https:\/\/skaitytaknyga.lt\/?s={search_term_string}"},"query-input":{"@type":"PropertyValueSpecification","valueRequired":true,"valueName":"search_term_string"}}],"inLanguage":"en-GB"},{"@type":"Organization","@id":"https:\/\/skaitytaknyga.lt\/#organization","name":"skaitytaknyga.lt","url":"https:\/\/skaitytaknyga.lt\/","logo":{"@type":"ImageObject","inLanguage":"en-GB","@id":"https:\/\/skaitytaknyga.lt\/#\/schema\/logo\/image\/","url":"https:\/\/skaitytaknyga.lt\/wp-content\/uploads\/2024\/05\/cropped-cropped-cropped-02_00843_jt3bggkj1j3HLc7SyY6rEUpg.jpeg","contentUrl":"https:\/\/skaitytaknyga.lt\/wp-content\/uploads\/2024\/05\/cropped-cropped-cropped-02_00843_jt3bggkj1j3HLc7SyY6rEUpg.jpeg","width":1600,"height":1600,"caption":"skaitytaknyga.lt"},"image":{"@id":"https:\/\/skaitytaknyga.lt\/#\/schema\/logo\/image\/"},"sameAs":["https:\/\/www.facebook.com\/skaitytaknyga\/"]}]}},"_links":{"self":[{"href":"https:\/\/skaitytaknyga.lt\/en\/wp-json\/wp\/v2\/product\/8797","targetHints":{"allow":["GET"]}}],"collection":[{"href":"https:\/\/skaitytaknyga.lt\/en\/wp-json\/wp\/v2\/product"}],"about":[{"href":"https:\/\/skaitytaknyga.lt\/en\/wp-json\/wp\/v2\/types\/product"}],"replies":[{"embeddable":true,"href":"https:\/\/skaitytaknyga.lt\/en\/wp-json\/wp\/v2\/comments?post=8797"}],"wp:featuredmedia":[{"embeddable":true,"href":"https:\/\/skaitytaknyga.lt\/en\/wp-json\/wp\/v2\/media\/5531"}],"wp:attachment":[{"href":"https:\/\/skaitytaknyga.lt\/en\/wp-json\/wp\/v2\/media?parent=8797"}],"wp:term":[{"taxonomy":"product_brand","embeddable":true,"href":"https:\/\/skaitytaknyga.lt\/en\/wp-json\/wp\/v2\/product_brand?post=8797"},{"taxonomy":"product_cat","embeddable":true,"href":"https:\/\/skaitytaknyga.lt\/en\/wp-json\/wp\/v2\/product_cat?post=8797"},{"taxonomy":"product_tag","embeddable":true,"href":"https:\/\/skaitytaknyga.lt\/en\/wp-json\/wp\/v2\/product_tag?post=8797"}],"curies":[{"name":"wp","href":"https:\/\/api.w.org\/{rel}","templated":true}]}}