{"id":8792,"date":"2024-05-04T14:51:32","date_gmt":"2024-05-04T14:51:32","guid":{"rendered":"https:\/\/skaitytaknyga.lt\/?post_type=product&#038;p=8792"},"modified":"2024-05-04T14:51:46","modified_gmt":"2024-05-04T14:51:46","slug":"paslaptingasis-egiptas-gides-uzrasai-2","status":"publish","type":"product","link":"https:\/\/skaitytaknyga.lt\/en\/produktas\/paslaptingasis-egiptas-gides-uzrasai-2\/","title":{"rendered":"Paslaptingasis Egiptas. Gid\u0117s u\u017era\u0161ai."},"content":{"rendered":"<p>Angelina Zaleckait\u0117 ilg\u0105 laik\u0105 praleido Egipte, dirbdama kelioni\u0173 vadove, gide, nardymo meistre. Sykiu paruo\u0161\u0117 daugiau kaip 40 kelion\u0117s vadov\u0173, kuri\u0173 did\u017eioji dalis dirba Egipte iki \u0161iol. Skatinama bi\u010diuli\u0173, bendradarbi\u0173, turist\u0173 ir \u0161eimos nari\u0173 nusprend\u0117 perduoti patarimus b\u016bsimiems keliautojams, pasidalyti sukaupta patirtimi, atsakyti \u012f da\u017eniausiai u\u017eduodamus klausimus.<\/p>\n<p>Nilo sl\u0117nyje klest\u0117jo viena seniausi\u0173 ir did\u017eiausi\u0173 senojo pasaulio civilizacij\u0173. Jei domit\u0117s kult\u016bra, istorija, meno objektais, \u0161i knyga kaip tik jums. Knygoje susipa\u017einsite su \u012fvairiapusiu ir turtingu kra\u0161tu, atrasite egiptieti\u0161kos virtuv\u0117s patiekal\u0173, pasakojimas \u012fkv\u0117ps aplankyti dar nematytas vietas ir \u017emones.<\/p>\n","protected":false},"excerpt":{"rendered":"<p>Angelina Zaleckait\u0117 ilg\u0105 laik\u0105 praleido Egipte, dirbdama kelioni\u0173 vadove, gide, nardymo meistre. Sykiu paruo\u0161\u0117 daugiau kaip 40 kelion\u0117s vadov\u0173, kuri\u0173 did\u017eioji dalis dirba Egipte iki \u0161iol. Skatinama bi\u010diuli\u0173, bendradarbi\u0173, turist\u0173 ir \u0161eimos nari\u0173 nusprend\u0117 perduoti patarimus b\u016bsimiems keliautojams, pasidalyti sukaupta patirtimi, atsakyti \u012f da\u017eniausiai u\u017eduodamus klausimus.<\/p>\n<p>Nilo sl\u0117nyje klest\u0117jo viena seniausi\u0173 ir did\u017eiausi\u0173 senojo pasaulio civilizacij\u0173. Jei domit\u0117s kult\u016bra, istorija, meno objektais, \u0161i knyga kaip tik jums. Knygoje susipa\u017einsite su \u012fvairiapusiu ir turtingu kra\u0161tu, atrasite egiptieti\u0161kos virtuv\u0117s patiekal\u0173, pasakojimas \u012fkv\u0117ps aplankyti dar nematytas vietas ir \u017emones.<\/p>\n","protected":false},"featured_media":5519,"comment_status":"closed","ping_status":"closed","template":"","meta":{"_acf_changed":false,"site-sidebar-layout":"default","site-content-layout":"","ast-site-content-layout":"default","site-content-style":"default","site-sidebar-style":"default","ast-global-header-display":"","ast-banner-title-visibility":"","ast-main-header-display":"","ast-hfb-above-header-display":"","ast-hfb-below-header-display":"","ast-hfb-mobile-header-display":"","site-post-title":"","ast-breadcrumbs-content":"","ast-featured-img":"","footer-sml-layout":"","ast-disable-related-posts":"","theme-transparent-header-meta":"","adv-header-id-meta":"","stick-header-meta":"","header-above-stick-meta":"","header-main-stick-meta":"","header-below-stick-meta":"","astra-migrate-meta-layouts":"default","ast-page-background-enabled":"default","ast-page-background-meta":{"desktop":{"background-color":"","background-image":"","background-repeat":"repeat","background-position":"center center","background-size":"auto","background-attachment":"scroll","background-type":"","background-media":"","overlay-type":"","overlay-color":"","overlay-opacity":"","overlay-gradient":""},"tablet":{"background-color":"","background-image":"","background-repeat":"repeat","background-position":"center center","background-size":"auto","background-attachment":"scroll","background-type":"","background-media":"","overlay-type":"","overlay-color":"","overlay-opacity":"","overlay-gradient":""},"mobile":{"background-color":"","background-image":"","background-repeat":"repeat","background-position":"center center","background-size":"auto","background-attachment":"scroll","background-type":"","background-media":"","overlay-type":"","overlay-color":"","overlay-opacity":"","overlay-gradient":""}},"ast-content-background-meta":{"desktop":{"background-color":"var(--ast-global-color-4)","background-image":"","background-repeat":"repeat","background-position":"center center","background-size":"auto","background-attachment":"scroll","background-type":"","background-media":"","overlay-type":"","overlay-color":"","overlay-opacity":"","overlay-gradient":""},"tablet":{"background-color":"var(--ast-global-color-4)","background-image":"","background-repeat":"repeat","background-position":"center center","background-size":"auto","background-attachment":"scroll","background-type":"","background-media":"","overlay-type":"","overlay-color":"","overlay-opacity":"","overlay-gradient":""},"mobile":{"background-color":"var(--ast-global-color-4)","background-image":"","background-repeat":"repeat","background-position":"center center","background-size":"auto","background-attachment":"scroll","background-type":"","background-media":"","overlay-type":"","overlay-color":"","overlay-opacity":"","overlay-gradient":""}}},"product_brand":[],"product_cat":[448],"product_tag":[],"class_list":{"0":"post-8792","1":"product","2":"type-product","3":"status-publish","4":"has-post-thumbnail","6":"product_cat-keliones","7":"pa_leidimo-metai-662","8":"desktop-align-left","9":"tablet-align-left","10":"mobile-align-left","12":"first","13":"outofstock","14":"shipping-taxable","15":"purchasable","16":"product-type-simple"},"acf":[],"yoast_head":"<!-- This site is optimized with the Yoast SEO plugin v27.4 - https:\/\/yoast.com\/product\/yoast-seo-wordpress\/ -->\n<title>Paslaptingasis Egiptas. Gid\u0117s u\u017era\u0161ai. - Skaitytaknyga<\/title>\n<meta name=\"description\" content=\"Angelina Zaleckait\u0117 ilg\u0105 laik\u0105 praleido Egipte, dirbdama kelioni\u0173 vadove, gide, nardymo meistre. Sykiu paruo\u0161\u0117 daugiau kaip 40 kelion\u0117s vadov\u0173, kuri\u0173 did\u017eioji dalis dirba Egipte iki \u0161iol. Skatinama bi\u010diuli\u0173, bendradarbi\u0173, turist\u0173 ir \u0161eimos nari\u0173 nusprend\u0117 perduoti patarimus b\u016bsimiems keliautojams, pasidalyti sukaupta patirtimi, atsakyti \u012f da\u017eniausiai u\u017eduodamus klausimus.  Nilo sl\u0117nyje klest\u0117jo viena seniausi\u0173 ir did\u017eiausi\u0173 senojo pasaulio civilizacij\u0173. Jei domit\u0117s kult\u016bra, istorija, meno objektais, \u0161i knyga kaip tik jums. Knygoje susipa\u017einsite su \u012fvairiapusiu ir turtingu kra\u0161tu, atrasite egiptieti\u0161kos virtuv\u0117s patiekal\u0173, pasakojimas \u012fkv\u0117ps aplankyti dar nematytas vietas ir \u017emones.\" \/>\n<meta name=\"robots\" content=\"index, follow, max-snippet:-1, max-image-preview:large, max-video-preview:-1\" \/>\n<link rel=\"canonical\" href=\"https:\/\/skaitytaknyga.lt\/en\/produktas\/paslaptingasis-egiptas-gides-uzrasai-2\/\" \/>\n<meta property=\"og:locale\" content=\"en_GB\" \/>\n<meta property=\"og:locale:alternate\" content=\"lt_LT\" \/>\n<meta property=\"og:type\" content=\"article\" \/>\n<meta property=\"og:title\" content=\"Paslaptingasis Egiptas. Gid\u0117s u\u017era\u0161ai. - Skaitytaknyga\" \/>\n<meta property=\"og:description\" content=\"Angelina Zaleckait\u0117 ilg\u0105 laik\u0105 praleido Egipte, dirbdama kelioni\u0173 vadove, gide, nardymo meistre. Sykiu paruo\u0161\u0117 daugiau kaip 40 kelion\u0117s vadov\u0173, kuri\u0173 did\u017eioji dalis dirba Egipte iki \u0161iol. Skatinama bi\u010diuli\u0173, bendradarbi\u0173, turist\u0173 ir \u0161eimos nari\u0173 nusprend\u0117 perduoti patarimus b\u016bsimiems keliautojams, pasidalyti sukaupta patirtimi, atsakyti \u012f da\u017eniausiai u\u017eduodamus klausimus.  Nilo sl\u0117nyje klest\u0117jo viena seniausi\u0173 ir did\u017eiausi\u0173 senojo pasaulio civilizacij\u0173. Jei domit\u0117s kult\u016bra, istorija, meno objektais, \u0161i knyga kaip tik jums. Knygoje susipa\u017einsite su \u012fvairiapusiu ir turtingu kra\u0161tu, atrasite egiptieti\u0161kos virtuv\u0117s patiekal\u0173, pasakojimas \u012fkv\u0117ps aplankyti dar nematytas vietas ir \u017emones.\" \/>\n<meta property=\"og:url\" content=\"https:\/\/skaitytaknyga.lt\/en\/produktas\/paslaptingasis-egiptas-gides-uzrasai-2\/\" \/>\n<meta property=\"og:site_name\" content=\"Skaitytaknyga\" \/>\n<meta property=\"article:publisher\" content=\"https:\/\/www.facebook.com\/skaitytaknyga\/\" \/>\n<meta property=\"article:modified_time\" content=\"2024-05-04T14:51:46+00:00\" \/>\n<meta property=\"og:image\" content=\"https:\/\/skaitytaknyga.lt\/wp-content\/uploads\/2024\/05\/000000000002163643-59de84bfef0a0-asset-knyguklubas-cdb_egiptas_virselis1_p1.jpg\" \/>\n\t<meta property=\"og:image:width\" content=\"285\" \/>\n\t<meta property=\"og:image:height\" content=\"404\" \/>\n\t<meta property=\"og:image:type\" content=\"image\/jpeg\" \/>\n<meta name=\"twitter:card\" content=\"summary_large_image\" \/>\n<meta name=\"twitter:label1\" content=\"Estimated reading time\" \/>\n\t<meta name=\"twitter:data1\" content=\"1 minute\" \/>\n<script type=\"application\/ld+json\" class=\"yoast-schema-graph\">{\"@context\":\"https:\\\/\\\/schema.org\",\"@graph\":[{\"@type\":\"WebPage\",\"@id\":\"https:\\\/\\\/skaitytaknyga.lt\\\/produktas\\\/paslaptingasis-egiptas-gides-uzrasai-2\\\/\",\"url\":\"https:\\\/\\\/skaitytaknyga.lt\\\/produktas\\\/paslaptingasis-egiptas-gides-uzrasai-2\\\/\",\"name\":\"Paslaptingasis Egiptas. Gid\u0117s u\u017era\u0161ai. - Skaitytaknyga\",\"isPartOf\":{\"@id\":\"https:\\\/\\\/skaitytaknyga.lt\\\/#website\"},\"primaryImageOfPage\":{\"@id\":\"https:\\\/\\\/skaitytaknyga.lt\\\/produktas\\\/paslaptingasis-egiptas-gides-uzrasai-2\\\/#primaryimage\"},\"image\":{\"@id\":\"https:\\\/\\\/skaitytaknyga.lt\\\/produktas\\\/paslaptingasis-egiptas-gides-uzrasai-2\\\/#primaryimage\"},\"thumbnailUrl\":\"https:\\\/\\\/skaitytaknyga.lt\\\/wp-content\\\/uploads\\\/2024\\\/05\\\/000000000002163643-59de84bfef0a0-asset-knyguklubas-cdb_egiptas_virselis1_p1.jpg\",\"datePublished\":\"2024-05-04T14:51:32+00:00\",\"dateModified\":\"2024-05-04T14:51:46+00:00\",\"description\":\"Angelina Zaleckait\u0117 ilg\u0105 laik\u0105 praleido Egipte, dirbdama kelioni\u0173 vadove, gide, nardymo meistre. Sykiu paruo\u0161\u0117 daugiau kaip 40 kelion\u0117s vadov\u0173, kuri\u0173 did\u017eioji dalis dirba Egipte iki \u0161iol. Skatinama bi\u010diuli\u0173, bendradarbi\u0173, turist\u0173 ir \u0161eimos nari\u0173 nusprend\u0117 perduoti patarimus b\u016bsimiems keliautojams, pasidalyti sukaupta patirtimi, atsakyti \u012f da\u017eniausiai u\u017eduodamus klausimus. Nilo sl\u0117nyje klest\u0117jo viena seniausi\u0173 ir did\u017eiausi\u0173 senojo pasaulio civilizacij\u0173. Jei domit\u0117s kult\u016bra, istorija, meno objektais, \u0161i knyga kaip tik jums. Knygoje susipa\u017einsite su \u012fvairiapusiu ir turtingu kra\u0161tu, atrasite egiptieti\u0161kos virtuv\u0117s patiekal\u0173, pasakojimas \u012fkv\u0117ps aplankyti dar nematytas vietas ir \u017emones.\",\"breadcrumb\":{\"@id\":\"https:\\\/\\\/skaitytaknyga.lt\\\/produktas\\\/paslaptingasis-egiptas-gides-uzrasai-2\\\/#breadcrumb\"},\"inLanguage\":\"en-GB\",\"potentialAction\":[{\"@type\":\"ReadAction\",\"target\":[\"https:\\\/\\\/skaitytaknyga.lt\\\/produktas\\\/paslaptingasis-egiptas-gides-uzrasai-2\\\/\"]}]},{\"@type\":\"ImageObject\",\"inLanguage\":\"en-GB\",\"@id\":\"https:\\\/\\\/skaitytaknyga.lt\\\/produktas\\\/paslaptingasis-egiptas-gides-uzrasai-2\\\/#primaryimage\",\"url\":\"https:\\\/\\\/skaitytaknyga.lt\\\/wp-content\\\/uploads\\\/2024\\\/05\\\/000000000002163643-59de84bfef0a0-asset-knyguklubas-cdb_egiptas_virselis1_p1.jpg\",\"contentUrl\":\"https:\\\/\\\/skaitytaknyga.lt\\\/wp-content\\\/uploads\\\/2024\\\/05\\\/000000000002163643-59de84bfef0a0-asset-knyguklubas-cdb_egiptas_virselis1_p1.jpg\",\"width\":285,\"height\":404},{\"@type\":\"BreadcrumbList\",\"@id\":\"https:\\\/\\\/skaitytaknyga.lt\\\/produktas\\\/paslaptingasis-egiptas-gides-uzrasai-2\\\/#breadcrumb\",\"itemListElement\":[{\"@type\":\"ListItem\",\"position\":1,\"name\":\"Home\",\"item\":\"https:\\\/\\\/skaitytaknyga.lt\\\/\"},{\"@type\":\"ListItem\",\"position\":2,\"name\":\"Parduotuv\u0117\",\"item\":\"https:\\\/\\\/skaitytaknyga.lt\\\/knygu-parduotuve\\\/\"},{\"@type\":\"ListItem\",\"position\":3,\"name\":\"Paslaptingasis Egiptas. Gid\u0117s u\u017era\u0161ai.\"}]},{\"@type\":\"WebSite\",\"@id\":\"https:\\\/\\\/skaitytaknyga.lt\\\/#website\",\"url\":\"https:\\\/\\\/skaitytaknyga.lt\\\/\",\"name\":\"skaitytaknyga.lt\",\"description\":\"Skaitytaknyga.lt \u2013 tai ma\u017eas \u0161eimos verslas, kuris prasid\u0117jo nuo meil\u0117s knygoms ir siekio i\u0161gelb\u0117ti knygas nuo likimo prie konteinerio. Kas vienam nereikalingas daiktas \u2013 kitam lobis, o mes esame tarpininkai, kurie padeda abiems tapti laimingesniems ???? \u017dinome kaip nelengva i\u0161gyventi ma\u017eiems verslams, tad nuo \u0161iol, \u010dia rasite ir kit\u0173, ma\u017e\u0173 \u0161eim\u0173 versl\u0173, rank\u0173 darbo, dovan\u0173 sau ir artimiesiems.\",\"publisher\":{\"@id\":\"https:\\\/\\\/skaitytaknyga.lt\\\/#organization\"},\"potentialAction\":[{\"@type\":\"SearchAction\",\"target\":{\"@type\":\"EntryPoint\",\"urlTemplate\":\"https:\\\/\\\/skaitytaknyga.lt\\\/?s={search_term_string}\"},\"query-input\":{\"@type\":\"PropertyValueSpecification\",\"valueRequired\":true,\"valueName\":\"search_term_string\"}}],\"inLanguage\":\"en-GB\"},{\"@type\":\"Organization\",\"@id\":\"https:\\\/\\\/skaitytaknyga.lt\\\/#organization\",\"name\":\"skaitytaknyga.lt\",\"url\":\"https:\\\/\\\/skaitytaknyga.lt\\\/\",\"logo\":{\"@type\":\"ImageObject\",\"inLanguage\":\"en-GB\",\"@id\":\"https:\\\/\\\/skaitytaknyga.lt\\\/#\\\/schema\\\/logo\\\/image\\\/\",\"url\":\"https:\\\/\\\/skaitytaknyga.lt\\\/wp-content\\\/uploads\\\/2024\\\/05\\\/cropped-cropped-cropped-02_00843_jt3bggkj1j3HLc7SyY6rEUpg.jpeg\",\"contentUrl\":\"https:\\\/\\\/skaitytaknyga.lt\\\/wp-content\\\/uploads\\\/2024\\\/05\\\/cropped-cropped-cropped-02_00843_jt3bggkj1j3HLc7SyY6rEUpg.jpeg\",\"width\":1600,\"height\":1600,\"caption\":\"skaitytaknyga.lt\"},\"image\":{\"@id\":\"https:\\\/\\\/skaitytaknyga.lt\\\/#\\\/schema\\\/logo\\\/image\\\/\"},\"sameAs\":[\"https:\\\/\\\/www.facebook.com\\\/skaitytaknyga\\\/\"]}]}<\/script>\n<!-- \/ Yoast SEO plugin. -->","yoast_head_json":{"title":"Paslaptingasis Egiptas. Gid\u0117s u\u017era\u0161ai. - Skaitytaknyga","description":"Angelina Zaleckait\u0117 ilg\u0105 laik\u0105 praleido Egipte, dirbdama kelioni\u0173 vadove, gide, nardymo meistre. Sykiu paruo\u0161\u0117 daugiau kaip 40 kelion\u0117s vadov\u0173, kuri\u0173 did\u017eioji dalis dirba Egipte iki \u0161iol. Skatinama bi\u010diuli\u0173, bendradarbi\u0173, turist\u0173 ir \u0161eimos nari\u0173 nusprend\u0117 perduoti patarimus b\u016bsimiems keliautojams, pasidalyti sukaupta patirtimi, atsakyti \u012f da\u017eniausiai u\u017eduodamus klausimus.  Nilo sl\u0117nyje klest\u0117jo viena seniausi\u0173 ir did\u017eiausi\u0173 senojo pasaulio civilizacij\u0173. Jei domit\u0117s kult\u016bra, istorija, meno objektais, \u0161i knyga kaip tik jums. Knygoje susipa\u017einsite su \u012fvairiapusiu ir turtingu kra\u0161tu, atrasite egiptieti\u0161kos virtuv\u0117s patiekal\u0173, pasakojimas \u012fkv\u0117ps aplankyti dar nematytas vietas ir \u017emones.","robots":{"index":"index","follow":"follow","max-snippet":"max-snippet:-1","max-image-preview":"max-image-preview:large","max-video-preview":"max-video-preview:-1"},"canonical":"https:\/\/skaitytaknyga.lt\/en\/produktas\/paslaptingasis-egiptas-gides-uzrasai-2\/","og_locale":"en_GB","og_type":"article","og_title":"Paslaptingasis Egiptas. Gid\u0117s u\u017era\u0161ai. - Skaitytaknyga","og_description":"Angelina Zaleckait\u0117 ilg\u0105 laik\u0105 praleido Egipte, dirbdama kelioni\u0173 vadove, gide, nardymo meistre. Sykiu paruo\u0161\u0117 daugiau kaip 40 kelion\u0117s vadov\u0173, kuri\u0173 did\u017eioji dalis dirba Egipte iki \u0161iol. Skatinama bi\u010diuli\u0173, bendradarbi\u0173, turist\u0173 ir \u0161eimos nari\u0173 nusprend\u0117 perduoti patarimus b\u016bsimiems keliautojams, pasidalyti sukaupta patirtimi, atsakyti \u012f da\u017eniausiai u\u017eduodamus klausimus.  Nilo sl\u0117nyje klest\u0117jo viena seniausi\u0173 ir did\u017eiausi\u0173 senojo pasaulio civilizacij\u0173. Jei domit\u0117s kult\u016bra, istorija, meno objektais, \u0161i knyga kaip tik jums. Knygoje susipa\u017einsite su \u012fvairiapusiu ir turtingu kra\u0161tu, atrasite egiptieti\u0161kos virtuv\u0117s patiekal\u0173, pasakojimas \u012fkv\u0117ps aplankyti dar nematytas vietas ir \u017emones.","og_url":"https:\/\/skaitytaknyga.lt\/en\/produktas\/paslaptingasis-egiptas-gides-uzrasai-2\/","og_site_name":"Skaitytaknyga","article_publisher":"https:\/\/www.facebook.com\/skaitytaknyga\/","article_modified_time":"2024-05-04T14:51:46+00:00","og_image":[{"width":285,"height":404,"url":"https:\/\/skaitytaknyga.lt\/wp-content\/uploads\/2024\/05\/000000000002163643-59de84bfef0a0-asset-knyguklubas-cdb_egiptas_virselis1_p1.jpg","type":"image\/jpeg"}],"twitter_card":"summary_large_image","twitter_misc":{"Estimated reading time":"1 minute"},"schema":{"@context":"https:\/\/schema.org","@graph":[{"@type":"WebPage","@id":"https:\/\/skaitytaknyga.lt\/produktas\/paslaptingasis-egiptas-gides-uzrasai-2\/","url":"https:\/\/skaitytaknyga.lt\/produktas\/paslaptingasis-egiptas-gides-uzrasai-2\/","name":"Paslaptingasis Egiptas. Gid\u0117s u\u017era\u0161ai. - Skaitytaknyga","isPartOf":{"@id":"https:\/\/skaitytaknyga.lt\/#website"},"primaryImageOfPage":{"@id":"https:\/\/skaitytaknyga.lt\/produktas\/paslaptingasis-egiptas-gides-uzrasai-2\/#primaryimage"},"image":{"@id":"https:\/\/skaitytaknyga.lt\/produktas\/paslaptingasis-egiptas-gides-uzrasai-2\/#primaryimage"},"thumbnailUrl":"https:\/\/skaitytaknyga.lt\/wp-content\/uploads\/2024\/05\/000000000002163643-59de84bfef0a0-asset-knyguklubas-cdb_egiptas_virselis1_p1.jpg","datePublished":"2024-05-04T14:51:32+00:00","dateModified":"2024-05-04T14:51:46+00:00","description":"Angelina Zaleckait\u0117 ilg\u0105 laik\u0105 praleido Egipte, dirbdama kelioni\u0173 vadove, gide, nardymo meistre. Sykiu paruo\u0161\u0117 daugiau kaip 40 kelion\u0117s vadov\u0173, kuri\u0173 did\u017eioji dalis dirba Egipte iki \u0161iol. Skatinama bi\u010diuli\u0173, bendradarbi\u0173, turist\u0173 ir \u0161eimos nari\u0173 nusprend\u0117 perduoti patarimus b\u016bsimiems keliautojams, pasidalyti sukaupta patirtimi, atsakyti \u012f da\u017eniausiai u\u017eduodamus klausimus. Nilo sl\u0117nyje klest\u0117jo viena seniausi\u0173 ir did\u017eiausi\u0173 senojo pasaulio civilizacij\u0173. Jei domit\u0117s kult\u016bra, istorija, meno objektais, \u0161i knyga kaip tik jums. Knygoje susipa\u017einsite su \u012fvairiapusiu ir turtingu kra\u0161tu, atrasite egiptieti\u0161kos virtuv\u0117s patiekal\u0173, pasakojimas \u012fkv\u0117ps aplankyti dar nematytas vietas ir \u017emones.","breadcrumb":{"@id":"https:\/\/skaitytaknyga.lt\/produktas\/paslaptingasis-egiptas-gides-uzrasai-2\/#breadcrumb"},"inLanguage":"en-GB","potentialAction":[{"@type":"ReadAction","target":["https:\/\/skaitytaknyga.lt\/produktas\/paslaptingasis-egiptas-gides-uzrasai-2\/"]}]},{"@type":"ImageObject","inLanguage":"en-GB","@id":"https:\/\/skaitytaknyga.lt\/produktas\/paslaptingasis-egiptas-gides-uzrasai-2\/#primaryimage","url":"https:\/\/skaitytaknyga.lt\/wp-content\/uploads\/2024\/05\/000000000002163643-59de84bfef0a0-asset-knyguklubas-cdb_egiptas_virselis1_p1.jpg","contentUrl":"https:\/\/skaitytaknyga.lt\/wp-content\/uploads\/2024\/05\/000000000002163643-59de84bfef0a0-asset-knyguklubas-cdb_egiptas_virselis1_p1.jpg","width":285,"height":404},{"@type":"BreadcrumbList","@id":"https:\/\/skaitytaknyga.lt\/produktas\/paslaptingasis-egiptas-gides-uzrasai-2\/#breadcrumb","itemListElement":[{"@type":"ListItem","position":1,"name":"Home","item":"https:\/\/skaitytaknyga.lt\/"},{"@type":"ListItem","position":2,"name":"Parduotuv\u0117","item":"https:\/\/skaitytaknyga.lt\/knygu-parduotuve\/"},{"@type":"ListItem","position":3,"name":"Paslaptingasis Egiptas. Gid\u0117s u\u017era\u0161ai."}]},{"@type":"WebSite","@id":"https:\/\/skaitytaknyga.lt\/#website","url":"https:\/\/skaitytaknyga.lt\/","name":"skaitytaknyga.lt","description":"Skaitytaknyga.lt \u2013 tai ma\u017eas \u0161eimos verslas, kuris prasid\u0117jo nuo meil\u0117s knygoms ir siekio i\u0161gelb\u0117ti knygas nuo likimo prie konteinerio. Kas vienam nereikalingas daiktas \u2013 kitam lobis, o mes esame tarpininkai, kurie padeda abiems tapti laimingesniems ???? \u017dinome kaip nelengva i\u0161gyventi ma\u017eiems verslams, tad nuo \u0161iol, \u010dia rasite ir kit\u0173, ma\u017e\u0173 \u0161eim\u0173 versl\u0173, rank\u0173 darbo, dovan\u0173 sau ir artimiesiems.","publisher":{"@id":"https:\/\/skaitytaknyga.lt\/#organization"},"potentialAction":[{"@type":"SearchAction","target":{"@type":"EntryPoint","urlTemplate":"https:\/\/skaitytaknyga.lt\/?s={search_term_string}"},"query-input":{"@type":"PropertyValueSpecification","valueRequired":true,"valueName":"search_term_string"}}],"inLanguage":"en-GB"},{"@type":"Organization","@id":"https:\/\/skaitytaknyga.lt\/#organization","name":"skaitytaknyga.lt","url":"https:\/\/skaitytaknyga.lt\/","logo":{"@type":"ImageObject","inLanguage":"en-GB","@id":"https:\/\/skaitytaknyga.lt\/#\/schema\/logo\/image\/","url":"https:\/\/skaitytaknyga.lt\/wp-content\/uploads\/2024\/05\/cropped-cropped-cropped-02_00843_jt3bggkj1j3HLc7SyY6rEUpg.jpeg","contentUrl":"https:\/\/skaitytaknyga.lt\/wp-content\/uploads\/2024\/05\/cropped-cropped-cropped-02_00843_jt3bggkj1j3HLc7SyY6rEUpg.jpeg","width":1600,"height":1600,"caption":"skaitytaknyga.lt"},"image":{"@id":"https:\/\/skaitytaknyga.lt\/#\/schema\/logo\/image\/"},"sameAs":["https:\/\/www.facebook.com\/skaitytaknyga\/"]}]}},"_links":{"self":[{"href":"https:\/\/skaitytaknyga.lt\/en\/wp-json\/wp\/v2\/product\/8792","targetHints":{"allow":["GET"]}}],"collection":[{"href":"https:\/\/skaitytaknyga.lt\/en\/wp-json\/wp\/v2\/product"}],"about":[{"href":"https:\/\/skaitytaknyga.lt\/en\/wp-json\/wp\/v2\/types\/product"}],"replies":[{"embeddable":true,"href":"https:\/\/skaitytaknyga.lt\/en\/wp-json\/wp\/v2\/comments?post=8792"}],"wp:featuredmedia":[{"embeddable":true,"href":"https:\/\/skaitytaknyga.lt\/en\/wp-json\/wp\/v2\/media\/5519"}],"wp:attachment":[{"href":"https:\/\/skaitytaknyga.lt\/en\/wp-json\/wp\/v2\/media?parent=8792"}],"wp:term":[{"taxonomy":"product_brand","embeddable":true,"href":"https:\/\/skaitytaknyga.lt\/en\/wp-json\/wp\/v2\/product_brand?post=8792"},{"taxonomy":"product_cat","embeddable":true,"href":"https:\/\/skaitytaknyga.lt\/en\/wp-json\/wp\/v2\/product_cat?post=8792"},{"taxonomy":"product_tag","embeddable":true,"href":"https:\/\/skaitytaknyga.lt\/en\/wp-json\/wp\/v2\/product_tag?post=8792"}],"curies":[{"name":"wp","href":"https:\/\/api.w.org\/{rel}","templated":true}]}}