{"id":8790,"date":"2024-05-04T14:51:32","date_gmt":"2024-05-04T14:51:32","guid":{"rendered":"https:\/\/skaitytaknyga.lt\/?post_type=product&#038;p=8790"},"modified":"2025-06-16T22:36:50","modified_gmt":"2025-06-16T19:36:50","slug":"vaiko-smegenu-manksta-nuo-gimimo-iki-3-metu-2","status":"publish","type":"product","link":"https:\/\/skaitytaknyga.lt\/en\/produktas\/vaiko-smegenu-manksta-nuo-gimimo-iki-3-metu-2\/","title":{"rendered":"Vaiko smegen\u0173 mank\u0161ta nuo gimimo iki 3 met\u0173"},"content":{"rendered":"<p>Ar \u017einote, kad&#8230;<br \/>\n&#8211; vaiko iki trej\u0173 met\u0173 smegenys dirba dukart aktyviau negy auk\u0161tosios mokyklos studento?<br \/>\n&#8211; trime\u010dio vaiko smegenyse veikia 1000 trilijon\u0173 neuron\u0173 jung\u010di\u0173? Tai de\u0161imt kart\u0173 daugiau negu turi suaugusieji!<\/p>\n<p>Jei Jums r\u016bpi j\u016bs\u0173 vaiko ateitis &#8211; b\u016btinai turite perskaityti \u0161i\u0105 knyg\u0105.<\/p>\n<p>Pirmaisiais gyvenimo metais \u017emogaus smegenys vystosi ne\u012ftik\u0117tinu grei\u010diu &#8211; toki\u0105 galimyb\u0119 tiek daug visko i\u0161mokti gauname tik kart\u0105 per gyvenim\u0105.<\/p>\n<p>\u0160ioje knygoje apra\u0161yti smag\u016bs, juokingi, nuotaikingi \u017eaidimai su ma\u017eyliais. Tai ne tik \u017eaidimai &#8211; tai vaiko kelias \u012f ateit\u012f. Kiekvienas knygoje apra\u0161ytas \u017eaidimas suteikia galimyb\u0119 kasdien skatinti vaiko smegen\u0173 vystym\u0105si itin svarbiu laikotarpiu nuo gimimo iki 36 m\u0117nesi\u0173.<\/p>\n","protected":false},"excerpt":{"rendered":"<p>Ar \u017einote, kad&#8230;<br \/>\n&#8211; vaiko iki trej\u0173 met\u0173 smegenys dirba dukart aktyviau negy auk\u0161tosios mokyklos studento?<br \/>\n&#8211; trime\u010dio vaiko smegenyse veikia 1000 trilijon\u0173 neuron\u0173 jung\u010di\u0173? Tai de\u0161imt kart\u0173 daugiau negu turi suaugusieji!<\/p>\n<p>Jei Jums r\u016bpi j\u016bs\u0173 vaiko ateitis &#8211; b\u016btinai turite perskaityti \u0161i\u0105 knyg\u0105.<\/p>\n<p>Pirmaisiais gyvenimo metais \u017emogaus smegenys vystosi ne\u012ftik\u0117tinu grei\u010diu &#8211; toki\u0105 galimyb\u0119 tiek daug visko i\u0161mokti gauname tik kart\u0105 per gyvenim\u0105.<\/p>\n<p>\u0160ioje knygoje apra\u0161yti smag\u016bs, juokingi, nuotaikingi \u017eaidimai su ma\u017eyliais. Tai ne tik \u017eaidimai &#8211; tai vaiko kelias \u012f ateit\u012f. Kiekvienas knygoje apra\u0161ytas \u017eaidimas suteikia galimyb\u0119 kasdien skatinti vaiko smegen\u0173 vystym\u0105si itin svarbiu laikotarpiu nuo gimimo iki 36 m\u0117nesi\u0173.<\/p>\n","protected":false},"featured_media":5517,"comment_status":"closed","ping_status":"closed","template":"","meta":{"_acf_changed":false,"site-sidebar-layout":"default","site-content-layout":"","ast-site-content-layout":"default","site-content-style":"default","site-sidebar-style":"default","ast-global-header-display":"","ast-banner-title-visibility":"","ast-main-header-display":"","ast-hfb-above-header-display":"","ast-hfb-below-header-display":"","ast-hfb-mobile-header-display":"","site-post-title":"","ast-breadcrumbs-content":"","ast-featured-img":"","footer-sml-layout":"","ast-disable-related-posts":"","theme-transparent-header-meta":"","adv-header-id-meta":"","stick-header-meta":"","header-above-stick-meta":"","header-main-stick-meta":"","header-below-stick-meta":"","astra-migrate-meta-layouts":"default","ast-page-background-enabled":"default","ast-page-background-meta":{"desktop":{"background-color":"","background-image":"","background-repeat":"repeat","background-position":"center center","background-size":"auto","background-attachment":"scroll","background-type":"","background-media":"","overlay-type":"","overlay-color":"","overlay-opacity":"","overlay-gradient":""},"tablet":{"background-color":"","background-image":"","background-repeat":"repeat","background-position":"center center","background-size":"auto","background-attachment":"scroll","background-type":"","background-media":"","overlay-type":"","overlay-color":"","overlay-opacity":"","overlay-gradient":""},"mobile":{"background-color":"","background-image":"","background-repeat":"repeat","background-position":"center center","background-size":"auto","background-attachment":"scroll","background-type":"","background-media":"","overlay-type":"","overlay-color":"","overlay-opacity":"","overlay-gradient":""}},"ast-content-background-meta":{"desktop":{"background-color":"var(--ast-global-color-4)","background-image":"","background-repeat":"repeat","background-position":"center center","background-size":"auto","background-attachment":"scroll","background-type":"","background-media":"","overlay-type":"","overlay-color":"","overlay-opacity":"","overlay-gradient":""},"tablet":{"background-color":"var(--ast-global-color-4)","background-image":"","background-repeat":"repeat","background-position":"center center","background-size":"auto","background-attachment":"scroll","background-type":"","background-media":"","overlay-type":"","overlay-color":"","overlay-opacity":"","overlay-gradient":""},"mobile":{"background-color":"var(--ast-global-color-4)","background-image":"","background-repeat":"repeat","background-position":"center center","background-size":"auto","background-attachment":"scroll","background-type":"","background-media":"","overlay-type":"","overlay-color":"","overlay-opacity":"","overlay-gradient":""}}},"product_brand":[],"product_cat":[37],"product_tag":[2207,2203,2204,2206,2205,2202],"class_list":{"0":"post-8790","1":"product","2":"type-product","3":"status-publish","4":"has-post-thumbnail","6":"product_cat-nestumas-ir-vaiku-prieziura-bei-auklejimas","7":"product_tag-ikimokyklinis-amzius","8":"product_tag-kognityvine-psichologija","9":"product_tag-smegenu-treniruote","10":"product_tag-tevyste","11":"product_tag-ugdymas","12":"product_tag-vaiko-vystymasis","13":"pa_leidimo-metai-662","14":"desktop-align-left","15":"tablet-align-left","16":"mobile-align-left","18":"first","19":"outofstock","20":"shipping-taxable","21":"purchasable","22":"product-type-simple"},"acf":[],"yoast_head":"<!-- This site is optimized with the Yoast SEO plugin v27.0 - https:\/\/yoast.com\/product\/yoast-seo-wordpress\/ -->\n<title>Vaiko smegen\u0173 mank\u0161ta nuo gimimo iki 3 met\u0173 - Skaitytaknyga<\/title>\n<meta name=\"description\" content=\"Ar \u017einote, kad... - vaiko iki trej\u0173 met\u0173 smegenys dirba dukart aktyviau negy auk\u0161tosios mokyklos studento? - trime\u010dio vaiko smegenyse veikia 1000 trilijon\u0173 neuron\u0173 jung\u010di\u0173? Tai de\u0161imt kart\u0173 daugiau negu turi suaugusieji!  Jei Jums r\u016bpi j\u016bs\u0173 vaiko ateitis - b\u016btinai turite perskaityti \u0161i\u0105 knyg\u0105.  Pirmaisiais gyvenimo metais \u017emogaus smegenys vystosi ne\u012ftik\u0117tinu grei\u010diu - toki\u0105 galimyb\u0119 tiek daug visko i\u0161mokti gauname tik kart\u0105 per gyvenim\u0105.  \u0160ioje knygoje apra\u0161yti smag\u016bs, juokingi, nuotaikingi \u017eaidimai su ma\u017eyliais. Tai ne tik \u017eaidimai - tai vaiko kelias \u012f ateit\u012f. Kiekvienas knygoje apra\u0161ytas \u017eaidimas suteikia galimyb\u0119 kasdien skatinti vaiko smegen\u0173 vystym\u0105si itin svarbiu laikotarpiu nuo gimimo iki 36 m\u0117nesi\u0173.\" \/>\n<meta name=\"robots\" content=\"index, follow, max-snippet:-1, max-image-preview:large, max-video-preview:-1\" \/>\n<link rel=\"canonical\" href=\"https:\/\/skaitytaknyga.lt\/en\/produktas\/vaiko-smegenu-manksta-nuo-gimimo-iki-3-metu-2\/\" \/>\n<meta property=\"og:locale\" content=\"en_GB\" \/>\n<meta property=\"og:locale:alternate\" content=\"lt_LT\" \/>\n<meta property=\"og:type\" content=\"article\" \/>\n<meta property=\"og:title\" content=\"Vaiko smegen\u0173 mank\u0161ta nuo gimimo iki 3 met\u0173 - Skaitytaknyga\" \/>\n<meta property=\"og:description\" content=\"Ar \u017einote, kad... - vaiko iki trej\u0173 met\u0173 smegenys dirba dukart aktyviau negy auk\u0161tosios mokyklos studento? - trime\u010dio vaiko smegenyse veikia 1000 trilijon\u0173 neuron\u0173 jung\u010di\u0173? Tai de\u0161imt kart\u0173 daugiau negu turi suaugusieji!  Jei Jums r\u016bpi j\u016bs\u0173 vaiko ateitis - b\u016btinai turite perskaityti \u0161i\u0105 knyg\u0105.  Pirmaisiais gyvenimo metais \u017emogaus smegenys vystosi ne\u012ftik\u0117tinu grei\u010diu - toki\u0105 galimyb\u0119 tiek daug visko i\u0161mokti gauname tik kart\u0105 per gyvenim\u0105.  \u0160ioje knygoje apra\u0161yti smag\u016bs, juokingi, nuotaikingi \u017eaidimai su ma\u017eyliais. Tai ne tik \u017eaidimai - tai vaiko kelias \u012f ateit\u012f. Kiekvienas knygoje apra\u0161ytas \u017eaidimas suteikia galimyb\u0119 kasdien skatinti vaiko smegen\u0173 vystym\u0105si itin svarbiu laikotarpiu nuo gimimo iki 36 m\u0117nesi\u0173.\" \/>\n<meta property=\"og:url\" content=\"https:\/\/skaitytaknyga.lt\/en\/produktas\/vaiko-smegenu-manksta-nuo-gimimo-iki-3-metu-2\/\" \/>\n<meta property=\"og:site_name\" content=\"Skaitytaknyga\" \/>\n<meta property=\"article:publisher\" content=\"https:\/\/www.facebook.com\/skaitytaknyga\/\" \/>\n<meta property=\"article:modified_time\" content=\"2025-06-16T19:36:50+00:00\" \/>\n<meta property=\"og:image\" content=\"https:\/\/skaitytaknyga.lt\/wp-content\/uploads\/2024\/05\/000000000002161857-59de83df458aa-asset-knyguklubas-cdb_9789955214151_p1.jpg\" \/>\n\t<meta property=\"og:image:width\" content=\"285\" \/>\n\t<meta property=\"og:image:height\" content=\"422\" \/>\n\t<meta property=\"og:image:type\" content=\"image\/jpeg\" \/>\n<meta name=\"twitter:card\" content=\"summary_large_image\" \/>\n<meta name=\"twitter:label1\" content=\"Estimated reading time\" \/>\n\t<meta name=\"twitter:data1\" content=\"1 minute\" \/>\n<script type=\"application\/ld+json\" class=\"yoast-schema-graph\">{\"@context\":\"https:\/\/schema.org\",\"@graph\":[{\"@type\":\"WebPage\",\"@id\":\"https:\/\/skaitytaknyga.lt\/produktas\/vaiko-smegenu-manksta-nuo-gimimo-iki-3-metu-2\/\",\"url\":\"https:\/\/skaitytaknyga.lt\/produktas\/vaiko-smegenu-manksta-nuo-gimimo-iki-3-metu-2\/\",\"name\":\"Vaiko smegen\u0173 mank\u0161ta nuo gimimo iki 3 met\u0173 - Skaitytaknyga\",\"isPartOf\":{\"@id\":\"https:\/\/skaitytaknyga.lt\/#website\"},\"primaryImageOfPage\":{\"@id\":\"https:\/\/skaitytaknyga.lt\/produktas\/vaiko-smegenu-manksta-nuo-gimimo-iki-3-metu-2\/#primaryimage\"},\"image\":{\"@id\":\"https:\/\/skaitytaknyga.lt\/produktas\/vaiko-smegenu-manksta-nuo-gimimo-iki-3-metu-2\/#primaryimage\"},\"thumbnailUrl\":\"https:\/\/skaitytaknyga.lt\/wp-content\/uploads\/2024\/05\/000000000002161857-59de83df458aa-asset-knyguklubas-cdb_9789955214151_p1.jpg\",\"datePublished\":\"2024-05-04T14:51:32+00:00\",\"dateModified\":\"2025-06-16T19:36:50+00:00\",\"description\":\"Ar \u017einote, kad... - vaiko iki trej\u0173 met\u0173 smegenys dirba dukart aktyviau negy auk\u0161tosios mokyklos studento? - trime\u010dio vaiko smegenyse veikia 1000 trilijon\u0173 neuron\u0173 jung\u010di\u0173? Tai de\u0161imt kart\u0173 daugiau negu turi suaugusieji! Jei Jums r\u016bpi j\u016bs\u0173 vaiko ateitis - b\u016btinai turite perskaityti \u0161i\u0105 knyg\u0105. Pirmaisiais gyvenimo metais \u017emogaus smegenys vystosi ne\u012ftik\u0117tinu grei\u010diu - toki\u0105 galimyb\u0119 tiek daug visko i\u0161mokti gauname tik kart\u0105 per gyvenim\u0105. \u0160ioje knygoje apra\u0161yti smag\u016bs, juokingi, nuotaikingi \u017eaidimai su ma\u017eyliais. Tai ne tik \u017eaidimai - tai vaiko kelias \u012f ateit\u012f. Kiekvienas knygoje apra\u0161ytas \u017eaidimas suteikia galimyb\u0119 kasdien skatinti vaiko smegen\u0173 vystym\u0105si itin svarbiu laikotarpiu nuo gimimo iki 36 m\u0117nesi\u0173.\",\"breadcrumb\":{\"@id\":\"https:\/\/skaitytaknyga.lt\/produktas\/vaiko-smegenu-manksta-nuo-gimimo-iki-3-metu-2\/#breadcrumb\"},\"inLanguage\":\"en-GB\",\"potentialAction\":[{\"@type\":\"ReadAction\",\"target\":[\"https:\/\/skaitytaknyga.lt\/produktas\/vaiko-smegenu-manksta-nuo-gimimo-iki-3-metu-2\/\"]}]},{\"@type\":\"ImageObject\",\"inLanguage\":\"en-GB\",\"@id\":\"https:\/\/skaitytaknyga.lt\/produktas\/vaiko-smegenu-manksta-nuo-gimimo-iki-3-metu-2\/#primaryimage\",\"url\":\"https:\/\/skaitytaknyga.lt\/wp-content\/uploads\/2024\/05\/000000000002161857-59de83df458aa-asset-knyguklubas-cdb_9789955214151_p1.jpg\",\"contentUrl\":\"https:\/\/skaitytaknyga.lt\/wp-content\/uploads\/2024\/05\/000000000002161857-59de83df458aa-asset-knyguklubas-cdb_9789955214151_p1.jpg\",\"width\":285,\"height\":422},{\"@type\":\"BreadcrumbList\",\"@id\":\"https:\/\/skaitytaknyga.lt\/produktas\/vaiko-smegenu-manksta-nuo-gimimo-iki-3-metu-2\/#breadcrumb\",\"itemListElement\":[{\"@type\":\"ListItem\",\"position\":1,\"name\":\"Home\",\"item\":\"https:\/\/skaitytaknyga.lt\/\"},{\"@type\":\"ListItem\",\"position\":2,\"name\":\"Parduotuv\u0117\",\"item\":\"https:\/\/skaitytaknyga.lt\/knygu-parduotuve\/\"},{\"@type\":\"ListItem\",\"position\":3,\"name\":\"Vaiko smegen\u0173 mank\u0161ta nuo gimimo iki 3 met\u0173\"}]},{\"@type\":\"WebSite\",\"@id\":\"https:\/\/skaitytaknyga.lt\/#website\",\"url\":\"https:\/\/skaitytaknyga.lt\/\",\"name\":\"skaitytaknyga.lt\",\"description\":\"Skaitytaknyga.lt \u2013 tai ma\u017eas \u0161eimos verslas, kuris prasid\u0117jo nuo meil\u0117s knygoms ir siekio i\u0161gelb\u0117ti knygas nuo likimo prie konteinerio. Kas vienam nereikalingas daiktas \u2013 kitam lobis, o mes esame tarpininkai, kurie padeda abiems tapti laimingesniems ???? \u017dinome kaip nelengva i\u0161gyventi ma\u017eiems verslams, tad nuo \u0161iol, \u010dia rasite ir kit\u0173, ma\u017e\u0173 \u0161eim\u0173 versl\u0173, rank\u0173 darbo, dovan\u0173 sau ir artimiesiems.\",\"publisher\":{\"@id\":\"https:\/\/skaitytaknyga.lt\/#organization\"},\"potentialAction\":[{\"@type\":\"SearchAction\",\"target\":{\"@type\":\"EntryPoint\",\"urlTemplate\":\"https:\/\/skaitytaknyga.lt\/?s={search_term_string}\"},\"query-input\":{\"@type\":\"PropertyValueSpecification\",\"valueRequired\":true,\"valueName\":\"search_term_string\"}}],\"inLanguage\":\"en-GB\"},{\"@type\":\"Organization\",\"@id\":\"https:\/\/skaitytaknyga.lt\/#organization\",\"name\":\"skaitytaknyga.lt\",\"url\":\"https:\/\/skaitytaknyga.lt\/\",\"logo\":{\"@type\":\"ImageObject\",\"inLanguage\":\"en-GB\",\"@id\":\"https:\/\/skaitytaknyga.lt\/#\/schema\/logo\/image\/\",\"url\":\"https:\/\/skaitytaknyga.lt\/wp-content\/uploads\/2024\/05\/cropped-cropped-cropped-02_00843_jt3bggkj1j3HLc7SyY6rEUpg.jpeg\",\"contentUrl\":\"https:\/\/skaitytaknyga.lt\/wp-content\/uploads\/2024\/05\/cropped-cropped-cropped-02_00843_jt3bggkj1j3HLc7SyY6rEUpg.jpeg\",\"width\":1600,\"height\":1600,\"caption\":\"skaitytaknyga.lt\"},\"image\":{\"@id\":\"https:\/\/skaitytaknyga.lt\/#\/schema\/logo\/image\/\"},\"sameAs\":[\"https:\/\/www.facebook.com\/skaitytaknyga\/\"]}]}<\/script>\n<!-- \/ Yoast SEO plugin. -->","yoast_head_json":{"title":"Vaiko smegen\u0173 mank\u0161ta nuo gimimo iki 3 met\u0173 - Skaitytaknyga","description":"Ar \u017einote, kad... - vaiko iki trej\u0173 met\u0173 smegenys dirba dukart aktyviau negy auk\u0161tosios mokyklos studento? - trime\u010dio vaiko smegenyse veikia 1000 trilijon\u0173 neuron\u0173 jung\u010di\u0173? Tai de\u0161imt kart\u0173 daugiau negu turi suaugusieji!  Jei Jums r\u016bpi j\u016bs\u0173 vaiko ateitis - b\u016btinai turite perskaityti \u0161i\u0105 knyg\u0105.  Pirmaisiais gyvenimo metais \u017emogaus smegenys vystosi ne\u012ftik\u0117tinu grei\u010diu - toki\u0105 galimyb\u0119 tiek daug visko i\u0161mokti gauname tik kart\u0105 per gyvenim\u0105.  \u0160ioje knygoje apra\u0161yti smag\u016bs, juokingi, nuotaikingi \u017eaidimai su ma\u017eyliais. Tai ne tik \u017eaidimai - tai vaiko kelias \u012f ateit\u012f. Kiekvienas knygoje apra\u0161ytas \u017eaidimas suteikia galimyb\u0119 kasdien skatinti vaiko smegen\u0173 vystym\u0105si itin svarbiu laikotarpiu nuo gimimo iki 36 m\u0117nesi\u0173.","robots":{"index":"index","follow":"follow","max-snippet":"max-snippet:-1","max-image-preview":"max-image-preview:large","max-video-preview":"max-video-preview:-1"},"canonical":"https:\/\/skaitytaknyga.lt\/en\/produktas\/vaiko-smegenu-manksta-nuo-gimimo-iki-3-metu-2\/","og_locale":"en_GB","og_type":"article","og_title":"Vaiko smegen\u0173 mank\u0161ta nuo gimimo iki 3 met\u0173 - Skaitytaknyga","og_description":"Ar \u017einote, kad... - vaiko iki trej\u0173 met\u0173 smegenys dirba dukart aktyviau negy auk\u0161tosios mokyklos studento? - trime\u010dio vaiko smegenyse veikia 1000 trilijon\u0173 neuron\u0173 jung\u010di\u0173? Tai de\u0161imt kart\u0173 daugiau negu turi suaugusieji!  Jei Jums r\u016bpi j\u016bs\u0173 vaiko ateitis - b\u016btinai turite perskaityti \u0161i\u0105 knyg\u0105.  Pirmaisiais gyvenimo metais \u017emogaus smegenys vystosi ne\u012ftik\u0117tinu grei\u010diu - toki\u0105 galimyb\u0119 tiek daug visko i\u0161mokti gauname tik kart\u0105 per gyvenim\u0105.  \u0160ioje knygoje apra\u0161yti smag\u016bs, juokingi, nuotaikingi \u017eaidimai su ma\u017eyliais. Tai ne tik \u017eaidimai - tai vaiko kelias \u012f ateit\u012f. Kiekvienas knygoje apra\u0161ytas \u017eaidimas suteikia galimyb\u0119 kasdien skatinti vaiko smegen\u0173 vystym\u0105si itin svarbiu laikotarpiu nuo gimimo iki 36 m\u0117nesi\u0173.","og_url":"https:\/\/skaitytaknyga.lt\/en\/produktas\/vaiko-smegenu-manksta-nuo-gimimo-iki-3-metu-2\/","og_site_name":"Skaitytaknyga","article_publisher":"https:\/\/www.facebook.com\/skaitytaknyga\/","article_modified_time":"2025-06-16T19:36:50+00:00","og_image":[{"width":285,"height":422,"url":"https:\/\/skaitytaknyga.lt\/wp-content\/uploads\/2024\/05\/000000000002161857-59de83df458aa-asset-knyguklubas-cdb_9789955214151_p1.jpg","type":"image\/jpeg"}],"twitter_card":"summary_large_image","twitter_misc":{"Estimated reading time":"1 minute"},"schema":{"@context":"https:\/\/schema.org","@graph":[{"@type":"WebPage","@id":"https:\/\/skaitytaknyga.lt\/produktas\/vaiko-smegenu-manksta-nuo-gimimo-iki-3-metu-2\/","url":"https:\/\/skaitytaknyga.lt\/produktas\/vaiko-smegenu-manksta-nuo-gimimo-iki-3-metu-2\/","name":"Vaiko smegen\u0173 mank\u0161ta nuo gimimo iki 3 met\u0173 - Skaitytaknyga","isPartOf":{"@id":"https:\/\/skaitytaknyga.lt\/#website"},"primaryImageOfPage":{"@id":"https:\/\/skaitytaknyga.lt\/produktas\/vaiko-smegenu-manksta-nuo-gimimo-iki-3-metu-2\/#primaryimage"},"image":{"@id":"https:\/\/skaitytaknyga.lt\/produktas\/vaiko-smegenu-manksta-nuo-gimimo-iki-3-metu-2\/#primaryimage"},"thumbnailUrl":"https:\/\/skaitytaknyga.lt\/wp-content\/uploads\/2024\/05\/000000000002161857-59de83df458aa-asset-knyguklubas-cdb_9789955214151_p1.jpg","datePublished":"2024-05-04T14:51:32+00:00","dateModified":"2025-06-16T19:36:50+00:00","description":"Ar \u017einote, kad... - vaiko iki trej\u0173 met\u0173 smegenys dirba dukart aktyviau negy auk\u0161tosios mokyklos studento? - trime\u010dio vaiko smegenyse veikia 1000 trilijon\u0173 neuron\u0173 jung\u010di\u0173? Tai de\u0161imt kart\u0173 daugiau negu turi suaugusieji! Jei Jums r\u016bpi j\u016bs\u0173 vaiko ateitis - b\u016btinai turite perskaityti \u0161i\u0105 knyg\u0105. Pirmaisiais gyvenimo metais \u017emogaus smegenys vystosi ne\u012ftik\u0117tinu grei\u010diu - toki\u0105 galimyb\u0119 tiek daug visko i\u0161mokti gauname tik kart\u0105 per gyvenim\u0105. \u0160ioje knygoje apra\u0161yti smag\u016bs, juokingi, nuotaikingi \u017eaidimai su ma\u017eyliais. Tai ne tik \u017eaidimai - tai vaiko kelias \u012f ateit\u012f. Kiekvienas knygoje apra\u0161ytas \u017eaidimas suteikia galimyb\u0119 kasdien skatinti vaiko smegen\u0173 vystym\u0105si itin svarbiu laikotarpiu nuo gimimo iki 36 m\u0117nesi\u0173.","breadcrumb":{"@id":"https:\/\/skaitytaknyga.lt\/produktas\/vaiko-smegenu-manksta-nuo-gimimo-iki-3-metu-2\/#breadcrumb"},"inLanguage":"en-GB","potentialAction":[{"@type":"ReadAction","target":["https:\/\/skaitytaknyga.lt\/produktas\/vaiko-smegenu-manksta-nuo-gimimo-iki-3-metu-2\/"]}]},{"@type":"ImageObject","inLanguage":"en-GB","@id":"https:\/\/skaitytaknyga.lt\/produktas\/vaiko-smegenu-manksta-nuo-gimimo-iki-3-metu-2\/#primaryimage","url":"https:\/\/skaitytaknyga.lt\/wp-content\/uploads\/2024\/05\/000000000002161857-59de83df458aa-asset-knyguklubas-cdb_9789955214151_p1.jpg","contentUrl":"https:\/\/skaitytaknyga.lt\/wp-content\/uploads\/2024\/05\/000000000002161857-59de83df458aa-asset-knyguklubas-cdb_9789955214151_p1.jpg","width":285,"height":422},{"@type":"BreadcrumbList","@id":"https:\/\/skaitytaknyga.lt\/produktas\/vaiko-smegenu-manksta-nuo-gimimo-iki-3-metu-2\/#breadcrumb","itemListElement":[{"@type":"ListItem","position":1,"name":"Home","item":"https:\/\/skaitytaknyga.lt\/"},{"@type":"ListItem","position":2,"name":"Parduotuv\u0117","item":"https:\/\/skaitytaknyga.lt\/knygu-parduotuve\/"},{"@type":"ListItem","position":3,"name":"Vaiko smegen\u0173 mank\u0161ta nuo gimimo iki 3 met\u0173"}]},{"@type":"WebSite","@id":"https:\/\/skaitytaknyga.lt\/#website","url":"https:\/\/skaitytaknyga.lt\/","name":"skaitytaknyga.lt","description":"Skaitytaknyga.lt \u2013 tai ma\u017eas \u0161eimos verslas, kuris prasid\u0117jo nuo meil\u0117s knygoms ir siekio i\u0161gelb\u0117ti knygas nuo likimo prie konteinerio. Kas vienam nereikalingas daiktas \u2013 kitam lobis, o mes esame tarpininkai, kurie padeda abiems tapti laimingesniems ???? \u017dinome kaip nelengva i\u0161gyventi ma\u017eiems verslams, tad nuo \u0161iol, \u010dia rasite ir kit\u0173, ma\u017e\u0173 \u0161eim\u0173 versl\u0173, rank\u0173 darbo, dovan\u0173 sau ir artimiesiems.","publisher":{"@id":"https:\/\/skaitytaknyga.lt\/#organization"},"potentialAction":[{"@type":"SearchAction","target":{"@type":"EntryPoint","urlTemplate":"https:\/\/skaitytaknyga.lt\/?s={search_term_string}"},"query-input":{"@type":"PropertyValueSpecification","valueRequired":true,"valueName":"search_term_string"}}],"inLanguage":"en-GB"},{"@type":"Organization","@id":"https:\/\/skaitytaknyga.lt\/#organization","name":"skaitytaknyga.lt","url":"https:\/\/skaitytaknyga.lt\/","logo":{"@type":"ImageObject","inLanguage":"en-GB","@id":"https:\/\/skaitytaknyga.lt\/#\/schema\/logo\/image\/","url":"https:\/\/skaitytaknyga.lt\/wp-content\/uploads\/2024\/05\/cropped-cropped-cropped-02_00843_jt3bggkj1j3HLc7SyY6rEUpg.jpeg","contentUrl":"https:\/\/skaitytaknyga.lt\/wp-content\/uploads\/2024\/05\/cropped-cropped-cropped-02_00843_jt3bggkj1j3HLc7SyY6rEUpg.jpeg","width":1600,"height":1600,"caption":"skaitytaknyga.lt"},"image":{"@id":"https:\/\/skaitytaknyga.lt\/#\/schema\/logo\/image\/"},"sameAs":["https:\/\/www.facebook.com\/skaitytaknyga\/"]}]}},"_links":{"self":[{"href":"https:\/\/skaitytaknyga.lt\/en\/wp-json\/wp\/v2\/product\/8790","targetHints":{"allow":["GET"]}}],"collection":[{"href":"https:\/\/skaitytaknyga.lt\/en\/wp-json\/wp\/v2\/product"}],"about":[{"href":"https:\/\/skaitytaknyga.lt\/en\/wp-json\/wp\/v2\/types\/product"}],"replies":[{"embeddable":true,"href":"https:\/\/skaitytaknyga.lt\/en\/wp-json\/wp\/v2\/comments?post=8790"}],"wp:featuredmedia":[{"embeddable":true,"href":"https:\/\/skaitytaknyga.lt\/en\/wp-json\/wp\/v2\/media\/5517"}],"wp:attachment":[{"href":"https:\/\/skaitytaknyga.lt\/en\/wp-json\/wp\/v2\/media?parent=8790"}],"wp:term":[{"taxonomy":"product_brand","embeddable":true,"href":"https:\/\/skaitytaknyga.lt\/en\/wp-json\/wp\/v2\/product_brand?post=8790"},{"taxonomy":"product_cat","embeddable":true,"href":"https:\/\/skaitytaknyga.lt\/en\/wp-json\/wp\/v2\/product_cat?post=8790"},{"taxonomy":"product_tag","embeddable":true,"href":"https:\/\/skaitytaknyga.lt\/en\/wp-json\/wp\/v2\/product_tag?post=8790"}],"curies":[{"name":"wp","href":"https:\/\/api.w.org\/{rel}","templated":true}]}}