{"id":8770,"date":"2024-05-04T14:51:10","date_gmt":"2024-05-04T14:51:10","guid":{"rendered":"https:\/\/skaitytaknyga.lt\/?post_type=product&#038;p=8770"},"modified":"2024-05-04T14:51:23","modified_gmt":"2024-05-04T14:51:23","slug":"p-z-reizin-zmoniu-laime-2","status":"publish","type":"product","link":"https:\/\/skaitytaknyga.lt\/en\/produktas\/p-z-reizin-zmoniu-laime-2\/","title":{"rendered":"P. Z. Reizin \u201e\u017dmoni\u0173 laim\u0117\u201c"},"content":{"rendered":"<div>Tik niekam nesakykit, bet D\u017eena \u2014 viena i\u0161 mano mylimiausi\u0173 \u017emoni\u0173.<\/div>\n<div><\/div>\n<div>D\u017eena nuli\u016bdusi. Dinas nori, kad ji b\u016bt\u0173 laiminga. Paprasta? Taip, tik \u0161tai D\u017eenai jau per trisde\u0161imt, j\u0105 k\u0105 tik paliko draugas, o Dinas&#8230; Na, o Dinas \u2014 labai sud\u0117tinga, labai brangi programin\u0117 \u012franga.<\/div>\n<div><\/div>\n<div>Dinas apskai\u010diavo, kad optimaliai gyvenimo kokybei u\u017etikrinti D\u017eenai reikia vyro. Savo \u017einioje tur\u0117damas vis\u0105 internet\u0105 jis toli neie\u0161ko ir randa puiki\u0173 kandidat\u0173, su kuriais rengia pasimatymus. Tik kad D\u017eena niekaip nenori paklusti nepriekai\u0161tingam Dino planui.<\/div>\n<div><\/div>\n<div>Ar dirbtiniu intelektu apdovanota ma\u0161ina gali laiku susivokti turinti ir emocin\u012f intelekt\u0105, kad pad\u0117t\u0173 D\u017eenai susitvarkyti gyvenim\u0105?<\/div>\n","protected":false},"excerpt":{"rendered":"<div>Tik niekam nesakykit, bet D\u017eena \u2014 viena i\u0161 mano mylimiausi\u0173 \u017emoni\u0173.<\/div>\n<div><\/div>\n<div>D\u017eena nuli\u016bdusi. Dinas nori, kad ji b\u016bt\u0173 laiminga. Paprasta? Taip, tik \u0161tai D\u017eenai jau per trisde\u0161imt, j\u0105 k\u0105 tik paliko draugas, o Dinas&#8230; Na, o Dinas \u2014 labai sud\u0117tinga, labai brangi programin\u0117 \u012franga.<\/div>\n<div><\/div>\n<div>Dinas apskai\u010diavo, kad optimaliai gyvenimo kokybei u\u017etikrinti D\u017eenai reikia vyro. Savo \u017einioje tur\u0117damas vis\u0105 internet\u0105 jis toli neie\u0161ko ir randa puiki\u0173 kandidat\u0173, su kuriais rengia pasimatymus. Tik kad D\u017eena niekaip nenori paklusti nepriekai\u0161tingam Dino planui.<\/div>\n<div><\/div>\n<div>Ar dirbtiniu intelektu apdovanota ma\u0161ina gali laiku susivokti turinti ir emocin\u012f intelekt\u0105, kad pad\u0117t\u0173 D\u017eenai susitvarkyti gyvenim\u0105?<\/div>\n","protected":false},"featured_media":5470,"comment_status":"closed","ping_status":"closed","template":"","meta":{"_acf_changed":false,"site-sidebar-layout":"default","site-content-layout":"","ast-site-content-layout":"default","site-content-style":"default","site-sidebar-style":"default","ast-global-header-display":"","ast-banner-title-visibility":"","ast-main-header-display":"","ast-hfb-above-header-display":"","ast-hfb-below-header-display":"","ast-hfb-mobile-header-display":"","site-post-title":"","ast-breadcrumbs-content":"","ast-featured-img":"","footer-sml-layout":"","ast-disable-related-posts":"","theme-transparent-header-meta":"","adv-header-id-meta":"","stick-header-meta":"","header-above-stick-meta":"","header-main-stick-meta":"","header-below-stick-meta":"","astra-migrate-meta-layouts":"default","ast-page-background-enabled":"default","ast-page-background-meta":{"desktop":{"background-color":"","background-image":"","background-repeat":"repeat","background-position":"center center","background-size":"auto","background-attachment":"scroll","background-type":"","background-media":"","overlay-type":"","overlay-color":"","overlay-opacity":"","overlay-gradient":""},"tablet":{"background-color":"","background-image":"","background-repeat":"repeat","background-position":"center center","background-size":"auto","background-attachment":"scroll","background-type":"","background-media":"","overlay-type":"","overlay-color":"","overlay-opacity":"","overlay-gradient":""},"mobile":{"background-color":"","background-image":"","background-repeat":"repeat","background-position":"center center","background-size":"auto","background-attachment":"scroll","background-type":"","background-media":"","overlay-type":"","overlay-color":"","overlay-opacity":"","overlay-gradient":""}},"ast-content-background-meta":{"desktop":{"background-color":"var(--ast-global-color-4)","background-image":"","background-repeat":"repeat","background-position":"center center","background-size":"auto","background-attachment":"scroll","background-type":"","background-media":"","overlay-type":"","overlay-color":"","overlay-opacity":"","overlay-gradient":""},"tablet":{"background-color":"var(--ast-global-color-4)","background-image":"","background-repeat":"repeat","background-position":"center center","background-size":"auto","background-attachment":"scroll","background-type":"","background-media":"","overlay-type":"","overlay-color":"","overlay-opacity":"","overlay-gradient":""},"mobile":{"background-color":"var(--ast-global-color-4)","background-image":"","background-repeat":"repeat","background-position":"center center","background-size":"auto","background-attachment":"scroll","background-type":"","background-media":"","overlay-type":"","overlay-color":"","overlay-opacity":"","overlay-gradient":""}}},"product_brand":[],"product_cat":[31],"product_tag":[],"class_list":{"0":"post-8770","1":"product","2":"type-product","3":"status-publish","4":"has-post-thumbnail","6":"product_cat-grozine-literatura","7":"desktop-align-left","8":"tablet-align-left","9":"mobile-align-left","11":"first","12":"instock","13":"shipping-taxable","14":"purchasable","15":"product-type-simple"},"acf":[],"yoast_head":"<!-- This site is optimized with the Yoast SEO plugin v27.4 - https:\/\/yoast.com\/product\/yoast-seo-wordpress\/ -->\n<title>P. Z. Reizin \u201e\u017dmoni\u0173 laim\u0117\u201c - Skaitytaknyga<\/title>\n<meta name=\"description\" content=\"Tik niekam nesakykit, bet D\u017eena \u2014 viena i\u0161 mano mylimiausi\u0173 \u017emoni\u0173.  D\u017eena nuli\u016bdusi. Dinas nori, kad ji b\u016bt\u0173 laiminga. Paprasta? Taip, tik \u0161tai D\u017eenai jau per trisde\u0161imt, j\u0105 k\u0105 tik paliko draugas, o Dinas... Na, o Dinas \u2014 labai sud\u0117tinga, labai brangi programin\u0117 \u012franga.  Dinas apskai\u010diavo, kad optimaliai gyvenimo kokybei u\u017etikrinti D\u017eenai reikia vyro. Savo \u017einioje tur\u0117damas vis\u0105 internet\u0105 jis toli neie\u0161ko ir randa puiki\u0173 kandidat\u0173, su kuriais rengia pasimatymus. Tik kad D\u017eena niekaip nenori paklusti nepriekai\u0161tingam Dino planui.  Ar dirbtiniu intelektu apdovanota ma\u0161ina gali laiku susivokti turinti ir emocin\u012f intelekt\u0105, kad pad\u0117t\u0173 D\u017eenai susitvarkyti gyvenim\u0105?\" \/>\n<meta name=\"robots\" content=\"index, follow, max-snippet:-1, max-image-preview:large, max-video-preview:-1\" \/>\n<link rel=\"canonical\" href=\"https:\/\/skaitytaknyga.lt\/en\/produktas\/p-z-reizin-zmoniu-laime-2\/\" \/>\n<meta property=\"og:locale\" content=\"en_GB\" \/>\n<meta property=\"og:locale:alternate\" content=\"lt_LT\" \/>\n<meta property=\"og:type\" content=\"article\" \/>\n<meta property=\"og:title\" content=\"P. Z. Reizin \u201e\u017dmoni\u0173 laim\u0117\u201c - Skaitytaknyga\" \/>\n<meta property=\"og:description\" content=\"Tik niekam nesakykit, bet D\u017eena \u2014 viena i\u0161 mano mylimiausi\u0173 \u017emoni\u0173.  D\u017eena nuli\u016bdusi. Dinas nori, kad ji b\u016bt\u0173 laiminga. Paprasta? Taip, tik \u0161tai D\u017eenai jau per trisde\u0161imt, j\u0105 k\u0105 tik paliko draugas, o Dinas... Na, o Dinas \u2014 labai sud\u0117tinga, labai brangi programin\u0117 \u012franga.  Dinas apskai\u010diavo, kad optimaliai gyvenimo kokybei u\u017etikrinti D\u017eenai reikia vyro. Savo \u017einioje tur\u0117damas vis\u0105 internet\u0105 jis toli neie\u0161ko ir randa puiki\u0173 kandidat\u0173, su kuriais rengia pasimatymus. Tik kad D\u017eena niekaip nenori paklusti nepriekai\u0161tingam Dino planui.  Ar dirbtiniu intelektu apdovanota ma\u0161ina gali laiku susivokti turinti ir emocin\u012f intelekt\u0105, kad pad\u0117t\u0173 D\u017eenai susitvarkyti gyvenim\u0105?\" \/>\n<meta property=\"og:url\" content=\"https:\/\/skaitytaknyga.lt\/en\/produktas\/p-z-reizin-zmoniu-laime-2\/\" \/>\n<meta property=\"og:site_name\" content=\"Skaitytaknyga\" \/>\n<meta property=\"article:publisher\" content=\"https:\/\/www.facebook.com\/skaitytaknyga\/\" \/>\n<meta property=\"article:modified_time\" content=\"2024-05-04T14:51:23+00:00\" \/>\n<meta property=\"og:image\" content=\"https:\/\/skaitytaknyga.lt\/wp-content\/uploads\/2024\/05\/000000000002175283-5a71d5f339862-asset-knyguklubas-9789955137412-zmoniu-laime.jpg\" \/>\n\t<meta property=\"og:image:width\" content=\"464\" \/>\n\t<meta property=\"og:image:height\" content=\"700\" \/>\n\t<meta property=\"og:image:type\" content=\"image\/jpeg\" \/>\n<meta name=\"twitter:card\" content=\"summary_large_image\" \/>\n<meta name=\"twitter:label1\" content=\"Estimated reading time\" \/>\n\t<meta name=\"twitter:data1\" content=\"1 minute\" \/>\n<script type=\"application\/ld+json\" class=\"yoast-schema-graph\">{\"@context\":\"https:\\\/\\\/schema.org\",\"@graph\":[{\"@type\":\"WebPage\",\"@id\":\"https:\\\/\\\/skaitytaknyga.lt\\\/en\\\/produktas\\\/p-z-reizin-zmoniu-laime-2\\\/\",\"url\":\"https:\\\/\\\/skaitytaknyga.lt\\\/en\\\/produktas\\\/p-z-reizin-zmoniu-laime-2\\\/\",\"name\":\"P. Z. Reizin \u201e\u017dmoni\u0173 laim\u0117\u201c - Skaitytaknyga\",\"isPartOf\":{\"@id\":\"https:\\\/\\\/skaitytaknyga.lt\\\/#website\"},\"primaryImageOfPage\":{\"@id\":\"https:\\\/\\\/skaitytaknyga.lt\\\/en\\\/produktas\\\/p-z-reizin-zmoniu-laime-2\\\/#primaryimage\"},\"image\":{\"@id\":\"https:\\\/\\\/skaitytaknyga.lt\\\/en\\\/produktas\\\/p-z-reizin-zmoniu-laime-2\\\/#primaryimage\"},\"thumbnailUrl\":\"https:\\\/\\\/skaitytaknyga.lt\\\/wp-content\\\/uploads\\\/2024\\\/05\\\/000000000002175283-5a71d5f339862-asset-knyguklubas-9789955137412-zmoniu-laime.jpg\",\"datePublished\":\"2024-05-04T14:51:10+00:00\",\"dateModified\":\"2024-05-04T14:51:23+00:00\",\"description\":\"Tik niekam nesakykit, bet D\u017eena \u2014 viena i\u0161 mano mylimiausi\u0173 \u017emoni\u0173. D\u017eena nuli\u016bdusi. Dinas nori, kad ji b\u016bt\u0173 laiminga. Paprasta? Taip, tik \u0161tai D\u017eenai jau per trisde\u0161imt, j\u0105 k\u0105 tik paliko draugas, o Dinas... Na, o Dinas \u2014 labai sud\u0117tinga, labai brangi programin\u0117 \u012franga. Dinas apskai\u010diavo, kad optimaliai gyvenimo kokybei u\u017etikrinti D\u017eenai reikia vyro. Savo \u017einioje tur\u0117damas vis\u0105 internet\u0105 jis toli neie\u0161ko ir randa puiki\u0173 kandidat\u0173, su kuriais rengia pasimatymus. Tik kad D\u017eena niekaip nenori paklusti nepriekai\u0161tingam Dino planui. Ar dirbtiniu intelektu apdovanota ma\u0161ina gali laiku susivokti turinti ir emocin\u012f intelekt\u0105, kad pad\u0117t\u0173 D\u017eenai susitvarkyti gyvenim\u0105?\",\"breadcrumb\":{\"@id\":\"https:\\\/\\\/skaitytaknyga.lt\\\/en\\\/produktas\\\/p-z-reizin-zmoniu-laime-2\\\/#breadcrumb\"},\"inLanguage\":\"en-GB\",\"potentialAction\":[{\"@type\":\"ReadAction\",\"target\":[\"https:\\\/\\\/skaitytaknyga.lt\\\/en\\\/produktas\\\/p-z-reizin-zmoniu-laime-2\\\/\"]}]},{\"@type\":\"ImageObject\",\"inLanguage\":\"en-GB\",\"@id\":\"https:\\\/\\\/skaitytaknyga.lt\\\/en\\\/produktas\\\/p-z-reizin-zmoniu-laime-2\\\/#primaryimage\",\"url\":\"https:\\\/\\\/skaitytaknyga.lt\\\/wp-content\\\/uploads\\\/2024\\\/05\\\/000000000002175283-5a71d5f339862-asset-knyguklubas-9789955137412-zmoniu-laime.jpg\",\"contentUrl\":\"https:\\\/\\\/skaitytaknyga.lt\\\/wp-content\\\/uploads\\\/2024\\\/05\\\/000000000002175283-5a71d5f339862-asset-knyguklubas-9789955137412-zmoniu-laime.jpg\",\"width\":464,\"height\":700},{\"@type\":\"BreadcrumbList\",\"@id\":\"https:\\\/\\\/skaitytaknyga.lt\\\/en\\\/produktas\\\/p-z-reizin-zmoniu-laime-2\\\/#breadcrumb\",\"itemListElement\":[{\"@type\":\"ListItem\",\"position\":1,\"name\":\"Home\",\"item\":\"https:\\\/\\\/skaitytaknyga.lt\\\/\"},{\"@type\":\"ListItem\",\"position\":2,\"name\":\"Parduotuv\u0117\",\"item\":\"https:\\\/\\\/skaitytaknyga.lt\\\/knygu-parduotuve\\\/\"},{\"@type\":\"ListItem\",\"position\":3,\"name\":\"P. Z. Reizin \u201e\u017dmoni\u0173 laim\u0117\u201c\"}]},{\"@type\":\"WebSite\",\"@id\":\"https:\\\/\\\/skaitytaknyga.lt\\\/#website\",\"url\":\"https:\\\/\\\/skaitytaknyga.lt\\\/\",\"name\":\"skaitytaknyga.lt\",\"description\":\"Skaitytaknyga.lt \u2013 tai ma\u017eas \u0161eimos verslas, kuris prasid\u0117jo nuo meil\u0117s knygoms ir siekio i\u0161gelb\u0117ti knygas nuo likimo prie konteinerio. Kas vienam nereikalingas daiktas \u2013 kitam lobis, o mes esame tarpininkai, kurie padeda abiems tapti laimingesniems ???? \u017dinome kaip nelengva i\u0161gyventi ma\u017eiems verslams, tad nuo \u0161iol, \u010dia rasite ir kit\u0173, ma\u017e\u0173 \u0161eim\u0173 versl\u0173, rank\u0173 darbo, dovan\u0173 sau ir artimiesiems.\",\"publisher\":{\"@id\":\"https:\\\/\\\/skaitytaknyga.lt\\\/#organization\"},\"potentialAction\":[{\"@type\":\"SearchAction\",\"target\":{\"@type\":\"EntryPoint\",\"urlTemplate\":\"https:\\\/\\\/skaitytaknyga.lt\\\/?s={search_term_string}\"},\"query-input\":{\"@type\":\"PropertyValueSpecification\",\"valueRequired\":true,\"valueName\":\"search_term_string\"}}],\"inLanguage\":\"en-GB\"},{\"@type\":\"Organization\",\"@id\":\"https:\\\/\\\/skaitytaknyga.lt\\\/#organization\",\"name\":\"skaitytaknyga.lt\",\"url\":\"https:\\\/\\\/skaitytaknyga.lt\\\/\",\"logo\":{\"@type\":\"ImageObject\",\"inLanguage\":\"en-GB\",\"@id\":\"https:\\\/\\\/skaitytaknyga.lt\\\/#\\\/schema\\\/logo\\\/image\\\/\",\"url\":\"https:\\\/\\\/skaitytaknyga.lt\\\/wp-content\\\/uploads\\\/2024\\\/05\\\/cropped-cropped-cropped-02_00843_jt3bggkj1j3HLc7SyY6rEUpg.jpeg\",\"contentUrl\":\"https:\\\/\\\/skaitytaknyga.lt\\\/wp-content\\\/uploads\\\/2024\\\/05\\\/cropped-cropped-cropped-02_00843_jt3bggkj1j3HLc7SyY6rEUpg.jpeg\",\"width\":1600,\"height\":1600,\"caption\":\"skaitytaknyga.lt\"},\"image\":{\"@id\":\"https:\\\/\\\/skaitytaknyga.lt\\\/#\\\/schema\\\/logo\\\/image\\\/\"},\"sameAs\":[\"https:\\\/\\\/www.facebook.com\\\/skaitytaknyga\\\/\"]}]}<\/script>\n<!-- \/ Yoast SEO plugin. -->","yoast_head_json":{"title":"P. Z. Reizin \u201e\u017dmoni\u0173 laim\u0117\u201c - Skaitytaknyga","description":"Tik niekam nesakykit, bet D\u017eena \u2014 viena i\u0161 mano mylimiausi\u0173 \u017emoni\u0173.  D\u017eena nuli\u016bdusi. Dinas nori, kad ji b\u016bt\u0173 laiminga. Paprasta? Taip, tik \u0161tai D\u017eenai jau per trisde\u0161imt, j\u0105 k\u0105 tik paliko draugas, o Dinas... Na, o Dinas \u2014 labai sud\u0117tinga, labai brangi programin\u0117 \u012franga.  Dinas apskai\u010diavo, kad optimaliai gyvenimo kokybei u\u017etikrinti D\u017eenai reikia vyro. Savo \u017einioje tur\u0117damas vis\u0105 internet\u0105 jis toli neie\u0161ko ir randa puiki\u0173 kandidat\u0173, su kuriais rengia pasimatymus. Tik kad D\u017eena niekaip nenori paklusti nepriekai\u0161tingam Dino planui.  Ar dirbtiniu intelektu apdovanota ma\u0161ina gali laiku susivokti turinti ir emocin\u012f intelekt\u0105, kad pad\u0117t\u0173 D\u017eenai susitvarkyti gyvenim\u0105?","robots":{"index":"index","follow":"follow","max-snippet":"max-snippet:-1","max-image-preview":"max-image-preview:large","max-video-preview":"max-video-preview:-1"},"canonical":"https:\/\/skaitytaknyga.lt\/en\/produktas\/p-z-reizin-zmoniu-laime-2\/","og_locale":"en_GB","og_type":"article","og_title":"P. Z. Reizin \u201e\u017dmoni\u0173 laim\u0117\u201c - Skaitytaknyga","og_description":"Tik niekam nesakykit, bet D\u017eena \u2014 viena i\u0161 mano mylimiausi\u0173 \u017emoni\u0173.  D\u017eena nuli\u016bdusi. Dinas nori, kad ji b\u016bt\u0173 laiminga. Paprasta? Taip, tik \u0161tai D\u017eenai jau per trisde\u0161imt, j\u0105 k\u0105 tik paliko draugas, o Dinas... Na, o Dinas \u2014 labai sud\u0117tinga, labai brangi programin\u0117 \u012franga.  Dinas apskai\u010diavo, kad optimaliai gyvenimo kokybei u\u017etikrinti D\u017eenai reikia vyro. Savo \u017einioje tur\u0117damas vis\u0105 internet\u0105 jis toli neie\u0161ko ir randa puiki\u0173 kandidat\u0173, su kuriais rengia pasimatymus. Tik kad D\u017eena niekaip nenori paklusti nepriekai\u0161tingam Dino planui.  Ar dirbtiniu intelektu apdovanota ma\u0161ina gali laiku susivokti turinti ir emocin\u012f intelekt\u0105, kad pad\u0117t\u0173 D\u017eenai susitvarkyti gyvenim\u0105?","og_url":"https:\/\/skaitytaknyga.lt\/en\/produktas\/p-z-reizin-zmoniu-laime-2\/","og_site_name":"Skaitytaknyga","article_publisher":"https:\/\/www.facebook.com\/skaitytaknyga\/","article_modified_time":"2024-05-04T14:51:23+00:00","og_image":[{"width":464,"height":700,"url":"https:\/\/skaitytaknyga.lt\/wp-content\/uploads\/2024\/05\/000000000002175283-5a71d5f339862-asset-knyguklubas-9789955137412-zmoniu-laime.jpg","type":"image\/jpeg"}],"twitter_card":"summary_large_image","twitter_misc":{"Estimated reading time":"1 minute"},"schema":{"@context":"https:\/\/schema.org","@graph":[{"@type":"WebPage","@id":"https:\/\/skaitytaknyga.lt\/en\/produktas\/p-z-reizin-zmoniu-laime-2\/","url":"https:\/\/skaitytaknyga.lt\/en\/produktas\/p-z-reizin-zmoniu-laime-2\/","name":"P. Z. Reizin \u201e\u017dmoni\u0173 laim\u0117\u201c - Skaitytaknyga","isPartOf":{"@id":"https:\/\/skaitytaknyga.lt\/#website"},"primaryImageOfPage":{"@id":"https:\/\/skaitytaknyga.lt\/en\/produktas\/p-z-reizin-zmoniu-laime-2\/#primaryimage"},"image":{"@id":"https:\/\/skaitytaknyga.lt\/en\/produktas\/p-z-reizin-zmoniu-laime-2\/#primaryimage"},"thumbnailUrl":"https:\/\/skaitytaknyga.lt\/wp-content\/uploads\/2024\/05\/000000000002175283-5a71d5f339862-asset-knyguklubas-9789955137412-zmoniu-laime.jpg","datePublished":"2024-05-04T14:51:10+00:00","dateModified":"2024-05-04T14:51:23+00:00","description":"Tik niekam nesakykit, bet D\u017eena \u2014 viena i\u0161 mano mylimiausi\u0173 \u017emoni\u0173. D\u017eena nuli\u016bdusi. Dinas nori, kad ji b\u016bt\u0173 laiminga. Paprasta? Taip, tik \u0161tai D\u017eenai jau per trisde\u0161imt, j\u0105 k\u0105 tik paliko draugas, o Dinas... Na, o Dinas \u2014 labai sud\u0117tinga, labai brangi programin\u0117 \u012franga. Dinas apskai\u010diavo, kad optimaliai gyvenimo kokybei u\u017etikrinti D\u017eenai reikia vyro. Savo \u017einioje tur\u0117damas vis\u0105 internet\u0105 jis toli neie\u0161ko ir randa puiki\u0173 kandidat\u0173, su kuriais rengia pasimatymus. Tik kad D\u017eena niekaip nenori paklusti nepriekai\u0161tingam Dino planui. Ar dirbtiniu intelektu apdovanota ma\u0161ina gali laiku susivokti turinti ir emocin\u012f intelekt\u0105, kad pad\u0117t\u0173 D\u017eenai susitvarkyti gyvenim\u0105?","breadcrumb":{"@id":"https:\/\/skaitytaknyga.lt\/en\/produktas\/p-z-reizin-zmoniu-laime-2\/#breadcrumb"},"inLanguage":"en-GB","potentialAction":[{"@type":"ReadAction","target":["https:\/\/skaitytaknyga.lt\/en\/produktas\/p-z-reizin-zmoniu-laime-2\/"]}]},{"@type":"ImageObject","inLanguage":"en-GB","@id":"https:\/\/skaitytaknyga.lt\/en\/produktas\/p-z-reizin-zmoniu-laime-2\/#primaryimage","url":"https:\/\/skaitytaknyga.lt\/wp-content\/uploads\/2024\/05\/000000000002175283-5a71d5f339862-asset-knyguklubas-9789955137412-zmoniu-laime.jpg","contentUrl":"https:\/\/skaitytaknyga.lt\/wp-content\/uploads\/2024\/05\/000000000002175283-5a71d5f339862-asset-knyguklubas-9789955137412-zmoniu-laime.jpg","width":464,"height":700},{"@type":"BreadcrumbList","@id":"https:\/\/skaitytaknyga.lt\/en\/produktas\/p-z-reizin-zmoniu-laime-2\/#breadcrumb","itemListElement":[{"@type":"ListItem","position":1,"name":"Home","item":"https:\/\/skaitytaknyga.lt\/"},{"@type":"ListItem","position":2,"name":"Parduotuv\u0117","item":"https:\/\/skaitytaknyga.lt\/knygu-parduotuve\/"},{"@type":"ListItem","position":3,"name":"P. Z. Reizin \u201e\u017dmoni\u0173 laim\u0117\u201c"}]},{"@type":"WebSite","@id":"https:\/\/skaitytaknyga.lt\/#website","url":"https:\/\/skaitytaknyga.lt\/","name":"skaitytaknyga.lt","description":"Skaitytaknyga.lt \u2013 tai ma\u017eas \u0161eimos verslas, kuris prasid\u0117jo nuo meil\u0117s knygoms ir siekio i\u0161gelb\u0117ti knygas nuo likimo prie konteinerio. Kas vienam nereikalingas daiktas \u2013 kitam lobis, o mes esame tarpininkai, kurie padeda abiems tapti laimingesniems ???? \u017dinome kaip nelengva i\u0161gyventi ma\u017eiems verslams, tad nuo \u0161iol, \u010dia rasite ir kit\u0173, ma\u017e\u0173 \u0161eim\u0173 versl\u0173, rank\u0173 darbo, dovan\u0173 sau ir artimiesiems.","publisher":{"@id":"https:\/\/skaitytaknyga.lt\/#organization"},"potentialAction":[{"@type":"SearchAction","target":{"@type":"EntryPoint","urlTemplate":"https:\/\/skaitytaknyga.lt\/?s={search_term_string}"},"query-input":{"@type":"PropertyValueSpecification","valueRequired":true,"valueName":"search_term_string"}}],"inLanguage":"en-GB"},{"@type":"Organization","@id":"https:\/\/skaitytaknyga.lt\/#organization","name":"skaitytaknyga.lt","url":"https:\/\/skaitytaknyga.lt\/","logo":{"@type":"ImageObject","inLanguage":"en-GB","@id":"https:\/\/skaitytaknyga.lt\/#\/schema\/logo\/image\/","url":"https:\/\/skaitytaknyga.lt\/wp-content\/uploads\/2024\/05\/cropped-cropped-cropped-02_00843_jt3bggkj1j3HLc7SyY6rEUpg.jpeg","contentUrl":"https:\/\/skaitytaknyga.lt\/wp-content\/uploads\/2024\/05\/cropped-cropped-cropped-02_00843_jt3bggkj1j3HLc7SyY6rEUpg.jpeg","width":1600,"height":1600,"caption":"skaitytaknyga.lt"},"image":{"@id":"https:\/\/skaitytaknyga.lt\/#\/schema\/logo\/image\/"},"sameAs":["https:\/\/www.facebook.com\/skaitytaknyga\/"]}]}},"_links":{"self":[{"href":"https:\/\/skaitytaknyga.lt\/en\/wp-json\/wp\/v2\/product\/8770","targetHints":{"allow":["GET"]}}],"collection":[{"href":"https:\/\/skaitytaknyga.lt\/en\/wp-json\/wp\/v2\/product"}],"about":[{"href":"https:\/\/skaitytaknyga.lt\/en\/wp-json\/wp\/v2\/types\/product"}],"replies":[{"embeddable":true,"href":"https:\/\/skaitytaknyga.lt\/en\/wp-json\/wp\/v2\/comments?post=8770"}],"wp:featuredmedia":[{"embeddable":true,"href":"https:\/\/skaitytaknyga.lt\/en\/wp-json\/wp\/v2\/media\/5470"}],"wp:attachment":[{"href":"https:\/\/skaitytaknyga.lt\/en\/wp-json\/wp\/v2\/media?parent=8770"}],"wp:term":[{"taxonomy":"product_brand","embeddable":true,"href":"https:\/\/skaitytaknyga.lt\/en\/wp-json\/wp\/v2\/product_brand?post=8770"},{"taxonomy":"product_cat","embeddable":true,"href":"https:\/\/skaitytaknyga.lt\/en\/wp-json\/wp\/v2\/product_cat?post=8770"},{"taxonomy":"product_tag","embeddable":true,"href":"https:\/\/skaitytaknyga.lt\/en\/wp-json\/wp\/v2\/product_tag?post=8770"}],"curies":[{"name":"wp","href":"https:\/\/api.w.org\/{rel}","templated":true}]}}