{"id":8769,"date":"2024-05-04T14:51:10","date_gmt":"2024-05-04T14:51:10","guid":{"rendered":"https:\/\/skaitytaknyga.lt\/?post_type=product&#038;p=8769"},"modified":"2026-03-05T16:00:52","modified_gmt":"2026-03-05T14:00:52","slug":"a-marinina-nutrauktos-gijos-3-knyga-2","status":"publish","type":"product","link":"https:\/\/skaitytaknyga.lt\/en\/produktas\/a-marinina-nutrauktos-gijos-3-knyga-2\/","title":{"rendered":"Nutrauktos gijos 3 knyga"},"content":{"rendered":"<p>Teismo medicinos ekspertas Sergejus Sablinas \u2013 skaidrios kaip kri\u0161tolas s\u0105\u017ein\u0117s, neinantis \u012f kompromisus, \u017emogus. Bet jis per daug tiesmukas \u2013 daugeliui atrodo \u0161iurk\u0161tus ir sunkaus charakterio. Net ne daugeliui, o visiems, nei\u0161skiriant n\u0117 tikros motinos bei mylimos moters. Bet gydytojui Sablinui svarbiausia \u2013 tiesa, \u012f sand\u0117rius su s\u0105\u017eine jis nesileid\u017eia, kad ir kuo j\u012f gundyt\u0173 arba grasint\u0173 skrodimo i\u0161vadomis suinteresuoti \u017emon\u0117s&#8230;<\/p>\n","protected":false},"excerpt":{"rendered":"<p>Teismo medicinos ekspertas Sergejus Sablinas \u2013 skaidrios kaip kri\u0161tolas s\u0105\u017ein\u0117s, neinantis \u012f kompromisus, \u017emogus. Bet jis per daug tiesmukas \u2013 daugeliui atrodo \u0161iurk\u0161tus ir sunkaus charakterio. Net ne daugeliui, o visiems, nei\u0161skiriant n\u0117 tikros motinos bei mylimos moters. Bet gydytojui Sablinui svarbiausia \u2013 tiesa, \u012f sand\u0117rius su s\u0105\u017eine jis nesileid\u017eia, kad ir kuo j\u012f gundyt\u0173 arba grasint\u0173 skrodimo i\u0161vadomis suinteresuoti \u017emon\u0117s&#8230;<\/p>\n","protected":false},"featured_media":5469,"comment_status":"closed","ping_status":"closed","template":"","meta":{"_acf_changed":false,"site-sidebar-layout":"default","site-content-layout":"","ast-site-content-layout":"default","site-content-style":"default","site-sidebar-style":"default","ast-global-header-display":"","ast-banner-title-visibility":"","ast-main-header-display":"","ast-hfb-above-header-display":"","ast-hfb-below-header-display":"","ast-hfb-mobile-header-display":"","site-post-title":"","ast-breadcrumbs-content":"","ast-featured-img":"","footer-sml-layout":"","ast-disable-related-posts":"","theme-transparent-header-meta":"","adv-header-id-meta":"","stick-header-meta":"","header-above-stick-meta":"","header-main-stick-meta":"","header-below-stick-meta":"","astra-migrate-meta-layouts":"default","ast-page-background-enabled":"default","ast-page-background-meta":{"desktop":{"background-color":"","background-image":"","background-repeat":"repeat","background-position":"center center","background-size":"auto","background-attachment":"scroll","background-type":"","background-media":"","overlay-type":"","overlay-color":"","overlay-opacity":"","overlay-gradient":""},"tablet":{"background-color":"","background-image":"","background-repeat":"repeat","background-position":"center center","background-size":"auto","background-attachment":"scroll","background-type":"","background-media":"","overlay-type":"","overlay-color":"","overlay-opacity":"","overlay-gradient":""},"mobile":{"background-color":"","background-image":"","background-repeat":"repeat","background-position":"center center","background-size":"auto","background-attachment":"scroll","background-type":"","background-media":"","overlay-type":"","overlay-color":"","overlay-opacity":"","overlay-gradient":""}},"ast-content-background-meta":{"desktop":{"background-color":"var(--ast-global-color-4)","background-image":"","background-repeat":"repeat","background-position":"center center","background-size":"auto","background-attachment":"scroll","background-type":"","background-media":"","overlay-type":"","overlay-color":"","overlay-opacity":"","overlay-gradient":""},"tablet":{"background-color":"var(--ast-global-color-4)","background-image":"","background-repeat":"repeat","background-position":"center center","background-size":"auto","background-attachment":"scroll","background-type":"","background-media":"","overlay-type":"","overlay-color":"","overlay-opacity":"","overlay-gradient":""},"mobile":{"background-color":"var(--ast-global-color-4)","background-image":"","background-repeat":"repeat","background-position":"center center","background-size":"auto","background-attachment":"scroll","background-type":"","background-media":"","overlay-type":"","overlay-color":"","overlay-opacity":"","overlay-gradient":""}}},"product_brand":[],"product_cat":[9581],"product_tag":[3174,3185,3183,3181,3184,3182],"class_list":{"0":"post-8769","1":"product","2":"type-product","3":"status-publish","4":"has-post-thumbnail","6":"product_cat-kriminaliniai-romanai","7":"product_tag-aleksandra-marinina","8":"product_tag-charakteris","9":"product_tag-ekspertas","10":"product_tag-nutrauktos-gijos","11":"product_tag-sazine","12":"product_tag-teismo-medicina","13":"desktop-align-left","14":"tablet-align-left","15":"mobile-align-left","17":"first","18":"outofstock","19":"shipping-taxable","20":"purchasable","21":"product-type-simple"},"acf":[],"yoast_head":"<!-- This site is optimized with the Yoast SEO plugin v27.0 - https:\/\/yoast.com\/product\/yoast-seo-wordpress\/ -->\n<title>Nutrauktos gijos 3 knyga<\/title>\n<meta name=\"description\" content=\"Teismo medicinos ekspertas Sergejus Sablinas \u2013 skaidrios kaip kri\u0161tolas s\u0105\u017ein\u0117s, neinantis \u012f kompromisus, \u017emogus. Bet jis per daug tiesmukas \u2013 daugeliui atrodo \u0161iurk\u0161tus ir sunkaus charakterio. Net ne daugeliui, o visiems, nei\u0161skiriant n\u0117 tikros motinos bei mylimos moters. Bet gydytojui Sablinui svarbiausia \u2013 tiesa, \u012f sand\u0117rius su s\u0105\u017eine jis nesileid\u017eia, kad ir kuo j\u012f gundyt\u0173 arba grasint\u0173 skrodimo i\u0161vadomis suinteresuoti \u017emon\u0117s...\" \/>\n<meta name=\"robots\" content=\"index, follow, max-snippet:-1, max-image-preview:large, max-video-preview:-1\" \/>\n<link rel=\"canonical\" href=\"https:\/\/skaitytaknyga.lt\/en\/produktas\/a-marinina-nutrauktos-gijos-3-knyga-2\/\" \/>\n<meta property=\"og:locale\" content=\"en_GB\" \/>\n<meta property=\"og:locale:alternate\" content=\"lt_LT\" \/>\n<meta property=\"og:type\" content=\"article\" \/>\n<meta property=\"og:title\" content=\"Nutrauktos gijos 3 knyga\" \/>\n<meta property=\"og:description\" content=\"Teismo medicinos ekspertas Sergejus Sablinas \u2013 skaidrios kaip kri\u0161tolas s\u0105\u017ein\u0117s, neinantis \u012f kompromisus, \u017emogus. Bet jis per daug tiesmukas \u2013 daugeliui atrodo \u0161iurk\u0161tus ir sunkaus charakterio. Net ne daugeliui, o visiems, nei\u0161skiriant n\u0117 tikros motinos bei mylimos moters. Bet gydytojui Sablinui svarbiausia \u2013 tiesa, \u012f sand\u0117rius su s\u0105\u017eine jis nesileid\u017eia, kad ir kuo j\u012f gundyt\u0173 arba grasint\u0173 skrodimo i\u0161vadomis suinteresuoti \u017emon\u0117s...\" \/>\n<meta property=\"og:url\" content=\"https:\/\/skaitytaknyga.lt\/en\/produktas\/a-marinina-nutrauktos-gijos-3-knyga-2\/\" \/>\n<meta property=\"og:site_name\" content=\"Skaitytaknyga\" \/>\n<meta property=\"article:publisher\" content=\"https:\/\/www.facebook.com\/skaitytaknyga\/\" \/>\n<meta property=\"article:modified_time\" content=\"2026-03-05T14:00:52+00:00\" \/>\n<meta property=\"og:image\" content=\"https:\/\/skaitytaknyga.lt\/wp-content\/uploads\/2024\/05\/000000000002159588-59de8367562b1-asset-knyguklubas-cdb_9789955134862-nutrauktos-gijos_iii_p1.jpg\" \/>\n\t<meta property=\"og:image:width\" content=\"228\" \/>\n\t<meta property=\"og:image:height\" content=\"345\" \/>\n\t<meta property=\"og:image:type\" content=\"image\/jpeg\" \/>\n<meta name=\"twitter:card\" content=\"summary_large_image\" \/>\n<script type=\"application\/ld+json\" class=\"yoast-schema-graph\">{\"@context\":\"https:\/\/schema.org\",\"@graph\":[{\"@type\":\"WebPage\",\"@id\":\"https:\/\/skaitytaknyga.lt\/produktas\/a-marinina-nutrauktos-gijos-3-knyga-2\/\",\"url\":\"https:\/\/skaitytaknyga.lt\/produktas\/a-marinina-nutrauktos-gijos-3-knyga-2\/\",\"name\":\"Nutrauktos gijos 3 knyga\",\"isPartOf\":{\"@id\":\"https:\/\/skaitytaknyga.lt\/#website\"},\"primaryImageOfPage\":{\"@id\":\"https:\/\/skaitytaknyga.lt\/produktas\/a-marinina-nutrauktos-gijos-3-knyga-2\/#primaryimage\"},\"image\":{\"@id\":\"https:\/\/skaitytaknyga.lt\/produktas\/a-marinina-nutrauktos-gijos-3-knyga-2\/#primaryimage\"},\"thumbnailUrl\":\"https:\/\/skaitytaknyga.lt\/wp-content\/uploads\/2024\/05\/000000000002159588-59de8367562b1-asset-knyguklubas-cdb_9789955134862-nutrauktos-gijos_iii_p1.jpg\",\"datePublished\":\"2024-05-04T14:51:10+00:00\",\"dateModified\":\"2026-03-05T14:00:52+00:00\",\"description\":\"Teismo medicinos ekspertas Sergejus Sablinas \u2013 skaidrios kaip kri\u0161tolas s\u0105\u017ein\u0117s, neinantis \u012f kompromisus, \u017emogus. Bet jis per daug tiesmukas \u2013 daugeliui atrodo \u0161iurk\u0161tus ir sunkaus charakterio. Net ne daugeliui, o visiems, nei\u0161skiriant n\u0117 tikros motinos bei mylimos moters. Bet gydytojui Sablinui svarbiausia \u2013 tiesa, \u012f sand\u0117rius su s\u0105\u017eine jis nesileid\u017eia, kad ir kuo j\u012f gundyt\u0173 arba grasint\u0173 skrodimo i\u0161vadomis suinteresuoti \u017emon\u0117s...\",\"breadcrumb\":{\"@id\":\"https:\/\/skaitytaknyga.lt\/produktas\/a-marinina-nutrauktos-gijos-3-knyga-2\/#breadcrumb\"},\"inLanguage\":\"en-GB\",\"potentialAction\":[{\"@type\":\"ReadAction\",\"target\":[\"https:\/\/skaitytaknyga.lt\/produktas\/a-marinina-nutrauktos-gijos-3-knyga-2\/\"]}]},{\"@type\":\"ImageObject\",\"inLanguage\":\"en-GB\",\"@id\":\"https:\/\/skaitytaknyga.lt\/produktas\/a-marinina-nutrauktos-gijos-3-knyga-2\/#primaryimage\",\"url\":\"https:\/\/skaitytaknyga.lt\/wp-content\/uploads\/2024\/05\/000000000002159588-59de8367562b1-asset-knyguklubas-cdb_9789955134862-nutrauktos-gijos_iii_p1.jpg\",\"contentUrl\":\"https:\/\/skaitytaknyga.lt\/wp-content\/uploads\/2024\/05\/000000000002159588-59de8367562b1-asset-knyguklubas-cdb_9789955134862-nutrauktos-gijos_iii_p1.jpg\",\"width\":228,\"height\":345},{\"@type\":\"BreadcrumbList\",\"@id\":\"https:\/\/skaitytaknyga.lt\/produktas\/a-marinina-nutrauktos-gijos-3-knyga-2\/#breadcrumb\",\"itemListElement\":[{\"@type\":\"ListItem\",\"position\":1,\"name\":\"Home\",\"item\":\"https:\/\/skaitytaknyga.lt\/\"},{\"@type\":\"ListItem\",\"position\":2,\"name\":\"Parduotuv\u0117\",\"item\":\"https:\/\/skaitytaknyga.lt\/knygu-parduotuve\/\"},{\"@type\":\"ListItem\",\"position\":3,\"name\":\"Nutrauktos gijos 3 knyga\"}]},{\"@type\":\"WebSite\",\"@id\":\"https:\/\/skaitytaknyga.lt\/#website\",\"url\":\"https:\/\/skaitytaknyga.lt\/\",\"name\":\"skaitytaknyga.lt\",\"description\":\"Skaitytaknyga.lt \u2013 tai ma\u017eas \u0161eimos verslas, kuris prasid\u0117jo nuo meil\u0117s knygoms ir siekio i\u0161gelb\u0117ti knygas nuo likimo prie konteinerio. Kas vienam nereikalingas daiktas \u2013 kitam lobis, o mes esame tarpininkai, kurie padeda abiems tapti laimingesniems ???? \u017dinome kaip nelengva i\u0161gyventi ma\u017eiems verslams, tad nuo \u0161iol, \u010dia rasite ir kit\u0173, ma\u017e\u0173 \u0161eim\u0173 versl\u0173, rank\u0173 darbo, dovan\u0173 sau ir artimiesiems.\",\"publisher\":{\"@id\":\"https:\/\/skaitytaknyga.lt\/#organization\"},\"potentialAction\":[{\"@type\":\"SearchAction\",\"target\":{\"@type\":\"EntryPoint\",\"urlTemplate\":\"https:\/\/skaitytaknyga.lt\/?s={search_term_string}\"},\"query-input\":{\"@type\":\"PropertyValueSpecification\",\"valueRequired\":true,\"valueName\":\"search_term_string\"}}],\"inLanguage\":\"en-GB\"},{\"@type\":\"Organization\",\"@id\":\"https:\/\/skaitytaknyga.lt\/#organization\",\"name\":\"skaitytaknyga.lt\",\"url\":\"https:\/\/skaitytaknyga.lt\/\",\"logo\":{\"@type\":\"ImageObject\",\"inLanguage\":\"en-GB\",\"@id\":\"https:\/\/skaitytaknyga.lt\/#\/schema\/logo\/image\/\",\"url\":\"https:\/\/skaitytaknyga.lt\/wp-content\/uploads\/2024\/05\/cropped-cropped-cropped-02_00843_jt3bggkj1j3HLc7SyY6rEUpg.jpeg\",\"contentUrl\":\"https:\/\/skaitytaknyga.lt\/wp-content\/uploads\/2024\/05\/cropped-cropped-cropped-02_00843_jt3bggkj1j3HLc7SyY6rEUpg.jpeg\",\"width\":1600,\"height\":1600,\"caption\":\"skaitytaknyga.lt\"},\"image\":{\"@id\":\"https:\/\/skaitytaknyga.lt\/#\/schema\/logo\/image\/\"},\"sameAs\":[\"https:\/\/www.facebook.com\/skaitytaknyga\/\"]}]}<\/script>\n<!-- \/ Yoast SEO plugin. -->","yoast_head_json":{"title":"Nutrauktos gijos 3 knyga","description":"Teismo medicinos ekspertas Sergejus Sablinas \u2013 skaidrios kaip kri\u0161tolas s\u0105\u017ein\u0117s, neinantis \u012f kompromisus, \u017emogus. Bet jis per daug tiesmukas \u2013 daugeliui atrodo \u0161iurk\u0161tus ir sunkaus charakterio. Net ne daugeliui, o visiems, nei\u0161skiriant n\u0117 tikros motinos bei mylimos moters. Bet gydytojui Sablinui svarbiausia \u2013 tiesa, \u012f sand\u0117rius su s\u0105\u017eine jis nesileid\u017eia, kad ir kuo j\u012f gundyt\u0173 arba grasint\u0173 skrodimo i\u0161vadomis suinteresuoti \u017emon\u0117s...","robots":{"index":"index","follow":"follow","max-snippet":"max-snippet:-1","max-image-preview":"max-image-preview:large","max-video-preview":"max-video-preview:-1"},"canonical":"https:\/\/skaitytaknyga.lt\/en\/produktas\/a-marinina-nutrauktos-gijos-3-knyga-2\/","og_locale":"en_GB","og_type":"article","og_title":"[:lt]Nutrauktos gijos 3 knyga[:] - Skaitytaknyga","og_description":"Teismo medicinos ekspertas Sergejus Sablinas \u2013 skaidrios kaip kri\u0161tolas s\u0105\u017ein\u0117s, neinantis \u012f kompromisus, \u017emogus. Bet jis per daug tiesmukas \u2013 daugeliui atrodo \u0161iurk\u0161tus ir sunkaus charakterio. Net ne daugeliui, o visiems, nei\u0161skiriant n\u0117 tikros motinos bei mylimos moters. Bet gydytojui Sablinui svarbiausia \u2013 tiesa, \u012f sand\u0117rius su s\u0105\u017eine jis nesileid\u017eia, kad ir kuo j\u012f gundyt\u0173 arba grasint\u0173 skrodimo i\u0161vadomis suinteresuoti \u017emon\u0117s...","og_url":"https:\/\/skaitytaknyga.lt\/en\/produktas\/a-marinina-nutrauktos-gijos-3-knyga-2\/","og_site_name":"Skaitytaknyga","article_publisher":"https:\/\/www.facebook.com\/skaitytaknyga\/","article_modified_time":"2026-03-05T14:00:52+00:00","og_image":[{"width":228,"height":345,"url":"https:\/\/skaitytaknyga.lt\/wp-content\/uploads\/2024\/05\/000000000002159588-59de8367562b1-asset-knyguklubas-cdb_9789955134862-nutrauktos-gijos_iii_p1.jpg","type":"image\/jpeg"}],"twitter_card":"summary_large_image","schema":{"@context":"https:\/\/schema.org","@graph":[{"@type":"WebPage","@id":"https:\/\/skaitytaknyga.lt\/produktas\/a-marinina-nutrauktos-gijos-3-knyga-2\/","url":"https:\/\/skaitytaknyga.lt\/produktas\/a-marinina-nutrauktos-gijos-3-knyga-2\/","name":"Nutrauktos gijos 3 knyga","isPartOf":{"@id":"https:\/\/skaitytaknyga.lt\/#website"},"primaryImageOfPage":{"@id":"https:\/\/skaitytaknyga.lt\/produktas\/a-marinina-nutrauktos-gijos-3-knyga-2\/#primaryimage"},"image":{"@id":"https:\/\/skaitytaknyga.lt\/produktas\/a-marinina-nutrauktos-gijos-3-knyga-2\/#primaryimage"},"thumbnailUrl":"https:\/\/skaitytaknyga.lt\/wp-content\/uploads\/2024\/05\/000000000002159588-59de8367562b1-asset-knyguklubas-cdb_9789955134862-nutrauktos-gijos_iii_p1.jpg","datePublished":"2024-05-04T14:51:10+00:00","dateModified":"2026-03-05T14:00:52+00:00","description":"Teismo medicinos ekspertas Sergejus Sablinas \u2013 skaidrios kaip kri\u0161tolas s\u0105\u017ein\u0117s, neinantis \u012f kompromisus, \u017emogus. Bet jis per daug tiesmukas \u2013 daugeliui atrodo \u0161iurk\u0161tus ir sunkaus charakterio. Net ne daugeliui, o visiems, nei\u0161skiriant n\u0117 tikros motinos bei mylimos moters. Bet gydytojui Sablinui svarbiausia \u2013 tiesa, \u012f sand\u0117rius su s\u0105\u017eine jis nesileid\u017eia, kad ir kuo j\u012f gundyt\u0173 arba grasint\u0173 skrodimo i\u0161vadomis suinteresuoti \u017emon\u0117s...","breadcrumb":{"@id":"https:\/\/skaitytaknyga.lt\/produktas\/a-marinina-nutrauktos-gijos-3-knyga-2\/#breadcrumb"},"inLanguage":"en-GB","potentialAction":[{"@type":"ReadAction","target":["https:\/\/skaitytaknyga.lt\/produktas\/a-marinina-nutrauktos-gijos-3-knyga-2\/"]}]},{"@type":"ImageObject","inLanguage":"en-GB","@id":"https:\/\/skaitytaknyga.lt\/produktas\/a-marinina-nutrauktos-gijos-3-knyga-2\/#primaryimage","url":"https:\/\/skaitytaknyga.lt\/wp-content\/uploads\/2024\/05\/000000000002159588-59de8367562b1-asset-knyguklubas-cdb_9789955134862-nutrauktos-gijos_iii_p1.jpg","contentUrl":"https:\/\/skaitytaknyga.lt\/wp-content\/uploads\/2024\/05\/000000000002159588-59de8367562b1-asset-knyguklubas-cdb_9789955134862-nutrauktos-gijos_iii_p1.jpg","width":228,"height":345},{"@type":"BreadcrumbList","@id":"https:\/\/skaitytaknyga.lt\/produktas\/a-marinina-nutrauktos-gijos-3-knyga-2\/#breadcrumb","itemListElement":[{"@type":"ListItem","position":1,"name":"Home","item":"https:\/\/skaitytaknyga.lt\/"},{"@type":"ListItem","position":2,"name":"Parduotuv\u0117","item":"https:\/\/skaitytaknyga.lt\/knygu-parduotuve\/"},{"@type":"ListItem","position":3,"name":"Nutrauktos gijos 3 knyga"}]},{"@type":"WebSite","@id":"https:\/\/skaitytaknyga.lt\/#website","url":"https:\/\/skaitytaknyga.lt\/","name":"skaitytaknyga.lt","description":"Skaitytaknyga.lt \u2013 tai ma\u017eas \u0161eimos verslas, kuris prasid\u0117jo nuo meil\u0117s knygoms ir siekio i\u0161gelb\u0117ti knygas nuo likimo prie konteinerio. Kas vienam nereikalingas daiktas \u2013 kitam lobis, o mes esame tarpininkai, kurie padeda abiems tapti laimingesniems ???? \u017dinome kaip nelengva i\u0161gyventi ma\u017eiems verslams, tad nuo \u0161iol, \u010dia rasite ir kit\u0173, ma\u017e\u0173 \u0161eim\u0173 versl\u0173, rank\u0173 darbo, dovan\u0173 sau ir artimiesiems.","publisher":{"@id":"https:\/\/skaitytaknyga.lt\/#organization"},"potentialAction":[{"@type":"SearchAction","target":{"@type":"EntryPoint","urlTemplate":"https:\/\/skaitytaknyga.lt\/?s={search_term_string}"},"query-input":{"@type":"PropertyValueSpecification","valueRequired":true,"valueName":"search_term_string"}}],"inLanguage":"en-GB"},{"@type":"Organization","@id":"https:\/\/skaitytaknyga.lt\/#organization","name":"skaitytaknyga.lt","url":"https:\/\/skaitytaknyga.lt\/","logo":{"@type":"ImageObject","inLanguage":"en-GB","@id":"https:\/\/skaitytaknyga.lt\/#\/schema\/logo\/image\/","url":"https:\/\/skaitytaknyga.lt\/wp-content\/uploads\/2024\/05\/cropped-cropped-cropped-02_00843_jt3bggkj1j3HLc7SyY6rEUpg.jpeg","contentUrl":"https:\/\/skaitytaknyga.lt\/wp-content\/uploads\/2024\/05\/cropped-cropped-cropped-02_00843_jt3bggkj1j3HLc7SyY6rEUpg.jpeg","width":1600,"height":1600,"caption":"skaitytaknyga.lt"},"image":{"@id":"https:\/\/skaitytaknyga.lt\/#\/schema\/logo\/image\/"},"sameAs":["https:\/\/www.facebook.com\/skaitytaknyga\/"]}]}},"_links":{"self":[{"href":"https:\/\/skaitytaknyga.lt\/en\/wp-json\/wp\/v2\/product\/8769","targetHints":{"allow":["GET"]}}],"collection":[{"href":"https:\/\/skaitytaknyga.lt\/en\/wp-json\/wp\/v2\/product"}],"about":[{"href":"https:\/\/skaitytaknyga.lt\/en\/wp-json\/wp\/v2\/types\/product"}],"replies":[{"embeddable":true,"href":"https:\/\/skaitytaknyga.lt\/en\/wp-json\/wp\/v2\/comments?post=8769"}],"wp:featuredmedia":[{"embeddable":true,"href":"https:\/\/skaitytaknyga.lt\/en\/wp-json\/wp\/v2\/media\/5469"}],"wp:attachment":[{"href":"https:\/\/skaitytaknyga.lt\/en\/wp-json\/wp\/v2\/media?parent=8769"}],"wp:term":[{"taxonomy":"product_brand","embeddable":true,"href":"https:\/\/skaitytaknyga.lt\/en\/wp-json\/wp\/v2\/product_brand?post=8769"},{"taxonomy":"product_cat","embeddable":true,"href":"https:\/\/skaitytaknyga.lt\/en\/wp-json\/wp\/v2\/product_cat?post=8769"},{"taxonomy":"product_tag","embeddable":true,"href":"https:\/\/skaitytaknyga.lt\/en\/wp-json\/wp\/v2\/product_tag?post=8769"}],"curies":[{"name":"wp","href":"https:\/\/api.w.org\/{rel}","templated":true}]}}