{"id":8766,"date":"2024-05-04T14:51:09","date_gmt":"2024-05-04T14:51:09","guid":{"rendered":"https:\/\/skaitytaknyga.lt\/?post_type=product&#038;p=8766"},"modified":"2024-05-04T14:51:19","modified_gmt":"2024-05-04T14:51:19","slug":"rock-your-life-sudrebink-savo-gyvenima-2","status":"publish","type":"product","link":"https:\/\/skaitytaknyga.lt\/en\/produktas\/rock-your-life-sudrebink-savo-gyvenima-2\/","title":{"rendered":"Rock your life. Sudrebink savo gyvenim\u0105"},"content":{"rendered":"<p>\u0160ioje roko grup\u0117s\u00a0<em>Scorpions<\/em>\u00a0\u012fk\u016br\u0117jo Rudolfo Schenkerio knygoje\u00a0<strong>&#8220;Rock your life. Sudrebink savo gyvenim\u0105&#8221;<\/strong>\u00a0apra\u0161yta visa grup\u0117s istorija \u2013 nuo jos atsiradimo prie\u0161 keturiasde\u0161imt met\u0173 iki \u0161i\u0173 dien\u0173. Autorius pasakoja apie su grupe nueit\u0105 keli\u0105, sutiktus \u017emones, \u012fdomius epizodus, savo asmenines dramas ir nuotykius. Taip pat jis pataria \u017emon\u0117ms, kaip jie tur\u0117t\u0173 elgtis, jei nori \u012fgyvendinti savo did\u017eias svajones.<\/p>\n<p>Rudolfas Schenkeris, gim\u0119s 1948 metais, jaunyst\u0117je \u012fgijo auk\u0161tos \u012ftampos elektriko specialyb\u0119. Vis d\u0117lto jis anksti nusprend\u0117 gyvenime daryti tik tai, kas jam i\u0161 ties\u0173 teikia d\u017eiaugsm\u0105. Pavyzd\u017eiui, groti gitara ir \u012fkurti grup\u0119\u00a0<em>Scorpions<\/em>, kuri sulauk\u0117 did\u017eiausios s\u0117km\u0117s Vokietijos roko istorijoje.<\/p>\n<p>Larsas Amendas, gim\u0119s 1978 metais Gysene, yra muzikos \u017eurnalistas ir keli\u0173 populiari\u0173 knyg\u0173 autorius. Jis dirbo\u00a0<em>Tower Records<\/em>\u00a0Londone, MTV ir VIVA televizijose, JETZT \u017eurnale, Berlyno laikra\u0161tyje\u00a0<em>Der Tagesspiegel<\/em>, taip pat Berlyno bei Heseno radijo ir televizijos stotyse.<\/p>\n","protected":false},"excerpt":{"rendered":"<p>\u0160ioje roko grup\u0117s\u00a0<em>Scorpions<\/em>\u00a0\u012fk\u016br\u0117jo Rudolfo Schenkerio knygoje\u00a0<strong>&#8220;Rock your life. Sudrebink savo gyvenim\u0105&#8221;<\/strong>\u00a0apra\u0161yta visa grup\u0117s istorija \u2013 nuo jos atsiradimo prie\u0161 keturiasde\u0161imt met\u0173 iki \u0161i\u0173 dien\u0173. Autorius pasakoja apie su grupe nueit\u0105 keli\u0105, sutiktus \u017emones, \u012fdomius epizodus, savo asmenines dramas ir nuotykius. Taip pat jis pataria \u017emon\u0117ms, kaip jie tur\u0117t\u0173 elgtis, jei nori \u012fgyvendinti savo did\u017eias svajones.<\/p>\n<p>Rudolfas Schenkeris, gim\u0119s 1948 metais, jaunyst\u0117je \u012fgijo auk\u0161tos \u012ftampos elektriko specialyb\u0119. Vis d\u0117lto jis anksti nusprend\u0117 gyvenime daryti tik tai, kas jam i\u0161 ties\u0173 teikia d\u017eiaugsm\u0105. Pavyzd\u017eiui, groti gitara ir \u012fkurti grup\u0119\u00a0<em>Scorpions<\/em>, kuri sulauk\u0117 did\u017eiausios s\u0117km\u0117s Vokietijos roko istorijoje.<\/p>\n<p>Larsas Amendas, gim\u0119s 1978 metais Gysene, yra muzikos \u017eurnalistas ir keli\u0173 populiari\u0173 knyg\u0173 autorius. Jis dirbo\u00a0<em>Tower Records<\/em>\u00a0Londone, MTV ir VIVA televizijose, JETZT \u017eurnale, Berlyno laikra\u0161tyje\u00a0<em>Der Tagesspiegel<\/em>, taip pat Berlyno bei Heseno radijo ir televizijos stotyse.<\/p>\n","protected":false},"featured_media":5466,"comment_status":"closed","ping_status":"closed","template":"","meta":{"_acf_changed":false,"site-sidebar-layout":"default","site-content-layout":"","ast-site-content-layout":"default","site-content-style":"default","site-sidebar-style":"default","ast-global-header-display":"","ast-banner-title-visibility":"","ast-main-header-display":"","ast-hfb-above-header-display":"","ast-hfb-below-header-display":"","ast-hfb-mobile-header-display":"","site-post-title":"","ast-breadcrumbs-content":"","ast-featured-img":"","footer-sml-layout":"","ast-disable-related-posts":"","theme-transparent-header-meta":"","adv-header-id-meta":"","stick-header-meta":"","header-above-stick-meta":"","header-main-stick-meta":"","header-below-stick-meta":"","astra-migrate-meta-layouts":"default","ast-page-background-enabled":"default","ast-page-background-meta":{"desktop":{"background-color":"","background-image":"","background-repeat":"repeat","background-position":"center center","background-size":"auto","background-attachment":"scroll","background-type":"","background-media":"","overlay-type":"","overlay-color":"","overlay-opacity":"","overlay-gradient":""},"tablet":{"background-color":"","background-image":"","background-repeat":"repeat","background-position":"center center","background-size":"auto","background-attachment":"scroll","background-type":"","background-media":"","overlay-type":"","overlay-color":"","overlay-opacity":"","overlay-gradient":""},"mobile":{"background-color":"","background-image":"","background-repeat":"repeat","background-position":"center center","background-size":"auto","background-attachment":"scroll","background-type":"","background-media":"","overlay-type":"","overlay-color":"","overlay-opacity":"","overlay-gradient":""}},"ast-content-background-meta":{"desktop":{"background-color":"var(--ast-global-color-4)","background-image":"","background-repeat":"repeat","background-position":"center center","background-size":"auto","background-attachment":"scroll","background-type":"","background-media":"","overlay-type":"","overlay-color":"","overlay-opacity":"","overlay-gradient":""},"tablet":{"background-color":"var(--ast-global-color-4)","background-image":"","background-repeat":"repeat","background-position":"center center","background-size":"auto","background-attachment":"scroll","background-type":"","background-media":"","overlay-type":"","overlay-color":"","overlay-opacity":"","overlay-gradient":""},"mobile":{"background-color":"var(--ast-global-color-4)","background-image":"","background-repeat":"repeat","background-position":"center center","background-size":"auto","background-attachment":"scroll","background-type":"","background-media":"","overlay-type":"","overlay-color":"","overlay-opacity":"","overlay-gradient":""}}},"product_brand":[],"product_cat":[30],"product_tag":[],"class_list":{"0":"post-8766","1":"product","2":"type-product","3":"status-publish","4":"has-post-thumbnail","6":"product_cat-psichologija-ir-saviugda","7":"desktop-align-left","8":"tablet-align-left","9":"mobile-align-left","11":"first","12":"instock","13":"shipping-taxable","14":"purchasable","15":"product-type-simple"},"acf":[],"yoast_head":"<!-- This site is optimized with the Yoast SEO plugin v27.4 - https:\/\/yoast.com\/product\/yoast-seo-wordpress\/ -->\n<title>Rock your life. Sudrebink savo gyvenim\u0105 - Skaitytaknyga<\/title>\n<meta name=\"description\" content=\"\u0160ioje roko grup\u0117s\u00a0Scorpions\u00a0\u012fk\u016br\u0117jo Rudolfo Schenkerio knygoje\u00a0&quot;Rock your life. Sudrebink savo gyvenim\u0105&quot;\u00a0apra\u0161yta visa grup\u0117s istorija \u2013 nuo jos atsiradimo prie\u0161 keturiasde\u0161imt met\u0173 iki \u0161i\u0173 dien\u0173. Autorius pasakoja apie su grupe nueit\u0105 keli\u0105, sutiktus \u017emones, \u012fdomius epizodus, savo asmenines dramas ir nuotykius. Taip pat jis pataria \u017emon\u0117ms, kaip jie tur\u0117t\u0173 elgtis, jei nori \u012fgyvendinti savo did\u017eias svajones.   Rudolfas Schenkeris, gim\u0119s 1948 metais, jaunyst\u0117je \u012fgijo auk\u0161tos \u012ftampos elektriko specialyb\u0119. Vis d\u0117lto jis anksti nusprend\u0117 gyvenime daryti tik tai, kas jam i\u0161 ties\u0173 teikia d\u017eiaugsm\u0105. Pavyzd\u017eiui, groti gitara ir \u012fkurti grup\u0119\u00a0Scorpions, kuri sulauk\u0117 did\u017eiausios s\u0117km\u0117s Vokietijos roko istorijoje.   Larsas Amendas, gim\u0119s 1978 metais Gysene, yra muzikos \u017eurnalistas ir keli\u0173 populiari\u0173 knyg\u0173 autorius. Jis dirbo\u00a0Tower Records\u00a0Londone, MTV ir VIVA televizijose, JETZT \u017eurnale, Berlyno laikra\u0161tyje\u00a0Der Tagesspiegel, taip pat Berlyno bei Heseno radijo ir televizijos stotyse.\" \/>\n<meta name=\"robots\" content=\"index, follow, max-snippet:-1, max-image-preview:large, max-video-preview:-1\" \/>\n<link rel=\"canonical\" href=\"https:\/\/skaitytaknyga.lt\/en\/produktas\/rock-your-life-sudrebink-savo-gyvenima-2\/\" \/>\n<meta property=\"og:locale\" content=\"en_GB\" \/>\n<meta property=\"og:locale:alternate\" content=\"lt_LT\" \/>\n<meta property=\"og:type\" content=\"article\" \/>\n<meta property=\"og:title\" content=\"Rock your life. Sudrebink savo gyvenim\u0105 - Skaitytaknyga\" \/>\n<meta property=\"og:description\" content=\"\u0160ioje roko grup\u0117s\u00a0Scorpions\u00a0\u012fk\u016br\u0117jo Rudolfo Schenkerio knygoje\u00a0&quot;Rock your life. Sudrebink savo gyvenim\u0105&quot;\u00a0apra\u0161yta visa grup\u0117s istorija \u2013 nuo jos atsiradimo prie\u0161 keturiasde\u0161imt met\u0173 iki \u0161i\u0173 dien\u0173. Autorius pasakoja apie su grupe nueit\u0105 keli\u0105, sutiktus \u017emones, \u012fdomius epizodus, savo asmenines dramas ir nuotykius. Taip pat jis pataria \u017emon\u0117ms, kaip jie tur\u0117t\u0173 elgtis, jei nori \u012fgyvendinti savo did\u017eias svajones.   Rudolfas Schenkeris, gim\u0119s 1948 metais, jaunyst\u0117je \u012fgijo auk\u0161tos \u012ftampos elektriko specialyb\u0119. Vis d\u0117lto jis anksti nusprend\u0117 gyvenime daryti tik tai, kas jam i\u0161 ties\u0173 teikia d\u017eiaugsm\u0105. Pavyzd\u017eiui, groti gitara ir \u012fkurti grup\u0119\u00a0Scorpions, kuri sulauk\u0117 did\u017eiausios s\u0117km\u0117s Vokietijos roko istorijoje.   Larsas Amendas, gim\u0119s 1978 metais Gysene, yra muzikos \u017eurnalistas ir keli\u0173 populiari\u0173 knyg\u0173 autorius. Jis dirbo\u00a0Tower Records\u00a0Londone, MTV ir VIVA televizijose, JETZT \u017eurnale, Berlyno laikra\u0161tyje\u00a0Der Tagesspiegel, taip pat Berlyno bei Heseno radijo ir televizijos stotyse.\" \/>\n<meta property=\"og:url\" content=\"https:\/\/skaitytaknyga.lt\/en\/produktas\/rock-your-life-sudrebink-savo-gyvenima-2\/\" \/>\n<meta property=\"og:site_name\" content=\"Skaitytaknyga\" \/>\n<meta property=\"article:publisher\" content=\"https:\/\/www.facebook.com\/skaitytaknyga\/\" \/>\n<meta property=\"article:modified_time\" content=\"2024-05-04T14:51:19+00:00\" \/>\n<meta property=\"og:image\" content=\"https:\/\/skaitytaknyga.lt\/wp-content\/uploads\/2024\/05\/rock.jpg\" \/>\n\t<meta property=\"og:image:width\" content=\"314\" \/>\n\t<meta property=\"og:image:height\" content=\"450\" \/>\n\t<meta property=\"og:image:type\" content=\"image\/jpeg\" \/>\n<meta name=\"twitter:card\" content=\"summary_large_image\" \/>\n<meta name=\"twitter:label1\" content=\"Estimated reading time\" \/>\n\t<meta name=\"twitter:data1\" content=\"1 minute\" \/>\n<script type=\"application\/ld+json\" class=\"yoast-schema-graph\">{\"@context\":\"https:\\\/\\\/schema.org\",\"@graph\":[{\"@type\":\"WebPage\",\"@id\":\"https:\\\/\\\/skaitytaknyga.lt\\\/produktas\\\/rock-your-life-sudrebink-savo-gyvenima-2\\\/\",\"url\":\"https:\\\/\\\/skaitytaknyga.lt\\\/produktas\\\/rock-your-life-sudrebink-savo-gyvenima-2\\\/\",\"name\":\"Rock your life. Sudrebink savo gyvenim\u0105 - Skaitytaknyga\",\"isPartOf\":{\"@id\":\"https:\\\/\\\/skaitytaknyga.lt\\\/#website\"},\"primaryImageOfPage\":{\"@id\":\"https:\\\/\\\/skaitytaknyga.lt\\\/produktas\\\/rock-your-life-sudrebink-savo-gyvenima-2\\\/#primaryimage\"},\"image\":{\"@id\":\"https:\\\/\\\/skaitytaknyga.lt\\\/produktas\\\/rock-your-life-sudrebink-savo-gyvenima-2\\\/#primaryimage\"},\"thumbnailUrl\":\"https:\\\/\\\/skaitytaknyga.lt\\\/wp-content\\\/uploads\\\/2024\\\/05\\\/rock.jpg\",\"datePublished\":\"2024-05-04T14:51:09+00:00\",\"dateModified\":\"2024-05-04T14:51:19+00:00\",\"description\":\"\u0160ioje roko grup\u0117s\u00a0Scorpions\u00a0\u012fk\u016br\u0117jo Rudolfo Schenkerio knygoje\u00a0\\\"Rock your life. Sudrebink savo gyvenim\u0105\\\"\u00a0apra\u0161yta visa grup\u0117s istorija \u2013 nuo jos atsiradimo prie\u0161 keturiasde\u0161imt met\u0173 iki \u0161i\u0173 dien\u0173. Autorius pasakoja apie su grupe nueit\u0105 keli\u0105, sutiktus \u017emones, \u012fdomius epizodus, savo asmenines dramas ir nuotykius. Taip pat jis pataria \u017emon\u0117ms, kaip jie tur\u0117t\u0173 elgtis, jei nori \u012fgyvendinti savo did\u017eias svajones. Rudolfas Schenkeris, gim\u0119s 1948 metais, jaunyst\u0117je \u012fgijo auk\u0161tos \u012ftampos elektriko specialyb\u0119. Vis d\u0117lto jis anksti nusprend\u0117 gyvenime daryti tik tai, kas jam i\u0161 ties\u0173 teikia d\u017eiaugsm\u0105. Pavyzd\u017eiui, groti gitara ir \u012fkurti grup\u0119\u00a0Scorpions, kuri sulauk\u0117 did\u017eiausios s\u0117km\u0117s Vokietijos roko istorijoje. Larsas Amendas, gim\u0119s 1978 metais Gysene, yra muzikos \u017eurnalistas ir keli\u0173 populiari\u0173 knyg\u0173 autorius. Jis dirbo\u00a0Tower Records\u00a0Londone, MTV ir VIVA televizijose, JETZT \u017eurnale, Berlyno laikra\u0161tyje\u00a0Der Tagesspiegel, taip pat Berlyno bei Heseno radijo ir televizijos stotyse.\",\"breadcrumb\":{\"@id\":\"https:\\\/\\\/skaitytaknyga.lt\\\/produktas\\\/rock-your-life-sudrebink-savo-gyvenima-2\\\/#breadcrumb\"},\"inLanguage\":\"en-GB\",\"potentialAction\":[{\"@type\":\"ReadAction\",\"target\":[\"https:\\\/\\\/skaitytaknyga.lt\\\/produktas\\\/rock-your-life-sudrebink-savo-gyvenima-2\\\/\"]}]},{\"@type\":\"ImageObject\",\"inLanguage\":\"en-GB\",\"@id\":\"https:\\\/\\\/skaitytaknyga.lt\\\/produktas\\\/rock-your-life-sudrebink-savo-gyvenima-2\\\/#primaryimage\",\"url\":\"https:\\\/\\\/skaitytaknyga.lt\\\/wp-content\\\/uploads\\\/2024\\\/05\\\/rock.jpg\",\"contentUrl\":\"https:\\\/\\\/skaitytaknyga.lt\\\/wp-content\\\/uploads\\\/2024\\\/05\\\/rock.jpg\",\"width\":314,\"height\":450},{\"@type\":\"BreadcrumbList\",\"@id\":\"https:\\\/\\\/skaitytaknyga.lt\\\/produktas\\\/rock-your-life-sudrebink-savo-gyvenima-2\\\/#breadcrumb\",\"itemListElement\":[{\"@type\":\"ListItem\",\"position\":1,\"name\":\"Home\",\"item\":\"https:\\\/\\\/skaitytaknyga.lt\\\/\"},{\"@type\":\"ListItem\",\"position\":2,\"name\":\"Parduotuv\u0117\",\"item\":\"https:\\\/\\\/skaitytaknyga.lt\\\/knygu-parduotuve\\\/\"},{\"@type\":\"ListItem\",\"position\":3,\"name\":\"Rock your life. Sudrebink savo gyvenim\u0105\"}]},{\"@type\":\"WebSite\",\"@id\":\"https:\\\/\\\/skaitytaknyga.lt\\\/#website\",\"url\":\"https:\\\/\\\/skaitytaknyga.lt\\\/\",\"name\":\"skaitytaknyga.lt\",\"description\":\"Skaitytaknyga.lt \u2013 tai ma\u017eas \u0161eimos verslas, kuris prasid\u0117jo nuo meil\u0117s knygoms ir siekio i\u0161gelb\u0117ti knygas nuo likimo prie konteinerio. Kas vienam nereikalingas daiktas \u2013 kitam lobis, o mes esame tarpininkai, kurie padeda abiems tapti laimingesniems ???? \u017dinome kaip nelengva i\u0161gyventi ma\u017eiems verslams, tad nuo \u0161iol, \u010dia rasite ir kit\u0173, ma\u017e\u0173 \u0161eim\u0173 versl\u0173, rank\u0173 darbo, dovan\u0173 sau ir artimiesiems.\",\"publisher\":{\"@id\":\"https:\\\/\\\/skaitytaknyga.lt\\\/#organization\"},\"potentialAction\":[{\"@type\":\"SearchAction\",\"target\":{\"@type\":\"EntryPoint\",\"urlTemplate\":\"https:\\\/\\\/skaitytaknyga.lt\\\/?s={search_term_string}\"},\"query-input\":{\"@type\":\"PropertyValueSpecification\",\"valueRequired\":true,\"valueName\":\"search_term_string\"}}],\"inLanguage\":\"en-GB\"},{\"@type\":\"Organization\",\"@id\":\"https:\\\/\\\/skaitytaknyga.lt\\\/#organization\",\"name\":\"skaitytaknyga.lt\",\"url\":\"https:\\\/\\\/skaitytaknyga.lt\\\/\",\"logo\":{\"@type\":\"ImageObject\",\"inLanguage\":\"en-GB\",\"@id\":\"https:\\\/\\\/skaitytaknyga.lt\\\/#\\\/schema\\\/logo\\\/image\\\/\",\"url\":\"https:\\\/\\\/skaitytaknyga.lt\\\/wp-content\\\/uploads\\\/2024\\\/05\\\/cropped-cropped-cropped-02_00843_jt3bggkj1j3HLc7SyY6rEUpg.jpeg\",\"contentUrl\":\"https:\\\/\\\/skaitytaknyga.lt\\\/wp-content\\\/uploads\\\/2024\\\/05\\\/cropped-cropped-cropped-02_00843_jt3bggkj1j3HLc7SyY6rEUpg.jpeg\",\"width\":1600,\"height\":1600,\"caption\":\"skaitytaknyga.lt\"},\"image\":{\"@id\":\"https:\\\/\\\/skaitytaknyga.lt\\\/#\\\/schema\\\/logo\\\/image\\\/\"},\"sameAs\":[\"https:\\\/\\\/www.facebook.com\\\/skaitytaknyga\\\/\"]}]}<\/script>\n<!-- \/ Yoast SEO plugin. -->","yoast_head_json":{"title":"Rock your life. Sudrebink savo gyvenim\u0105 - Skaitytaknyga","description":"\u0160ioje roko grup\u0117s\u00a0Scorpions\u00a0\u012fk\u016br\u0117jo Rudolfo Schenkerio knygoje\u00a0\"Rock your life. Sudrebink savo gyvenim\u0105\"\u00a0apra\u0161yta visa grup\u0117s istorija \u2013 nuo jos atsiradimo prie\u0161 keturiasde\u0161imt met\u0173 iki \u0161i\u0173 dien\u0173. Autorius pasakoja apie su grupe nueit\u0105 keli\u0105, sutiktus \u017emones, \u012fdomius epizodus, savo asmenines dramas ir nuotykius. Taip pat jis pataria \u017emon\u0117ms, kaip jie tur\u0117t\u0173 elgtis, jei nori \u012fgyvendinti savo did\u017eias svajones.   Rudolfas Schenkeris, gim\u0119s 1948 metais, jaunyst\u0117je \u012fgijo auk\u0161tos \u012ftampos elektriko specialyb\u0119. Vis d\u0117lto jis anksti nusprend\u0117 gyvenime daryti tik tai, kas jam i\u0161 ties\u0173 teikia d\u017eiaugsm\u0105. Pavyzd\u017eiui, groti gitara ir \u012fkurti grup\u0119\u00a0Scorpions, kuri sulauk\u0117 did\u017eiausios s\u0117km\u0117s Vokietijos roko istorijoje.   Larsas Amendas, gim\u0119s 1978 metais Gysene, yra muzikos \u017eurnalistas ir keli\u0173 populiari\u0173 knyg\u0173 autorius. Jis dirbo\u00a0Tower Records\u00a0Londone, MTV ir VIVA televizijose, JETZT \u017eurnale, Berlyno laikra\u0161tyje\u00a0Der Tagesspiegel, taip pat Berlyno bei Heseno radijo ir televizijos stotyse.","robots":{"index":"index","follow":"follow","max-snippet":"max-snippet:-1","max-image-preview":"max-image-preview:large","max-video-preview":"max-video-preview:-1"},"canonical":"https:\/\/skaitytaknyga.lt\/en\/produktas\/rock-your-life-sudrebink-savo-gyvenima-2\/","og_locale":"en_GB","og_type":"article","og_title":"Rock your life. Sudrebink savo gyvenim\u0105 - Skaitytaknyga","og_description":"\u0160ioje roko grup\u0117s\u00a0Scorpions\u00a0\u012fk\u016br\u0117jo Rudolfo Schenkerio knygoje\u00a0\"Rock your life. Sudrebink savo gyvenim\u0105\"\u00a0apra\u0161yta visa grup\u0117s istorija \u2013 nuo jos atsiradimo prie\u0161 keturiasde\u0161imt met\u0173 iki \u0161i\u0173 dien\u0173. Autorius pasakoja apie su grupe nueit\u0105 keli\u0105, sutiktus \u017emones, \u012fdomius epizodus, savo asmenines dramas ir nuotykius. Taip pat jis pataria \u017emon\u0117ms, kaip jie tur\u0117t\u0173 elgtis, jei nori \u012fgyvendinti savo did\u017eias svajones.   Rudolfas Schenkeris, gim\u0119s 1948 metais, jaunyst\u0117je \u012fgijo auk\u0161tos \u012ftampos elektriko specialyb\u0119. Vis d\u0117lto jis anksti nusprend\u0117 gyvenime daryti tik tai, kas jam i\u0161 ties\u0173 teikia d\u017eiaugsm\u0105. Pavyzd\u017eiui, groti gitara ir \u012fkurti grup\u0119\u00a0Scorpions, kuri sulauk\u0117 did\u017eiausios s\u0117km\u0117s Vokietijos roko istorijoje.   Larsas Amendas, gim\u0119s 1978 metais Gysene, yra muzikos \u017eurnalistas ir keli\u0173 populiari\u0173 knyg\u0173 autorius. Jis dirbo\u00a0Tower Records\u00a0Londone, MTV ir VIVA televizijose, JETZT \u017eurnale, Berlyno laikra\u0161tyje\u00a0Der Tagesspiegel, taip pat Berlyno bei Heseno radijo ir televizijos stotyse.","og_url":"https:\/\/skaitytaknyga.lt\/en\/produktas\/rock-your-life-sudrebink-savo-gyvenima-2\/","og_site_name":"Skaitytaknyga","article_publisher":"https:\/\/www.facebook.com\/skaitytaknyga\/","article_modified_time":"2024-05-04T14:51:19+00:00","og_image":[{"width":314,"height":450,"url":"https:\/\/skaitytaknyga.lt\/wp-content\/uploads\/2024\/05\/rock.jpg","type":"image\/jpeg"}],"twitter_card":"summary_large_image","twitter_misc":{"Estimated reading time":"1 minute"},"schema":{"@context":"https:\/\/schema.org","@graph":[{"@type":"WebPage","@id":"https:\/\/skaitytaknyga.lt\/produktas\/rock-your-life-sudrebink-savo-gyvenima-2\/","url":"https:\/\/skaitytaknyga.lt\/produktas\/rock-your-life-sudrebink-savo-gyvenima-2\/","name":"Rock your life. Sudrebink savo gyvenim\u0105 - Skaitytaknyga","isPartOf":{"@id":"https:\/\/skaitytaknyga.lt\/#website"},"primaryImageOfPage":{"@id":"https:\/\/skaitytaknyga.lt\/produktas\/rock-your-life-sudrebink-savo-gyvenima-2\/#primaryimage"},"image":{"@id":"https:\/\/skaitytaknyga.lt\/produktas\/rock-your-life-sudrebink-savo-gyvenima-2\/#primaryimage"},"thumbnailUrl":"https:\/\/skaitytaknyga.lt\/wp-content\/uploads\/2024\/05\/rock.jpg","datePublished":"2024-05-04T14:51:09+00:00","dateModified":"2024-05-04T14:51:19+00:00","description":"\u0160ioje roko grup\u0117s\u00a0Scorpions\u00a0\u012fk\u016br\u0117jo Rudolfo Schenkerio knygoje\u00a0\"Rock your life. Sudrebink savo gyvenim\u0105\"\u00a0apra\u0161yta visa grup\u0117s istorija \u2013 nuo jos atsiradimo prie\u0161 keturiasde\u0161imt met\u0173 iki \u0161i\u0173 dien\u0173. Autorius pasakoja apie su grupe nueit\u0105 keli\u0105, sutiktus \u017emones, \u012fdomius epizodus, savo asmenines dramas ir nuotykius. Taip pat jis pataria \u017emon\u0117ms, kaip jie tur\u0117t\u0173 elgtis, jei nori \u012fgyvendinti savo did\u017eias svajones. Rudolfas Schenkeris, gim\u0119s 1948 metais, jaunyst\u0117je \u012fgijo auk\u0161tos \u012ftampos elektriko specialyb\u0119. Vis d\u0117lto jis anksti nusprend\u0117 gyvenime daryti tik tai, kas jam i\u0161 ties\u0173 teikia d\u017eiaugsm\u0105. Pavyzd\u017eiui, groti gitara ir \u012fkurti grup\u0119\u00a0Scorpions, kuri sulauk\u0117 did\u017eiausios s\u0117km\u0117s Vokietijos roko istorijoje. Larsas Amendas, gim\u0119s 1978 metais Gysene, yra muzikos \u017eurnalistas ir keli\u0173 populiari\u0173 knyg\u0173 autorius. Jis dirbo\u00a0Tower Records\u00a0Londone, MTV ir VIVA televizijose, JETZT \u017eurnale, Berlyno laikra\u0161tyje\u00a0Der Tagesspiegel, taip pat Berlyno bei Heseno radijo ir televizijos stotyse.","breadcrumb":{"@id":"https:\/\/skaitytaknyga.lt\/produktas\/rock-your-life-sudrebink-savo-gyvenima-2\/#breadcrumb"},"inLanguage":"en-GB","potentialAction":[{"@type":"ReadAction","target":["https:\/\/skaitytaknyga.lt\/produktas\/rock-your-life-sudrebink-savo-gyvenima-2\/"]}]},{"@type":"ImageObject","inLanguage":"en-GB","@id":"https:\/\/skaitytaknyga.lt\/produktas\/rock-your-life-sudrebink-savo-gyvenima-2\/#primaryimage","url":"https:\/\/skaitytaknyga.lt\/wp-content\/uploads\/2024\/05\/rock.jpg","contentUrl":"https:\/\/skaitytaknyga.lt\/wp-content\/uploads\/2024\/05\/rock.jpg","width":314,"height":450},{"@type":"BreadcrumbList","@id":"https:\/\/skaitytaknyga.lt\/produktas\/rock-your-life-sudrebink-savo-gyvenima-2\/#breadcrumb","itemListElement":[{"@type":"ListItem","position":1,"name":"Home","item":"https:\/\/skaitytaknyga.lt\/"},{"@type":"ListItem","position":2,"name":"Parduotuv\u0117","item":"https:\/\/skaitytaknyga.lt\/knygu-parduotuve\/"},{"@type":"ListItem","position":3,"name":"Rock your life. Sudrebink savo gyvenim\u0105"}]},{"@type":"WebSite","@id":"https:\/\/skaitytaknyga.lt\/#website","url":"https:\/\/skaitytaknyga.lt\/","name":"skaitytaknyga.lt","description":"Skaitytaknyga.lt \u2013 tai ma\u017eas \u0161eimos verslas, kuris prasid\u0117jo nuo meil\u0117s knygoms ir siekio i\u0161gelb\u0117ti knygas nuo likimo prie konteinerio. Kas vienam nereikalingas daiktas \u2013 kitam lobis, o mes esame tarpininkai, kurie padeda abiems tapti laimingesniems ???? \u017dinome kaip nelengva i\u0161gyventi ma\u017eiems verslams, tad nuo \u0161iol, \u010dia rasite ir kit\u0173, ma\u017e\u0173 \u0161eim\u0173 versl\u0173, rank\u0173 darbo, dovan\u0173 sau ir artimiesiems.","publisher":{"@id":"https:\/\/skaitytaknyga.lt\/#organization"},"potentialAction":[{"@type":"SearchAction","target":{"@type":"EntryPoint","urlTemplate":"https:\/\/skaitytaknyga.lt\/?s={search_term_string}"},"query-input":{"@type":"PropertyValueSpecification","valueRequired":true,"valueName":"search_term_string"}}],"inLanguage":"en-GB"},{"@type":"Organization","@id":"https:\/\/skaitytaknyga.lt\/#organization","name":"skaitytaknyga.lt","url":"https:\/\/skaitytaknyga.lt\/","logo":{"@type":"ImageObject","inLanguage":"en-GB","@id":"https:\/\/skaitytaknyga.lt\/#\/schema\/logo\/image\/","url":"https:\/\/skaitytaknyga.lt\/wp-content\/uploads\/2024\/05\/cropped-cropped-cropped-02_00843_jt3bggkj1j3HLc7SyY6rEUpg.jpeg","contentUrl":"https:\/\/skaitytaknyga.lt\/wp-content\/uploads\/2024\/05\/cropped-cropped-cropped-02_00843_jt3bggkj1j3HLc7SyY6rEUpg.jpeg","width":1600,"height":1600,"caption":"skaitytaknyga.lt"},"image":{"@id":"https:\/\/skaitytaknyga.lt\/#\/schema\/logo\/image\/"},"sameAs":["https:\/\/www.facebook.com\/skaitytaknyga\/"]}]}},"_links":{"self":[{"href":"https:\/\/skaitytaknyga.lt\/en\/wp-json\/wp\/v2\/product\/8766","targetHints":{"allow":["GET"]}}],"collection":[{"href":"https:\/\/skaitytaknyga.lt\/en\/wp-json\/wp\/v2\/product"}],"about":[{"href":"https:\/\/skaitytaknyga.lt\/en\/wp-json\/wp\/v2\/types\/product"}],"replies":[{"embeddable":true,"href":"https:\/\/skaitytaknyga.lt\/en\/wp-json\/wp\/v2\/comments?post=8766"}],"wp:featuredmedia":[{"embeddable":true,"href":"https:\/\/skaitytaknyga.lt\/en\/wp-json\/wp\/v2\/media\/5466"}],"wp:attachment":[{"href":"https:\/\/skaitytaknyga.lt\/en\/wp-json\/wp\/v2\/media?parent=8766"}],"wp:term":[{"taxonomy":"product_brand","embeddable":true,"href":"https:\/\/skaitytaknyga.lt\/en\/wp-json\/wp\/v2\/product_brand?post=8766"},{"taxonomy":"product_cat","embeddable":true,"href":"https:\/\/skaitytaknyga.lt\/en\/wp-json\/wp\/v2\/product_cat?post=8766"},{"taxonomy":"product_tag","embeddable":true,"href":"https:\/\/skaitytaknyga.lt\/en\/wp-json\/wp\/v2\/product_tag?post=8766"}],"curies":[{"name":"wp","href":"https:\/\/api.w.org\/{rel}","templated":true}]}}