{"id":8763,"date":"2024-05-04T14:51:09","date_gmt":"2024-05-04T14:51:09","guid":{"rendered":"https:\/\/skaitytaknyga.lt\/?post_type=product&#038;p=8763"},"modified":"2026-02-26T13:04:01","modified_gmt":"2026-02-26T11:04:01","slug":"jokiu-kompromisu-2","status":"publish","type":"product","link":"https:\/\/skaitytaknyga.lt\/en\/produktas\/jokiu-kompromisu-2\/","title":{"rendered":"Joki\u0173 kompromis\u0173!"},"content":{"rendered":"<div>Buv\u0119s FTB \u012fkait\u0173 derybininkas si\u016blo nauj\u0105, prakti\u0161kai i\u0161bandyt\u0105 po\u017ei\u016br\u012f \u012f derybas, veiksming\u0105 bet kokioje situacijoje. R\u016bs\u010diose Kanzas Si\u010dio gatv\u0117se dirb\u0119s policininku, Krisas Vosas v\u0117liau prisijung\u0117 prie FTB. Dirbdamas sukre\u010dian\u010di\u0173 pagrobim\u0173, \u012fkait\u0173 i\u0161laisvinimo ir kitoki\u0173 kriminalini\u0173 dram\u0173 derybininku, jis susid\u016br\u0117 su bank\u0173 pl\u0117\u0161ikais, grupuo\u010di\u0173 lyderiais ir teroristais.<\/div>\n<div>\u201eJoki\u0173 kompromis\u0173\u201c leid\u017eia pa\u017evelgti \u012f t\u0105 pasaul\u012f ir rizikingas derybas, atskleid\u017eia devynis pagrindinius principus, pad\u0117jusius autoriui ir jo kolegoms sulaukti s\u0117km\u0117s tada, kai jos reik\u0117jo labiausiai \u2013 \u017emoni\u0173 gyvyb\u0117ms kabant ant plauko.<\/div>\n<div>\u201eJoki\u0173 kompromis\u0173\u2018 atskleid\u017eia tikras profesional\u0173 istorijas bei patirt\u012f, ir tai garantuos, kad visose diskusijose jums neb\u016bt\u0173 lygi\u0173.<\/div>\n","protected":false},"excerpt":{"rendered":"<div>Buv\u0119s FTB \u012fkait\u0173 derybininkas si\u016blo nauj\u0105, prakti\u0161kai i\u0161bandyt\u0105 po\u017ei\u016br\u012f \u012f derybas, veiksming\u0105 bet kokioje situacijoje. R\u016bs\u010diose Kanzas Si\u010dio gatv\u0117se dirb\u0119s policininku, Krisas Vosas v\u0117liau prisijung\u0117 prie FTB. Dirbdamas sukre\u010dian\u010di\u0173 pagrobim\u0173, \u012fkait\u0173 i\u0161laisvinimo ir kitoki\u0173 kriminalini\u0173 dram\u0173 derybininku, jis susid\u016br\u0117 su bank\u0173 pl\u0117\u0161ikais, grupuo\u010di\u0173 lyderiais ir teroristais.<\/div>\n<div>\u201eJoki\u0173 kompromis\u0173\u201c leid\u017eia pa\u017evelgti \u012f t\u0105 pasaul\u012f ir rizikingas derybas, atskleid\u017eia devynis pagrindinius principus, pad\u0117jusius autoriui ir jo kolegoms sulaukti s\u0117km\u0117s tada, kai jos reik\u0117jo labiausiai \u2013 \u017emoni\u0173 gyvyb\u0117ms kabant ant plauko.<\/div>\n<div>\u201eJoki\u0173 kompromis\u0173\u2018 atskleid\u017eia tikras profesional\u0173 istorijas bei patirt\u012f, ir tai garantuos, kad visose diskusijose jums neb\u016bt\u0173 lygi\u0173.<\/div>\n","protected":false},"featured_media":0,"comment_status":"closed","ping_status":"closed","template":"","meta":{"_acf_changed":false,"site-sidebar-layout":"default","site-content-layout":"","ast-site-content-layout":"default","site-content-style":"default","site-sidebar-style":"default","ast-global-header-display":"","ast-banner-title-visibility":"","ast-main-header-display":"","ast-hfb-above-header-display":"","ast-hfb-below-header-display":"","ast-hfb-mobile-header-display":"","site-post-title":"","ast-breadcrumbs-content":"","ast-featured-img":"","footer-sml-layout":"","ast-disable-related-posts":"","theme-transparent-header-meta":"default","adv-header-id-meta":"","stick-header-meta":"","header-above-stick-meta":"","header-main-stick-meta":"","header-below-stick-meta":"","astra-migrate-meta-layouts":"set","ast-page-background-enabled":"default","ast-page-background-meta":{"desktop":{"background-color":"","background-image":"","background-repeat":"repeat","background-position":"center center","background-size":"auto","background-attachment":"scroll","background-type":"","background-media":"","overlay-type":"","overlay-color":"","overlay-opacity":"","overlay-gradient":""},"tablet":{"background-color":"","background-image":"","background-repeat":"repeat","background-position":"center center","background-size":"auto","background-attachment":"scroll","background-type":"","background-media":"","overlay-type":"","overlay-color":"","overlay-opacity":"","overlay-gradient":""},"mobile":{"background-color":"","background-image":"","background-repeat":"repeat","background-position":"center center","background-size":"auto","background-attachment":"scroll","background-type":"","background-media":"","overlay-type":"","overlay-color":"","overlay-opacity":"","overlay-gradient":""}},"ast-content-background-meta":{"desktop":{"background-color":"var(--ast-global-color-4)","background-image":"","background-repeat":"repeat","background-position":"center center","background-size":"auto","background-attachment":"scroll","background-type":"","background-media":"","overlay-type":"","overlay-color":"","overlay-opacity":"","overlay-gradient":""},"tablet":{"background-color":"var(--ast-global-color-4)","background-image":"","background-repeat":"repeat","background-position":"center center","background-size":"auto","background-attachment":"scroll","background-type":"","background-media":"","overlay-type":"","overlay-color":"","overlay-opacity":"","overlay-gradient":""},"mobile":{"background-color":"var(--ast-global-color-4)","background-image":"","background-repeat":"repeat","background-position":"center center","background-size":"auto","background-attachment":"scroll","background-type":"","background-media":"","overlay-type":"","overlay-color":"","overlay-opacity":"","overlay-gradient":""}}},"product_brand":[],"product_cat":[30],"product_tag":[],"class_list":{"0":"post-8763","1":"product","2":"type-product","3":"status-publish","5":"product_cat-psichologija-ir-saviugda","6":"desktop-align-left","7":"tablet-align-left","8":"mobile-align-left","10":"first","11":"outofstock","12":"shipping-taxable","13":"purchasable","14":"product-type-simple"},"acf":[],"yoast_head":"<!-- This site is optimized with the Yoast SEO plugin v27.4 - https:\/\/yoast.com\/product\/yoast-seo-wordpress\/ -->\n<title>Joki\u0173 kompromis\u0173!<\/title>\n<meta name=\"description\" content=\"Buv\u0119s FTB \u012fkait\u0173 derybininkas si\u016blo nauj\u0105, prakti\u0161kai i\u0161bandyt\u0105 po\u017ei\u016br\u012f \u012f derybas, veiksming\u0105 bet kokioje situacijoje. R\u016bs\u010diose Kanzas Si\u010dio gatv\u0117se dirb\u0119s policininku, Krisas Vosas v\u0117liau prisijung\u0117 prie FTB. Dirbdamas sukre\u010dian\u010di\u0173 pagrobim\u0173, \u012fkait\u0173 i\u0161laisvinimo ir kitoki\u0173 kriminalini\u0173 dram\u0173 derybininku, jis susid\u016br\u0117 su bank\u0173 pl\u0117\u0161ikais, grupuo\u010di\u0173 lyderiais ir teroristais. \u201eJoki\u0173 kompromis\u0173\u201c leid\u017eia pa\u017evelgti \u012f t\u0105 pasaul\u012f ir rizikingas derybas, atskleid\u017eia devynis pagrindinius principus, pad\u0117jusius autoriui ir jo kolegoms sulaukti s\u0117km\u0117s tada, kai jos reik\u0117jo labiausiai \u2013 \u017emoni\u0173 gyvyb\u0117ms kabant ant plauko. \u201eJoki\u0173 kompromis\u0173\u2018 atskleid\u017eia tikras profesional\u0173 istorijas bei patirt\u012f, ir tai garantuos, kad visose diskusijose jums neb\u016bt\u0173 lygi\u0173.\" \/>\n<meta name=\"robots\" content=\"index, follow, max-snippet:-1, max-image-preview:large, max-video-preview:-1\" \/>\n<link rel=\"canonical\" href=\"https:\/\/skaitytaknyga.lt\/en\/produktas\/jokiu-kompromisu-2\/\" \/>\n<meta property=\"og:locale\" content=\"en_GB\" \/>\n<meta property=\"og:locale:alternate\" content=\"lt_LT\" \/>\n<meta property=\"og:type\" content=\"article\" \/>\n<meta property=\"og:title\" content=\"Joki\u0173 kompromis\u0173!\" \/>\n<meta property=\"og:description\" content=\"Buv\u0119s FTB \u012fkait\u0173 derybininkas si\u016blo nauj\u0105, prakti\u0161kai i\u0161bandyt\u0105 po\u017ei\u016br\u012f \u012f derybas, veiksming\u0105 bet kokioje situacijoje. R\u016bs\u010diose Kanzas Si\u010dio gatv\u0117se dirb\u0119s policininku, Krisas Vosas v\u0117liau prisijung\u0117 prie FTB. Dirbdamas sukre\u010dian\u010di\u0173 pagrobim\u0173, \u012fkait\u0173 i\u0161laisvinimo ir kitoki\u0173 kriminalini\u0173 dram\u0173 derybininku, jis susid\u016br\u0117 su bank\u0173 pl\u0117\u0161ikais, grupuo\u010di\u0173 lyderiais ir teroristais. \u201eJoki\u0173 kompromis\u0173\u201c leid\u017eia pa\u017evelgti \u012f t\u0105 pasaul\u012f ir rizikingas derybas, atskleid\u017eia devynis pagrindinius principus, pad\u0117jusius autoriui ir jo kolegoms sulaukti s\u0117km\u0117s tada, kai jos reik\u0117jo labiausiai \u2013 \u017emoni\u0173 gyvyb\u0117ms kabant ant plauko. \u201eJoki\u0173 kompromis\u0173\u2018 atskleid\u017eia tikras profesional\u0173 istorijas bei patirt\u012f, ir tai garantuos, kad visose diskusijose jums neb\u016bt\u0173 lygi\u0173.\" \/>\n<meta property=\"og:url\" content=\"https:\/\/skaitytaknyga.lt\/en\/produktas\/jokiu-kompromisu-2\/\" \/>\n<meta property=\"og:site_name\" content=\"Skaitytaknyga\" \/>\n<meta property=\"article:publisher\" content=\"https:\/\/www.facebook.com\/skaitytaknyga\/\" \/>\n<meta property=\"article:modified_time\" content=\"2026-02-26T11:04:01+00:00\" \/>\n<meta property=\"og:image\" content=\"https:\/\/skaitytaknyga.lt\/wp-content\/uploads\/2024\/07\/skaitytaknyga.png\" \/>\n\t<meta property=\"og:image:width\" content=\"747\" \/>\n\t<meta property=\"og:image:height\" content=\"496\" \/>\n\t<meta property=\"og:image:type\" content=\"image\/png\" \/>\n<meta name=\"twitter:card\" content=\"summary_large_image\" \/>\n<meta name=\"twitter:label1\" content=\"Estimated reading time\" \/>\n\t<meta name=\"twitter:data1\" content=\"1 minute\" \/>\n<script type=\"application\/ld+json\" class=\"yoast-schema-graph\">{\"@context\":\"https:\\\/\\\/schema.org\",\"@graph\":[{\"@type\":\"WebPage\",\"@id\":\"https:\\\/\\\/skaitytaknyga.lt\\\/produktas\\\/jokiu-kompromisu-2\\\/\",\"url\":\"https:\\\/\\\/skaitytaknyga.lt\\\/produktas\\\/jokiu-kompromisu-2\\\/\",\"name\":\"Joki\u0173 kompromis\u0173!\",\"isPartOf\":{\"@id\":\"https:\\\/\\\/skaitytaknyga.lt\\\/#website\"},\"datePublished\":\"2024-05-04T14:51:09+00:00\",\"dateModified\":\"2026-02-26T11:04:01+00:00\",\"description\":\"Buv\u0119s FTB \u012fkait\u0173 derybininkas si\u016blo nauj\u0105, prakti\u0161kai i\u0161bandyt\u0105 po\u017ei\u016br\u012f \u012f derybas, veiksming\u0105 bet kokioje situacijoje. R\u016bs\u010diose Kanzas Si\u010dio gatv\u0117se dirb\u0119s policininku, Krisas Vosas v\u0117liau prisijung\u0117 prie FTB. Dirbdamas sukre\u010dian\u010di\u0173 pagrobim\u0173, \u012fkait\u0173 i\u0161laisvinimo ir kitoki\u0173 kriminalini\u0173 dram\u0173 derybininku, jis susid\u016br\u0117 su bank\u0173 pl\u0117\u0161ikais, grupuo\u010di\u0173 lyderiais ir teroristais. \u201eJoki\u0173 kompromis\u0173\u201c leid\u017eia pa\u017evelgti \u012f t\u0105 pasaul\u012f ir rizikingas derybas, atskleid\u017eia devynis pagrindinius principus, pad\u0117jusius autoriui ir jo kolegoms sulaukti s\u0117km\u0117s tada, kai jos reik\u0117jo labiausiai \u2013 \u017emoni\u0173 gyvyb\u0117ms kabant ant plauko. \u201eJoki\u0173 kompromis\u0173\u2018 atskleid\u017eia tikras profesional\u0173 istorijas bei patirt\u012f, ir tai garantuos, kad visose diskusijose jums neb\u016bt\u0173 lygi\u0173.\",\"breadcrumb\":{\"@id\":\"https:\\\/\\\/skaitytaknyga.lt\\\/produktas\\\/jokiu-kompromisu-2\\\/#breadcrumb\"},\"inLanguage\":\"en-GB\",\"potentialAction\":[{\"@type\":\"ReadAction\",\"target\":[\"https:\\\/\\\/skaitytaknyga.lt\\\/produktas\\\/jokiu-kompromisu-2\\\/\"]}]},{\"@type\":\"BreadcrumbList\",\"@id\":\"https:\\\/\\\/skaitytaknyga.lt\\\/produktas\\\/jokiu-kompromisu-2\\\/#breadcrumb\",\"itemListElement\":[{\"@type\":\"ListItem\",\"position\":1,\"name\":\"Home\",\"item\":\"https:\\\/\\\/skaitytaknyga.lt\\\/\"},{\"@type\":\"ListItem\",\"position\":2,\"name\":\"Parduotuv\u0117\",\"item\":\"https:\\\/\\\/skaitytaknyga.lt\\\/knygu-parduotuve\\\/\"},{\"@type\":\"ListItem\",\"position\":3,\"name\":\"Joki\u0173 kompromis\u0173!\"}]},{\"@type\":\"WebSite\",\"@id\":\"https:\\\/\\\/skaitytaknyga.lt\\\/#website\",\"url\":\"https:\\\/\\\/skaitytaknyga.lt\\\/\",\"name\":\"skaitytaknyga.lt\",\"description\":\"Skaitytaknyga.lt \u2013 tai ma\u017eas \u0161eimos verslas, kuris prasid\u0117jo nuo meil\u0117s knygoms ir siekio i\u0161gelb\u0117ti knygas nuo likimo prie konteinerio. Kas vienam nereikalingas daiktas \u2013 kitam lobis, o mes esame tarpininkai, kurie padeda abiems tapti laimingesniems ???? \u017dinome kaip nelengva i\u0161gyventi ma\u017eiems verslams, tad nuo \u0161iol, \u010dia rasite ir kit\u0173, ma\u017e\u0173 \u0161eim\u0173 versl\u0173, rank\u0173 darbo, dovan\u0173 sau ir artimiesiems.\",\"publisher\":{\"@id\":\"https:\\\/\\\/skaitytaknyga.lt\\\/#organization\"},\"potentialAction\":[{\"@type\":\"SearchAction\",\"target\":{\"@type\":\"EntryPoint\",\"urlTemplate\":\"https:\\\/\\\/skaitytaknyga.lt\\\/?s={search_term_string}\"},\"query-input\":{\"@type\":\"PropertyValueSpecification\",\"valueRequired\":true,\"valueName\":\"search_term_string\"}}],\"inLanguage\":\"en-GB\"},{\"@type\":\"Organization\",\"@id\":\"https:\\\/\\\/skaitytaknyga.lt\\\/#organization\",\"name\":\"skaitytaknyga.lt\",\"url\":\"https:\\\/\\\/skaitytaknyga.lt\\\/\",\"logo\":{\"@type\":\"ImageObject\",\"inLanguage\":\"en-GB\",\"@id\":\"https:\\\/\\\/skaitytaknyga.lt\\\/#\\\/schema\\\/logo\\\/image\\\/\",\"url\":\"https:\\\/\\\/skaitytaknyga.lt\\\/wp-content\\\/uploads\\\/2024\\\/05\\\/cropped-cropped-cropped-02_00843_jt3bggkj1j3HLc7SyY6rEUpg.jpeg\",\"contentUrl\":\"https:\\\/\\\/skaitytaknyga.lt\\\/wp-content\\\/uploads\\\/2024\\\/05\\\/cropped-cropped-cropped-02_00843_jt3bggkj1j3HLc7SyY6rEUpg.jpeg\",\"width\":1600,\"height\":1600,\"caption\":\"skaitytaknyga.lt\"},\"image\":{\"@id\":\"https:\\\/\\\/skaitytaknyga.lt\\\/#\\\/schema\\\/logo\\\/image\\\/\"},\"sameAs\":[\"https:\\\/\\\/www.facebook.com\\\/skaitytaknyga\\\/\"]}]}<\/script>\n<!-- \/ Yoast SEO plugin. -->","yoast_head_json":{"title":"Joki\u0173 kompromis\u0173!","description":"Buv\u0119s FTB \u012fkait\u0173 derybininkas si\u016blo nauj\u0105, prakti\u0161kai i\u0161bandyt\u0105 po\u017ei\u016br\u012f \u012f derybas, veiksming\u0105 bet kokioje situacijoje. R\u016bs\u010diose Kanzas Si\u010dio gatv\u0117se dirb\u0119s policininku, Krisas Vosas v\u0117liau prisijung\u0117 prie FTB. Dirbdamas sukre\u010dian\u010di\u0173 pagrobim\u0173, \u012fkait\u0173 i\u0161laisvinimo ir kitoki\u0173 kriminalini\u0173 dram\u0173 derybininku, jis susid\u016br\u0117 su bank\u0173 pl\u0117\u0161ikais, grupuo\u010di\u0173 lyderiais ir teroristais. \u201eJoki\u0173 kompromis\u0173\u201c leid\u017eia pa\u017evelgti \u012f t\u0105 pasaul\u012f ir rizikingas derybas, atskleid\u017eia devynis pagrindinius principus, pad\u0117jusius autoriui ir jo kolegoms sulaukti s\u0117km\u0117s tada, kai jos reik\u0117jo labiausiai \u2013 \u017emoni\u0173 gyvyb\u0117ms kabant ant plauko. \u201eJoki\u0173 kompromis\u0173\u2018 atskleid\u017eia tikras profesional\u0173 istorijas bei patirt\u012f, ir tai garantuos, kad visose diskusijose jums neb\u016bt\u0173 lygi\u0173.","robots":{"index":"index","follow":"follow","max-snippet":"max-snippet:-1","max-image-preview":"max-image-preview:large","max-video-preview":"max-video-preview:-1"},"canonical":"https:\/\/skaitytaknyga.lt\/en\/produktas\/jokiu-kompromisu-2\/","og_locale":"en_GB","og_type":"article","og_title":"[:lt]Joki\u0173 kompromis\u0173![:] - Skaitytaknyga","og_description":"Buv\u0119s FTB \u012fkait\u0173 derybininkas si\u016blo nauj\u0105, prakti\u0161kai i\u0161bandyt\u0105 po\u017ei\u016br\u012f \u012f derybas, veiksming\u0105 bet kokioje situacijoje. R\u016bs\u010diose Kanzas Si\u010dio gatv\u0117se dirb\u0119s policininku, Krisas Vosas v\u0117liau prisijung\u0117 prie FTB. Dirbdamas sukre\u010dian\u010di\u0173 pagrobim\u0173, \u012fkait\u0173 i\u0161laisvinimo ir kitoki\u0173 kriminalini\u0173 dram\u0173 derybininku, jis susid\u016br\u0117 su bank\u0173 pl\u0117\u0161ikais, grupuo\u010di\u0173 lyderiais ir teroristais. \u201eJoki\u0173 kompromis\u0173\u201c leid\u017eia pa\u017evelgti \u012f t\u0105 pasaul\u012f ir rizikingas derybas, atskleid\u017eia devynis pagrindinius principus, pad\u0117jusius autoriui ir jo kolegoms sulaukti s\u0117km\u0117s tada, kai jos reik\u0117jo labiausiai \u2013 \u017emoni\u0173 gyvyb\u0117ms kabant ant plauko. \u201eJoki\u0173 kompromis\u0173\u2018 atskleid\u017eia tikras profesional\u0173 istorijas bei patirt\u012f, ir tai garantuos, kad visose diskusijose jums neb\u016bt\u0173 lygi\u0173.","og_url":"https:\/\/skaitytaknyga.lt\/en\/produktas\/jokiu-kompromisu-2\/","og_site_name":"Skaitytaknyga","article_publisher":"https:\/\/www.facebook.com\/skaitytaknyga\/","article_modified_time":"2026-02-26T11:04:01+00:00","og_image":[{"width":747,"height":496,"url":"https:\/\/skaitytaknyga.lt\/wp-content\/uploads\/2024\/07\/skaitytaknyga.png","type":"image\/png"}],"twitter_card":"summary_large_image","twitter_misc":{"Estimated reading time":"1 minute"},"schema":{"@context":"https:\/\/schema.org","@graph":[{"@type":"WebPage","@id":"https:\/\/skaitytaknyga.lt\/produktas\/jokiu-kompromisu-2\/","url":"https:\/\/skaitytaknyga.lt\/produktas\/jokiu-kompromisu-2\/","name":"Joki\u0173 kompromis\u0173!","isPartOf":{"@id":"https:\/\/skaitytaknyga.lt\/#website"},"datePublished":"2024-05-04T14:51:09+00:00","dateModified":"2026-02-26T11:04:01+00:00","description":"Buv\u0119s FTB \u012fkait\u0173 derybininkas si\u016blo nauj\u0105, prakti\u0161kai i\u0161bandyt\u0105 po\u017ei\u016br\u012f \u012f derybas, veiksming\u0105 bet kokioje situacijoje. R\u016bs\u010diose Kanzas Si\u010dio gatv\u0117se dirb\u0119s policininku, Krisas Vosas v\u0117liau prisijung\u0117 prie FTB. Dirbdamas sukre\u010dian\u010di\u0173 pagrobim\u0173, \u012fkait\u0173 i\u0161laisvinimo ir kitoki\u0173 kriminalini\u0173 dram\u0173 derybininku, jis susid\u016br\u0117 su bank\u0173 pl\u0117\u0161ikais, grupuo\u010di\u0173 lyderiais ir teroristais. \u201eJoki\u0173 kompromis\u0173\u201c leid\u017eia pa\u017evelgti \u012f t\u0105 pasaul\u012f ir rizikingas derybas, atskleid\u017eia devynis pagrindinius principus, pad\u0117jusius autoriui ir jo kolegoms sulaukti s\u0117km\u0117s tada, kai jos reik\u0117jo labiausiai \u2013 \u017emoni\u0173 gyvyb\u0117ms kabant ant plauko. \u201eJoki\u0173 kompromis\u0173\u2018 atskleid\u017eia tikras profesional\u0173 istorijas bei patirt\u012f, ir tai garantuos, kad visose diskusijose jums neb\u016bt\u0173 lygi\u0173.","breadcrumb":{"@id":"https:\/\/skaitytaknyga.lt\/produktas\/jokiu-kompromisu-2\/#breadcrumb"},"inLanguage":"en-GB","potentialAction":[{"@type":"ReadAction","target":["https:\/\/skaitytaknyga.lt\/produktas\/jokiu-kompromisu-2\/"]}]},{"@type":"BreadcrumbList","@id":"https:\/\/skaitytaknyga.lt\/produktas\/jokiu-kompromisu-2\/#breadcrumb","itemListElement":[{"@type":"ListItem","position":1,"name":"Home","item":"https:\/\/skaitytaknyga.lt\/"},{"@type":"ListItem","position":2,"name":"Parduotuv\u0117","item":"https:\/\/skaitytaknyga.lt\/knygu-parduotuve\/"},{"@type":"ListItem","position":3,"name":"Joki\u0173 kompromis\u0173!"}]},{"@type":"WebSite","@id":"https:\/\/skaitytaknyga.lt\/#website","url":"https:\/\/skaitytaknyga.lt\/","name":"skaitytaknyga.lt","description":"Skaitytaknyga.lt \u2013 tai ma\u017eas \u0161eimos verslas, kuris prasid\u0117jo nuo meil\u0117s knygoms ir siekio i\u0161gelb\u0117ti knygas nuo likimo prie konteinerio. Kas vienam nereikalingas daiktas \u2013 kitam lobis, o mes esame tarpininkai, kurie padeda abiems tapti laimingesniems ???? \u017dinome kaip nelengva i\u0161gyventi ma\u017eiems verslams, tad nuo \u0161iol, \u010dia rasite ir kit\u0173, ma\u017e\u0173 \u0161eim\u0173 versl\u0173, rank\u0173 darbo, dovan\u0173 sau ir artimiesiems.","publisher":{"@id":"https:\/\/skaitytaknyga.lt\/#organization"},"potentialAction":[{"@type":"SearchAction","target":{"@type":"EntryPoint","urlTemplate":"https:\/\/skaitytaknyga.lt\/?s={search_term_string}"},"query-input":{"@type":"PropertyValueSpecification","valueRequired":true,"valueName":"search_term_string"}}],"inLanguage":"en-GB"},{"@type":"Organization","@id":"https:\/\/skaitytaknyga.lt\/#organization","name":"skaitytaknyga.lt","url":"https:\/\/skaitytaknyga.lt\/","logo":{"@type":"ImageObject","inLanguage":"en-GB","@id":"https:\/\/skaitytaknyga.lt\/#\/schema\/logo\/image\/","url":"https:\/\/skaitytaknyga.lt\/wp-content\/uploads\/2024\/05\/cropped-cropped-cropped-02_00843_jt3bggkj1j3HLc7SyY6rEUpg.jpeg","contentUrl":"https:\/\/skaitytaknyga.lt\/wp-content\/uploads\/2024\/05\/cropped-cropped-cropped-02_00843_jt3bggkj1j3HLc7SyY6rEUpg.jpeg","width":1600,"height":1600,"caption":"skaitytaknyga.lt"},"image":{"@id":"https:\/\/skaitytaknyga.lt\/#\/schema\/logo\/image\/"},"sameAs":["https:\/\/www.facebook.com\/skaitytaknyga\/"]}]}},"_links":{"self":[{"href":"https:\/\/skaitytaknyga.lt\/en\/wp-json\/wp\/v2\/product\/8763","targetHints":{"allow":["GET"]}}],"collection":[{"href":"https:\/\/skaitytaknyga.lt\/en\/wp-json\/wp\/v2\/product"}],"about":[{"href":"https:\/\/skaitytaknyga.lt\/en\/wp-json\/wp\/v2\/types\/product"}],"replies":[{"embeddable":true,"href":"https:\/\/skaitytaknyga.lt\/en\/wp-json\/wp\/v2\/comments?post=8763"}],"wp:attachment":[{"href":"https:\/\/skaitytaknyga.lt\/en\/wp-json\/wp\/v2\/media?parent=8763"}],"wp:term":[{"taxonomy":"product_brand","embeddable":true,"href":"https:\/\/skaitytaknyga.lt\/en\/wp-json\/wp\/v2\/product_brand?post=8763"},{"taxonomy":"product_cat","embeddable":true,"href":"https:\/\/skaitytaknyga.lt\/en\/wp-json\/wp\/v2\/product_cat?post=8763"},{"taxonomy":"product_tag","embeddable":true,"href":"https:\/\/skaitytaknyga.lt\/en\/wp-json\/wp\/v2\/product_tag?post=8763"}],"curies":[{"name":"wp","href":"https:\/\/api.w.org\/{rel}","templated":true}]}}