{"id":8752,"date":"2024-05-04T14:50:46","date_gmt":"2024-05-04T14:50:46","guid":{"rendered":"https:\/\/skaitytaknyga.lt\/?post_type=product&#038;p=8752"},"modified":"2024-05-04T14:51:04","modified_gmt":"2024-05-04T14:51:04","slug":"i-calvino-jeigu-keleivis-ziemos-nakti-2","status":"publish","type":"product","link":"https:\/\/skaitytaknyga.lt\/en\/produktas\/i-calvino-jeigu-keleivis-ziemos-nakti-2\/","title":{"rendered":"I. Calvino \u201eJeigu keleivis \u017eiemos nakt\u012f\u201c"},"content":{"rendered":"<p>Lietuvi\u0173 skaitytojams dar menkai pa\u017e\u012fstamas knygos autorius Italijoje buvo pripa\u017eintas geriausiu XX a. ital\u0173 ra\u0161ytoju.<br \/>\n\u0160\u012f roman\u0105 sudaro de\u0161imties roman\u0173 prad\u017eios, tiksliau &#8211; de\u0161imt mikroroman\u0173, kuriuos \u012fr\u0117mina dar vienas &#8211; Skaitytojo ir Skaitytojos romanas. \u0160io intriga nesud\u0117tinga, primenanti detektyv\u0105: Skaitytojas nusiperka brokuot\u0105 egzempliori\u0173 ir eina \u012f knygyn\u0105 apkeisti, \u010dia sutinka Skaitytoj\u0105. Beie\u0161kodamas vieno romano pabaigos, jis susiduria su vis naujais romanais, kurie galiausiai pasirodo irgi netur\u012f pabaig\u0173. Galiausiai Skaitytojas i\u0161siai\u0161kina, kad d\u0117l visko kaltas paslaptingas veik\u0117jas Hermis Marana, kuris smaginasi u\u017evir\u0119s \u0161i\u0105 ko\u0161\u0119. Nors Skaitytojui taip ir nepavyksta pabaigti n\u0117 vieno romano, jo romanas neapvilia skaitytoj\u0173 l\u016bkes\u010di\u0173 ir baigiasi laimingai &#8211; vedybomis su Skaitytoja.<\/p>\n","protected":false},"excerpt":{"rendered":"<p>Lietuvi\u0173 skaitytojams dar menkai pa\u017e\u012fstamas knygos autorius Italijoje buvo pripa\u017eintas geriausiu XX a. ital\u0173 ra\u0161ytoju.<br \/>\n\u0160\u012f roman\u0105 sudaro de\u0161imties roman\u0173 prad\u017eios, tiksliau &#8211; de\u0161imt mikroroman\u0173, kuriuos \u012fr\u0117mina dar vienas &#8211; Skaitytojo ir Skaitytojos romanas. \u0160io intriga nesud\u0117tinga, primenanti detektyv\u0105: Skaitytojas nusiperka brokuot\u0105 egzempliori\u0173 ir eina \u012f knygyn\u0105 apkeisti, \u010dia sutinka Skaitytoj\u0105. Beie\u0161kodamas vieno romano pabaigos, jis susiduria su vis naujais romanais, kurie galiausiai pasirodo irgi netur\u012f pabaig\u0173. Galiausiai Skaitytojas i\u0161siai\u0161kina, kad d\u0117l visko kaltas paslaptingas veik\u0117jas Hermis Marana, kuris smaginasi u\u017evir\u0119s \u0161i\u0105 ko\u0161\u0119. Nors Skaitytojui taip ir nepavyksta pabaigti n\u0117 vieno romano, jo romanas neapvilia skaitytoj\u0173 l\u016bkes\u010di\u0173 ir baigiasi laimingai &#8211; vedybomis su Skaitytoja.<\/p>\n","protected":false},"featured_media":5185,"comment_status":"closed","ping_status":"closed","template":"","meta":{"_acf_changed":false,"site-sidebar-layout":"default","site-content-layout":"","ast-site-content-layout":"default","site-content-style":"default","site-sidebar-style":"default","ast-global-header-display":"","ast-banner-title-visibility":"","ast-main-header-display":"","ast-hfb-above-header-display":"","ast-hfb-below-header-display":"","ast-hfb-mobile-header-display":"","site-post-title":"","ast-breadcrumbs-content":"","ast-featured-img":"","footer-sml-layout":"","ast-disable-related-posts":"","theme-transparent-header-meta":"","adv-header-id-meta":"","stick-header-meta":"","header-above-stick-meta":"","header-main-stick-meta":"","header-below-stick-meta":"","astra-migrate-meta-layouts":"default","ast-page-background-enabled":"default","ast-page-background-meta":{"desktop":{"background-color":"","background-image":"","background-repeat":"repeat","background-position":"center center","background-size":"auto","background-attachment":"scroll","background-type":"","background-media":"","overlay-type":"","overlay-color":"","overlay-opacity":"","overlay-gradient":""},"tablet":{"background-color":"","background-image":"","background-repeat":"repeat","background-position":"center center","background-size":"auto","background-attachment":"scroll","background-type":"","background-media":"","overlay-type":"","overlay-color":"","overlay-opacity":"","overlay-gradient":""},"mobile":{"background-color":"","background-image":"","background-repeat":"repeat","background-position":"center center","background-size":"auto","background-attachment":"scroll","background-type":"","background-media":"","overlay-type":"","overlay-color":"","overlay-opacity":"","overlay-gradient":""}},"ast-content-background-meta":{"desktop":{"background-color":"var(--ast-global-color-4)","background-image":"","background-repeat":"repeat","background-position":"center center","background-size":"auto","background-attachment":"scroll","background-type":"","background-media":"","overlay-type":"","overlay-color":"","overlay-opacity":"","overlay-gradient":""},"tablet":{"background-color":"var(--ast-global-color-4)","background-image":"","background-repeat":"repeat","background-position":"center center","background-size":"auto","background-attachment":"scroll","background-type":"","background-media":"","overlay-type":"","overlay-color":"","overlay-opacity":"","overlay-gradient":""},"mobile":{"background-color":"var(--ast-global-color-4)","background-image":"","background-repeat":"repeat","background-position":"center center","background-size":"auto","background-attachment":"scroll","background-type":"","background-media":"","overlay-type":"","overlay-color":"","overlay-opacity":"","overlay-gradient":""}}},"product_brand":[],"product_cat":[31],"product_tag":[],"class_list":{"0":"post-8752","1":"product","2":"type-product","3":"status-publish","4":"has-post-thumbnail","6":"product_cat-grozine-literatura","7":"desktop-align-left","8":"tablet-align-left","9":"mobile-align-left","11":"first","12":"outofstock","13":"shipping-taxable","14":"purchasable","15":"product-type-simple"},"acf":[],"yoast_head":"<!-- This site is optimized with the Yoast SEO plugin v27.4 - https:\/\/yoast.com\/product\/yoast-seo-wordpress\/ -->\n<title>I. Calvino \u201eJeigu keleivis \u017eiemos nakt\u012f\u201c - Skaitytaknyga<\/title>\n<meta name=\"description\" content=\"Lietuvi\u0173 skaitytojams dar menkai pa\u017e\u012fstamas knygos autorius Italijoje buvo pripa\u017eintas geriausiu XX a. ital\u0173 ra\u0161ytoju. \u0160\u012f roman\u0105 sudaro de\u0161imties roman\u0173 prad\u017eios, tiksliau - de\u0161imt mikroroman\u0173, kuriuos \u012fr\u0117mina dar vienas - Skaitytojo ir Skaitytojos romanas. \u0160io intriga nesud\u0117tinga, primenanti detektyv\u0105: Skaitytojas nusiperka brokuot\u0105 egzempliori\u0173 ir eina \u012f knygyn\u0105 apkeisti, \u010dia sutinka Skaitytoj\u0105. Beie\u0161kodamas vieno romano pabaigos, jis susiduria su vis naujais romanais, kurie galiausiai pasirodo irgi netur\u012f pabaig\u0173. Galiausiai Skaitytojas i\u0161siai\u0161kina, kad d\u0117l visko kaltas paslaptingas veik\u0117jas Hermis Marana, kuris smaginasi u\u017evir\u0119s \u0161i\u0105 ko\u0161\u0119. Nors Skaitytojui taip ir nepavyksta pabaigti n\u0117 vieno romano, jo romanas neapvilia skaitytoj\u0173 l\u016bkes\u010di\u0173 ir baigiasi laimingai - vedybomis su Skaitytoja.\" \/>\n<meta name=\"robots\" content=\"index, follow, max-snippet:-1, max-image-preview:large, max-video-preview:-1\" \/>\n<link rel=\"canonical\" href=\"https:\/\/skaitytaknyga.lt\/en\/produktas\/i-calvino-jeigu-keleivis-ziemos-nakti-2\/\" \/>\n<meta property=\"og:locale\" content=\"en_GB\" \/>\n<meta property=\"og:locale:alternate\" content=\"lt_LT\" \/>\n<meta property=\"og:type\" content=\"article\" \/>\n<meta property=\"og:title\" content=\"I. Calvino \u201eJeigu keleivis \u017eiemos nakt\u012f\u201c - Skaitytaknyga\" \/>\n<meta property=\"og:description\" content=\"Lietuvi\u0173 skaitytojams dar menkai pa\u017e\u012fstamas knygos autorius Italijoje buvo pripa\u017eintas geriausiu XX a. ital\u0173 ra\u0161ytoju. \u0160\u012f roman\u0105 sudaro de\u0161imties roman\u0173 prad\u017eios, tiksliau - de\u0161imt mikroroman\u0173, kuriuos \u012fr\u0117mina dar vienas - Skaitytojo ir Skaitytojos romanas. \u0160io intriga nesud\u0117tinga, primenanti detektyv\u0105: Skaitytojas nusiperka brokuot\u0105 egzempliori\u0173 ir eina \u012f knygyn\u0105 apkeisti, \u010dia sutinka Skaitytoj\u0105. Beie\u0161kodamas vieno romano pabaigos, jis susiduria su vis naujais romanais, kurie galiausiai pasirodo irgi netur\u012f pabaig\u0173. Galiausiai Skaitytojas i\u0161siai\u0161kina, kad d\u0117l visko kaltas paslaptingas veik\u0117jas Hermis Marana, kuris smaginasi u\u017evir\u0119s \u0161i\u0105 ko\u0161\u0119. Nors Skaitytojui taip ir nepavyksta pabaigti n\u0117 vieno romano, jo romanas neapvilia skaitytoj\u0173 l\u016bkes\u010di\u0173 ir baigiasi laimingai - vedybomis su Skaitytoja.\" \/>\n<meta property=\"og:url\" content=\"https:\/\/skaitytaknyga.lt\/en\/produktas\/i-calvino-jeigu-keleivis-ziemos-nakti-2\/\" \/>\n<meta property=\"og:site_name\" content=\"Skaitytaknyga\" \/>\n<meta property=\"article:publisher\" content=\"https:\/\/www.facebook.com\/skaitytaknyga\/\" \/>\n<meta property=\"article:modified_time\" content=\"2024-05-04T14:51:04+00:00\" \/>\n<meta property=\"og:image\" content=\"https:\/\/skaitytaknyga.lt\/wp-content\/uploads\/2024\/04\/wp-16168706619525111672688150098733-scaled-e1616870749487.jpg\" \/>\n\t<meta property=\"og:image:width\" content=\"1497\" \/>\n\t<meta property=\"og:image:height\" content=\"2156\" \/>\n\t<meta property=\"og:image:type\" content=\"image\/jpeg\" \/>\n<meta name=\"twitter:card\" content=\"summary_large_image\" \/>\n<meta name=\"twitter:label1\" content=\"Estimated reading time\" \/>\n\t<meta name=\"twitter:data1\" content=\"1 minute\" \/>\n<script type=\"application\/ld+json\" class=\"yoast-schema-graph\">{\"@context\":\"https:\\\/\\\/schema.org\",\"@graph\":[{\"@type\":\"WebPage\",\"@id\":\"https:\\\/\\\/skaitytaknyga.lt\\\/produktas\\\/i-calvino-jeigu-keleivis-ziemos-nakti-2\\\/\",\"url\":\"https:\\\/\\\/skaitytaknyga.lt\\\/produktas\\\/i-calvino-jeigu-keleivis-ziemos-nakti-2\\\/\",\"name\":\"I. Calvino \u201eJeigu keleivis \u017eiemos nakt\u012f\u201c - Skaitytaknyga\",\"isPartOf\":{\"@id\":\"https:\\\/\\\/skaitytaknyga.lt\\\/#website\"},\"primaryImageOfPage\":{\"@id\":\"https:\\\/\\\/skaitytaknyga.lt\\\/produktas\\\/i-calvino-jeigu-keleivis-ziemos-nakti-2\\\/#primaryimage\"},\"image\":{\"@id\":\"https:\\\/\\\/skaitytaknyga.lt\\\/produktas\\\/i-calvino-jeigu-keleivis-ziemos-nakti-2\\\/#primaryimage\"},\"thumbnailUrl\":\"https:\\\/\\\/skaitytaknyga.lt\\\/wp-content\\\/uploads\\\/2024\\\/04\\\/wp-16168706619525111672688150098733-scaled-e1616870749487.jpg\",\"datePublished\":\"2024-05-04T14:50:46+00:00\",\"dateModified\":\"2024-05-04T14:51:04+00:00\",\"description\":\"Lietuvi\u0173 skaitytojams dar menkai pa\u017e\u012fstamas knygos autorius Italijoje buvo pripa\u017eintas geriausiu XX a. ital\u0173 ra\u0161ytoju. \u0160\u012f roman\u0105 sudaro de\u0161imties roman\u0173 prad\u017eios, tiksliau - de\u0161imt mikroroman\u0173, kuriuos \u012fr\u0117mina dar vienas - Skaitytojo ir Skaitytojos romanas. \u0160io intriga nesud\u0117tinga, primenanti detektyv\u0105: Skaitytojas nusiperka brokuot\u0105 egzempliori\u0173 ir eina \u012f knygyn\u0105 apkeisti, \u010dia sutinka Skaitytoj\u0105. Beie\u0161kodamas vieno romano pabaigos, jis susiduria su vis naujais romanais, kurie galiausiai pasirodo irgi netur\u012f pabaig\u0173. Galiausiai Skaitytojas i\u0161siai\u0161kina, kad d\u0117l visko kaltas paslaptingas veik\u0117jas Hermis Marana, kuris smaginasi u\u017evir\u0119s \u0161i\u0105 ko\u0161\u0119. Nors Skaitytojui taip ir nepavyksta pabaigti n\u0117 vieno romano, jo romanas neapvilia skaitytoj\u0173 l\u016bkes\u010di\u0173 ir baigiasi laimingai - vedybomis su Skaitytoja.\",\"breadcrumb\":{\"@id\":\"https:\\\/\\\/skaitytaknyga.lt\\\/produktas\\\/i-calvino-jeigu-keleivis-ziemos-nakti-2\\\/#breadcrumb\"},\"inLanguage\":\"en-GB\",\"potentialAction\":[{\"@type\":\"ReadAction\",\"target\":[\"https:\\\/\\\/skaitytaknyga.lt\\\/produktas\\\/i-calvino-jeigu-keleivis-ziemos-nakti-2\\\/\"]}]},{\"@type\":\"ImageObject\",\"inLanguage\":\"en-GB\",\"@id\":\"https:\\\/\\\/skaitytaknyga.lt\\\/produktas\\\/i-calvino-jeigu-keleivis-ziemos-nakti-2\\\/#primaryimage\",\"url\":\"https:\\\/\\\/skaitytaknyga.lt\\\/wp-content\\\/uploads\\\/2024\\\/04\\\/wp-16168706619525111672688150098733-scaled-e1616870749487.jpg\",\"contentUrl\":\"https:\\\/\\\/skaitytaknyga.lt\\\/wp-content\\\/uploads\\\/2024\\\/04\\\/wp-16168706619525111672688150098733-scaled-e1616870749487.jpg\",\"width\":1497,\"height\":2156},{\"@type\":\"BreadcrumbList\",\"@id\":\"https:\\\/\\\/skaitytaknyga.lt\\\/produktas\\\/i-calvino-jeigu-keleivis-ziemos-nakti-2\\\/#breadcrumb\",\"itemListElement\":[{\"@type\":\"ListItem\",\"position\":1,\"name\":\"Home\",\"item\":\"https:\\\/\\\/skaitytaknyga.lt\\\/\"},{\"@type\":\"ListItem\",\"position\":2,\"name\":\"Parduotuv\u0117\",\"item\":\"https:\\\/\\\/skaitytaknyga.lt\\\/knygu-parduotuve\\\/\"},{\"@type\":\"ListItem\",\"position\":3,\"name\":\"I. Calvino \u201eJeigu keleivis \u017eiemos nakt\u012f\u201c\"}]},{\"@type\":\"WebSite\",\"@id\":\"https:\\\/\\\/skaitytaknyga.lt\\\/#website\",\"url\":\"https:\\\/\\\/skaitytaknyga.lt\\\/\",\"name\":\"skaitytaknyga.lt\",\"description\":\"Skaitytaknyga.lt \u2013 tai ma\u017eas \u0161eimos verslas, kuris prasid\u0117jo nuo meil\u0117s knygoms ir siekio i\u0161gelb\u0117ti knygas nuo likimo prie konteinerio. Kas vienam nereikalingas daiktas \u2013 kitam lobis, o mes esame tarpininkai, kurie padeda abiems tapti laimingesniems ???? \u017dinome kaip nelengva i\u0161gyventi ma\u017eiems verslams, tad nuo \u0161iol, \u010dia rasite ir kit\u0173, ma\u017e\u0173 \u0161eim\u0173 versl\u0173, rank\u0173 darbo, dovan\u0173 sau ir artimiesiems.\",\"publisher\":{\"@id\":\"https:\\\/\\\/skaitytaknyga.lt\\\/#organization\"},\"potentialAction\":[{\"@type\":\"SearchAction\",\"target\":{\"@type\":\"EntryPoint\",\"urlTemplate\":\"https:\\\/\\\/skaitytaknyga.lt\\\/?s={search_term_string}\"},\"query-input\":{\"@type\":\"PropertyValueSpecification\",\"valueRequired\":true,\"valueName\":\"search_term_string\"}}],\"inLanguage\":\"en-GB\"},{\"@type\":\"Organization\",\"@id\":\"https:\\\/\\\/skaitytaknyga.lt\\\/#organization\",\"name\":\"skaitytaknyga.lt\",\"url\":\"https:\\\/\\\/skaitytaknyga.lt\\\/\",\"logo\":{\"@type\":\"ImageObject\",\"inLanguage\":\"en-GB\",\"@id\":\"https:\\\/\\\/skaitytaknyga.lt\\\/#\\\/schema\\\/logo\\\/image\\\/\",\"url\":\"https:\\\/\\\/skaitytaknyga.lt\\\/wp-content\\\/uploads\\\/2024\\\/05\\\/cropped-cropped-cropped-02_00843_jt3bggkj1j3HLc7SyY6rEUpg.jpeg\",\"contentUrl\":\"https:\\\/\\\/skaitytaknyga.lt\\\/wp-content\\\/uploads\\\/2024\\\/05\\\/cropped-cropped-cropped-02_00843_jt3bggkj1j3HLc7SyY6rEUpg.jpeg\",\"width\":1600,\"height\":1600,\"caption\":\"skaitytaknyga.lt\"},\"image\":{\"@id\":\"https:\\\/\\\/skaitytaknyga.lt\\\/#\\\/schema\\\/logo\\\/image\\\/\"},\"sameAs\":[\"https:\\\/\\\/www.facebook.com\\\/skaitytaknyga\\\/\"]}]}<\/script>\n<!-- \/ Yoast SEO plugin. -->","yoast_head_json":{"title":"I. Calvino \u201eJeigu keleivis \u017eiemos nakt\u012f\u201c - Skaitytaknyga","description":"Lietuvi\u0173 skaitytojams dar menkai pa\u017e\u012fstamas knygos autorius Italijoje buvo pripa\u017eintas geriausiu XX a. ital\u0173 ra\u0161ytoju. \u0160\u012f roman\u0105 sudaro de\u0161imties roman\u0173 prad\u017eios, tiksliau - de\u0161imt mikroroman\u0173, kuriuos \u012fr\u0117mina dar vienas - Skaitytojo ir Skaitytojos romanas. \u0160io intriga nesud\u0117tinga, primenanti detektyv\u0105: Skaitytojas nusiperka brokuot\u0105 egzempliori\u0173 ir eina \u012f knygyn\u0105 apkeisti, \u010dia sutinka Skaitytoj\u0105. Beie\u0161kodamas vieno romano pabaigos, jis susiduria su vis naujais romanais, kurie galiausiai pasirodo irgi netur\u012f pabaig\u0173. Galiausiai Skaitytojas i\u0161siai\u0161kina, kad d\u0117l visko kaltas paslaptingas veik\u0117jas Hermis Marana, kuris smaginasi u\u017evir\u0119s \u0161i\u0105 ko\u0161\u0119. Nors Skaitytojui taip ir nepavyksta pabaigti n\u0117 vieno romano, jo romanas neapvilia skaitytoj\u0173 l\u016bkes\u010di\u0173 ir baigiasi laimingai - vedybomis su Skaitytoja.","robots":{"index":"index","follow":"follow","max-snippet":"max-snippet:-1","max-image-preview":"max-image-preview:large","max-video-preview":"max-video-preview:-1"},"canonical":"https:\/\/skaitytaknyga.lt\/en\/produktas\/i-calvino-jeigu-keleivis-ziemos-nakti-2\/","og_locale":"en_GB","og_type":"article","og_title":"I. Calvino \u201eJeigu keleivis \u017eiemos nakt\u012f\u201c - Skaitytaknyga","og_description":"Lietuvi\u0173 skaitytojams dar menkai pa\u017e\u012fstamas knygos autorius Italijoje buvo pripa\u017eintas geriausiu XX a. ital\u0173 ra\u0161ytoju. \u0160\u012f roman\u0105 sudaro de\u0161imties roman\u0173 prad\u017eios, tiksliau - de\u0161imt mikroroman\u0173, kuriuos \u012fr\u0117mina dar vienas - Skaitytojo ir Skaitytojos romanas. \u0160io intriga nesud\u0117tinga, primenanti detektyv\u0105: Skaitytojas nusiperka brokuot\u0105 egzempliori\u0173 ir eina \u012f knygyn\u0105 apkeisti, \u010dia sutinka Skaitytoj\u0105. Beie\u0161kodamas vieno romano pabaigos, jis susiduria su vis naujais romanais, kurie galiausiai pasirodo irgi netur\u012f pabaig\u0173. Galiausiai Skaitytojas i\u0161siai\u0161kina, kad d\u0117l visko kaltas paslaptingas veik\u0117jas Hermis Marana, kuris smaginasi u\u017evir\u0119s \u0161i\u0105 ko\u0161\u0119. Nors Skaitytojui taip ir nepavyksta pabaigti n\u0117 vieno romano, jo romanas neapvilia skaitytoj\u0173 l\u016bkes\u010di\u0173 ir baigiasi laimingai - vedybomis su Skaitytoja.","og_url":"https:\/\/skaitytaknyga.lt\/en\/produktas\/i-calvino-jeigu-keleivis-ziemos-nakti-2\/","og_site_name":"Skaitytaknyga","article_publisher":"https:\/\/www.facebook.com\/skaitytaknyga\/","article_modified_time":"2024-05-04T14:51:04+00:00","og_image":[{"width":1497,"height":2156,"url":"https:\/\/skaitytaknyga.lt\/wp-content\/uploads\/2024\/04\/wp-16168706619525111672688150098733-scaled-e1616870749487.jpg","type":"image\/jpeg"}],"twitter_card":"summary_large_image","twitter_misc":{"Estimated reading time":"1 minute"},"schema":{"@context":"https:\/\/schema.org","@graph":[{"@type":"WebPage","@id":"https:\/\/skaitytaknyga.lt\/produktas\/i-calvino-jeigu-keleivis-ziemos-nakti-2\/","url":"https:\/\/skaitytaknyga.lt\/produktas\/i-calvino-jeigu-keleivis-ziemos-nakti-2\/","name":"I. Calvino \u201eJeigu keleivis \u017eiemos nakt\u012f\u201c - Skaitytaknyga","isPartOf":{"@id":"https:\/\/skaitytaknyga.lt\/#website"},"primaryImageOfPage":{"@id":"https:\/\/skaitytaknyga.lt\/produktas\/i-calvino-jeigu-keleivis-ziemos-nakti-2\/#primaryimage"},"image":{"@id":"https:\/\/skaitytaknyga.lt\/produktas\/i-calvino-jeigu-keleivis-ziemos-nakti-2\/#primaryimage"},"thumbnailUrl":"https:\/\/skaitytaknyga.lt\/wp-content\/uploads\/2024\/04\/wp-16168706619525111672688150098733-scaled-e1616870749487.jpg","datePublished":"2024-05-04T14:50:46+00:00","dateModified":"2024-05-04T14:51:04+00:00","description":"Lietuvi\u0173 skaitytojams dar menkai pa\u017e\u012fstamas knygos autorius Italijoje buvo pripa\u017eintas geriausiu XX a. ital\u0173 ra\u0161ytoju. \u0160\u012f roman\u0105 sudaro de\u0161imties roman\u0173 prad\u017eios, tiksliau - de\u0161imt mikroroman\u0173, kuriuos \u012fr\u0117mina dar vienas - Skaitytojo ir Skaitytojos romanas. \u0160io intriga nesud\u0117tinga, primenanti detektyv\u0105: Skaitytojas nusiperka brokuot\u0105 egzempliori\u0173 ir eina \u012f knygyn\u0105 apkeisti, \u010dia sutinka Skaitytoj\u0105. Beie\u0161kodamas vieno romano pabaigos, jis susiduria su vis naujais romanais, kurie galiausiai pasirodo irgi netur\u012f pabaig\u0173. Galiausiai Skaitytojas i\u0161siai\u0161kina, kad d\u0117l visko kaltas paslaptingas veik\u0117jas Hermis Marana, kuris smaginasi u\u017evir\u0119s \u0161i\u0105 ko\u0161\u0119. Nors Skaitytojui taip ir nepavyksta pabaigti n\u0117 vieno romano, jo romanas neapvilia skaitytoj\u0173 l\u016bkes\u010di\u0173 ir baigiasi laimingai - vedybomis su Skaitytoja.","breadcrumb":{"@id":"https:\/\/skaitytaknyga.lt\/produktas\/i-calvino-jeigu-keleivis-ziemos-nakti-2\/#breadcrumb"},"inLanguage":"en-GB","potentialAction":[{"@type":"ReadAction","target":["https:\/\/skaitytaknyga.lt\/produktas\/i-calvino-jeigu-keleivis-ziemos-nakti-2\/"]}]},{"@type":"ImageObject","inLanguage":"en-GB","@id":"https:\/\/skaitytaknyga.lt\/produktas\/i-calvino-jeigu-keleivis-ziemos-nakti-2\/#primaryimage","url":"https:\/\/skaitytaknyga.lt\/wp-content\/uploads\/2024\/04\/wp-16168706619525111672688150098733-scaled-e1616870749487.jpg","contentUrl":"https:\/\/skaitytaknyga.lt\/wp-content\/uploads\/2024\/04\/wp-16168706619525111672688150098733-scaled-e1616870749487.jpg","width":1497,"height":2156},{"@type":"BreadcrumbList","@id":"https:\/\/skaitytaknyga.lt\/produktas\/i-calvino-jeigu-keleivis-ziemos-nakti-2\/#breadcrumb","itemListElement":[{"@type":"ListItem","position":1,"name":"Home","item":"https:\/\/skaitytaknyga.lt\/"},{"@type":"ListItem","position":2,"name":"Parduotuv\u0117","item":"https:\/\/skaitytaknyga.lt\/knygu-parduotuve\/"},{"@type":"ListItem","position":3,"name":"I. Calvino \u201eJeigu keleivis \u017eiemos nakt\u012f\u201c"}]},{"@type":"WebSite","@id":"https:\/\/skaitytaknyga.lt\/#website","url":"https:\/\/skaitytaknyga.lt\/","name":"skaitytaknyga.lt","description":"Skaitytaknyga.lt \u2013 tai ma\u017eas \u0161eimos verslas, kuris prasid\u0117jo nuo meil\u0117s knygoms ir siekio i\u0161gelb\u0117ti knygas nuo likimo prie konteinerio. Kas vienam nereikalingas daiktas \u2013 kitam lobis, o mes esame tarpininkai, kurie padeda abiems tapti laimingesniems ???? \u017dinome kaip nelengva i\u0161gyventi ma\u017eiems verslams, tad nuo \u0161iol, \u010dia rasite ir kit\u0173, ma\u017e\u0173 \u0161eim\u0173 versl\u0173, rank\u0173 darbo, dovan\u0173 sau ir artimiesiems.","publisher":{"@id":"https:\/\/skaitytaknyga.lt\/#organization"},"potentialAction":[{"@type":"SearchAction","target":{"@type":"EntryPoint","urlTemplate":"https:\/\/skaitytaknyga.lt\/?s={search_term_string}"},"query-input":{"@type":"PropertyValueSpecification","valueRequired":true,"valueName":"search_term_string"}}],"inLanguage":"en-GB"},{"@type":"Organization","@id":"https:\/\/skaitytaknyga.lt\/#organization","name":"skaitytaknyga.lt","url":"https:\/\/skaitytaknyga.lt\/","logo":{"@type":"ImageObject","inLanguage":"en-GB","@id":"https:\/\/skaitytaknyga.lt\/#\/schema\/logo\/image\/","url":"https:\/\/skaitytaknyga.lt\/wp-content\/uploads\/2024\/05\/cropped-cropped-cropped-02_00843_jt3bggkj1j3HLc7SyY6rEUpg.jpeg","contentUrl":"https:\/\/skaitytaknyga.lt\/wp-content\/uploads\/2024\/05\/cropped-cropped-cropped-02_00843_jt3bggkj1j3HLc7SyY6rEUpg.jpeg","width":1600,"height":1600,"caption":"skaitytaknyga.lt"},"image":{"@id":"https:\/\/skaitytaknyga.lt\/#\/schema\/logo\/image\/"},"sameAs":["https:\/\/www.facebook.com\/skaitytaknyga\/"]}]}},"_links":{"self":[{"href":"https:\/\/skaitytaknyga.lt\/en\/wp-json\/wp\/v2\/product\/8752","targetHints":{"allow":["GET"]}}],"collection":[{"href":"https:\/\/skaitytaknyga.lt\/en\/wp-json\/wp\/v2\/product"}],"about":[{"href":"https:\/\/skaitytaknyga.lt\/en\/wp-json\/wp\/v2\/types\/product"}],"replies":[{"embeddable":true,"href":"https:\/\/skaitytaknyga.lt\/en\/wp-json\/wp\/v2\/comments?post=8752"}],"wp:featuredmedia":[{"embeddable":true,"href":"https:\/\/skaitytaknyga.lt\/en\/wp-json\/wp\/v2\/media\/5185"}],"wp:attachment":[{"href":"https:\/\/skaitytaknyga.lt\/en\/wp-json\/wp\/v2\/media?parent=8752"}],"wp:term":[{"taxonomy":"product_brand","embeddable":true,"href":"https:\/\/skaitytaknyga.lt\/en\/wp-json\/wp\/v2\/product_brand?post=8752"},{"taxonomy":"product_cat","embeddable":true,"href":"https:\/\/skaitytaknyga.lt\/en\/wp-json\/wp\/v2\/product_cat?post=8752"},{"taxonomy":"product_tag","embeddable":true,"href":"https:\/\/skaitytaknyga.lt\/en\/wp-json\/wp\/v2\/product_tag?post=8752"}],"curies":[{"name":"wp","href":"https:\/\/api.w.org\/{rel}","templated":true}]}}