{"id":8735,"date":"2024-05-09T14:50:45","date_gmt":"2024-05-09T14:50:45","guid":{"rendered":"https:\/\/skaitytaknyga.lt\/?post_type=product&#038;p=8735"},"modified":"2026-03-17T11:49:05","modified_gmt":"2026-03-17T09:49:05","slug":"chris-cleave-kita-ranka-2","status":"publish","type":"product","link":"https:\/\/skaitytaknyga.lt\/en\/produktas\/chris-cleave-kita-ranka-2\/","title":{"rendered":"Kita ranka"},"content":{"rendered":"<div>\u0160e\u0161iolikmet\u0117 nigeriet\u0117 i\u0161sprunka i\u0161 imigrant\u0173 sulaikymo centro ir vien\u0105 dien\u0105 i\u0161dygsta prie pasiturin\u010dios poros nam\u0173 dur\u0173 Londono priemiestyje. Did\u017eiojoje Britanijoje Ma\u017ea Bit\u0117 pa\u017e\u012fsta tik Sar\u0105 ir Endri\u0173. Sutiko juos Nigerijos papl\u016bdimyje vien\u0105 krauju pa\u017eym\u0117t\u0105 dien\u0105 ir \u0161i pa\u017eintis negr\u012f\u017etamai pakeit\u0117 juos visus.<\/div>\n<div><\/div>\n<div>\u201eKita ranka&#8221; \u2013 talentingai papasakota daugialyp\u0117 istorija apie tai, k\u0105 i\u0161gyveno Nigerio deltos \u017emon\u0117s per konflikt\u0105 d\u0117l naftos ir k\u0105 patyr\u0117 Jungtin\u0117je Karalyst\u0117je prieglobs\u010dio ie\u0161kojusi paaugl\u0117 na\u0161lait\u0117. Tai istorija apie pab\u0117g\u0117li\u0173 bandym\u0105 i\u0161likti ir senosios Europos abejingum\u0105. Apie bejausm\u0119 globalizacijos ma\u0161in\u0105 ir kiekvieno \u017emogaus asmenin\u0119 atsakomyb\u0119. Apie meil\u0119, i\u0161tikimyb\u0119, draugyst\u0119 ir tinkam\u0105 laik\u0105 gr\u0105\u017einti skolas.<\/div>\n<div><\/div>\n<div>JAV \u0161i knyga buvo i\u0161leista pavadinimu \u201eMa\u017ea Bit\u0117&#8221; (Little Bee), nominuota ne vienam apdovanojimui ir tapo The New York Times bestseleriu. Jos ekranizavimo teises \u012fsigijo Amazon Studios, film\u0105 prodiusuoti ir jame vaidinti sutiko \u201eOskaro&#8221; laim\u0117toja Julia Roberts.<\/div>\n<div><\/div>\n","protected":false},"excerpt":{"rendered":"<div>\u0160e\u0161iolikmet\u0117 nigeriet\u0117 i\u0161sprunka i\u0161 imigrant\u0173 sulaikymo centro ir vien\u0105 dien\u0105 i\u0161dygsta prie pasiturin\u010dios poros nam\u0173 dur\u0173 Londono priemiestyje. Did\u017eiojoje Britanijoje Ma\u017ea Bit\u0117 pa\u017e\u012fsta tik Sar\u0105 ir Endri\u0173. Sutiko juos Nigerijos papl\u016bdimyje vien\u0105 krauju pa\u017eym\u0117t\u0105 dien\u0105 ir \u0161i pa\u017eintis negr\u012f\u017etamai pakeit\u0117 juos visus.<\/div>\n<div><\/div>\n<div>\u201eKita ranka&#8221; \u2013 talentingai papasakota daugialyp\u0117 istorija apie tai, k\u0105 i\u0161gyveno Nigerio deltos \u017emon\u0117s per konflikt\u0105 d\u0117l naftos ir k\u0105 patyr\u0117 Jungtin\u0117je Karalyst\u0117je prieglobs\u010dio ie\u0161kojusi paaugl\u0117 na\u0161lait\u0117. Tai istorija apie pab\u0117g\u0117li\u0173 bandym\u0105 i\u0161likti ir senosios Europos abejingum\u0105. Apie bejausm\u0119 globalizacijos ma\u0161in\u0105 ir kiekvieno \u017emogaus asmenin\u0119 atsakomyb\u0119. Apie meil\u0119, i\u0161tikimyb\u0119, draugyst\u0119 ir tinkam\u0105 laik\u0105 gr\u0105\u017einti skolas.<\/div>\n<div><\/div>\n<div>JAV \u0161i knyga buvo i\u0161leista pavadinimu \u201eMa\u017ea Bit\u0117&#8221; (Little Bee), nominuota ne vienam apdovanojimui ir tapo The New York Times bestseleriu. Jos ekranizavimo teises \u012fsigijo Amazon Studios, film\u0105 prodiusuoti ir jame vaidinti sutiko \u201eOskaro&#8221; laim\u0117toja Julia Roberts.<\/div>\n<div><\/div>\n","protected":false},"featured_media":5133,"comment_status":"closed","ping_status":"closed","template":"","meta":{"_acf_changed":false,"site-sidebar-layout":"default","site-content-layout":"","ast-site-content-layout":"default","site-content-style":"default","site-sidebar-style":"default","ast-global-header-display":"","ast-banner-title-visibility":"","ast-main-header-display":"","ast-hfb-above-header-display":"","ast-hfb-below-header-display":"","ast-hfb-mobile-header-display":"","site-post-title":"","ast-breadcrumbs-content":"","ast-featured-img":"","footer-sml-layout":"","ast-disable-related-posts":"","theme-transparent-header-meta":"","adv-header-id-meta":"","stick-header-meta":"","header-above-stick-meta":"","header-main-stick-meta":"","header-below-stick-meta":"","astra-migrate-meta-layouts":"default","ast-page-background-enabled":"default","ast-page-background-meta":{"desktop":{"background-color":"","background-image":"","background-repeat":"repeat","background-position":"center center","background-size":"auto","background-attachment":"scroll","background-type":"","background-media":"","overlay-type":"","overlay-color":"","overlay-opacity":"","overlay-gradient":""},"tablet":{"background-color":"","background-image":"","background-repeat":"repeat","background-position":"center center","background-size":"auto","background-attachment":"scroll","background-type":"","background-media":"","overlay-type":"","overlay-color":"","overlay-opacity":"","overlay-gradient":""},"mobile":{"background-color":"","background-image":"","background-repeat":"repeat","background-position":"center center","background-size":"auto","background-attachment":"scroll","background-type":"","background-media":"","overlay-type":"","overlay-color":"","overlay-opacity":"","overlay-gradient":""}},"ast-content-background-meta":{"desktop":{"background-color":"var(--ast-global-color-4)","background-image":"","background-repeat":"repeat","background-position":"center center","background-size":"auto","background-attachment":"scroll","background-type":"","background-media":"","overlay-type":"","overlay-color":"","overlay-opacity":"","overlay-gradient":""},"tablet":{"background-color":"var(--ast-global-color-4)","background-image":"","background-repeat":"repeat","background-position":"center center","background-size":"auto","background-attachment":"scroll","background-type":"","background-media":"","overlay-type":"","overlay-color":"","overlay-opacity":"","overlay-gradient":""},"mobile":{"background-color":"var(--ast-global-color-4)","background-image":"","background-repeat":"repeat","background-position":"center center","background-size":"auto","background-attachment":"scroll","background-type":"","background-media":"","overlay-type":"","overlay-color":"","overlay-opacity":"","overlay-gradient":""}}},"product_brand":[],"product_cat":[9734],"product_tag":[3154,2901,2372,3155,1838,2855,2423],"class_list":{"0":"post-8735","1":"product","2":"type-product","3":"status-publish","4":"has-post-thumbnail","6":"product_cat-romanai","7":"product_tag-chris-cleave","8":"product_tag-drama","9":"product_tag-globalizacija","10":"product_tag-nigerija","11":"product_tag-pabegeliai","12":"product_tag-psichologine-proza","13":"product_tag-socialiniai-klausimai","14":"desktop-align-left","15":"tablet-align-left","16":"mobile-align-left","18":"first","19":"instock","20":"shipping-taxable","21":"purchasable","22":"product-type-simple"},"acf":[],"yoast_head":"<!-- This site is optimized with the Yoast SEO plugin v27.0 - https:\/\/yoast.com\/product\/yoast-seo-wordpress\/ -->\n<title>Kita ranka<\/title>\n<meta name=\"description\" content=\"\u0160e\u0161iolikmet\u0117 nigeriet\u0117 i\u0161sprunka i\u0161 imigrant\u0173 sulaikymo centro ir vien\u0105 dien\u0105 i\u0161dygsta prie pasiturin\u010dios poros nam\u0173 dur\u0173 Londono priemiestyje. Did\u017eiojoje Britanijoje Ma\u017ea Bit\u0117 pa\u017e\u012fsta tik Sar\u0105 ir Endri\u0173. Sutiko juos Nigerijos papl\u016bdimyje vien\u0105 krauju pa\u017eym\u0117t\u0105 dien\u0105 ir \u0161i pa\u017eintis negr\u012f\u017etamai pakeit\u0117 juos visus.  \u201eKita ranka&quot; \u2013 talentingai papasakota daugialyp\u0117 istorija apie tai, k\u0105 i\u0161gyveno Nigerio deltos \u017emon\u0117s per konflikt\u0105 d\u0117l naftos ir k\u0105 patyr\u0117 Jungtin\u0117je Karalyst\u0117je prieglobs\u010dio ie\u0161kojusi paaugl\u0117 na\u0161lait\u0117. Tai istorija apie pab\u0117g\u0117li\u0173 bandym\u0105 i\u0161likti ir senosios Europos abejingum\u0105. Apie bejausm\u0119 globalizacijos ma\u0161in\u0105 ir kiekvieno \u017emogaus asmenin\u0119 atsakomyb\u0119. Apie meil\u0119, i\u0161tikimyb\u0119, draugyst\u0119 ir tinkam\u0105 laik\u0105 gr\u0105\u017einti skolas.  JAV \u0161i knyga buvo i\u0161leista pavadinimu \u201eMa\u017ea Bit\u0117&quot; (Little Bee), nominuota ne vienam apdovanojimui ir tapo The New York Times bestseleriu. Jos ekranizavimo teises \u012fsigijo Amazon Studios, film\u0105 prodiusuoti ir jame vaidinti sutiko \u201eOskaro&quot; laim\u0117toja Julia Roberts.\" \/>\n<meta name=\"robots\" content=\"index, follow, max-snippet:-1, max-image-preview:large, max-video-preview:-1\" \/>\n<link rel=\"canonical\" href=\"https:\/\/skaitytaknyga.lt\/en\/produktas\/chris-cleave-kita-ranka-2\/\" \/>\n<meta property=\"og:locale\" content=\"en_GB\" \/>\n<meta property=\"og:locale:alternate\" content=\"lt_LT\" \/>\n<meta property=\"og:type\" content=\"article\" \/>\n<meta property=\"og:title\" content=\"Kita ranka\" \/>\n<meta property=\"og:description\" content=\"\u0160e\u0161iolikmet\u0117 nigeriet\u0117 i\u0161sprunka i\u0161 imigrant\u0173 sulaikymo centro ir vien\u0105 dien\u0105 i\u0161dygsta prie pasiturin\u010dios poros nam\u0173 dur\u0173 Londono priemiestyje. Did\u017eiojoje Britanijoje Ma\u017ea Bit\u0117 pa\u017e\u012fsta tik Sar\u0105 ir Endri\u0173. Sutiko juos Nigerijos papl\u016bdimyje vien\u0105 krauju pa\u017eym\u0117t\u0105 dien\u0105 ir \u0161i pa\u017eintis negr\u012f\u017etamai pakeit\u0117 juos visus.  \u201eKita ranka&quot; \u2013 talentingai papasakota daugialyp\u0117 istorija apie tai, k\u0105 i\u0161gyveno Nigerio deltos \u017emon\u0117s per konflikt\u0105 d\u0117l naftos ir k\u0105 patyr\u0117 Jungtin\u0117je Karalyst\u0117je prieglobs\u010dio ie\u0161kojusi paaugl\u0117 na\u0161lait\u0117. Tai istorija apie pab\u0117g\u0117li\u0173 bandym\u0105 i\u0161likti ir senosios Europos abejingum\u0105. Apie bejausm\u0119 globalizacijos ma\u0161in\u0105 ir kiekvieno \u017emogaus asmenin\u0119 atsakomyb\u0119. Apie meil\u0119, i\u0161tikimyb\u0119, draugyst\u0119 ir tinkam\u0105 laik\u0105 gr\u0105\u017einti skolas.  JAV \u0161i knyga buvo i\u0161leista pavadinimu \u201eMa\u017ea Bit\u0117&quot; (Little Bee), nominuota ne vienam apdovanojimui ir tapo The New York Times bestseleriu. Jos ekranizavimo teises \u012fsigijo Amazon Studios, film\u0105 prodiusuoti ir jame vaidinti sutiko \u201eOskaro&quot; laim\u0117toja Julia Roberts.\" \/>\n<meta property=\"og:url\" content=\"https:\/\/skaitytaknyga.lt\/en\/produktas\/chris-cleave-kita-ranka-2\/\" \/>\n<meta property=\"og:site_name\" content=\"Skaitytaknyga\" \/>\n<meta property=\"article:publisher\" content=\"https:\/\/www.facebook.com\/skaitytaknyga\/\" \/>\n<meta property=\"article:modified_time\" content=\"2026-03-17T09:49:05+00:00\" \/>\n<meta property=\"og:image\" content=\"https:\/\/skaitytaknyga.lt\/wp-content\/uploads\/2024\/04\/1567587391_kita_ranka_2d1.jpg\" \/>\n\t<meta property=\"og:image:width\" content=\"289\" \/>\n\t<meta property=\"og:image:height\" content=\"430\" \/>\n\t<meta property=\"og:image:type\" content=\"image\/jpeg\" \/>\n<meta name=\"twitter:card\" content=\"summary_large_image\" \/>\n<meta name=\"twitter:label1\" content=\"Estimated reading time\" \/>\n\t<meta name=\"twitter:data1\" content=\"1 minute\" \/>\n<script type=\"application\/ld+json\" class=\"yoast-schema-graph\">{\"@context\":\"https:\/\/schema.org\",\"@graph\":[{\"@type\":\"WebPage\",\"@id\":\"https:\/\/skaitytaknyga.lt\/produktas\/chris-cleave-kita-ranka-2\/\",\"url\":\"https:\/\/skaitytaknyga.lt\/produktas\/chris-cleave-kita-ranka-2\/\",\"name\":\"Kita ranka\",\"isPartOf\":{\"@id\":\"https:\/\/skaitytaknyga.lt\/#website\"},\"primaryImageOfPage\":{\"@id\":\"https:\/\/skaitytaknyga.lt\/produktas\/chris-cleave-kita-ranka-2\/#primaryimage\"},\"image\":{\"@id\":\"https:\/\/skaitytaknyga.lt\/produktas\/chris-cleave-kita-ranka-2\/#primaryimage\"},\"thumbnailUrl\":\"https:\/\/skaitytaknyga.lt\/wp-content\/uploads\/2024\/04\/1567587391_kita_ranka_2d1.jpg\",\"datePublished\":\"2024-05-09T14:50:45+00:00\",\"dateModified\":\"2026-03-17T09:49:05+00:00\",\"description\":\"\u0160e\u0161iolikmet\u0117 nigeriet\u0117 i\u0161sprunka i\u0161 imigrant\u0173 sulaikymo centro ir vien\u0105 dien\u0105 i\u0161dygsta prie pasiturin\u010dios poros nam\u0173 dur\u0173 Londono priemiestyje. Did\u017eiojoje Britanijoje Ma\u017ea Bit\u0117 pa\u017e\u012fsta tik Sar\u0105 ir Endri\u0173. Sutiko juos Nigerijos papl\u016bdimyje vien\u0105 krauju pa\u017eym\u0117t\u0105 dien\u0105 ir \u0161i pa\u017eintis negr\u012f\u017etamai pakeit\u0117 juos visus. \u201eKita ranka\\\" \u2013 talentingai papasakota daugialyp\u0117 istorija apie tai, k\u0105 i\u0161gyveno Nigerio deltos \u017emon\u0117s per konflikt\u0105 d\u0117l naftos ir k\u0105 patyr\u0117 Jungtin\u0117je Karalyst\u0117je prieglobs\u010dio ie\u0161kojusi paaugl\u0117 na\u0161lait\u0117. Tai istorija apie pab\u0117g\u0117li\u0173 bandym\u0105 i\u0161likti ir senosios Europos abejingum\u0105. Apie bejausm\u0119 globalizacijos ma\u0161in\u0105 ir kiekvieno \u017emogaus asmenin\u0119 atsakomyb\u0119. Apie meil\u0119, i\u0161tikimyb\u0119, draugyst\u0119 ir tinkam\u0105 laik\u0105 gr\u0105\u017einti skolas. JAV \u0161i knyga buvo i\u0161leista pavadinimu \u201eMa\u017ea Bit\u0117\\\" (Little Bee), nominuota ne vienam apdovanojimui ir tapo The New York Times bestseleriu. Jos ekranizavimo teises \u012fsigijo Amazon Studios, film\u0105 prodiusuoti ir jame vaidinti sutiko \u201eOskaro\\\" laim\u0117toja Julia Roberts.\",\"breadcrumb\":{\"@id\":\"https:\/\/skaitytaknyga.lt\/produktas\/chris-cleave-kita-ranka-2\/#breadcrumb\"},\"inLanguage\":\"en-GB\",\"potentialAction\":[{\"@type\":\"ReadAction\",\"target\":[\"https:\/\/skaitytaknyga.lt\/produktas\/chris-cleave-kita-ranka-2\/\"]}]},{\"@type\":\"ImageObject\",\"inLanguage\":\"en-GB\",\"@id\":\"https:\/\/skaitytaknyga.lt\/produktas\/chris-cleave-kita-ranka-2\/#primaryimage\",\"url\":\"https:\/\/skaitytaknyga.lt\/wp-content\/uploads\/2024\/04\/1567587391_kita_ranka_2d1.jpg\",\"contentUrl\":\"https:\/\/skaitytaknyga.lt\/wp-content\/uploads\/2024\/04\/1567587391_kita_ranka_2d1.jpg\",\"width\":289,\"height\":430},{\"@type\":\"BreadcrumbList\",\"@id\":\"https:\/\/skaitytaknyga.lt\/produktas\/chris-cleave-kita-ranka-2\/#breadcrumb\",\"itemListElement\":[{\"@type\":\"ListItem\",\"position\":1,\"name\":\"Home\",\"item\":\"https:\/\/skaitytaknyga.lt\/\"},{\"@type\":\"ListItem\",\"position\":2,\"name\":\"Parduotuv\u0117\",\"item\":\"https:\/\/skaitytaknyga.lt\/knygu-parduotuve\/\"},{\"@type\":\"ListItem\",\"position\":3,\"name\":\"Kita ranka\"}]},{\"@type\":\"WebSite\",\"@id\":\"https:\/\/skaitytaknyga.lt\/#website\",\"url\":\"https:\/\/skaitytaknyga.lt\/\",\"name\":\"skaitytaknyga.lt\",\"description\":\"Skaitytaknyga.lt \u2013 tai ma\u017eas \u0161eimos verslas, kuris prasid\u0117jo nuo meil\u0117s knygoms ir siekio i\u0161gelb\u0117ti knygas nuo likimo prie konteinerio. Kas vienam nereikalingas daiktas \u2013 kitam lobis, o mes esame tarpininkai, kurie padeda abiems tapti laimingesniems ???? \u017dinome kaip nelengva i\u0161gyventi ma\u017eiems verslams, tad nuo \u0161iol, \u010dia rasite ir kit\u0173, ma\u017e\u0173 \u0161eim\u0173 versl\u0173, rank\u0173 darbo, dovan\u0173 sau ir artimiesiems.\",\"publisher\":{\"@id\":\"https:\/\/skaitytaknyga.lt\/#organization\"},\"potentialAction\":[{\"@type\":\"SearchAction\",\"target\":{\"@type\":\"EntryPoint\",\"urlTemplate\":\"https:\/\/skaitytaknyga.lt\/?s={search_term_string}\"},\"query-input\":{\"@type\":\"PropertyValueSpecification\",\"valueRequired\":true,\"valueName\":\"search_term_string\"}}],\"inLanguage\":\"en-GB\"},{\"@type\":\"Organization\",\"@id\":\"https:\/\/skaitytaknyga.lt\/#organization\",\"name\":\"skaitytaknyga.lt\",\"url\":\"https:\/\/skaitytaknyga.lt\/\",\"logo\":{\"@type\":\"ImageObject\",\"inLanguage\":\"en-GB\",\"@id\":\"https:\/\/skaitytaknyga.lt\/#\/schema\/logo\/image\/\",\"url\":\"https:\/\/skaitytaknyga.lt\/wp-content\/uploads\/2024\/05\/cropped-cropped-cropped-02_00843_jt3bggkj1j3HLc7SyY6rEUpg.jpeg\",\"contentUrl\":\"https:\/\/skaitytaknyga.lt\/wp-content\/uploads\/2024\/05\/cropped-cropped-cropped-02_00843_jt3bggkj1j3HLc7SyY6rEUpg.jpeg\",\"width\":1600,\"height\":1600,\"caption\":\"skaitytaknyga.lt\"},\"image\":{\"@id\":\"https:\/\/skaitytaknyga.lt\/#\/schema\/logo\/image\/\"},\"sameAs\":[\"https:\/\/www.facebook.com\/skaitytaknyga\/\"]}]}<\/script>\n<!-- \/ Yoast SEO plugin. -->","yoast_head_json":{"title":"Kita ranka","description":"\u0160e\u0161iolikmet\u0117 nigeriet\u0117 i\u0161sprunka i\u0161 imigrant\u0173 sulaikymo centro ir vien\u0105 dien\u0105 i\u0161dygsta prie pasiturin\u010dios poros nam\u0173 dur\u0173 Londono priemiestyje. Did\u017eiojoje Britanijoje Ma\u017ea Bit\u0117 pa\u017e\u012fsta tik Sar\u0105 ir Endri\u0173. Sutiko juos Nigerijos papl\u016bdimyje vien\u0105 krauju pa\u017eym\u0117t\u0105 dien\u0105 ir \u0161i pa\u017eintis negr\u012f\u017etamai pakeit\u0117 juos visus.  \u201eKita ranka\" \u2013 talentingai papasakota daugialyp\u0117 istorija apie tai, k\u0105 i\u0161gyveno Nigerio deltos \u017emon\u0117s per konflikt\u0105 d\u0117l naftos ir k\u0105 patyr\u0117 Jungtin\u0117je Karalyst\u0117je prieglobs\u010dio ie\u0161kojusi paaugl\u0117 na\u0161lait\u0117. Tai istorija apie pab\u0117g\u0117li\u0173 bandym\u0105 i\u0161likti ir senosios Europos abejingum\u0105. Apie bejausm\u0119 globalizacijos ma\u0161in\u0105 ir kiekvieno \u017emogaus asmenin\u0119 atsakomyb\u0119. Apie meil\u0119, i\u0161tikimyb\u0119, draugyst\u0119 ir tinkam\u0105 laik\u0105 gr\u0105\u017einti skolas.  JAV \u0161i knyga buvo i\u0161leista pavadinimu \u201eMa\u017ea Bit\u0117\" (Little Bee), nominuota ne vienam apdovanojimui ir tapo The New York Times bestseleriu. Jos ekranizavimo teises \u012fsigijo Amazon Studios, film\u0105 prodiusuoti ir jame vaidinti sutiko \u201eOskaro\" laim\u0117toja Julia Roberts.","robots":{"index":"index","follow":"follow","max-snippet":"max-snippet:-1","max-image-preview":"max-image-preview:large","max-video-preview":"max-video-preview:-1"},"canonical":"https:\/\/skaitytaknyga.lt\/en\/produktas\/chris-cleave-kita-ranka-2\/","og_locale":"en_GB","og_type":"article","og_title":"[:lt]Kita ranka[:] - Skaitytaknyga","og_description":"\u0160e\u0161iolikmet\u0117 nigeriet\u0117 i\u0161sprunka i\u0161 imigrant\u0173 sulaikymo centro ir vien\u0105 dien\u0105 i\u0161dygsta prie pasiturin\u010dios poros nam\u0173 dur\u0173 Londono priemiestyje. Did\u017eiojoje Britanijoje Ma\u017ea Bit\u0117 pa\u017e\u012fsta tik Sar\u0105 ir Endri\u0173. Sutiko juos Nigerijos papl\u016bdimyje vien\u0105 krauju pa\u017eym\u0117t\u0105 dien\u0105 ir \u0161i pa\u017eintis negr\u012f\u017etamai pakeit\u0117 juos visus.  \u201eKita ranka\" \u2013 talentingai papasakota daugialyp\u0117 istorija apie tai, k\u0105 i\u0161gyveno Nigerio deltos \u017emon\u0117s per konflikt\u0105 d\u0117l naftos ir k\u0105 patyr\u0117 Jungtin\u0117je Karalyst\u0117je prieglobs\u010dio ie\u0161kojusi paaugl\u0117 na\u0161lait\u0117. Tai istorija apie pab\u0117g\u0117li\u0173 bandym\u0105 i\u0161likti ir senosios Europos abejingum\u0105. Apie bejausm\u0119 globalizacijos ma\u0161in\u0105 ir kiekvieno \u017emogaus asmenin\u0119 atsakomyb\u0119. Apie meil\u0119, i\u0161tikimyb\u0119, draugyst\u0119 ir tinkam\u0105 laik\u0105 gr\u0105\u017einti skolas.  JAV \u0161i knyga buvo i\u0161leista pavadinimu \u201eMa\u017ea Bit\u0117\" (Little Bee), nominuota ne vienam apdovanojimui ir tapo The New York Times bestseleriu. Jos ekranizavimo teises \u012fsigijo Amazon Studios, film\u0105 prodiusuoti ir jame vaidinti sutiko \u201eOskaro\" laim\u0117toja Julia Roberts.","og_url":"https:\/\/skaitytaknyga.lt\/en\/produktas\/chris-cleave-kita-ranka-2\/","og_site_name":"Skaitytaknyga","article_publisher":"https:\/\/www.facebook.com\/skaitytaknyga\/","article_modified_time":"2026-03-17T09:49:05+00:00","og_image":[{"width":289,"height":430,"url":"https:\/\/skaitytaknyga.lt\/wp-content\/uploads\/2024\/04\/1567587391_kita_ranka_2d1.jpg","type":"image\/jpeg"}],"twitter_card":"summary_large_image","twitter_misc":{"Estimated reading time":"1 minute"},"schema":{"@context":"https:\/\/schema.org","@graph":[{"@type":"WebPage","@id":"https:\/\/skaitytaknyga.lt\/produktas\/chris-cleave-kita-ranka-2\/","url":"https:\/\/skaitytaknyga.lt\/produktas\/chris-cleave-kita-ranka-2\/","name":"Kita ranka","isPartOf":{"@id":"https:\/\/skaitytaknyga.lt\/#website"},"primaryImageOfPage":{"@id":"https:\/\/skaitytaknyga.lt\/produktas\/chris-cleave-kita-ranka-2\/#primaryimage"},"image":{"@id":"https:\/\/skaitytaknyga.lt\/produktas\/chris-cleave-kita-ranka-2\/#primaryimage"},"thumbnailUrl":"https:\/\/skaitytaknyga.lt\/wp-content\/uploads\/2024\/04\/1567587391_kita_ranka_2d1.jpg","datePublished":"2024-05-09T14:50:45+00:00","dateModified":"2026-03-17T09:49:05+00:00","description":"\u0160e\u0161iolikmet\u0117 nigeriet\u0117 i\u0161sprunka i\u0161 imigrant\u0173 sulaikymo centro ir vien\u0105 dien\u0105 i\u0161dygsta prie pasiturin\u010dios poros nam\u0173 dur\u0173 Londono priemiestyje. Did\u017eiojoje Britanijoje Ma\u017ea Bit\u0117 pa\u017e\u012fsta tik Sar\u0105 ir Endri\u0173. Sutiko juos Nigerijos papl\u016bdimyje vien\u0105 krauju pa\u017eym\u0117t\u0105 dien\u0105 ir \u0161i pa\u017eintis negr\u012f\u017etamai pakeit\u0117 juos visus. \u201eKita ranka\" \u2013 talentingai papasakota daugialyp\u0117 istorija apie tai, k\u0105 i\u0161gyveno Nigerio deltos \u017emon\u0117s per konflikt\u0105 d\u0117l naftos ir k\u0105 patyr\u0117 Jungtin\u0117je Karalyst\u0117je prieglobs\u010dio ie\u0161kojusi paaugl\u0117 na\u0161lait\u0117. Tai istorija apie pab\u0117g\u0117li\u0173 bandym\u0105 i\u0161likti ir senosios Europos abejingum\u0105. Apie bejausm\u0119 globalizacijos ma\u0161in\u0105 ir kiekvieno \u017emogaus asmenin\u0119 atsakomyb\u0119. Apie meil\u0119, i\u0161tikimyb\u0119, draugyst\u0119 ir tinkam\u0105 laik\u0105 gr\u0105\u017einti skolas. JAV \u0161i knyga buvo i\u0161leista pavadinimu \u201eMa\u017ea Bit\u0117\" (Little Bee), nominuota ne vienam apdovanojimui ir tapo The New York Times bestseleriu. Jos ekranizavimo teises \u012fsigijo Amazon Studios, film\u0105 prodiusuoti ir jame vaidinti sutiko \u201eOskaro\" laim\u0117toja Julia Roberts.","breadcrumb":{"@id":"https:\/\/skaitytaknyga.lt\/produktas\/chris-cleave-kita-ranka-2\/#breadcrumb"},"inLanguage":"en-GB","potentialAction":[{"@type":"ReadAction","target":["https:\/\/skaitytaknyga.lt\/produktas\/chris-cleave-kita-ranka-2\/"]}]},{"@type":"ImageObject","inLanguage":"en-GB","@id":"https:\/\/skaitytaknyga.lt\/produktas\/chris-cleave-kita-ranka-2\/#primaryimage","url":"https:\/\/skaitytaknyga.lt\/wp-content\/uploads\/2024\/04\/1567587391_kita_ranka_2d1.jpg","contentUrl":"https:\/\/skaitytaknyga.lt\/wp-content\/uploads\/2024\/04\/1567587391_kita_ranka_2d1.jpg","width":289,"height":430},{"@type":"BreadcrumbList","@id":"https:\/\/skaitytaknyga.lt\/produktas\/chris-cleave-kita-ranka-2\/#breadcrumb","itemListElement":[{"@type":"ListItem","position":1,"name":"Home","item":"https:\/\/skaitytaknyga.lt\/"},{"@type":"ListItem","position":2,"name":"Parduotuv\u0117","item":"https:\/\/skaitytaknyga.lt\/knygu-parduotuve\/"},{"@type":"ListItem","position":3,"name":"Kita ranka"}]},{"@type":"WebSite","@id":"https:\/\/skaitytaknyga.lt\/#website","url":"https:\/\/skaitytaknyga.lt\/","name":"skaitytaknyga.lt","description":"Skaitytaknyga.lt \u2013 tai ma\u017eas \u0161eimos verslas, kuris prasid\u0117jo nuo meil\u0117s knygoms ir siekio i\u0161gelb\u0117ti knygas nuo likimo prie konteinerio. Kas vienam nereikalingas daiktas \u2013 kitam lobis, o mes esame tarpininkai, kurie padeda abiems tapti laimingesniems ???? \u017dinome kaip nelengva i\u0161gyventi ma\u017eiems verslams, tad nuo \u0161iol, \u010dia rasite ir kit\u0173, ma\u017e\u0173 \u0161eim\u0173 versl\u0173, rank\u0173 darbo, dovan\u0173 sau ir artimiesiems.","publisher":{"@id":"https:\/\/skaitytaknyga.lt\/#organization"},"potentialAction":[{"@type":"SearchAction","target":{"@type":"EntryPoint","urlTemplate":"https:\/\/skaitytaknyga.lt\/?s={search_term_string}"},"query-input":{"@type":"PropertyValueSpecification","valueRequired":true,"valueName":"search_term_string"}}],"inLanguage":"en-GB"},{"@type":"Organization","@id":"https:\/\/skaitytaknyga.lt\/#organization","name":"skaitytaknyga.lt","url":"https:\/\/skaitytaknyga.lt\/","logo":{"@type":"ImageObject","inLanguage":"en-GB","@id":"https:\/\/skaitytaknyga.lt\/#\/schema\/logo\/image\/","url":"https:\/\/skaitytaknyga.lt\/wp-content\/uploads\/2024\/05\/cropped-cropped-cropped-02_00843_jt3bggkj1j3HLc7SyY6rEUpg.jpeg","contentUrl":"https:\/\/skaitytaknyga.lt\/wp-content\/uploads\/2024\/05\/cropped-cropped-cropped-02_00843_jt3bggkj1j3HLc7SyY6rEUpg.jpeg","width":1600,"height":1600,"caption":"skaitytaknyga.lt"},"image":{"@id":"https:\/\/skaitytaknyga.lt\/#\/schema\/logo\/image\/"},"sameAs":["https:\/\/www.facebook.com\/skaitytaknyga\/"]}]}},"_links":{"self":[{"href":"https:\/\/skaitytaknyga.lt\/en\/wp-json\/wp\/v2\/product\/8735","targetHints":{"allow":["GET"]}}],"collection":[{"href":"https:\/\/skaitytaknyga.lt\/en\/wp-json\/wp\/v2\/product"}],"about":[{"href":"https:\/\/skaitytaknyga.lt\/en\/wp-json\/wp\/v2\/types\/product"}],"replies":[{"embeddable":true,"href":"https:\/\/skaitytaknyga.lt\/en\/wp-json\/wp\/v2\/comments?post=8735"}],"wp:featuredmedia":[{"embeddable":true,"href":"https:\/\/skaitytaknyga.lt\/en\/wp-json\/wp\/v2\/media\/5133"}],"wp:attachment":[{"href":"https:\/\/skaitytaknyga.lt\/en\/wp-json\/wp\/v2\/media?parent=8735"}],"wp:term":[{"taxonomy":"product_brand","embeddable":true,"href":"https:\/\/skaitytaknyga.lt\/en\/wp-json\/wp\/v2\/product_brand?post=8735"},{"taxonomy":"product_cat","embeddable":true,"href":"https:\/\/skaitytaknyga.lt\/en\/wp-json\/wp\/v2\/product_cat?post=8735"},{"taxonomy":"product_tag","embeddable":true,"href":"https:\/\/skaitytaknyga.lt\/en\/wp-json\/wp\/v2\/product_tag?post=8735"}],"curies":[{"name":"wp","href":"https:\/\/api.w.org\/{rel}","templated":true}]}}