{"id":8718,"date":"2024-05-04T14:50:21","date_gmt":"2024-05-04T14:50:21","guid":{"rendered":"https:\/\/skaitytaknyga.lt\/?post_type=product&#038;p=8718"},"modified":"2024-05-04T14:50:29","modified_gmt":"2024-05-04T14:50:29","slug":"prarasto-laiko-beieskant-svano-puseje-2","status":"publish","type":"product","link":"https:\/\/skaitytaknyga.lt\/en\/produktas\/prarasto-laiko-beieskant-svano-puseje-2\/","title":{"rendered":"Prarasto laiko beie\u0161kant. Svano pus\u0117je"},"content":{"rendered":"<div>Svano pus\u0117je \u2013 pirmas\u00a0<strong>Marcelio Prousto<\/strong>\u00a0(1871\u20131922)\u00a0<em>Prarasto laiko beie\u0161kant<\/em>\u00a0ciklo romanas, prad\u0117tas ra\u0161yti 1909 m. Vienas \u012fsimintiniausi\u0173 k\u016brini\u0173 literat\u016bros istorijoje:<\/div>\n<p><em>\u201eSvarbiausias \u012fvykis \u2013 romanas Prarasto laiko beie\u0161kant. Nepaprastas subtilus rafinuotumas ir svaiginama gelm\u0117. Fantasti\u0161kas stilius. Visas Freudas iki tikrojo Freudo atsiradimo. Mil\u017eini\u0161ka \u017eod\u017ei\u0173, metafor\u0173 ir b\u016bdvard\u017ei\u0173 ro\u017e\u0117. Paskutin\u0117 katedra.\u201c &#8211;\u00a0<\/em>Patrick Grainville, Lire, 1997 m.<\/p>\n<p>Pirmoje romano dalyje atskleid\u017eiamos jautrios vaikyst\u0117s impresijos, kurias i\u0161\u0161aukia \u201enedideli\u0173 ir putli\u0173 ma\u017eosiomis madlenomis vadinam\u0173 pyragai\u010di\u0173\u201c pa\u017e\u012fstamas skonis. Antroji\u00a0<em>Svano pus\u0117je<\/em>\u00a0dalis \u2013 Svano meil\u0117s ir pavydo studija, laikoma kertine ir t\u0119stine strukt\u016bra vis\u0173 septyni\u0173\u00a0<em>Prarasto laiko beie\u0161kant<\/em>\u00a0dali\u0173 ciklo architekt\u016broje, kuri\u0105 u\u017ebaigia tre\u010dioji dalis, skleid\u017eianti pagrindines autoriui r\u016bpimas temas \u2013 laiko, atminties, meno prigimties.<\/p>\n","protected":false},"excerpt":{"rendered":"<div>Svano pus\u0117je \u2013 pirmas\u00a0<strong>Marcelio Prousto<\/strong>\u00a0(1871\u20131922)\u00a0<em>Prarasto laiko beie\u0161kant<\/em>\u00a0ciklo romanas, prad\u0117tas ra\u0161yti 1909 m. Vienas \u012fsimintiniausi\u0173 k\u016brini\u0173 literat\u016bros istorijoje:<\/div>\n<p><em>\u201eSvarbiausias \u012fvykis \u2013 romanas Prarasto laiko beie\u0161kant. Nepaprastas subtilus rafinuotumas ir svaiginama gelm\u0117. Fantasti\u0161kas stilius. Visas Freudas iki tikrojo Freudo atsiradimo. Mil\u017eini\u0161ka \u017eod\u017ei\u0173, metafor\u0173 ir b\u016bdvard\u017ei\u0173 ro\u017e\u0117. Paskutin\u0117 katedra.\u201c &#8211;\u00a0<\/em>Patrick Grainville, Lire, 1997 m.<\/p>\n<p>Pirmoje romano dalyje atskleid\u017eiamos jautrios vaikyst\u0117s impresijos, kurias i\u0161\u0161aukia \u201enedideli\u0173 ir putli\u0173 ma\u017eosiomis madlenomis vadinam\u0173 pyragai\u010di\u0173\u201c pa\u017e\u012fstamas skonis. Antroji\u00a0<em>Svano pus\u0117je<\/em>\u00a0dalis \u2013 Svano meil\u0117s ir pavydo studija, laikoma kertine ir t\u0119stine strukt\u016bra vis\u0173 septyni\u0173\u00a0<em>Prarasto laiko beie\u0161kant<\/em>\u00a0dali\u0173 ciklo architekt\u016broje, kuri\u0105 u\u017ebaigia tre\u010dioji dalis, skleid\u017eianti pagrindines autoriui r\u016bpimas temas \u2013 laiko, atminties, meno prigimties.<\/p>\n","protected":false},"featured_media":5096,"comment_status":"closed","ping_status":"closed","template":"","meta":{"_acf_changed":false,"site-sidebar-layout":"default","site-content-layout":"","ast-site-content-layout":"default","site-content-style":"default","site-sidebar-style":"default","ast-global-header-display":"","ast-banner-title-visibility":"","ast-main-header-display":"","ast-hfb-above-header-display":"","ast-hfb-below-header-display":"","ast-hfb-mobile-header-display":"","site-post-title":"","ast-breadcrumbs-content":"","ast-featured-img":"","footer-sml-layout":"","ast-disable-related-posts":"","theme-transparent-header-meta":"","adv-header-id-meta":"","stick-header-meta":"","header-above-stick-meta":"","header-main-stick-meta":"","header-below-stick-meta":"","astra-migrate-meta-layouts":"default","ast-page-background-enabled":"default","ast-page-background-meta":{"desktop":{"background-color":"","background-image":"","background-repeat":"repeat","background-position":"center center","background-size":"auto","background-attachment":"scroll","background-type":"","background-media":"","overlay-type":"","overlay-color":"","overlay-opacity":"","overlay-gradient":""},"tablet":{"background-color":"","background-image":"","background-repeat":"repeat","background-position":"center center","background-size":"auto","background-attachment":"scroll","background-type":"","background-media":"","overlay-type":"","overlay-color":"","overlay-opacity":"","overlay-gradient":""},"mobile":{"background-color":"","background-image":"","background-repeat":"repeat","background-position":"center center","background-size":"auto","background-attachment":"scroll","background-type":"","background-media":"","overlay-type":"","overlay-color":"","overlay-opacity":"","overlay-gradient":""}},"ast-content-background-meta":{"desktop":{"background-color":"var(--ast-global-color-4)","background-image":"","background-repeat":"repeat","background-position":"center center","background-size":"auto","background-attachment":"scroll","background-type":"","background-media":"","overlay-type":"","overlay-color":"","overlay-opacity":"","overlay-gradient":""},"tablet":{"background-color":"var(--ast-global-color-4)","background-image":"","background-repeat":"repeat","background-position":"center center","background-size":"auto","background-attachment":"scroll","background-type":"","background-media":"","overlay-type":"","overlay-color":"","overlay-opacity":"","overlay-gradient":""},"mobile":{"background-color":"var(--ast-global-color-4)","background-image":"","background-repeat":"repeat","background-position":"center center","background-size":"auto","background-attachment":"scroll","background-type":"","background-media":"","overlay-type":"","overlay-color":"","overlay-opacity":"","overlay-gradient":""}}},"product_brand":[],"product_cat":[31,28],"product_tag":[],"class_list":{"0":"post-8718","1":"product","2":"type-product","3":"status-publish","4":"has-post-thumbnail","6":"product_cat-grozine-literatura","7":"product_cat-klasika","8":"desktop-align-left","9":"tablet-align-left","10":"mobile-align-left","12":"first","13":"outofstock","14":"sale","15":"shipping-taxable","16":"purchasable","17":"product-type-simple"},"acf":[],"yoast_head":"<!-- This site is optimized with the Yoast SEO plugin v27.4 - https:\/\/yoast.com\/product\/yoast-seo-wordpress\/ -->\n<title>Prarasto laiko beie\u0161kant. Svano pus\u0117je - Skaitytaknyga<\/title>\n<meta name=\"description\" content=\"Svano pus\u0117je \u2013 pirmas\u00a0Marcelio Prousto\u00a0(1871\u20131922)\u00a0Prarasto laiko beie\u0161kant\u00a0ciklo romanas, prad\u0117tas ra\u0161yti 1909 m. Vienas \u012fsimintiniausi\u0173 k\u016brini\u0173 literat\u016bros istorijoje: \u201eSvarbiausias \u012fvykis \u2013 romanas Prarasto laiko beie\u0161kant. Nepaprastas subtilus rafinuotumas ir svaiginama gelm\u0117. Fantasti\u0161kas stilius. Visas Freudas iki tikrojo Freudo atsiradimo. Mil\u017eini\u0161ka \u017eod\u017ei\u0173, metafor\u0173 ir b\u016bdvard\u017ei\u0173 ro\u017e\u0117. Paskutin\u0117 katedra.\u201c -\u00a0Patrick Grainville, Lire, 1997 m.  Pirmoje romano dalyje atskleid\u017eiamos jautrios vaikyst\u0117s impresijos, kurias i\u0161\u0161aukia \u201enedideli\u0173 ir putli\u0173 ma\u017eosiomis madlenomis vadinam\u0173 pyragai\u010di\u0173\u201c pa\u017e\u012fstamas skonis. Antroji\u00a0Svano pus\u0117je\u00a0dalis \u2013 Svano meil\u0117s ir pavydo studija, laikoma kertine ir t\u0119stine strukt\u016bra vis\u0173 septyni\u0173\u00a0Prarasto laiko beie\u0161kant\u00a0dali\u0173 ciklo architekt\u016broje, kuri\u0105 u\u017ebaigia tre\u010dioji dalis, skleid\u017eianti pagrindines autoriui r\u016bpimas temas \u2013 laiko, atminties, meno prigimties.\" \/>\n<meta name=\"robots\" content=\"index, follow, max-snippet:-1, max-image-preview:large, max-video-preview:-1\" \/>\n<link rel=\"canonical\" href=\"https:\/\/skaitytaknyga.lt\/en\/produktas\/prarasto-laiko-beieskant-svano-puseje-2\/\" \/>\n<meta property=\"og:locale\" content=\"en_GB\" \/>\n<meta property=\"og:locale:alternate\" content=\"lt_LT\" \/>\n<meta property=\"og:type\" content=\"article\" \/>\n<meta property=\"og:title\" content=\"Prarasto laiko beie\u0161kant. Svano pus\u0117je - Skaitytaknyga\" \/>\n<meta property=\"og:description\" content=\"Svano pus\u0117je \u2013 pirmas\u00a0Marcelio Prousto\u00a0(1871\u20131922)\u00a0Prarasto laiko beie\u0161kant\u00a0ciklo romanas, prad\u0117tas ra\u0161yti 1909 m. Vienas \u012fsimintiniausi\u0173 k\u016brini\u0173 literat\u016bros istorijoje: \u201eSvarbiausias \u012fvykis \u2013 romanas Prarasto laiko beie\u0161kant. Nepaprastas subtilus rafinuotumas ir svaiginama gelm\u0117. Fantasti\u0161kas stilius. Visas Freudas iki tikrojo Freudo atsiradimo. Mil\u017eini\u0161ka \u017eod\u017ei\u0173, metafor\u0173 ir b\u016bdvard\u017ei\u0173 ro\u017e\u0117. Paskutin\u0117 katedra.\u201c -\u00a0Patrick Grainville, Lire, 1997 m.  Pirmoje romano dalyje atskleid\u017eiamos jautrios vaikyst\u0117s impresijos, kurias i\u0161\u0161aukia \u201enedideli\u0173 ir putli\u0173 ma\u017eosiomis madlenomis vadinam\u0173 pyragai\u010di\u0173\u201c pa\u017e\u012fstamas skonis. Antroji\u00a0Svano pus\u0117je\u00a0dalis \u2013 Svano meil\u0117s ir pavydo studija, laikoma kertine ir t\u0119stine strukt\u016bra vis\u0173 septyni\u0173\u00a0Prarasto laiko beie\u0161kant\u00a0dali\u0173 ciklo architekt\u016broje, kuri\u0105 u\u017ebaigia tre\u010dioji dalis, skleid\u017eianti pagrindines autoriui r\u016bpimas temas \u2013 laiko, atminties, meno prigimties.\" \/>\n<meta property=\"og:url\" content=\"https:\/\/skaitytaknyga.lt\/en\/produktas\/prarasto-laiko-beieskant-svano-puseje-2\/\" \/>\n<meta property=\"og:site_name\" content=\"Skaitytaknyga\" \/>\n<meta property=\"article:publisher\" content=\"https:\/\/www.facebook.com\/skaitytaknyga\/\" \/>\n<meta property=\"article:modified_time\" content=\"2024-05-04T14:50:29+00:00\" \/>\n<meta property=\"og:image\" content=\"https:\/\/skaitytaknyga.lt\/wp-content\/uploads\/2024\/04\/1462880888_img0004.jpg\" \/>\n\t<meta property=\"og:image:width\" content=\"277\" \/>\n\t<meta property=\"og:image:height\" content=\"430\" \/>\n\t<meta property=\"og:image:type\" content=\"image\/jpeg\" \/>\n<meta name=\"twitter:card\" content=\"summary_large_image\" \/>\n<meta name=\"twitter:label1\" content=\"Estimated reading time\" \/>\n\t<meta name=\"twitter:data1\" content=\"1 minute\" \/>\n<script type=\"application\/ld+json\" class=\"yoast-schema-graph\">{\"@context\":\"https:\\\/\\\/schema.org\",\"@graph\":[{\"@type\":\"WebPage\",\"@id\":\"https:\\\/\\\/skaitytaknyga.lt\\\/produktas\\\/prarasto-laiko-beieskant-svano-puseje-2\\\/\",\"url\":\"https:\\\/\\\/skaitytaknyga.lt\\\/produktas\\\/prarasto-laiko-beieskant-svano-puseje-2\\\/\",\"name\":\"Prarasto laiko beie\u0161kant. Svano pus\u0117je - Skaitytaknyga\",\"isPartOf\":{\"@id\":\"https:\\\/\\\/skaitytaknyga.lt\\\/#website\"},\"primaryImageOfPage\":{\"@id\":\"https:\\\/\\\/skaitytaknyga.lt\\\/produktas\\\/prarasto-laiko-beieskant-svano-puseje-2\\\/#primaryimage\"},\"image\":{\"@id\":\"https:\\\/\\\/skaitytaknyga.lt\\\/produktas\\\/prarasto-laiko-beieskant-svano-puseje-2\\\/#primaryimage\"},\"thumbnailUrl\":\"https:\\\/\\\/skaitytaknyga.lt\\\/wp-content\\\/uploads\\\/2024\\\/04\\\/1462880888_img0004.jpg\",\"datePublished\":\"2024-05-04T14:50:21+00:00\",\"dateModified\":\"2024-05-04T14:50:29+00:00\",\"description\":\"Svano pus\u0117je \u2013 pirmas\u00a0Marcelio Prousto\u00a0(1871\u20131922)\u00a0Prarasto laiko beie\u0161kant\u00a0ciklo romanas, prad\u0117tas ra\u0161yti 1909 m. Vienas \u012fsimintiniausi\u0173 k\u016brini\u0173 literat\u016bros istorijoje: \u201eSvarbiausias \u012fvykis \u2013 romanas Prarasto laiko beie\u0161kant. Nepaprastas subtilus rafinuotumas ir svaiginama gelm\u0117. Fantasti\u0161kas stilius. Visas Freudas iki tikrojo Freudo atsiradimo. Mil\u017eini\u0161ka \u017eod\u017ei\u0173, metafor\u0173 ir b\u016bdvard\u017ei\u0173 ro\u017e\u0117. Paskutin\u0117 katedra.\u201c -\u00a0Patrick Grainville, Lire, 1997 m. Pirmoje romano dalyje atskleid\u017eiamos jautrios vaikyst\u0117s impresijos, kurias i\u0161\u0161aukia \u201enedideli\u0173 ir putli\u0173 ma\u017eosiomis madlenomis vadinam\u0173 pyragai\u010di\u0173\u201c pa\u017e\u012fstamas skonis. Antroji\u00a0Svano pus\u0117je\u00a0dalis \u2013 Svano meil\u0117s ir pavydo studija, laikoma kertine ir t\u0119stine strukt\u016bra vis\u0173 septyni\u0173\u00a0Prarasto laiko beie\u0161kant\u00a0dali\u0173 ciklo architekt\u016broje, kuri\u0105 u\u017ebaigia tre\u010dioji dalis, skleid\u017eianti pagrindines autoriui r\u016bpimas temas \u2013 laiko, atminties, meno prigimties.\",\"breadcrumb\":{\"@id\":\"https:\\\/\\\/skaitytaknyga.lt\\\/produktas\\\/prarasto-laiko-beieskant-svano-puseje-2\\\/#breadcrumb\"},\"inLanguage\":\"en-GB\",\"potentialAction\":[{\"@type\":\"ReadAction\",\"target\":[\"https:\\\/\\\/skaitytaknyga.lt\\\/produktas\\\/prarasto-laiko-beieskant-svano-puseje-2\\\/\"]}]},{\"@type\":\"ImageObject\",\"inLanguage\":\"en-GB\",\"@id\":\"https:\\\/\\\/skaitytaknyga.lt\\\/produktas\\\/prarasto-laiko-beieskant-svano-puseje-2\\\/#primaryimage\",\"url\":\"https:\\\/\\\/skaitytaknyga.lt\\\/wp-content\\\/uploads\\\/2024\\\/04\\\/1462880888_img0004.jpg\",\"contentUrl\":\"https:\\\/\\\/skaitytaknyga.lt\\\/wp-content\\\/uploads\\\/2024\\\/04\\\/1462880888_img0004.jpg\",\"width\":277,\"height\":430},{\"@type\":\"BreadcrumbList\",\"@id\":\"https:\\\/\\\/skaitytaknyga.lt\\\/produktas\\\/prarasto-laiko-beieskant-svano-puseje-2\\\/#breadcrumb\",\"itemListElement\":[{\"@type\":\"ListItem\",\"position\":1,\"name\":\"Home\",\"item\":\"https:\\\/\\\/skaitytaknyga.lt\\\/\"},{\"@type\":\"ListItem\",\"position\":2,\"name\":\"Parduotuv\u0117\",\"item\":\"https:\\\/\\\/skaitytaknyga.lt\\\/knygu-parduotuve\\\/\"},{\"@type\":\"ListItem\",\"position\":3,\"name\":\"Prarasto laiko beie\u0161kant. Svano pus\u0117je\"}]},{\"@type\":\"WebSite\",\"@id\":\"https:\\\/\\\/skaitytaknyga.lt\\\/#website\",\"url\":\"https:\\\/\\\/skaitytaknyga.lt\\\/\",\"name\":\"skaitytaknyga.lt\",\"description\":\"Skaitytaknyga.lt \u2013 tai ma\u017eas \u0161eimos verslas, kuris prasid\u0117jo nuo meil\u0117s knygoms ir siekio i\u0161gelb\u0117ti knygas nuo likimo prie konteinerio. Kas vienam nereikalingas daiktas \u2013 kitam lobis, o mes esame tarpininkai, kurie padeda abiems tapti laimingesniems ???? \u017dinome kaip nelengva i\u0161gyventi ma\u017eiems verslams, tad nuo \u0161iol, \u010dia rasite ir kit\u0173, ma\u017e\u0173 \u0161eim\u0173 versl\u0173, rank\u0173 darbo, dovan\u0173 sau ir artimiesiems.\",\"publisher\":{\"@id\":\"https:\\\/\\\/skaitytaknyga.lt\\\/#organization\"},\"potentialAction\":[{\"@type\":\"SearchAction\",\"target\":{\"@type\":\"EntryPoint\",\"urlTemplate\":\"https:\\\/\\\/skaitytaknyga.lt\\\/?s={search_term_string}\"},\"query-input\":{\"@type\":\"PropertyValueSpecification\",\"valueRequired\":true,\"valueName\":\"search_term_string\"}}],\"inLanguage\":\"en-GB\"},{\"@type\":\"Organization\",\"@id\":\"https:\\\/\\\/skaitytaknyga.lt\\\/#organization\",\"name\":\"skaitytaknyga.lt\",\"url\":\"https:\\\/\\\/skaitytaknyga.lt\\\/\",\"logo\":{\"@type\":\"ImageObject\",\"inLanguage\":\"en-GB\",\"@id\":\"https:\\\/\\\/skaitytaknyga.lt\\\/#\\\/schema\\\/logo\\\/image\\\/\",\"url\":\"https:\\\/\\\/skaitytaknyga.lt\\\/wp-content\\\/uploads\\\/2024\\\/05\\\/cropped-cropped-cropped-02_00843_jt3bggkj1j3HLc7SyY6rEUpg.jpeg\",\"contentUrl\":\"https:\\\/\\\/skaitytaknyga.lt\\\/wp-content\\\/uploads\\\/2024\\\/05\\\/cropped-cropped-cropped-02_00843_jt3bggkj1j3HLc7SyY6rEUpg.jpeg\",\"width\":1600,\"height\":1600,\"caption\":\"skaitytaknyga.lt\"},\"image\":{\"@id\":\"https:\\\/\\\/skaitytaknyga.lt\\\/#\\\/schema\\\/logo\\\/image\\\/\"},\"sameAs\":[\"https:\\\/\\\/www.facebook.com\\\/skaitytaknyga\\\/\"]}]}<\/script>\n<!-- \/ Yoast SEO plugin. -->","yoast_head_json":{"title":"Prarasto laiko beie\u0161kant. Svano pus\u0117je - Skaitytaknyga","description":"Svano pus\u0117je \u2013 pirmas\u00a0Marcelio Prousto\u00a0(1871\u20131922)\u00a0Prarasto laiko beie\u0161kant\u00a0ciklo romanas, prad\u0117tas ra\u0161yti 1909 m. Vienas \u012fsimintiniausi\u0173 k\u016brini\u0173 literat\u016bros istorijoje: \u201eSvarbiausias \u012fvykis \u2013 romanas Prarasto laiko beie\u0161kant. Nepaprastas subtilus rafinuotumas ir svaiginama gelm\u0117. Fantasti\u0161kas stilius. Visas Freudas iki tikrojo Freudo atsiradimo. Mil\u017eini\u0161ka \u017eod\u017ei\u0173, metafor\u0173 ir b\u016bdvard\u017ei\u0173 ro\u017e\u0117. Paskutin\u0117 katedra.\u201c -\u00a0Patrick Grainville, Lire, 1997 m.  Pirmoje romano dalyje atskleid\u017eiamos jautrios vaikyst\u0117s impresijos, kurias i\u0161\u0161aukia \u201enedideli\u0173 ir putli\u0173 ma\u017eosiomis madlenomis vadinam\u0173 pyragai\u010di\u0173\u201c pa\u017e\u012fstamas skonis. Antroji\u00a0Svano pus\u0117je\u00a0dalis \u2013 Svano meil\u0117s ir pavydo studija, laikoma kertine ir t\u0119stine strukt\u016bra vis\u0173 septyni\u0173\u00a0Prarasto laiko beie\u0161kant\u00a0dali\u0173 ciklo architekt\u016broje, kuri\u0105 u\u017ebaigia tre\u010dioji dalis, skleid\u017eianti pagrindines autoriui r\u016bpimas temas \u2013 laiko, atminties, meno prigimties.","robots":{"index":"index","follow":"follow","max-snippet":"max-snippet:-1","max-image-preview":"max-image-preview:large","max-video-preview":"max-video-preview:-1"},"canonical":"https:\/\/skaitytaknyga.lt\/en\/produktas\/prarasto-laiko-beieskant-svano-puseje-2\/","og_locale":"en_GB","og_type":"article","og_title":"Prarasto laiko beie\u0161kant. Svano pus\u0117je - Skaitytaknyga","og_description":"Svano pus\u0117je \u2013 pirmas\u00a0Marcelio Prousto\u00a0(1871\u20131922)\u00a0Prarasto laiko beie\u0161kant\u00a0ciklo romanas, prad\u0117tas ra\u0161yti 1909 m. Vienas \u012fsimintiniausi\u0173 k\u016brini\u0173 literat\u016bros istorijoje: \u201eSvarbiausias \u012fvykis \u2013 romanas Prarasto laiko beie\u0161kant. Nepaprastas subtilus rafinuotumas ir svaiginama gelm\u0117. Fantasti\u0161kas stilius. Visas Freudas iki tikrojo Freudo atsiradimo. Mil\u017eini\u0161ka \u017eod\u017ei\u0173, metafor\u0173 ir b\u016bdvard\u017ei\u0173 ro\u017e\u0117. Paskutin\u0117 katedra.\u201c -\u00a0Patrick Grainville, Lire, 1997 m.  Pirmoje romano dalyje atskleid\u017eiamos jautrios vaikyst\u0117s impresijos, kurias i\u0161\u0161aukia \u201enedideli\u0173 ir putli\u0173 ma\u017eosiomis madlenomis vadinam\u0173 pyragai\u010di\u0173\u201c pa\u017e\u012fstamas skonis. Antroji\u00a0Svano pus\u0117je\u00a0dalis \u2013 Svano meil\u0117s ir pavydo studija, laikoma kertine ir t\u0119stine strukt\u016bra vis\u0173 septyni\u0173\u00a0Prarasto laiko beie\u0161kant\u00a0dali\u0173 ciklo architekt\u016broje, kuri\u0105 u\u017ebaigia tre\u010dioji dalis, skleid\u017eianti pagrindines autoriui r\u016bpimas temas \u2013 laiko, atminties, meno prigimties.","og_url":"https:\/\/skaitytaknyga.lt\/en\/produktas\/prarasto-laiko-beieskant-svano-puseje-2\/","og_site_name":"Skaitytaknyga","article_publisher":"https:\/\/www.facebook.com\/skaitytaknyga\/","article_modified_time":"2024-05-04T14:50:29+00:00","og_image":[{"width":277,"height":430,"url":"https:\/\/skaitytaknyga.lt\/wp-content\/uploads\/2024\/04\/1462880888_img0004.jpg","type":"image\/jpeg"}],"twitter_card":"summary_large_image","twitter_misc":{"Estimated reading time":"1 minute"},"schema":{"@context":"https:\/\/schema.org","@graph":[{"@type":"WebPage","@id":"https:\/\/skaitytaknyga.lt\/produktas\/prarasto-laiko-beieskant-svano-puseje-2\/","url":"https:\/\/skaitytaknyga.lt\/produktas\/prarasto-laiko-beieskant-svano-puseje-2\/","name":"Prarasto laiko beie\u0161kant. Svano pus\u0117je - Skaitytaknyga","isPartOf":{"@id":"https:\/\/skaitytaknyga.lt\/#website"},"primaryImageOfPage":{"@id":"https:\/\/skaitytaknyga.lt\/produktas\/prarasto-laiko-beieskant-svano-puseje-2\/#primaryimage"},"image":{"@id":"https:\/\/skaitytaknyga.lt\/produktas\/prarasto-laiko-beieskant-svano-puseje-2\/#primaryimage"},"thumbnailUrl":"https:\/\/skaitytaknyga.lt\/wp-content\/uploads\/2024\/04\/1462880888_img0004.jpg","datePublished":"2024-05-04T14:50:21+00:00","dateModified":"2024-05-04T14:50:29+00:00","description":"Svano pus\u0117je \u2013 pirmas\u00a0Marcelio Prousto\u00a0(1871\u20131922)\u00a0Prarasto laiko beie\u0161kant\u00a0ciklo romanas, prad\u0117tas ra\u0161yti 1909 m. Vienas \u012fsimintiniausi\u0173 k\u016brini\u0173 literat\u016bros istorijoje: \u201eSvarbiausias \u012fvykis \u2013 romanas Prarasto laiko beie\u0161kant. Nepaprastas subtilus rafinuotumas ir svaiginama gelm\u0117. Fantasti\u0161kas stilius. Visas Freudas iki tikrojo Freudo atsiradimo. Mil\u017eini\u0161ka \u017eod\u017ei\u0173, metafor\u0173 ir b\u016bdvard\u017ei\u0173 ro\u017e\u0117. Paskutin\u0117 katedra.\u201c -\u00a0Patrick Grainville, Lire, 1997 m. Pirmoje romano dalyje atskleid\u017eiamos jautrios vaikyst\u0117s impresijos, kurias i\u0161\u0161aukia \u201enedideli\u0173 ir putli\u0173 ma\u017eosiomis madlenomis vadinam\u0173 pyragai\u010di\u0173\u201c pa\u017e\u012fstamas skonis. Antroji\u00a0Svano pus\u0117je\u00a0dalis \u2013 Svano meil\u0117s ir pavydo studija, laikoma kertine ir t\u0119stine strukt\u016bra vis\u0173 septyni\u0173\u00a0Prarasto laiko beie\u0161kant\u00a0dali\u0173 ciklo architekt\u016broje, kuri\u0105 u\u017ebaigia tre\u010dioji dalis, skleid\u017eianti pagrindines autoriui r\u016bpimas temas \u2013 laiko, atminties, meno prigimties.","breadcrumb":{"@id":"https:\/\/skaitytaknyga.lt\/produktas\/prarasto-laiko-beieskant-svano-puseje-2\/#breadcrumb"},"inLanguage":"en-GB","potentialAction":[{"@type":"ReadAction","target":["https:\/\/skaitytaknyga.lt\/produktas\/prarasto-laiko-beieskant-svano-puseje-2\/"]}]},{"@type":"ImageObject","inLanguage":"en-GB","@id":"https:\/\/skaitytaknyga.lt\/produktas\/prarasto-laiko-beieskant-svano-puseje-2\/#primaryimage","url":"https:\/\/skaitytaknyga.lt\/wp-content\/uploads\/2024\/04\/1462880888_img0004.jpg","contentUrl":"https:\/\/skaitytaknyga.lt\/wp-content\/uploads\/2024\/04\/1462880888_img0004.jpg","width":277,"height":430},{"@type":"BreadcrumbList","@id":"https:\/\/skaitytaknyga.lt\/produktas\/prarasto-laiko-beieskant-svano-puseje-2\/#breadcrumb","itemListElement":[{"@type":"ListItem","position":1,"name":"Home","item":"https:\/\/skaitytaknyga.lt\/"},{"@type":"ListItem","position":2,"name":"Parduotuv\u0117","item":"https:\/\/skaitytaknyga.lt\/knygu-parduotuve\/"},{"@type":"ListItem","position":3,"name":"Prarasto laiko beie\u0161kant. Svano pus\u0117je"}]},{"@type":"WebSite","@id":"https:\/\/skaitytaknyga.lt\/#website","url":"https:\/\/skaitytaknyga.lt\/","name":"skaitytaknyga.lt","description":"Skaitytaknyga.lt \u2013 tai ma\u017eas \u0161eimos verslas, kuris prasid\u0117jo nuo meil\u0117s knygoms ir siekio i\u0161gelb\u0117ti knygas nuo likimo prie konteinerio. Kas vienam nereikalingas daiktas \u2013 kitam lobis, o mes esame tarpininkai, kurie padeda abiems tapti laimingesniems ???? \u017dinome kaip nelengva i\u0161gyventi ma\u017eiems verslams, tad nuo \u0161iol, \u010dia rasite ir kit\u0173, ma\u017e\u0173 \u0161eim\u0173 versl\u0173, rank\u0173 darbo, dovan\u0173 sau ir artimiesiems.","publisher":{"@id":"https:\/\/skaitytaknyga.lt\/#organization"},"potentialAction":[{"@type":"SearchAction","target":{"@type":"EntryPoint","urlTemplate":"https:\/\/skaitytaknyga.lt\/?s={search_term_string}"},"query-input":{"@type":"PropertyValueSpecification","valueRequired":true,"valueName":"search_term_string"}}],"inLanguage":"en-GB"},{"@type":"Organization","@id":"https:\/\/skaitytaknyga.lt\/#organization","name":"skaitytaknyga.lt","url":"https:\/\/skaitytaknyga.lt\/","logo":{"@type":"ImageObject","inLanguage":"en-GB","@id":"https:\/\/skaitytaknyga.lt\/#\/schema\/logo\/image\/","url":"https:\/\/skaitytaknyga.lt\/wp-content\/uploads\/2024\/05\/cropped-cropped-cropped-02_00843_jt3bggkj1j3HLc7SyY6rEUpg.jpeg","contentUrl":"https:\/\/skaitytaknyga.lt\/wp-content\/uploads\/2024\/05\/cropped-cropped-cropped-02_00843_jt3bggkj1j3HLc7SyY6rEUpg.jpeg","width":1600,"height":1600,"caption":"skaitytaknyga.lt"},"image":{"@id":"https:\/\/skaitytaknyga.lt\/#\/schema\/logo\/image\/"},"sameAs":["https:\/\/www.facebook.com\/skaitytaknyga\/"]}]}},"_links":{"self":[{"href":"https:\/\/skaitytaknyga.lt\/en\/wp-json\/wp\/v2\/product\/8718","targetHints":{"allow":["GET"]}}],"collection":[{"href":"https:\/\/skaitytaknyga.lt\/en\/wp-json\/wp\/v2\/product"}],"about":[{"href":"https:\/\/skaitytaknyga.lt\/en\/wp-json\/wp\/v2\/types\/product"}],"replies":[{"embeddable":true,"href":"https:\/\/skaitytaknyga.lt\/en\/wp-json\/wp\/v2\/comments?post=8718"}],"wp:featuredmedia":[{"embeddable":true,"href":"https:\/\/skaitytaknyga.lt\/en\/wp-json\/wp\/v2\/media\/5096"}],"wp:attachment":[{"href":"https:\/\/skaitytaknyga.lt\/en\/wp-json\/wp\/v2\/media?parent=8718"}],"wp:term":[{"taxonomy":"product_brand","embeddable":true,"href":"https:\/\/skaitytaknyga.lt\/en\/wp-json\/wp\/v2\/product_brand?post=8718"},{"taxonomy":"product_cat","embeddable":true,"href":"https:\/\/skaitytaknyga.lt\/en\/wp-json\/wp\/v2\/product_cat?post=8718"},{"taxonomy":"product_tag","embeddable":true,"href":"https:\/\/skaitytaknyga.lt\/en\/wp-json\/wp\/v2\/product_tag?post=8718"}],"curies":[{"name":"wp","href":"https:\/\/api.w.org\/{rel}","templated":true}]}}