{"id":8701,"date":"2024-05-04T14:50:00","date_gmt":"2024-05-04T14:50:00","guid":{"rendered":"https:\/\/skaitytaknyga.lt\/?post_type=product&#038;p=8701"},"modified":"2026-02-26T13:09:33","modified_gmt":"2026-02-26T11:09:33","slug":"paneles-ir-nasles-2-dalis","status":"publish","type":"product","link":"https:\/\/skaitytaknyga.lt\/en\/produktas\/paneles-ir-nasles-2-dalis\/","title":{"rendered":"Panel\u0117s ir na\u0161l\u0117s, 2 dalis"},"content":{"rendered":"<p>Tema \u2013 serija \u0160iuolaikinis Europos romanas.Marija Nurovska (Maria Nurowska, g. 1944) \u2013 viena \u017einomiausi\u0173 \u0161iuolaikini\u0173 lenk\u0173 ra\u0161ytoj\u0173. Ji studijavo lenk\u0173 ir slav\u0173 \u00a0literat\u016br\u0105 Var\u0161uvos universitete, para\u0161\u0117 daugiau kaip 30 kritik\u0173 gerai \u012fvertint\u0173 roman\u0173. M. Nurowskos k\u016bryba i\u0161versta \u012f daugiau nei 10 kalb\u0173.Trilogija \u201ePanel\u0117s ir na\u0161l\u0117s\u201c \u2013 tai epinis pasakojimas, apimantis beveik \u0161imt\u0105 met\u0173 nuo 1863\u20131864 m. sukilimo iki \u0161i\u0173 dien\u0173. Keli\u0173 vienos \u0161eimos moter\u0173 kart\u0173 likimai glaud\u017eiai persipina su Lenkijos istorija. Romano veiksmas vyksta Sibire, Pary\u017eiuje, Var\u0161uvoje, paskui soviet\u0173 lageriuose ir galiausiai \u0161eimos dvare Lechice. Motinos, \u017emonos ir dukterys i\u0161gyvena sunkius laikus kaip ir visa \u0161alis. Jos susiduria su artim\u0173j\u0173 mirtimi ir skaud\u017eiais likimo sm\u016bgiais, i\u0161gyvena Pary\u017eiaus Komunos, Hitlerio okupacijos, stalinistinio laikotarpio ir karo metus.<\/p>\n","protected":false},"excerpt":{"rendered":"<p>Tema \u2013 serija \u0160iuolaikinis Europos romanas.Marija Nurovska (Maria Nurowska, g. 1944) \u2013 viena \u017einomiausi\u0173 \u0161iuolaikini\u0173 lenk\u0173 ra\u0161ytoj\u0173. Ji studijavo lenk\u0173 ir slav\u0173 \u00a0literat\u016br\u0105 Var\u0161uvos universitete, para\u0161\u0117 daugiau kaip 30 kritik\u0173 gerai \u012fvertint\u0173 roman\u0173. M. Nurowskos k\u016bryba i\u0161versta \u012f daugiau nei 10 kalb\u0173.Trilogija \u201ePanel\u0117s ir na\u0161l\u0117s\u201c \u2013 tai epinis pasakojimas, apimantis beveik \u0161imt\u0105 met\u0173 nuo 1863\u20131864 m. sukilimo iki \u0161i\u0173 dien\u0173. Keli\u0173 vienos \u0161eimos moter\u0173 kart\u0173 likimai glaud\u017eiai persipina su Lenkijos istorija. Romano veiksmas vyksta Sibire, Pary\u017eiuje, Var\u0161uvoje, paskui soviet\u0173 lageriuose ir galiausiai \u0161eimos dvare Lechice. Motinos, \u017emonos ir dukterys i\u0161gyvena sunkius laikus kaip ir visa \u0161alis. Jos susiduria su artim\u0173j\u0173 mirtimi ir skaud\u017eiais likimo sm\u016bgiais, i\u0161gyvena Pary\u017eiaus Komunos, Hitlerio okupacijos, stalinistinio laikotarpio ir karo metus.<\/p>\n","protected":false},"featured_media":5080,"comment_status":"closed","ping_status":"closed","template":"","meta":{"_acf_changed":false,"site-sidebar-layout":"default","site-content-layout":"","ast-site-content-layout":"default","site-content-style":"default","site-sidebar-style":"default","ast-global-header-display":"","ast-banner-title-visibility":"","ast-main-header-display":"","ast-hfb-above-header-display":"","ast-hfb-below-header-display":"","ast-hfb-mobile-header-display":"","site-post-title":"","ast-breadcrumbs-content":"","ast-featured-img":"","footer-sml-layout":"","ast-disable-related-posts":"","theme-transparent-header-meta":"default","adv-header-id-meta":"","stick-header-meta":"","header-above-stick-meta":"","header-main-stick-meta":"","header-below-stick-meta":"","astra-migrate-meta-layouts":"set","ast-page-background-enabled":"default","ast-page-background-meta":{"desktop":{"background-color":"","background-image":"","background-repeat":"repeat","background-position":"center center","background-size":"auto","background-attachment":"scroll","background-type":"","background-media":"","overlay-type":"","overlay-color":"","overlay-opacity":"","overlay-gradient":""},"tablet":{"background-color":"","background-image":"","background-repeat":"repeat","background-position":"center center","background-size":"auto","background-attachment":"scroll","background-type":"","background-media":"","overlay-type":"","overlay-color":"","overlay-opacity":"","overlay-gradient":""},"mobile":{"background-color":"","background-image":"","background-repeat":"repeat","background-position":"center center","background-size":"auto","background-attachment":"scroll","background-type":"","background-media":"","overlay-type":"","overlay-color":"","overlay-opacity":"","overlay-gradient":""}},"ast-content-background-meta":{"desktop":{"background-color":"var(--ast-global-color-4)","background-image":"","background-repeat":"repeat","background-position":"center center","background-size":"auto","background-attachment":"scroll","background-type":"","background-media":"","overlay-type":"","overlay-color":"","overlay-opacity":"","overlay-gradient":""},"tablet":{"background-color":"var(--ast-global-color-4)","background-image":"","background-repeat":"repeat","background-position":"center center","background-size":"auto","background-attachment":"scroll","background-type":"","background-media":"","overlay-type":"","overlay-color":"","overlay-opacity":"","overlay-gradient":""},"mobile":{"background-color":"var(--ast-global-color-4)","background-image":"","background-repeat":"repeat","background-position":"center center","background-size":"auto","background-attachment":"scroll","background-type":"","background-media":"","overlay-type":"","overlay-color":"","overlay-opacity":"","overlay-gradient":""}}},"product_brand":[],"product_cat":[31],"product_tag":[3037,2995,3046,2582,1745],"class_list":{"0":"post-8701","1":"product","2":"type-product","3":"status-publish","4":"has-post-thumbnail","6":"product_cat-grozine-literatura","7":"product_tag-istorine-proza","8":"product_tag-lenkijos-istorija","9":"product_tag-maria-nurowska","10":"product_tag-moterys","11":"product_tag-romanas","12":"desktop-align-left","13":"tablet-align-left","14":"mobile-align-left","16":"first","17":"outofstock","18":"shipping-taxable","19":"purchasable","20":"product-type-simple"},"acf":[],"yoast_head":"<!-- This site is optimized with the Yoast SEO plugin v27.0 - https:\/\/yoast.com\/product\/yoast-seo-wordpress\/ -->\n<title>Panel\u0117s ir na\u0161l\u0117s, 2 dalis<\/title>\n<meta name=\"description\" content=\"Tema \u2013 serija \u0160iuolaikinis Europos romanas.Marija Nurovska (Maria Nurowska, g. 1944) \u2013 viena \u017einomiausi\u0173 \u0161iuolaikini\u0173 lenk\u0173 ra\u0161ytoj\u0173. Ji studijavo lenk\u0173 ir slav\u0173 \u00a0literat\u016br\u0105 Var\u0161uvos universitete, para\u0161\u0117 daugiau kaip 30 kritik\u0173 gerai \u012fvertint\u0173 roman\u0173. M. Nurowskos k\u016bryba i\u0161versta \u012f daugiau nei 10 kalb\u0173.Trilogija \u201ePanel\u0117s ir na\u0161l\u0117s\u201c \u2013 tai epinis pasakojimas, apimantis beveik \u0161imt\u0105 met\u0173 nuo 1863\u20131864 m. sukilimo iki \u0161i\u0173 dien\u0173. Keli\u0173 vienos \u0161eimos moter\u0173 kart\u0173 likimai glaud\u017eiai persipina su Lenkijos istorija. Romano veiksmas vyksta Sibire, Pary\u017eiuje, Var\u0161uvoje, paskui soviet\u0173 lageriuose ir galiausiai \u0161eimos dvare Lechice. Motinos, \u017emonos ir dukterys i\u0161gyvena sunkius laikus kaip ir visa \u0161alis. Jos susiduria su artim\u0173j\u0173 mirtimi ir skaud\u017eiais likimo sm\u016bgiais, i\u0161gyvena Pary\u017eiaus Komunos, Hitlerio okupacijos, stalinistinio laikotarpio ir karo metus.\" \/>\n<meta name=\"robots\" content=\"index, follow, max-snippet:-1, max-image-preview:large, max-video-preview:-1\" \/>\n<link rel=\"canonical\" href=\"https:\/\/skaitytaknyga.lt\/en\/produktas\/paneles-ir-nasles-2-dalis\/\" \/>\n<meta property=\"og:locale\" content=\"en_GB\" \/>\n<meta property=\"og:locale:alternate\" content=\"lt_LT\" \/>\n<meta property=\"og:type\" content=\"article\" \/>\n<meta property=\"og:title\" content=\"Panel\u0117s ir na\u0161l\u0117s, 2 dalis\" \/>\n<meta property=\"og:description\" content=\"Tema \u2013 serija \u0160iuolaikinis Europos romanas.Marija Nurovska (Maria Nurowska, g. 1944) \u2013 viena \u017einomiausi\u0173 \u0161iuolaikini\u0173 lenk\u0173 ra\u0161ytoj\u0173. Ji studijavo lenk\u0173 ir slav\u0173 \u00a0literat\u016br\u0105 Var\u0161uvos universitete, para\u0161\u0117 daugiau kaip 30 kritik\u0173 gerai \u012fvertint\u0173 roman\u0173. M. Nurowskos k\u016bryba i\u0161versta \u012f daugiau nei 10 kalb\u0173.Trilogija \u201ePanel\u0117s ir na\u0161l\u0117s\u201c \u2013 tai epinis pasakojimas, apimantis beveik \u0161imt\u0105 met\u0173 nuo 1863\u20131864 m. sukilimo iki \u0161i\u0173 dien\u0173. Keli\u0173 vienos \u0161eimos moter\u0173 kart\u0173 likimai glaud\u017eiai persipina su Lenkijos istorija. Romano veiksmas vyksta Sibire, Pary\u017eiuje, Var\u0161uvoje, paskui soviet\u0173 lageriuose ir galiausiai \u0161eimos dvare Lechice. Motinos, \u017emonos ir dukterys i\u0161gyvena sunkius laikus kaip ir visa \u0161alis. Jos susiduria su artim\u0173j\u0173 mirtimi ir skaud\u017eiais likimo sm\u016bgiais, i\u0161gyvena Pary\u017eiaus Komunos, Hitlerio okupacijos, stalinistinio laikotarpio ir karo metus.\" \/>\n<meta property=\"og:url\" content=\"https:\/\/skaitytaknyga.lt\/en\/produktas\/paneles-ir-nasles-2-dalis\/\" \/>\n<meta property=\"og:site_name\" content=\"Skaitytaknyga\" \/>\n<meta property=\"article:publisher\" content=\"https:\/\/www.facebook.com\/skaitytaknyga\/\" \/>\n<meta property=\"article:modified_time\" content=\"2026-02-26T11:09:33+00:00\" \/>\n<meta property=\"og:image\" content=\"https:\/\/skaitytaknyga.lt\/wp-content\/uploads\/2024\/04\/000000000002143681-59de803a68b9d-asset-knyguklubas-cdb_9785417010378_paneles_-ir_nasles_antra_dalis_p1.jpg\" \/>\n\t<meta property=\"og:image:width\" content=\"285\" \/>\n\t<meta property=\"og:image:height\" content=\"477\" \/>\n\t<meta property=\"og:image:type\" content=\"image\/jpeg\" \/>\n<meta name=\"twitter:card\" content=\"summary_large_image\" \/>\n<meta name=\"twitter:label1\" content=\"Estimated reading time\" \/>\n\t<meta name=\"twitter:data1\" content=\"1 minute\" \/>\n<script type=\"application\/ld+json\" class=\"yoast-schema-graph\">{\"@context\":\"https:\/\/schema.org\",\"@graph\":[{\"@type\":\"WebPage\",\"@id\":\"https:\/\/skaitytaknyga.lt\/produktas\/paneles-ir-nasles-2-dalis\/\",\"url\":\"https:\/\/skaitytaknyga.lt\/produktas\/paneles-ir-nasles-2-dalis\/\",\"name\":\"Panel\u0117s ir na\u0161l\u0117s, 2 dalis\",\"isPartOf\":{\"@id\":\"https:\/\/skaitytaknyga.lt\/#website\"},\"primaryImageOfPage\":{\"@id\":\"https:\/\/skaitytaknyga.lt\/produktas\/paneles-ir-nasles-2-dalis\/#primaryimage\"},\"image\":{\"@id\":\"https:\/\/skaitytaknyga.lt\/produktas\/paneles-ir-nasles-2-dalis\/#primaryimage\"},\"thumbnailUrl\":\"https:\/\/skaitytaknyga.lt\/wp-content\/uploads\/2024\/04\/000000000002143681-59de803a68b9d-asset-knyguklubas-cdb_9785417010378_paneles_-ir_nasles_antra_dalis_p1.jpg\",\"datePublished\":\"2024-05-04T14:50:00+00:00\",\"dateModified\":\"2026-02-26T11:09:33+00:00\",\"description\":\"Tema \u2013 serija \u0160iuolaikinis Europos romanas.Marija Nurovska (Maria Nurowska, g. 1944) \u2013 viena \u017einomiausi\u0173 \u0161iuolaikini\u0173 lenk\u0173 ra\u0161ytoj\u0173. Ji studijavo lenk\u0173 ir slav\u0173 \u00a0literat\u016br\u0105 Var\u0161uvos universitete, para\u0161\u0117 daugiau kaip 30 kritik\u0173 gerai \u012fvertint\u0173 roman\u0173. M. Nurowskos k\u016bryba i\u0161versta \u012f daugiau nei 10 kalb\u0173.Trilogija \u201ePanel\u0117s ir na\u0161l\u0117s\u201c \u2013 tai epinis pasakojimas, apimantis beveik \u0161imt\u0105 met\u0173 nuo 1863\u20131864 m. sukilimo iki \u0161i\u0173 dien\u0173. Keli\u0173 vienos \u0161eimos moter\u0173 kart\u0173 likimai glaud\u017eiai persipina su Lenkijos istorija. Romano veiksmas vyksta Sibire, Pary\u017eiuje, Var\u0161uvoje, paskui soviet\u0173 lageriuose ir galiausiai \u0161eimos dvare Lechice. Motinos, \u017emonos ir dukterys i\u0161gyvena sunkius laikus kaip ir visa \u0161alis. Jos susiduria su artim\u0173j\u0173 mirtimi ir skaud\u017eiais likimo sm\u016bgiais, i\u0161gyvena Pary\u017eiaus Komunos, Hitlerio okupacijos, stalinistinio laikotarpio ir karo metus.\",\"breadcrumb\":{\"@id\":\"https:\/\/skaitytaknyga.lt\/produktas\/paneles-ir-nasles-2-dalis\/#breadcrumb\"},\"inLanguage\":\"en-GB\",\"potentialAction\":[{\"@type\":\"ReadAction\",\"target\":[\"https:\/\/skaitytaknyga.lt\/produktas\/paneles-ir-nasles-2-dalis\/\"]}]},{\"@type\":\"ImageObject\",\"inLanguage\":\"en-GB\",\"@id\":\"https:\/\/skaitytaknyga.lt\/produktas\/paneles-ir-nasles-2-dalis\/#primaryimage\",\"url\":\"https:\/\/skaitytaknyga.lt\/wp-content\/uploads\/2024\/04\/000000000002143681-59de803a68b9d-asset-knyguklubas-cdb_9785417010378_paneles_-ir_nasles_antra_dalis_p1.jpg\",\"contentUrl\":\"https:\/\/skaitytaknyga.lt\/wp-content\/uploads\/2024\/04\/000000000002143681-59de803a68b9d-asset-knyguklubas-cdb_9785417010378_paneles_-ir_nasles_antra_dalis_p1.jpg\",\"width\":285,\"height\":477,\"caption\":\"Panel\u0117s ir na\u0161l\u0117s, 2 dalis\"},{\"@type\":\"BreadcrumbList\",\"@id\":\"https:\/\/skaitytaknyga.lt\/produktas\/paneles-ir-nasles-2-dalis\/#breadcrumb\",\"itemListElement\":[{\"@type\":\"ListItem\",\"position\":1,\"name\":\"Home\",\"item\":\"https:\/\/skaitytaknyga.lt\/\"},{\"@type\":\"ListItem\",\"position\":2,\"name\":\"Parduotuv\u0117\",\"item\":\"https:\/\/skaitytaknyga.lt\/knygu-parduotuve\/\"},{\"@type\":\"ListItem\",\"position\":3,\"name\":\"Panel\u0117s ir na\u0161l\u0117s, 2 dalis\"}]},{\"@type\":\"WebSite\",\"@id\":\"https:\/\/skaitytaknyga.lt\/#website\",\"url\":\"https:\/\/skaitytaknyga.lt\/\",\"name\":\"skaitytaknyga.lt\",\"description\":\"Skaitytaknyga.lt \u2013 tai ma\u017eas \u0161eimos verslas, kuris prasid\u0117jo nuo meil\u0117s knygoms ir siekio i\u0161gelb\u0117ti knygas nuo likimo prie konteinerio. Kas vienam nereikalingas daiktas \u2013 kitam lobis, o mes esame tarpininkai, kurie padeda abiems tapti laimingesniems ???? \u017dinome kaip nelengva i\u0161gyventi ma\u017eiems verslams, tad nuo \u0161iol, \u010dia rasite ir kit\u0173, ma\u017e\u0173 \u0161eim\u0173 versl\u0173, rank\u0173 darbo, dovan\u0173 sau ir artimiesiems.\",\"publisher\":{\"@id\":\"https:\/\/skaitytaknyga.lt\/#organization\"},\"potentialAction\":[{\"@type\":\"SearchAction\",\"target\":{\"@type\":\"EntryPoint\",\"urlTemplate\":\"https:\/\/skaitytaknyga.lt\/?s={search_term_string}\"},\"query-input\":{\"@type\":\"PropertyValueSpecification\",\"valueRequired\":true,\"valueName\":\"search_term_string\"}}],\"inLanguage\":\"en-GB\"},{\"@type\":\"Organization\",\"@id\":\"https:\/\/skaitytaknyga.lt\/#organization\",\"name\":\"skaitytaknyga.lt\",\"url\":\"https:\/\/skaitytaknyga.lt\/\",\"logo\":{\"@type\":\"ImageObject\",\"inLanguage\":\"en-GB\",\"@id\":\"https:\/\/skaitytaknyga.lt\/#\/schema\/logo\/image\/\",\"url\":\"https:\/\/skaitytaknyga.lt\/wp-content\/uploads\/2024\/05\/cropped-cropped-cropped-02_00843_jt3bggkj1j3HLc7SyY6rEUpg.jpeg\",\"contentUrl\":\"https:\/\/skaitytaknyga.lt\/wp-content\/uploads\/2024\/05\/cropped-cropped-cropped-02_00843_jt3bggkj1j3HLc7SyY6rEUpg.jpeg\",\"width\":1600,\"height\":1600,\"caption\":\"skaitytaknyga.lt\"},\"image\":{\"@id\":\"https:\/\/skaitytaknyga.lt\/#\/schema\/logo\/image\/\"},\"sameAs\":[\"https:\/\/www.facebook.com\/skaitytaknyga\/\"]}]}<\/script>\n<!-- \/ Yoast SEO plugin. -->","yoast_head_json":{"title":"Panel\u0117s ir na\u0161l\u0117s, 2 dalis","description":"Tema \u2013 serija \u0160iuolaikinis Europos romanas.Marija Nurovska (Maria Nurowska, g. 1944) \u2013 viena \u017einomiausi\u0173 \u0161iuolaikini\u0173 lenk\u0173 ra\u0161ytoj\u0173. Ji studijavo lenk\u0173 ir slav\u0173 \u00a0literat\u016br\u0105 Var\u0161uvos universitete, para\u0161\u0117 daugiau kaip 30 kritik\u0173 gerai \u012fvertint\u0173 roman\u0173. M. Nurowskos k\u016bryba i\u0161versta \u012f daugiau nei 10 kalb\u0173.Trilogija \u201ePanel\u0117s ir na\u0161l\u0117s\u201c \u2013 tai epinis pasakojimas, apimantis beveik \u0161imt\u0105 met\u0173 nuo 1863\u20131864 m. sukilimo iki \u0161i\u0173 dien\u0173. Keli\u0173 vienos \u0161eimos moter\u0173 kart\u0173 likimai glaud\u017eiai persipina su Lenkijos istorija. Romano veiksmas vyksta Sibire, Pary\u017eiuje, Var\u0161uvoje, paskui soviet\u0173 lageriuose ir galiausiai \u0161eimos dvare Lechice. Motinos, \u017emonos ir dukterys i\u0161gyvena sunkius laikus kaip ir visa \u0161alis. Jos susiduria su artim\u0173j\u0173 mirtimi ir skaud\u017eiais likimo sm\u016bgiais, i\u0161gyvena Pary\u017eiaus Komunos, Hitlerio okupacijos, stalinistinio laikotarpio ir karo metus.","robots":{"index":"index","follow":"follow","max-snippet":"max-snippet:-1","max-image-preview":"max-image-preview:large","max-video-preview":"max-video-preview:-1"},"canonical":"https:\/\/skaitytaknyga.lt\/en\/produktas\/paneles-ir-nasles-2-dalis\/","og_locale":"en_GB","og_type":"article","og_title":"[:lt]Panel\u0117s ir na\u0161l\u0117s, 2 dalis[:] - Skaitytaknyga","og_description":"Tema \u2013 serija \u0160iuolaikinis Europos romanas.Marija Nurovska (Maria Nurowska, g. 1944) \u2013 viena \u017einomiausi\u0173 \u0161iuolaikini\u0173 lenk\u0173 ra\u0161ytoj\u0173. Ji studijavo lenk\u0173 ir slav\u0173 \u00a0literat\u016br\u0105 Var\u0161uvos universitete, para\u0161\u0117 daugiau kaip 30 kritik\u0173 gerai \u012fvertint\u0173 roman\u0173. M. Nurowskos k\u016bryba i\u0161versta \u012f daugiau nei 10 kalb\u0173.Trilogija \u201ePanel\u0117s ir na\u0161l\u0117s\u201c \u2013 tai epinis pasakojimas, apimantis beveik \u0161imt\u0105 met\u0173 nuo 1863\u20131864 m. sukilimo iki \u0161i\u0173 dien\u0173. Keli\u0173 vienos \u0161eimos moter\u0173 kart\u0173 likimai glaud\u017eiai persipina su Lenkijos istorija. Romano veiksmas vyksta Sibire, Pary\u017eiuje, Var\u0161uvoje, paskui soviet\u0173 lageriuose ir galiausiai \u0161eimos dvare Lechice. Motinos, \u017emonos ir dukterys i\u0161gyvena sunkius laikus kaip ir visa \u0161alis. Jos susiduria su artim\u0173j\u0173 mirtimi ir skaud\u017eiais likimo sm\u016bgiais, i\u0161gyvena Pary\u017eiaus Komunos, Hitlerio okupacijos, stalinistinio laikotarpio ir karo metus.","og_url":"https:\/\/skaitytaknyga.lt\/en\/produktas\/paneles-ir-nasles-2-dalis\/","og_site_name":"Skaitytaknyga","article_publisher":"https:\/\/www.facebook.com\/skaitytaknyga\/","article_modified_time":"2026-02-26T11:09:33+00:00","og_image":[{"width":285,"height":477,"url":"https:\/\/skaitytaknyga.lt\/wp-content\/uploads\/2024\/04\/000000000002143681-59de803a68b9d-asset-knyguklubas-cdb_9785417010378_paneles_-ir_nasles_antra_dalis_p1.jpg","type":"image\/jpeg"}],"twitter_card":"summary_large_image","twitter_misc":{"Estimated reading time":"1 minute"},"schema":{"@context":"https:\/\/schema.org","@graph":[{"@type":"WebPage","@id":"https:\/\/skaitytaknyga.lt\/produktas\/paneles-ir-nasles-2-dalis\/","url":"https:\/\/skaitytaknyga.lt\/produktas\/paneles-ir-nasles-2-dalis\/","name":"Panel\u0117s ir na\u0161l\u0117s, 2 dalis","isPartOf":{"@id":"https:\/\/skaitytaknyga.lt\/#website"},"primaryImageOfPage":{"@id":"https:\/\/skaitytaknyga.lt\/produktas\/paneles-ir-nasles-2-dalis\/#primaryimage"},"image":{"@id":"https:\/\/skaitytaknyga.lt\/produktas\/paneles-ir-nasles-2-dalis\/#primaryimage"},"thumbnailUrl":"https:\/\/skaitytaknyga.lt\/wp-content\/uploads\/2024\/04\/000000000002143681-59de803a68b9d-asset-knyguklubas-cdb_9785417010378_paneles_-ir_nasles_antra_dalis_p1.jpg","datePublished":"2024-05-04T14:50:00+00:00","dateModified":"2026-02-26T11:09:33+00:00","description":"Tema \u2013 serija \u0160iuolaikinis Europos romanas.Marija Nurovska (Maria Nurowska, g. 1944) \u2013 viena \u017einomiausi\u0173 \u0161iuolaikini\u0173 lenk\u0173 ra\u0161ytoj\u0173. Ji studijavo lenk\u0173 ir slav\u0173 \u00a0literat\u016br\u0105 Var\u0161uvos universitete, para\u0161\u0117 daugiau kaip 30 kritik\u0173 gerai \u012fvertint\u0173 roman\u0173. M. Nurowskos k\u016bryba i\u0161versta \u012f daugiau nei 10 kalb\u0173.Trilogija \u201ePanel\u0117s ir na\u0161l\u0117s\u201c \u2013 tai epinis pasakojimas, apimantis beveik \u0161imt\u0105 met\u0173 nuo 1863\u20131864 m. sukilimo iki \u0161i\u0173 dien\u0173. Keli\u0173 vienos \u0161eimos moter\u0173 kart\u0173 likimai glaud\u017eiai persipina su Lenkijos istorija. Romano veiksmas vyksta Sibire, Pary\u017eiuje, Var\u0161uvoje, paskui soviet\u0173 lageriuose ir galiausiai \u0161eimos dvare Lechice. Motinos, \u017emonos ir dukterys i\u0161gyvena sunkius laikus kaip ir visa \u0161alis. Jos susiduria su artim\u0173j\u0173 mirtimi ir skaud\u017eiais likimo sm\u016bgiais, i\u0161gyvena Pary\u017eiaus Komunos, Hitlerio okupacijos, stalinistinio laikotarpio ir karo metus.","breadcrumb":{"@id":"https:\/\/skaitytaknyga.lt\/produktas\/paneles-ir-nasles-2-dalis\/#breadcrumb"},"inLanguage":"en-GB","potentialAction":[{"@type":"ReadAction","target":["https:\/\/skaitytaknyga.lt\/produktas\/paneles-ir-nasles-2-dalis\/"]}]},{"@type":"ImageObject","inLanguage":"en-GB","@id":"https:\/\/skaitytaknyga.lt\/produktas\/paneles-ir-nasles-2-dalis\/#primaryimage","url":"https:\/\/skaitytaknyga.lt\/wp-content\/uploads\/2024\/04\/000000000002143681-59de803a68b9d-asset-knyguklubas-cdb_9785417010378_paneles_-ir_nasles_antra_dalis_p1.jpg","contentUrl":"https:\/\/skaitytaknyga.lt\/wp-content\/uploads\/2024\/04\/000000000002143681-59de803a68b9d-asset-knyguklubas-cdb_9785417010378_paneles_-ir_nasles_antra_dalis_p1.jpg","width":285,"height":477,"caption":"Panel\u0117s ir na\u0161l\u0117s, 2 dalis"},{"@type":"BreadcrumbList","@id":"https:\/\/skaitytaknyga.lt\/produktas\/paneles-ir-nasles-2-dalis\/#breadcrumb","itemListElement":[{"@type":"ListItem","position":1,"name":"Home","item":"https:\/\/skaitytaknyga.lt\/"},{"@type":"ListItem","position":2,"name":"Parduotuv\u0117","item":"https:\/\/skaitytaknyga.lt\/knygu-parduotuve\/"},{"@type":"ListItem","position":3,"name":"Panel\u0117s ir na\u0161l\u0117s, 2 dalis"}]},{"@type":"WebSite","@id":"https:\/\/skaitytaknyga.lt\/#website","url":"https:\/\/skaitytaknyga.lt\/","name":"skaitytaknyga.lt","description":"Skaitytaknyga.lt \u2013 tai ma\u017eas \u0161eimos verslas, kuris prasid\u0117jo nuo meil\u0117s knygoms ir siekio i\u0161gelb\u0117ti knygas nuo likimo prie konteinerio. Kas vienam nereikalingas daiktas \u2013 kitam lobis, o mes esame tarpininkai, kurie padeda abiems tapti laimingesniems ???? \u017dinome kaip nelengva i\u0161gyventi ma\u017eiems verslams, tad nuo \u0161iol, \u010dia rasite ir kit\u0173, ma\u017e\u0173 \u0161eim\u0173 versl\u0173, rank\u0173 darbo, dovan\u0173 sau ir artimiesiems.","publisher":{"@id":"https:\/\/skaitytaknyga.lt\/#organization"},"potentialAction":[{"@type":"SearchAction","target":{"@type":"EntryPoint","urlTemplate":"https:\/\/skaitytaknyga.lt\/?s={search_term_string}"},"query-input":{"@type":"PropertyValueSpecification","valueRequired":true,"valueName":"search_term_string"}}],"inLanguage":"en-GB"},{"@type":"Organization","@id":"https:\/\/skaitytaknyga.lt\/#organization","name":"skaitytaknyga.lt","url":"https:\/\/skaitytaknyga.lt\/","logo":{"@type":"ImageObject","inLanguage":"en-GB","@id":"https:\/\/skaitytaknyga.lt\/#\/schema\/logo\/image\/","url":"https:\/\/skaitytaknyga.lt\/wp-content\/uploads\/2024\/05\/cropped-cropped-cropped-02_00843_jt3bggkj1j3HLc7SyY6rEUpg.jpeg","contentUrl":"https:\/\/skaitytaknyga.lt\/wp-content\/uploads\/2024\/05\/cropped-cropped-cropped-02_00843_jt3bggkj1j3HLc7SyY6rEUpg.jpeg","width":1600,"height":1600,"caption":"skaitytaknyga.lt"},"image":{"@id":"https:\/\/skaitytaknyga.lt\/#\/schema\/logo\/image\/"},"sameAs":["https:\/\/www.facebook.com\/skaitytaknyga\/"]}]}},"_links":{"self":[{"href":"https:\/\/skaitytaknyga.lt\/en\/wp-json\/wp\/v2\/product\/8701","targetHints":{"allow":["GET"]}}],"collection":[{"href":"https:\/\/skaitytaknyga.lt\/en\/wp-json\/wp\/v2\/product"}],"about":[{"href":"https:\/\/skaitytaknyga.lt\/en\/wp-json\/wp\/v2\/types\/product"}],"replies":[{"embeddable":true,"href":"https:\/\/skaitytaknyga.lt\/en\/wp-json\/wp\/v2\/comments?post=8701"}],"wp:featuredmedia":[{"embeddable":true,"href":"https:\/\/skaitytaknyga.lt\/en\/wp-json\/wp\/v2\/media\/5080"}],"wp:attachment":[{"href":"https:\/\/skaitytaknyga.lt\/en\/wp-json\/wp\/v2\/media?parent=8701"}],"wp:term":[{"taxonomy":"product_brand","embeddable":true,"href":"https:\/\/skaitytaknyga.lt\/en\/wp-json\/wp\/v2\/product_brand?post=8701"},{"taxonomy":"product_cat","embeddable":true,"href":"https:\/\/skaitytaknyga.lt\/en\/wp-json\/wp\/v2\/product_cat?post=8701"},{"taxonomy":"product_tag","embeddable":true,"href":"https:\/\/skaitytaknyga.lt\/en\/wp-json\/wp\/v2\/product_tag?post=8701"}],"curies":[{"name":"wp","href":"https:\/\/api.w.org\/{rel}","templated":true}]}}