{"id":8696,"date":"2024-05-04T14:50:00","date_gmt":"2024-05-04T14:50:00","guid":{"rendered":"https:\/\/skaitytaknyga.lt\/?post_type=product&#038;p=8696"},"modified":"2024-05-04T14:50:09","modified_gmt":"2024-05-04T14:50:09","slug":"nerimo-seselyje-2","status":"publish","type":"product","link":"https:\/\/skaitytaknyga.lt\/en\/produktas\/nerimo-seselyje-2\/","title":{"rendered":"Nerimo \u0161e\u0161\u0117lyje"},"content":{"rendered":"<p>B\u016bdama a\u0161tuoneri\u0173, Sign\u0117 jau \u012fsivaizdavo savo gyvenim\u0105: ji taps drabu\u017ei\u0173 dizainere, i\u0161tek\u0117s u\u017e vyro, kuris pirmas j\u0105 pabu\u010diuos, ir susilauks daug vaik\u0173. Sign\u0117 &#8211; vienturt\u0117 pradini\u0173 klasi\u0173 mokytojos Hilmos dukt\u0117, kurios t\u0117vas &#8211; charizmati\u0161kas adjunktas Sigfridas Tornvalis. Jis netik\u0117tai mir\u0161ta, Signei sulaukus vos vienuolikos. Tik v\u0117liau Sign\u0117 su\u017eino, kad t\u0117vas sirgo nepagydoma psichikos liga. \u0160i \u017einia niekada nepaliks Sign\u0117s, persekiodama j\u0105 it gr\u0117smingas pikto \u0161e\u0161\u0117lis&#8230;<\/p>\n","protected":false},"excerpt":{"rendered":"<p>B\u016bdama a\u0161tuoneri\u0173, Sign\u0117 jau \u012fsivaizdavo savo gyvenim\u0105: ji taps drabu\u017ei\u0173 dizainere, i\u0161tek\u0117s u\u017e vyro, kuris pirmas j\u0105 pabu\u010diuos, ir susilauks daug vaik\u0173. Sign\u0117 &#8211; vienturt\u0117 pradini\u0173 klasi\u0173 mokytojos Hilmos dukt\u0117, kurios t\u0117vas &#8211; charizmati\u0161kas adjunktas Sigfridas Tornvalis. Jis netik\u0117tai mir\u0161ta, Signei sulaukus vos vienuolikos. Tik v\u0117liau Sign\u0117 su\u017eino, kad t\u0117vas sirgo nepagydoma psichikos liga. \u0160i \u017einia niekada nepaliks Sign\u0117s, persekiodama j\u0105 it gr\u0117smingas pikto \u0161e\u0161\u0117lis&#8230;<\/p>\n","protected":false},"featured_media":5054,"comment_status":"closed","ping_status":"closed","template":"","meta":{"_acf_changed":false,"site-sidebar-layout":"default","site-content-layout":"","ast-site-content-layout":"default","site-content-style":"default","site-sidebar-style":"default","ast-global-header-display":"","ast-banner-title-visibility":"","ast-main-header-display":"","ast-hfb-above-header-display":"","ast-hfb-below-header-display":"","ast-hfb-mobile-header-display":"","site-post-title":"","ast-breadcrumbs-content":"","ast-featured-img":"","footer-sml-layout":"","ast-disable-related-posts":"","theme-transparent-header-meta":"","adv-header-id-meta":"","stick-header-meta":"","header-above-stick-meta":"","header-main-stick-meta":"","header-below-stick-meta":"","astra-migrate-meta-layouts":"default","ast-page-background-enabled":"default","ast-page-background-meta":{"desktop":{"background-color":"","background-image":"","background-repeat":"repeat","background-position":"center center","background-size":"auto","background-attachment":"scroll","background-type":"","background-media":"","overlay-type":"","overlay-color":"","overlay-opacity":"","overlay-gradient":""},"tablet":{"background-color":"","background-image":"","background-repeat":"repeat","background-position":"center center","background-size":"auto","background-attachment":"scroll","background-type":"","background-media":"","overlay-type":"","overlay-color":"","overlay-opacity":"","overlay-gradient":""},"mobile":{"background-color":"","background-image":"","background-repeat":"repeat","background-position":"center center","background-size":"auto","background-attachment":"scroll","background-type":"","background-media":"","overlay-type":"","overlay-color":"","overlay-opacity":"","overlay-gradient":""}},"ast-content-background-meta":{"desktop":{"background-color":"var(--ast-global-color-4)","background-image":"","background-repeat":"repeat","background-position":"center center","background-size":"auto","background-attachment":"scroll","background-type":"","background-media":"","overlay-type":"","overlay-color":"","overlay-opacity":"","overlay-gradient":""},"tablet":{"background-color":"var(--ast-global-color-4)","background-image":"","background-repeat":"repeat","background-position":"center center","background-size":"auto","background-attachment":"scroll","background-type":"","background-media":"","overlay-type":"","overlay-color":"","overlay-opacity":"","overlay-gradient":""},"mobile":{"background-color":"var(--ast-global-color-4)","background-image":"","background-repeat":"repeat","background-position":"center center","background-size":"auto","background-attachment":"scroll","background-type":"","background-media":"","overlay-type":"","overlay-color":"","overlay-opacity":"","overlay-gradient":""}}},"product_brand":[],"product_cat":[31],"product_tag":[],"class_list":{"0":"post-8696","1":"product","2":"type-product","3":"status-publish","4":"has-post-thumbnail","6":"product_cat-grozine-literatura","7":"desktop-align-left","8":"tablet-align-left","9":"mobile-align-left","11":"first","12":"instock","13":"shipping-taxable","14":"purchasable","15":"product-type-simple"},"acf":[],"yoast_head":"<!-- This site is optimized with the Yoast SEO plugin v27.4 - https:\/\/yoast.com\/product\/yoast-seo-wordpress\/ -->\n<title>Nerimo \u0161e\u0161\u0117lyje - Skaitytaknyga<\/title>\n<meta name=\"description\" content=\"B\u016bdama a\u0161tuoneri\u0173, Sign\u0117 jau \u012fsivaizdavo savo gyvenim\u0105: ji taps drabu\u017ei\u0173 dizainere, i\u0161tek\u0117s u\u017e vyro, kuris pirmas j\u0105 pabu\u010diuos, ir susilauks daug vaik\u0173. Sign\u0117 - vienturt\u0117 pradini\u0173 klasi\u0173 mokytojos Hilmos dukt\u0117, kurios t\u0117vas - charizmati\u0161kas adjunktas Sigfridas Tornvalis. Jis netik\u0117tai mir\u0161ta, Signei sulaukus vos vienuolikos. Tik v\u0117liau Sign\u0117 su\u017eino, kad t\u0117vas sirgo nepagydoma psichikos liga. \u0160i \u017einia niekada nepaliks Sign\u0117s, persekiodama j\u0105 it gr\u0117smingas pikto \u0161e\u0161\u0117lis...\" \/>\n<meta name=\"robots\" content=\"index, follow, max-snippet:-1, max-image-preview:large, max-video-preview:-1\" \/>\n<link rel=\"canonical\" href=\"https:\/\/skaitytaknyga.lt\/en\/produktas\/nerimo-seselyje-2\/\" \/>\n<meta property=\"og:locale\" content=\"en_GB\" \/>\n<meta property=\"og:locale:alternate\" content=\"lt_LT\" \/>\n<meta property=\"og:type\" content=\"article\" \/>\n<meta property=\"og:title\" content=\"Nerimo \u0161e\u0161\u0117lyje - Skaitytaknyga\" \/>\n<meta property=\"og:description\" content=\"B\u016bdama a\u0161tuoneri\u0173, Sign\u0117 jau \u012fsivaizdavo savo gyvenim\u0105: ji taps drabu\u017ei\u0173 dizainere, i\u0161tek\u0117s u\u017e vyro, kuris pirmas j\u0105 pabu\u010diuos, ir susilauks daug vaik\u0173. Sign\u0117 - vienturt\u0117 pradini\u0173 klasi\u0173 mokytojos Hilmos dukt\u0117, kurios t\u0117vas - charizmati\u0161kas adjunktas Sigfridas Tornvalis. Jis netik\u0117tai mir\u0161ta, Signei sulaukus vos vienuolikos. Tik v\u0117liau Sign\u0117 su\u017eino, kad t\u0117vas sirgo nepagydoma psichikos liga. \u0160i \u017einia niekada nepaliks Sign\u0117s, persekiodama j\u0105 it gr\u0117smingas pikto \u0161e\u0161\u0117lis...\" \/>\n<meta property=\"og:url\" content=\"https:\/\/skaitytaknyga.lt\/en\/produktas\/nerimo-seselyje-2\/\" \/>\n<meta property=\"og:site_name\" content=\"Skaitytaknyga\" \/>\n<meta property=\"article:publisher\" content=\"https:\/\/www.facebook.com\/skaitytaknyga\/\" \/>\n<meta property=\"article:modified_time\" content=\"2024-05-04T14:50:09+00:00\" \/>\n<meta property=\"og:image\" content=\"https:\/\/skaitytaknyga.lt\/wp-content\/uploads\/2024\/04\/1516878308_Scan_25-01-2018_1251-.jpg\" \/>\n\t<meta property=\"og:image:width\" content=\"283\" \/>\n\t<meta property=\"og:image:height\" content=\"430\" \/>\n\t<meta property=\"og:image:type\" content=\"image\/jpeg\" \/>\n<meta name=\"twitter:card\" content=\"summary_large_image\" \/>\n<script type=\"application\/ld+json\" class=\"yoast-schema-graph\">{\"@context\":\"https:\\\/\\\/schema.org\",\"@graph\":[{\"@type\":\"WebPage\",\"@id\":\"https:\\\/\\\/skaitytaknyga.lt\\\/produktas\\\/nerimo-seselyje-2\\\/\",\"url\":\"https:\\\/\\\/skaitytaknyga.lt\\\/produktas\\\/nerimo-seselyje-2\\\/\",\"name\":\"Nerimo \u0161e\u0161\u0117lyje - Skaitytaknyga\",\"isPartOf\":{\"@id\":\"https:\\\/\\\/skaitytaknyga.lt\\\/#website\"},\"primaryImageOfPage\":{\"@id\":\"https:\\\/\\\/skaitytaknyga.lt\\\/produktas\\\/nerimo-seselyje-2\\\/#primaryimage\"},\"image\":{\"@id\":\"https:\\\/\\\/skaitytaknyga.lt\\\/produktas\\\/nerimo-seselyje-2\\\/#primaryimage\"},\"thumbnailUrl\":\"https:\\\/\\\/skaitytaknyga.lt\\\/wp-content\\\/uploads\\\/2024\\\/04\\\/1516878308_Scan_25-01-2018_1251-.jpg\",\"datePublished\":\"2024-05-04T14:50:00+00:00\",\"dateModified\":\"2024-05-04T14:50:09+00:00\",\"description\":\"B\u016bdama a\u0161tuoneri\u0173, Sign\u0117 jau \u012fsivaizdavo savo gyvenim\u0105: ji taps drabu\u017ei\u0173 dizainere, i\u0161tek\u0117s u\u017e vyro, kuris pirmas j\u0105 pabu\u010diuos, ir susilauks daug vaik\u0173. Sign\u0117 - vienturt\u0117 pradini\u0173 klasi\u0173 mokytojos Hilmos dukt\u0117, kurios t\u0117vas - charizmati\u0161kas adjunktas Sigfridas Tornvalis. Jis netik\u0117tai mir\u0161ta, Signei sulaukus vos vienuolikos. Tik v\u0117liau Sign\u0117 su\u017eino, kad t\u0117vas sirgo nepagydoma psichikos liga. \u0160i \u017einia niekada nepaliks Sign\u0117s, persekiodama j\u0105 it gr\u0117smingas pikto \u0161e\u0161\u0117lis...\",\"breadcrumb\":{\"@id\":\"https:\\\/\\\/skaitytaknyga.lt\\\/produktas\\\/nerimo-seselyje-2\\\/#breadcrumb\"},\"inLanguage\":\"en-GB\",\"potentialAction\":[{\"@type\":\"ReadAction\",\"target\":[\"https:\\\/\\\/skaitytaknyga.lt\\\/produktas\\\/nerimo-seselyje-2\\\/\"]}]},{\"@type\":\"ImageObject\",\"inLanguage\":\"en-GB\",\"@id\":\"https:\\\/\\\/skaitytaknyga.lt\\\/produktas\\\/nerimo-seselyje-2\\\/#primaryimage\",\"url\":\"https:\\\/\\\/skaitytaknyga.lt\\\/wp-content\\\/uploads\\\/2024\\\/04\\\/1516878308_Scan_25-01-2018_1251-.jpg\",\"contentUrl\":\"https:\\\/\\\/skaitytaknyga.lt\\\/wp-content\\\/uploads\\\/2024\\\/04\\\/1516878308_Scan_25-01-2018_1251-.jpg\",\"width\":283,\"height\":430},{\"@type\":\"BreadcrumbList\",\"@id\":\"https:\\\/\\\/skaitytaknyga.lt\\\/produktas\\\/nerimo-seselyje-2\\\/#breadcrumb\",\"itemListElement\":[{\"@type\":\"ListItem\",\"position\":1,\"name\":\"Home\",\"item\":\"https:\\\/\\\/skaitytaknyga.lt\\\/\"},{\"@type\":\"ListItem\",\"position\":2,\"name\":\"Parduotuv\u0117\",\"item\":\"https:\\\/\\\/skaitytaknyga.lt\\\/knygu-parduotuve\\\/\"},{\"@type\":\"ListItem\",\"position\":3,\"name\":\"Nerimo \u0161e\u0161\u0117lyje\"}]},{\"@type\":\"WebSite\",\"@id\":\"https:\\\/\\\/skaitytaknyga.lt\\\/#website\",\"url\":\"https:\\\/\\\/skaitytaknyga.lt\\\/\",\"name\":\"skaitytaknyga.lt\",\"description\":\"Skaitytaknyga.lt \u2013 tai ma\u017eas \u0161eimos verslas, kuris prasid\u0117jo nuo meil\u0117s knygoms ir siekio i\u0161gelb\u0117ti knygas nuo likimo prie konteinerio. Kas vienam nereikalingas daiktas \u2013 kitam lobis, o mes esame tarpininkai, kurie padeda abiems tapti laimingesniems ???? \u017dinome kaip nelengva i\u0161gyventi ma\u017eiems verslams, tad nuo \u0161iol, \u010dia rasite ir kit\u0173, ma\u017e\u0173 \u0161eim\u0173 versl\u0173, rank\u0173 darbo, dovan\u0173 sau ir artimiesiems.\",\"publisher\":{\"@id\":\"https:\\\/\\\/skaitytaknyga.lt\\\/#organization\"},\"potentialAction\":[{\"@type\":\"SearchAction\",\"target\":{\"@type\":\"EntryPoint\",\"urlTemplate\":\"https:\\\/\\\/skaitytaknyga.lt\\\/?s={search_term_string}\"},\"query-input\":{\"@type\":\"PropertyValueSpecification\",\"valueRequired\":true,\"valueName\":\"search_term_string\"}}],\"inLanguage\":\"en-GB\"},{\"@type\":\"Organization\",\"@id\":\"https:\\\/\\\/skaitytaknyga.lt\\\/#organization\",\"name\":\"skaitytaknyga.lt\",\"url\":\"https:\\\/\\\/skaitytaknyga.lt\\\/\",\"logo\":{\"@type\":\"ImageObject\",\"inLanguage\":\"en-GB\",\"@id\":\"https:\\\/\\\/skaitytaknyga.lt\\\/#\\\/schema\\\/logo\\\/image\\\/\",\"url\":\"https:\\\/\\\/skaitytaknyga.lt\\\/wp-content\\\/uploads\\\/2024\\\/05\\\/cropped-cropped-cropped-02_00843_jt3bggkj1j3HLc7SyY6rEUpg.jpeg\",\"contentUrl\":\"https:\\\/\\\/skaitytaknyga.lt\\\/wp-content\\\/uploads\\\/2024\\\/05\\\/cropped-cropped-cropped-02_00843_jt3bggkj1j3HLc7SyY6rEUpg.jpeg\",\"width\":1600,\"height\":1600,\"caption\":\"skaitytaknyga.lt\"},\"image\":{\"@id\":\"https:\\\/\\\/skaitytaknyga.lt\\\/#\\\/schema\\\/logo\\\/image\\\/\"},\"sameAs\":[\"https:\\\/\\\/www.facebook.com\\\/skaitytaknyga\\\/\"]}]}<\/script>\n<!-- \/ Yoast SEO plugin. -->","yoast_head_json":{"title":"Nerimo \u0161e\u0161\u0117lyje - Skaitytaknyga","description":"B\u016bdama a\u0161tuoneri\u0173, Sign\u0117 jau \u012fsivaizdavo savo gyvenim\u0105: ji taps drabu\u017ei\u0173 dizainere, i\u0161tek\u0117s u\u017e vyro, kuris pirmas j\u0105 pabu\u010diuos, ir susilauks daug vaik\u0173. Sign\u0117 - vienturt\u0117 pradini\u0173 klasi\u0173 mokytojos Hilmos dukt\u0117, kurios t\u0117vas - charizmati\u0161kas adjunktas Sigfridas Tornvalis. Jis netik\u0117tai mir\u0161ta, Signei sulaukus vos vienuolikos. Tik v\u0117liau Sign\u0117 su\u017eino, kad t\u0117vas sirgo nepagydoma psichikos liga. \u0160i \u017einia niekada nepaliks Sign\u0117s, persekiodama j\u0105 it gr\u0117smingas pikto \u0161e\u0161\u0117lis...","robots":{"index":"index","follow":"follow","max-snippet":"max-snippet:-1","max-image-preview":"max-image-preview:large","max-video-preview":"max-video-preview:-1"},"canonical":"https:\/\/skaitytaknyga.lt\/en\/produktas\/nerimo-seselyje-2\/","og_locale":"en_GB","og_type":"article","og_title":"Nerimo \u0161e\u0161\u0117lyje - Skaitytaknyga","og_description":"B\u016bdama a\u0161tuoneri\u0173, Sign\u0117 jau \u012fsivaizdavo savo gyvenim\u0105: ji taps drabu\u017ei\u0173 dizainere, i\u0161tek\u0117s u\u017e vyro, kuris pirmas j\u0105 pabu\u010diuos, ir susilauks daug vaik\u0173. Sign\u0117 - vienturt\u0117 pradini\u0173 klasi\u0173 mokytojos Hilmos dukt\u0117, kurios t\u0117vas - charizmati\u0161kas adjunktas Sigfridas Tornvalis. Jis netik\u0117tai mir\u0161ta, Signei sulaukus vos vienuolikos. Tik v\u0117liau Sign\u0117 su\u017eino, kad t\u0117vas sirgo nepagydoma psichikos liga. \u0160i \u017einia niekada nepaliks Sign\u0117s, persekiodama j\u0105 it gr\u0117smingas pikto \u0161e\u0161\u0117lis...","og_url":"https:\/\/skaitytaknyga.lt\/en\/produktas\/nerimo-seselyje-2\/","og_site_name":"Skaitytaknyga","article_publisher":"https:\/\/www.facebook.com\/skaitytaknyga\/","article_modified_time":"2024-05-04T14:50:09+00:00","og_image":[{"width":283,"height":430,"url":"https:\/\/skaitytaknyga.lt\/wp-content\/uploads\/2024\/04\/1516878308_Scan_25-01-2018_1251-.jpg","type":"image\/jpeg"}],"twitter_card":"summary_large_image","schema":{"@context":"https:\/\/schema.org","@graph":[{"@type":"WebPage","@id":"https:\/\/skaitytaknyga.lt\/produktas\/nerimo-seselyje-2\/","url":"https:\/\/skaitytaknyga.lt\/produktas\/nerimo-seselyje-2\/","name":"Nerimo \u0161e\u0161\u0117lyje - Skaitytaknyga","isPartOf":{"@id":"https:\/\/skaitytaknyga.lt\/#website"},"primaryImageOfPage":{"@id":"https:\/\/skaitytaknyga.lt\/produktas\/nerimo-seselyje-2\/#primaryimage"},"image":{"@id":"https:\/\/skaitytaknyga.lt\/produktas\/nerimo-seselyje-2\/#primaryimage"},"thumbnailUrl":"https:\/\/skaitytaknyga.lt\/wp-content\/uploads\/2024\/04\/1516878308_Scan_25-01-2018_1251-.jpg","datePublished":"2024-05-04T14:50:00+00:00","dateModified":"2024-05-04T14:50:09+00:00","description":"B\u016bdama a\u0161tuoneri\u0173, Sign\u0117 jau \u012fsivaizdavo savo gyvenim\u0105: ji taps drabu\u017ei\u0173 dizainere, i\u0161tek\u0117s u\u017e vyro, kuris pirmas j\u0105 pabu\u010diuos, ir susilauks daug vaik\u0173. Sign\u0117 - vienturt\u0117 pradini\u0173 klasi\u0173 mokytojos Hilmos dukt\u0117, kurios t\u0117vas - charizmati\u0161kas adjunktas Sigfridas Tornvalis. Jis netik\u0117tai mir\u0161ta, Signei sulaukus vos vienuolikos. Tik v\u0117liau Sign\u0117 su\u017eino, kad t\u0117vas sirgo nepagydoma psichikos liga. \u0160i \u017einia niekada nepaliks Sign\u0117s, persekiodama j\u0105 it gr\u0117smingas pikto \u0161e\u0161\u0117lis...","breadcrumb":{"@id":"https:\/\/skaitytaknyga.lt\/produktas\/nerimo-seselyje-2\/#breadcrumb"},"inLanguage":"en-GB","potentialAction":[{"@type":"ReadAction","target":["https:\/\/skaitytaknyga.lt\/produktas\/nerimo-seselyje-2\/"]}]},{"@type":"ImageObject","inLanguage":"en-GB","@id":"https:\/\/skaitytaknyga.lt\/produktas\/nerimo-seselyje-2\/#primaryimage","url":"https:\/\/skaitytaknyga.lt\/wp-content\/uploads\/2024\/04\/1516878308_Scan_25-01-2018_1251-.jpg","contentUrl":"https:\/\/skaitytaknyga.lt\/wp-content\/uploads\/2024\/04\/1516878308_Scan_25-01-2018_1251-.jpg","width":283,"height":430},{"@type":"BreadcrumbList","@id":"https:\/\/skaitytaknyga.lt\/produktas\/nerimo-seselyje-2\/#breadcrumb","itemListElement":[{"@type":"ListItem","position":1,"name":"Home","item":"https:\/\/skaitytaknyga.lt\/"},{"@type":"ListItem","position":2,"name":"Parduotuv\u0117","item":"https:\/\/skaitytaknyga.lt\/knygu-parduotuve\/"},{"@type":"ListItem","position":3,"name":"Nerimo \u0161e\u0161\u0117lyje"}]},{"@type":"WebSite","@id":"https:\/\/skaitytaknyga.lt\/#website","url":"https:\/\/skaitytaknyga.lt\/","name":"skaitytaknyga.lt","description":"Skaitytaknyga.lt \u2013 tai ma\u017eas \u0161eimos verslas, kuris prasid\u0117jo nuo meil\u0117s knygoms ir siekio i\u0161gelb\u0117ti knygas nuo likimo prie konteinerio. Kas vienam nereikalingas daiktas \u2013 kitam lobis, o mes esame tarpininkai, kurie padeda abiems tapti laimingesniems ???? \u017dinome kaip nelengva i\u0161gyventi ma\u017eiems verslams, tad nuo \u0161iol, \u010dia rasite ir kit\u0173, ma\u017e\u0173 \u0161eim\u0173 versl\u0173, rank\u0173 darbo, dovan\u0173 sau ir artimiesiems.","publisher":{"@id":"https:\/\/skaitytaknyga.lt\/#organization"},"potentialAction":[{"@type":"SearchAction","target":{"@type":"EntryPoint","urlTemplate":"https:\/\/skaitytaknyga.lt\/?s={search_term_string}"},"query-input":{"@type":"PropertyValueSpecification","valueRequired":true,"valueName":"search_term_string"}}],"inLanguage":"en-GB"},{"@type":"Organization","@id":"https:\/\/skaitytaknyga.lt\/#organization","name":"skaitytaknyga.lt","url":"https:\/\/skaitytaknyga.lt\/","logo":{"@type":"ImageObject","inLanguage":"en-GB","@id":"https:\/\/skaitytaknyga.lt\/#\/schema\/logo\/image\/","url":"https:\/\/skaitytaknyga.lt\/wp-content\/uploads\/2024\/05\/cropped-cropped-cropped-02_00843_jt3bggkj1j3HLc7SyY6rEUpg.jpeg","contentUrl":"https:\/\/skaitytaknyga.lt\/wp-content\/uploads\/2024\/05\/cropped-cropped-cropped-02_00843_jt3bggkj1j3HLc7SyY6rEUpg.jpeg","width":1600,"height":1600,"caption":"skaitytaknyga.lt"},"image":{"@id":"https:\/\/skaitytaknyga.lt\/#\/schema\/logo\/image\/"},"sameAs":["https:\/\/www.facebook.com\/skaitytaknyga\/"]}]}},"_links":{"self":[{"href":"https:\/\/skaitytaknyga.lt\/en\/wp-json\/wp\/v2\/product\/8696","targetHints":{"allow":["GET"]}}],"collection":[{"href":"https:\/\/skaitytaknyga.lt\/en\/wp-json\/wp\/v2\/product"}],"about":[{"href":"https:\/\/skaitytaknyga.lt\/en\/wp-json\/wp\/v2\/types\/product"}],"replies":[{"embeddable":true,"href":"https:\/\/skaitytaknyga.lt\/en\/wp-json\/wp\/v2\/comments?post=8696"}],"wp:featuredmedia":[{"embeddable":true,"href":"https:\/\/skaitytaknyga.lt\/en\/wp-json\/wp\/v2\/media\/5054"}],"wp:attachment":[{"href":"https:\/\/skaitytaknyga.lt\/en\/wp-json\/wp\/v2\/media?parent=8696"}],"wp:term":[{"taxonomy":"product_brand","embeddable":true,"href":"https:\/\/skaitytaknyga.lt\/en\/wp-json\/wp\/v2\/product_brand?post=8696"},{"taxonomy":"product_cat","embeddable":true,"href":"https:\/\/skaitytaknyga.lt\/en\/wp-json\/wp\/v2\/product_cat?post=8696"},{"taxonomy":"product_tag","embeddable":true,"href":"https:\/\/skaitytaknyga.lt\/en\/wp-json\/wp\/v2\/product_tag?post=8696"}],"curies":[{"name":"wp","href":"https:\/\/api.w.org\/{rel}","templated":true}]}}