{"id":8672,"date":"2024-05-04T14:49:38","date_gmt":"2024-05-04T14:49:38","guid":{"rendered":"https:\/\/skaitytaknyga.lt\/?post_type=product&#038;p=8672"},"modified":"2026-01-27T12:48:21","modified_gmt":"2026-01-27T10:48:21","slug":"remarkas-juodasis-obeliskas-2","status":"publish","type":"product","link":"https:\/\/skaitytaknyga.lt\/en\/produktas\/remarkas-juodasis-obeliskas-2\/","title":{"rendered":"Remarkas \u201eJuodasis obeliskas\u201c"},"content":{"rendered":"<p>1923\u20131924 metai. Nesuvaldomos infliacijos draskoma tarpukario Vokietija. Metas, kai d\u016b\u017eta \u017emoni\u0173 likimai, kai klesti tie, kurie pelnosi i\u0161 kit\u0173 \u017emoni\u0173 nelaimi\u0173 ir mirties.<\/p>\n<p>Dar neatsigav\u0119 po Pirmojo pasaulinio karo ko\u0161mar\u0173, du draugai, Liudvigas Bodmeris ir Georgas Krolis, prekiauja antkapiais ir akmeniniais kry\u017eiais. Kieme stovi dar i\u0161 Krolio t\u0117vo \u012fmon\u0117s paveld\u0117tas niekam nereikalingas juodas obeliskas, o karo prisiminimus, nuovarg\u012f ir vienatv\u0117s baim\u0119 jauni vyrai m\u0117gina i\u0161bla\u0161kyti \u012fvairius malonumus si\u016blan\u010diose \u012fstaigose bei laisvo elgesio mergin\u0173 gl\u0117byje.<\/p>\n<p>Ta\u010diau Liudvigas jau\u010dia, kad cini\u0161ka prekyba antkapiais ir lengvai pasiekiami malonumai u\u017ego\u017eia daug svarbesnius dalykus. Jis ima vis labiau ilg\u0117tis tikr\u0173 jausm\u0173 ir giminingos sielos, kuri pad\u0117t\u0173 atgimti naujam gyvenimui. Sutikus gra\u017ei\u0105, trapi\u0105 ir subtili\u0105 Izabel\u0119, gimsta viltis, kad Liudvigo svajon\u0117ms galb\u016bt lemta i\u0161sipildyti&#8230;<\/p>\n<p>\u201eJuodasis obeliskas\u201c &#8211; bene stipriausias ir geriausias XX a. pasaulin\u0117s literat\u016bros klasiko Ericho Maria Remarque\u2019o (1898-1970) romanas, skaitytoj\u0105 nukeliantis \u012f sunkios ekonomin\u0117s pad\u0117ties ir nesuvaldomos infliacijos alinam\u0105 Vokietij\u0105 1923-1924 m.<\/p>\n<p>\u017daismingas, \u0161maik\u0161tus pasakojimas, kaip prie\u0161prie\u0161a tamsiai ir sunkiai apra\u0161omojo laikotarpio realybei, sukuria unikali\u0105, literat\u016broje retai pasitaikan\u010di\u0105 derm\u0119, kai pramoga, linksmyb\u0117, nuotykis ir humoras eina lygia greta su aforistine i\u0161mintimi bei filosofi\u0161kai giliomis egzistencin\u0117mis \u012f\u017evalgomis.<\/p>\n<p>Erichas Marija Remarkas (Erich Maria Remarque) populiarus XXa. vokie\u010di\u0173 ra\u0161ytojas. \u017dymiausias jo k\u016brinys yra \u201eVakar\u0173 fronte nieko naujo\u201c (voki\u0161kai Im Westen nichts Neues), kuriame apra\u0161\u0117 patirtus karo siaubus. V\u0117liau pana\u0161ia tema i\u0161leido \u201eKelias atgal\u201c (1931 m.) ir \u201eTrys draugai\u201c (1938 m.).<\/p>\n<ul class=\"about-product d-none d-xl-block mt-4\">\n<li><strong>Originalus pavadinimas:<\/strong>\u00a0Der schwarze Obelisk<\/li>\n<li><strong>Autorius:<\/strong>\u00a0Erich Maria Remarque<\/li>\n<li><strong>Leid\u0117jas:<\/strong>\u00a0Spindulys<\/li>\n<li><strong>Metai:<\/strong>\u00a01992<\/li>\n<li><strong>Puslapiai:<\/strong>\u00a0333<\/li>\n<li><strong>Prek\u0117s kodas:<\/strong>\u00a02200100737808<\/li>\n<li class=\"toggleable type-new-formats \"><strong>Formatas:<\/strong>\u00a012,5 x 20 cm, mink\u0161ti vir\u0161eliai<\/li>\n<li><strong>Kalba:<\/strong>\u00a0Lietuvi\u0173<\/li>\n<li><strong>Vert\u0117jas:<\/strong>\u00a0O. Aleksa<\/li>\n<\/ul>\n","protected":false},"excerpt":{"rendered":"<p>1923\u20131924 metai. Nesuvaldomos infliacijos draskoma tarpukario Vokietija. Metas, kai d\u016b\u017eta \u017emoni\u0173 likimai, kai klesti tie, kurie pelnosi i\u0161 kit\u0173 \u017emoni\u0173 nelaimi\u0173 ir mirties. Dar neatsigav\u0119 po Pirmojo pasaulinio karo ko\u0161mar\u0173, du draugai, Liudvigas Bodmeris ir Georgas Krolis, prekiauja antkapiais ir akmeniniais kry\u017eiais. Kieme stovi dar i\u0161 Krolio t\u0117vo \u012fmon\u0117s paveld\u0117tas niekam nereikalingas juodas obeliskas, o karo prisiminimus, nuovarg\u012f ir vienatv\u0117s baim\u0119 jauni vyrai m\u0117gina i\u0161bla\u0161kyti \u012fvairius malonumus si\u016blan\u010diose \u012fstaigose bei laisvo elgesio mergin\u0173 gl\u0117byje. Ta\u010diau Liudvigas jau\u010dia, kad cini\u0161ka prekyba antkapiais ir lengvai pasiekiami malonumai u\u017ego\u017eia daug svarbesnius dalykus. Jis ima vis labiau ilg\u0117tis tikr\u0173 jausm\u0173 ir giminingos sielos, kuri pad\u0117t\u0173 atgimti naujam gyvenimui. Sutikus gra\u017ei\u0105, trapi\u0105 ir subtili\u0105 Izabel\u0119, gimsta viltis, kad Liudvigo svajon\u0117ms galb\u016bt lemta i\u0161sipildyti&#8230; \u201eJuodasis obeliskas\u201c &#8211; bene stipriausias ir geriausias XX a. pasaulin\u0117s literat\u016bros klasiko Ericho Maria Remarque\u2019o (1898-1970) romanas, skaitytoj\u0105 nukeliantis \u012f sunkios ekonomin\u0117s pad\u0117ties ir nesuvaldomos infliacijos alinam\u0105 Vokietij\u0105 1923-1924 m. \u017daismingas, \u0161maik\u0161tus pasakojimas, kaip prie\u0161prie\u0161a tamsiai ir sunkiai apra\u0161omojo laikotarpio realybei, sukuria unikali\u0105, literat\u016broje retai pasitaikan\u010di\u0105 derm\u0119, kai pramoga, linksmyb\u0117, nuotykis ir humoras eina lygia greta su aforistine i\u0161mintimi bei filosofi\u0161kai giliomis egzistencin\u0117mis \u012f\u017evalgomis. Erichas Marija Remarkas (Erich Maria Remarque) populiarus XXa. vokie\u010di\u0173 ra\u0161ytojas. \u017dymiausias jo k\u016brinys yra \u201eVakar\u0173 fronte nieko naujo\u201c (voki\u0161kai Im Westen nichts Neues), kuriame apra\u0161\u0117 patirtus karo siaubus. V\u0117liau pana\u0161ia tema i\u0161leido \u201eKelias atgal\u201c (1931 m.) ir \u201eTrys draugai\u201c (1938 m.). Originalus pavadinimas:\u00a0Der schwarze Obelisk Autorius:\u00a0Erich Maria Remarque Leid\u0117jas:\u00a0Spindulys Metai:\u00a01992 Puslapiai:\u00a0333 Prek\u0117s kodas:\u00a02200100737808 Formatas:\u00a012,5 x 20 cm, mink\u0161ti vir\u0161eliai Kalba:\u00a0Lietuvi\u0173 Vert\u0117jas:\u00a0O. Aleksa<\/p>\n","protected":false},"featured_media":5010,"comment_status":"closed","ping_status":"closed","template":"","meta":{"_acf_changed":false,"site-sidebar-layout":"default","site-content-layout":"","ast-site-content-layout":"default","site-content-style":"default","site-sidebar-style":"default","ast-global-header-display":"","ast-banner-title-visibility":"","ast-main-header-display":"","ast-hfb-above-header-display":"","ast-hfb-below-header-display":"","ast-hfb-mobile-header-display":"","site-post-title":"","ast-breadcrumbs-content":"","ast-featured-img":"","footer-sml-layout":"","ast-disable-related-posts":"","theme-transparent-header-meta":"default","adv-header-id-meta":"","stick-header-meta":"","header-above-stick-meta":"","header-main-stick-meta":"","header-below-stick-meta":"","astra-migrate-meta-layouts":"set","ast-page-background-enabled":"default","ast-page-background-meta":{"desktop":{"background-color":"","background-image":"","background-repeat":"repeat","background-position":"center center","background-size":"auto","background-attachment":"scroll","background-type":"","background-media":"","overlay-type":"","overlay-color":"","overlay-opacity":"","overlay-gradient":""},"tablet":{"background-color":"","background-image":"","background-repeat":"repeat","background-position":"center center","background-size":"auto","background-attachment":"scroll","background-type":"","background-media":"","overlay-type":"","overlay-color":"","overlay-opacity":"","overlay-gradient":""},"mobile":{"background-color":"","background-image":"","background-repeat":"repeat","background-position":"center center","background-size":"auto","background-attachment":"scroll","background-type":"","background-media":"","overlay-type":"","overlay-color":"","overlay-opacity":"","overlay-gradient":""}},"ast-content-background-meta":{"desktop":{"background-color":"var(--ast-global-color-4)","background-image":"","background-repeat":"repeat","background-position":"center center","background-size":"auto","background-attachment":"scroll","background-type":"","background-media":"","overlay-type":"","overlay-color":"","overlay-opacity":"","overlay-gradient":""},"tablet":{"background-color":"var(--ast-global-color-4)","background-image":"","background-repeat":"repeat","background-position":"center center","background-size":"auto","background-attachment":"scroll","background-type":"","background-media":"","overlay-type":"","overlay-color":"","overlay-opacity":"","overlay-gradient":""},"mobile":{"background-color":"var(--ast-global-color-4)","background-image":"","background-repeat":"repeat","background-position":"center center","background-size":"auto","background-attachment":"scroll","background-type":"","background-media":"","overlay-type":"","overlay-color":"","overlay-opacity":"","overlay-gradient":""}}},"product_brand":[],"product_cat":[31,28],"product_tag":[],"class_list":{"0":"post-8672","1":"product","2":"type-product","3":"status-publish","4":"has-post-thumbnail","6":"product_cat-grozine-literatura","7":"product_cat-klasika","8":"desktop-align-left","9":"tablet-align-left","10":"mobile-align-left","12":"first","13":"outofstock","14":"shipping-taxable","15":"purchasable","16":"product-type-simple"},"acf":[],"yoast_head":"<!-- This site is optimized with the Yoast SEO plugin v27.4 - https:\/\/yoast.com\/product\/yoast-seo-wordpress\/ -->\n<title>Remarkas \u201eJuodasis obeliskas\u201c<\/title>\n<meta name=\"description\" content=\"1923\u20131924 metai. Nesuvaldomos infliacijos draskoma tarpukario Vokietija. Metas, kai d\u016b\u017eta \u017emoni\u0173 likimai, kai klesti tie, kurie pelnosi i\u0161 kit\u0173 \u017emoni\u0173\" \/>\n<meta name=\"robots\" content=\"index, follow, max-snippet:-1, max-image-preview:large, max-video-preview:-1\" \/>\n<link rel=\"canonical\" href=\"https:\/\/skaitytaknyga.lt\/en\/produktas\/remarkas-juodasis-obeliskas-2\/\" \/>\n<meta property=\"og:locale\" content=\"en_GB\" \/>\n<meta property=\"og:locale:alternate\" content=\"lt_LT\" \/>\n<meta property=\"og:type\" content=\"article\" \/>\n<meta property=\"og:title\" content=\"Remarkas \u201eJuodasis obeliskas\u201c\" \/>\n<meta property=\"og:description\" content=\"1923\u20131924 metai. Nesuvaldomos infliacijos draskoma tarpukario Vokietija. Metas, kai d\u016b\u017eta \u017emoni\u0173 likimai, kai klesti tie, kurie pelnosi i\u0161 kit\u0173 \u017emoni\u0173\" \/>\n<meta property=\"og:url\" content=\"https:\/\/skaitytaknyga.lt\/en\/produktas\/remarkas-juodasis-obeliskas-2\/\" \/>\n<meta property=\"og:site_name\" content=\"Skaitytaknyga\" \/>\n<meta property=\"article:publisher\" content=\"https:\/\/www.facebook.com\/skaitytaknyga\/\" \/>\n<meta property=\"article:modified_time\" content=\"2026-01-27T10:48:21+00:00\" \/>\n<meta property=\"og:image\" content=\"https:\/\/skaitytaknyga.lt\/wp-content\/uploads\/2024\/04\/unnamed-2-5.jpg\" \/>\n\t<meta property=\"og:image:width\" content=\"374\" \/>\n\t<meta property=\"og:image:height\" content=\"512\" \/>\n\t<meta property=\"og:image:type\" content=\"image\/jpeg\" \/>\n<meta name=\"twitter:card\" content=\"summary_large_image\" \/>\n<meta name=\"twitter:label1\" content=\"Estimated reading time\" \/>\n\t<meta name=\"twitter:data1\" content=\"2 minutes\" \/>\n<script type=\"application\/ld+json\" class=\"yoast-schema-graph\">{\"@context\":\"https:\\\/\\\/schema.org\",\"@graph\":[{\"@type\":\"WebPage\",\"@id\":\"https:\\\/\\\/skaitytaknyga.lt\\\/produktas\\\/remarkas-juodasis-obeliskas-2\\\/\",\"url\":\"https:\\\/\\\/skaitytaknyga.lt\\\/produktas\\\/remarkas-juodasis-obeliskas-2\\\/\",\"name\":\"Remarkas \u201eJuodasis obeliskas\u201c\",\"isPartOf\":{\"@id\":\"https:\\\/\\\/skaitytaknyga.lt\\\/#website\"},\"primaryImageOfPage\":{\"@id\":\"https:\\\/\\\/skaitytaknyga.lt\\\/produktas\\\/remarkas-juodasis-obeliskas-2\\\/#primaryimage\"},\"image\":{\"@id\":\"https:\\\/\\\/skaitytaknyga.lt\\\/produktas\\\/remarkas-juodasis-obeliskas-2\\\/#primaryimage\"},\"thumbnailUrl\":\"https:\\\/\\\/skaitytaknyga.lt\\\/wp-content\\\/uploads\\\/2024\\\/04\\\/unnamed-2-5.jpg\",\"datePublished\":\"2024-05-04T14:49:38+00:00\",\"dateModified\":\"2026-01-27T10:48:21+00:00\",\"description\":\"1923\u20131924 metai. Nesuvaldomos infliacijos draskoma tarpukario Vokietija. Metas, kai d\u016b\u017eta \u017emoni\u0173 likimai, kai klesti tie, kurie pelnosi i\u0161 kit\u0173 \u017emoni\u0173\",\"breadcrumb\":{\"@id\":\"https:\\\/\\\/skaitytaknyga.lt\\\/produktas\\\/remarkas-juodasis-obeliskas-2\\\/#breadcrumb\"},\"inLanguage\":\"en-GB\",\"potentialAction\":[{\"@type\":\"ReadAction\",\"target\":[\"https:\\\/\\\/skaitytaknyga.lt\\\/produktas\\\/remarkas-juodasis-obeliskas-2\\\/\"]}]},{\"@type\":\"ImageObject\",\"inLanguage\":\"en-GB\",\"@id\":\"https:\\\/\\\/skaitytaknyga.lt\\\/produktas\\\/remarkas-juodasis-obeliskas-2\\\/#primaryimage\",\"url\":\"https:\\\/\\\/skaitytaknyga.lt\\\/wp-content\\\/uploads\\\/2024\\\/04\\\/unnamed-2-5.jpg\",\"contentUrl\":\"https:\\\/\\\/skaitytaknyga.lt\\\/wp-content\\\/uploads\\\/2024\\\/04\\\/unnamed-2-5.jpg\",\"width\":374,\"height\":512,\"caption\":\"Remarkas \u201eJuodasis obeliskas\u201c\"},{\"@type\":\"BreadcrumbList\",\"@id\":\"https:\\\/\\\/skaitytaknyga.lt\\\/produktas\\\/remarkas-juodasis-obeliskas-2\\\/#breadcrumb\",\"itemListElement\":[{\"@type\":\"ListItem\",\"position\":1,\"name\":\"Home\",\"item\":\"https:\\\/\\\/skaitytaknyga.lt\\\/\"},{\"@type\":\"ListItem\",\"position\":2,\"name\":\"Parduotuv\u0117\",\"item\":\"https:\\\/\\\/skaitytaknyga.lt\\\/knygu-parduotuve\\\/\"},{\"@type\":\"ListItem\",\"position\":3,\"name\":\"Remarkas \u201eJuodasis obeliskas\u201c\"}]},{\"@type\":\"WebSite\",\"@id\":\"https:\\\/\\\/skaitytaknyga.lt\\\/#website\",\"url\":\"https:\\\/\\\/skaitytaknyga.lt\\\/\",\"name\":\"skaitytaknyga.lt\",\"description\":\"Skaitytaknyga.lt \u2013 tai ma\u017eas \u0161eimos verslas, kuris prasid\u0117jo nuo meil\u0117s knygoms ir siekio i\u0161gelb\u0117ti knygas nuo likimo prie konteinerio. Kas vienam nereikalingas daiktas \u2013 kitam lobis, o mes esame tarpininkai, kurie padeda abiems tapti laimingesniems ???? \u017dinome kaip nelengva i\u0161gyventi ma\u017eiems verslams, tad nuo \u0161iol, \u010dia rasite ir kit\u0173, ma\u017e\u0173 \u0161eim\u0173 versl\u0173, rank\u0173 darbo, dovan\u0173 sau ir artimiesiems.\",\"publisher\":{\"@id\":\"https:\\\/\\\/skaitytaknyga.lt\\\/#organization\"},\"potentialAction\":[{\"@type\":\"SearchAction\",\"target\":{\"@type\":\"EntryPoint\",\"urlTemplate\":\"https:\\\/\\\/skaitytaknyga.lt\\\/?s={search_term_string}\"},\"query-input\":{\"@type\":\"PropertyValueSpecification\",\"valueRequired\":true,\"valueName\":\"search_term_string\"}}],\"inLanguage\":\"en-GB\"},{\"@type\":\"Organization\",\"@id\":\"https:\\\/\\\/skaitytaknyga.lt\\\/#organization\",\"name\":\"skaitytaknyga.lt\",\"url\":\"https:\\\/\\\/skaitytaknyga.lt\\\/\",\"logo\":{\"@type\":\"ImageObject\",\"inLanguage\":\"en-GB\",\"@id\":\"https:\\\/\\\/skaitytaknyga.lt\\\/#\\\/schema\\\/logo\\\/image\\\/\",\"url\":\"https:\\\/\\\/skaitytaknyga.lt\\\/wp-content\\\/uploads\\\/2024\\\/05\\\/cropped-cropped-cropped-02_00843_jt3bggkj1j3HLc7SyY6rEUpg.jpeg\",\"contentUrl\":\"https:\\\/\\\/skaitytaknyga.lt\\\/wp-content\\\/uploads\\\/2024\\\/05\\\/cropped-cropped-cropped-02_00843_jt3bggkj1j3HLc7SyY6rEUpg.jpeg\",\"width\":1600,\"height\":1600,\"caption\":\"skaitytaknyga.lt\"},\"image\":{\"@id\":\"https:\\\/\\\/skaitytaknyga.lt\\\/#\\\/schema\\\/logo\\\/image\\\/\"},\"sameAs\":[\"https:\\\/\\\/www.facebook.com\\\/skaitytaknyga\\\/\"]}]}<\/script>\n<!-- \/ Yoast SEO plugin. -->","yoast_head_json":{"title":"Remarkas \u201eJuodasis obeliskas\u201c","description":"1923\u20131924 metai. Nesuvaldomos infliacijos draskoma tarpukario Vokietija. Metas, kai d\u016b\u017eta \u017emoni\u0173 likimai, kai klesti tie, kurie pelnosi i\u0161 kit\u0173 \u017emoni\u0173","robots":{"index":"index","follow":"follow","max-snippet":"max-snippet:-1","max-image-preview":"max-image-preview:large","max-video-preview":"max-video-preview:-1"},"canonical":"https:\/\/skaitytaknyga.lt\/en\/produktas\/remarkas-juodasis-obeliskas-2\/","og_locale":"en_GB","og_type":"article","og_title":"[:lt]Remarkas \u201eJuodasis obeliskas\u201c[:] - Skaitytaknyga","og_description":"1923\u20131924 metai. Nesuvaldomos infliacijos draskoma tarpukario Vokietija. Metas, kai d\u016b\u017eta \u017emoni\u0173 likimai, kai klesti tie, kurie pelnosi i\u0161 kit\u0173 \u017emoni\u0173","og_url":"https:\/\/skaitytaknyga.lt\/en\/produktas\/remarkas-juodasis-obeliskas-2\/","og_site_name":"Skaitytaknyga","article_publisher":"https:\/\/www.facebook.com\/skaitytaknyga\/","article_modified_time":"2026-01-27T10:48:21+00:00","og_image":[{"width":374,"height":512,"url":"https:\/\/skaitytaknyga.lt\/wp-content\/uploads\/2024\/04\/unnamed-2-5.jpg","type":"image\/jpeg"}],"twitter_card":"summary_large_image","twitter_misc":{"Estimated reading time":"2 minutes"},"schema":{"@context":"https:\/\/schema.org","@graph":[{"@type":"WebPage","@id":"https:\/\/skaitytaknyga.lt\/produktas\/remarkas-juodasis-obeliskas-2\/","url":"https:\/\/skaitytaknyga.lt\/produktas\/remarkas-juodasis-obeliskas-2\/","name":"Remarkas \u201eJuodasis obeliskas\u201c","isPartOf":{"@id":"https:\/\/skaitytaknyga.lt\/#website"},"primaryImageOfPage":{"@id":"https:\/\/skaitytaknyga.lt\/produktas\/remarkas-juodasis-obeliskas-2\/#primaryimage"},"image":{"@id":"https:\/\/skaitytaknyga.lt\/produktas\/remarkas-juodasis-obeliskas-2\/#primaryimage"},"thumbnailUrl":"https:\/\/skaitytaknyga.lt\/wp-content\/uploads\/2024\/04\/unnamed-2-5.jpg","datePublished":"2024-05-04T14:49:38+00:00","dateModified":"2026-01-27T10:48:21+00:00","description":"1923\u20131924 metai. Nesuvaldomos infliacijos draskoma tarpukario Vokietija. Metas, kai d\u016b\u017eta \u017emoni\u0173 likimai, kai klesti tie, kurie pelnosi i\u0161 kit\u0173 \u017emoni\u0173","breadcrumb":{"@id":"https:\/\/skaitytaknyga.lt\/produktas\/remarkas-juodasis-obeliskas-2\/#breadcrumb"},"inLanguage":"en-GB","potentialAction":[{"@type":"ReadAction","target":["https:\/\/skaitytaknyga.lt\/produktas\/remarkas-juodasis-obeliskas-2\/"]}]},{"@type":"ImageObject","inLanguage":"en-GB","@id":"https:\/\/skaitytaknyga.lt\/produktas\/remarkas-juodasis-obeliskas-2\/#primaryimage","url":"https:\/\/skaitytaknyga.lt\/wp-content\/uploads\/2024\/04\/unnamed-2-5.jpg","contentUrl":"https:\/\/skaitytaknyga.lt\/wp-content\/uploads\/2024\/04\/unnamed-2-5.jpg","width":374,"height":512,"caption":"Remarkas \u201eJuodasis obeliskas\u201c"},{"@type":"BreadcrumbList","@id":"https:\/\/skaitytaknyga.lt\/produktas\/remarkas-juodasis-obeliskas-2\/#breadcrumb","itemListElement":[{"@type":"ListItem","position":1,"name":"Home","item":"https:\/\/skaitytaknyga.lt\/"},{"@type":"ListItem","position":2,"name":"Parduotuv\u0117","item":"https:\/\/skaitytaknyga.lt\/knygu-parduotuve\/"},{"@type":"ListItem","position":3,"name":"Remarkas \u201eJuodasis obeliskas\u201c"}]},{"@type":"WebSite","@id":"https:\/\/skaitytaknyga.lt\/#website","url":"https:\/\/skaitytaknyga.lt\/","name":"skaitytaknyga.lt","description":"Skaitytaknyga.lt \u2013 tai ma\u017eas \u0161eimos verslas, kuris prasid\u0117jo nuo meil\u0117s knygoms ir siekio i\u0161gelb\u0117ti knygas nuo likimo prie konteinerio. Kas vienam nereikalingas daiktas \u2013 kitam lobis, o mes esame tarpininkai, kurie padeda abiems tapti laimingesniems ???? \u017dinome kaip nelengva i\u0161gyventi ma\u017eiems verslams, tad nuo \u0161iol, \u010dia rasite ir kit\u0173, ma\u017e\u0173 \u0161eim\u0173 versl\u0173, rank\u0173 darbo, dovan\u0173 sau ir artimiesiems.","publisher":{"@id":"https:\/\/skaitytaknyga.lt\/#organization"},"potentialAction":[{"@type":"SearchAction","target":{"@type":"EntryPoint","urlTemplate":"https:\/\/skaitytaknyga.lt\/?s={search_term_string}"},"query-input":{"@type":"PropertyValueSpecification","valueRequired":true,"valueName":"search_term_string"}}],"inLanguage":"en-GB"},{"@type":"Organization","@id":"https:\/\/skaitytaknyga.lt\/#organization","name":"skaitytaknyga.lt","url":"https:\/\/skaitytaknyga.lt\/","logo":{"@type":"ImageObject","inLanguage":"en-GB","@id":"https:\/\/skaitytaknyga.lt\/#\/schema\/logo\/image\/","url":"https:\/\/skaitytaknyga.lt\/wp-content\/uploads\/2024\/05\/cropped-cropped-cropped-02_00843_jt3bggkj1j3HLc7SyY6rEUpg.jpeg","contentUrl":"https:\/\/skaitytaknyga.lt\/wp-content\/uploads\/2024\/05\/cropped-cropped-cropped-02_00843_jt3bggkj1j3HLc7SyY6rEUpg.jpeg","width":1600,"height":1600,"caption":"skaitytaknyga.lt"},"image":{"@id":"https:\/\/skaitytaknyga.lt\/#\/schema\/logo\/image\/"},"sameAs":["https:\/\/www.facebook.com\/skaitytaknyga\/"]}]}},"_links":{"self":[{"href":"https:\/\/skaitytaknyga.lt\/en\/wp-json\/wp\/v2\/product\/8672","targetHints":{"allow":["GET"]}}],"collection":[{"href":"https:\/\/skaitytaknyga.lt\/en\/wp-json\/wp\/v2\/product"}],"about":[{"href":"https:\/\/skaitytaknyga.lt\/en\/wp-json\/wp\/v2\/types\/product"}],"replies":[{"embeddable":true,"href":"https:\/\/skaitytaknyga.lt\/en\/wp-json\/wp\/v2\/comments?post=8672"}],"wp:featuredmedia":[{"embeddable":true,"href":"https:\/\/skaitytaknyga.lt\/en\/wp-json\/wp\/v2\/media\/5010"}],"wp:attachment":[{"href":"https:\/\/skaitytaknyga.lt\/en\/wp-json\/wp\/v2\/media?parent=8672"}],"wp:term":[{"taxonomy":"product_brand","embeddable":true,"href":"https:\/\/skaitytaknyga.lt\/en\/wp-json\/wp\/v2\/product_brand?post=8672"},{"taxonomy":"product_cat","embeddable":true,"href":"https:\/\/skaitytaknyga.lt\/en\/wp-json\/wp\/v2\/product_cat?post=8672"},{"taxonomy":"product_tag","embeddable":true,"href":"https:\/\/skaitytaknyga.lt\/en\/wp-json\/wp\/v2\/product_tag?post=8672"}],"curies":[{"name":"wp","href":"https:\/\/api.w.org\/{rel}","templated":true}]}}