{"id":8664,"date":"2024-05-04T14:49:16","date_gmt":"2024-05-04T14:49:16","guid":{"rendered":"https:\/\/skaitytaknyga.lt\/?post_type=product&#038;p=8664"},"modified":"2026-03-18T15:00:02","modified_gmt":"2026-03-18T13:00:02","slug":"alfonsas-eidintas-lietuvos-zydu-zudyniu-byla","status":"publish","type":"product","link":"https:\/\/skaitytaknyga.lt\/en\/produktas\/alfonsas-eidintas-lietuvos-zydu-zudyniu-byla\/","title":{"rendered":"Lietuvos \u017eyd\u0173 \u017eudyni\u0173 byla (sulietas vir\u0161us)"},"content":{"rendered":"<p>\u0160is straipsni\u0173 rinkinys skirtas \u201eopiajam klausimui&#8221; &#8211; taip ilgokai u\u017esienio lietuvi\u0173 spaudoje vadintai lietuvi\u0173 ir \u017eyd\u0173 santyki\u0173 problemai, kuri\u0105 suk\u016br\u0117 naci\u0173 Vokietijos vykdytas masinis \u017eyd\u0173 naikinimas Europoje, Lietuvoje ir dalies lietuvi\u0173 dalyvavimas holokauste.<\/p>\n<p>Ta\u010diau skaitytojui norisi pristatyti ir aplinkybes, kurios gal\u0117jo veikti lietuvi\u0173 s\u0105mon\u0119, formuoti palank\u0173 ar nepalank\u0173 Lietuvos \u017eydo \u012fvaizd\u012f, parodyti lietuvi\u0173 ir \u017eyd\u0173 santyki\u0173 raid\u0105 abiej\u0173 okupacij\u0173 metu, stereotip\u0173 \u017eal\u0105 tiems santykiams ir atskleisti sud\u0117ting\u0105 atsakomyb\u0117s suvokim\u0105 lietuvi\u0173 visuomen\u0117je po holokausto.<\/p>\n<p>Tai buvo sunkus u\u017edavinys dar ir tod\u0117l, jog lietuvi\u0173 visuomen\u0117 n\u0117ra visi\u0161kai suvokusi holokausto esm\u0117s, ne tik \u017eyd\u0173, bet ir lietuvi\u0173 tragedijos. Svarbu \u017einoti ir tai, kod\u0117l net 2000 metais dar ne taip ma\u017eai \u017emoni\u0173 neretai pasijunta es\u0105 sen\u0173 mit\u0173 ir stereotip\u0173 nelaisv\u0117je, pasitaiko net auk\u0173 smerkimo fakt\u0173, nenoro matyti tamsi\u0173 savo istorijos puslapi\u0173.<\/p>\n<p>Daugelio akivaizd\u017ei\u0173 dalyk\u0173 neigimas temdo ry\u0161ius tarp taut\u0173, o neretai ir atsiliepia Lietuvos valstyb\u0117s santykiams su kitomis \u0161alimis, netgi kelia klausim\u0105, ar m\u016bsuose tikrai formuojasi atvira, dialogui pakanti demokratin\u0117 visuomen\u0117. \u0160ias problemas bandysime i\u0161siai\u0161kinti ar bent aptarti, identifikuoti jas. [&#8230;].<\/p>\n<p>Diskusija Lietuvos \u017eyd\u0173 ir lietuvi\u0173 santyki\u0173, holokausto tema lietuvi\u0173 visuomen\u0117je vyksta jau seniai, prasid\u0117jo ji pirmais pokario metais lietuvi\u0173 stovyklose Vokietijoje, apie k\u0105 liudija publikuojamas 1946 m. sudarytas dokumentas VLIK&#8217;ui, ta\u010diau sud\u0117tinga Lietuvos pad\u0117tis, istorin\u0117s s\u0105lygos koregavo ir j\u0105, keit\u0117 po\u017ei\u016brius ir vertinimus.<\/p>\n<p>Tod\u0117l m\u016bs\u0173 visuomenei verta \u017einoti, kaip ji vyko, kas, kokios aplinkyb\u0117s \u012ftakojo. Tam aptarti ir sudarytas \u0161is straipsniu rinkinys, skirtas pirmiausia studentams, mokytojams, visuomenei &#8211; visiems, besidomintiems Lietuvos \u017eydu &#8211; litvak\u0173 &#8211; istorija, gyvenimu, j\u0173 santykiais su lietuviais, \u017eyd\u0173 katastrofos pasekm\u0117mis. Straipsni\u0173 rinkinyje stengiamasi apimti svarbiausius lietuvi\u0173 kalba spaudoje paskelbtus darbus, kurie skirti \u0161iuolaikiniams lietuvi\u0173 ir \u017eyd\u0173 santyki\u0173 klausimams ir tiesiogiai ar netiesiogiai lie\u010dia holokaust\u0105 Lietuvoje.<\/p>\n","protected":false},"excerpt":{"rendered":"<p>\u0160is straipsni\u0173 rinkinys skirtas \u201eopiajam klausimui&#8221; &#8211; taip ilgokai u\u017esienio lietuvi\u0173 spaudoje vadintai lietuvi\u0173 ir \u017eyd\u0173 santyki\u0173 problemai, kuri\u0105 suk\u016br\u0117 naci\u0173 Vokietijos vykdytas masinis \u017eyd\u0173 naikinimas Europoje, Lietuvoje ir dalies lietuvi\u0173 dalyvavimas holokauste. Ta\u010diau skaitytojui norisi pristatyti ir aplinkybes, kurios gal\u0117jo veikti lietuvi\u0173 s\u0105mon\u0119, formuoti palank\u0173 ar nepalank\u0173 Lietuvos \u017eydo \u012fvaizd\u012f, parodyti lietuvi\u0173 ir \u017eyd\u0173 santyki\u0173 raid\u0105 abiej\u0173 okupacij\u0173 metu, stereotip\u0173 \u017eal\u0105 tiems santykiams ir atskleisti sud\u0117ting\u0105 atsakomyb\u0117s suvokim\u0105 lietuvi\u0173 visuomen\u0117je po holokausto. Tai buvo sunkus u\u017edavinys dar ir tod\u0117l, jog lietuvi\u0173 visuomen\u0117 n\u0117ra visi\u0161kai suvokusi holokausto esm\u0117s, ne tik \u017eyd\u0173, bet ir lietuvi\u0173 tragedijos. Svarbu \u017einoti ir tai, kod\u0117l net 2000 metais dar ne taip ma\u017eai \u017emoni\u0173 neretai pasijunta es\u0105 sen\u0173 mit\u0173 ir stereotip\u0173 nelaisv\u0117je, pasitaiko net auk\u0173 smerkimo fakt\u0173, nenoro matyti tamsi\u0173 savo istorijos puslapi\u0173. Daugelio akivaizd\u017ei\u0173 dalyk\u0173 neigimas temdo ry\u0161ius tarp taut\u0173, o neretai ir atsiliepia Lietuvos valstyb\u0117s santykiams su kitomis \u0161alimis, netgi kelia klausim\u0105, ar m\u016bsuose tikrai formuojasi atvira, dialogui pakanti demokratin\u0117 visuomen\u0117. \u0160ias problemas bandysime i\u0161siai\u0161kinti ar bent aptarti, identifikuoti jas. [&#8230;]. Diskusija Lietuvos \u017eyd\u0173 ir lietuvi\u0173 santyki\u0173, holokausto tema lietuvi\u0173 visuomen\u0117je vyksta jau seniai, prasid\u0117jo ji pirmais pokario metais lietuvi\u0173 stovyklose Vokietijoje, apie k\u0105 liudija publikuojamas 1946 m. sudarytas dokumentas VLIK&#8217;ui, ta\u010diau sud\u0117tinga Lietuvos pad\u0117tis, istorin\u0117s s\u0105lygos koregavo ir j\u0105, keit\u0117 po\u017ei\u016brius ir vertinimus. Tod\u0117l m\u016bs\u0173 visuomenei verta \u017einoti, kaip ji vyko, kas, kokios aplinkyb\u0117s \u012ftakojo. Tam aptarti ir sudarytas \u0161is straipsniu rinkinys, skirtas pirmiausia studentams, mokytojams, visuomenei &#8211; visiems, besidomintiems Lietuvos \u017eydu &#8211; litvak\u0173 &#8211; istorija, gyvenimu, j\u0173 santykiais su lietuviais, \u017eyd\u0173 katastrofos pasekm\u0117mis. Straipsni\u0173 rinkinyje stengiamasi apimti svarbiausius lietuvi\u0173 kalba spaudoje paskelbtus darbus, kurie skirti \u0161iuolaikiniams lietuvi\u0173 ir \u017eyd\u0173 santyki\u0173 klausimams ir tiesiogiai ar netiesiogiai lie\u010dia holokaust\u0105 Lietuvoje.<\/p>\n","protected":false},"featured_media":13231,"comment_status":"closed","ping_status":"closed","template":"","meta":{"_acf_changed":false,"site-sidebar-layout":"default","site-content-layout":"","ast-site-content-layout":"default","site-content-style":"default","site-sidebar-style":"default","ast-global-header-display":"","ast-banner-title-visibility":"","ast-main-header-display":"","ast-hfb-above-header-display":"","ast-hfb-below-header-display":"","ast-hfb-mobile-header-display":"","site-post-title":"","ast-breadcrumbs-content":"","ast-featured-img":"","footer-sml-layout":"","ast-disable-related-posts":"","theme-transparent-header-meta":"default","adv-header-id-meta":"","stick-header-meta":"","header-above-stick-meta":"","header-main-stick-meta":"","header-below-stick-meta":"","astra-migrate-meta-layouts":"set","ast-page-background-enabled":"default","ast-page-background-meta":{"desktop":{"background-color":"","background-image":"","background-repeat":"repeat","background-position":"center center","background-size":"auto","background-attachment":"scroll","background-type":"","background-media":"","overlay-type":"","overlay-color":"","overlay-opacity":"","overlay-gradient":""},"tablet":{"background-color":"","background-image":"","background-repeat":"repeat","background-position":"center center","background-size":"auto","background-attachment":"scroll","background-type":"","background-media":"","overlay-type":"","overlay-color":"","overlay-opacity":"","overlay-gradient":""},"mobile":{"background-color":"","background-image":"","background-repeat":"repeat","background-position":"center center","background-size":"auto","background-attachment":"scroll","background-type":"","background-media":"","overlay-type":"","overlay-color":"","overlay-opacity":"","overlay-gradient":""}},"ast-content-background-meta":{"desktop":{"background-color":"var(--ast-global-color-4)","background-image":"","background-repeat":"repeat","background-position":"center center","background-size":"auto","background-attachment":"scroll","background-type":"","background-media":"","overlay-type":"","overlay-color":"","overlay-opacity":"","overlay-gradient":""},"tablet":{"background-color":"var(--ast-global-color-4)","background-image":"","background-repeat":"repeat","background-position":"center center","background-size":"auto","background-attachment":"scroll","background-type":"","background-media":"","overlay-type":"","overlay-color":"","overlay-opacity":"","overlay-gradient":""},"mobile":{"background-color":"var(--ast-global-color-4)","background-image":"","background-repeat":"repeat","background-position":"center center","background-size":"auto","background-attachment":"scroll","background-type":"","background-media":"","overlay-type":"","overlay-color":"","overlay-opacity":"","overlay-gradient":""}}},"product_brand":[],"product_cat":[9862,174],"product_tag":[1340],"class_list":{"0":"post-8664","1":"product","2":"type-product","3":"status-publish","4":"has-post-thumbnail","6":"product_cat-lietuvos-istorija","7":"product_cat-istorija-ir-politologija","8":"product_tag-alfonsas-eidintas","9":"desktop-align-left","10":"tablet-align-left","11":"mobile-align-left","13":"first","14":"instock","15":"shipping-taxable","16":"purchasable","17":"product-type-simple"},"acf":[],"yoast_head":"<!-- This site is optimized with the Yoast SEO plugin v27.0 - https:\/\/yoast.com\/product\/yoast-seo-wordpress\/ -->\n<title>Lietuvos \u017eyd\u0173 \u017eudyni\u0173 byla (sulietas vir\u0161us)<\/title>\n<meta name=\"description\" content=\"\u0160is straipsni\u0173 rinkinys skirtas \u201eopiajam klausimui&quot; - taip ilgokai u\u017esienio lietuvi\u0173 spaudoje vadintai lietuvi\u0173 ir \u017eyd\u0173 santyki\u0173 problemai, kuri\u0105 suk\u016br\u0117\" \/>\n<meta name=\"robots\" content=\"index, follow, max-snippet:-1, max-image-preview:large, max-video-preview:-1\" \/>\n<link rel=\"canonical\" href=\"https:\/\/skaitytaknyga.lt\/en\/produktas\/alfonsas-eidintas-lietuvos-zydu-zudyniu-byla\/\" \/>\n<meta property=\"og:locale\" content=\"en_GB\" \/>\n<meta property=\"og:locale:alternate\" content=\"lt_LT\" \/>\n<meta property=\"og:type\" content=\"article\" \/>\n<meta property=\"og:title\" content=\"Lietuvos \u017eyd\u0173 \u017eudyni\u0173 byla (sulietas vir\u0161us)\" \/>\n<meta property=\"og:description\" content=\"\u0160is straipsni\u0173 rinkinys skirtas \u201eopiajam klausimui&quot; - taip ilgokai u\u017esienio lietuvi\u0173 spaudoje vadintai lietuvi\u0173 ir \u017eyd\u0173 santyki\u0173 problemai, kuri\u0105 suk\u016br\u0117\" \/>\n<meta property=\"og:url\" content=\"https:\/\/skaitytaknyga.lt\/en\/produktas\/alfonsas-eidintas-lietuvos-zydu-zudyniu-byla\/\" \/>\n<meta property=\"og:site_name\" content=\"Skaitytaknyga\" \/>\n<meta property=\"article:publisher\" content=\"https:\/\/www.facebook.com\/skaitytaknyga\/\" \/>\n<meta property=\"article:modified_time\" content=\"2026-03-18T13:00:02+00:00\" \/>\n<meta property=\"og:image\" content=\"https:\/\/skaitytaknyga.lt\/wp-content\/uploads\/2024\/05\/c237c82c00252ca6ddcfc15078bcbfd1.webp\" \/>\n\t<meta property=\"og:image:width\" content=\"500\" \/>\n\t<meta property=\"og:image:height\" content=\"800\" \/>\n\t<meta property=\"og:image:type\" content=\"image\/webp\" \/>\n<meta name=\"twitter:card\" content=\"summary_large_image\" \/>\n<meta name=\"twitter:label1\" content=\"Estimated reading time\" \/>\n\t<meta name=\"twitter:data1\" content=\"2 minutes\" \/>\n<script type=\"application\/ld+json\" class=\"yoast-schema-graph\">{\"@context\":\"https:\/\/schema.org\",\"@graph\":[{\"@type\":\"WebPage\",\"@id\":\"https:\/\/skaitytaknyga.lt\/produktas\/alfonsas-eidintas-lietuvos-zydu-zudyniu-byla\/\",\"url\":\"https:\/\/skaitytaknyga.lt\/produktas\/alfonsas-eidintas-lietuvos-zydu-zudyniu-byla\/\",\"name\":\"Lietuvos \u017eyd\u0173 \u017eudyni\u0173 byla (sulietas vir\u0161us)\",\"isPartOf\":{\"@id\":\"https:\/\/skaitytaknyga.lt\/#website\"},\"primaryImageOfPage\":{\"@id\":\"https:\/\/skaitytaknyga.lt\/produktas\/alfonsas-eidintas-lietuvos-zydu-zudyniu-byla\/#primaryimage\"},\"image\":{\"@id\":\"https:\/\/skaitytaknyga.lt\/produktas\/alfonsas-eidintas-lietuvos-zydu-zudyniu-byla\/#primaryimage\"},\"thumbnailUrl\":\"https:\/\/skaitytaknyga.lt\/wp-content\/uploads\/2024\/05\/c237c82c00252ca6ddcfc15078bcbfd1.webp\",\"datePublished\":\"2024-05-04T14:49:16+00:00\",\"dateModified\":\"2026-03-18T13:00:02+00:00\",\"description\":\"\u0160is straipsni\u0173 rinkinys skirtas \u201eopiajam klausimui\\\" - taip ilgokai u\u017esienio lietuvi\u0173 spaudoje vadintai lietuvi\u0173 ir \u017eyd\u0173 santyki\u0173 problemai, kuri\u0105 suk\u016br\u0117\",\"breadcrumb\":{\"@id\":\"https:\/\/skaitytaknyga.lt\/produktas\/alfonsas-eidintas-lietuvos-zydu-zudyniu-byla\/#breadcrumb\"},\"inLanguage\":\"en-GB\",\"potentialAction\":[{\"@type\":\"ReadAction\",\"target\":[\"https:\/\/skaitytaknyga.lt\/produktas\/alfonsas-eidintas-lietuvos-zydu-zudyniu-byla\/\"]}]},{\"@type\":\"ImageObject\",\"inLanguage\":\"en-GB\",\"@id\":\"https:\/\/skaitytaknyga.lt\/produktas\/alfonsas-eidintas-lietuvos-zydu-zudyniu-byla\/#primaryimage\",\"url\":\"https:\/\/skaitytaknyga.lt\/wp-content\/uploads\/2024\/05\/c237c82c00252ca6ddcfc15078bcbfd1.webp\",\"contentUrl\":\"https:\/\/skaitytaknyga.lt\/wp-content\/uploads\/2024\/05\/c237c82c00252ca6ddcfc15078bcbfd1.webp\",\"width\":500,\"height\":800,\"caption\":\"Lietuvos \u017eyd\u0173 \u017eudyni\u0173 byla. Dokument\u0173 ir straipsni\u0173 rinkinys\"},{\"@type\":\"BreadcrumbList\",\"@id\":\"https:\/\/skaitytaknyga.lt\/produktas\/alfonsas-eidintas-lietuvos-zydu-zudyniu-byla\/#breadcrumb\",\"itemListElement\":[{\"@type\":\"ListItem\",\"position\":1,\"name\":\"Home\",\"item\":\"https:\/\/skaitytaknyga.lt\/\"},{\"@type\":\"ListItem\",\"position\":2,\"name\":\"Parduotuv\u0117\",\"item\":\"https:\/\/skaitytaknyga.lt\/knygu-parduotuve\/\"},{\"@type\":\"ListItem\",\"position\":3,\"name\":\"Lietuvos \u017eyd\u0173 \u017eudyni\u0173 byla (sulietas vir\u0161us)\"}]},{\"@type\":\"WebSite\",\"@id\":\"https:\/\/skaitytaknyga.lt\/#website\",\"url\":\"https:\/\/skaitytaknyga.lt\/\",\"name\":\"skaitytaknyga.lt\",\"description\":\"Skaitytaknyga.lt \u2013 tai ma\u017eas \u0161eimos verslas, kuris prasid\u0117jo nuo meil\u0117s knygoms ir siekio i\u0161gelb\u0117ti knygas nuo likimo prie konteinerio. Kas vienam nereikalingas daiktas \u2013 kitam lobis, o mes esame tarpininkai, kurie padeda abiems tapti laimingesniems ???? \u017dinome kaip nelengva i\u0161gyventi ma\u017eiems verslams, tad nuo \u0161iol, \u010dia rasite ir kit\u0173, ma\u017e\u0173 \u0161eim\u0173 versl\u0173, rank\u0173 darbo, dovan\u0173 sau ir artimiesiems.\",\"publisher\":{\"@id\":\"https:\/\/skaitytaknyga.lt\/#organization\"},\"potentialAction\":[{\"@type\":\"SearchAction\",\"target\":{\"@type\":\"EntryPoint\",\"urlTemplate\":\"https:\/\/skaitytaknyga.lt\/?s={search_term_string}\"},\"query-input\":{\"@type\":\"PropertyValueSpecification\",\"valueRequired\":true,\"valueName\":\"search_term_string\"}}],\"inLanguage\":\"en-GB\"},{\"@type\":\"Organization\",\"@id\":\"https:\/\/skaitytaknyga.lt\/#organization\",\"name\":\"skaitytaknyga.lt\",\"url\":\"https:\/\/skaitytaknyga.lt\/\",\"logo\":{\"@type\":\"ImageObject\",\"inLanguage\":\"en-GB\",\"@id\":\"https:\/\/skaitytaknyga.lt\/#\/schema\/logo\/image\/\",\"url\":\"https:\/\/skaitytaknyga.lt\/wp-content\/uploads\/2024\/05\/cropped-cropped-cropped-02_00843_jt3bggkj1j3HLc7SyY6rEUpg.jpeg\",\"contentUrl\":\"https:\/\/skaitytaknyga.lt\/wp-content\/uploads\/2024\/05\/cropped-cropped-cropped-02_00843_jt3bggkj1j3HLc7SyY6rEUpg.jpeg\",\"width\":1600,\"height\":1600,\"caption\":\"skaitytaknyga.lt\"},\"image\":{\"@id\":\"https:\/\/skaitytaknyga.lt\/#\/schema\/logo\/image\/\"},\"sameAs\":[\"https:\/\/www.facebook.com\/skaitytaknyga\/\"]}]}<\/script>\n<!-- \/ Yoast SEO plugin. -->","yoast_head_json":{"title":"Lietuvos \u017eyd\u0173 \u017eudyni\u0173 byla (sulietas vir\u0161us)","description":"\u0160is straipsni\u0173 rinkinys skirtas \u201eopiajam klausimui\" - taip ilgokai u\u017esienio lietuvi\u0173 spaudoje vadintai lietuvi\u0173 ir \u017eyd\u0173 santyki\u0173 problemai, kuri\u0105 suk\u016br\u0117","robots":{"index":"index","follow":"follow","max-snippet":"max-snippet:-1","max-image-preview":"max-image-preview:large","max-video-preview":"max-video-preview:-1"},"canonical":"https:\/\/skaitytaknyga.lt\/en\/produktas\/alfonsas-eidintas-lietuvos-zydu-zudyniu-byla\/","og_locale":"en_GB","og_type":"article","og_title":"[:lt]Lietuvos \u017eyd\u0173 \u017eudyni\u0173 byla (sulietas vir\u0161us)[:] - Skaitytaknyga skaitytaknyga.lt","og_description":"\u0160is straipsni\u0173 rinkinys skirtas \u201eopiajam klausimui\" - taip ilgokai u\u017esienio lietuvi\u0173 spaudoje vadintai lietuvi\u0173 ir \u017eyd\u0173 santyki\u0173 problemai, kuri\u0105 suk\u016br\u0117","og_url":"https:\/\/skaitytaknyga.lt\/en\/produktas\/alfonsas-eidintas-lietuvos-zydu-zudyniu-byla\/","og_site_name":"Skaitytaknyga","article_publisher":"https:\/\/www.facebook.com\/skaitytaknyga\/","article_modified_time":"2026-03-18T13:00:02+00:00","og_image":[{"width":500,"height":800,"url":"https:\/\/skaitytaknyga.lt\/wp-content\/uploads\/2024\/05\/c237c82c00252ca6ddcfc15078bcbfd1.webp","type":"image\/webp"}],"twitter_card":"summary_large_image","twitter_misc":{"Estimated reading time":"2 minutes"},"schema":{"@context":"https:\/\/schema.org","@graph":[{"@type":"WebPage","@id":"https:\/\/skaitytaknyga.lt\/produktas\/alfonsas-eidintas-lietuvos-zydu-zudyniu-byla\/","url":"https:\/\/skaitytaknyga.lt\/produktas\/alfonsas-eidintas-lietuvos-zydu-zudyniu-byla\/","name":"Lietuvos \u017eyd\u0173 \u017eudyni\u0173 byla (sulietas vir\u0161us)","isPartOf":{"@id":"https:\/\/skaitytaknyga.lt\/#website"},"primaryImageOfPage":{"@id":"https:\/\/skaitytaknyga.lt\/produktas\/alfonsas-eidintas-lietuvos-zydu-zudyniu-byla\/#primaryimage"},"image":{"@id":"https:\/\/skaitytaknyga.lt\/produktas\/alfonsas-eidintas-lietuvos-zydu-zudyniu-byla\/#primaryimage"},"thumbnailUrl":"https:\/\/skaitytaknyga.lt\/wp-content\/uploads\/2024\/05\/c237c82c00252ca6ddcfc15078bcbfd1.webp","datePublished":"2024-05-04T14:49:16+00:00","dateModified":"2026-03-18T13:00:02+00:00","description":"\u0160is straipsni\u0173 rinkinys skirtas \u201eopiajam klausimui\" - taip ilgokai u\u017esienio lietuvi\u0173 spaudoje vadintai lietuvi\u0173 ir \u017eyd\u0173 santyki\u0173 problemai, kuri\u0105 suk\u016br\u0117","breadcrumb":{"@id":"https:\/\/skaitytaknyga.lt\/produktas\/alfonsas-eidintas-lietuvos-zydu-zudyniu-byla\/#breadcrumb"},"inLanguage":"en-GB","potentialAction":[{"@type":"ReadAction","target":["https:\/\/skaitytaknyga.lt\/produktas\/alfonsas-eidintas-lietuvos-zydu-zudyniu-byla\/"]}]},{"@type":"ImageObject","inLanguage":"en-GB","@id":"https:\/\/skaitytaknyga.lt\/produktas\/alfonsas-eidintas-lietuvos-zydu-zudyniu-byla\/#primaryimage","url":"https:\/\/skaitytaknyga.lt\/wp-content\/uploads\/2024\/05\/c237c82c00252ca6ddcfc15078bcbfd1.webp","contentUrl":"https:\/\/skaitytaknyga.lt\/wp-content\/uploads\/2024\/05\/c237c82c00252ca6ddcfc15078bcbfd1.webp","width":500,"height":800,"caption":"Lietuvos \u017eyd\u0173 \u017eudyni\u0173 byla. Dokument\u0173 ir straipsni\u0173 rinkinys"},{"@type":"BreadcrumbList","@id":"https:\/\/skaitytaknyga.lt\/produktas\/alfonsas-eidintas-lietuvos-zydu-zudyniu-byla\/#breadcrumb","itemListElement":[{"@type":"ListItem","position":1,"name":"Home","item":"https:\/\/skaitytaknyga.lt\/"},{"@type":"ListItem","position":2,"name":"Parduotuv\u0117","item":"https:\/\/skaitytaknyga.lt\/knygu-parduotuve\/"},{"@type":"ListItem","position":3,"name":"Lietuvos \u017eyd\u0173 \u017eudyni\u0173 byla (sulietas vir\u0161us)"}]},{"@type":"WebSite","@id":"https:\/\/skaitytaknyga.lt\/#website","url":"https:\/\/skaitytaknyga.lt\/","name":"skaitytaknyga.lt","description":"Skaitytaknyga.lt \u2013 tai ma\u017eas \u0161eimos verslas, kuris prasid\u0117jo nuo meil\u0117s knygoms ir siekio i\u0161gelb\u0117ti knygas nuo likimo prie konteinerio. Kas vienam nereikalingas daiktas \u2013 kitam lobis, o mes esame tarpininkai, kurie padeda abiems tapti laimingesniems ???? \u017dinome kaip nelengva i\u0161gyventi ma\u017eiems verslams, tad nuo \u0161iol, \u010dia rasite ir kit\u0173, ma\u017e\u0173 \u0161eim\u0173 versl\u0173, rank\u0173 darbo, dovan\u0173 sau ir artimiesiems.","publisher":{"@id":"https:\/\/skaitytaknyga.lt\/#organization"},"potentialAction":[{"@type":"SearchAction","target":{"@type":"EntryPoint","urlTemplate":"https:\/\/skaitytaknyga.lt\/?s={search_term_string}"},"query-input":{"@type":"PropertyValueSpecification","valueRequired":true,"valueName":"search_term_string"}}],"inLanguage":"en-GB"},{"@type":"Organization","@id":"https:\/\/skaitytaknyga.lt\/#organization","name":"skaitytaknyga.lt","url":"https:\/\/skaitytaknyga.lt\/","logo":{"@type":"ImageObject","inLanguage":"en-GB","@id":"https:\/\/skaitytaknyga.lt\/#\/schema\/logo\/image\/","url":"https:\/\/skaitytaknyga.lt\/wp-content\/uploads\/2024\/05\/cropped-cropped-cropped-02_00843_jt3bggkj1j3HLc7SyY6rEUpg.jpeg","contentUrl":"https:\/\/skaitytaknyga.lt\/wp-content\/uploads\/2024\/05\/cropped-cropped-cropped-02_00843_jt3bggkj1j3HLc7SyY6rEUpg.jpeg","width":1600,"height":1600,"caption":"skaitytaknyga.lt"},"image":{"@id":"https:\/\/skaitytaknyga.lt\/#\/schema\/logo\/image\/"},"sameAs":["https:\/\/www.facebook.com\/skaitytaknyga\/"]}]}},"_links":{"self":[{"href":"https:\/\/skaitytaknyga.lt\/en\/wp-json\/wp\/v2\/product\/8664","targetHints":{"allow":["GET"]}}],"collection":[{"href":"https:\/\/skaitytaknyga.lt\/en\/wp-json\/wp\/v2\/product"}],"about":[{"href":"https:\/\/skaitytaknyga.lt\/en\/wp-json\/wp\/v2\/types\/product"}],"replies":[{"embeddable":true,"href":"https:\/\/skaitytaknyga.lt\/en\/wp-json\/wp\/v2\/comments?post=8664"}],"wp:featuredmedia":[{"embeddable":true,"href":"https:\/\/skaitytaknyga.lt\/en\/wp-json\/wp\/v2\/media\/13231"}],"wp:attachment":[{"href":"https:\/\/skaitytaknyga.lt\/en\/wp-json\/wp\/v2\/media?parent=8664"}],"wp:term":[{"taxonomy":"product_brand","embeddable":true,"href":"https:\/\/skaitytaknyga.lt\/en\/wp-json\/wp\/v2\/product_brand?post=8664"},{"taxonomy":"product_cat","embeddable":true,"href":"https:\/\/skaitytaknyga.lt\/en\/wp-json\/wp\/v2\/product_cat?post=8664"},{"taxonomy":"product_tag","embeddable":true,"href":"https:\/\/skaitytaknyga.lt\/en\/wp-json\/wp\/v2\/product_tag?post=8664"}],"curies":[{"name":"wp","href":"https:\/\/api.w.org\/{rel}","templated":true}]}}