{"id":8655,"date":"2024-05-04T14:49:15","date_gmt":"2024-05-04T14:49:15","guid":{"rendered":"https:\/\/skaitytaknyga.lt\/?post_type=product&#038;p=8655"},"modified":"2025-05-02T10:03:57","modified_gmt":"2025-05-02T07:03:57","slug":"atsiminimai-fasistines-vokietijos-snipas-2","status":"publish","type":"product","link":"https:\/\/skaitytaknyga.lt\/en\/produktas\/atsiminimai-fasistines-vokietijos-snipas-2\/","title":{"rendered":"Atsiminimai.Fa\u0161istin\u0117s Vokietijos \u0161nipas"},"content":{"rendered":"<p>Knygos prana\u0161umas yra jos autenti\u0161kumas, kokiu gali pasi\u017eym\u0117ti tik tiesioginio \u012fvyki\u0173 liudininko ir dalyvio plunksna. Kaip hitlerin\u0117s Vokietijos politin\u0117s \u017evalgybos (SD) \u0161efas, autorius tur\u0117jo galimyb\u0119 ne tik i\u0161 arti pajusti auk\u0161\u010diausiuose naci\u0173 vald\u017eios elito sluoksniuose tvyran\u010di\u0105 atmosfer\u0105, bet ir daryti betarpi\u0161k\u0105 \u012ftak\u0105 sprendimams. Autorius, numatydamas pasekmes, ie\u0161kojo pasiteisinimo prie\u0161 ateities kartas, savaip interpretuojant daugel\u012f fakt\u0173 bei stengiantis kuo palankiau nu\u0161viesti savo vaidmen\u012f \u012fvykiuose.<\/p>\n","protected":false},"excerpt":{"rendered":"<p>Knygos prana\u0161umas yra jos autenti\u0161kumas, kokiu gali pasi\u017eym\u0117ti tik tiesioginio \u012fvyki\u0173 liudininko ir dalyvio plunksna. Kaip hitlerin\u0117s Vokietijos politin\u0117s \u017evalgybos (SD) \u0161efas, autorius tur\u0117jo galimyb\u0119 ne tik i\u0161 arti pajusti auk\u0161\u010diausiuose naci\u0173 vald\u017eios elito sluoksniuose tvyran\u010di\u0105 atmosfer\u0105, bet ir daryti betarpi\u0161k\u0105 \u012ftak\u0105 sprendimams. Autorius, numatydamas pasekmes, ie\u0161kojo pasiteisinimo prie\u0161 ateities kartas, savaip interpretuojant daugel\u012f fakt\u0173 bei stengiantis kuo palankiau nu\u0161viesti savo vaidmen\u012f \u012fvykiuose.<\/p>\n","protected":false},"featured_media":4978,"comment_status":"closed","ping_status":"closed","template":"","meta":{"_acf_changed":false,"site-sidebar-layout":"default","site-content-layout":"","ast-site-content-layout":"default","site-content-style":"default","site-sidebar-style":"default","ast-global-header-display":"","ast-banner-title-visibility":"","ast-main-header-display":"","ast-hfb-above-header-display":"","ast-hfb-below-header-display":"","ast-hfb-mobile-header-display":"","site-post-title":"","ast-breadcrumbs-content":"","ast-featured-img":"","footer-sml-layout":"","ast-disable-related-posts":"","theme-transparent-header-meta":"","adv-header-id-meta":"","stick-header-meta":"","header-above-stick-meta":"","header-main-stick-meta":"","header-below-stick-meta":"","astra-migrate-meta-layouts":"default","ast-page-background-enabled":"default","ast-page-background-meta":{"desktop":{"background-color":"","background-image":"","background-repeat":"repeat","background-position":"center center","background-size":"auto","background-attachment":"scroll","background-type":"","background-media":"","overlay-type":"","overlay-color":"","overlay-opacity":"","overlay-gradient":""},"tablet":{"background-color":"","background-image":"","background-repeat":"repeat","background-position":"center center","background-size":"auto","background-attachment":"scroll","background-type":"","background-media":"","overlay-type":"","overlay-color":"","overlay-opacity":"","overlay-gradient":""},"mobile":{"background-color":"","background-image":"","background-repeat":"repeat","background-position":"center center","background-size":"auto","background-attachment":"scroll","background-type":"","background-media":"","overlay-type":"","overlay-color":"","overlay-opacity":"","overlay-gradient":""}},"ast-content-background-meta":{"desktop":{"background-color":"var(--ast-global-color-4)","background-image":"","background-repeat":"repeat","background-position":"center center","background-size":"auto","background-attachment":"scroll","background-type":"","background-media":"","overlay-type":"","overlay-color":"","overlay-opacity":"","overlay-gradient":""},"tablet":{"background-color":"var(--ast-global-color-4)","background-image":"","background-repeat":"repeat","background-position":"center center","background-size":"auto","background-attachment":"scroll","background-type":"","background-media":"","overlay-type":"","overlay-color":"","overlay-opacity":"","overlay-gradient":""},"mobile":{"background-color":"var(--ast-global-color-4)","background-image":"","background-repeat":"repeat","background-position":"center center","background-size":"auto","background-attachment":"scroll","background-type":"","background-media":"","overlay-type":"","overlay-color":"","overlay-opacity":"","overlay-gradient":""}}},"product_brand":[],"product_cat":[174],"product_tag":[1095,1349,1350,1348],"class_list":{"0":"post-8655","1":"product","2":"type-product","3":"status-publish","4":"has-post-thumbnail","6":"product_cat-istorija-ir-politologija","7":"product_tag-antrasis-pasaulinis-karas","8":"product_tag-atsiminimai","9":"product_tag-snipai","10":"product_tag-walteris-schellenbergas","11":"desktop-align-left","12":"tablet-align-left","13":"mobile-align-left","15":"first","16":"instock","17":"shipping-taxable","18":"purchasable","19":"product-type-simple"},"acf":[],"yoast_head":"<!-- This site is optimized with the Yoast SEO plugin v27.0 - https:\/\/yoast.com\/product\/yoast-seo-wordpress\/ -->\n<title>Atsiminimai.Fa\u0161istin\u0117s Vokietijos \u0161nipas<\/title>\n<meta name=\"description\" content=\"Knygos prana\u0161umas yra jos autenti\u0161kumas, kokiu gali pasi\u017eym\u0117ti tik tiesioginio \u012fvyki\u0173 liudininko ir dalyvio plunksna. Kaip hitlerin\u0117s Vokietijos politin\u0117s \u017evalgybos (SD) \u0161efas, autorius tur\u0117jo galimyb\u0119 ne tik i\u0161 arti pajusti auk\u0161\u010diausiuose naci\u0173 vald\u017eios elito sluoksniuose tvyran\u010di\u0105 atmosfer\u0105, bet ir daryti betarpi\u0161k\u0105 \u012ftak\u0105 sprendimams. Autorius, numatydamas pasekmes, ie\u0161kojo pasiteisinimo prie\u0161 ateities kartas, savaip interpretuojant daugel\u012f fakt\u0173 bei stengiantis kuo palankiau nu\u0161viesti savo vaidmen\u012f \u012fvykiuose.\" \/>\n<meta name=\"robots\" content=\"index, follow, max-snippet:-1, max-image-preview:large, max-video-preview:-1\" \/>\n<link rel=\"canonical\" href=\"https:\/\/skaitytaknyga.lt\/en\/produktas\/atsiminimai-fasistines-vokietijos-snipas-2\/\" \/>\n<meta property=\"og:locale\" content=\"en_GB\" \/>\n<meta property=\"og:locale:alternate\" content=\"lt_LT\" \/>\n<meta property=\"og:type\" content=\"article\" \/>\n<meta property=\"og:title\" content=\"Atsiminimai.Fa\u0161istin\u0117s Vokietijos \u0161nipas\" \/>\n<meta property=\"og:description\" content=\"Knygos prana\u0161umas yra jos autenti\u0161kumas, kokiu gali pasi\u017eym\u0117ti tik tiesioginio \u012fvyki\u0173 liudininko ir dalyvio plunksna. Kaip hitlerin\u0117s Vokietijos politin\u0117s \u017evalgybos (SD) \u0161efas, autorius tur\u0117jo galimyb\u0119 ne tik i\u0161 arti pajusti auk\u0161\u010diausiuose naci\u0173 vald\u017eios elito sluoksniuose tvyran\u010di\u0105 atmosfer\u0105, bet ir daryti betarpi\u0161k\u0105 \u012ftak\u0105 sprendimams. Autorius, numatydamas pasekmes, ie\u0161kojo pasiteisinimo prie\u0161 ateities kartas, savaip interpretuojant daugel\u012f fakt\u0173 bei stengiantis kuo palankiau nu\u0161viesti savo vaidmen\u012f \u012fvykiuose.\" \/>\n<meta property=\"og:url\" content=\"https:\/\/skaitytaknyga.lt\/en\/produktas\/atsiminimai-fasistines-vokietijos-snipas-2\/\" \/>\n<meta property=\"og:site_name\" content=\"Skaitytaknyga\" \/>\n<meta property=\"article:publisher\" content=\"https:\/\/www.facebook.com\/skaitytaknyga\/\" \/>\n<meta property=\"article:modified_time\" content=\"2025-05-02T07:03:57+00:00\" \/>\n<meta property=\"og:image\" content=\"https:\/\/skaitytaknyga.lt\/wp-content\/uploads\/2024\/04\/233503-15995108671814822238174716063677-1-e1616348808357.jpg\" \/>\n\t<meta property=\"og:image:width\" content=\"556\" \/>\n\t<meta property=\"og:image:height\" content=\"792\" \/>\n\t<meta property=\"og:image:type\" content=\"image\/jpeg\" \/>\n<meta name=\"twitter:card\" content=\"summary_large_image\" \/>\n<script type=\"application\/ld+json\" class=\"yoast-schema-graph\">{\"@context\":\"https:\/\/schema.org\",\"@graph\":[{\"@type\":\"WebPage\",\"@id\":\"https:\/\/skaitytaknyga.lt\/produktas\/atsiminimai-fasistines-vokietijos-snipas-2\/\",\"url\":\"https:\/\/skaitytaknyga.lt\/produktas\/atsiminimai-fasistines-vokietijos-snipas-2\/\",\"name\":\"Atsiminimai.Fa\u0161istin\u0117s Vokietijos \u0161nipas\",\"isPartOf\":{\"@id\":\"https:\/\/skaitytaknyga.lt\/#website\"},\"primaryImageOfPage\":{\"@id\":\"https:\/\/skaitytaknyga.lt\/produktas\/atsiminimai-fasistines-vokietijos-snipas-2\/#primaryimage\"},\"image\":{\"@id\":\"https:\/\/skaitytaknyga.lt\/produktas\/atsiminimai-fasistines-vokietijos-snipas-2\/#primaryimage\"},\"thumbnailUrl\":\"https:\/\/skaitytaknyga.lt\/wp-content\/uploads\/2024\/04\/233503-15995108671814822238174716063677-1-e1616348808357.jpg\",\"datePublished\":\"2024-05-04T14:49:15+00:00\",\"dateModified\":\"2025-05-02T07:03:57+00:00\",\"description\":\"Knygos prana\u0161umas yra jos autenti\u0161kumas, kokiu gali pasi\u017eym\u0117ti tik tiesioginio \u012fvyki\u0173 liudininko ir dalyvio plunksna. Kaip hitlerin\u0117s Vokietijos politin\u0117s \u017evalgybos (SD) \u0161efas, autorius tur\u0117jo galimyb\u0119 ne tik i\u0161 arti pajusti auk\u0161\u010diausiuose naci\u0173 vald\u017eios elito sluoksniuose tvyran\u010di\u0105 atmosfer\u0105, bet ir daryti betarpi\u0161k\u0105 \u012ftak\u0105 sprendimams. Autorius, numatydamas pasekmes, ie\u0161kojo pasiteisinimo prie\u0161 ateities kartas, savaip interpretuojant daugel\u012f fakt\u0173 bei stengiantis kuo palankiau nu\u0161viesti savo vaidmen\u012f \u012fvykiuose.\",\"breadcrumb\":{\"@id\":\"https:\/\/skaitytaknyga.lt\/produktas\/atsiminimai-fasistines-vokietijos-snipas-2\/#breadcrumb\"},\"inLanguage\":\"en-GB\",\"potentialAction\":[{\"@type\":\"ReadAction\",\"target\":[\"https:\/\/skaitytaknyga.lt\/produktas\/atsiminimai-fasistines-vokietijos-snipas-2\/\"]}]},{\"@type\":\"ImageObject\",\"inLanguage\":\"en-GB\",\"@id\":\"https:\/\/skaitytaknyga.lt\/produktas\/atsiminimai-fasistines-vokietijos-snipas-2\/#primaryimage\",\"url\":\"https:\/\/skaitytaknyga.lt\/wp-content\/uploads\/2024\/04\/233503-15995108671814822238174716063677-1-e1616348808357.jpg\",\"contentUrl\":\"https:\/\/skaitytaknyga.lt\/wp-content\/uploads\/2024\/04\/233503-15995108671814822238174716063677-1-e1616348808357.jpg\",\"width\":556,\"height\":792},{\"@type\":\"BreadcrumbList\",\"@id\":\"https:\/\/skaitytaknyga.lt\/produktas\/atsiminimai-fasistines-vokietijos-snipas-2\/#breadcrumb\",\"itemListElement\":[{\"@type\":\"ListItem\",\"position\":1,\"name\":\"Home\",\"item\":\"https:\/\/skaitytaknyga.lt\/\"},{\"@type\":\"ListItem\",\"position\":2,\"name\":\"Parduotuv\u0117\",\"item\":\"https:\/\/skaitytaknyga.lt\/knygu-parduotuve\/\"},{\"@type\":\"ListItem\",\"position\":3,\"name\":\"Atsiminimai.Fa\u0161istin\u0117s Vokietijos \u0161nipas\"}]},{\"@type\":\"WebSite\",\"@id\":\"https:\/\/skaitytaknyga.lt\/#website\",\"url\":\"https:\/\/skaitytaknyga.lt\/\",\"name\":\"skaitytaknyga.lt\",\"description\":\"Skaitytaknyga.lt \u2013 tai ma\u017eas \u0161eimos verslas, kuris prasid\u0117jo nuo meil\u0117s knygoms ir siekio i\u0161gelb\u0117ti knygas nuo likimo prie konteinerio. Kas vienam nereikalingas daiktas \u2013 kitam lobis, o mes esame tarpininkai, kurie padeda abiems tapti laimingesniems ???? \u017dinome kaip nelengva i\u0161gyventi ma\u017eiems verslams, tad nuo \u0161iol, \u010dia rasite ir kit\u0173, ma\u017e\u0173 \u0161eim\u0173 versl\u0173, rank\u0173 darbo, dovan\u0173 sau ir artimiesiems.\",\"publisher\":{\"@id\":\"https:\/\/skaitytaknyga.lt\/#organization\"},\"potentialAction\":[{\"@type\":\"SearchAction\",\"target\":{\"@type\":\"EntryPoint\",\"urlTemplate\":\"https:\/\/skaitytaknyga.lt\/?s={search_term_string}\"},\"query-input\":{\"@type\":\"PropertyValueSpecification\",\"valueRequired\":true,\"valueName\":\"search_term_string\"}}],\"inLanguage\":\"en-GB\"},{\"@type\":\"Organization\",\"@id\":\"https:\/\/skaitytaknyga.lt\/#organization\",\"name\":\"skaitytaknyga.lt\",\"url\":\"https:\/\/skaitytaknyga.lt\/\",\"logo\":{\"@type\":\"ImageObject\",\"inLanguage\":\"en-GB\",\"@id\":\"https:\/\/skaitytaknyga.lt\/#\/schema\/logo\/image\/\",\"url\":\"https:\/\/skaitytaknyga.lt\/wp-content\/uploads\/2024\/05\/cropped-cropped-cropped-02_00843_jt3bggkj1j3HLc7SyY6rEUpg.jpeg\",\"contentUrl\":\"https:\/\/skaitytaknyga.lt\/wp-content\/uploads\/2024\/05\/cropped-cropped-cropped-02_00843_jt3bggkj1j3HLc7SyY6rEUpg.jpeg\",\"width\":1600,\"height\":1600,\"caption\":\"skaitytaknyga.lt\"},\"image\":{\"@id\":\"https:\/\/skaitytaknyga.lt\/#\/schema\/logo\/image\/\"},\"sameAs\":[\"https:\/\/www.facebook.com\/skaitytaknyga\/\"]}]}<\/script>\n<!-- \/ Yoast SEO plugin. -->","yoast_head_json":{"title":"Atsiminimai.Fa\u0161istin\u0117s Vokietijos \u0161nipas","description":"Knygos prana\u0161umas yra jos autenti\u0161kumas, kokiu gali pasi\u017eym\u0117ti tik tiesioginio \u012fvyki\u0173 liudininko ir dalyvio plunksna. Kaip hitlerin\u0117s Vokietijos politin\u0117s \u017evalgybos (SD) \u0161efas, autorius tur\u0117jo galimyb\u0119 ne tik i\u0161 arti pajusti auk\u0161\u010diausiuose naci\u0173 vald\u017eios elito sluoksniuose tvyran\u010di\u0105 atmosfer\u0105, bet ir daryti betarpi\u0161k\u0105 \u012ftak\u0105 sprendimams. Autorius, numatydamas pasekmes, ie\u0161kojo pasiteisinimo prie\u0161 ateities kartas, savaip interpretuojant daugel\u012f fakt\u0173 bei stengiantis kuo palankiau nu\u0161viesti savo vaidmen\u012f \u012fvykiuose.","robots":{"index":"index","follow":"follow","max-snippet":"max-snippet:-1","max-image-preview":"max-image-preview:large","max-video-preview":"max-video-preview:-1"},"canonical":"https:\/\/skaitytaknyga.lt\/en\/produktas\/atsiminimai-fasistines-vokietijos-snipas-2\/","og_locale":"en_GB","og_type":"article","og_title":"[:lt]Atsiminimai.Fa\u0161istin\u0117s Vokietijos \u0161nipas[:] - Skaitytaknyga","og_description":"Knygos prana\u0161umas yra jos autenti\u0161kumas, kokiu gali pasi\u017eym\u0117ti tik tiesioginio \u012fvyki\u0173 liudininko ir dalyvio plunksna. Kaip hitlerin\u0117s Vokietijos politin\u0117s \u017evalgybos (SD) \u0161efas, autorius tur\u0117jo galimyb\u0119 ne tik i\u0161 arti pajusti auk\u0161\u010diausiuose naci\u0173 vald\u017eios elito sluoksniuose tvyran\u010di\u0105 atmosfer\u0105, bet ir daryti betarpi\u0161k\u0105 \u012ftak\u0105 sprendimams. Autorius, numatydamas pasekmes, ie\u0161kojo pasiteisinimo prie\u0161 ateities kartas, savaip interpretuojant daugel\u012f fakt\u0173 bei stengiantis kuo palankiau nu\u0161viesti savo vaidmen\u012f \u012fvykiuose.","og_url":"https:\/\/skaitytaknyga.lt\/en\/produktas\/atsiminimai-fasistines-vokietijos-snipas-2\/","og_site_name":"Skaitytaknyga","article_publisher":"https:\/\/www.facebook.com\/skaitytaknyga\/","article_modified_time":"2025-05-02T07:03:57+00:00","og_image":[{"width":556,"height":792,"url":"https:\/\/skaitytaknyga.lt\/wp-content\/uploads\/2024\/04\/233503-15995108671814822238174716063677-1-e1616348808357.jpg","type":"image\/jpeg"}],"twitter_card":"summary_large_image","schema":{"@context":"https:\/\/schema.org","@graph":[{"@type":"WebPage","@id":"https:\/\/skaitytaknyga.lt\/produktas\/atsiminimai-fasistines-vokietijos-snipas-2\/","url":"https:\/\/skaitytaknyga.lt\/produktas\/atsiminimai-fasistines-vokietijos-snipas-2\/","name":"Atsiminimai.Fa\u0161istin\u0117s Vokietijos \u0161nipas","isPartOf":{"@id":"https:\/\/skaitytaknyga.lt\/#website"},"primaryImageOfPage":{"@id":"https:\/\/skaitytaknyga.lt\/produktas\/atsiminimai-fasistines-vokietijos-snipas-2\/#primaryimage"},"image":{"@id":"https:\/\/skaitytaknyga.lt\/produktas\/atsiminimai-fasistines-vokietijos-snipas-2\/#primaryimage"},"thumbnailUrl":"https:\/\/skaitytaknyga.lt\/wp-content\/uploads\/2024\/04\/233503-15995108671814822238174716063677-1-e1616348808357.jpg","datePublished":"2024-05-04T14:49:15+00:00","dateModified":"2025-05-02T07:03:57+00:00","description":"Knygos prana\u0161umas yra jos autenti\u0161kumas, kokiu gali pasi\u017eym\u0117ti tik tiesioginio \u012fvyki\u0173 liudininko ir dalyvio plunksna. Kaip hitlerin\u0117s Vokietijos politin\u0117s \u017evalgybos (SD) \u0161efas, autorius tur\u0117jo galimyb\u0119 ne tik i\u0161 arti pajusti auk\u0161\u010diausiuose naci\u0173 vald\u017eios elito sluoksniuose tvyran\u010di\u0105 atmosfer\u0105, bet ir daryti betarpi\u0161k\u0105 \u012ftak\u0105 sprendimams. Autorius, numatydamas pasekmes, ie\u0161kojo pasiteisinimo prie\u0161 ateities kartas, savaip interpretuojant daugel\u012f fakt\u0173 bei stengiantis kuo palankiau nu\u0161viesti savo vaidmen\u012f \u012fvykiuose.","breadcrumb":{"@id":"https:\/\/skaitytaknyga.lt\/produktas\/atsiminimai-fasistines-vokietijos-snipas-2\/#breadcrumb"},"inLanguage":"en-GB","potentialAction":[{"@type":"ReadAction","target":["https:\/\/skaitytaknyga.lt\/produktas\/atsiminimai-fasistines-vokietijos-snipas-2\/"]}]},{"@type":"ImageObject","inLanguage":"en-GB","@id":"https:\/\/skaitytaknyga.lt\/produktas\/atsiminimai-fasistines-vokietijos-snipas-2\/#primaryimage","url":"https:\/\/skaitytaknyga.lt\/wp-content\/uploads\/2024\/04\/233503-15995108671814822238174716063677-1-e1616348808357.jpg","contentUrl":"https:\/\/skaitytaknyga.lt\/wp-content\/uploads\/2024\/04\/233503-15995108671814822238174716063677-1-e1616348808357.jpg","width":556,"height":792},{"@type":"BreadcrumbList","@id":"https:\/\/skaitytaknyga.lt\/produktas\/atsiminimai-fasistines-vokietijos-snipas-2\/#breadcrumb","itemListElement":[{"@type":"ListItem","position":1,"name":"Home","item":"https:\/\/skaitytaknyga.lt\/"},{"@type":"ListItem","position":2,"name":"Parduotuv\u0117","item":"https:\/\/skaitytaknyga.lt\/knygu-parduotuve\/"},{"@type":"ListItem","position":3,"name":"Atsiminimai.Fa\u0161istin\u0117s Vokietijos \u0161nipas"}]},{"@type":"WebSite","@id":"https:\/\/skaitytaknyga.lt\/#website","url":"https:\/\/skaitytaknyga.lt\/","name":"skaitytaknyga.lt","description":"Skaitytaknyga.lt \u2013 tai ma\u017eas \u0161eimos verslas, kuris prasid\u0117jo nuo meil\u0117s knygoms ir siekio i\u0161gelb\u0117ti knygas nuo likimo prie konteinerio. Kas vienam nereikalingas daiktas \u2013 kitam lobis, o mes esame tarpininkai, kurie padeda abiems tapti laimingesniems ???? \u017dinome kaip nelengva i\u0161gyventi ma\u017eiems verslams, tad nuo \u0161iol, \u010dia rasite ir kit\u0173, ma\u017e\u0173 \u0161eim\u0173 versl\u0173, rank\u0173 darbo, dovan\u0173 sau ir artimiesiems.","publisher":{"@id":"https:\/\/skaitytaknyga.lt\/#organization"},"potentialAction":[{"@type":"SearchAction","target":{"@type":"EntryPoint","urlTemplate":"https:\/\/skaitytaknyga.lt\/?s={search_term_string}"},"query-input":{"@type":"PropertyValueSpecification","valueRequired":true,"valueName":"search_term_string"}}],"inLanguage":"en-GB"},{"@type":"Organization","@id":"https:\/\/skaitytaknyga.lt\/#organization","name":"skaitytaknyga.lt","url":"https:\/\/skaitytaknyga.lt\/","logo":{"@type":"ImageObject","inLanguage":"en-GB","@id":"https:\/\/skaitytaknyga.lt\/#\/schema\/logo\/image\/","url":"https:\/\/skaitytaknyga.lt\/wp-content\/uploads\/2024\/05\/cropped-cropped-cropped-02_00843_jt3bggkj1j3HLc7SyY6rEUpg.jpeg","contentUrl":"https:\/\/skaitytaknyga.lt\/wp-content\/uploads\/2024\/05\/cropped-cropped-cropped-02_00843_jt3bggkj1j3HLc7SyY6rEUpg.jpeg","width":1600,"height":1600,"caption":"skaitytaknyga.lt"},"image":{"@id":"https:\/\/skaitytaknyga.lt\/#\/schema\/logo\/image\/"},"sameAs":["https:\/\/www.facebook.com\/skaitytaknyga\/"]}]}},"_links":{"self":[{"href":"https:\/\/skaitytaknyga.lt\/en\/wp-json\/wp\/v2\/product\/8655","targetHints":{"allow":["GET"]}}],"collection":[{"href":"https:\/\/skaitytaknyga.lt\/en\/wp-json\/wp\/v2\/product"}],"about":[{"href":"https:\/\/skaitytaknyga.lt\/en\/wp-json\/wp\/v2\/types\/product"}],"replies":[{"embeddable":true,"href":"https:\/\/skaitytaknyga.lt\/en\/wp-json\/wp\/v2\/comments?post=8655"}],"wp:featuredmedia":[{"embeddable":true,"href":"https:\/\/skaitytaknyga.lt\/en\/wp-json\/wp\/v2\/media\/4978"}],"wp:attachment":[{"href":"https:\/\/skaitytaknyga.lt\/en\/wp-json\/wp\/v2\/media?parent=8655"}],"wp:term":[{"taxonomy":"product_brand","embeddable":true,"href":"https:\/\/skaitytaknyga.lt\/en\/wp-json\/wp\/v2\/product_brand?post=8655"},{"taxonomy":"product_cat","embeddable":true,"href":"https:\/\/skaitytaknyga.lt\/en\/wp-json\/wp\/v2\/product_cat?post=8655"},{"taxonomy":"product_tag","embeddable":true,"href":"https:\/\/skaitytaknyga.lt\/en\/wp-json\/wp\/v2\/product_tag?post=8655"}],"curies":[{"name":"wp","href":"https:\/\/api.w.org\/{rel}","templated":true}]}}