{"id":8648,"date":"2024-05-04T14:49:15","date_gmt":"2024-05-04T14:49:15","guid":{"rendered":"https:\/\/skaitytaknyga.lt\/?post_type=product&#038;p=8648"},"modified":"2024-05-04T14:49:21","modified_gmt":"2024-05-04T14:49:21","slug":"r-vaigauskas-slaptajame-protu-kare-tarybinio-zvalgo-prisiminimai-2","status":"publish","type":"product","link":"https:\/\/skaitytaknyga.lt\/en\/produktas\/r-vaigauskas-slaptajame-protu-kare-tarybinio-zvalgo-prisiminimai-2\/","title":{"rendered":"R. Vaigauskas \u201eSlaptajame prot\u0173 kare. Tarybinio \u017evalgo prisiminimai\u201c"},"content":{"rendered":"<p>Pulkininkas R. Vaigauskas &#8211; pirmasis tarybinis \u017evalgas lietuvis, i\u0161dr\u012fs\u0119s papasakoti apie \u017evalgybinio darbo kasdienyb\u0119, nerimo ir paslap\u010di\u0173 kupinus \u0161iokiadienius. Fotonuotraukomis iliustruotuose prisiminimuose &#8211; \u017eemai\u010dio vaikino kelias \u012f \u017evalgyb\u0105, grumtyn\u0117s &#8220;slaptajame prot\u0173 kare&#8221; ir atsisveikinimas su \u0161ia tarnyba.<\/p>\n","protected":false},"excerpt":{"rendered":"<p>Udo Ulfkotte, \u017einomo Vokietijos dienra\u0161\u010dio redaktorius, knyg\u0173 autorius, pateikia daugyb\u0119 fakt\u0173, akivaizd\u017eiai rodan\u010di\u0173, kaip \u017einiasklaidos priemon\u0117s d\u0117l reiting\u0173, dideli\u0173 tira\u017e\u0173 manipuliuodamos informacija apgaudin\u0117ja skaitytojus, televizijos \u017ei\u016brovus ir radijo klausytojus.<\/p>\n<p>Autorius remiasi gausybe pavyzd\u017ei\u0173 i\u0161 \u012fvairi\u0173 \u0161ali\u0173 \u017einiasklaidos priemoni\u0173.<\/p>\n","protected":false},"featured_media":4971,"comment_status":"closed","ping_status":"closed","template":"","meta":{"_acf_changed":false,"site-sidebar-layout":"default","site-content-layout":"","ast-site-content-layout":"default","site-content-style":"default","site-sidebar-style":"default","ast-global-header-display":"","ast-banner-title-visibility":"","ast-main-header-display":"","ast-hfb-above-header-display":"","ast-hfb-below-header-display":"","ast-hfb-mobile-header-display":"","site-post-title":"","ast-breadcrumbs-content":"","ast-featured-img":"","footer-sml-layout":"","ast-disable-related-posts":"","theme-transparent-header-meta":"","adv-header-id-meta":"","stick-header-meta":"","header-above-stick-meta":"","header-main-stick-meta":"","header-below-stick-meta":"","astra-migrate-meta-layouts":"default","ast-page-background-enabled":"default","ast-page-background-meta":{"desktop":{"background-color":"","background-image":"","background-repeat":"repeat","background-position":"center center","background-size":"auto","background-attachment":"scroll","background-type":"","background-media":"","overlay-type":"","overlay-color":"","overlay-opacity":"","overlay-gradient":""},"tablet":{"background-color":"","background-image":"","background-repeat":"repeat","background-position":"center center","background-size":"auto","background-attachment":"scroll","background-type":"","background-media":"","overlay-type":"","overlay-color":"","overlay-opacity":"","overlay-gradient":""},"mobile":{"background-color":"","background-image":"","background-repeat":"repeat","background-position":"center center","background-size":"auto","background-attachment":"scroll","background-type":"","background-media":"","overlay-type":"","overlay-color":"","overlay-opacity":"","overlay-gradient":""}},"ast-content-background-meta":{"desktop":{"background-color":"var(--ast-global-color-4)","background-image":"","background-repeat":"repeat","background-position":"center center","background-size":"auto","background-attachment":"scroll","background-type":"","background-media":"","overlay-type":"","overlay-color":"","overlay-opacity":"","overlay-gradient":""},"tablet":{"background-color":"var(--ast-global-color-4)","background-image":"","background-repeat":"repeat","background-position":"center center","background-size":"auto","background-attachment":"scroll","background-type":"","background-media":"","overlay-type":"","overlay-color":"","overlay-opacity":"","overlay-gradient":""},"mobile":{"background-color":"var(--ast-global-color-4)","background-image":"","background-repeat":"repeat","background-position":"center center","background-size":"auto","background-attachment":"scroll","background-type":"","background-media":"","overlay-type":"","overlay-color":"","overlay-opacity":"","overlay-gradient":""}}},"product_brand":[],"product_cat":[174],"product_tag":[],"class_list":{"0":"post-8648","1":"product","2":"type-product","3":"status-publish","4":"has-post-thumbnail","6":"product_cat-istorija-ir-politologija","7":"pa_leidimo-metai-636","8":"desktop-align-left","9":"tablet-align-left","10":"mobile-align-left","12":"first","13":"outofstock","14":"shipping-taxable","15":"purchasable","16":"product-type-simple"},"acf":[],"yoast_head":"<!-- This site is optimized with the Yoast SEO plugin v27.0 - https:\/\/yoast.com\/product\/yoast-seo-wordpress\/ -->\n<title>R. Vaigauskas \u201eSlaptajame prot\u0173 kare. Tarybinio \u017evalgo prisiminimai\u201c - Skaitytaknyga<\/title>\n<meta name=\"description\" content=\"Udo Ulfkotte, \u017einomo Vokietijos dienra\u0161\u010dio redaktorius, knyg\u0173 autorius, pateikia daugyb\u0119 fakt\u0173, akivaizd\u017eiai rodan\u010di\u0173, kaip \u017einiasklaidos priemon\u0117s d\u0117l reiting\u0173, dideli\u0173 tira\u017e\u0173 manipuliuodamos informacija apgaudin\u0117ja skaitytojus, televizijos \u017ei\u016brovus ir radijo klausytojus.  Autorius remiasi gausybe pavyzd\u017ei\u0173 i\u0161 \u012fvairi\u0173 \u0161ali\u0173 \u017einiasklaidos priemoni\u0173.\" \/>\n<meta name=\"robots\" content=\"index, follow, max-snippet:-1, max-image-preview:large, max-video-preview:-1\" \/>\n<link rel=\"canonical\" href=\"https:\/\/skaitytaknyga.lt\/en\/produktas\/r-vaigauskas-slaptajame-protu-kare-tarybinio-zvalgo-prisiminimai-2\/\" \/>\n<meta property=\"og:locale\" content=\"en_GB\" \/>\n<meta property=\"og:locale:alternate\" content=\"lt_LT\" \/>\n<meta property=\"og:type\" content=\"article\" \/>\n<meta property=\"og:title\" content=\"R. Vaigauskas \u201eSlaptajame prot\u0173 kare. Tarybinio \u017evalgo prisiminimai\u201c - Skaitytaknyga\" \/>\n<meta property=\"og:description\" content=\"Udo Ulfkotte, \u017einomo Vokietijos dienra\u0161\u010dio redaktorius, knyg\u0173 autorius, pateikia daugyb\u0119 fakt\u0173, akivaizd\u017eiai rodan\u010di\u0173, kaip \u017einiasklaidos priemon\u0117s d\u0117l reiting\u0173, dideli\u0173 tira\u017e\u0173 manipuliuodamos informacija apgaudin\u0117ja skaitytojus, televizijos \u017ei\u016brovus ir radijo klausytojus.  Autorius remiasi gausybe pavyzd\u017ei\u0173 i\u0161 \u012fvairi\u0173 \u0161ali\u0173 \u017einiasklaidos priemoni\u0173.\" \/>\n<meta property=\"og:url\" content=\"https:\/\/skaitytaknyga.lt\/en\/produktas\/r-vaigauskas-slaptajame-protu-kare-tarybinio-zvalgo-prisiminimai-2\/\" \/>\n<meta property=\"og:site_name\" content=\"Skaitytaknyga\" \/>\n<meta property=\"article:publisher\" content=\"https:\/\/www.facebook.com\/skaitytaknyga\/\" \/>\n<meta property=\"article:modified_time\" content=\"2024-05-04T14:49:21+00:00\" \/>\n<meta property=\"og:image\" content=\"https:\/\/skaitytaknyga.lt\/wp-content\/uploads\/2024\/04\/165703-scanimage058-300x500-1-e1616338474446.jpg\" \/>\n\t<meta property=\"og:image:width\" content=\"300\" \/>\n\t<meta property=\"og:image:height\" content=\"473\" \/>\n\t<meta property=\"og:image:type\" content=\"image\/jpeg\" \/>\n<meta name=\"twitter:card\" content=\"summary_large_image\" \/>\n<script type=\"application\/ld+json\" class=\"yoast-schema-graph\">{\"@context\":\"https:\/\/schema.org\",\"@graph\":[{\"@type\":\"WebPage\",\"@id\":\"https:\/\/skaitytaknyga.lt\/produktas\/r-vaigauskas-slaptajame-protu-kare-tarybinio-zvalgo-prisiminimai-2\/\",\"url\":\"https:\/\/skaitytaknyga.lt\/produktas\/r-vaigauskas-slaptajame-protu-kare-tarybinio-zvalgo-prisiminimai-2\/\",\"name\":\"R. Vaigauskas \u201eSlaptajame prot\u0173 kare. Tarybinio \u017evalgo prisiminimai\u201c - Skaitytaknyga\",\"isPartOf\":{\"@id\":\"https:\/\/skaitytaknyga.lt\/#website\"},\"primaryImageOfPage\":{\"@id\":\"https:\/\/skaitytaknyga.lt\/produktas\/r-vaigauskas-slaptajame-protu-kare-tarybinio-zvalgo-prisiminimai-2\/#primaryimage\"},\"image\":{\"@id\":\"https:\/\/skaitytaknyga.lt\/produktas\/r-vaigauskas-slaptajame-protu-kare-tarybinio-zvalgo-prisiminimai-2\/#primaryimage\"},\"thumbnailUrl\":\"https:\/\/skaitytaknyga.lt\/wp-content\/uploads\/2024\/04\/165703-scanimage058-300x500-1-e1616338474446.jpg\",\"datePublished\":\"2024-05-04T14:49:15+00:00\",\"dateModified\":\"2024-05-04T14:49:21+00:00\",\"description\":\"Udo Ulfkotte, \u017einomo Vokietijos dienra\u0161\u010dio redaktorius, knyg\u0173 autorius, pateikia daugyb\u0119 fakt\u0173, akivaizd\u017eiai rodan\u010di\u0173, kaip \u017einiasklaidos priemon\u0117s d\u0117l reiting\u0173, dideli\u0173 tira\u017e\u0173 manipuliuodamos informacija apgaudin\u0117ja skaitytojus, televizijos \u017ei\u016brovus ir radijo klausytojus. Autorius remiasi gausybe pavyzd\u017ei\u0173 i\u0161 \u012fvairi\u0173 \u0161ali\u0173 \u017einiasklaidos priemoni\u0173.\",\"breadcrumb\":{\"@id\":\"https:\/\/skaitytaknyga.lt\/produktas\/r-vaigauskas-slaptajame-protu-kare-tarybinio-zvalgo-prisiminimai-2\/#breadcrumb\"},\"inLanguage\":\"en-GB\",\"potentialAction\":[{\"@type\":\"ReadAction\",\"target\":[\"https:\/\/skaitytaknyga.lt\/produktas\/r-vaigauskas-slaptajame-protu-kare-tarybinio-zvalgo-prisiminimai-2\/\"]}]},{\"@type\":\"ImageObject\",\"inLanguage\":\"en-GB\",\"@id\":\"https:\/\/skaitytaknyga.lt\/produktas\/r-vaigauskas-slaptajame-protu-kare-tarybinio-zvalgo-prisiminimai-2\/#primaryimage\",\"url\":\"https:\/\/skaitytaknyga.lt\/wp-content\/uploads\/2024\/04\/165703-scanimage058-300x500-1-e1616338474446.jpg\",\"contentUrl\":\"https:\/\/skaitytaknyga.lt\/wp-content\/uploads\/2024\/04\/165703-scanimage058-300x500-1-e1616338474446.jpg\",\"width\":300,\"height\":473},{\"@type\":\"BreadcrumbList\",\"@id\":\"https:\/\/skaitytaknyga.lt\/produktas\/r-vaigauskas-slaptajame-protu-kare-tarybinio-zvalgo-prisiminimai-2\/#breadcrumb\",\"itemListElement\":[{\"@type\":\"ListItem\",\"position\":1,\"name\":\"Home\",\"item\":\"https:\/\/skaitytaknyga.lt\/\"},{\"@type\":\"ListItem\",\"position\":2,\"name\":\"Parduotuv\u0117\",\"item\":\"https:\/\/skaitytaknyga.lt\/knygu-parduotuve\/\"},{\"@type\":\"ListItem\",\"position\":3,\"name\":\"R. Vaigauskas \u201eSlaptajame prot\u0173 kare. Tarybinio \u017evalgo prisiminimai\u201c\"}]},{\"@type\":\"WebSite\",\"@id\":\"https:\/\/skaitytaknyga.lt\/#website\",\"url\":\"https:\/\/skaitytaknyga.lt\/\",\"name\":\"skaitytaknyga.lt\",\"description\":\"Skaitytaknyga.lt \u2013 tai ma\u017eas \u0161eimos verslas, kuris prasid\u0117jo nuo meil\u0117s knygoms ir siekio i\u0161gelb\u0117ti knygas nuo likimo prie konteinerio. Kas vienam nereikalingas daiktas \u2013 kitam lobis, o mes esame tarpininkai, kurie padeda abiems tapti laimingesniems ???? \u017dinome kaip nelengva i\u0161gyventi ma\u017eiems verslams, tad nuo \u0161iol, \u010dia rasite ir kit\u0173, ma\u017e\u0173 \u0161eim\u0173 versl\u0173, rank\u0173 darbo, dovan\u0173 sau ir artimiesiems.\",\"publisher\":{\"@id\":\"https:\/\/skaitytaknyga.lt\/#organization\"},\"potentialAction\":[{\"@type\":\"SearchAction\",\"target\":{\"@type\":\"EntryPoint\",\"urlTemplate\":\"https:\/\/skaitytaknyga.lt\/?s={search_term_string}\"},\"query-input\":{\"@type\":\"PropertyValueSpecification\",\"valueRequired\":true,\"valueName\":\"search_term_string\"}}],\"inLanguage\":\"en-GB\"},{\"@type\":\"Organization\",\"@id\":\"https:\/\/skaitytaknyga.lt\/#organization\",\"name\":\"skaitytaknyga.lt\",\"url\":\"https:\/\/skaitytaknyga.lt\/\",\"logo\":{\"@type\":\"ImageObject\",\"inLanguage\":\"en-GB\",\"@id\":\"https:\/\/skaitytaknyga.lt\/#\/schema\/logo\/image\/\",\"url\":\"https:\/\/skaitytaknyga.lt\/wp-content\/uploads\/2024\/05\/cropped-cropped-cropped-02_00843_jt3bggkj1j3HLc7SyY6rEUpg.jpeg\",\"contentUrl\":\"https:\/\/skaitytaknyga.lt\/wp-content\/uploads\/2024\/05\/cropped-cropped-cropped-02_00843_jt3bggkj1j3HLc7SyY6rEUpg.jpeg\",\"width\":1600,\"height\":1600,\"caption\":\"skaitytaknyga.lt\"},\"image\":{\"@id\":\"https:\/\/skaitytaknyga.lt\/#\/schema\/logo\/image\/\"},\"sameAs\":[\"https:\/\/www.facebook.com\/skaitytaknyga\/\"]}]}<\/script>\n<!-- \/ Yoast SEO plugin. -->","yoast_head_json":{"title":"R. Vaigauskas \u201eSlaptajame prot\u0173 kare. Tarybinio \u017evalgo prisiminimai\u201c - Skaitytaknyga","description":"Udo Ulfkotte, \u017einomo Vokietijos dienra\u0161\u010dio redaktorius, knyg\u0173 autorius, pateikia daugyb\u0119 fakt\u0173, akivaizd\u017eiai rodan\u010di\u0173, kaip \u017einiasklaidos priemon\u0117s d\u0117l reiting\u0173, dideli\u0173 tira\u017e\u0173 manipuliuodamos informacija apgaudin\u0117ja skaitytojus, televizijos \u017ei\u016brovus ir radijo klausytojus.  Autorius remiasi gausybe pavyzd\u017ei\u0173 i\u0161 \u012fvairi\u0173 \u0161ali\u0173 \u017einiasklaidos priemoni\u0173.","robots":{"index":"index","follow":"follow","max-snippet":"max-snippet:-1","max-image-preview":"max-image-preview:large","max-video-preview":"max-video-preview:-1"},"canonical":"https:\/\/skaitytaknyga.lt\/en\/produktas\/r-vaigauskas-slaptajame-protu-kare-tarybinio-zvalgo-prisiminimai-2\/","og_locale":"en_GB","og_type":"article","og_title":"R. Vaigauskas \u201eSlaptajame prot\u0173 kare. Tarybinio \u017evalgo prisiminimai\u201c - Skaitytaknyga","og_description":"Udo Ulfkotte, \u017einomo Vokietijos dienra\u0161\u010dio redaktorius, knyg\u0173 autorius, pateikia daugyb\u0119 fakt\u0173, akivaizd\u017eiai rodan\u010di\u0173, kaip \u017einiasklaidos priemon\u0117s d\u0117l reiting\u0173, dideli\u0173 tira\u017e\u0173 manipuliuodamos informacija apgaudin\u0117ja skaitytojus, televizijos \u017ei\u016brovus ir radijo klausytojus.  Autorius remiasi gausybe pavyzd\u017ei\u0173 i\u0161 \u012fvairi\u0173 \u0161ali\u0173 \u017einiasklaidos priemoni\u0173.","og_url":"https:\/\/skaitytaknyga.lt\/en\/produktas\/r-vaigauskas-slaptajame-protu-kare-tarybinio-zvalgo-prisiminimai-2\/","og_site_name":"Skaitytaknyga","article_publisher":"https:\/\/www.facebook.com\/skaitytaknyga\/","article_modified_time":"2024-05-04T14:49:21+00:00","og_image":[{"width":300,"height":473,"url":"https:\/\/skaitytaknyga.lt\/wp-content\/uploads\/2024\/04\/165703-scanimage058-300x500-1-e1616338474446.jpg","type":"image\/jpeg"}],"twitter_card":"summary_large_image","schema":{"@context":"https:\/\/schema.org","@graph":[{"@type":"WebPage","@id":"https:\/\/skaitytaknyga.lt\/produktas\/r-vaigauskas-slaptajame-protu-kare-tarybinio-zvalgo-prisiminimai-2\/","url":"https:\/\/skaitytaknyga.lt\/produktas\/r-vaigauskas-slaptajame-protu-kare-tarybinio-zvalgo-prisiminimai-2\/","name":"R. Vaigauskas \u201eSlaptajame prot\u0173 kare. Tarybinio \u017evalgo prisiminimai\u201c - Skaitytaknyga","isPartOf":{"@id":"https:\/\/skaitytaknyga.lt\/#website"},"primaryImageOfPage":{"@id":"https:\/\/skaitytaknyga.lt\/produktas\/r-vaigauskas-slaptajame-protu-kare-tarybinio-zvalgo-prisiminimai-2\/#primaryimage"},"image":{"@id":"https:\/\/skaitytaknyga.lt\/produktas\/r-vaigauskas-slaptajame-protu-kare-tarybinio-zvalgo-prisiminimai-2\/#primaryimage"},"thumbnailUrl":"https:\/\/skaitytaknyga.lt\/wp-content\/uploads\/2024\/04\/165703-scanimage058-300x500-1-e1616338474446.jpg","datePublished":"2024-05-04T14:49:15+00:00","dateModified":"2024-05-04T14:49:21+00:00","description":"Udo Ulfkotte, \u017einomo Vokietijos dienra\u0161\u010dio redaktorius, knyg\u0173 autorius, pateikia daugyb\u0119 fakt\u0173, akivaizd\u017eiai rodan\u010di\u0173, kaip \u017einiasklaidos priemon\u0117s d\u0117l reiting\u0173, dideli\u0173 tira\u017e\u0173 manipuliuodamos informacija apgaudin\u0117ja skaitytojus, televizijos \u017ei\u016brovus ir radijo klausytojus. Autorius remiasi gausybe pavyzd\u017ei\u0173 i\u0161 \u012fvairi\u0173 \u0161ali\u0173 \u017einiasklaidos priemoni\u0173.","breadcrumb":{"@id":"https:\/\/skaitytaknyga.lt\/produktas\/r-vaigauskas-slaptajame-protu-kare-tarybinio-zvalgo-prisiminimai-2\/#breadcrumb"},"inLanguage":"en-GB","potentialAction":[{"@type":"ReadAction","target":["https:\/\/skaitytaknyga.lt\/produktas\/r-vaigauskas-slaptajame-protu-kare-tarybinio-zvalgo-prisiminimai-2\/"]}]},{"@type":"ImageObject","inLanguage":"en-GB","@id":"https:\/\/skaitytaknyga.lt\/produktas\/r-vaigauskas-slaptajame-protu-kare-tarybinio-zvalgo-prisiminimai-2\/#primaryimage","url":"https:\/\/skaitytaknyga.lt\/wp-content\/uploads\/2024\/04\/165703-scanimage058-300x500-1-e1616338474446.jpg","contentUrl":"https:\/\/skaitytaknyga.lt\/wp-content\/uploads\/2024\/04\/165703-scanimage058-300x500-1-e1616338474446.jpg","width":300,"height":473},{"@type":"BreadcrumbList","@id":"https:\/\/skaitytaknyga.lt\/produktas\/r-vaigauskas-slaptajame-protu-kare-tarybinio-zvalgo-prisiminimai-2\/#breadcrumb","itemListElement":[{"@type":"ListItem","position":1,"name":"Home","item":"https:\/\/skaitytaknyga.lt\/"},{"@type":"ListItem","position":2,"name":"Parduotuv\u0117","item":"https:\/\/skaitytaknyga.lt\/knygu-parduotuve\/"},{"@type":"ListItem","position":3,"name":"R. Vaigauskas \u201eSlaptajame prot\u0173 kare. Tarybinio \u017evalgo prisiminimai\u201c"}]},{"@type":"WebSite","@id":"https:\/\/skaitytaknyga.lt\/#website","url":"https:\/\/skaitytaknyga.lt\/","name":"skaitytaknyga.lt","description":"Skaitytaknyga.lt \u2013 tai ma\u017eas \u0161eimos verslas, kuris prasid\u0117jo nuo meil\u0117s knygoms ir siekio i\u0161gelb\u0117ti knygas nuo likimo prie konteinerio. Kas vienam nereikalingas daiktas \u2013 kitam lobis, o mes esame tarpininkai, kurie padeda abiems tapti laimingesniems ???? \u017dinome kaip nelengva i\u0161gyventi ma\u017eiems verslams, tad nuo \u0161iol, \u010dia rasite ir kit\u0173, ma\u017e\u0173 \u0161eim\u0173 versl\u0173, rank\u0173 darbo, dovan\u0173 sau ir artimiesiems.","publisher":{"@id":"https:\/\/skaitytaknyga.lt\/#organization"},"potentialAction":[{"@type":"SearchAction","target":{"@type":"EntryPoint","urlTemplate":"https:\/\/skaitytaknyga.lt\/?s={search_term_string}"},"query-input":{"@type":"PropertyValueSpecification","valueRequired":true,"valueName":"search_term_string"}}],"inLanguage":"en-GB"},{"@type":"Organization","@id":"https:\/\/skaitytaknyga.lt\/#organization","name":"skaitytaknyga.lt","url":"https:\/\/skaitytaknyga.lt\/","logo":{"@type":"ImageObject","inLanguage":"en-GB","@id":"https:\/\/skaitytaknyga.lt\/#\/schema\/logo\/image\/","url":"https:\/\/skaitytaknyga.lt\/wp-content\/uploads\/2024\/05\/cropped-cropped-cropped-02_00843_jt3bggkj1j3HLc7SyY6rEUpg.jpeg","contentUrl":"https:\/\/skaitytaknyga.lt\/wp-content\/uploads\/2024\/05\/cropped-cropped-cropped-02_00843_jt3bggkj1j3HLc7SyY6rEUpg.jpeg","width":1600,"height":1600,"caption":"skaitytaknyga.lt"},"image":{"@id":"https:\/\/skaitytaknyga.lt\/#\/schema\/logo\/image\/"},"sameAs":["https:\/\/www.facebook.com\/skaitytaknyga\/"]}]}},"_links":{"self":[{"href":"https:\/\/skaitytaknyga.lt\/en\/wp-json\/wp\/v2\/product\/8648","targetHints":{"allow":["GET"]}}],"collection":[{"href":"https:\/\/skaitytaknyga.lt\/en\/wp-json\/wp\/v2\/product"}],"about":[{"href":"https:\/\/skaitytaknyga.lt\/en\/wp-json\/wp\/v2\/types\/product"}],"replies":[{"embeddable":true,"href":"https:\/\/skaitytaknyga.lt\/en\/wp-json\/wp\/v2\/comments?post=8648"}],"wp:featuredmedia":[{"embeddable":true,"href":"https:\/\/skaitytaknyga.lt\/en\/wp-json\/wp\/v2\/media\/4971"}],"wp:attachment":[{"href":"https:\/\/skaitytaknyga.lt\/en\/wp-json\/wp\/v2\/media?parent=8648"}],"wp:term":[{"taxonomy":"product_brand","embeddable":true,"href":"https:\/\/skaitytaknyga.lt\/en\/wp-json\/wp\/v2\/product_brand?post=8648"},{"taxonomy":"product_cat","embeddable":true,"href":"https:\/\/skaitytaknyga.lt\/en\/wp-json\/wp\/v2\/product_cat?post=8648"},{"taxonomy":"product_tag","embeddable":true,"href":"https:\/\/skaitytaknyga.lt\/en\/wp-json\/wp\/v2\/product_tag?post=8648"}],"curies":[{"name":"wp","href":"https:\/\/api.w.org\/{rel}","templated":true}]}}