{"id":8646,"date":"2024-05-04T14:49:15","date_gmt":"2024-05-04T14:49:15","guid":{"rendered":"https:\/\/skaitytaknyga.lt\/?post_type=product&#038;p=8646"},"modified":"2024-05-04T14:49:19","modified_gmt":"2024-05-04T14:49:19","slug":"zaidziame-ripka-jokubo-stiklerio-prisiminimai-uzrasyti-sunaus-zigmo-2","status":"publish","type":"product","link":"https:\/\/skaitytaknyga.lt\/en\/produktas\/zaidziame-ripka-jokubo-stiklerio-prisiminimai-uzrasyti-sunaus-zigmo-2\/","title":{"rendered":"\u017daid\u017eiame ripk\u0105: Jok\u016bbo Stiklerio prisiminimai, u\u017era\u0161yti s\u016bnaus Zigmo"},"content":{"rendered":"<p>Kuo gyveno, k\u0105 jaut\u0117 \u017emon\u0117s prie\u0161 \u0161imt\u0105 met\u0173?<\/p>\n<p>Knyga \u201e\u017daid\u017eiame ripk\u0105\u201c \u2013 apie klajones jauno vaikino Jok\u016bbo i\u0161 Gaj\u016bn\u0173 kaimo, Bir\u017e\u0173 rajone, pa\u0161aukto rekr\u016btu \u012f caro kariuomen\u0119 1912 m., prie\u0161 pat Pirm\u0105j\u012f pasaulin\u012f kar\u0105 \u010cia jam teko patirti dvi Rusijos revoliucijas ir suirut\u0119. Gal\u0117jo sugr\u012f\u017eti tik \u012f Nepriklausom\u0105 Lietuv\u0105 1921-aisiais. Si\u016blome perskaityti lietuvi\u0161k\u0105j\u012f ma\u017eosios istorijos variant\u0105, iliustruot\u0105 Bir\u017e\u0173 kra\u0161to muziejaus \u201eS\u0117la&#8221; parinktais \u0161imtmet\u012f menan\u010diais vaizdais.<\/p>\n<p>Savo istorij\u0105 po keturiasde\u0161imties klajoni\u0173 met\u0173 Jok\u016bbas papasakojo s\u016bnui Zigmui, o \u0161is \u2013 dar po keturiasde\u0161imties t\u0117vo balsu pasakoja \u0161ios knygos skaitytojui.<\/p>\n","protected":false},"excerpt":{"rendered":"<p>Kuo gyveno, k\u0105 jaut\u0117 \u017emon\u0117s prie\u0161 \u0161imt\u0105 met\u0173?<\/p>\n<p>Knyga \u201e\u017daid\u017eiame ripk\u0105\u201c \u2013 apie klajones jauno vaikino Jok\u016bbo i\u0161 Gaj\u016bn\u0173 kaimo, Bir\u017e\u0173 rajone, pa\u0161aukto rekr\u016btu \u012f caro kariuomen\u0119 1912 m., prie\u0161 pat Pirm\u0105j\u012f pasaulin\u012f kar\u0105 \u010cia jam teko patirti dvi Rusijos revoliucijas ir suirut\u0119. Gal\u0117jo sugr\u012f\u017eti tik \u012f Nepriklausom\u0105 Lietuv\u0105 1921-aisiais. Si\u016blome perskaityti lietuvi\u0161k\u0105j\u012f ma\u017eosios istorijos variant\u0105, iliustruot\u0105 Bir\u017e\u0173 kra\u0161to muziejaus \u201eS\u0117la&#8221; parinktais \u0161imtmet\u012f menan\u010diais vaizdais.<\/p>\n<p>Savo istorij\u0105 po keturiasde\u0161imties klajoni\u0173 met\u0173 Jok\u016bbas papasakojo s\u016bnui Zigmui, o \u0161is \u2013 dar po keturiasde\u0161imties t\u0117vo balsu pasakoja \u0161ios knygos skaitytojui.<\/p>\n","protected":false},"featured_media":4969,"comment_status":"closed","ping_status":"closed","template":"","meta":{"_acf_changed":false,"site-sidebar-layout":"default","site-content-layout":"","ast-site-content-layout":"default","site-content-style":"default","site-sidebar-style":"default","ast-global-header-display":"","ast-banner-title-visibility":"","ast-main-header-display":"","ast-hfb-above-header-display":"","ast-hfb-below-header-display":"","ast-hfb-mobile-header-display":"","site-post-title":"","ast-breadcrumbs-content":"","ast-featured-img":"","footer-sml-layout":"","ast-disable-related-posts":"","theme-transparent-header-meta":"","adv-header-id-meta":"","stick-header-meta":"","header-above-stick-meta":"","header-main-stick-meta":"","header-below-stick-meta":"","astra-migrate-meta-layouts":"default","ast-page-background-enabled":"default","ast-page-background-meta":{"desktop":{"background-color":"","background-image":"","background-repeat":"repeat","background-position":"center center","background-size":"auto","background-attachment":"scroll","background-type":"","background-media":"","overlay-type":"","overlay-color":"","overlay-opacity":"","overlay-gradient":""},"tablet":{"background-color":"","background-image":"","background-repeat":"repeat","background-position":"center center","background-size":"auto","background-attachment":"scroll","background-type":"","background-media":"","overlay-type":"","overlay-color":"","overlay-opacity":"","overlay-gradient":""},"mobile":{"background-color":"","background-image":"","background-repeat":"repeat","background-position":"center center","background-size":"auto","background-attachment":"scroll","background-type":"","background-media":"","overlay-type":"","overlay-color":"","overlay-opacity":"","overlay-gradient":""}},"ast-content-background-meta":{"desktop":{"background-color":"var(--ast-global-color-4)","background-image":"","background-repeat":"repeat","background-position":"center center","background-size":"auto","background-attachment":"scroll","background-type":"","background-media":"","overlay-type":"","overlay-color":"","overlay-opacity":"","overlay-gradient":""},"tablet":{"background-color":"var(--ast-global-color-4)","background-image":"","background-repeat":"repeat","background-position":"center center","background-size":"auto","background-attachment":"scroll","background-type":"","background-media":"","overlay-type":"","overlay-color":"","overlay-opacity":"","overlay-gradient":""},"mobile":{"background-color":"var(--ast-global-color-4)","background-image":"","background-repeat":"repeat","background-position":"center center","background-size":"auto","background-attachment":"scroll","background-type":"","background-media":"","overlay-type":"","overlay-color":"","overlay-opacity":"","overlay-gradient":""}}},"product_brand":[],"product_cat":[174],"product_tag":[],"class_list":{"0":"post-8646","1":"product","2":"type-product","3":"status-publish","4":"has-post-thumbnail","6":"product_cat-istorija-ir-politologija","7":"pa_leidimo-metai-645","8":"desktop-align-left","9":"tablet-align-left","10":"mobile-align-left","12":"first","13":"instock","14":"shipping-taxable","15":"purchasable","16":"product-type-simple"},"acf":[],"yoast_head":"<!-- This site is optimized with the Yoast SEO plugin v27.0 - https:\/\/yoast.com\/product\/yoast-seo-wordpress\/ -->\n<title>\u017daid\u017eiame ripk\u0105: Jok\u016bbo Stiklerio prisiminimai, u\u017era\u0161yti s\u016bnaus Zigmo - Skaitytaknyga<\/title>\n<meta name=\"description\" content=\"Kuo gyveno, k\u0105 jaut\u0117 \u017emon\u0117s prie\u0161 \u0161imt\u0105 met\u0173?  Knyga \u201e\u017daid\u017eiame ripk\u0105\u201c \u2013 apie klajones jauno vaikino Jok\u016bbo i\u0161 Gaj\u016bn\u0173 kaimo, Bir\u017e\u0173 rajone, pa\u0161aukto rekr\u016btu \u012f caro kariuomen\u0119 1912 m., prie\u0161 pat Pirm\u0105j\u012f pasaulin\u012f kar\u0105 \u010cia jam teko patirti dvi Rusijos revoliucijas ir suirut\u0119. Gal\u0117jo sugr\u012f\u017eti tik \u012f Nepriklausom\u0105 Lietuv\u0105 1921-aisiais. Si\u016blome perskaityti lietuvi\u0161k\u0105j\u012f ma\u017eosios istorijos variant\u0105, iliustruot\u0105 Bir\u017e\u0173 kra\u0161to muziejaus \u201eS\u0117la&quot; parinktais \u0161imtmet\u012f menan\u010diais vaizdais.  Savo istorij\u0105 po keturiasde\u0161imties klajoni\u0173 met\u0173 Jok\u016bbas papasakojo s\u016bnui Zigmui, o \u0161is \u2013 dar po keturiasde\u0161imties t\u0117vo balsu pasakoja \u0161ios knygos skaitytojui.\" \/>\n<meta name=\"robots\" content=\"index, follow, max-snippet:-1, max-image-preview:large, max-video-preview:-1\" \/>\n<link rel=\"canonical\" href=\"https:\/\/skaitytaknyga.lt\/en\/produktas\/zaidziame-ripka-jokubo-stiklerio-prisiminimai-uzrasyti-sunaus-zigmo-2\/\" \/>\n<meta property=\"og:locale\" content=\"en_GB\" \/>\n<meta property=\"og:locale:alternate\" content=\"lt_LT\" \/>\n<meta property=\"og:type\" content=\"article\" \/>\n<meta property=\"og:title\" content=\"\u017daid\u017eiame ripk\u0105: Jok\u016bbo Stiklerio prisiminimai, u\u017era\u0161yti s\u016bnaus Zigmo - Skaitytaknyga\" \/>\n<meta property=\"og:description\" content=\"Kuo gyveno, k\u0105 jaut\u0117 \u017emon\u0117s prie\u0161 \u0161imt\u0105 met\u0173?  Knyga \u201e\u017daid\u017eiame ripk\u0105\u201c \u2013 apie klajones jauno vaikino Jok\u016bbo i\u0161 Gaj\u016bn\u0173 kaimo, Bir\u017e\u0173 rajone, pa\u0161aukto rekr\u016btu \u012f caro kariuomen\u0119 1912 m., prie\u0161 pat Pirm\u0105j\u012f pasaulin\u012f kar\u0105 \u010cia jam teko patirti dvi Rusijos revoliucijas ir suirut\u0119. Gal\u0117jo sugr\u012f\u017eti tik \u012f Nepriklausom\u0105 Lietuv\u0105 1921-aisiais. Si\u016blome perskaityti lietuvi\u0161k\u0105j\u012f ma\u017eosios istorijos variant\u0105, iliustruot\u0105 Bir\u017e\u0173 kra\u0161to muziejaus \u201eS\u0117la&quot; parinktais \u0161imtmet\u012f menan\u010diais vaizdais.  Savo istorij\u0105 po keturiasde\u0161imties klajoni\u0173 met\u0173 Jok\u016bbas papasakojo s\u016bnui Zigmui, o \u0161is \u2013 dar po keturiasde\u0161imties t\u0117vo balsu pasakoja \u0161ios knygos skaitytojui.\" \/>\n<meta property=\"og:url\" content=\"https:\/\/skaitytaknyga.lt\/en\/produktas\/zaidziame-ripka-jokubo-stiklerio-prisiminimai-uzrasyti-sunaus-zigmo-2\/\" \/>\n<meta property=\"og:site_name\" content=\"Skaitytaknyga\" \/>\n<meta property=\"article:publisher\" content=\"https:\/\/www.facebook.com\/skaitytaknyga\/\" \/>\n<meta property=\"article:modified_time\" content=\"2024-05-04T14:49:19+00:00\" \/>\n<meta property=\"og:image\" content=\"https:\/\/skaitytaknyga.lt\/wp-content\/uploads\/2024\/04\/1575634901_9789955829287.jpg\" \/>\n\t<meta property=\"og:image:width\" content=\"287\" \/>\n\t<meta property=\"og:image:height\" content=\"430\" \/>\n\t<meta property=\"og:image:type\" content=\"image\/jpeg\" \/>\n<meta name=\"twitter:card\" content=\"summary_large_image\" \/>\n<meta name=\"twitter:label1\" content=\"Estimated reading time\" \/>\n\t<meta name=\"twitter:data1\" content=\"1 minute\" \/>\n<script type=\"application\/ld+json\" class=\"yoast-schema-graph\">{\"@context\":\"https:\/\/schema.org\",\"@graph\":[{\"@type\":\"WebPage\",\"@id\":\"https:\/\/skaitytaknyga.lt\/produktas\/zaidziame-ripka-jokubo-stiklerio-prisiminimai-uzrasyti-sunaus-zigmo-2\/\",\"url\":\"https:\/\/skaitytaknyga.lt\/produktas\/zaidziame-ripka-jokubo-stiklerio-prisiminimai-uzrasyti-sunaus-zigmo-2\/\",\"name\":\"\u017daid\u017eiame ripk\u0105: Jok\u016bbo Stiklerio prisiminimai, u\u017era\u0161yti s\u016bnaus Zigmo - Skaitytaknyga\",\"isPartOf\":{\"@id\":\"https:\/\/skaitytaknyga.lt\/#website\"},\"primaryImageOfPage\":{\"@id\":\"https:\/\/skaitytaknyga.lt\/produktas\/zaidziame-ripka-jokubo-stiklerio-prisiminimai-uzrasyti-sunaus-zigmo-2\/#primaryimage\"},\"image\":{\"@id\":\"https:\/\/skaitytaknyga.lt\/produktas\/zaidziame-ripka-jokubo-stiklerio-prisiminimai-uzrasyti-sunaus-zigmo-2\/#primaryimage\"},\"thumbnailUrl\":\"https:\/\/skaitytaknyga.lt\/wp-content\/uploads\/2024\/04\/1575634901_9789955829287.jpg\",\"datePublished\":\"2024-05-04T14:49:15+00:00\",\"dateModified\":\"2024-05-04T14:49:19+00:00\",\"description\":\"Kuo gyveno, k\u0105 jaut\u0117 \u017emon\u0117s prie\u0161 \u0161imt\u0105 met\u0173? Knyga \u201e\u017daid\u017eiame ripk\u0105\u201c \u2013 apie klajones jauno vaikino Jok\u016bbo i\u0161 Gaj\u016bn\u0173 kaimo, Bir\u017e\u0173 rajone, pa\u0161aukto rekr\u016btu \u012f caro kariuomen\u0119 1912 m., prie\u0161 pat Pirm\u0105j\u012f pasaulin\u012f kar\u0105 \u010cia jam teko patirti dvi Rusijos revoliucijas ir suirut\u0119. Gal\u0117jo sugr\u012f\u017eti tik \u012f Nepriklausom\u0105 Lietuv\u0105 1921-aisiais. Si\u016blome perskaityti lietuvi\u0161k\u0105j\u012f ma\u017eosios istorijos variant\u0105, iliustruot\u0105 Bir\u017e\u0173 kra\u0161to muziejaus \u201eS\u0117la\\\" parinktais \u0161imtmet\u012f menan\u010diais vaizdais. Savo istorij\u0105 po keturiasde\u0161imties klajoni\u0173 met\u0173 Jok\u016bbas papasakojo s\u016bnui Zigmui, o \u0161is \u2013 dar po keturiasde\u0161imties t\u0117vo balsu pasakoja \u0161ios knygos skaitytojui.\",\"breadcrumb\":{\"@id\":\"https:\/\/skaitytaknyga.lt\/produktas\/zaidziame-ripka-jokubo-stiklerio-prisiminimai-uzrasyti-sunaus-zigmo-2\/#breadcrumb\"},\"inLanguage\":\"en-GB\",\"potentialAction\":[{\"@type\":\"ReadAction\",\"target\":[\"https:\/\/skaitytaknyga.lt\/produktas\/zaidziame-ripka-jokubo-stiklerio-prisiminimai-uzrasyti-sunaus-zigmo-2\/\"]}]},{\"@type\":\"ImageObject\",\"inLanguage\":\"en-GB\",\"@id\":\"https:\/\/skaitytaknyga.lt\/produktas\/zaidziame-ripka-jokubo-stiklerio-prisiminimai-uzrasyti-sunaus-zigmo-2\/#primaryimage\",\"url\":\"https:\/\/skaitytaknyga.lt\/wp-content\/uploads\/2024\/04\/1575634901_9789955829287.jpg\",\"contentUrl\":\"https:\/\/skaitytaknyga.lt\/wp-content\/uploads\/2024\/04\/1575634901_9789955829287.jpg\",\"width\":287,\"height\":430},{\"@type\":\"BreadcrumbList\",\"@id\":\"https:\/\/skaitytaknyga.lt\/produktas\/zaidziame-ripka-jokubo-stiklerio-prisiminimai-uzrasyti-sunaus-zigmo-2\/#breadcrumb\",\"itemListElement\":[{\"@type\":\"ListItem\",\"position\":1,\"name\":\"Home\",\"item\":\"https:\/\/skaitytaknyga.lt\/\"},{\"@type\":\"ListItem\",\"position\":2,\"name\":\"Parduotuv\u0117\",\"item\":\"https:\/\/skaitytaknyga.lt\/knygu-parduotuve\/\"},{\"@type\":\"ListItem\",\"position\":3,\"name\":\"\u017daid\u017eiame ripk\u0105: Jok\u016bbo Stiklerio prisiminimai, u\u017era\u0161yti s\u016bnaus Zigmo\"}]},{\"@type\":\"WebSite\",\"@id\":\"https:\/\/skaitytaknyga.lt\/#website\",\"url\":\"https:\/\/skaitytaknyga.lt\/\",\"name\":\"skaitytaknyga.lt\",\"description\":\"Skaitytaknyga.lt \u2013 tai ma\u017eas \u0161eimos verslas, kuris prasid\u0117jo nuo meil\u0117s knygoms ir siekio i\u0161gelb\u0117ti knygas nuo likimo prie konteinerio. Kas vienam nereikalingas daiktas \u2013 kitam lobis, o mes esame tarpininkai, kurie padeda abiems tapti laimingesniems ???? \u017dinome kaip nelengva i\u0161gyventi ma\u017eiems verslams, tad nuo \u0161iol, \u010dia rasite ir kit\u0173, ma\u017e\u0173 \u0161eim\u0173 versl\u0173, rank\u0173 darbo, dovan\u0173 sau ir artimiesiems.\",\"publisher\":{\"@id\":\"https:\/\/skaitytaknyga.lt\/#organization\"},\"potentialAction\":[{\"@type\":\"SearchAction\",\"target\":{\"@type\":\"EntryPoint\",\"urlTemplate\":\"https:\/\/skaitytaknyga.lt\/?s={search_term_string}\"},\"query-input\":{\"@type\":\"PropertyValueSpecification\",\"valueRequired\":true,\"valueName\":\"search_term_string\"}}],\"inLanguage\":\"en-GB\"},{\"@type\":\"Organization\",\"@id\":\"https:\/\/skaitytaknyga.lt\/#organization\",\"name\":\"skaitytaknyga.lt\",\"url\":\"https:\/\/skaitytaknyga.lt\/\",\"logo\":{\"@type\":\"ImageObject\",\"inLanguage\":\"en-GB\",\"@id\":\"https:\/\/skaitytaknyga.lt\/#\/schema\/logo\/image\/\",\"url\":\"https:\/\/skaitytaknyga.lt\/wp-content\/uploads\/2024\/05\/cropped-cropped-cropped-02_00843_jt3bggkj1j3HLc7SyY6rEUpg.jpeg\",\"contentUrl\":\"https:\/\/skaitytaknyga.lt\/wp-content\/uploads\/2024\/05\/cropped-cropped-cropped-02_00843_jt3bggkj1j3HLc7SyY6rEUpg.jpeg\",\"width\":1600,\"height\":1600,\"caption\":\"skaitytaknyga.lt\"},\"image\":{\"@id\":\"https:\/\/skaitytaknyga.lt\/#\/schema\/logo\/image\/\"},\"sameAs\":[\"https:\/\/www.facebook.com\/skaitytaknyga\/\"]}]}<\/script>\n<!-- \/ Yoast SEO plugin. -->","yoast_head_json":{"title":"\u017daid\u017eiame ripk\u0105: Jok\u016bbo Stiklerio prisiminimai, u\u017era\u0161yti s\u016bnaus Zigmo - Skaitytaknyga","description":"Kuo gyveno, k\u0105 jaut\u0117 \u017emon\u0117s prie\u0161 \u0161imt\u0105 met\u0173?  Knyga \u201e\u017daid\u017eiame ripk\u0105\u201c \u2013 apie klajones jauno vaikino Jok\u016bbo i\u0161 Gaj\u016bn\u0173 kaimo, Bir\u017e\u0173 rajone, pa\u0161aukto rekr\u016btu \u012f caro kariuomen\u0119 1912 m., prie\u0161 pat Pirm\u0105j\u012f pasaulin\u012f kar\u0105 \u010cia jam teko patirti dvi Rusijos revoliucijas ir suirut\u0119. Gal\u0117jo sugr\u012f\u017eti tik \u012f Nepriklausom\u0105 Lietuv\u0105 1921-aisiais. Si\u016blome perskaityti lietuvi\u0161k\u0105j\u012f ma\u017eosios istorijos variant\u0105, iliustruot\u0105 Bir\u017e\u0173 kra\u0161to muziejaus \u201eS\u0117la\" parinktais \u0161imtmet\u012f menan\u010diais vaizdais.  Savo istorij\u0105 po keturiasde\u0161imties klajoni\u0173 met\u0173 Jok\u016bbas papasakojo s\u016bnui Zigmui, o \u0161is \u2013 dar po keturiasde\u0161imties t\u0117vo balsu pasakoja \u0161ios knygos skaitytojui.","robots":{"index":"index","follow":"follow","max-snippet":"max-snippet:-1","max-image-preview":"max-image-preview:large","max-video-preview":"max-video-preview:-1"},"canonical":"https:\/\/skaitytaknyga.lt\/en\/produktas\/zaidziame-ripka-jokubo-stiklerio-prisiminimai-uzrasyti-sunaus-zigmo-2\/","og_locale":"en_GB","og_type":"article","og_title":"\u017daid\u017eiame ripk\u0105: Jok\u016bbo Stiklerio prisiminimai, u\u017era\u0161yti s\u016bnaus Zigmo - Skaitytaknyga","og_description":"Kuo gyveno, k\u0105 jaut\u0117 \u017emon\u0117s prie\u0161 \u0161imt\u0105 met\u0173?  Knyga \u201e\u017daid\u017eiame ripk\u0105\u201c \u2013 apie klajones jauno vaikino Jok\u016bbo i\u0161 Gaj\u016bn\u0173 kaimo, Bir\u017e\u0173 rajone, pa\u0161aukto rekr\u016btu \u012f caro kariuomen\u0119 1912 m., prie\u0161 pat Pirm\u0105j\u012f pasaulin\u012f kar\u0105 \u010cia jam teko patirti dvi Rusijos revoliucijas ir suirut\u0119. Gal\u0117jo sugr\u012f\u017eti tik \u012f Nepriklausom\u0105 Lietuv\u0105 1921-aisiais. Si\u016blome perskaityti lietuvi\u0161k\u0105j\u012f ma\u017eosios istorijos variant\u0105, iliustruot\u0105 Bir\u017e\u0173 kra\u0161to muziejaus \u201eS\u0117la\" parinktais \u0161imtmet\u012f menan\u010diais vaizdais.  Savo istorij\u0105 po keturiasde\u0161imties klajoni\u0173 met\u0173 Jok\u016bbas papasakojo s\u016bnui Zigmui, o \u0161is \u2013 dar po keturiasde\u0161imties t\u0117vo balsu pasakoja \u0161ios knygos skaitytojui.","og_url":"https:\/\/skaitytaknyga.lt\/en\/produktas\/zaidziame-ripka-jokubo-stiklerio-prisiminimai-uzrasyti-sunaus-zigmo-2\/","og_site_name":"Skaitytaknyga","article_publisher":"https:\/\/www.facebook.com\/skaitytaknyga\/","article_modified_time":"2024-05-04T14:49:19+00:00","og_image":[{"width":287,"height":430,"url":"https:\/\/skaitytaknyga.lt\/wp-content\/uploads\/2024\/04\/1575634901_9789955829287.jpg","type":"image\/jpeg"}],"twitter_card":"summary_large_image","twitter_misc":{"Estimated reading time":"1 minute"},"schema":{"@context":"https:\/\/schema.org","@graph":[{"@type":"WebPage","@id":"https:\/\/skaitytaknyga.lt\/produktas\/zaidziame-ripka-jokubo-stiklerio-prisiminimai-uzrasyti-sunaus-zigmo-2\/","url":"https:\/\/skaitytaknyga.lt\/produktas\/zaidziame-ripka-jokubo-stiklerio-prisiminimai-uzrasyti-sunaus-zigmo-2\/","name":"\u017daid\u017eiame ripk\u0105: Jok\u016bbo Stiklerio prisiminimai, u\u017era\u0161yti s\u016bnaus Zigmo - Skaitytaknyga","isPartOf":{"@id":"https:\/\/skaitytaknyga.lt\/#website"},"primaryImageOfPage":{"@id":"https:\/\/skaitytaknyga.lt\/produktas\/zaidziame-ripka-jokubo-stiklerio-prisiminimai-uzrasyti-sunaus-zigmo-2\/#primaryimage"},"image":{"@id":"https:\/\/skaitytaknyga.lt\/produktas\/zaidziame-ripka-jokubo-stiklerio-prisiminimai-uzrasyti-sunaus-zigmo-2\/#primaryimage"},"thumbnailUrl":"https:\/\/skaitytaknyga.lt\/wp-content\/uploads\/2024\/04\/1575634901_9789955829287.jpg","datePublished":"2024-05-04T14:49:15+00:00","dateModified":"2024-05-04T14:49:19+00:00","description":"Kuo gyveno, k\u0105 jaut\u0117 \u017emon\u0117s prie\u0161 \u0161imt\u0105 met\u0173? Knyga \u201e\u017daid\u017eiame ripk\u0105\u201c \u2013 apie klajones jauno vaikino Jok\u016bbo i\u0161 Gaj\u016bn\u0173 kaimo, Bir\u017e\u0173 rajone, pa\u0161aukto rekr\u016btu \u012f caro kariuomen\u0119 1912 m., prie\u0161 pat Pirm\u0105j\u012f pasaulin\u012f kar\u0105 \u010cia jam teko patirti dvi Rusijos revoliucijas ir suirut\u0119. Gal\u0117jo sugr\u012f\u017eti tik \u012f Nepriklausom\u0105 Lietuv\u0105 1921-aisiais. Si\u016blome perskaityti lietuvi\u0161k\u0105j\u012f ma\u017eosios istorijos variant\u0105, iliustruot\u0105 Bir\u017e\u0173 kra\u0161to muziejaus \u201eS\u0117la\" parinktais \u0161imtmet\u012f menan\u010diais vaizdais. Savo istorij\u0105 po keturiasde\u0161imties klajoni\u0173 met\u0173 Jok\u016bbas papasakojo s\u016bnui Zigmui, o \u0161is \u2013 dar po keturiasde\u0161imties t\u0117vo balsu pasakoja \u0161ios knygos skaitytojui.","breadcrumb":{"@id":"https:\/\/skaitytaknyga.lt\/produktas\/zaidziame-ripka-jokubo-stiklerio-prisiminimai-uzrasyti-sunaus-zigmo-2\/#breadcrumb"},"inLanguage":"en-GB","potentialAction":[{"@type":"ReadAction","target":["https:\/\/skaitytaknyga.lt\/produktas\/zaidziame-ripka-jokubo-stiklerio-prisiminimai-uzrasyti-sunaus-zigmo-2\/"]}]},{"@type":"ImageObject","inLanguage":"en-GB","@id":"https:\/\/skaitytaknyga.lt\/produktas\/zaidziame-ripka-jokubo-stiklerio-prisiminimai-uzrasyti-sunaus-zigmo-2\/#primaryimage","url":"https:\/\/skaitytaknyga.lt\/wp-content\/uploads\/2024\/04\/1575634901_9789955829287.jpg","contentUrl":"https:\/\/skaitytaknyga.lt\/wp-content\/uploads\/2024\/04\/1575634901_9789955829287.jpg","width":287,"height":430},{"@type":"BreadcrumbList","@id":"https:\/\/skaitytaknyga.lt\/produktas\/zaidziame-ripka-jokubo-stiklerio-prisiminimai-uzrasyti-sunaus-zigmo-2\/#breadcrumb","itemListElement":[{"@type":"ListItem","position":1,"name":"Home","item":"https:\/\/skaitytaknyga.lt\/"},{"@type":"ListItem","position":2,"name":"Parduotuv\u0117","item":"https:\/\/skaitytaknyga.lt\/knygu-parduotuve\/"},{"@type":"ListItem","position":3,"name":"\u017daid\u017eiame ripk\u0105: Jok\u016bbo Stiklerio prisiminimai, u\u017era\u0161yti s\u016bnaus Zigmo"}]},{"@type":"WebSite","@id":"https:\/\/skaitytaknyga.lt\/#website","url":"https:\/\/skaitytaknyga.lt\/","name":"skaitytaknyga.lt","description":"Skaitytaknyga.lt \u2013 tai ma\u017eas \u0161eimos verslas, kuris prasid\u0117jo nuo meil\u0117s knygoms ir siekio i\u0161gelb\u0117ti knygas nuo likimo prie konteinerio. Kas vienam nereikalingas daiktas \u2013 kitam lobis, o mes esame tarpininkai, kurie padeda abiems tapti laimingesniems ???? \u017dinome kaip nelengva i\u0161gyventi ma\u017eiems verslams, tad nuo \u0161iol, \u010dia rasite ir kit\u0173, ma\u017e\u0173 \u0161eim\u0173 versl\u0173, rank\u0173 darbo, dovan\u0173 sau ir artimiesiems.","publisher":{"@id":"https:\/\/skaitytaknyga.lt\/#organization"},"potentialAction":[{"@type":"SearchAction","target":{"@type":"EntryPoint","urlTemplate":"https:\/\/skaitytaknyga.lt\/?s={search_term_string}"},"query-input":{"@type":"PropertyValueSpecification","valueRequired":true,"valueName":"search_term_string"}}],"inLanguage":"en-GB"},{"@type":"Organization","@id":"https:\/\/skaitytaknyga.lt\/#organization","name":"skaitytaknyga.lt","url":"https:\/\/skaitytaknyga.lt\/","logo":{"@type":"ImageObject","inLanguage":"en-GB","@id":"https:\/\/skaitytaknyga.lt\/#\/schema\/logo\/image\/","url":"https:\/\/skaitytaknyga.lt\/wp-content\/uploads\/2024\/05\/cropped-cropped-cropped-02_00843_jt3bggkj1j3HLc7SyY6rEUpg.jpeg","contentUrl":"https:\/\/skaitytaknyga.lt\/wp-content\/uploads\/2024\/05\/cropped-cropped-cropped-02_00843_jt3bggkj1j3HLc7SyY6rEUpg.jpeg","width":1600,"height":1600,"caption":"skaitytaknyga.lt"},"image":{"@id":"https:\/\/skaitytaknyga.lt\/#\/schema\/logo\/image\/"},"sameAs":["https:\/\/www.facebook.com\/skaitytaknyga\/"]}]}},"_links":{"self":[{"href":"https:\/\/skaitytaknyga.lt\/en\/wp-json\/wp\/v2\/product\/8646","targetHints":{"allow":["GET"]}}],"collection":[{"href":"https:\/\/skaitytaknyga.lt\/en\/wp-json\/wp\/v2\/product"}],"about":[{"href":"https:\/\/skaitytaknyga.lt\/en\/wp-json\/wp\/v2\/types\/product"}],"replies":[{"embeddable":true,"href":"https:\/\/skaitytaknyga.lt\/en\/wp-json\/wp\/v2\/comments?post=8646"}],"wp:featuredmedia":[{"embeddable":true,"href":"https:\/\/skaitytaknyga.lt\/en\/wp-json\/wp\/v2\/media\/4969"}],"wp:attachment":[{"href":"https:\/\/skaitytaknyga.lt\/en\/wp-json\/wp\/v2\/media?parent=8646"}],"wp:term":[{"taxonomy":"product_brand","embeddable":true,"href":"https:\/\/skaitytaknyga.lt\/en\/wp-json\/wp\/v2\/product_brand?post=8646"},{"taxonomy":"product_cat","embeddable":true,"href":"https:\/\/skaitytaknyga.lt\/en\/wp-json\/wp\/v2\/product_cat?post=8646"},{"taxonomy":"product_tag","embeddable":true,"href":"https:\/\/skaitytaknyga.lt\/en\/wp-json\/wp\/v2\/product_tag?post=8646"}],"curies":[{"name":"wp","href":"https:\/\/api.w.org\/{rel}","templated":true}]}}