{"id":8644,"date":"2024-05-04T17:49:15","date_gmt":"2024-05-04T14:49:15","guid":{"rendered":"https:\/\/skaitytaknyga.lt\/?post_type=product&#038;p=8644"},"modified":"2026-03-18T15:00:00","modified_gmt":"2026-03-18T13:00:00","slug":"aiste-petrauskiene-vykintas-vaitkevicius-lietuvos-partizanu-valstybe-2","status":"publish","type":"product","link":"https:\/\/skaitytaknyga.lt\/en\/produktas\/aiste-petrauskiene-vykintas-vaitkevicius-lietuvos-partizanu-valstybe-2\/","title":{"rendered":"Lietuvos partizan\u0173 valstyb\u0117"},"content":{"rendered":"<p><i>Ar i\u0161duoti lengviau, nei numirti?<br \/>\nAr nu\u0161auti lengviau, nei pamilt?<br \/>\n\u0160imt\u0105 met\u0173 piliakalnius pilti<br \/>\nIr per vien\u0105 nakt\u012f pra\u017eilt&#8230;<\/p>\n<p>Aist\u0117 Smilgevi\u010di\u016bt\u0117 ir Skyl\u0117,<br \/>\n\u201eA\u0161tuoni kar\u017eygiai\u201c (Broliai, 2010)<br \/>\n<\/i><br \/>\nPartizaninis karas t\u016bkstantmet\u0117je Lietuvos istorijoje \u2013 viena akimirka. Ta\u010diau jos blyksnio \u0161viesa dar krinta ant m\u016bs\u0173!<br \/>\nAtsiversti \u0161i\u0105 knyg\u0105 \u2013 pirm\u0105 kart\u0105 partizan\u0173 dokument\u0173, spaudos, nuotrauk\u0173 kalba ir laisv\u0117s kov\u0173 dalyvi\u0173 l\u016bpomis papasakot\u0105 istorij\u0105 \u2013 tas pats, kaip atkelti lig \u0161iol sl\u0117pt\u0105 bunkerio dangt\u012f ir leistis \u012f nepaprast\u0105 kelion\u0119.<br \/>\nProf. dr. Vykintas Vaitkevi\u010dius ir dr. Aist\u0117 Petrauskien\u0117 pateikia nauj\u0105 1944\u20131953 m. partizaninio karo interpretacij\u0105. Vaizdingai atskleid\u017eiama, kas yra partizanai ir kokie buvo j\u0173 kovos tikslai. Knyga kupina nauj\u0173 fakt\u0173, ne\u017einom\u0173 gyvenimo istorij\u0173, unikali\u0173 nuotrauk\u0173, niekada nelankyt\u0173 paveldo viet\u0173 \u017eem\u0117lapi\u0173 su koordinat\u0117mis.<\/p>\n","protected":false},"excerpt":{"rendered":"<p><i>Ar i\u0161duoti lengviau, nei numirti?<br \/>\nAr nu\u0161auti lengviau, nei pamilt?<br \/>\n\u0160imt\u0105 met\u0173 piliakalnius pilti<br \/>\nIr per vien\u0105 nakt\u012f pra\u017eilt&#8230;<\/p>\n<p>Aist\u0117 Smilgevi\u010di\u016bt\u0117 ir Skyl\u0117,<br \/>\n\u201eA\u0161tuoni kar\u017eygiai\u201c (Broliai, 2010)<br \/>\n<\/i><br \/>\nPartizaninis karas t\u016bkstantmet\u0117je Lietuvos istorijoje \u2013 viena akimirka. Ta\u010diau jos blyksnio \u0161viesa dar krinta ant m\u016bs\u0173!<br \/>\nAtsiversti \u0161i\u0105 knyg\u0105 \u2013 pirm\u0105 kart\u0105 partizan\u0173 dokument\u0173, spaudos, nuotrauk\u0173 kalba ir laisv\u0117s kov\u0173 dalyvi\u0173 l\u016bpomis papasakot\u0105 istorij\u0105 \u2013 tas pats, kaip atkelti lig \u0161iol sl\u0117pt\u0105 bunkerio dangt\u012f ir leistis \u012f nepaprast\u0105 kelion\u0119.<br \/>\nProf. dr. Vykintas Vaitkevi\u010dius ir dr. Aist\u0117 Petrauskien\u0117 pateikia nauj\u0105 1944\u20131953 m. partizaninio karo interpretacij\u0105. Vaizdingai atskleid\u017eiama, kas yra partizanai ir kokie buvo j\u0173 kovos tikslai. Knyga kupina nauj\u0173 fakt\u0173, ne\u017einom\u0173 gyvenimo istorij\u0173, unikali\u0173 nuotrauk\u0173, niekada nelankyt\u0173 paveldo viet\u0173 \u017eem\u0117lapi\u0173 su koordinat\u0117mis.<\/p>\n","protected":false},"featured_media":4967,"comment_status":"closed","ping_status":"closed","template":"","meta":{"_acf_changed":false,"site-sidebar-layout":"default","site-content-layout":"","ast-site-content-layout":"default","site-content-style":"default","site-sidebar-style":"default","ast-global-header-display":"","ast-banner-title-visibility":"","ast-main-header-display":"","ast-hfb-above-header-display":"","ast-hfb-below-header-display":"","ast-hfb-mobile-header-display":"","site-post-title":"","ast-breadcrumbs-content":"","ast-featured-img":"","footer-sml-layout":"","ast-disable-related-posts":"","theme-transparent-header-meta":"","adv-header-id-meta":"","stick-header-meta":"","header-above-stick-meta":"","header-main-stick-meta":"","header-below-stick-meta":"","astra-migrate-meta-layouts":"default","ast-page-background-enabled":"default","ast-page-background-meta":{"desktop":{"background-color":"","background-image":"","background-repeat":"repeat","background-position":"center center","background-size":"auto","background-attachment":"scroll","background-type":"","background-media":"","overlay-type":"","overlay-color":"","overlay-opacity":"","overlay-gradient":""},"tablet":{"background-color":"","background-image":"","background-repeat":"repeat","background-position":"center center","background-size":"auto","background-attachment":"scroll","background-type":"","background-media":"","overlay-type":"","overlay-color":"","overlay-opacity":"","overlay-gradient":""},"mobile":{"background-color":"","background-image":"","background-repeat":"repeat","background-position":"center center","background-size":"auto","background-attachment":"scroll","background-type":"","background-media":"","overlay-type":"","overlay-color":"","overlay-opacity":"","overlay-gradient":""}},"ast-content-background-meta":{"desktop":{"background-color":"var(--ast-global-color-4)","background-image":"","background-repeat":"repeat","background-position":"center center","background-size":"auto","background-attachment":"scroll","background-type":"","background-media":"","overlay-type":"","overlay-color":"","overlay-opacity":"","overlay-gradient":""},"tablet":{"background-color":"var(--ast-global-color-4)","background-image":"","background-repeat":"repeat","background-position":"center center","background-size":"auto","background-attachment":"scroll","background-type":"","background-media":"","overlay-type":"","overlay-color":"","overlay-opacity":"","overlay-gradient":""},"mobile":{"background-color":"var(--ast-global-color-4)","background-image":"","background-repeat":"repeat","background-position":"center center","background-size":"auto","background-attachment":"scroll","background-type":"","background-media":"","overlay-type":"","overlay-color":"","overlay-opacity":"","overlay-gradient":""}}},"product_brand":[],"product_cat":[9862,174],"product_tag":[2218,2219],"class_list":{"0":"post-8644","1":"product","2":"type-product","3":"status-publish","4":"has-post-thumbnail","6":"product_cat-lietuvos-istorija","7":"product_cat-istorija-ir-politologija","8":"product_tag-aiste-petrauskiene","9":"product_tag-vykintas-vaitkevicius","10":"pa_leidimo-metai-645","11":"desktop-align-left","12":"tablet-align-left","13":"mobile-align-left","15":"first","16":"outofstock","17":"shipping-taxable","18":"purchasable","19":"product-type-simple"},"acf":[],"yoast_head":"<!-- This site is optimized with the Yoast SEO plugin v27.0 - https:\/\/yoast.com\/product\/yoast-seo-wordpress\/ -->\n<title>Lietuvos partizan\u0173 valstyb\u0117<\/title>\n<meta name=\"description\" content=\"Ar i\u0161duoti lengviau, nei numirti? Ar nu\u0161auti lengviau, nei pamilt? \u0160imt\u0105 met\u0173 piliakalnius pilti Ir per vien\u0105 nakt\u012f pra\u017eilt...  Aist\u0117 Smilgevi\u010di\u016bt\u0117 ir Skyl\u0117, \u201eA\u0161tuoni kar\u017eygiai\u201c (Broliai, 2010)  Partizaninis karas t\u016bkstantmet\u0117je Lietuvos istorijoje \u2013 viena akimirka. Ta\u010diau jos blyksnio \u0161viesa dar krinta ant m\u016bs\u0173! Atsiversti \u0161i\u0105 knyg\u0105 \u2013 pirm\u0105 kart\u0105 partizan\u0173 dokument\u0173, spaudos, nuotrauk\u0173 kalba ir laisv\u0117s kov\u0173 dalyvi\u0173 l\u016bpomis papasakot\u0105 istorij\u0105 \u2013 tas pats, kaip atkelti lig \u0161iol sl\u0117pt\u0105 bunkerio dangt\u012f ir leistis \u012f nepaprast\u0105 kelion\u0119. Prof. dr. Vykintas Vaitkevi\u010dius ir dr. Aist\u0117 Petrauskien\u0117 pateikia nauj\u0105 1944\u20131953 m. partizaninio karo interpretacij\u0105. Vaizdingai atskleid\u017eiama, kas yra partizanai ir kokie buvo j\u0173 kovos tikslai. Knyga kupina nauj\u0173 fakt\u0173, ne\u017einom\u0173 gyvenimo istorij\u0173, unikali\u0173 nuotrauk\u0173, niekada nelankyt\u0173 paveldo viet\u0173 \u017eem\u0117lapi\u0173 su koordinat\u0117mis.\" \/>\n<meta name=\"robots\" content=\"index, follow, max-snippet:-1, max-image-preview:large, max-video-preview:-1\" \/>\n<link rel=\"canonical\" href=\"https:\/\/skaitytaknyga.lt\/en\/produktas\/aiste-petrauskiene-vykintas-vaitkevicius-lietuvos-partizanu-valstybe-2\/\" \/>\n<meta property=\"og:locale\" content=\"en_GB\" \/>\n<meta property=\"og:locale:alternate\" content=\"lt_LT\" \/>\n<meta property=\"og:type\" content=\"article\" \/>\n<meta property=\"og:title\" content=\"Lietuvos partizan\u0173 valstyb\u0117\" \/>\n<meta property=\"og:description\" content=\"Ar i\u0161duoti lengviau, nei numirti? Ar nu\u0161auti lengviau, nei pamilt? \u0160imt\u0105 met\u0173 piliakalnius pilti Ir per vien\u0105 nakt\u012f pra\u017eilt...  Aist\u0117 Smilgevi\u010di\u016bt\u0117 ir Skyl\u0117, \u201eA\u0161tuoni kar\u017eygiai\u201c (Broliai, 2010)  Partizaninis karas t\u016bkstantmet\u0117je Lietuvos istorijoje \u2013 viena akimirka. Ta\u010diau jos blyksnio \u0161viesa dar krinta ant m\u016bs\u0173! Atsiversti \u0161i\u0105 knyg\u0105 \u2013 pirm\u0105 kart\u0105 partizan\u0173 dokument\u0173, spaudos, nuotrauk\u0173 kalba ir laisv\u0117s kov\u0173 dalyvi\u0173 l\u016bpomis papasakot\u0105 istorij\u0105 \u2013 tas pats, kaip atkelti lig \u0161iol sl\u0117pt\u0105 bunkerio dangt\u012f ir leistis \u012f nepaprast\u0105 kelion\u0119. Prof. dr. Vykintas Vaitkevi\u010dius ir dr. Aist\u0117 Petrauskien\u0117 pateikia nauj\u0105 1944\u20131953 m. partizaninio karo interpretacij\u0105. Vaizdingai atskleid\u017eiama, kas yra partizanai ir kokie buvo j\u0173 kovos tikslai. Knyga kupina nauj\u0173 fakt\u0173, ne\u017einom\u0173 gyvenimo istorij\u0173, unikali\u0173 nuotrauk\u0173, niekada nelankyt\u0173 paveldo viet\u0173 \u017eem\u0117lapi\u0173 su koordinat\u0117mis.\" \/>\n<meta property=\"og:url\" content=\"https:\/\/skaitytaknyga.lt\/en\/produktas\/aiste-petrauskiene-vykintas-vaitkevicius-lietuvos-partizanu-valstybe-2\/\" \/>\n<meta property=\"og:site_name\" content=\"Skaitytaknyga\" \/>\n<meta property=\"article:publisher\" content=\"https:\/\/www.facebook.com\/skaitytaknyga\/\" \/>\n<meta property=\"article:modified_time\" content=\"2026-03-18T13:00:00+00:00\" \/>\n<meta property=\"og:image\" content=\"https:\/\/skaitytaknyga.lt\/wp-content\/uploads\/2024\/04\/000000000001112043-5ddf6e0f0fd11-asset-knyguklubas-lietuvos-partizanu-valstybe.jpg\" \/>\n\t<meta property=\"og:image:width\" content=\"403\" \/>\n\t<meta property=\"og:image:height\" content=\"600\" \/>\n\t<meta property=\"og:image:type\" content=\"image\/jpeg\" \/>\n<meta name=\"twitter:card\" content=\"summary_large_image\" \/>\n<meta name=\"twitter:label1\" content=\"Estimated reading time\" \/>\n\t<meta name=\"twitter:data1\" content=\"1 minute\" \/>\n<script type=\"application\/ld+json\" class=\"yoast-schema-graph\">{\"@context\":\"https:\/\/schema.org\",\"@graph\":[{\"@type\":\"WebPage\",\"@id\":\"https:\/\/skaitytaknyga.lt\/produktas\/aiste-petrauskiene-vykintas-vaitkevicius-lietuvos-partizanu-valstybe-2\/\",\"url\":\"https:\/\/skaitytaknyga.lt\/produktas\/aiste-petrauskiene-vykintas-vaitkevicius-lietuvos-partizanu-valstybe-2\/\",\"name\":\"Lietuvos partizan\u0173 valstyb\u0117\",\"isPartOf\":{\"@id\":\"https:\/\/skaitytaknyga.lt\/#website\"},\"primaryImageOfPage\":{\"@id\":\"https:\/\/skaitytaknyga.lt\/produktas\/aiste-petrauskiene-vykintas-vaitkevicius-lietuvos-partizanu-valstybe-2\/#primaryimage\"},\"image\":{\"@id\":\"https:\/\/skaitytaknyga.lt\/produktas\/aiste-petrauskiene-vykintas-vaitkevicius-lietuvos-partizanu-valstybe-2\/#primaryimage\"},\"thumbnailUrl\":\"https:\/\/skaitytaknyga.lt\/wp-content\/uploads\/2024\/04\/000000000001112043-5ddf6e0f0fd11-asset-knyguklubas-lietuvos-partizanu-valstybe.jpg\",\"datePublished\":\"2024-05-04T14:49:15+00:00\",\"dateModified\":\"2026-03-18T13:00:00+00:00\",\"description\":\"Ar i\u0161duoti lengviau, nei numirti? Ar nu\u0161auti lengviau, nei pamilt? \u0160imt\u0105 met\u0173 piliakalnius pilti Ir per vien\u0105 nakt\u012f pra\u017eilt... Aist\u0117 Smilgevi\u010di\u016bt\u0117 ir Skyl\u0117, \u201eA\u0161tuoni kar\u017eygiai\u201c (Broliai, 2010) Partizaninis karas t\u016bkstantmet\u0117je Lietuvos istorijoje \u2013 viena akimirka. Ta\u010diau jos blyksnio \u0161viesa dar krinta ant m\u016bs\u0173! Atsiversti \u0161i\u0105 knyg\u0105 \u2013 pirm\u0105 kart\u0105 partizan\u0173 dokument\u0173, spaudos, nuotrauk\u0173 kalba ir laisv\u0117s kov\u0173 dalyvi\u0173 l\u016bpomis papasakot\u0105 istorij\u0105 \u2013 tas pats, kaip atkelti lig \u0161iol sl\u0117pt\u0105 bunkerio dangt\u012f ir leistis \u012f nepaprast\u0105 kelion\u0119. Prof. dr. Vykintas Vaitkevi\u010dius ir dr. Aist\u0117 Petrauskien\u0117 pateikia nauj\u0105 1944\u20131953 m. partizaninio karo interpretacij\u0105. Vaizdingai atskleid\u017eiama, kas yra partizanai ir kokie buvo j\u0173 kovos tikslai. Knyga kupina nauj\u0173 fakt\u0173, ne\u017einom\u0173 gyvenimo istorij\u0173, unikali\u0173 nuotrauk\u0173, niekada nelankyt\u0173 paveldo viet\u0173 \u017eem\u0117lapi\u0173 su koordinat\u0117mis.\",\"breadcrumb\":{\"@id\":\"https:\/\/skaitytaknyga.lt\/produktas\/aiste-petrauskiene-vykintas-vaitkevicius-lietuvos-partizanu-valstybe-2\/#breadcrumb\"},\"inLanguage\":\"en-GB\",\"potentialAction\":[{\"@type\":\"ReadAction\",\"target\":[\"https:\/\/skaitytaknyga.lt\/produktas\/aiste-petrauskiene-vykintas-vaitkevicius-lietuvos-partizanu-valstybe-2\/\"]}]},{\"@type\":\"ImageObject\",\"inLanguage\":\"en-GB\",\"@id\":\"https:\/\/skaitytaknyga.lt\/produktas\/aiste-petrauskiene-vykintas-vaitkevicius-lietuvos-partizanu-valstybe-2\/#primaryimage\",\"url\":\"https:\/\/skaitytaknyga.lt\/wp-content\/uploads\/2024\/04\/000000000001112043-5ddf6e0f0fd11-asset-knyguklubas-lietuvos-partizanu-valstybe.jpg\",\"contentUrl\":\"https:\/\/skaitytaknyga.lt\/wp-content\/uploads\/2024\/04\/000000000001112043-5ddf6e0f0fd11-asset-knyguklubas-lietuvos-partizanu-valstybe.jpg\",\"width\":403,\"height\":600},{\"@type\":\"BreadcrumbList\",\"@id\":\"https:\/\/skaitytaknyga.lt\/produktas\/aiste-petrauskiene-vykintas-vaitkevicius-lietuvos-partizanu-valstybe-2\/#breadcrumb\",\"itemListElement\":[{\"@type\":\"ListItem\",\"position\":1,\"name\":\"Home\",\"item\":\"https:\/\/skaitytaknyga.lt\/\"},{\"@type\":\"ListItem\",\"position\":2,\"name\":\"Parduotuv\u0117\",\"item\":\"https:\/\/skaitytaknyga.lt\/knygu-parduotuve\/\"},{\"@type\":\"ListItem\",\"position\":3,\"name\":\"Lietuvos partizan\u0173 valstyb\u0117\"}]},{\"@type\":\"WebSite\",\"@id\":\"https:\/\/skaitytaknyga.lt\/#website\",\"url\":\"https:\/\/skaitytaknyga.lt\/\",\"name\":\"skaitytaknyga.lt\",\"description\":\"Skaitytaknyga.lt \u2013 tai ma\u017eas \u0161eimos verslas, kuris prasid\u0117jo nuo meil\u0117s knygoms ir siekio i\u0161gelb\u0117ti knygas nuo likimo prie konteinerio. Kas vienam nereikalingas daiktas \u2013 kitam lobis, o mes esame tarpininkai, kurie padeda abiems tapti laimingesniems ???? \u017dinome kaip nelengva i\u0161gyventi ma\u017eiems verslams, tad nuo \u0161iol, \u010dia rasite ir kit\u0173, ma\u017e\u0173 \u0161eim\u0173 versl\u0173, rank\u0173 darbo, dovan\u0173 sau ir artimiesiems.\",\"publisher\":{\"@id\":\"https:\/\/skaitytaknyga.lt\/#organization\"},\"potentialAction\":[{\"@type\":\"SearchAction\",\"target\":{\"@type\":\"EntryPoint\",\"urlTemplate\":\"https:\/\/skaitytaknyga.lt\/?s={search_term_string}\"},\"query-input\":{\"@type\":\"PropertyValueSpecification\",\"valueRequired\":true,\"valueName\":\"search_term_string\"}}],\"inLanguage\":\"en-GB\"},{\"@type\":\"Organization\",\"@id\":\"https:\/\/skaitytaknyga.lt\/#organization\",\"name\":\"skaitytaknyga.lt\",\"url\":\"https:\/\/skaitytaknyga.lt\/\",\"logo\":{\"@type\":\"ImageObject\",\"inLanguage\":\"en-GB\",\"@id\":\"https:\/\/skaitytaknyga.lt\/#\/schema\/logo\/image\/\",\"url\":\"https:\/\/skaitytaknyga.lt\/wp-content\/uploads\/2024\/05\/cropped-cropped-cropped-02_00843_jt3bggkj1j3HLc7SyY6rEUpg.jpeg\",\"contentUrl\":\"https:\/\/skaitytaknyga.lt\/wp-content\/uploads\/2024\/05\/cropped-cropped-cropped-02_00843_jt3bggkj1j3HLc7SyY6rEUpg.jpeg\",\"width\":1600,\"height\":1600,\"caption\":\"skaitytaknyga.lt\"},\"image\":{\"@id\":\"https:\/\/skaitytaknyga.lt\/#\/schema\/logo\/image\/\"},\"sameAs\":[\"https:\/\/www.facebook.com\/skaitytaknyga\/\"]}]}<\/script>\n<!-- \/ Yoast SEO plugin. -->","yoast_head_json":{"title":"Lietuvos partizan\u0173 valstyb\u0117","description":"Ar i\u0161duoti lengviau, nei numirti? Ar nu\u0161auti lengviau, nei pamilt? \u0160imt\u0105 met\u0173 piliakalnius pilti Ir per vien\u0105 nakt\u012f pra\u017eilt...  Aist\u0117 Smilgevi\u010di\u016bt\u0117 ir Skyl\u0117, \u201eA\u0161tuoni kar\u017eygiai\u201c (Broliai, 2010)  Partizaninis karas t\u016bkstantmet\u0117je Lietuvos istorijoje \u2013 viena akimirka. Ta\u010diau jos blyksnio \u0161viesa dar krinta ant m\u016bs\u0173! Atsiversti \u0161i\u0105 knyg\u0105 \u2013 pirm\u0105 kart\u0105 partizan\u0173 dokument\u0173, spaudos, nuotrauk\u0173 kalba ir laisv\u0117s kov\u0173 dalyvi\u0173 l\u016bpomis papasakot\u0105 istorij\u0105 \u2013 tas pats, kaip atkelti lig \u0161iol sl\u0117pt\u0105 bunkerio dangt\u012f ir leistis \u012f nepaprast\u0105 kelion\u0119. Prof. dr. Vykintas Vaitkevi\u010dius ir dr. Aist\u0117 Petrauskien\u0117 pateikia nauj\u0105 1944\u20131953 m. partizaninio karo interpretacij\u0105. Vaizdingai atskleid\u017eiama, kas yra partizanai ir kokie buvo j\u0173 kovos tikslai. Knyga kupina nauj\u0173 fakt\u0173, ne\u017einom\u0173 gyvenimo istorij\u0173, unikali\u0173 nuotrauk\u0173, niekada nelankyt\u0173 paveldo viet\u0173 \u017eem\u0117lapi\u0173 su koordinat\u0117mis.","robots":{"index":"index","follow":"follow","max-snippet":"max-snippet:-1","max-image-preview":"max-image-preview:large","max-video-preview":"max-video-preview:-1"},"canonical":"https:\/\/skaitytaknyga.lt\/en\/produktas\/aiste-petrauskiene-vykintas-vaitkevicius-lietuvos-partizanu-valstybe-2\/","og_locale":"en_GB","og_type":"article","og_title":"[:lt]Lietuvos partizan\u0173 valstyb\u0117[:] - Skaitytaknyga","og_description":"Ar i\u0161duoti lengviau, nei numirti? Ar nu\u0161auti lengviau, nei pamilt? \u0160imt\u0105 met\u0173 piliakalnius pilti Ir per vien\u0105 nakt\u012f pra\u017eilt...  Aist\u0117 Smilgevi\u010di\u016bt\u0117 ir Skyl\u0117, \u201eA\u0161tuoni kar\u017eygiai\u201c (Broliai, 2010)  Partizaninis karas t\u016bkstantmet\u0117je Lietuvos istorijoje \u2013 viena akimirka. Ta\u010diau jos blyksnio \u0161viesa dar krinta ant m\u016bs\u0173! Atsiversti \u0161i\u0105 knyg\u0105 \u2013 pirm\u0105 kart\u0105 partizan\u0173 dokument\u0173, spaudos, nuotrauk\u0173 kalba ir laisv\u0117s kov\u0173 dalyvi\u0173 l\u016bpomis papasakot\u0105 istorij\u0105 \u2013 tas pats, kaip atkelti lig \u0161iol sl\u0117pt\u0105 bunkerio dangt\u012f ir leistis \u012f nepaprast\u0105 kelion\u0119. Prof. dr. Vykintas Vaitkevi\u010dius ir dr. Aist\u0117 Petrauskien\u0117 pateikia nauj\u0105 1944\u20131953 m. partizaninio karo interpretacij\u0105. Vaizdingai atskleid\u017eiama, kas yra partizanai ir kokie buvo j\u0173 kovos tikslai. Knyga kupina nauj\u0173 fakt\u0173, ne\u017einom\u0173 gyvenimo istorij\u0173, unikali\u0173 nuotrauk\u0173, niekada nelankyt\u0173 paveldo viet\u0173 \u017eem\u0117lapi\u0173 su koordinat\u0117mis.","og_url":"https:\/\/skaitytaknyga.lt\/en\/produktas\/aiste-petrauskiene-vykintas-vaitkevicius-lietuvos-partizanu-valstybe-2\/","og_site_name":"Skaitytaknyga","article_publisher":"https:\/\/www.facebook.com\/skaitytaknyga\/","article_modified_time":"2026-03-18T13:00:00+00:00","og_image":[{"width":403,"height":600,"url":"https:\/\/skaitytaknyga.lt\/wp-content\/uploads\/2024\/04\/000000000001112043-5ddf6e0f0fd11-asset-knyguklubas-lietuvos-partizanu-valstybe.jpg","type":"image\/jpeg"}],"twitter_card":"summary_large_image","twitter_misc":{"Estimated reading time":"1 minute"},"schema":{"@context":"https:\/\/schema.org","@graph":[{"@type":"WebPage","@id":"https:\/\/skaitytaknyga.lt\/produktas\/aiste-petrauskiene-vykintas-vaitkevicius-lietuvos-partizanu-valstybe-2\/","url":"https:\/\/skaitytaknyga.lt\/produktas\/aiste-petrauskiene-vykintas-vaitkevicius-lietuvos-partizanu-valstybe-2\/","name":"Lietuvos partizan\u0173 valstyb\u0117","isPartOf":{"@id":"https:\/\/skaitytaknyga.lt\/#website"},"primaryImageOfPage":{"@id":"https:\/\/skaitytaknyga.lt\/produktas\/aiste-petrauskiene-vykintas-vaitkevicius-lietuvos-partizanu-valstybe-2\/#primaryimage"},"image":{"@id":"https:\/\/skaitytaknyga.lt\/produktas\/aiste-petrauskiene-vykintas-vaitkevicius-lietuvos-partizanu-valstybe-2\/#primaryimage"},"thumbnailUrl":"https:\/\/skaitytaknyga.lt\/wp-content\/uploads\/2024\/04\/000000000001112043-5ddf6e0f0fd11-asset-knyguklubas-lietuvos-partizanu-valstybe.jpg","datePublished":"2024-05-04T14:49:15+00:00","dateModified":"2026-03-18T13:00:00+00:00","description":"Ar i\u0161duoti lengviau, nei numirti? Ar nu\u0161auti lengviau, nei pamilt? \u0160imt\u0105 met\u0173 piliakalnius pilti Ir per vien\u0105 nakt\u012f pra\u017eilt... Aist\u0117 Smilgevi\u010di\u016bt\u0117 ir Skyl\u0117, \u201eA\u0161tuoni kar\u017eygiai\u201c (Broliai, 2010) Partizaninis karas t\u016bkstantmet\u0117je Lietuvos istorijoje \u2013 viena akimirka. Ta\u010diau jos blyksnio \u0161viesa dar krinta ant m\u016bs\u0173! Atsiversti \u0161i\u0105 knyg\u0105 \u2013 pirm\u0105 kart\u0105 partizan\u0173 dokument\u0173, spaudos, nuotrauk\u0173 kalba ir laisv\u0117s kov\u0173 dalyvi\u0173 l\u016bpomis papasakot\u0105 istorij\u0105 \u2013 tas pats, kaip atkelti lig \u0161iol sl\u0117pt\u0105 bunkerio dangt\u012f ir leistis \u012f nepaprast\u0105 kelion\u0119. Prof. dr. Vykintas Vaitkevi\u010dius ir dr. Aist\u0117 Petrauskien\u0117 pateikia nauj\u0105 1944\u20131953 m. partizaninio karo interpretacij\u0105. Vaizdingai atskleid\u017eiama, kas yra partizanai ir kokie buvo j\u0173 kovos tikslai. Knyga kupina nauj\u0173 fakt\u0173, ne\u017einom\u0173 gyvenimo istorij\u0173, unikali\u0173 nuotrauk\u0173, niekada nelankyt\u0173 paveldo viet\u0173 \u017eem\u0117lapi\u0173 su koordinat\u0117mis.","breadcrumb":{"@id":"https:\/\/skaitytaknyga.lt\/produktas\/aiste-petrauskiene-vykintas-vaitkevicius-lietuvos-partizanu-valstybe-2\/#breadcrumb"},"inLanguage":"en-GB","potentialAction":[{"@type":"ReadAction","target":["https:\/\/skaitytaknyga.lt\/produktas\/aiste-petrauskiene-vykintas-vaitkevicius-lietuvos-partizanu-valstybe-2\/"]}]},{"@type":"ImageObject","inLanguage":"en-GB","@id":"https:\/\/skaitytaknyga.lt\/produktas\/aiste-petrauskiene-vykintas-vaitkevicius-lietuvos-partizanu-valstybe-2\/#primaryimage","url":"https:\/\/skaitytaknyga.lt\/wp-content\/uploads\/2024\/04\/000000000001112043-5ddf6e0f0fd11-asset-knyguklubas-lietuvos-partizanu-valstybe.jpg","contentUrl":"https:\/\/skaitytaknyga.lt\/wp-content\/uploads\/2024\/04\/000000000001112043-5ddf6e0f0fd11-asset-knyguklubas-lietuvos-partizanu-valstybe.jpg","width":403,"height":600},{"@type":"BreadcrumbList","@id":"https:\/\/skaitytaknyga.lt\/produktas\/aiste-petrauskiene-vykintas-vaitkevicius-lietuvos-partizanu-valstybe-2\/#breadcrumb","itemListElement":[{"@type":"ListItem","position":1,"name":"Home","item":"https:\/\/skaitytaknyga.lt\/"},{"@type":"ListItem","position":2,"name":"Parduotuv\u0117","item":"https:\/\/skaitytaknyga.lt\/knygu-parduotuve\/"},{"@type":"ListItem","position":3,"name":"Lietuvos partizan\u0173 valstyb\u0117"}]},{"@type":"WebSite","@id":"https:\/\/skaitytaknyga.lt\/#website","url":"https:\/\/skaitytaknyga.lt\/","name":"skaitytaknyga.lt","description":"Skaitytaknyga.lt \u2013 tai ma\u017eas \u0161eimos verslas, kuris prasid\u0117jo nuo meil\u0117s knygoms ir siekio i\u0161gelb\u0117ti knygas nuo likimo prie konteinerio. Kas vienam nereikalingas daiktas \u2013 kitam lobis, o mes esame tarpininkai, kurie padeda abiems tapti laimingesniems ???? \u017dinome kaip nelengva i\u0161gyventi ma\u017eiems verslams, tad nuo \u0161iol, \u010dia rasite ir kit\u0173, ma\u017e\u0173 \u0161eim\u0173 versl\u0173, rank\u0173 darbo, dovan\u0173 sau ir artimiesiems.","publisher":{"@id":"https:\/\/skaitytaknyga.lt\/#organization"},"potentialAction":[{"@type":"SearchAction","target":{"@type":"EntryPoint","urlTemplate":"https:\/\/skaitytaknyga.lt\/?s={search_term_string}"},"query-input":{"@type":"PropertyValueSpecification","valueRequired":true,"valueName":"search_term_string"}}],"inLanguage":"en-GB"},{"@type":"Organization","@id":"https:\/\/skaitytaknyga.lt\/#organization","name":"skaitytaknyga.lt","url":"https:\/\/skaitytaknyga.lt\/","logo":{"@type":"ImageObject","inLanguage":"en-GB","@id":"https:\/\/skaitytaknyga.lt\/#\/schema\/logo\/image\/","url":"https:\/\/skaitytaknyga.lt\/wp-content\/uploads\/2024\/05\/cropped-cropped-cropped-02_00843_jt3bggkj1j3HLc7SyY6rEUpg.jpeg","contentUrl":"https:\/\/skaitytaknyga.lt\/wp-content\/uploads\/2024\/05\/cropped-cropped-cropped-02_00843_jt3bggkj1j3HLc7SyY6rEUpg.jpeg","width":1600,"height":1600,"caption":"skaitytaknyga.lt"},"image":{"@id":"https:\/\/skaitytaknyga.lt\/#\/schema\/logo\/image\/"},"sameAs":["https:\/\/www.facebook.com\/skaitytaknyga\/"]}]}},"_links":{"self":[{"href":"https:\/\/skaitytaknyga.lt\/en\/wp-json\/wp\/v2\/product\/8644","targetHints":{"allow":["GET"]}}],"collection":[{"href":"https:\/\/skaitytaknyga.lt\/en\/wp-json\/wp\/v2\/product"}],"about":[{"href":"https:\/\/skaitytaknyga.lt\/en\/wp-json\/wp\/v2\/types\/product"}],"replies":[{"embeddable":true,"href":"https:\/\/skaitytaknyga.lt\/en\/wp-json\/wp\/v2\/comments?post=8644"}],"wp:featuredmedia":[{"embeddable":true,"href":"https:\/\/skaitytaknyga.lt\/en\/wp-json\/wp\/v2\/media\/4967"}],"wp:attachment":[{"href":"https:\/\/skaitytaknyga.lt\/en\/wp-json\/wp\/v2\/media?parent=8644"}],"wp:term":[{"taxonomy":"product_brand","embeddable":true,"href":"https:\/\/skaitytaknyga.lt\/en\/wp-json\/wp\/v2\/product_brand?post=8644"},{"taxonomy":"product_cat","embeddable":true,"href":"https:\/\/skaitytaknyga.lt\/en\/wp-json\/wp\/v2\/product_cat?post=8644"},{"taxonomy":"product_tag","embeddable":true,"href":"https:\/\/skaitytaknyga.lt\/en\/wp-json\/wp\/v2\/product_tag?post=8644"}],"curies":[{"name":"wp","href":"https:\/\/api.w.org\/{rel}","templated":true}]}}