{"id":8612,"date":"2024-05-04T14:48:31","date_gmt":"2024-05-04T14:48:31","guid":{"rendered":"https:\/\/skaitytaknyga.lt\/?post_type=product&#038;p=8612"},"modified":"2024-05-04T14:48:45","modified_gmt":"2024-05-04T14:48:45","slug":"nibelungu-giesme-2","status":"publish","type":"product","link":"https:\/\/skaitytaknyga.lt\/en\/produktas\/nibelungu-giesme-2\/","title":{"rendered":"Nibelung\u0173 giesm\u0117"},"content":{"rendered":"<p>Tai vienas \u017eymiausi\u0173 \u017emonijos laim\u0117jim\u0173 literat\u016bros srityje, sukurtas apie 1200-1210 m. \u010cia gausu mitologini\u0173 element\u0173, liaudies pasak\u0173 motyv\u0173, ta\u010diau ir konkreti istorin\u0117 tikrov\u0117, vis\u0173 pirma taut\u0173 kraustymosi laikotarpis, taip pat paliko p\u0117dsak\u0173. Apskritai poemoje, apibendrinan\u010dioje t\u016bkstantme\u010dio taut\u0173 istorij\u0105, labai ry\u0161ki pagoni\u0161koji pasaul\u0117jauta. Nors jau \u012fsigal\u0117jusi krik\u0161\u010dionyb\u0117, ta\u010diau naujosios religijos sluoksnis dar labai pavir\u0161utini\u0161kas: riteriai elgiasi pagoni\u0161kai, juose, pasak J.V.G\u0117t\u0117s, nematyti &#8220;joki\u0173 vienos valdan\u010dios dievyb\u0117s&#8221; p\u0117dsak\u0173.<\/p>\n","protected":false},"excerpt":{"rendered":"<p>Tai vienas \u017eymiausi\u0173 \u017emonijos laim\u0117jim\u0173 literat\u016bros srityje, sukurtas apie 1200-1210 m. \u010cia gausu mitologini\u0173 element\u0173, liaudies pasak\u0173 motyv\u0173, ta\u010diau ir konkreti istorin\u0117 tikrov\u0117, vis\u0173 pirma taut\u0173 kraustymosi laikotarpis, taip pat paliko p\u0117dsak\u0173. Apskritai poemoje, apibendrinan\u010dioje t\u016bkstantme\u010dio taut\u0173 istorij\u0105, labai ry\u0161ki pagoni\u0161koji pasaul\u0117jauta. Nors jau \u012fsigal\u0117jusi krik\u0161\u010dionyb\u0117, ta\u010diau naujosios religijos sluoksnis dar labai pavir\u0161utini\u0161kas: riteriai elgiasi pagoni\u0161kai, juose, pasak J.V.G\u0117t\u0117s, nematyti &#8220;joki\u0173 vienos valdan\u010dios dievyb\u0117s&#8221; p\u0117dsak\u0173.<\/p>\n","protected":false},"featured_media":4903,"comment_status":"closed","ping_status":"closed","template":"","meta":{"_acf_changed":false,"site-sidebar-layout":"default","site-content-layout":"","ast-site-content-layout":"default","site-content-style":"default","site-sidebar-style":"default","ast-global-header-display":"","ast-banner-title-visibility":"","ast-main-header-display":"","ast-hfb-above-header-display":"","ast-hfb-below-header-display":"","ast-hfb-mobile-header-display":"","site-post-title":"","ast-breadcrumbs-content":"","ast-featured-img":"","footer-sml-layout":"","ast-disable-related-posts":"","theme-transparent-header-meta":"","adv-header-id-meta":"","stick-header-meta":"","header-above-stick-meta":"","header-main-stick-meta":"","header-below-stick-meta":"","astra-migrate-meta-layouts":"default","ast-page-background-enabled":"default","ast-page-background-meta":{"desktop":{"background-color":"","background-image":"","background-repeat":"repeat","background-position":"center center","background-size":"auto","background-attachment":"scroll","background-type":"","background-media":"","overlay-type":"","overlay-color":"","overlay-opacity":"","overlay-gradient":""},"tablet":{"background-color":"","background-image":"","background-repeat":"repeat","background-position":"center center","background-size":"auto","background-attachment":"scroll","background-type":"","background-media":"","overlay-type":"","overlay-color":"","overlay-opacity":"","overlay-gradient":""},"mobile":{"background-color":"","background-image":"","background-repeat":"repeat","background-position":"center center","background-size":"auto","background-attachment":"scroll","background-type":"","background-media":"","overlay-type":"","overlay-color":"","overlay-opacity":"","overlay-gradient":""}},"ast-content-background-meta":{"desktop":{"background-color":"var(--ast-global-color-4)","background-image":"","background-repeat":"repeat","background-position":"center center","background-size":"auto","background-attachment":"scroll","background-type":"","background-media":"","overlay-type":"","overlay-color":"","overlay-opacity":"","overlay-gradient":""},"tablet":{"background-color":"var(--ast-global-color-4)","background-image":"","background-repeat":"repeat","background-position":"center center","background-size":"auto","background-attachment":"scroll","background-type":"","background-media":"","overlay-type":"","overlay-color":"","overlay-opacity":"","overlay-gradient":""},"mobile":{"background-color":"var(--ast-global-color-4)","background-image":"","background-repeat":"repeat","background-position":"center center","background-size":"auto","background-attachment":"scroll","background-type":"","background-media":"","overlay-type":"","overlay-color":"","overlay-opacity":"","overlay-gradient":""}}},"product_brand":[],"product_cat":[31,28],"product_tag":[],"class_list":{"0":"post-8612","1":"product","2":"type-product","3":"status-publish","4":"has-post-thumbnail","6":"product_cat-grozine-literatura","7":"product_cat-klasika","8":"pa_leidimo-metai-769","9":"desktop-align-left","10":"tablet-align-left","11":"mobile-align-left","13":"first","14":"instock","15":"shipping-taxable","16":"purchasable","17":"product-type-simple"},"acf":[],"yoast_head":"<!-- This site is optimized with the Yoast SEO plugin v27.0 - https:\/\/yoast.com\/product\/yoast-seo-wordpress\/ -->\n<title>Nibelung\u0173 giesm\u0117 - Skaitytaknyga<\/title>\n<meta name=\"description\" content=\"Tai vienas \u017eymiausi\u0173 \u017emonijos laim\u0117jim\u0173 literat\u016bros srityje, sukurtas apie 1200-1210 m. \u010cia gausu mitologini\u0173 element\u0173, liaudies pasak\u0173 motyv\u0173, ta\u010diau ir konkreti istorin\u0117 tikrov\u0117, vis\u0173 pirma taut\u0173 kraustymosi laikotarpis, taip pat paliko p\u0117dsak\u0173. Apskritai poemoje, apibendrinan\u010dioje t\u016bkstantme\u010dio taut\u0173 istorij\u0105, labai ry\u0161ki pagoni\u0161koji pasaul\u0117jauta. Nors jau \u012fsigal\u0117jusi krik\u0161\u010dionyb\u0117, ta\u010diau naujosios religijos sluoksnis dar labai pavir\u0161utini\u0161kas: riteriai elgiasi pagoni\u0161kai, juose, pasak J.V.G\u0117t\u0117s, nematyti &quot;joki\u0173 vienos valdan\u010dios dievyb\u0117s&quot; p\u0117dsak\u0173.\" \/>\n<meta name=\"robots\" content=\"index, follow, max-snippet:-1, max-image-preview:large, max-video-preview:-1\" \/>\n<link rel=\"canonical\" href=\"https:\/\/skaitytaknyga.lt\/en\/produktas\/nibelungu-giesme-2\/\" \/>\n<meta property=\"og:locale\" content=\"en_GB\" \/>\n<meta property=\"og:locale:alternate\" content=\"lt_LT\" \/>\n<meta property=\"og:type\" content=\"article\" \/>\n<meta property=\"og:title\" content=\"Nibelung\u0173 giesm\u0117 - Skaitytaknyga\" \/>\n<meta property=\"og:description\" content=\"Tai vienas \u017eymiausi\u0173 \u017emonijos laim\u0117jim\u0173 literat\u016bros srityje, sukurtas apie 1200-1210 m. \u010cia gausu mitologini\u0173 element\u0173, liaudies pasak\u0173 motyv\u0173, ta\u010diau ir konkreti istorin\u0117 tikrov\u0117, vis\u0173 pirma taut\u0173 kraustymosi laikotarpis, taip pat paliko p\u0117dsak\u0173. Apskritai poemoje, apibendrinan\u010dioje t\u016bkstantme\u010dio taut\u0173 istorij\u0105, labai ry\u0161ki pagoni\u0161koji pasaul\u0117jauta. Nors jau \u012fsigal\u0117jusi krik\u0161\u010dionyb\u0117, ta\u010diau naujosios religijos sluoksnis dar labai pavir\u0161utini\u0161kas: riteriai elgiasi pagoni\u0161kai, juose, pasak J.V.G\u0117t\u0117s, nematyti &quot;joki\u0173 vienos valdan\u010dios dievyb\u0117s&quot; p\u0117dsak\u0173.\" \/>\n<meta property=\"og:url\" content=\"https:\/\/skaitytaknyga.lt\/en\/produktas\/nibelungu-giesme-2\/\" \/>\n<meta property=\"og:site_name\" content=\"Skaitytaknyga\" \/>\n<meta property=\"article:publisher\" content=\"https:\/\/www.facebook.com\/skaitytaknyga\/\" \/>\n<meta property=\"article:modified_time\" content=\"2024-05-04T14:48:45+00:00\" \/>\n<meta property=\"og:image\" content=\"https:\/\/skaitytaknyga.lt\/wp-content\/uploads\/2024\/04\/unnamed-e1615115101799.jpg\" \/>\n\t<meta property=\"og:image:width\" content=\"373\" \/>\n\t<meta property=\"og:image:height\" content=\"485\" \/>\n\t<meta property=\"og:image:type\" content=\"image\/jpeg\" \/>\n<meta name=\"twitter:card\" content=\"summary_large_image\" \/>\n<script type=\"application\/ld+json\" class=\"yoast-schema-graph\">{\"@context\":\"https:\/\/schema.org\",\"@graph\":[{\"@type\":\"WebPage\",\"@id\":\"https:\/\/skaitytaknyga.lt\/produktas\/nibelungu-giesme-2\/\",\"url\":\"https:\/\/skaitytaknyga.lt\/produktas\/nibelungu-giesme-2\/\",\"name\":\"Nibelung\u0173 giesm\u0117 - Skaitytaknyga\",\"isPartOf\":{\"@id\":\"https:\/\/skaitytaknyga.lt\/#website\"},\"primaryImageOfPage\":{\"@id\":\"https:\/\/skaitytaknyga.lt\/produktas\/nibelungu-giesme-2\/#primaryimage\"},\"image\":{\"@id\":\"https:\/\/skaitytaknyga.lt\/produktas\/nibelungu-giesme-2\/#primaryimage\"},\"thumbnailUrl\":\"https:\/\/skaitytaknyga.lt\/wp-content\/uploads\/2024\/04\/unnamed-e1615115101799.jpg\",\"datePublished\":\"2024-05-04T14:48:31+00:00\",\"dateModified\":\"2024-05-04T14:48:45+00:00\",\"description\":\"Tai vienas \u017eymiausi\u0173 \u017emonijos laim\u0117jim\u0173 literat\u016bros srityje, sukurtas apie 1200-1210 m. \u010cia gausu mitologini\u0173 element\u0173, liaudies pasak\u0173 motyv\u0173, ta\u010diau ir konkreti istorin\u0117 tikrov\u0117, vis\u0173 pirma taut\u0173 kraustymosi laikotarpis, taip pat paliko p\u0117dsak\u0173. Apskritai poemoje, apibendrinan\u010dioje t\u016bkstantme\u010dio taut\u0173 istorij\u0105, labai ry\u0161ki pagoni\u0161koji pasaul\u0117jauta. Nors jau \u012fsigal\u0117jusi krik\u0161\u010dionyb\u0117, ta\u010diau naujosios religijos sluoksnis dar labai pavir\u0161utini\u0161kas: riteriai elgiasi pagoni\u0161kai, juose, pasak J.V.G\u0117t\u0117s, nematyti \\\"joki\u0173 vienos valdan\u010dios dievyb\u0117s\\\" p\u0117dsak\u0173.\",\"breadcrumb\":{\"@id\":\"https:\/\/skaitytaknyga.lt\/produktas\/nibelungu-giesme-2\/#breadcrumb\"},\"inLanguage\":\"en-GB\",\"potentialAction\":[{\"@type\":\"ReadAction\",\"target\":[\"https:\/\/skaitytaknyga.lt\/produktas\/nibelungu-giesme-2\/\"]}]},{\"@type\":\"ImageObject\",\"inLanguage\":\"en-GB\",\"@id\":\"https:\/\/skaitytaknyga.lt\/produktas\/nibelungu-giesme-2\/#primaryimage\",\"url\":\"https:\/\/skaitytaknyga.lt\/wp-content\/uploads\/2024\/04\/unnamed-e1615115101799.jpg\",\"contentUrl\":\"https:\/\/skaitytaknyga.lt\/wp-content\/uploads\/2024\/04\/unnamed-e1615115101799.jpg\",\"width\":373,\"height\":485},{\"@type\":\"BreadcrumbList\",\"@id\":\"https:\/\/skaitytaknyga.lt\/produktas\/nibelungu-giesme-2\/#breadcrumb\",\"itemListElement\":[{\"@type\":\"ListItem\",\"position\":1,\"name\":\"Home\",\"item\":\"https:\/\/skaitytaknyga.lt\/\"},{\"@type\":\"ListItem\",\"position\":2,\"name\":\"Parduotuv\u0117\",\"item\":\"https:\/\/skaitytaknyga.lt\/knygu-parduotuve\/\"},{\"@type\":\"ListItem\",\"position\":3,\"name\":\"Nibelung\u0173 giesm\u0117\"}]},{\"@type\":\"WebSite\",\"@id\":\"https:\/\/skaitytaknyga.lt\/#website\",\"url\":\"https:\/\/skaitytaknyga.lt\/\",\"name\":\"skaitytaknyga.lt\",\"description\":\"Skaitytaknyga.lt \u2013 tai ma\u017eas \u0161eimos verslas, kuris prasid\u0117jo nuo meil\u0117s knygoms ir siekio i\u0161gelb\u0117ti knygas nuo likimo prie konteinerio. Kas vienam nereikalingas daiktas \u2013 kitam lobis, o mes esame tarpininkai, kurie padeda abiems tapti laimingesniems ???? \u017dinome kaip nelengva i\u0161gyventi ma\u017eiems verslams, tad nuo \u0161iol, \u010dia rasite ir kit\u0173, ma\u017e\u0173 \u0161eim\u0173 versl\u0173, rank\u0173 darbo, dovan\u0173 sau ir artimiesiems.\",\"publisher\":{\"@id\":\"https:\/\/skaitytaknyga.lt\/#organization\"},\"potentialAction\":[{\"@type\":\"SearchAction\",\"target\":{\"@type\":\"EntryPoint\",\"urlTemplate\":\"https:\/\/skaitytaknyga.lt\/?s={search_term_string}\"},\"query-input\":{\"@type\":\"PropertyValueSpecification\",\"valueRequired\":true,\"valueName\":\"search_term_string\"}}],\"inLanguage\":\"en-GB\"},{\"@type\":\"Organization\",\"@id\":\"https:\/\/skaitytaknyga.lt\/#organization\",\"name\":\"skaitytaknyga.lt\",\"url\":\"https:\/\/skaitytaknyga.lt\/\",\"logo\":{\"@type\":\"ImageObject\",\"inLanguage\":\"en-GB\",\"@id\":\"https:\/\/skaitytaknyga.lt\/#\/schema\/logo\/image\/\",\"url\":\"https:\/\/skaitytaknyga.lt\/wp-content\/uploads\/2024\/05\/cropped-cropped-cropped-02_00843_jt3bggkj1j3HLc7SyY6rEUpg.jpeg\",\"contentUrl\":\"https:\/\/skaitytaknyga.lt\/wp-content\/uploads\/2024\/05\/cropped-cropped-cropped-02_00843_jt3bggkj1j3HLc7SyY6rEUpg.jpeg\",\"width\":1600,\"height\":1600,\"caption\":\"skaitytaknyga.lt\"},\"image\":{\"@id\":\"https:\/\/skaitytaknyga.lt\/#\/schema\/logo\/image\/\"},\"sameAs\":[\"https:\/\/www.facebook.com\/skaitytaknyga\/\"]}]}<\/script>\n<!-- \/ Yoast SEO plugin. -->","yoast_head_json":{"title":"Nibelung\u0173 giesm\u0117 - Skaitytaknyga","description":"Tai vienas \u017eymiausi\u0173 \u017emonijos laim\u0117jim\u0173 literat\u016bros srityje, sukurtas apie 1200-1210 m. \u010cia gausu mitologini\u0173 element\u0173, liaudies pasak\u0173 motyv\u0173, ta\u010diau ir konkreti istorin\u0117 tikrov\u0117, vis\u0173 pirma taut\u0173 kraustymosi laikotarpis, taip pat paliko p\u0117dsak\u0173. Apskritai poemoje, apibendrinan\u010dioje t\u016bkstantme\u010dio taut\u0173 istorij\u0105, labai ry\u0161ki pagoni\u0161koji pasaul\u0117jauta. Nors jau \u012fsigal\u0117jusi krik\u0161\u010dionyb\u0117, ta\u010diau naujosios religijos sluoksnis dar labai pavir\u0161utini\u0161kas: riteriai elgiasi pagoni\u0161kai, juose, pasak J.V.G\u0117t\u0117s, nematyti \"joki\u0173 vienos valdan\u010dios dievyb\u0117s\" p\u0117dsak\u0173.","robots":{"index":"index","follow":"follow","max-snippet":"max-snippet:-1","max-image-preview":"max-image-preview:large","max-video-preview":"max-video-preview:-1"},"canonical":"https:\/\/skaitytaknyga.lt\/en\/produktas\/nibelungu-giesme-2\/","og_locale":"en_GB","og_type":"article","og_title":"Nibelung\u0173 giesm\u0117 - Skaitytaknyga","og_description":"Tai vienas \u017eymiausi\u0173 \u017emonijos laim\u0117jim\u0173 literat\u016bros srityje, sukurtas apie 1200-1210 m. \u010cia gausu mitologini\u0173 element\u0173, liaudies pasak\u0173 motyv\u0173, ta\u010diau ir konkreti istorin\u0117 tikrov\u0117, vis\u0173 pirma taut\u0173 kraustymosi laikotarpis, taip pat paliko p\u0117dsak\u0173. Apskritai poemoje, apibendrinan\u010dioje t\u016bkstantme\u010dio taut\u0173 istorij\u0105, labai ry\u0161ki pagoni\u0161koji pasaul\u0117jauta. Nors jau \u012fsigal\u0117jusi krik\u0161\u010dionyb\u0117, ta\u010diau naujosios religijos sluoksnis dar labai pavir\u0161utini\u0161kas: riteriai elgiasi pagoni\u0161kai, juose, pasak J.V.G\u0117t\u0117s, nematyti \"joki\u0173 vienos valdan\u010dios dievyb\u0117s\" p\u0117dsak\u0173.","og_url":"https:\/\/skaitytaknyga.lt\/en\/produktas\/nibelungu-giesme-2\/","og_site_name":"Skaitytaknyga","article_publisher":"https:\/\/www.facebook.com\/skaitytaknyga\/","article_modified_time":"2024-05-04T14:48:45+00:00","og_image":[{"width":373,"height":485,"url":"https:\/\/skaitytaknyga.lt\/wp-content\/uploads\/2024\/04\/unnamed-e1615115101799.jpg","type":"image\/jpeg"}],"twitter_card":"summary_large_image","schema":{"@context":"https:\/\/schema.org","@graph":[{"@type":"WebPage","@id":"https:\/\/skaitytaknyga.lt\/produktas\/nibelungu-giesme-2\/","url":"https:\/\/skaitytaknyga.lt\/produktas\/nibelungu-giesme-2\/","name":"Nibelung\u0173 giesm\u0117 - Skaitytaknyga","isPartOf":{"@id":"https:\/\/skaitytaknyga.lt\/#website"},"primaryImageOfPage":{"@id":"https:\/\/skaitytaknyga.lt\/produktas\/nibelungu-giesme-2\/#primaryimage"},"image":{"@id":"https:\/\/skaitytaknyga.lt\/produktas\/nibelungu-giesme-2\/#primaryimage"},"thumbnailUrl":"https:\/\/skaitytaknyga.lt\/wp-content\/uploads\/2024\/04\/unnamed-e1615115101799.jpg","datePublished":"2024-05-04T14:48:31+00:00","dateModified":"2024-05-04T14:48:45+00:00","description":"Tai vienas \u017eymiausi\u0173 \u017emonijos laim\u0117jim\u0173 literat\u016bros srityje, sukurtas apie 1200-1210 m. \u010cia gausu mitologini\u0173 element\u0173, liaudies pasak\u0173 motyv\u0173, ta\u010diau ir konkreti istorin\u0117 tikrov\u0117, vis\u0173 pirma taut\u0173 kraustymosi laikotarpis, taip pat paliko p\u0117dsak\u0173. Apskritai poemoje, apibendrinan\u010dioje t\u016bkstantme\u010dio taut\u0173 istorij\u0105, labai ry\u0161ki pagoni\u0161koji pasaul\u0117jauta. Nors jau \u012fsigal\u0117jusi krik\u0161\u010dionyb\u0117, ta\u010diau naujosios religijos sluoksnis dar labai pavir\u0161utini\u0161kas: riteriai elgiasi pagoni\u0161kai, juose, pasak J.V.G\u0117t\u0117s, nematyti \"joki\u0173 vienos valdan\u010dios dievyb\u0117s\" p\u0117dsak\u0173.","breadcrumb":{"@id":"https:\/\/skaitytaknyga.lt\/produktas\/nibelungu-giesme-2\/#breadcrumb"},"inLanguage":"en-GB","potentialAction":[{"@type":"ReadAction","target":["https:\/\/skaitytaknyga.lt\/produktas\/nibelungu-giesme-2\/"]}]},{"@type":"ImageObject","inLanguage":"en-GB","@id":"https:\/\/skaitytaknyga.lt\/produktas\/nibelungu-giesme-2\/#primaryimage","url":"https:\/\/skaitytaknyga.lt\/wp-content\/uploads\/2024\/04\/unnamed-e1615115101799.jpg","contentUrl":"https:\/\/skaitytaknyga.lt\/wp-content\/uploads\/2024\/04\/unnamed-e1615115101799.jpg","width":373,"height":485},{"@type":"BreadcrumbList","@id":"https:\/\/skaitytaknyga.lt\/produktas\/nibelungu-giesme-2\/#breadcrumb","itemListElement":[{"@type":"ListItem","position":1,"name":"Home","item":"https:\/\/skaitytaknyga.lt\/"},{"@type":"ListItem","position":2,"name":"Parduotuv\u0117","item":"https:\/\/skaitytaknyga.lt\/knygu-parduotuve\/"},{"@type":"ListItem","position":3,"name":"Nibelung\u0173 giesm\u0117"}]},{"@type":"WebSite","@id":"https:\/\/skaitytaknyga.lt\/#website","url":"https:\/\/skaitytaknyga.lt\/","name":"skaitytaknyga.lt","description":"Skaitytaknyga.lt \u2013 tai ma\u017eas \u0161eimos verslas, kuris prasid\u0117jo nuo meil\u0117s knygoms ir siekio i\u0161gelb\u0117ti knygas nuo likimo prie konteinerio. Kas vienam nereikalingas daiktas \u2013 kitam lobis, o mes esame tarpininkai, kurie padeda abiems tapti laimingesniems ???? \u017dinome kaip nelengva i\u0161gyventi ma\u017eiems verslams, tad nuo \u0161iol, \u010dia rasite ir kit\u0173, ma\u017e\u0173 \u0161eim\u0173 versl\u0173, rank\u0173 darbo, dovan\u0173 sau ir artimiesiems.","publisher":{"@id":"https:\/\/skaitytaknyga.lt\/#organization"},"potentialAction":[{"@type":"SearchAction","target":{"@type":"EntryPoint","urlTemplate":"https:\/\/skaitytaknyga.lt\/?s={search_term_string}"},"query-input":{"@type":"PropertyValueSpecification","valueRequired":true,"valueName":"search_term_string"}}],"inLanguage":"en-GB"},{"@type":"Organization","@id":"https:\/\/skaitytaknyga.lt\/#organization","name":"skaitytaknyga.lt","url":"https:\/\/skaitytaknyga.lt\/","logo":{"@type":"ImageObject","inLanguage":"en-GB","@id":"https:\/\/skaitytaknyga.lt\/#\/schema\/logo\/image\/","url":"https:\/\/skaitytaknyga.lt\/wp-content\/uploads\/2024\/05\/cropped-cropped-cropped-02_00843_jt3bggkj1j3HLc7SyY6rEUpg.jpeg","contentUrl":"https:\/\/skaitytaknyga.lt\/wp-content\/uploads\/2024\/05\/cropped-cropped-cropped-02_00843_jt3bggkj1j3HLc7SyY6rEUpg.jpeg","width":1600,"height":1600,"caption":"skaitytaknyga.lt"},"image":{"@id":"https:\/\/skaitytaknyga.lt\/#\/schema\/logo\/image\/"},"sameAs":["https:\/\/www.facebook.com\/skaitytaknyga\/"]}]}},"_links":{"self":[{"href":"https:\/\/skaitytaknyga.lt\/en\/wp-json\/wp\/v2\/product\/8612","targetHints":{"allow":["GET"]}}],"collection":[{"href":"https:\/\/skaitytaknyga.lt\/en\/wp-json\/wp\/v2\/product"}],"about":[{"href":"https:\/\/skaitytaknyga.lt\/en\/wp-json\/wp\/v2\/types\/product"}],"replies":[{"embeddable":true,"href":"https:\/\/skaitytaknyga.lt\/en\/wp-json\/wp\/v2\/comments?post=8612"}],"wp:featuredmedia":[{"embeddable":true,"href":"https:\/\/skaitytaknyga.lt\/en\/wp-json\/wp\/v2\/media\/4903"}],"wp:attachment":[{"href":"https:\/\/skaitytaknyga.lt\/en\/wp-json\/wp\/v2\/media?parent=8612"}],"wp:term":[{"taxonomy":"product_brand","embeddable":true,"href":"https:\/\/skaitytaknyga.lt\/en\/wp-json\/wp\/v2\/product_brand?post=8612"},{"taxonomy":"product_cat","embeddable":true,"href":"https:\/\/skaitytaknyga.lt\/en\/wp-json\/wp\/v2\/product_cat?post=8612"},{"taxonomy":"product_tag","embeddable":true,"href":"https:\/\/skaitytaknyga.lt\/en\/wp-json\/wp\/v2\/product_tag?post=8612"}],"curies":[{"name":"wp","href":"https:\/\/api.w.org\/{rel}","templated":true}]}}