{"id":8600,"date":"2024-05-04T14:48:10","date_gmt":"2024-05-04T14:48:10","guid":{"rendered":"https:\/\/skaitytaknyga.lt\/?post_type=product&#038;p=8600"},"modified":"2024-05-04T14:48:34","modified_gmt":"2024-05-04T14:48:34","slug":"blogos-mamos-dienorastis-2","status":"publish","type":"product","link":"https:\/\/skaitytaknyga.lt\/en\/produktas\/blogos-mamos-dienorastis-2\/","title":{"rendered":"Blogos mamos dienora\u0161tis"},"content":{"rendered":"<p>Deizei garantuotai kalasi dantukas. Dar ankstoka, bet i\u0161ry\u0161k\u0117jo visi b\u016bdingi po\u017eymiai. Ji be paliovos seil\u0117jasi ir vis\u0105 laik\u0105 zyzia. Visa tai gali t\u0119stis kelis m\u0117nesius. M\u0117nesius?! Mama patar\u0117 nesinervinti, nes i\u0161dygus dantukui prasid\u0117s kitos b\u0117dos. Ji i\u0161vardijo ilg\u0105 man\u0119s dar laukian\u010di\u0173 sunkum\u0173 s\u0105ra\u0161\u0105: nakties siaubai, kr\u016bminiai dantys (tada a\u0161 ilg\u0117siuosi ma\u017eu\u010dio priekinio dantuko), spinteli\u0173 dureli\u0173 trankymas, lakstymas laiptais, piln\u0173 sauskelni\u0173 svaidymas po kambar\u012f.<br \/>\nKaip moterys \u012fstengia auginti du vaikus? Arba tris?<\/p>\n<p>Did\u017eiosios Britanijos perkamiausi\u0173 knyg\u0173 s\u0105ra\u0161e akimirksniu atsid\u016brusi Suzy K. Quinn romanti\u0161ka komedija\u00a0&#8220;Blogos mamos dienora\u0161tis&#8221;\u00a0sukurta lengvo skaitymo, optimizmo ir geros juoko doz\u0117s i\u0161siilgusioms mamoms bei t\u0117\u010diams.<\/p>\n","protected":false},"excerpt":{"rendered":"<p>Deizei garantuotai kalasi dantukas. Dar ankstoka, bet i\u0161ry\u0161k\u0117jo visi b\u016bdingi po\u017eymiai. Ji be paliovos seil\u0117jasi ir vis\u0105 laik\u0105 zyzia. Visa tai gali t\u0119stis kelis m\u0117nesius. M\u0117nesius?! Mama patar\u0117 nesinervinti, nes i\u0161dygus dantukui prasid\u0117s kitos b\u0117dos. Ji i\u0161vardijo ilg\u0105 man\u0119s dar laukian\u010di\u0173 sunkum\u0173 s\u0105ra\u0161\u0105: nakties siaubai, kr\u016bminiai dantys (tada a\u0161 ilg\u0117siuosi ma\u017eu\u010dio priekinio dantuko), spinteli\u0173 dureli\u0173 trankymas, lakstymas laiptais, piln\u0173 sauskelni\u0173 svaidymas po kambar\u012f.<br \/>\nKaip moterys \u012fstengia auginti du vaikus? Arba tris?<\/p>\n<p>Did\u017eiosios Britanijos perkamiausi\u0173 knyg\u0173 s\u0105ra\u0161e akimirksniu atsid\u016brusi Suzy K. Quinn romanti\u0161ka komedija\u00a0&#8220;Blogos mamos dienora\u0161tis&#8221;\u00a0sukurta lengvo skaitymo, optimizmo ir geros juoko doz\u0117s i\u0161siilgusioms mamoms bei t\u0117\u010diams.<\/p>\n","protected":false},"featured_media":4876,"comment_status":"closed","ping_status":"closed","template":"","meta":{"_acf_changed":false,"site-sidebar-layout":"default","site-content-layout":"","ast-site-content-layout":"default","site-content-style":"default","site-sidebar-style":"default","ast-global-header-display":"","ast-banner-title-visibility":"","ast-main-header-display":"","ast-hfb-above-header-display":"","ast-hfb-below-header-display":"","ast-hfb-mobile-header-display":"","site-post-title":"","ast-breadcrumbs-content":"","ast-featured-img":"","footer-sml-layout":"","ast-disable-related-posts":"","theme-transparent-header-meta":"","adv-header-id-meta":"","stick-header-meta":"","header-above-stick-meta":"","header-main-stick-meta":"","header-below-stick-meta":"","astra-migrate-meta-layouts":"default","ast-page-background-enabled":"default","ast-page-background-meta":{"desktop":{"background-color":"","background-image":"","background-repeat":"repeat","background-position":"center center","background-size":"auto","background-attachment":"scroll","background-type":"","background-media":"","overlay-type":"","overlay-color":"","overlay-opacity":"","overlay-gradient":""},"tablet":{"background-color":"","background-image":"","background-repeat":"repeat","background-position":"center center","background-size":"auto","background-attachment":"scroll","background-type":"","background-media":"","overlay-type":"","overlay-color":"","overlay-opacity":"","overlay-gradient":""},"mobile":{"background-color":"","background-image":"","background-repeat":"repeat","background-position":"center center","background-size":"auto","background-attachment":"scroll","background-type":"","background-media":"","overlay-type":"","overlay-color":"","overlay-opacity":"","overlay-gradient":""}},"ast-content-background-meta":{"desktop":{"background-color":"var(--ast-global-color-4)","background-image":"","background-repeat":"repeat","background-position":"center center","background-size":"auto","background-attachment":"scroll","background-type":"","background-media":"","overlay-type":"","overlay-color":"","overlay-opacity":"","overlay-gradient":""},"tablet":{"background-color":"var(--ast-global-color-4)","background-image":"","background-repeat":"repeat","background-position":"center center","background-size":"auto","background-attachment":"scroll","background-type":"","background-media":"","overlay-type":"","overlay-color":"","overlay-opacity":"","overlay-gradient":""},"mobile":{"background-color":"var(--ast-global-color-4)","background-image":"","background-repeat":"repeat","background-position":"center center","background-size":"auto","background-attachment":"scroll","background-type":"","background-media":"","overlay-type":"","overlay-color":"","overlay-opacity":"","overlay-gradient":""}}},"product_brand":[],"product_cat":[31,37],"product_tag":[],"class_list":{"0":"post-8600","1":"product","2":"type-product","3":"status-publish","4":"has-post-thumbnail","6":"product_cat-grozine-literatura","7":"product_cat-nestumas-ir-vaiku-prieziura-bei-auklejimas","8":"pa_leidimo-metai-647","9":"desktop-align-left","10":"tablet-align-left","11":"mobile-align-left","13":"first","14":"instock","15":"shipping-taxable","16":"purchasable","17":"product-type-simple"},"acf":[],"yoast_head":"<!-- This site is optimized with the Yoast SEO plugin v27.0 - https:\/\/yoast.com\/product\/yoast-seo-wordpress\/ -->\n<title>Blogos mamos dienora\u0161tis - Skaitytaknyga<\/title>\n<meta name=\"description\" content=\"Deizei garantuotai kalasi dantukas. Dar ankstoka, bet i\u0161ry\u0161k\u0117jo visi b\u016bdingi po\u017eymiai. Ji be paliovos seil\u0117jasi ir vis\u0105 laik\u0105 zyzia. Visa tai gali t\u0119stis kelis m\u0117nesius. M\u0117nesius?! Mama patar\u0117 nesinervinti, nes i\u0161dygus dantukui prasid\u0117s kitos b\u0117dos. Ji i\u0161vardijo ilg\u0105 man\u0119s dar laukian\u010di\u0173 sunkum\u0173 s\u0105ra\u0161\u0105: nakties siaubai, kr\u016bminiai dantys (tada a\u0161 ilg\u0117siuosi ma\u017eu\u010dio priekinio dantuko), spinteli\u0173 dureli\u0173 trankymas, lakstymas laiptais, piln\u0173 sauskelni\u0173 svaidymas po kambar\u012f. Kaip moterys \u012fstengia auginti du vaikus? Arba tris?  Did\u017eiosios Britanijos perkamiausi\u0173 knyg\u0173 s\u0105ra\u0161e akimirksniu atsid\u016brusi Suzy K. Quinn romanti\u0161ka komedija\u00a0&quot;Blogos mamos dienora\u0161tis&quot;\u00a0sukurta lengvo skaitymo, optimizmo ir geros juoko doz\u0117s i\u0161siilgusioms mamoms bei t\u0117\u010diams.\" \/>\n<meta name=\"robots\" content=\"index, follow, max-snippet:-1, max-image-preview:large, max-video-preview:-1\" \/>\n<link rel=\"canonical\" href=\"https:\/\/skaitytaknyga.lt\/en\/produktas\/blogos-mamos-dienorastis-2\/\" \/>\n<meta property=\"og:locale\" content=\"en_GB\" \/>\n<meta property=\"og:locale:alternate\" content=\"lt_LT\" \/>\n<meta property=\"og:type\" content=\"article\" \/>\n<meta property=\"og:title\" content=\"Blogos mamos dienora\u0161tis - Skaitytaknyga\" \/>\n<meta property=\"og:description\" content=\"Deizei garantuotai kalasi dantukas. Dar ankstoka, bet i\u0161ry\u0161k\u0117jo visi b\u016bdingi po\u017eymiai. Ji be paliovos seil\u0117jasi ir vis\u0105 laik\u0105 zyzia. Visa tai gali t\u0119stis kelis m\u0117nesius. M\u0117nesius?! Mama patar\u0117 nesinervinti, nes i\u0161dygus dantukui prasid\u0117s kitos b\u0117dos. Ji i\u0161vardijo ilg\u0105 man\u0119s dar laukian\u010di\u0173 sunkum\u0173 s\u0105ra\u0161\u0105: nakties siaubai, kr\u016bminiai dantys (tada a\u0161 ilg\u0117siuosi ma\u017eu\u010dio priekinio dantuko), spinteli\u0173 dureli\u0173 trankymas, lakstymas laiptais, piln\u0173 sauskelni\u0173 svaidymas po kambar\u012f. Kaip moterys \u012fstengia auginti du vaikus? Arba tris?  Did\u017eiosios Britanijos perkamiausi\u0173 knyg\u0173 s\u0105ra\u0161e akimirksniu atsid\u016brusi Suzy K. Quinn romanti\u0161ka komedija\u00a0&quot;Blogos mamos dienora\u0161tis&quot;\u00a0sukurta lengvo skaitymo, optimizmo ir geros juoko doz\u0117s i\u0161siilgusioms mamoms bei t\u0117\u010diams.\" \/>\n<meta property=\"og:url\" content=\"https:\/\/skaitytaknyga.lt\/en\/produktas\/blogos-mamos-dienorastis-2\/\" \/>\n<meta property=\"og:site_name\" content=\"Skaitytaknyga\" \/>\n<meta property=\"article:publisher\" content=\"https:\/\/www.facebook.com\/skaitytaknyga\/\" \/>\n<meta property=\"article:modified_time\" content=\"2024-05-04T14:48:34+00:00\" \/>\n<meta property=\"og:image\" content=\"https:\/\/skaitytaknyga.lt\/wp-content\/uploads\/2024\/04\/blogos-mamos-dienorastis.jpg\" \/>\n\t<meta property=\"og:image:width\" content=\"600\" \/>\n\t<meta property=\"og:image:height\" content=\"898\" \/>\n\t<meta property=\"og:image:type\" content=\"image\/jpeg\" \/>\n<meta name=\"twitter:card\" content=\"summary_large_image\" \/>\n<meta name=\"twitter:label1\" content=\"Estimated reading time\" \/>\n\t<meta name=\"twitter:data1\" content=\"1 minute\" \/>\n<script type=\"application\/ld+json\" class=\"yoast-schema-graph\">{\"@context\":\"https:\/\/schema.org\",\"@graph\":[{\"@type\":\"WebPage\",\"@id\":\"https:\/\/skaitytaknyga.lt\/produktas\/blogos-mamos-dienorastis-2\/\",\"url\":\"https:\/\/skaitytaknyga.lt\/produktas\/blogos-mamos-dienorastis-2\/\",\"name\":\"Blogos mamos dienora\u0161tis - Skaitytaknyga\",\"isPartOf\":{\"@id\":\"https:\/\/skaitytaknyga.lt\/#website\"},\"primaryImageOfPage\":{\"@id\":\"https:\/\/skaitytaknyga.lt\/produktas\/blogos-mamos-dienorastis-2\/#primaryimage\"},\"image\":{\"@id\":\"https:\/\/skaitytaknyga.lt\/produktas\/blogos-mamos-dienorastis-2\/#primaryimage\"},\"thumbnailUrl\":\"https:\/\/skaitytaknyga.lt\/wp-content\/uploads\/2024\/04\/blogos-mamos-dienorastis.jpg\",\"datePublished\":\"2024-05-04T14:48:10+00:00\",\"dateModified\":\"2024-05-04T14:48:34+00:00\",\"description\":\"Deizei garantuotai kalasi dantukas. Dar ankstoka, bet i\u0161ry\u0161k\u0117jo visi b\u016bdingi po\u017eymiai. Ji be paliovos seil\u0117jasi ir vis\u0105 laik\u0105 zyzia. Visa tai gali t\u0119stis kelis m\u0117nesius. M\u0117nesius?! Mama patar\u0117 nesinervinti, nes i\u0161dygus dantukui prasid\u0117s kitos b\u0117dos. Ji i\u0161vardijo ilg\u0105 man\u0119s dar laukian\u010di\u0173 sunkum\u0173 s\u0105ra\u0161\u0105: nakties siaubai, kr\u016bminiai dantys (tada a\u0161 ilg\u0117siuosi ma\u017eu\u010dio priekinio dantuko), spinteli\u0173 dureli\u0173 trankymas, lakstymas laiptais, piln\u0173 sauskelni\u0173 svaidymas po kambar\u012f. Kaip moterys \u012fstengia auginti du vaikus? Arba tris? Did\u017eiosios Britanijos perkamiausi\u0173 knyg\u0173 s\u0105ra\u0161e akimirksniu atsid\u016brusi Suzy K. Quinn romanti\u0161ka komedija\u00a0\\\"Blogos mamos dienora\u0161tis\\\"\u00a0sukurta lengvo skaitymo, optimizmo ir geros juoko doz\u0117s i\u0161siilgusioms mamoms bei t\u0117\u010diams.\",\"breadcrumb\":{\"@id\":\"https:\/\/skaitytaknyga.lt\/produktas\/blogos-mamos-dienorastis-2\/#breadcrumb\"},\"inLanguage\":\"en-GB\",\"potentialAction\":[{\"@type\":\"ReadAction\",\"target\":[\"https:\/\/skaitytaknyga.lt\/produktas\/blogos-mamos-dienorastis-2\/\"]}]},{\"@type\":\"ImageObject\",\"inLanguage\":\"en-GB\",\"@id\":\"https:\/\/skaitytaknyga.lt\/produktas\/blogos-mamos-dienorastis-2\/#primaryimage\",\"url\":\"https:\/\/skaitytaknyga.lt\/wp-content\/uploads\/2024\/04\/blogos-mamos-dienorastis.jpg\",\"contentUrl\":\"https:\/\/skaitytaknyga.lt\/wp-content\/uploads\/2024\/04\/blogos-mamos-dienorastis.jpg\",\"width\":600,\"height\":898},{\"@type\":\"BreadcrumbList\",\"@id\":\"https:\/\/skaitytaknyga.lt\/produktas\/blogos-mamos-dienorastis-2\/#breadcrumb\",\"itemListElement\":[{\"@type\":\"ListItem\",\"position\":1,\"name\":\"Home\",\"item\":\"https:\/\/skaitytaknyga.lt\/\"},{\"@type\":\"ListItem\",\"position\":2,\"name\":\"Parduotuv\u0117\",\"item\":\"https:\/\/skaitytaknyga.lt\/knygu-parduotuve\/\"},{\"@type\":\"ListItem\",\"position\":3,\"name\":\"Blogos mamos dienora\u0161tis\"}]},{\"@type\":\"WebSite\",\"@id\":\"https:\/\/skaitytaknyga.lt\/#website\",\"url\":\"https:\/\/skaitytaknyga.lt\/\",\"name\":\"skaitytaknyga.lt\",\"description\":\"Skaitytaknyga.lt \u2013 tai ma\u017eas \u0161eimos verslas, kuris prasid\u0117jo nuo meil\u0117s knygoms ir siekio i\u0161gelb\u0117ti knygas nuo likimo prie konteinerio. Kas vienam nereikalingas daiktas \u2013 kitam lobis, o mes esame tarpininkai, kurie padeda abiems tapti laimingesniems ???? \u017dinome kaip nelengva i\u0161gyventi ma\u017eiems verslams, tad nuo \u0161iol, \u010dia rasite ir kit\u0173, ma\u017e\u0173 \u0161eim\u0173 versl\u0173, rank\u0173 darbo, dovan\u0173 sau ir artimiesiems.\",\"publisher\":{\"@id\":\"https:\/\/skaitytaknyga.lt\/#organization\"},\"potentialAction\":[{\"@type\":\"SearchAction\",\"target\":{\"@type\":\"EntryPoint\",\"urlTemplate\":\"https:\/\/skaitytaknyga.lt\/?s={search_term_string}\"},\"query-input\":{\"@type\":\"PropertyValueSpecification\",\"valueRequired\":true,\"valueName\":\"search_term_string\"}}],\"inLanguage\":\"en-GB\"},{\"@type\":\"Organization\",\"@id\":\"https:\/\/skaitytaknyga.lt\/#organization\",\"name\":\"skaitytaknyga.lt\",\"url\":\"https:\/\/skaitytaknyga.lt\/\",\"logo\":{\"@type\":\"ImageObject\",\"inLanguage\":\"en-GB\",\"@id\":\"https:\/\/skaitytaknyga.lt\/#\/schema\/logo\/image\/\",\"url\":\"https:\/\/skaitytaknyga.lt\/wp-content\/uploads\/2024\/05\/cropped-cropped-cropped-02_00843_jt3bggkj1j3HLc7SyY6rEUpg.jpeg\",\"contentUrl\":\"https:\/\/skaitytaknyga.lt\/wp-content\/uploads\/2024\/05\/cropped-cropped-cropped-02_00843_jt3bggkj1j3HLc7SyY6rEUpg.jpeg\",\"width\":1600,\"height\":1600,\"caption\":\"skaitytaknyga.lt\"},\"image\":{\"@id\":\"https:\/\/skaitytaknyga.lt\/#\/schema\/logo\/image\/\"},\"sameAs\":[\"https:\/\/www.facebook.com\/skaitytaknyga\/\"]}]}<\/script>\n<!-- \/ Yoast SEO plugin. -->","yoast_head_json":{"title":"Blogos mamos dienora\u0161tis - Skaitytaknyga","description":"Deizei garantuotai kalasi dantukas. Dar ankstoka, bet i\u0161ry\u0161k\u0117jo visi b\u016bdingi po\u017eymiai. Ji be paliovos seil\u0117jasi ir vis\u0105 laik\u0105 zyzia. Visa tai gali t\u0119stis kelis m\u0117nesius. M\u0117nesius?! Mama patar\u0117 nesinervinti, nes i\u0161dygus dantukui prasid\u0117s kitos b\u0117dos. Ji i\u0161vardijo ilg\u0105 man\u0119s dar laukian\u010di\u0173 sunkum\u0173 s\u0105ra\u0161\u0105: nakties siaubai, kr\u016bminiai dantys (tada a\u0161 ilg\u0117siuosi ma\u017eu\u010dio priekinio dantuko), spinteli\u0173 dureli\u0173 trankymas, lakstymas laiptais, piln\u0173 sauskelni\u0173 svaidymas po kambar\u012f. Kaip moterys \u012fstengia auginti du vaikus? Arba tris?  Did\u017eiosios Britanijos perkamiausi\u0173 knyg\u0173 s\u0105ra\u0161e akimirksniu atsid\u016brusi Suzy K. Quinn romanti\u0161ka komedija\u00a0\"Blogos mamos dienora\u0161tis\"\u00a0sukurta lengvo skaitymo, optimizmo ir geros juoko doz\u0117s i\u0161siilgusioms mamoms bei t\u0117\u010diams.","robots":{"index":"index","follow":"follow","max-snippet":"max-snippet:-1","max-image-preview":"max-image-preview:large","max-video-preview":"max-video-preview:-1"},"canonical":"https:\/\/skaitytaknyga.lt\/en\/produktas\/blogos-mamos-dienorastis-2\/","og_locale":"en_GB","og_type":"article","og_title":"Blogos mamos dienora\u0161tis - Skaitytaknyga","og_description":"Deizei garantuotai kalasi dantukas. Dar ankstoka, bet i\u0161ry\u0161k\u0117jo visi b\u016bdingi po\u017eymiai. Ji be paliovos seil\u0117jasi ir vis\u0105 laik\u0105 zyzia. Visa tai gali t\u0119stis kelis m\u0117nesius. M\u0117nesius?! Mama patar\u0117 nesinervinti, nes i\u0161dygus dantukui prasid\u0117s kitos b\u0117dos. Ji i\u0161vardijo ilg\u0105 man\u0119s dar laukian\u010di\u0173 sunkum\u0173 s\u0105ra\u0161\u0105: nakties siaubai, kr\u016bminiai dantys (tada a\u0161 ilg\u0117siuosi ma\u017eu\u010dio priekinio dantuko), spinteli\u0173 dureli\u0173 trankymas, lakstymas laiptais, piln\u0173 sauskelni\u0173 svaidymas po kambar\u012f. Kaip moterys \u012fstengia auginti du vaikus? Arba tris?  Did\u017eiosios Britanijos perkamiausi\u0173 knyg\u0173 s\u0105ra\u0161e akimirksniu atsid\u016brusi Suzy K. Quinn romanti\u0161ka komedija\u00a0\"Blogos mamos dienora\u0161tis\"\u00a0sukurta lengvo skaitymo, optimizmo ir geros juoko doz\u0117s i\u0161siilgusioms mamoms bei t\u0117\u010diams.","og_url":"https:\/\/skaitytaknyga.lt\/en\/produktas\/blogos-mamos-dienorastis-2\/","og_site_name":"Skaitytaknyga","article_publisher":"https:\/\/www.facebook.com\/skaitytaknyga\/","article_modified_time":"2024-05-04T14:48:34+00:00","og_image":[{"width":600,"height":898,"url":"https:\/\/skaitytaknyga.lt\/wp-content\/uploads\/2024\/04\/blogos-mamos-dienorastis.jpg","type":"image\/jpeg"}],"twitter_card":"summary_large_image","twitter_misc":{"Estimated reading time":"1 minute"},"schema":{"@context":"https:\/\/schema.org","@graph":[{"@type":"WebPage","@id":"https:\/\/skaitytaknyga.lt\/produktas\/blogos-mamos-dienorastis-2\/","url":"https:\/\/skaitytaknyga.lt\/produktas\/blogos-mamos-dienorastis-2\/","name":"Blogos mamos dienora\u0161tis - Skaitytaknyga","isPartOf":{"@id":"https:\/\/skaitytaknyga.lt\/#website"},"primaryImageOfPage":{"@id":"https:\/\/skaitytaknyga.lt\/produktas\/blogos-mamos-dienorastis-2\/#primaryimage"},"image":{"@id":"https:\/\/skaitytaknyga.lt\/produktas\/blogos-mamos-dienorastis-2\/#primaryimage"},"thumbnailUrl":"https:\/\/skaitytaknyga.lt\/wp-content\/uploads\/2024\/04\/blogos-mamos-dienorastis.jpg","datePublished":"2024-05-04T14:48:10+00:00","dateModified":"2024-05-04T14:48:34+00:00","description":"Deizei garantuotai kalasi dantukas. Dar ankstoka, bet i\u0161ry\u0161k\u0117jo visi b\u016bdingi po\u017eymiai. Ji be paliovos seil\u0117jasi ir vis\u0105 laik\u0105 zyzia. Visa tai gali t\u0119stis kelis m\u0117nesius. M\u0117nesius?! Mama patar\u0117 nesinervinti, nes i\u0161dygus dantukui prasid\u0117s kitos b\u0117dos. Ji i\u0161vardijo ilg\u0105 man\u0119s dar laukian\u010di\u0173 sunkum\u0173 s\u0105ra\u0161\u0105: nakties siaubai, kr\u016bminiai dantys (tada a\u0161 ilg\u0117siuosi ma\u017eu\u010dio priekinio dantuko), spinteli\u0173 dureli\u0173 trankymas, lakstymas laiptais, piln\u0173 sauskelni\u0173 svaidymas po kambar\u012f. Kaip moterys \u012fstengia auginti du vaikus? Arba tris? Did\u017eiosios Britanijos perkamiausi\u0173 knyg\u0173 s\u0105ra\u0161e akimirksniu atsid\u016brusi Suzy K. Quinn romanti\u0161ka komedija\u00a0\"Blogos mamos dienora\u0161tis\"\u00a0sukurta lengvo skaitymo, optimizmo ir geros juoko doz\u0117s i\u0161siilgusioms mamoms bei t\u0117\u010diams.","breadcrumb":{"@id":"https:\/\/skaitytaknyga.lt\/produktas\/blogos-mamos-dienorastis-2\/#breadcrumb"},"inLanguage":"en-GB","potentialAction":[{"@type":"ReadAction","target":["https:\/\/skaitytaknyga.lt\/produktas\/blogos-mamos-dienorastis-2\/"]}]},{"@type":"ImageObject","inLanguage":"en-GB","@id":"https:\/\/skaitytaknyga.lt\/produktas\/blogos-mamos-dienorastis-2\/#primaryimage","url":"https:\/\/skaitytaknyga.lt\/wp-content\/uploads\/2024\/04\/blogos-mamos-dienorastis.jpg","contentUrl":"https:\/\/skaitytaknyga.lt\/wp-content\/uploads\/2024\/04\/blogos-mamos-dienorastis.jpg","width":600,"height":898},{"@type":"BreadcrumbList","@id":"https:\/\/skaitytaknyga.lt\/produktas\/blogos-mamos-dienorastis-2\/#breadcrumb","itemListElement":[{"@type":"ListItem","position":1,"name":"Home","item":"https:\/\/skaitytaknyga.lt\/"},{"@type":"ListItem","position":2,"name":"Parduotuv\u0117","item":"https:\/\/skaitytaknyga.lt\/knygu-parduotuve\/"},{"@type":"ListItem","position":3,"name":"Blogos mamos dienora\u0161tis"}]},{"@type":"WebSite","@id":"https:\/\/skaitytaknyga.lt\/#website","url":"https:\/\/skaitytaknyga.lt\/","name":"skaitytaknyga.lt","description":"Skaitytaknyga.lt \u2013 tai ma\u017eas \u0161eimos verslas, kuris prasid\u0117jo nuo meil\u0117s knygoms ir siekio i\u0161gelb\u0117ti knygas nuo likimo prie konteinerio. Kas vienam nereikalingas daiktas \u2013 kitam lobis, o mes esame tarpininkai, kurie padeda abiems tapti laimingesniems ???? \u017dinome kaip nelengva i\u0161gyventi ma\u017eiems verslams, tad nuo \u0161iol, \u010dia rasite ir kit\u0173, ma\u017e\u0173 \u0161eim\u0173 versl\u0173, rank\u0173 darbo, dovan\u0173 sau ir artimiesiems.","publisher":{"@id":"https:\/\/skaitytaknyga.lt\/#organization"},"potentialAction":[{"@type":"SearchAction","target":{"@type":"EntryPoint","urlTemplate":"https:\/\/skaitytaknyga.lt\/?s={search_term_string}"},"query-input":{"@type":"PropertyValueSpecification","valueRequired":true,"valueName":"search_term_string"}}],"inLanguage":"en-GB"},{"@type":"Organization","@id":"https:\/\/skaitytaknyga.lt\/#organization","name":"skaitytaknyga.lt","url":"https:\/\/skaitytaknyga.lt\/","logo":{"@type":"ImageObject","inLanguage":"en-GB","@id":"https:\/\/skaitytaknyga.lt\/#\/schema\/logo\/image\/","url":"https:\/\/skaitytaknyga.lt\/wp-content\/uploads\/2024\/05\/cropped-cropped-cropped-02_00843_jt3bggkj1j3HLc7SyY6rEUpg.jpeg","contentUrl":"https:\/\/skaitytaknyga.lt\/wp-content\/uploads\/2024\/05\/cropped-cropped-cropped-02_00843_jt3bggkj1j3HLc7SyY6rEUpg.jpeg","width":1600,"height":1600,"caption":"skaitytaknyga.lt"},"image":{"@id":"https:\/\/skaitytaknyga.lt\/#\/schema\/logo\/image\/"},"sameAs":["https:\/\/www.facebook.com\/skaitytaknyga\/"]}]}},"_links":{"self":[{"href":"https:\/\/skaitytaknyga.lt\/en\/wp-json\/wp\/v2\/product\/8600","targetHints":{"allow":["GET"]}}],"collection":[{"href":"https:\/\/skaitytaknyga.lt\/en\/wp-json\/wp\/v2\/product"}],"about":[{"href":"https:\/\/skaitytaknyga.lt\/en\/wp-json\/wp\/v2\/types\/product"}],"replies":[{"embeddable":true,"href":"https:\/\/skaitytaknyga.lt\/en\/wp-json\/wp\/v2\/comments?post=8600"}],"wp:featuredmedia":[{"embeddable":true,"href":"https:\/\/skaitytaknyga.lt\/en\/wp-json\/wp\/v2\/media\/4876"}],"wp:attachment":[{"href":"https:\/\/skaitytaknyga.lt\/en\/wp-json\/wp\/v2\/media?parent=8600"}],"wp:term":[{"taxonomy":"product_brand","embeddable":true,"href":"https:\/\/skaitytaknyga.lt\/en\/wp-json\/wp\/v2\/product_brand?post=8600"},{"taxonomy":"product_cat","embeddable":true,"href":"https:\/\/skaitytaknyga.lt\/en\/wp-json\/wp\/v2\/product_cat?post=8600"},{"taxonomy":"product_tag","embeddable":true,"href":"https:\/\/skaitytaknyga.lt\/en\/wp-json\/wp\/v2\/product_tag?post=8600"}],"curies":[{"name":"wp","href":"https:\/\/api.w.org\/{rel}","templated":true}]}}