{"id":8598,"date":"2024-05-04T14:48:10","date_gmt":"2024-05-04T14:48:10","guid":{"rendered":"https:\/\/skaitytaknyga.lt\/?post_type=product&#038;p=8598"},"modified":"2024-05-04T14:48:33","modified_gmt":"2024-05-04T14:48:33","slug":"jessica-gilmore-tu-mano-svajone-permainu-metas-antra-knyga-2","status":"publish","type":"product","link":"https:\/\/skaitytaknyga.lt\/en\/produktas\/jessica-gilmore-tu-mano-svajone-permainu-metas-antra-knyga-2\/","title":{"rendered":"Jessica Gilmore \u201eTu \u2013 mano svajon\u0117. Permain\u0173 metas &#8211; Antra knyga\u201c"},"content":{"rendered":"<div>Dviej\u0173 knyg\u0173 serija\u00a0Permain\u0173\u00a0 metas.\u00a0Antra knyga<\/div>\n<div><\/div>\n<div>Gra\u017eiausi dalykai gyvenime nutinka netik\u0117tai.<\/div>\n<div><\/div>\n<div>\u012evykus nelaimingam atsitikimui, Vilt\u0117 Makenz\u0117 tapo jaunesniosios sesers Feit\u0117s glob\u0117ja. D\u0117l jos ji padaryt\u0173 visk\u0105! Kai\u00a0 Feit\u0117 netik\u0117tai susiruo\u0161ia tek\u0117ti, Vilt\u0117 pasiry\u017eta\u00a0 surengti mylimai sesutei pasaki\u0161kas vestuves. Net jei teks taikstytis su nesukalbamo vyriausiojo pabrolio Geilo Okonoro \u012fnoriais!<\/div>\n<div><\/div>\n<div>\u017dymus Niujorko menininkas Geilas \u012fsitikin\u0119s, kad tikros meil\u0117s n\u0117ra. Bet\u00a0 vien\u0105 dien\u0105 studijoje pasirod\u017eiusi \u017eavi mergina priver\u010dia j\u012f tuo suabejoti. Daili\u0105 \u012fsibrov\u0117l\u0119 Geilas palaiko fotomodeliu. I\u0161 pa\u017ei\u016bros kukli, drovi, smulki mergina prikausto \u017einomo fotografo d\u0117mes\u012f. Geilas pasi\u016blo sandor\u012f: jei Vilt\u0117 sutiks pozuoti jam prie\u0161 fotoobjektyv\u0105, jis pad\u0117s suorganizuoti jos sesers vestuves. Lemtingas atsitiktinumas \u0161iek tiek pakei\u010dia abiej\u0173 planus. Ir greitai Geilui tenka susim\u0105styti, ar ne \u0161ios dailios pamerg\u0117s draugijos jis jau seniai tro\u0161ko.<\/div>\n","protected":false},"excerpt":{"rendered":"<div>Dviej\u0173 knyg\u0173 serija\u00a0Permain\u0173\u00a0 metas.\u00a0Antra knyga<\/div>\n<div><\/div>\n<div>Gra\u017eiausi dalykai gyvenime nutinka netik\u0117tai.<\/div>\n<div><\/div>\n<div>\u012evykus nelaimingam atsitikimui, Vilt\u0117 Makenz\u0117 tapo jaunesniosios sesers Feit\u0117s glob\u0117ja. D\u0117l jos ji padaryt\u0173 visk\u0105! Kai\u00a0 Feit\u0117 netik\u0117tai susiruo\u0161ia tek\u0117ti, Vilt\u0117 pasiry\u017eta\u00a0 surengti mylimai sesutei pasaki\u0161kas vestuves. Net jei teks taikstytis su nesukalbamo vyriausiojo pabrolio Geilo Okonoro \u012fnoriais!<\/div>\n<div><\/div>\n<div>\u017dymus Niujorko menininkas Geilas \u012fsitikin\u0119s, kad tikros meil\u0117s n\u0117ra. Bet\u00a0 vien\u0105 dien\u0105 studijoje pasirod\u017eiusi \u017eavi mergina priver\u010dia j\u012f tuo suabejoti. Daili\u0105 \u012fsibrov\u0117l\u0119 Geilas palaiko fotomodeliu. I\u0161 pa\u017ei\u016bros kukli, drovi, smulki mergina prikausto \u017einomo fotografo d\u0117mes\u012f. Geilas pasi\u016blo sandor\u012f: jei Vilt\u0117 sutiks pozuoti jam prie\u0161 fotoobjektyv\u0105, jis pad\u0117s suorganizuoti jos sesers vestuves. Lemtingas atsitiktinumas \u0161iek tiek pakei\u010dia abiej\u0173 planus. Ir greitai Geilui tenka susim\u0105styti, ar ne \u0161ios dailios pamerg\u0117s draugijos jis jau seniai tro\u0161ko.<\/div>\n","protected":false},"featured_media":4864,"comment_status":"closed","ping_status":"closed","template":"","meta":{"_acf_changed":false,"site-sidebar-layout":"default","site-content-layout":"","ast-site-content-layout":"default","site-content-style":"default","site-sidebar-style":"default","ast-global-header-display":"","ast-banner-title-visibility":"","ast-main-header-display":"","ast-hfb-above-header-display":"","ast-hfb-below-header-display":"","ast-hfb-mobile-header-display":"","site-post-title":"","ast-breadcrumbs-content":"","ast-featured-img":"","footer-sml-layout":"","ast-disable-related-posts":"","theme-transparent-header-meta":"","adv-header-id-meta":"","stick-header-meta":"","header-above-stick-meta":"","header-main-stick-meta":"","header-below-stick-meta":"","astra-migrate-meta-layouts":"default","ast-page-background-enabled":"default","ast-page-background-meta":{"desktop":{"background-color":"","background-image":"","background-repeat":"repeat","background-position":"center center","background-size":"auto","background-attachment":"scroll","background-type":"","background-media":"","overlay-type":"","overlay-color":"","overlay-opacity":"","overlay-gradient":""},"tablet":{"background-color":"","background-image":"","background-repeat":"repeat","background-position":"center center","background-size":"auto","background-attachment":"scroll","background-type":"","background-media":"","overlay-type":"","overlay-color":"","overlay-opacity":"","overlay-gradient":""},"mobile":{"background-color":"","background-image":"","background-repeat":"repeat","background-position":"center center","background-size":"auto","background-attachment":"scroll","background-type":"","background-media":"","overlay-type":"","overlay-color":"","overlay-opacity":"","overlay-gradient":""}},"ast-content-background-meta":{"desktop":{"background-color":"var(--ast-global-color-4)","background-image":"","background-repeat":"repeat","background-position":"center center","background-size":"auto","background-attachment":"scroll","background-type":"","background-media":"","overlay-type":"","overlay-color":"","overlay-opacity":"","overlay-gradient":""},"tablet":{"background-color":"var(--ast-global-color-4)","background-image":"","background-repeat":"repeat","background-position":"center center","background-size":"auto","background-attachment":"scroll","background-type":"","background-media":"","overlay-type":"","overlay-color":"","overlay-opacity":"","overlay-gradient":""},"mobile":{"background-color":"var(--ast-global-color-4)","background-image":"","background-repeat":"repeat","background-position":"center center","background-size":"auto","background-attachment":"scroll","background-type":"","background-media":"","overlay-type":"","overlay-color":"","overlay-opacity":"","overlay-gradient":""}}},"product_brand":[],"product_cat":[31],"product_tag":[],"class_list":{"0":"post-8598","1":"product","2":"type-product","3":"status-publish","4":"has-post-thumbnail","6":"product_cat-grozine-literatura","7":"pa_leidimo-metai-645","8":"desktop-align-left","9":"tablet-align-left","10":"mobile-align-left","12":"first","13":"instock","14":"shipping-taxable","15":"purchasable","16":"product-type-simple"},"acf":[],"yoast_head":"<!-- This site is optimized with the Yoast SEO plugin v27.0 - https:\/\/yoast.com\/product\/yoast-seo-wordpress\/ -->\n<title>Jessica Gilmore \u201eTu \u2013 mano svajon\u0117. Permain\u0173 metas - Antra knyga\u201c - Skaitytaknyga<\/title>\n<meta name=\"description\" content=\"Dviej\u0173 knyg\u0173 serija\u00a0Permain\u0173\u00a0 metas.\u00a0Antra knyga  Gra\u017eiausi dalykai gyvenime nutinka netik\u0117tai.  \u012evykus nelaimingam atsitikimui, Vilt\u0117 Makenz\u0117 tapo jaunesniosios sesers Feit\u0117s glob\u0117ja. D\u0117l jos ji padaryt\u0173 visk\u0105! Kai\u00a0 Feit\u0117 netik\u0117tai susiruo\u0161ia tek\u0117ti, Vilt\u0117 pasiry\u017eta\u00a0 surengti mylimai sesutei pasaki\u0161kas vestuves. Net jei teks taikstytis su nesukalbamo vyriausiojo pabrolio Geilo Okonoro \u012fnoriais!  \u017dymus Niujorko menininkas Geilas \u012fsitikin\u0119s, kad tikros meil\u0117s n\u0117ra. Bet\u00a0 vien\u0105 dien\u0105 studijoje pasirod\u017eiusi \u017eavi mergina priver\u010dia j\u012f tuo suabejoti. Daili\u0105 \u012fsibrov\u0117l\u0119 Geilas palaiko fotomodeliu. I\u0161 pa\u017ei\u016bros kukli, drovi, smulki mergina prikausto \u017einomo fotografo d\u0117mes\u012f. Geilas pasi\u016blo sandor\u012f: jei Vilt\u0117 sutiks pozuoti jam prie\u0161 fotoobjektyv\u0105, jis pad\u0117s suorganizuoti jos sesers vestuves. Lemtingas atsitiktinumas \u0161iek tiek pakei\u010dia abiej\u0173 planus. Ir greitai Geilui tenka susim\u0105styti, ar ne \u0161ios dailios pamerg\u0117s draugijos jis jau seniai tro\u0161ko.\" \/>\n<meta name=\"robots\" content=\"index, follow, max-snippet:-1, max-image-preview:large, max-video-preview:-1\" \/>\n<link rel=\"canonical\" href=\"https:\/\/skaitytaknyga.lt\/en\/produktas\/jessica-gilmore-tu-mano-svajone-permainu-metas-antra-knyga-2\/\" \/>\n<meta property=\"og:locale\" content=\"en_GB\" \/>\n<meta property=\"og:locale:alternate\" content=\"lt_LT\" \/>\n<meta property=\"og:type\" content=\"article\" \/>\n<meta property=\"og:title\" content=\"Jessica Gilmore \u201eTu \u2013 mano svajon\u0117. Permain\u0173 metas - Antra knyga\u201c - Skaitytaknyga\" \/>\n<meta property=\"og:description\" content=\"Dviej\u0173 knyg\u0173 serija\u00a0Permain\u0173\u00a0 metas.\u00a0Antra knyga  Gra\u017eiausi dalykai gyvenime nutinka netik\u0117tai.  \u012evykus nelaimingam atsitikimui, Vilt\u0117 Makenz\u0117 tapo jaunesniosios sesers Feit\u0117s glob\u0117ja. D\u0117l jos ji padaryt\u0173 visk\u0105! Kai\u00a0 Feit\u0117 netik\u0117tai susiruo\u0161ia tek\u0117ti, Vilt\u0117 pasiry\u017eta\u00a0 surengti mylimai sesutei pasaki\u0161kas vestuves. Net jei teks taikstytis su nesukalbamo vyriausiojo pabrolio Geilo Okonoro \u012fnoriais!  \u017dymus Niujorko menininkas Geilas \u012fsitikin\u0119s, kad tikros meil\u0117s n\u0117ra. Bet\u00a0 vien\u0105 dien\u0105 studijoje pasirod\u017eiusi \u017eavi mergina priver\u010dia j\u012f tuo suabejoti. Daili\u0105 \u012fsibrov\u0117l\u0119 Geilas palaiko fotomodeliu. I\u0161 pa\u017ei\u016bros kukli, drovi, smulki mergina prikausto \u017einomo fotografo d\u0117mes\u012f. Geilas pasi\u016blo sandor\u012f: jei Vilt\u0117 sutiks pozuoti jam prie\u0161 fotoobjektyv\u0105, jis pad\u0117s suorganizuoti jos sesers vestuves. Lemtingas atsitiktinumas \u0161iek tiek pakei\u010dia abiej\u0173 planus. Ir greitai Geilui tenka susim\u0105styti, ar ne \u0161ios dailios pamerg\u0117s draugijos jis jau seniai tro\u0161ko.\" \/>\n<meta property=\"og:url\" content=\"https:\/\/skaitytaknyga.lt\/en\/produktas\/jessica-gilmore-tu-mano-svajone-permainu-metas-antra-knyga-2\/\" \/>\n<meta property=\"og:site_name\" content=\"Skaitytaknyga\" \/>\n<meta property=\"article:publisher\" content=\"https:\/\/www.facebook.com\/skaitytaknyga\/\" \/>\n<meta property=\"article:modified_time\" content=\"2024-05-04T14:48:33+00:00\" \/>\n<meta property=\"og:image\" content=\"https:\/\/skaitytaknyga.lt\/wp-content\/uploads\/2024\/04\/000000000002179732-5c66ae1f9b2fa-asset-knyguklubas-9786090304570_.jpg\" \/>\n\t<meta property=\"og:image:width\" content=\"415\" \/>\n\t<meta property=\"og:image:height\" content=\"700\" \/>\n\t<meta property=\"og:image:type\" content=\"image\/jpeg\" \/>\n<meta name=\"twitter:card\" content=\"summary_large_image\" \/>\n<meta name=\"twitter:label1\" content=\"Estimated reading time\" \/>\n\t<meta name=\"twitter:data1\" content=\"1 minute\" \/>\n<script type=\"application\/ld+json\" class=\"yoast-schema-graph\">{\"@context\":\"https:\/\/schema.org\",\"@graph\":[{\"@type\":\"WebPage\",\"@id\":\"https:\/\/skaitytaknyga.lt\/produktas\/jessica-gilmore-tu-mano-svajone-permainu-metas-antra-knyga-2\/\",\"url\":\"https:\/\/skaitytaknyga.lt\/produktas\/jessica-gilmore-tu-mano-svajone-permainu-metas-antra-knyga-2\/\",\"name\":\"Jessica Gilmore \u201eTu \u2013 mano svajon\u0117. Permain\u0173 metas - Antra knyga\u201c - Skaitytaknyga\",\"isPartOf\":{\"@id\":\"https:\/\/skaitytaknyga.lt\/#website\"},\"primaryImageOfPage\":{\"@id\":\"https:\/\/skaitytaknyga.lt\/produktas\/jessica-gilmore-tu-mano-svajone-permainu-metas-antra-knyga-2\/#primaryimage\"},\"image\":{\"@id\":\"https:\/\/skaitytaknyga.lt\/produktas\/jessica-gilmore-tu-mano-svajone-permainu-metas-antra-knyga-2\/#primaryimage\"},\"thumbnailUrl\":\"https:\/\/skaitytaknyga.lt\/wp-content\/uploads\/2024\/04\/000000000002179732-5c66ae1f9b2fa-asset-knyguklubas-9786090304570_.jpg\",\"datePublished\":\"2024-05-04T14:48:10+00:00\",\"dateModified\":\"2024-05-04T14:48:33+00:00\",\"description\":\"Dviej\u0173 knyg\u0173 serija\u00a0Permain\u0173\u00a0 metas.\u00a0Antra knyga Gra\u017eiausi dalykai gyvenime nutinka netik\u0117tai. \u012evykus nelaimingam atsitikimui, Vilt\u0117 Makenz\u0117 tapo jaunesniosios sesers Feit\u0117s glob\u0117ja. D\u0117l jos ji padaryt\u0173 visk\u0105! Kai\u00a0 Feit\u0117 netik\u0117tai susiruo\u0161ia tek\u0117ti, Vilt\u0117 pasiry\u017eta\u00a0 surengti mylimai sesutei pasaki\u0161kas vestuves. Net jei teks taikstytis su nesukalbamo vyriausiojo pabrolio Geilo Okonoro \u012fnoriais! \u017dymus Niujorko menininkas Geilas \u012fsitikin\u0119s, kad tikros meil\u0117s n\u0117ra. Bet\u00a0 vien\u0105 dien\u0105 studijoje pasirod\u017eiusi \u017eavi mergina priver\u010dia j\u012f tuo suabejoti. Daili\u0105 \u012fsibrov\u0117l\u0119 Geilas palaiko fotomodeliu. I\u0161 pa\u017ei\u016bros kukli, drovi, smulki mergina prikausto \u017einomo fotografo d\u0117mes\u012f. Geilas pasi\u016blo sandor\u012f: jei Vilt\u0117 sutiks pozuoti jam prie\u0161 fotoobjektyv\u0105, jis pad\u0117s suorganizuoti jos sesers vestuves. Lemtingas atsitiktinumas \u0161iek tiek pakei\u010dia abiej\u0173 planus. Ir greitai Geilui tenka susim\u0105styti, ar ne \u0161ios dailios pamerg\u0117s draugijos jis jau seniai tro\u0161ko.\",\"breadcrumb\":{\"@id\":\"https:\/\/skaitytaknyga.lt\/produktas\/jessica-gilmore-tu-mano-svajone-permainu-metas-antra-knyga-2\/#breadcrumb\"},\"inLanguage\":\"en-GB\",\"potentialAction\":[{\"@type\":\"ReadAction\",\"target\":[\"https:\/\/skaitytaknyga.lt\/produktas\/jessica-gilmore-tu-mano-svajone-permainu-metas-antra-knyga-2\/\"]}]},{\"@type\":\"ImageObject\",\"inLanguage\":\"en-GB\",\"@id\":\"https:\/\/skaitytaknyga.lt\/produktas\/jessica-gilmore-tu-mano-svajone-permainu-metas-antra-knyga-2\/#primaryimage\",\"url\":\"https:\/\/skaitytaknyga.lt\/wp-content\/uploads\/2024\/04\/000000000002179732-5c66ae1f9b2fa-asset-knyguklubas-9786090304570_.jpg\",\"contentUrl\":\"https:\/\/skaitytaknyga.lt\/wp-content\/uploads\/2024\/04\/000000000002179732-5c66ae1f9b2fa-asset-knyguklubas-9786090304570_.jpg\",\"width\":415,\"height\":700},{\"@type\":\"BreadcrumbList\",\"@id\":\"https:\/\/skaitytaknyga.lt\/produktas\/jessica-gilmore-tu-mano-svajone-permainu-metas-antra-knyga-2\/#breadcrumb\",\"itemListElement\":[{\"@type\":\"ListItem\",\"position\":1,\"name\":\"Home\",\"item\":\"https:\/\/skaitytaknyga.lt\/\"},{\"@type\":\"ListItem\",\"position\":2,\"name\":\"Parduotuv\u0117\",\"item\":\"https:\/\/skaitytaknyga.lt\/knygu-parduotuve\/\"},{\"@type\":\"ListItem\",\"position\":3,\"name\":\"Jessica Gilmore \u201eTu \u2013 mano svajon\u0117. Permain\u0173 metas &#8211; Antra knyga\u201c\"}]},{\"@type\":\"WebSite\",\"@id\":\"https:\/\/skaitytaknyga.lt\/#website\",\"url\":\"https:\/\/skaitytaknyga.lt\/\",\"name\":\"skaitytaknyga.lt\",\"description\":\"Skaitytaknyga.lt \u2013 tai ma\u017eas \u0161eimos verslas, kuris prasid\u0117jo nuo meil\u0117s knygoms ir siekio i\u0161gelb\u0117ti knygas nuo likimo prie konteinerio. Kas vienam nereikalingas daiktas \u2013 kitam lobis, o mes esame tarpininkai, kurie padeda abiems tapti laimingesniems ???? \u017dinome kaip nelengva i\u0161gyventi ma\u017eiems verslams, tad nuo \u0161iol, \u010dia rasite ir kit\u0173, ma\u017e\u0173 \u0161eim\u0173 versl\u0173, rank\u0173 darbo, dovan\u0173 sau ir artimiesiems.\",\"publisher\":{\"@id\":\"https:\/\/skaitytaknyga.lt\/#organization\"},\"potentialAction\":[{\"@type\":\"SearchAction\",\"target\":{\"@type\":\"EntryPoint\",\"urlTemplate\":\"https:\/\/skaitytaknyga.lt\/?s={search_term_string}\"},\"query-input\":{\"@type\":\"PropertyValueSpecification\",\"valueRequired\":true,\"valueName\":\"search_term_string\"}}],\"inLanguage\":\"en-GB\"},{\"@type\":\"Organization\",\"@id\":\"https:\/\/skaitytaknyga.lt\/#organization\",\"name\":\"skaitytaknyga.lt\",\"url\":\"https:\/\/skaitytaknyga.lt\/\",\"logo\":{\"@type\":\"ImageObject\",\"inLanguage\":\"en-GB\",\"@id\":\"https:\/\/skaitytaknyga.lt\/#\/schema\/logo\/image\/\",\"url\":\"https:\/\/skaitytaknyga.lt\/wp-content\/uploads\/2024\/05\/cropped-cropped-cropped-02_00843_jt3bggkj1j3HLc7SyY6rEUpg.jpeg\",\"contentUrl\":\"https:\/\/skaitytaknyga.lt\/wp-content\/uploads\/2024\/05\/cropped-cropped-cropped-02_00843_jt3bggkj1j3HLc7SyY6rEUpg.jpeg\",\"width\":1600,\"height\":1600,\"caption\":\"skaitytaknyga.lt\"},\"image\":{\"@id\":\"https:\/\/skaitytaknyga.lt\/#\/schema\/logo\/image\/\"},\"sameAs\":[\"https:\/\/www.facebook.com\/skaitytaknyga\/\"]}]}<\/script>\n<!-- \/ Yoast SEO plugin. -->","yoast_head_json":{"title":"Jessica Gilmore \u201eTu \u2013 mano svajon\u0117. Permain\u0173 metas - Antra knyga\u201c - Skaitytaknyga","description":"Dviej\u0173 knyg\u0173 serija\u00a0Permain\u0173\u00a0 metas.\u00a0Antra knyga  Gra\u017eiausi dalykai gyvenime nutinka netik\u0117tai.  \u012evykus nelaimingam atsitikimui, Vilt\u0117 Makenz\u0117 tapo jaunesniosios sesers Feit\u0117s glob\u0117ja. D\u0117l jos ji padaryt\u0173 visk\u0105! Kai\u00a0 Feit\u0117 netik\u0117tai susiruo\u0161ia tek\u0117ti, Vilt\u0117 pasiry\u017eta\u00a0 surengti mylimai sesutei pasaki\u0161kas vestuves. Net jei teks taikstytis su nesukalbamo vyriausiojo pabrolio Geilo Okonoro \u012fnoriais!  \u017dymus Niujorko menininkas Geilas \u012fsitikin\u0119s, kad tikros meil\u0117s n\u0117ra. Bet\u00a0 vien\u0105 dien\u0105 studijoje pasirod\u017eiusi \u017eavi mergina priver\u010dia j\u012f tuo suabejoti. Daili\u0105 \u012fsibrov\u0117l\u0119 Geilas palaiko fotomodeliu. I\u0161 pa\u017ei\u016bros kukli, drovi, smulki mergina prikausto \u017einomo fotografo d\u0117mes\u012f. Geilas pasi\u016blo sandor\u012f: jei Vilt\u0117 sutiks pozuoti jam prie\u0161 fotoobjektyv\u0105, jis pad\u0117s suorganizuoti jos sesers vestuves. Lemtingas atsitiktinumas \u0161iek tiek pakei\u010dia abiej\u0173 planus. Ir greitai Geilui tenka susim\u0105styti, ar ne \u0161ios dailios pamerg\u0117s draugijos jis jau seniai tro\u0161ko.","robots":{"index":"index","follow":"follow","max-snippet":"max-snippet:-1","max-image-preview":"max-image-preview:large","max-video-preview":"max-video-preview:-1"},"canonical":"https:\/\/skaitytaknyga.lt\/en\/produktas\/jessica-gilmore-tu-mano-svajone-permainu-metas-antra-knyga-2\/","og_locale":"en_GB","og_type":"article","og_title":"Jessica Gilmore \u201eTu \u2013 mano svajon\u0117. Permain\u0173 metas - Antra knyga\u201c - Skaitytaknyga","og_description":"Dviej\u0173 knyg\u0173 serija\u00a0Permain\u0173\u00a0 metas.\u00a0Antra knyga  Gra\u017eiausi dalykai gyvenime nutinka netik\u0117tai.  \u012evykus nelaimingam atsitikimui, Vilt\u0117 Makenz\u0117 tapo jaunesniosios sesers Feit\u0117s glob\u0117ja. D\u0117l jos ji padaryt\u0173 visk\u0105! Kai\u00a0 Feit\u0117 netik\u0117tai susiruo\u0161ia tek\u0117ti, Vilt\u0117 pasiry\u017eta\u00a0 surengti mylimai sesutei pasaki\u0161kas vestuves. Net jei teks taikstytis su nesukalbamo vyriausiojo pabrolio Geilo Okonoro \u012fnoriais!  \u017dymus Niujorko menininkas Geilas \u012fsitikin\u0119s, kad tikros meil\u0117s n\u0117ra. Bet\u00a0 vien\u0105 dien\u0105 studijoje pasirod\u017eiusi \u017eavi mergina priver\u010dia j\u012f tuo suabejoti. Daili\u0105 \u012fsibrov\u0117l\u0119 Geilas palaiko fotomodeliu. I\u0161 pa\u017ei\u016bros kukli, drovi, smulki mergina prikausto \u017einomo fotografo d\u0117mes\u012f. Geilas pasi\u016blo sandor\u012f: jei Vilt\u0117 sutiks pozuoti jam prie\u0161 fotoobjektyv\u0105, jis pad\u0117s suorganizuoti jos sesers vestuves. Lemtingas atsitiktinumas \u0161iek tiek pakei\u010dia abiej\u0173 planus. Ir greitai Geilui tenka susim\u0105styti, ar ne \u0161ios dailios pamerg\u0117s draugijos jis jau seniai tro\u0161ko.","og_url":"https:\/\/skaitytaknyga.lt\/en\/produktas\/jessica-gilmore-tu-mano-svajone-permainu-metas-antra-knyga-2\/","og_site_name":"Skaitytaknyga","article_publisher":"https:\/\/www.facebook.com\/skaitytaknyga\/","article_modified_time":"2024-05-04T14:48:33+00:00","og_image":[{"width":415,"height":700,"url":"https:\/\/skaitytaknyga.lt\/wp-content\/uploads\/2024\/04\/000000000002179732-5c66ae1f9b2fa-asset-knyguklubas-9786090304570_.jpg","type":"image\/jpeg"}],"twitter_card":"summary_large_image","twitter_misc":{"Estimated reading time":"1 minute"},"schema":{"@context":"https:\/\/schema.org","@graph":[{"@type":"WebPage","@id":"https:\/\/skaitytaknyga.lt\/produktas\/jessica-gilmore-tu-mano-svajone-permainu-metas-antra-knyga-2\/","url":"https:\/\/skaitytaknyga.lt\/produktas\/jessica-gilmore-tu-mano-svajone-permainu-metas-antra-knyga-2\/","name":"Jessica Gilmore \u201eTu \u2013 mano svajon\u0117. Permain\u0173 metas - Antra knyga\u201c - Skaitytaknyga","isPartOf":{"@id":"https:\/\/skaitytaknyga.lt\/#website"},"primaryImageOfPage":{"@id":"https:\/\/skaitytaknyga.lt\/produktas\/jessica-gilmore-tu-mano-svajone-permainu-metas-antra-knyga-2\/#primaryimage"},"image":{"@id":"https:\/\/skaitytaknyga.lt\/produktas\/jessica-gilmore-tu-mano-svajone-permainu-metas-antra-knyga-2\/#primaryimage"},"thumbnailUrl":"https:\/\/skaitytaknyga.lt\/wp-content\/uploads\/2024\/04\/000000000002179732-5c66ae1f9b2fa-asset-knyguklubas-9786090304570_.jpg","datePublished":"2024-05-04T14:48:10+00:00","dateModified":"2024-05-04T14:48:33+00:00","description":"Dviej\u0173 knyg\u0173 serija\u00a0Permain\u0173\u00a0 metas.\u00a0Antra knyga Gra\u017eiausi dalykai gyvenime nutinka netik\u0117tai. \u012evykus nelaimingam atsitikimui, Vilt\u0117 Makenz\u0117 tapo jaunesniosios sesers Feit\u0117s glob\u0117ja. D\u0117l jos ji padaryt\u0173 visk\u0105! Kai\u00a0 Feit\u0117 netik\u0117tai susiruo\u0161ia tek\u0117ti, Vilt\u0117 pasiry\u017eta\u00a0 surengti mylimai sesutei pasaki\u0161kas vestuves. Net jei teks taikstytis su nesukalbamo vyriausiojo pabrolio Geilo Okonoro \u012fnoriais! \u017dymus Niujorko menininkas Geilas \u012fsitikin\u0119s, kad tikros meil\u0117s n\u0117ra. Bet\u00a0 vien\u0105 dien\u0105 studijoje pasirod\u017eiusi \u017eavi mergina priver\u010dia j\u012f tuo suabejoti. Daili\u0105 \u012fsibrov\u0117l\u0119 Geilas palaiko fotomodeliu. I\u0161 pa\u017ei\u016bros kukli, drovi, smulki mergina prikausto \u017einomo fotografo d\u0117mes\u012f. Geilas pasi\u016blo sandor\u012f: jei Vilt\u0117 sutiks pozuoti jam prie\u0161 fotoobjektyv\u0105, jis pad\u0117s suorganizuoti jos sesers vestuves. Lemtingas atsitiktinumas \u0161iek tiek pakei\u010dia abiej\u0173 planus. Ir greitai Geilui tenka susim\u0105styti, ar ne \u0161ios dailios pamerg\u0117s draugijos jis jau seniai tro\u0161ko.","breadcrumb":{"@id":"https:\/\/skaitytaknyga.lt\/produktas\/jessica-gilmore-tu-mano-svajone-permainu-metas-antra-knyga-2\/#breadcrumb"},"inLanguage":"en-GB","potentialAction":[{"@type":"ReadAction","target":["https:\/\/skaitytaknyga.lt\/produktas\/jessica-gilmore-tu-mano-svajone-permainu-metas-antra-knyga-2\/"]}]},{"@type":"ImageObject","inLanguage":"en-GB","@id":"https:\/\/skaitytaknyga.lt\/produktas\/jessica-gilmore-tu-mano-svajone-permainu-metas-antra-knyga-2\/#primaryimage","url":"https:\/\/skaitytaknyga.lt\/wp-content\/uploads\/2024\/04\/000000000002179732-5c66ae1f9b2fa-asset-knyguklubas-9786090304570_.jpg","contentUrl":"https:\/\/skaitytaknyga.lt\/wp-content\/uploads\/2024\/04\/000000000002179732-5c66ae1f9b2fa-asset-knyguklubas-9786090304570_.jpg","width":415,"height":700},{"@type":"BreadcrumbList","@id":"https:\/\/skaitytaknyga.lt\/produktas\/jessica-gilmore-tu-mano-svajone-permainu-metas-antra-knyga-2\/#breadcrumb","itemListElement":[{"@type":"ListItem","position":1,"name":"Home","item":"https:\/\/skaitytaknyga.lt\/"},{"@type":"ListItem","position":2,"name":"Parduotuv\u0117","item":"https:\/\/skaitytaknyga.lt\/knygu-parduotuve\/"},{"@type":"ListItem","position":3,"name":"Jessica Gilmore \u201eTu \u2013 mano svajon\u0117. Permain\u0173 metas &#8211; Antra knyga\u201c"}]},{"@type":"WebSite","@id":"https:\/\/skaitytaknyga.lt\/#website","url":"https:\/\/skaitytaknyga.lt\/","name":"skaitytaknyga.lt","description":"Skaitytaknyga.lt \u2013 tai ma\u017eas \u0161eimos verslas, kuris prasid\u0117jo nuo meil\u0117s knygoms ir siekio i\u0161gelb\u0117ti knygas nuo likimo prie konteinerio. Kas vienam nereikalingas daiktas \u2013 kitam lobis, o mes esame tarpininkai, kurie padeda abiems tapti laimingesniems ???? \u017dinome kaip nelengva i\u0161gyventi ma\u017eiems verslams, tad nuo \u0161iol, \u010dia rasite ir kit\u0173, ma\u017e\u0173 \u0161eim\u0173 versl\u0173, rank\u0173 darbo, dovan\u0173 sau ir artimiesiems.","publisher":{"@id":"https:\/\/skaitytaknyga.lt\/#organization"},"potentialAction":[{"@type":"SearchAction","target":{"@type":"EntryPoint","urlTemplate":"https:\/\/skaitytaknyga.lt\/?s={search_term_string}"},"query-input":{"@type":"PropertyValueSpecification","valueRequired":true,"valueName":"search_term_string"}}],"inLanguage":"en-GB"},{"@type":"Organization","@id":"https:\/\/skaitytaknyga.lt\/#organization","name":"skaitytaknyga.lt","url":"https:\/\/skaitytaknyga.lt\/","logo":{"@type":"ImageObject","inLanguage":"en-GB","@id":"https:\/\/skaitytaknyga.lt\/#\/schema\/logo\/image\/","url":"https:\/\/skaitytaknyga.lt\/wp-content\/uploads\/2024\/05\/cropped-cropped-cropped-02_00843_jt3bggkj1j3HLc7SyY6rEUpg.jpeg","contentUrl":"https:\/\/skaitytaknyga.lt\/wp-content\/uploads\/2024\/05\/cropped-cropped-cropped-02_00843_jt3bggkj1j3HLc7SyY6rEUpg.jpeg","width":1600,"height":1600,"caption":"skaitytaknyga.lt"},"image":{"@id":"https:\/\/skaitytaknyga.lt\/#\/schema\/logo\/image\/"},"sameAs":["https:\/\/www.facebook.com\/skaitytaknyga\/"]}]}},"_links":{"self":[{"href":"https:\/\/skaitytaknyga.lt\/en\/wp-json\/wp\/v2\/product\/8598","targetHints":{"allow":["GET"]}}],"collection":[{"href":"https:\/\/skaitytaknyga.lt\/en\/wp-json\/wp\/v2\/product"}],"about":[{"href":"https:\/\/skaitytaknyga.lt\/en\/wp-json\/wp\/v2\/types\/product"}],"replies":[{"embeddable":true,"href":"https:\/\/skaitytaknyga.lt\/en\/wp-json\/wp\/v2\/comments?post=8598"}],"wp:featuredmedia":[{"embeddable":true,"href":"https:\/\/skaitytaknyga.lt\/en\/wp-json\/wp\/v2\/media\/4864"}],"wp:attachment":[{"href":"https:\/\/skaitytaknyga.lt\/en\/wp-json\/wp\/v2\/media?parent=8598"}],"wp:term":[{"taxonomy":"product_brand","embeddable":true,"href":"https:\/\/skaitytaknyga.lt\/en\/wp-json\/wp\/v2\/product_brand?post=8598"},{"taxonomy":"product_cat","embeddable":true,"href":"https:\/\/skaitytaknyga.lt\/en\/wp-json\/wp\/v2\/product_cat?post=8598"},{"taxonomy":"product_tag","embeddable":true,"href":"https:\/\/skaitytaknyga.lt\/en\/wp-json\/wp\/v2\/product_tag?post=8598"}],"curies":[{"name":"wp","href":"https:\/\/api.w.org\/{rel}","templated":true}]}}