{"id":8584,"date":"2024-05-04T14:48:09","date_gmt":"2024-05-04T14:48:09","guid":{"rendered":"https:\/\/skaitytaknyga.lt\/?post_type=product&#038;p=8584"},"modified":"2024-05-04T14:48:19","modified_gmt":"2024-05-04T14:48:19","slug":"annie-m-g-schmidt-minuse-2","status":"publish","type":"product","link":"https:\/\/skaitytaknyga.lt\/en\/produktas\/annie-m-g-schmidt-minuse-2\/","title":{"rendered":"Annie M. G. Schmidt \u201eMinus\u0117\u201c"},"content":{"rendered":"<p>Ma\u017eame ramiame miestelyje ne taip paprasta aptikti sensacij\u0173. Ypa\u010d jei esi toks drovus ir kuklus kaip ponas Tib\u0117. Laimei, jaunajam laikra\u0161\u010dio \u017eurnalistui \u012f pagalb\u0105 ateina nepaprastoji Minus\u0117\u00a0\u2013 \u017eavi, be galo pana\u0161i \u012f kat\u0119 panel\u0117, kuri nukrenta tiesiog i\u0161&#8230; med\u017eio vir\u0161\u016bn\u0117s!<\/p>\n<p>Ji ne tik moka murkti bei vikriai laipioti stogais, bet dar ir gali laisvai \u0161nek\u0117ti ka\u010di\u0173 kalba. Greitai Minus\u0117 ir visas \u0161imtas Kilendorno ka\u010di\u0173 pradeda naujien\u0173 tarnybos darb\u0105, o ponas Tib\u0117 vos sp\u0117ja spausdinti miestel\u012f stulbinan\u010dius straipsnius. \u016asuotosios pad\u0117j\u0117jos i\u0161\u0161niuk\u0161tin\u0117ja net slap\u010diausias \u017einias. Ta\u010diau Kilendorne dedasi ne tik geri ir gra\u017e\u016bs dalykai&#8230; Draug\u0173 laukia nauji i\u0161m\u0117ginimai: ar jiems pavyks kartu \u012fveikti neteisyb\u0119 ir atskleisti ties\u0105?<\/p>\n","protected":false},"excerpt":{"rendered":"<p>Ma\u017eame ramiame miestelyje ne taip paprasta aptikti sensacij\u0173. Ypa\u010d jei esi toks drovus ir kuklus kaip ponas Tib\u0117. Laimei, jaunajam laikra\u0161\u010dio \u017eurnalistui \u012f pagalb\u0105 ateina nepaprastoji Minus\u0117\u00a0\u2013 \u017eavi, be galo pana\u0161i \u012f kat\u0119 panel\u0117, kuri nukrenta tiesiog i\u0161&#8230; med\u017eio vir\u0161\u016bn\u0117s!<\/p>\n<p>Ji ne tik moka murkti bei vikriai laipioti stogais, bet dar ir gali laisvai \u0161nek\u0117ti ka\u010di\u0173 kalba. Greitai Minus\u0117 ir visas \u0161imtas Kilendorno ka\u010di\u0173 pradeda naujien\u0173 tarnybos darb\u0105, o ponas Tib\u0117 vos sp\u0117ja spausdinti miestel\u012f stulbinan\u010dius straipsnius. \u016asuotosios pad\u0117j\u0117jos i\u0161\u0161niuk\u0161tin\u0117ja net slap\u010diausias \u017einias. Ta\u010diau Kilendorne dedasi ne tik geri ir gra\u017e\u016bs dalykai&#8230; Draug\u0173 laukia nauji i\u0161m\u0117ginimai: ar jiems pavyks kartu \u012fveikti neteisyb\u0119 ir atskleisti ties\u0105?<\/p>\n","protected":false},"featured_media":4834,"comment_status":"closed","ping_status":"closed","template":"","meta":{"_acf_changed":false,"site-sidebar-layout":"default","site-content-layout":"","ast-site-content-layout":"default","site-content-style":"default","site-sidebar-style":"default","ast-global-header-display":"","ast-banner-title-visibility":"","ast-main-header-display":"","ast-hfb-above-header-display":"","ast-hfb-below-header-display":"","ast-hfb-mobile-header-display":"","site-post-title":"","ast-breadcrumbs-content":"","ast-featured-img":"","footer-sml-layout":"","ast-disable-related-posts":"","theme-transparent-header-meta":"","adv-header-id-meta":"","stick-header-meta":"","header-above-stick-meta":"","header-main-stick-meta":"","header-below-stick-meta":"","astra-migrate-meta-layouts":"default","ast-page-background-enabled":"default","ast-page-background-meta":{"desktop":{"background-color":"","background-image":"","background-repeat":"repeat","background-position":"center center","background-size":"auto","background-attachment":"scroll","background-type":"","background-media":"","overlay-type":"","overlay-color":"","overlay-opacity":"","overlay-gradient":""},"tablet":{"background-color":"","background-image":"","background-repeat":"repeat","background-position":"center center","background-size":"auto","background-attachment":"scroll","background-type":"","background-media":"","overlay-type":"","overlay-color":"","overlay-opacity":"","overlay-gradient":""},"mobile":{"background-color":"","background-image":"","background-repeat":"repeat","background-position":"center center","background-size":"auto","background-attachment":"scroll","background-type":"","background-media":"","overlay-type":"","overlay-color":"","overlay-opacity":"","overlay-gradient":""}},"ast-content-background-meta":{"desktop":{"background-color":"var(--ast-global-color-4)","background-image":"","background-repeat":"repeat","background-position":"center center","background-size":"auto","background-attachment":"scroll","background-type":"","background-media":"","overlay-type":"","overlay-color":"","overlay-opacity":"","overlay-gradient":""},"tablet":{"background-color":"var(--ast-global-color-4)","background-image":"","background-repeat":"repeat","background-position":"center center","background-size":"auto","background-attachment":"scroll","background-type":"","background-media":"","overlay-type":"","overlay-color":"","overlay-opacity":"","overlay-gradient":""},"mobile":{"background-color":"var(--ast-global-color-4)","background-image":"","background-repeat":"repeat","background-position":"center center","background-size":"auto","background-attachment":"scroll","background-type":"","background-media":"","overlay-type":"","overlay-color":"","overlay-opacity":"","overlay-gradient":""}}},"product_brand":[],"product_cat":[35],"product_tag":[],"class_list":{"0":"post-8584","1":"product","2":"type-product","3":"status-publish","4":"has-post-thumbnail","6":"product_cat-vaikams-ir-paaugliams","7":"pa_leidimo-metai-626","8":"desktop-align-left","9":"tablet-align-left","10":"mobile-align-left","12":"first","13":"outofstock","14":"shipping-taxable","15":"purchasable","16":"product-type-simple"},"acf":[],"yoast_head":"<!-- This site is optimized with the Yoast SEO plugin v27.0 - https:\/\/yoast.com\/product\/yoast-seo-wordpress\/ -->\n<title>Annie M. G. Schmidt \u201eMinus\u0117\u201c - Skaitytaknyga<\/title>\n<meta name=\"description\" content=\"Ma\u017eame ramiame miestelyje ne taip paprasta aptikti sensacij\u0173. Ypa\u010d jei esi toks drovus ir kuklus kaip ponas Tib\u0117. Laimei, jaunajam laikra\u0161\u010dio \u017eurnalistui \u012f pagalb\u0105 ateina nepaprastoji Minus\u0117\u00a0\u2013 \u017eavi, be galo pana\u0161i \u012f kat\u0119 panel\u0117, kuri nukrenta tiesiog i\u0161... med\u017eio vir\u0161\u016bn\u0117s!  Ji ne tik moka murkti bei vikriai laipioti stogais, bet dar ir gali laisvai \u0161nek\u0117ti ka\u010di\u0173 kalba. Greitai Minus\u0117 ir visas \u0161imtas Kilendorno ka\u010di\u0173 pradeda naujien\u0173 tarnybos darb\u0105, o ponas Tib\u0117 vos sp\u0117ja spausdinti miestel\u012f stulbinan\u010dius straipsnius. \u016asuotosios pad\u0117j\u0117jos i\u0161\u0161niuk\u0161tin\u0117ja net slap\u010diausias \u017einias. Ta\u010diau Kilendorne dedasi ne tik geri ir gra\u017e\u016bs dalykai... Draug\u0173 laukia nauji i\u0161m\u0117ginimai: ar jiems pavyks kartu \u012fveikti neteisyb\u0119 ir atskleisti ties\u0105?\" \/>\n<meta name=\"robots\" content=\"index, follow, max-snippet:-1, max-image-preview:large, max-video-preview:-1\" \/>\n<link rel=\"canonical\" href=\"https:\/\/skaitytaknyga.lt\/en\/produktas\/annie-m-g-schmidt-minuse-2\/\" \/>\n<meta property=\"og:locale\" content=\"en_GB\" \/>\n<meta property=\"og:locale:alternate\" content=\"lt_LT\" \/>\n<meta property=\"og:type\" content=\"article\" \/>\n<meta property=\"og:title\" content=\"Annie M. G. Schmidt \u201eMinus\u0117\u201c - Skaitytaknyga\" \/>\n<meta property=\"og:description\" content=\"Ma\u017eame ramiame miestelyje ne taip paprasta aptikti sensacij\u0173. Ypa\u010d jei esi toks drovus ir kuklus kaip ponas Tib\u0117. Laimei, jaunajam laikra\u0161\u010dio \u017eurnalistui \u012f pagalb\u0105 ateina nepaprastoji Minus\u0117\u00a0\u2013 \u017eavi, be galo pana\u0161i \u012f kat\u0119 panel\u0117, kuri nukrenta tiesiog i\u0161... med\u017eio vir\u0161\u016bn\u0117s!  Ji ne tik moka murkti bei vikriai laipioti stogais, bet dar ir gali laisvai \u0161nek\u0117ti ka\u010di\u0173 kalba. Greitai Minus\u0117 ir visas \u0161imtas Kilendorno ka\u010di\u0173 pradeda naujien\u0173 tarnybos darb\u0105, o ponas Tib\u0117 vos sp\u0117ja spausdinti miestel\u012f stulbinan\u010dius straipsnius. \u016asuotosios pad\u0117j\u0117jos i\u0161\u0161niuk\u0161tin\u0117ja net slap\u010diausias \u017einias. Ta\u010diau Kilendorne dedasi ne tik geri ir gra\u017e\u016bs dalykai... Draug\u0173 laukia nauji i\u0161m\u0117ginimai: ar jiems pavyks kartu \u012fveikti neteisyb\u0119 ir atskleisti ties\u0105?\" \/>\n<meta property=\"og:url\" content=\"https:\/\/skaitytaknyga.lt\/en\/produktas\/annie-m-g-schmidt-minuse-2\/\" \/>\n<meta property=\"og:site_name\" content=\"Skaitytaknyga\" \/>\n<meta property=\"article:publisher\" content=\"https:\/\/www.facebook.com\/skaitytaknyga\/\" \/>\n<meta property=\"article:modified_time\" content=\"2024-05-04T14:48:19+00:00\" \/>\n<meta property=\"og:image\" content=\"https:\/\/skaitytaknyga.lt\/wp-content\/uploads\/2024\/04\/1465563585_9786094410833-minuse.jpg\" \/>\n\t<meta property=\"og:image:width\" content=\"290\" \/>\n\t<meta property=\"og:image:height\" content=\"400\" \/>\n\t<meta property=\"og:image:type\" content=\"image\/jpeg\" \/>\n<meta name=\"twitter:card\" content=\"summary_large_image\" \/>\n<meta name=\"twitter:label1\" content=\"Estimated reading time\" \/>\n\t<meta name=\"twitter:data1\" content=\"1 minute\" \/>\n<script type=\"application\/ld+json\" class=\"yoast-schema-graph\">{\"@context\":\"https:\/\/schema.org\",\"@graph\":[{\"@type\":\"WebPage\",\"@id\":\"https:\/\/skaitytaknyga.lt\/produktas\/annie-m-g-schmidt-minuse-2\/\",\"url\":\"https:\/\/skaitytaknyga.lt\/produktas\/annie-m-g-schmidt-minuse-2\/\",\"name\":\"Annie M. G. Schmidt \u201eMinus\u0117\u201c - Skaitytaknyga\",\"isPartOf\":{\"@id\":\"https:\/\/skaitytaknyga.lt\/#website\"},\"primaryImageOfPage\":{\"@id\":\"https:\/\/skaitytaknyga.lt\/produktas\/annie-m-g-schmidt-minuse-2\/#primaryimage\"},\"image\":{\"@id\":\"https:\/\/skaitytaknyga.lt\/produktas\/annie-m-g-schmidt-minuse-2\/#primaryimage\"},\"thumbnailUrl\":\"https:\/\/skaitytaknyga.lt\/wp-content\/uploads\/2024\/04\/1465563585_9786094410833-minuse.jpg\",\"datePublished\":\"2024-05-04T14:48:09+00:00\",\"dateModified\":\"2024-05-04T14:48:19+00:00\",\"description\":\"Ma\u017eame ramiame miestelyje ne taip paprasta aptikti sensacij\u0173. Ypa\u010d jei esi toks drovus ir kuklus kaip ponas Tib\u0117. Laimei, jaunajam laikra\u0161\u010dio \u017eurnalistui \u012f pagalb\u0105 ateina nepaprastoji Minus\u0117\u00a0\u2013 \u017eavi, be galo pana\u0161i \u012f kat\u0119 panel\u0117, kuri nukrenta tiesiog i\u0161... med\u017eio vir\u0161\u016bn\u0117s! Ji ne tik moka murkti bei vikriai laipioti stogais, bet dar ir gali laisvai \u0161nek\u0117ti ka\u010di\u0173 kalba. Greitai Minus\u0117 ir visas \u0161imtas Kilendorno ka\u010di\u0173 pradeda naujien\u0173 tarnybos darb\u0105, o ponas Tib\u0117 vos sp\u0117ja spausdinti miestel\u012f stulbinan\u010dius straipsnius. \u016asuotosios pad\u0117j\u0117jos i\u0161\u0161niuk\u0161tin\u0117ja net slap\u010diausias \u017einias. Ta\u010diau Kilendorne dedasi ne tik geri ir gra\u017e\u016bs dalykai... Draug\u0173 laukia nauji i\u0161m\u0117ginimai: ar jiems pavyks kartu \u012fveikti neteisyb\u0119 ir atskleisti ties\u0105?\",\"breadcrumb\":{\"@id\":\"https:\/\/skaitytaknyga.lt\/produktas\/annie-m-g-schmidt-minuse-2\/#breadcrumb\"},\"inLanguage\":\"en-GB\",\"potentialAction\":[{\"@type\":\"ReadAction\",\"target\":[\"https:\/\/skaitytaknyga.lt\/produktas\/annie-m-g-schmidt-minuse-2\/\"]}]},{\"@type\":\"ImageObject\",\"inLanguage\":\"en-GB\",\"@id\":\"https:\/\/skaitytaknyga.lt\/produktas\/annie-m-g-schmidt-minuse-2\/#primaryimage\",\"url\":\"https:\/\/skaitytaknyga.lt\/wp-content\/uploads\/2024\/04\/1465563585_9786094410833-minuse.jpg\",\"contentUrl\":\"https:\/\/skaitytaknyga.lt\/wp-content\/uploads\/2024\/04\/1465563585_9786094410833-minuse.jpg\",\"width\":290,\"height\":400},{\"@type\":\"BreadcrumbList\",\"@id\":\"https:\/\/skaitytaknyga.lt\/produktas\/annie-m-g-schmidt-minuse-2\/#breadcrumb\",\"itemListElement\":[{\"@type\":\"ListItem\",\"position\":1,\"name\":\"Home\",\"item\":\"https:\/\/skaitytaknyga.lt\/\"},{\"@type\":\"ListItem\",\"position\":2,\"name\":\"Parduotuv\u0117\",\"item\":\"https:\/\/skaitytaknyga.lt\/knygu-parduotuve\/\"},{\"@type\":\"ListItem\",\"position\":3,\"name\":\"Annie M. G. Schmidt \u201eMinus\u0117\u201c\"}]},{\"@type\":\"WebSite\",\"@id\":\"https:\/\/skaitytaknyga.lt\/#website\",\"url\":\"https:\/\/skaitytaknyga.lt\/\",\"name\":\"skaitytaknyga.lt\",\"description\":\"Skaitytaknyga.lt \u2013 tai ma\u017eas \u0161eimos verslas, kuris prasid\u0117jo nuo meil\u0117s knygoms ir siekio i\u0161gelb\u0117ti knygas nuo likimo prie konteinerio. Kas vienam nereikalingas daiktas \u2013 kitam lobis, o mes esame tarpininkai, kurie padeda abiems tapti laimingesniems ???? \u017dinome kaip nelengva i\u0161gyventi ma\u017eiems verslams, tad nuo \u0161iol, \u010dia rasite ir kit\u0173, ma\u017e\u0173 \u0161eim\u0173 versl\u0173, rank\u0173 darbo, dovan\u0173 sau ir artimiesiems.\",\"publisher\":{\"@id\":\"https:\/\/skaitytaknyga.lt\/#organization\"},\"potentialAction\":[{\"@type\":\"SearchAction\",\"target\":{\"@type\":\"EntryPoint\",\"urlTemplate\":\"https:\/\/skaitytaknyga.lt\/?s={search_term_string}\"},\"query-input\":{\"@type\":\"PropertyValueSpecification\",\"valueRequired\":true,\"valueName\":\"search_term_string\"}}],\"inLanguage\":\"en-GB\"},{\"@type\":\"Organization\",\"@id\":\"https:\/\/skaitytaknyga.lt\/#organization\",\"name\":\"skaitytaknyga.lt\",\"url\":\"https:\/\/skaitytaknyga.lt\/\",\"logo\":{\"@type\":\"ImageObject\",\"inLanguage\":\"en-GB\",\"@id\":\"https:\/\/skaitytaknyga.lt\/#\/schema\/logo\/image\/\",\"url\":\"https:\/\/skaitytaknyga.lt\/wp-content\/uploads\/2024\/05\/cropped-cropped-cropped-02_00843_jt3bggkj1j3HLc7SyY6rEUpg.jpeg\",\"contentUrl\":\"https:\/\/skaitytaknyga.lt\/wp-content\/uploads\/2024\/05\/cropped-cropped-cropped-02_00843_jt3bggkj1j3HLc7SyY6rEUpg.jpeg\",\"width\":1600,\"height\":1600,\"caption\":\"skaitytaknyga.lt\"},\"image\":{\"@id\":\"https:\/\/skaitytaknyga.lt\/#\/schema\/logo\/image\/\"},\"sameAs\":[\"https:\/\/www.facebook.com\/skaitytaknyga\/\"]}]}<\/script>\n<!-- \/ Yoast SEO plugin. -->","yoast_head_json":{"title":"Annie M. G. Schmidt \u201eMinus\u0117\u201c - Skaitytaknyga","description":"Ma\u017eame ramiame miestelyje ne taip paprasta aptikti sensacij\u0173. Ypa\u010d jei esi toks drovus ir kuklus kaip ponas Tib\u0117. Laimei, jaunajam laikra\u0161\u010dio \u017eurnalistui \u012f pagalb\u0105 ateina nepaprastoji Minus\u0117\u00a0\u2013 \u017eavi, be galo pana\u0161i \u012f kat\u0119 panel\u0117, kuri nukrenta tiesiog i\u0161... med\u017eio vir\u0161\u016bn\u0117s!  Ji ne tik moka murkti bei vikriai laipioti stogais, bet dar ir gali laisvai \u0161nek\u0117ti ka\u010di\u0173 kalba. Greitai Minus\u0117 ir visas \u0161imtas Kilendorno ka\u010di\u0173 pradeda naujien\u0173 tarnybos darb\u0105, o ponas Tib\u0117 vos sp\u0117ja spausdinti miestel\u012f stulbinan\u010dius straipsnius. \u016asuotosios pad\u0117j\u0117jos i\u0161\u0161niuk\u0161tin\u0117ja net slap\u010diausias \u017einias. Ta\u010diau Kilendorne dedasi ne tik geri ir gra\u017e\u016bs dalykai... Draug\u0173 laukia nauji i\u0161m\u0117ginimai: ar jiems pavyks kartu \u012fveikti neteisyb\u0119 ir atskleisti ties\u0105?","robots":{"index":"index","follow":"follow","max-snippet":"max-snippet:-1","max-image-preview":"max-image-preview:large","max-video-preview":"max-video-preview:-1"},"canonical":"https:\/\/skaitytaknyga.lt\/en\/produktas\/annie-m-g-schmidt-minuse-2\/","og_locale":"en_GB","og_type":"article","og_title":"Annie M. G. Schmidt \u201eMinus\u0117\u201c - Skaitytaknyga","og_description":"Ma\u017eame ramiame miestelyje ne taip paprasta aptikti sensacij\u0173. Ypa\u010d jei esi toks drovus ir kuklus kaip ponas Tib\u0117. Laimei, jaunajam laikra\u0161\u010dio \u017eurnalistui \u012f pagalb\u0105 ateina nepaprastoji Minus\u0117\u00a0\u2013 \u017eavi, be galo pana\u0161i \u012f kat\u0119 panel\u0117, kuri nukrenta tiesiog i\u0161... med\u017eio vir\u0161\u016bn\u0117s!  Ji ne tik moka murkti bei vikriai laipioti stogais, bet dar ir gali laisvai \u0161nek\u0117ti ka\u010di\u0173 kalba. Greitai Minus\u0117 ir visas \u0161imtas Kilendorno ka\u010di\u0173 pradeda naujien\u0173 tarnybos darb\u0105, o ponas Tib\u0117 vos sp\u0117ja spausdinti miestel\u012f stulbinan\u010dius straipsnius. \u016asuotosios pad\u0117j\u0117jos i\u0161\u0161niuk\u0161tin\u0117ja net slap\u010diausias \u017einias. Ta\u010diau Kilendorne dedasi ne tik geri ir gra\u017e\u016bs dalykai... Draug\u0173 laukia nauji i\u0161m\u0117ginimai: ar jiems pavyks kartu \u012fveikti neteisyb\u0119 ir atskleisti ties\u0105?","og_url":"https:\/\/skaitytaknyga.lt\/en\/produktas\/annie-m-g-schmidt-minuse-2\/","og_site_name":"Skaitytaknyga","article_publisher":"https:\/\/www.facebook.com\/skaitytaknyga\/","article_modified_time":"2024-05-04T14:48:19+00:00","og_image":[{"width":290,"height":400,"url":"https:\/\/skaitytaknyga.lt\/wp-content\/uploads\/2024\/04\/1465563585_9786094410833-minuse.jpg","type":"image\/jpeg"}],"twitter_card":"summary_large_image","twitter_misc":{"Estimated reading time":"1 minute"},"schema":{"@context":"https:\/\/schema.org","@graph":[{"@type":"WebPage","@id":"https:\/\/skaitytaknyga.lt\/produktas\/annie-m-g-schmidt-minuse-2\/","url":"https:\/\/skaitytaknyga.lt\/produktas\/annie-m-g-schmidt-minuse-2\/","name":"Annie M. G. Schmidt \u201eMinus\u0117\u201c - Skaitytaknyga","isPartOf":{"@id":"https:\/\/skaitytaknyga.lt\/#website"},"primaryImageOfPage":{"@id":"https:\/\/skaitytaknyga.lt\/produktas\/annie-m-g-schmidt-minuse-2\/#primaryimage"},"image":{"@id":"https:\/\/skaitytaknyga.lt\/produktas\/annie-m-g-schmidt-minuse-2\/#primaryimage"},"thumbnailUrl":"https:\/\/skaitytaknyga.lt\/wp-content\/uploads\/2024\/04\/1465563585_9786094410833-minuse.jpg","datePublished":"2024-05-04T14:48:09+00:00","dateModified":"2024-05-04T14:48:19+00:00","description":"Ma\u017eame ramiame miestelyje ne taip paprasta aptikti sensacij\u0173. Ypa\u010d jei esi toks drovus ir kuklus kaip ponas Tib\u0117. Laimei, jaunajam laikra\u0161\u010dio \u017eurnalistui \u012f pagalb\u0105 ateina nepaprastoji Minus\u0117\u00a0\u2013 \u017eavi, be galo pana\u0161i \u012f kat\u0119 panel\u0117, kuri nukrenta tiesiog i\u0161... med\u017eio vir\u0161\u016bn\u0117s! Ji ne tik moka murkti bei vikriai laipioti stogais, bet dar ir gali laisvai \u0161nek\u0117ti ka\u010di\u0173 kalba. Greitai Minus\u0117 ir visas \u0161imtas Kilendorno ka\u010di\u0173 pradeda naujien\u0173 tarnybos darb\u0105, o ponas Tib\u0117 vos sp\u0117ja spausdinti miestel\u012f stulbinan\u010dius straipsnius. \u016asuotosios pad\u0117j\u0117jos i\u0161\u0161niuk\u0161tin\u0117ja net slap\u010diausias \u017einias. Ta\u010diau Kilendorne dedasi ne tik geri ir gra\u017e\u016bs dalykai... Draug\u0173 laukia nauji i\u0161m\u0117ginimai: ar jiems pavyks kartu \u012fveikti neteisyb\u0119 ir atskleisti ties\u0105?","breadcrumb":{"@id":"https:\/\/skaitytaknyga.lt\/produktas\/annie-m-g-schmidt-minuse-2\/#breadcrumb"},"inLanguage":"en-GB","potentialAction":[{"@type":"ReadAction","target":["https:\/\/skaitytaknyga.lt\/produktas\/annie-m-g-schmidt-minuse-2\/"]}]},{"@type":"ImageObject","inLanguage":"en-GB","@id":"https:\/\/skaitytaknyga.lt\/produktas\/annie-m-g-schmidt-minuse-2\/#primaryimage","url":"https:\/\/skaitytaknyga.lt\/wp-content\/uploads\/2024\/04\/1465563585_9786094410833-minuse.jpg","contentUrl":"https:\/\/skaitytaknyga.lt\/wp-content\/uploads\/2024\/04\/1465563585_9786094410833-minuse.jpg","width":290,"height":400},{"@type":"BreadcrumbList","@id":"https:\/\/skaitytaknyga.lt\/produktas\/annie-m-g-schmidt-minuse-2\/#breadcrumb","itemListElement":[{"@type":"ListItem","position":1,"name":"Home","item":"https:\/\/skaitytaknyga.lt\/"},{"@type":"ListItem","position":2,"name":"Parduotuv\u0117","item":"https:\/\/skaitytaknyga.lt\/knygu-parduotuve\/"},{"@type":"ListItem","position":3,"name":"Annie M. G. Schmidt \u201eMinus\u0117\u201c"}]},{"@type":"WebSite","@id":"https:\/\/skaitytaknyga.lt\/#website","url":"https:\/\/skaitytaknyga.lt\/","name":"skaitytaknyga.lt","description":"Skaitytaknyga.lt \u2013 tai ma\u017eas \u0161eimos verslas, kuris prasid\u0117jo nuo meil\u0117s knygoms ir siekio i\u0161gelb\u0117ti knygas nuo likimo prie konteinerio. Kas vienam nereikalingas daiktas \u2013 kitam lobis, o mes esame tarpininkai, kurie padeda abiems tapti laimingesniems ???? \u017dinome kaip nelengva i\u0161gyventi ma\u017eiems verslams, tad nuo \u0161iol, \u010dia rasite ir kit\u0173, ma\u017e\u0173 \u0161eim\u0173 versl\u0173, rank\u0173 darbo, dovan\u0173 sau ir artimiesiems.","publisher":{"@id":"https:\/\/skaitytaknyga.lt\/#organization"},"potentialAction":[{"@type":"SearchAction","target":{"@type":"EntryPoint","urlTemplate":"https:\/\/skaitytaknyga.lt\/?s={search_term_string}"},"query-input":{"@type":"PropertyValueSpecification","valueRequired":true,"valueName":"search_term_string"}}],"inLanguage":"en-GB"},{"@type":"Organization","@id":"https:\/\/skaitytaknyga.lt\/#organization","name":"skaitytaknyga.lt","url":"https:\/\/skaitytaknyga.lt\/","logo":{"@type":"ImageObject","inLanguage":"en-GB","@id":"https:\/\/skaitytaknyga.lt\/#\/schema\/logo\/image\/","url":"https:\/\/skaitytaknyga.lt\/wp-content\/uploads\/2024\/05\/cropped-cropped-cropped-02_00843_jt3bggkj1j3HLc7SyY6rEUpg.jpeg","contentUrl":"https:\/\/skaitytaknyga.lt\/wp-content\/uploads\/2024\/05\/cropped-cropped-cropped-02_00843_jt3bggkj1j3HLc7SyY6rEUpg.jpeg","width":1600,"height":1600,"caption":"skaitytaknyga.lt"},"image":{"@id":"https:\/\/skaitytaknyga.lt\/#\/schema\/logo\/image\/"},"sameAs":["https:\/\/www.facebook.com\/skaitytaknyga\/"]}]}},"_links":{"self":[{"href":"https:\/\/skaitytaknyga.lt\/en\/wp-json\/wp\/v2\/product\/8584","targetHints":{"allow":["GET"]}}],"collection":[{"href":"https:\/\/skaitytaknyga.lt\/en\/wp-json\/wp\/v2\/product"}],"about":[{"href":"https:\/\/skaitytaknyga.lt\/en\/wp-json\/wp\/v2\/types\/product"}],"replies":[{"embeddable":true,"href":"https:\/\/skaitytaknyga.lt\/en\/wp-json\/wp\/v2\/comments?post=8584"}],"wp:featuredmedia":[{"embeddable":true,"href":"https:\/\/skaitytaknyga.lt\/en\/wp-json\/wp\/v2\/media\/4834"}],"wp:attachment":[{"href":"https:\/\/skaitytaknyga.lt\/en\/wp-json\/wp\/v2\/media?parent=8584"}],"wp:term":[{"taxonomy":"product_brand","embeddable":true,"href":"https:\/\/skaitytaknyga.lt\/en\/wp-json\/wp\/v2\/product_brand?post=8584"},{"taxonomy":"product_cat","embeddable":true,"href":"https:\/\/skaitytaknyga.lt\/en\/wp-json\/wp\/v2\/product_cat?post=8584"},{"taxonomy":"product_tag","embeddable":true,"href":"https:\/\/skaitytaknyga.lt\/en\/wp-json\/wp\/v2\/product_tag?post=8584"}],"curies":[{"name":"wp","href":"https:\/\/api.w.org\/{rel}","templated":true}]}}