{"id":8581,"date":"2024-05-04T14:47:49","date_gmt":"2024-05-04T14:47:49","guid":{"rendered":"https:\/\/skaitytaknyga.lt\/?post_type=product&#038;p=8581"},"modified":"2026-01-28T17:43:43","modified_gmt":"2026-01-28T15:43:43","slug":"ruth-fitzgerald-emile-sparks-ir-ne-itin-nusisekusi-draugyste-2","status":"publish","type":"product","link":"https:\/\/skaitytaknyga.lt\/en\/produktas\/ruth-fitzgerald-emile-sparks-ir-ne-itin-nusisekusi-draugyste-2\/","title":{"rendered":"Ruth Fitzgerald \u201eEmil\u0117 Sparks ir ne itin nusisekusi draugyst\u0117\u201c"},"content":{"rendered":"<p>Kai geriausia draug\u0117 i\u0161sikrausto \u012f Vels\u0105, o t\u0117vai nusprend\u017eia tur\u0117ti antr\u0105 vaikel\u012f, atrodo, kad Emil\u0117s Sparks gyvenime jau tikrai gana nelaimi\u0173. Ta\u010diau b\u0117da viena nevaik\u0161to\u00a0\u2013 Emilei teks \u012f klas\u0117s i\u0161vyk\u0105 va\u017eiuoti kartu su \u0161lyk\u0161\u010diausiu pasaulyje berniuku bjaurybe Gevinu. Emil\u0117 pasiry\u017eta jo atsikratyti ir susidraugauti su \u017eavinga naujoke Chloja.<\/p>\n<p>Deja, susidraugauti su Chloja ne taip paprasta, kaip mano Emil\u0117. Laukia tikra painiava&#8230;<\/p>\n<p>Originalus pavadinimas: Emily Sparkes and the Friendship Fiasco<br \/>\nAutorius: Ruth Fitzgerald<br \/>\nLeid\u0117jas: Alma littera<br \/>\nMetai: 2016<br \/>\nPuslapiai: 320<br \/>\nISBN: 9786090124154<br \/>\nVersijos kodas: PT.<br \/>\nFormatas: 19,8 x 12,5 x 2,7, kieti vir\u0161eliai<br \/>\nKalba: Lietuvi\u0173<br \/>\nVert\u0117jas: El\u017ebieta Kmitait\u0117-Kiziel\u0117<\/p>\n","protected":false},"excerpt":{"rendered":"<p>Kai geriausia draug\u0117 i\u0161sikrausto \u012f Vels\u0105, o t\u0117vai nusprend\u017eia tur\u0117ti antr\u0105 vaikel\u012f, atrodo, kad Emil\u0117s Sparks gyvenime jau tikrai gana nelaimi\u0173. Ta\u010diau b\u0117da viena nevaik\u0161to\u00a0\u2013 Emilei teks \u012f klas\u0117s i\u0161vyk\u0105 va\u017eiuoti kartu su \u0161lyk\u0161\u010diausiu pasaulyje berniuku bjaurybe Gevinu. Emil\u0117 pasiry\u017eta jo atsikratyti ir susidraugauti su \u017eavinga naujoke Chloja. Deja, susidraugauti su Chloja ne taip paprasta, kaip mano Emil\u0117. Laukia tikra painiava&#8230; Originalus pavadinimas: Emily Sparkes and the Friendship Fiasco Autorius: Ruth Fitzgerald Leid\u0117jas: Alma littera Metai: 2016 Puslapiai: 320 ISBN: 9786090124154 Versijos kodas: PT. Formatas: 19,8 x 12,5 x 2,7, kieti vir\u0161eliai Kalba: Lietuvi\u0173 Vert\u0117jas: El\u017ebieta Kmitait\u0117-Kiziel\u0117<\/p>\n","protected":false},"featured_media":0,"comment_status":"closed","ping_status":"closed","template":"","meta":{"_acf_changed":false,"site-sidebar-layout":"default","site-content-layout":"","ast-site-content-layout":"default","site-content-style":"default","site-sidebar-style":"default","ast-global-header-display":"","ast-banner-title-visibility":"","ast-main-header-display":"","ast-hfb-above-header-display":"","ast-hfb-below-header-display":"","ast-hfb-mobile-header-display":"","site-post-title":"","ast-breadcrumbs-content":"","ast-featured-img":"","footer-sml-layout":"","ast-disable-related-posts":"","theme-transparent-header-meta":"default","adv-header-id-meta":"","stick-header-meta":"","header-above-stick-meta":"","header-main-stick-meta":"","header-below-stick-meta":"","astra-migrate-meta-layouts":"set","ast-page-background-enabled":"default","ast-page-background-meta":{"desktop":{"background-color":"","background-image":"","background-repeat":"repeat","background-position":"center center","background-size":"auto","background-attachment":"scroll","background-type":"","background-media":"","overlay-type":"","overlay-color":"","overlay-opacity":"","overlay-gradient":""},"tablet":{"background-color":"","background-image":"","background-repeat":"repeat","background-position":"center center","background-size":"auto","background-attachment":"scroll","background-type":"","background-media":"","overlay-type":"","overlay-color":"","overlay-opacity":"","overlay-gradient":""},"mobile":{"background-color":"","background-image":"","background-repeat":"repeat","background-position":"center center","background-size":"auto","background-attachment":"scroll","background-type":"","background-media":"","overlay-type":"","overlay-color":"","overlay-opacity":"","overlay-gradient":""}},"ast-content-background-meta":{"desktop":{"background-color":"var(--ast-global-color-4)","background-image":"","background-repeat":"repeat","background-position":"center center","background-size":"auto","background-attachment":"scroll","background-type":"","background-media":"","overlay-type":"","overlay-color":"","overlay-opacity":"","overlay-gradient":""},"tablet":{"background-color":"var(--ast-global-color-4)","background-image":"","background-repeat":"repeat","background-position":"center center","background-size":"auto","background-attachment":"scroll","background-type":"","background-media":"","overlay-type":"","overlay-color":"","overlay-opacity":"","overlay-gradient":""},"mobile":{"background-color":"var(--ast-global-color-4)","background-image":"","background-repeat":"repeat","background-position":"center center","background-size":"auto","background-attachment":"scroll","background-type":"","background-media":"","overlay-type":"","overlay-color":"","overlay-opacity":"","overlay-gradient":""}}},"product_brand":[],"product_cat":[35],"product_tag":[],"class_list":{"0":"post-8581","1":"product","2":"type-product","3":"status-publish","5":"product_cat-vaikams-ir-paaugliams","6":"pa_leidimo-metai-626","7":"desktop-align-left","8":"tablet-align-left","9":"mobile-align-left","11":"first","12":"instock","13":"shipping-taxable","14":"purchasable","15":"product-type-simple"},"acf":[],"yoast_head":"<!-- This site is optimized with the Yoast SEO plugin v27.0 - https:\/\/yoast.com\/product\/yoast-seo-wordpress\/ -->\n<title>Ruth Fitzgerald \u201eEmil\u0117 Sparks ir ne itin nusisekusi draugyst\u0117\u201c<\/title>\n<meta name=\"description\" content=\"Kai geriausia draug\u0117 i\u0161sikrausto \u012f Vels\u0105, o t\u0117vai nusprend\u017eia tur\u0117ti antr\u0105 vaikel\u012f, atrodo, kad Emil\u0117s Sparks gyvenime jau tikrai gana nelaimi\u0173. Ta\u010diau\" \/>\n<meta name=\"robots\" content=\"index, follow, max-snippet:-1, max-image-preview:large, max-video-preview:-1\" \/>\n<link rel=\"canonical\" href=\"https:\/\/skaitytaknyga.lt\/en\/produktas\/ruth-fitzgerald-emile-sparks-ir-ne-itin-nusisekusi-draugyste-2\/\" \/>\n<meta property=\"og:locale\" content=\"en_GB\" \/>\n<meta property=\"og:locale:alternate\" content=\"lt_LT\" \/>\n<meta property=\"og:type\" content=\"article\" \/>\n<meta property=\"og:title\" content=\"Ruth Fitzgerald \u201eEmil\u0117 Sparks ir ne itin nusisekusi draugyst\u0117\u201c\" \/>\n<meta property=\"og:description\" content=\"Kai geriausia draug\u0117 i\u0161sikrausto \u012f Vels\u0105, o t\u0117vai nusprend\u017eia tur\u0117ti antr\u0105 vaikel\u012f, atrodo, kad Emil\u0117s Sparks gyvenime jau tikrai gana nelaimi\u0173. Ta\u010diau\" \/>\n<meta property=\"og:url\" content=\"https:\/\/skaitytaknyga.lt\/en\/produktas\/ruth-fitzgerald-emile-sparks-ir-ne-itin-nusisekusi-draugyste-2\/\" \/>\n<meta property=\"og:site_name\" content=\"Skaitytaknyga\" \/>\n<meta property=\"article:publisher\" content=\"https:\/\/www.facebook.com\/skaitytaknyga\/\" \/>\n<meta property=\"article:modified_time\" content=\"2026-01-28T15:43:43+00:00\" \/>\n<meta property=\"og:image\" content=\"https:\/\/skaitytaknyga.lt\/wp-content\/uploads\/2024\/07\/skaitytaknyga.png\" \/>\n\t<meta property=\"og:image:width\" content=\"747\" \/>\n\t<meta property=\"og:image:height\" content=\"496\" \/>\n\t<meta property=\"og:image:type\" content=\"image\/png\" \/>\n<meta name=\"twitter:card\" content=\"summary_large_image\" \/>\n<meta name=\"twitter:label1\" content=\"Estimated reading time\" \/>\n\t<meta name=\"twitter:data1\" content=\"1 minute\" \/>\n<script type=\"application\/ld+json\" class=\"yoast-schema-graph\">{\"@context\":\"https:\/\/schema.org\",\"@graph\":[{\"@type\":\"WebPage\",\"@id\":\"https:\/\/skaitytaknyga.lt\/produktas\/ruth-fitzgerald-emile-sparks-ir-ne-itin-nusisekusi-draugyste-2\/\",\"url\":\"https:\/\/skaitytaknyga.lt\/produktas\/ruth-fitzgerald-emile-sparks-ir-ne-itin-nusisekusi-draugyste-2\/\",\"name\":\"Ruth Fitzgerald \u201eEmil\u0117 Sparks ir ne itin nusisekusi draugyst\u0117\u201c\",\"isPartOf\":{\"@id\":\"https:\/\/skaitytaknyga.lt\/#website\"},\"datePublished\":\"2024-05-04T14:47:49+00:00\",\"dateModified\":\"2026-01-28T15:43:43+00:00\",\"description\":\"Kai geriausia draug\u0117 i\u0161sikrausto \u012f Vels\u0105, o t\u0117vai nusprend\u017eia tur\u0117ti antr\u0105 vaikel\u012f, atrodo, kad Emil\u0117s Sparks gyvenime jau tikrai gana nelaimi\u0173. Ta\u010diau\",\"breadcrumb\":{\"@id\":\"https:\/\/skaitytaknyga.lt\/produktas\/ruth-fitzgerald-emile-sparks-ir-ne-itin-nusisekusi-draugyste-2\/#breadcrumb\"},\"inLanguage\":\"en-GB\",\"potentialAction\":[{\"@type\":\"ReadAction\",\"target\":[\"https:\/\/skaitytaknyga.lt\/produktas\/ruth-fitzgerald-emile-sparks-ir-ne-itin-nusisekusi-draugyste-2\/\"]}]},{\"@type\":\"BreadcrumbList\",\"@id\":\"https:\/\/skaitytaknyga.lt\/produktas\/ruth-fitzgerald-emile-sparks-ir-ne-itin-nusisekusi-draugyste-2\/#breadcrumb\",\"itemListElement\":[{\"@type\":\"ListItem\",\"position\":1,\"name\":\"Home\",\"item\":\"https:\/\/skaitytaknyga.lt\/\"},{\"@type\":\"ListItem\",\"position\":2,\"name\":\"Parduotuv\u0117\",\"item\":\"https:\/\/skaitytaknyga.lt\/knygu-parduotuve\/\"},{\"@type\":\"ListItem\",\"position\":3,\"name\":\"Ruth Fitzgerald \u201eEmil\u0117 Sparks ir ne itin nusisekusi draugyst\u0117\u201c\"}]},{\"@type\":\"WebSite\",\"@id\":\"https:\/\/skaitytaknyga.lt\/#website\",\"url\":\"https:\/\/skaitytaknyga.lt\/\",\"name\":\"skaitytaknyga.lt\",\"description\":\"Skaitytaknyga.lt \u2013 tai ma\u017eas \u0161eimos verslas, kuris prasid\u0117jo nuo meil\u0117s knygoms ir siekio i\u0161gelb\u0117ti knygas nuo likimo prie konteinerio. Kas vienam nereikalingas daiktas \u2013 kitam lobis, o mes esame tarpininkai, kurie padeda abiems tapti laimingesniems ???? \u017dinome kaip nelengva i\u0161gyventi ma\u017eiems verslams, tad nuo \u0161iol, \u010dia rasite ir kit\u0173, ma\u017e\u0173 \u0161eim\u0173 versl\u0173, rank\u0173 darbo, dovan\u0173 sau ir artimiesiems.\",\"publisher\":{\"@id\":\"https:\/\/skaitytaknyga.lt\/#organization\"},\"potentialAction\":[{\"@type\":\"SearchAction\",\"target\":{\"@type\":\"EntryPoint\",\"urlTemplate\":\"https:\/\/skaitytaknyga.lt\/?s={search_term_string}\"},\"query-input\":{\"@type\":\"PropertyValueSpecification\",\"valueRequired\":true,\"valueName\":\"search_term_string\"}}],\"inLanguage\":\"en-GB\"},{\"@type\":\"Organization\",\"@id\":\"https:\/\/skaitytaknyga.lt\/#organization\",\"name\":\"skaitytaknyga.lt\",\"url\":\"https:\/\/skaitytaknyga.lt\/\",\"logo\":{\"@type\":\"ImageObject\",\"inLanguage\":\"en-GB\",\"@id\":\"https:\/\/skaitytaknyga.lt\/#\/schema\/logo\/image\/\",\"url\":\"https:\/\/skaitytaknyga.lt\/wp-content\/uploads\/2024\/05\/cropped-cropped-cropped-02_00843_jt3bggkj1j3HLc7SyY6rEUpg.jpeg\",\"contentUrl\":\"https:\/\/skaitytaknyga.lt\/wp-content\/uploads\/2024\/05\/cropped-cropped-cropped-02_00843_jt3bggkj1j3HLc7SyY6rEUpg.jpeg\",\"width\":1600,\"height\":1600,\"caption\":\"skaitytaknyga.lt\"},\"image\":{\"@id\":\"https:\/\/skaitytaknyga.lt\/#\/schema\/logo\/image\/\"},\"sameAs\":[\"https:\/\/www.facebook.com\/skaitytaknyga\/\"]}]}<\/script>\n<!-- \/ Yoast SEO plugin. -->","yoast_head_json":{"title":"Ruth Fitzgerald \u201eEmil\u0117 Sparks ir ne itin nusisekusi draugyst\u0117\u201c","description":"Kai geriausia draug\u0117 i\u0161sikrausto \u012f Vels\u0105, o t\u0117vai nusprend\u017eia tur\u0117ti antr\u0105 vaikel\u012f, atrodo, kad Emil\u0117s Sparks gyvenime jau tikrai gana nelaimi\u0173. Ta\u010diau","robots":{"index":"index","follow":"follow","max-snippet":"max-snippet:-1","max-image-preview":"max-image-preview:large","max-video-preview":"max-video-preview:-1"},"canonical":"https:\/\/skaitytaknyga.lt\/en\/produktas\/ruth-fitzgerald-emile-sparks-ir-ne-itin-nusisekusi-draugyste-2\/","og_locale":"en_GB","og_type":"article","og_title":"[:lt]Ruth Fitzgerald \u201eEmil\u0117 Sparks ir ne itin nusisekusi draugyst\u0117\u201c[:] - Skaitytaknyga","og_description":"Kai geriausia draug\u0117 i\u0161sikrausto \u012f Vels\u0105, o t\u0117vai nusprend\u017eia tur\u0117ti antr\u0105 vaikel\u012f, atrodo, kad Emil\u0117s Sparks gyvenime jau tikrai gana nelaimi\u0173. Ta\u010diau","og_url":"https:\/\/skaitytaknyga.lt\/en\/produktas\/ruth-fitzgerald-emile-sparks-ir-ne-itin-nusisekusi-draugyste-2\/","og_site_name":"Skaitytaknyga","article_publisher":"https:\/\/www.facebook.com\/skaitytaknyga\/","article_modified_time":"2026-01-28T15:43:43+00:00","og_image":[{"width":747,"height":496,"url":"https:\/\/skaitytaknyga.lt\/wp-content\/uploads\/2024\/07\/skaitytaknyga.png","type":"image\/png"}],"twitter_card":"summary_large_image","twitter_misc":{"Estimated reading time":"1 minute"},"schema":{"@context":"https:\/\/schema.org","@graph":[{"@type":"WebPage","@id":"https:\/\/skaitytaknyga.lt\/produktas\/ruth-fitzgerald-emile-sparks-ir-ne-itin-nusisekusi-draugyste-2\/","url":"https:\/\/skaitytaknyga.lt\/produktas\/ruth-fitzgerald-emile-sparks-ir-ne-itin-nusisekusi-draugyste-2\/","name":"Ruth Fitzgerald \u201eEmil\u0117 Sparks ir ne itin nusisekusi draugyst\u0117\u201c","isPartOf":{"@id":"https:\/\/skaitytaknyga.lt\/#website"},"datePublished":"2024-05-04T14:47:49+00:00","dateModified":"2026-01-28T15:43:43+00:00","description":"Kai geriausia draug\u0117 i\u0161sikrausto \u012f Vels\u0105, o t\u0117vai nusprend\u017eia tur\u0117ti antr\u0105 vaikel\u012f, atrodo, kad Emil\u0117s Sparks gyvenime jau tikrai gana nelaimi\u0173. Ta\u010diau","breadcrumb":{"@id":"https:\/\/skaitytaknyga.lt\/produktas\/ruth-fitzgerald-emile-sparks-ir-ne-itin-nusisekusi-draugyste-2\/#breadcrumb"},"inLanguage":"en-GB","potentialAction":[{"@type":"ReadAction","target":["https:\/\/skaitytaknyga.lt\/produktas\/ruth-fitzgerald-emile-sparks-ir-ne-itin-nusisekusi-draugyste-2\/"]}]},{"@type":"BreadcrumbList","@id":"https:\/\/skaitytaknyga.lt\/produktas\/ruth-fitzgerald-emile-sparks-ir-ne-itin-nusisekusi-draugyste-2\/#breadcrumb","itemListElement":[{"@type":"ListItem","position":1,"name":"Home","item":"https:\/\/skaitytaknyga.lt\/"},{"@type":"ListItem","position":2,"name":"Parduotuv\u0117","item":"https:\/\/skaitytaknyga.lt\/knygu-parduotuve\/"},{"@type":"ListItem","position":3,"name":"Ruth Fitzgerald \u201eEmil\u0117 Sparks ir ne itin nusisekusi draugyst\u0117\u201c"}]},{"@type":"WebSite","@id":"https:\/\/skaitytaknyga.lt\/#website","url":"https:\/\/skaitytaknyga.lt\/","name":"skaitytaknyga.lt","description":"Skaitytaknyga.lt \u2013 tai ma\u017eas \u0161eimos verslas, kuris prasid\u0117jo nuo meil\u0117s knygoms ir siekio i\u0161gelb\u0117ti knygas nuo likimo prie konteinerio. Kas vienam nereikalingas daiktas \u2013 kitam lobis, o mes esame tarpininkai, kurie padeda abiems tapti laimingesniems ???? \u017dinome kaip nelengva i\u0161gyventi ma\u017eiems verslams, tad nuo \u0161iol, \u010dia rasite ir kit\u0173, ma\u017e\u0173 \u0161eim\u0173 versl\u0173, rank\u0173 darbo, dovan\u0173 sau ir artimiesiems.","publisher":{"@id":"https:\/\/skaitytaknyga.lt\/#organization"},"potentialAction":[{"@type":"SearchAction","target":{"@type":"EntryPoint","urlTemplate":"https:\/\/skaitytaknyga.lt\/?s={search_term_string}"},"query-input":{"@type":"PropertyValueSpecification","valueRequired":true,"valueName":"search_term_string"}}],"inLanguage":"en-GB"},{"@type":"Organization","@id":"https:\/\/skaitytaknyga.lt\/#organization","name":"skaitytaknyga.lt","url":"https:\/\/skaitytaknyga.lt\/","logo":{"@type":"ImageObject","inLanguage":"en-GB","@id":"https:\/\/skaitytaknyga.lt\/#\/schema\/logo\/image\/","url":"https:\/\/skaitytaknyga.lt\/wp-content\/uploads\/2024\/05\/cropped-cropped-cropped-02_00843_jt3bggkj1j3HLc7SyY6rEUpg.jpeg","contentUrl":"https:\/\/skaitytaknyga.lt\/wp-content\/uploads\/2024\/05\/cropped-cropped-cropped-02_00843_jt3bggkj1j3HLc7SyY6rEUpg.jpeg","width":1600,"height":1600,"caption":"skaitytaknyga.lt"},"image":{"@id":"https:\/\/skaitytaknyga.lt\/#\/schema\/logo\/image\/"},"sameAs":["https:\/\/www.facebook.com\/skaitytaknyga\/"]}]}},"_links":{"self":[{"href":"https:\/\/skaitytaknyga.lt\/en\/wp-json\/wp\/v2\/product\/8581","targetHints":{"allow":["GET"]}}],"collection":[{"href":"https:\/\/skaitytaknyga.lt\/en\/wp-json\/wp\/v2\/product"}],"about":[{"href":"https:\/\/skaitytaknyga.lt\/en\/wp-json\/wp\/v2\/types\/product"}],"replies":[{"embeddable":true,"href":"https:\/\/skaitytaknyga.lt\/en\/wp-json\/wp\/v2\/comments?post=8581"}],"wp:attachment":[{"href":"https:\/\/skaitytaknyga.lt\/en\/wp-json\/wp\/v2\/media?parent=8581"}],"wp:term":[{"taxonomy":"product_brand","embeddable":true,"href":"https:\/\/skaitytaknyga.lt\/en\/wp-json\/wp\/v2\/product_brand?post=8581"},{"taxonomy":"product_cat","embeddable":true,"href":"https:\/\/skaitytaknyga.lt\/en\/wp-json\/wp\/v2\/product_cat?post=8581"},{"taxonomy":"product_tag","embeddable":true,"href":"https:\/\/skaitytaknyga.lt\/en\/wp-json\/wp\/v2\/product_tag?post=8581"}],"curies":[{"name":"wp","href":"https:\/\/api.w.org\/{rel}","templated":true}]}}