{"id":8580,"date":"2024-05-04T17:47:49","date_gmt":"2024-05-04T14:47:49","guid":{"rendered":"https:\/\/skaitytaknyga.lt\/?post_type=product&#038;p=8580"},"modified":"2025-06-26T15:52:35","modified_gmt":"2025-06-26T12:52:35","slug":"zmogaus-anatomijos-fiziologijos-ir-higienos-uzduotys","status":"publish","type":"product","link":"https:\/\/skaitytaknyga.lt\/en\/produktas\/zmogaus-anatomijos-fiziologijos-ir-higienos-uzduotys\/","title":{"rendered":"\u017dmogaus anatomijos, fiziologijos ir higienos u\u017eduotys"},"content":{"rendered":"<p>Leidinyje pateikiamos nevienodo sunkumo u\u017eduotys. Vienos j\u0173 atitinka vidurin\u0117s mokyklos program\u0105, kitos &#8211; ne. Pastarosios skirtos mokiniams, kurie domisi biologija, rengiasi jaun\u0173j\u0173 biolog\u0173 olimpiadoms, lanko \u0161ios disciplinos fakultatyv\u0173 ir b\u016breli\u0173 u\u017esi\u0117mimus.<\/p>\n","protected":false},"excerpt":{"rendered":"<p>Pasiruo\u0161k susipa\u017einti su Zoja.<br \/>\nZojos gyvenimas tikrai nesaldus. Ir \u0161tai kod\u0117l:<br \/>\nJos mama mirusi, o pamot\u0117 \u0160ila \u2013 tokia tingin\u0117, kad nesugeba pati net nosies nusi\u0161nirp\u0161ti.<br \/>\nMokykloje jai gyventi neduoda bjaurioji Tina Trots. Ji gerokai vyresn\u0117, tod\u0117l gali ramiai spjaudyti Zojai ant galvos.<br \/>\nVienintelis jos draugas ir paguoda \u2013 \u017eiurk\u0117nas. Ta\u010diau neilgam\u2026<br \/>\nO blogiausia, kad j\u0105 persekioja bjaurusis Bartas su savo furgon\u0117liu. Jis med\u017eioja \u017eiurkes. Nesakysime, kam. Bet tikriausiai jau numanai, K\u0104 jis i\u0161 j\u0173 daro?<br \/>\nTai \u0161tai \u2013 kai atrodo, kad blogiau b\u016bti jau nebegali, Zoja stoja \u012f kov\u0105. Pasirodo, ji tikra dr\u0105suol\u0117. Ir d\u0117l savo \u017eiurk\u0117no padaryt\u0173 visk\u0105.<br \/>\n\u201c\u017diurkainis\u201d \u2013 \u012fkvepianti dr\u0105sos, li\u016bdna ir\u2026 labai juokinga istorija.<\/p>\n","protected":false},"featured_media":16733,"comment_status":"closed","ping_status":"closed","template":"","meta":{"_acf_changed":false,"site-sidebar-layout":"default","site-content-layout":"","ast-site-content-layout":"default","site-content-style":"default","site-sidebar-style":"default","ast-global-header-display":"","ast-banner-title-visibility":"","ast-main-header-display":"","ast-hfb-above-header-display":"","ast-hfb-below-header-display":"","ast-hfb-mobile-header-display":"","site-post-title":"","ast-breadcrumbs-content":"","ast-featured-img":"","footer-sml-layout":"","ast-disable-related-posts":"","theme-transparent-header-meta":"","adv-header-id-meta":"","stick-header-meta":"","header-above-stick-meta":"","header-main-stick-meta":"","header-below-stick-meta":"","astra-migrate-meta-layouts":"default","ast-page-background-enabled":"default","ast-page-background-meta":{"desktop":{"background-color":"","background-image":"","background-repeat":"repeat","background-position":"center center","background-size":"auto","background-attachment":"scroll","background-type":"","background-media":"","overlay-type":"","overlay-color":"","overlay-opacity":"","overlay-gradient":""},"tablet":{"background-color":"","background-image":"","background-repeat":"repeat","background-position":"center center","background-size":"auto","background-attachment":"scroll","background-type":"","background-media":"","overlay-type":"","overlay-color":"","overlay-opacity":"","overlay-gradient":""},"mobile":{"background-color":"","background-image":"","background-repeat":"repeat","background-position":"center center","background-size":"auto","background-attachment":"scroll","background-type":"","background-media":"","overlay-type":"","overlay-color":"","overlay-opacity":"","overlay-gradient":""}},"ast-content-background-meta":{"desktop":{"background-color":"var(--ast-global-color-4)","background-image":"","background-repeat":"repeat","background-position":"center center","background-size":"auto","background-attachment":"scroll","background-type":"","background-media":"","overlay-type":"","overlay-color":"","overlay-opacity":"","overlay-gradient":""},"tablet":{"background-color":"var(--ast-global-color-4)","background-image":"","background-repeat":"repeat","background-position":"center center","background-size":"auto","background-attachment":"scroll","background-type":"","background-media":"","overlay-type":"","overlay-color":"","overlay-opacity":"","overlay-gradient":""},"mobile":{"background-color":"var(--ast-global-color-4)","background-image":"","background-repeat":"repeat","background-position":"center center","background-size":"auto","background-attachment":"scroll","background-type":"","background-media":"","overlay-type":"","overlay-color":"","overlay-opacity":"","overlay-gradient":""}}},"product_brand":[],"product_cat":[35],"product_tag":[5598,5876,4343,5877],"class_list":{"0":"post-8580","1":"product","2":"type-product","3":"status-publish","4":"has-post-thumbnail","6":"product_cat-vaikams-ir-paaugliams","7":"product_tag-biologija","8":"product_tag-mokyklai","9":"product_tag-pazintine-literatura","10":"product_tag-uzduotys","11":"desktop-align-left","12":"tablet-align-left","13":"mobile-align-left","15":"first","16":"instock","17":"shipping-taxable","18":"purchasable","19":"product-type-simple"},"acf":[],"yoast_head":"<!-- This site is optimized with the Yoast SEO plugin v27.0 - https:\/\/yoast.com\/product\/yoast-seo-wordpress\/ -->\n<title>\u017dmogaus anatomijos, fiziologijos ir higienos u\u017eduotys<\/title>\n<meta name=\"description\" content=\"Pasiruo\u0161k susipa\u017einti su Zoja. Zojos gyvenimas tikrai nesaldus. Ir \u0161tai kod\u0117l: Jos mama mirusi, o pamot\u0117 \u0160ila \u2013 tokia tingin\u0117, kad nesugeba pati net nosies nusi\u0161nirp\u0161ti. Mokykloje jai gyventi neduoda bjaurioji Tina Trots. Ji gerokai vyresn\u0117, tod\u0117l gali ramiai spjaudyti Zojai ant galvos. Vienintelis jos draugas ir paguoda \u2013 \u017eiurk\u0117nas. Ta\u010diau neilgam\u2026 O blogiausia, kad j\u0105 persekioja bjaurusis Bartas su savo furgon\u0117liu. Jis med\u017eioja \u017eiurkes. Nesakysime, kam. Bet tikriausiai jau numanai, K\u0104 jis i\u0161 j\u0173 daro? Tai \u0161tai \u2013 kai atrodo, kad blogiau b\u016bti jau nebegali, Zoja stoja \u012f kov\u0105. Pasirodo, ji tikra dr\u0105suol\u0117. Ir d\u0117l savo \u017eiurk\u0117no padaryt\u0173 visk\u0105. \u201c\u017diurkainis\u201d \u2013 \u012fkvepianti dr\u0105sos, li\u016bdna ir\u2026 labai juokinga istorija.\" \/>\n<meta name=\"robots\" content=\"index, follow, max-snippet:-1, max-image-preview:large, max-video-preview:-1\" \/>\n<link rel=\"canonical\" href=\"https:\/\/skaitytaknyga.lt\/en\/produktas\/zmogaus-anatomijos-fiziologijos-ir-higienos-uzduotys\/\" \/>\n<meta property=\"og:locale\" content=\"en_GB\" \/>\n<meta property=\"og:locale:alternate\" content=\"lt_LT\" \/>\n<meta property=\"og:type\" content=\"article\" \/>\n<meta property=\"og:title\" content=\"\u017dmogaus anatomijos, fiziologijos ir higienos u\u017eduotys\" \/>\n<meta property=\"og:description\" content=\"Pasiruo\u0161k susipa\u017einti su Zoja. Zojos gyvenimas tikrai nesaldus. Ir \u0161tai kod\u0117l: Jos mama mirusi, o pamot\u0117 \u0160ila \u2013 tokia tingin\u0117, kad nesugeba pati net nosies nusi\u0161nirp\u0161ti. Mokykloje jai gyventi neduoda bjaurioji Tina Trots. Ji gerokai vyresn\u0117, tod\u0117l gali ramiai spjaudyti Zojai ant galvos. Vienintelis jos draugas ir paguoda \u2013 \u017eiurk\u0117nas. Ta\u010diau neilgam\u2026 O blogiausia, kad j\u0105 persekioja bjaurusis Bartas su savo furgon\u0117liu. Jis med\u017eioja \u017eiurkes. Nesakysime, kam. Bet tikriausiai jau numanai, K\u0104 jis i\u0161 j\u0173 daro? Tai \u0161tai \u2013 kai atrodo, kad blogiau b\u016bti jau nebegali, Zoja stoja \u012f kov\u0105. Pasirodo, ji tikra dr\u0105suol\u0117. Ir d\u0117l savo \u017eiurk\u0117no padaryt\u0173 visk\u0105. \u201c\u017diurkainis\u201d \u2013 \u012fkvepianti dr\u0105sos, li\u016bdna ir\u2026 labai juokinga istorija.\" \/>\n<meta property=\"og:url\" content=\"https:\/\/skaitytaknyga.lt\/en\/produktas\/zmogaus-anatomijos-fiziologijos-ir-higienos-uzduotys\/\" \/>\n<meta property=\"og:site_name\" content=\"Skaitytaknyga\" \/>\n<meta property=\"article:publisher\" content=\"https:\/\/www.facebook.com\/skaitytaknyga\/\" \/>\n<meta property=\"article:modified_time\" content=\"2025-06-26T12:52:35+00:00\" \/>\n<meta property=\"og:image\" content=\"https:\/\/skaitytaknyga.lt\/wp-content\/uploads\/2025\/02\/e62c6224-e4a4-46cf-aa1e-138c7cdeee1a-69126-00001a1dd31998da_file-scaled.jpeg\" \/>\n\t<meta property=\"og:image:width\" content=\"1920\" \/>\n\t<meta property=\"og:image:height\" content=\"2560\" \/>\n\t<meta property=\"og:image:type\" content=\"image\/jpeg\" \/>\n<meta name=\"twitter:card\" content=\"summary_large_image\" \/>\n<script type=\"application\/ld+json\" class=\"yoast-schema-graph\">{\"@context\":\"https:\/\/schema.org\",\"@graph\":[{\"@type\":\"WebPage\",\"@id\":\"https:\/\/skaitytaknyga.lt\/produktas\/zmogaus-anatomijos-fiziologijos-ir-higienos-uzduotys\/\",\"url\":\"https:\/\/skaitytaknyga.lt\/produktas\/zmogaus-anatomijos-fiziologijos-ir-higienos-uzduotys\/\",\"name\":\"\u017dmogaus anatomijos, fiziologijos ir higienos u\u017eduotys\",\"isPartOf\":{\"@id\":\"https:\/\/skaitytaknyga.lt\/#website\"},\"primaryImageOfPage\":{\"@id\":\"https:\/\/skaitytaknyga.lt\/produktas\/zmogaus-anatomijos-fiziologijos-ir-higienos-uzduotys\/#primaryimage\"},\"image\":{\"@id\":\"https:\/\/skaitytaknyga.lt\/produktas\/zmogaus-anatomijos-fiziologijos-ir-higienos-uzduotys\/#primaryimage\"},\"thumbnailUrl\":\"https:\/\/skaitytaknyga.lt\/wp-content\/uploads\/2025\/02\/e62c6224-e4a4-46cf-aa1e-138c7cdeee1a-69126-00001a1dd31998da_file-scaled.jpeg\",\"datePublished\":\"2024-05-04T14:47:49+00:00\",\"dateModified\":\"2025-06-26T12:52:35+00:00\",\"description\":\"Pasiruo\u0161k susipa\u017einti su Zoja. Zojos gyvenimas tikrai nesaldus. Ir \u0161tai kod\u0117l: Jos mama mirusi, o pamot\u0117 \u0160ila \u2013 tokia tingin\u0117, kad nesugeba pati net nosies nusi\u0161nirp\u0161ti. Mokykloje jai gyventi neduoda bjaurioji Tina Trots. Ji gerokai vyresn\u0117, tod\u0117l gali ramiai spjaudyti Zojai ant galvos. Vienintelis jos draugas ir paguoda \u2013 \u017eiurk\u0117nas. Ta\u010diau neilgam\u2026 O blogiausia, kad j\u0105 persekioja bjaurusis Bartas su savo furgon\u0117liu. Jis med\u017eioja \u017eiurkes. Nesakysime, kam. Bet tikriausiai jau numanai, K\u0104 jis i\u0161 j\u0173 daro? Tai \u0161tai \u2013 kai atrodo, kad blogiau b\u016bti jau nebegali, Zoja stoja \u012f kov\u0105. Pasirodo, ji tikra dr\u0105suol\u0117. Ir d\u0117l savo \u017eiurk\u0117no padaryt\u0173 visk\u0105. \u201c\u017diurkainis\u201d \u2013 \u012fkvepianti dr\u0105sos, li\u016bdna ir\u2026 labai juokinga istorija.\",\"breadcrumb\":{\"@id\":\"https:\/\/skaitytaknyga.lt\/produktas\/zmogaus-anatomijos-fiziologijos-ir-higienos-uzduotys\/#breadcrumb\"},\"inLanguage\":\"en-GB\",\"potentialAction\":[{\"@type\":\"ReadAction\",\"target\":[\"https:\/\/skaitytaknyga.lt\/produktas\/zmogaus-anatomijos-fiziologijos-ir-higienos-uzduotys\/\"]}]},{\"@type\":\"ImageObject\",\"inLanguage\":\"en-GB\",\"@id\":\"https:\/\/skaitytaknyga.lt\/produktas\/zmogaus-anatomijos-fiziologijos-ir-higienos-uzduotys\/#primaryimage\",\"url\":\"https:\/\/skaitytaknyga.lt\/wp-content\/uploads\/2025\/02\/e62c6224-e4a4-46cf-aa1e-138c7cdeee1a-69126-00001a1dd31998da_file-scaled.jpeg\",\"contentUrl\":\"https:\/\/skaitytaknyga.lt\/wp-content\/uploads\/2025\/02\/e62c6224-e4a4-46cf-aa1e-138c7cdeee1a-69126-00001a1dd31998da_file-scaled.jpeg\",\"width\":1920,\"height\":2560},{\"@type\":\"BreadcrumbList\",\"@id\":\"https:\/\/skaitytaknyga.lt\/produktas\/zmogaus-anatomijos-fiziologijos-ir-higienos-uzduotys\/#breadcrumb\",\"itemListElement\":[{\"@type\":\"ListItem\",\"position\":1,\"name\":\"Home\",\"item\":\"https:\/\/skaitytaknyga.lt\/\"},{\"@type\":\"ListItem\",\"position\":2,\"name\":\"Parduotuv\u0117\",\"item\":\"https:\/\/skaitytaknyga.lt\/knygu-parduotuve\/\"},{\"@type\":\"ListItem\",\"position\":3,\"name\":\"\u017dmogaus anatomijos, fiziologijos ir higienos u\u017eduotys\"}]},{\"@type\":\"WebSite\",\"@id\":\"https:\/\/skaitytaknyga.lt\/#website\",\"url\":\"https:\/\/skaitytaknyga.lt\/\",\"name\":\"skaitytaknyga.lt\",\"description\":\"Skaitytaknyga.lt \u2013 tai ma\u017eas \u0161eimos verslas, kuris prasid\u0117jo nuo meil\u0117s knygoms ir siekio i\u0161gelb\u0117ti knygas nuo likimo prie konteinerio. Kas vienam nereikalingas daiktas \u2013 kitam lobis, o mes esame tarpininkai, kurie padeda abiems tapti laimingesniems ???? \u017dinome kaip nelengva i\u0161gyventi ma\u017eiems verslams, tad nuo \u0161iol, \u010dia rasite ir kit\u0173, ma\u017e\u0173 \u0161eim\u0173 versl\u0173, rank\u0173 darbo, dovan\u0173 sau ir artimiesiems.\",\"publisher\":{\"@id\":\"https:\/\/skaitytaknyga.lt\/#organization\"},\"potentialAction\":[{\"@type\":\"SearchAction\",\"target\":{\"@type\":\"EntryPoint\",\"urlTemplate\":\"https:\/\/skaitytaknyga.lt\/?s={search_term_string}\"},\"query-input\":{\"@type\":\"PropertyValueSpecification\",\"valueRequired\":true,\"valueName\":\"search_term_string\"}}],\"inLanguage\":\"en-GB\"},{\"@type\":\"Organization\",\"@id\":\"https:\/\/skaitytaknyga.lt\/#organization\",\"name\":\"skaitytaknyga.lt\",\"url\":\"https:\/\/skaitytaknyga.lt\/\",\"logo\":{\"@type\":\"ImageObject\",\"inLanguage\":\"en-GB\",\"@id\":\"https:\/\/skaitytaknyga.lt\/#\/schema\/logo\/image\/\",\"url\":\"https:\/\/skaitytaknyga.lt\/wp-content\/uploads\/2024\/05\/cropped-cropped-cropped-02_00843_jt3bggkj1j3HLc7SyY6rEUpg.jpeg\",\"contentUrl\":\"https:\/\/skaitytaknyga.lt\/wp-content\/uploads\/2024\/05\/cropped-cropped-cropped-02_00843_jt3bggkj1j3HLc7SyY6rEUpg.jpeg\",\"width\":1600,\"height\":1600,\"caption\":\"skaitytaknyga.lt\"},\"image\":{\"@id\":\"https:\/\/skaitytaknyga.lt\/#\/schema\/logo\/image\/\"},\"sameAs\":[\"https:\/\/www.facebook.com\/skaitytaknyga\/\"]}]}<\/script>\n<!-- \/ Yoast SEO plugin. -->","yoast_head_json":{"title":"\u017dmogaus anatomijos, fiziologijos ir higienos u\u017eduotys","description":"Pasiruo\u0161k susipa\u017einti su Zoja. Zojos gyvenimas tikrai nesaldus. Ir \u0161tai kod\u0117l: Jos mama mirusi, o pamot\u0117 \u0160ila \u2013 tokia tingin\u0117, kad nesugeba pati net nosies nusi\u0161nirp\u0161ti. Mokykloje jai gyventi neduoda bjaurioji Tina Trots. Ji gerokai vyresn\u0117, tod\u0117l gali ramiai spjaudyti Zojai ant galvos. Vienintelis jos draugas ir paguoda \u2013 \u017eiurk\u0117nas. Ta\u010diau neilgam\u2026 O blogiausia, kad j\u0105 persekioja bjaurusis Bartas su savo furgon\u0117liu. Jis med\u017eioja \u017eiurkes. Nesakysime, kam. Bet tikriausiai jau numanai, K\u0104 jis i\u0161 j\u0173 daro? Tai \u0161tai \u2013 kai atrodo, kad blogiau b\u016bti jau nebegali, Zoja stoja \u012f kov\u0105. Pasirodo, ji tikra dr\u0105suol\u0117. Ir d\u0117l savo \u017eiurk\u0117no padaryt\u0173 visk\u0105. \u201c\u017diurkainis\u201d \u2013 \u012fkvepianti dr\u0105sos, li\u016bdna ir\u2026 labai juokinga istorija.","robots":{"index":"index","follow":"follow","max-snippet":"max-snippet:-1","max-image-preview":"max-image-preview:large","max-video-preview":"max-video-preview:-1"},"canonical":"https:\/\/skaitytaknyga.lt\/en\/produktas\/zmogaus-anatomijos-fiziologijos-ir-higienos-uzduotys\/","og_locale":"en_GB","og_type":"article","og_title":"[:lt]\u017dmogaus anatomijos, fiziologijos ir higienos u\u017eduotys[:] - Skaitytaknyga","og_description":"Pasiruo\u0161k susipa\u017einti su Zoja. Zojos gyvenimas tikrai nesaldus. Ir \u0161tai kod\u0117l: Jos mama mirusi, o pamot\u0117 \u0160ila \u2013 tokia tingin\u0117, kad nesugeba pati net nosies nusi\u0161nirp\u0161ti. Mokykloje jai gyventi neduoda bjaurioji Tina Trots. Ji gerokai vyresn\u0117, tod\u0117l gali ramiai spjaudyti Zojai ant galvos. Vienintelis jos draugas ir paguoda \u2013 \u017eiurk\u0117nas. Ta\u010diau neilgam\u2026 O blogiausia, kad j\u0105 persekioja bjaurusis Bartas su savo furgon\u0117liu. Jis med\u017eioja \u017eiurkes. Nesakysime, kam. Bet tikriausiai jau numanai, K\u0104 jis i\u0161 j\u0173 daro? Tai \u0161tai \u2013 kai atrodo, kad blogiau b\u016bti jau nebegali, Zoja stoja \u012f kov\u0105. Pasirodo, ji tikra dr\u0105suol\u0117. Ir d\u0117l savo \u017eiurk\u0117no padaryt\u0173 visk\u0105. \u201c\u017diurkainis\u201d \u2013 \u012fkvepianti dr\u0105sos, li\u016bdna ir\u2026 labai juokinga istorija.","og_url":"https:\/\/skaitytaknyga.lt\/en\/produktas\/zmogaus-anatomijos-fiziologijos-ir-higienos-uzduotys\/","og_site_name":"Skaitytaknyga","article_publisher":"https:\/\/www.facebook.com\/skaitytaknyga\/","article_modified_time":"2025-06-26T12:52:35+00:00","og_image":[{"width":1920,"height":2560,"url":"https:\/\/skaitytaknyga.lt\/wp-content\/uploads\/2025\/02\/e62c6224-e4a4-46cf-aa1e-138c7cdeee1a-69126-00001a1dd31998da_file-scaled.jpeg","type":"image\/jpeg"}],"twitter_card":"summary_large_image","schema":{"@context":"https:\/\/schema.org","@graph":[{"@type":"WebPage","@id":"https:\/\/skaitytaknyga.lt\/produktas\/zmogaus-anatomijos-fiziologijos-ir-higienos-uzduotys\/","url":"https:\/\/skaitytaknyga.lt\/produktas\/zmogaus-anatomijos-fiziologijos-ir-higienos-uzduotys\/","name":"\u017dmogaus anatomijos, fiziologijos ir higienos u\u017eduotys","isPartOf":{"@id":"https:\/\/skaitytaknyga.lt\/#website"},"primaryImageOfPage":{"@id":"https:\/\/skaitytaknyga.lt\/produktas\/zmogaus-anatomijos-fiziologijos-ir-higienos-uzduotys\/#primaryimage"},"image":{"@id":"https:\/\/skaitytaknyga.lt\/produktas\/zmogaus-anatomijos-fiziologijos-ir-higienos-uzduotys\/#primaryimage"},"thumbnailUrl":"https:\/\/skaitytaknyga.lt\/wp-content\/uploads\/2025\/02\/e62c6224-e4a4-46cf-aa1e-138c7cdeee1a-69126-00001a1dd31998da_file-scaled.jpeg","datePublished":"2024-05-04T14:47:49+00:00","dateModified":"2025-06-26T12:52:35+00:00","description":"Pasiruo\u0161k susipa\u017einti su Zoja. Zojos gyvenimas tikrai nesaldus. Ir \u0161tai kod\u0117l: Jos mama mirusi, o pamot\u0117 \u0160ila \u2013 tokia tingin\u0117, kad nesugeba pati net nosies nusi\u0161nirp\u0161ti. Mokykloje jai gyventi neduoda bjaurioji Tina Trots. Ji gerokai vyresn\u0117, tod\u0117l gali ramiai spjaudyti Zojai ant galvos. Vienintelis jos draugas ir paguoda \u2013 \u017eiurk\u0117nas. Ta\u010diau neilgam\u2026 O blogiausia, kad j\u0105 persekioja bjaurusis Bartas su savo furgon\u0117liu. Jis med\u017eioja \u017eiurkes. Nesakysime, kam. Bet tikriausiai jau numanai, K\u0104 jis i\u0161 j\u0173 daro? Tai \u0161tai \u2013 kai atrodo, kad blogiau b\u016bti jau nebegali, Zoja stoja \u012f kov\u0105. Pasirodo, ji tikra dr\u0105suol\u0117. Ir d\u0117l savo \u017eiurk\u0117no padaryt\u0173 visk\u0105. \u201c\u017diurkainis\u201d \u2013 \u012fkvepianti dr\u0105sos, li\u016bdna ir\u2026 labai juokinga istorija.","breadcrumb":{"@id":"https:\/\/skaitytaknyga.lt\/produktas\/zmogaus-anatomijos-fiziologijos-ir-higienos-uzduotys\/#breadcrumb"},"inLanguage":"en-GB","potentialAction":[{"@type":"ReadAction","target":["https:\/\/skaitytaknyga.lt\/produktas\/zmogaus-anatomijos-fiziologijos-ir-higienos-uzduotys\/"]}]},{"@type":"ImageObject","inLanguage":"en-GB","@id":"https:\/\/skaitytaknyga.lt\/produktas\/zmogaus-anatomijos-fiziologijos-ir-higienos-uzduotys\/#primaryimage","url":"https:\/\/skaitytaknyga.lt\/wp-content\/uploads\/2025\/02\/e62c6224-e4a4-46cf-aa1e-138c7cdeee1a-69126-00001a1dd31998da_file-scaled.jpeg","contentUrl":"https:\/\/skaitytaknyga.lt\/wp-content\/uploads\/2025\/02\/e62c6224-e4a4-46cf-aa1e-138c7cdeee1a-69126-00001a1dd31998da_file-scaled.jpeg","width":1920,"height":2560},{"@type":"BreadcrumbList","@id":"https:\/\/skaitytaknyga.lt\/produktas\/zmogaus-anatomijos-fiziologijos-ir-higienos-uzduotys\/#breadcrumb","itemListElement":[{"@type":"ListItem","position":1,"name":"Home","item":"https:\/\/skaitytaknyga.lt\/"},{"@type":"ListItem","position":2,"name":"Parduotuv\u0117","item":"https:\/\/skaitytaknyga.lt\/knygu-parduotuve\/"},{"@type":"ListItem","position":3,"name":"\u017dmogaus anatomijos, fiziologijos ir higienos u\u017eduotys"}]},{"@type":"WebSite","@id":"https:\/\/skaitytaknyga.lt\/#website","url":"https:\/\/skaitytaknyga.lt\/","name":"skaitytaknyga.lt","description":"Skaitytaknyga.lt \u2013 tai ma\u017eas \u0161eimos verslas, kuris prasid\u0117jo nuo meil\u0117s knygoms ir siekio i\u0161gelb\u0117ti knygas nuo likimo prie konteinerio. Kas vienam nereikalingas daiktas \u2013 kitam lobis, o mes esame tarpininkai, kurie padeda abiems tapti laimingesniems ???? \u017dinome kaip nelengva i\u0161gyventi ma\u017eiems verslams, tad nuo \u0161iol, \u010dia rasite ir kit\u0173, ma\u017e\u0173 \u0161eim\u0173 versl\u0173, rank\u0173 darbo, dovan\u0173 sau ir artimiesiems.","publisher":{"@id":"https:\/\/skaitytaknyga.lt\/#organization"},"potentialAction":[{"@type":"SearchAction","target":{"@type":"EntryPoint","urlTemplate":"https:\/\/skaitytaknyga.lt\/?s={search_term_string}"},"query-input":{"@type":"PropertyValueSpecification","valueRequired":true,"valueName":"search_term_string"}}],"inLanguage":"en-GB"},{"@type":"Organization","@id":"https:\/\/skaitytaknyga.lt\/#organization","name":"skaitytaknyga.lt","url":"https:\/\/skaitytaknyga.lt\/","logo":{"@type":"ImageObject","inLanguage":"en-GB","@id":"https:\/\/skaitytaknyga.lt\/#\/schema\/logo\/image\/","url":"https:\/\/skaitytaknyga.lt\/wp-content\/uploads\/2024\/05\/cropped-cropped-cropped-02_00843_jt3bggkj1j3HLc7SyY6rEUpg.jpeg","contentUrl":"https:\/\/skaitytaknyga.lt\/wp-content\/uploads\/2024\/05\/cropped-cropped-cropped-02_00843_jt3bggkj1j3HLc7SyY6rEUpg.jpeg","width":1600,"height":1600,"caption":"skaitytaknyga.lt"},"image":{"@id":"https:\/\/skaitytaknyga.lt\/#\/schema\/logo\/image\/"},"sameAs":["https:\/\/www.facebook.com\/skaitytaknyga\/"]}]}},"_links":{"self":[{"href":"https:\/\/skaitytaknyga.lt\/en\/wp-json\/wp\/v2\/product\/8580","targetHints":{"allow":["GET"]}}],"collection":[{"href":"https:\/\/skaitytaknyga.lt\/en\/wp-json\/wp\/v2\/product"}],"about":[{"href":"https:\/\/skaitytaknyga.lt\/en\/wp-json\/wp\/v2\/types\/product"}],"replies":[{"embeddable":true,"href":"https:\/\/skaitytaknyga.lt\/en\/wp-json\/wp\/v2\/comments?post=8580"}],"wp:featuredmedia":[{"embeddable":true,"href":"https:\/\/skaitytaknyga.lt\/en\/wp-json\/wp\/v2\/media\/16733"}],"wp:attachment":[{"href":"https:\/\/skaitytaknyga.lt\/en\/wp-json\/wp\/v2\/media?parent=8580"}],"wp:term":[{"taxonomy":"product_brand","embeddable":true,"href":"https:\/\/skaitytaknyga.lt\/en\/wp-json\/wp\/v2\/product_brand?post=8580"},{"taxonomy":"product_cat","embeddable":true,"href":"https:\/\/skaitytaknyga.lt\/en\/wp-json\/wp\/v2\/product_cat?post=8580"},{"taxonomy":"product_tag","embeddable":true,"href":"https:\/\/skaitytaknyga.lt\/en\/wp-json\/wp\/v2\/product_tag?post=8580"}],"curies":[{"name":"wp","href":"https:\/\/api.w.org\/{rel}","templated":true}]}}