{"id":8563,"date":"2024-05-04T14:47:48","date_gmt":"2024-05-04T14:47:48","guid":{"rendered":"https:\/\/skaitytaknyga.lt\/?post_type=product&#038;p=8563"},"modified":"2024-05-04T14:47:58","modified_gmt":"2024-05-04T14:47:58","slug":"savistaba-ir-nuostaba-rasytoju-zvilgsnis-i-save-ir-kitus-2","status":"publish","type":"product","link":"https:\/\/skaitytaknyga.lt\/en\/produktas\/savistaba-ir-nuostaba-rasytoju-zvilgsnis-i-save-ir-kitus-2\/","title":{"rendered":"Savistaba ir nuostaba: ra\u0161ytoj\u0173 \u017evilgsnis \u012f save ir kitus"},"content":{"rendered":"<div class=\"tab-content col-xs-12\">\n<div id=\"tab-description\" class=\"tab-pane active\">\n<div id=\"collapse-description\" class=\"desc-collapse\">\n<p><strong>\u00a0\u201eSavistaba ir nuostaba&#8221;<\/strong>\u00a0\u2013 nauja<strong>\u00a0Alfredo Gu\u0161\u010diaus<\/strong>, m\u0105slaus ir produktyvaus literat\u016bros kritiko, knyga. Autorius susikoncentruoja \u012f gana sl\u0117pining\u0105 atminties fenomen\u0105, taigi ir \u012f ra\u0161ytoj\u0173 patirties autenti\u0161kumo, savistabos ir savianaliz\u0117s problematik\u0105, nei\u0161vengiamai susijusi\u0105 su praeities traktavimu, dabarties suvokimu, savimon\u0117s keliais ir galb\u016bt klystkeliais. Itin k\u016brybi\u0161kai pasitelkta \u0161v. Augustino laiko, \u017emogaus sielos, dvasios ir s\u0105\u017ein\u0117s santyki\u0173 dialektikos samprata. Remiamasi, be abejo, ir \u0161iuolaikini\u0173 filosof\u0173 bei literat\u016bros tyrin\u0117toj\u0173 \u012f\u017evalgomis. Daugiausia d\u0117mesio skiriama per pastaruosius du de\u0161imtme\u010dius para\u0161ytoms lietuvi\u0173 es\u0117 ar atsiminim\u0173 knygoms (A. Bernotas, V. Reimeris, V. Girdzijauskas, V. Are\u0161ka ir kt.), taip pat k\u016briniams, kuriuose itin ry\u0161kiai i\u0161kyla universalieji autenti\u0161kos b\u016bties, istorin\u0117s ir etnin\u0117s atminties motyvai (R. Granauskas, V. Martinkus, I. Janon\u0117, A. Zurba ir kt.).<\/p>\n<p>Atskira studija laikytinas paskutinis knygos skyrius apie k\u0105 tik pabaigt\u0105 leisti R. Ka\u0161ausko roman\u0173 tetralogij\u0105, kur skverbiamasi \u012f menininko prigimties ir k\u016brybos psichologijos labirintus.<\/p>\n<\/div>\n<\/div>\n<\/div>\n","protected":false},"excerpt":{"rendered":"<div class=\"tab-content col-xs-12\">\n<div id=\"tab-description\" class=\"tab-pane active\">\n<div id=\"collapse-description\" class=\"desc-collapse\">\n<p><strong>\u00a0\u201eSavistaba ir nuostaba&#8221;<\/strong>\u00a0\u2013 nauja<strong>\u00a0Alfredo Gu\u0161\u010diaus<\/strong>, m\u0105slaus ir produktyvaus literat\u016bros kritiko, knyga. Autorius susikoncentruoja \u012f gana sl\u0117pining\u0105 atminties fenomen\u0105, taigi ir \u012f ra\u0161ytoj\u0173 patirties autenti\u0161kumo, savistabos ir savianaliz\u0117s problematik\u0105, nei\u0161vengiamai susijusi\u0105 su praeities traktavimu, dabarties suvokimu, savimon\u0117s keliais ir galb\u016bt klystkeliais. Itin k\u016brybi\u0161kai pasitelkta \u0161v. Augustino laiko, \u017emogaus sielos, dvasios ir s\u0105\u017ein\u0117s santyki\u0173 dialektikos samprata. Remiamasi, be abejo, ir \u0161iuolaikini\u0173 filosof\u0173 bei literat\u016bros tyrin\u0117toj\u0173 \u012f\u017evalgomis. Daugiausia d\u0117mesio skiriama per pastaruosius du de\u0161imtme\u010dius para\u0161ytoms lietuvi\u0173 es\u0117 ar atsiminim\u0173 knygoms (A. Bernotas, V. Reimeris, V. Girdzijauskas, V. Are\u0161ka ir kt.), taip pat k\u016briniams, kuriuose itin ry\u0161kiai i\u0161kyla universalieji autenti\u0161kos b\u016bties, istorin\u0117s ir etnin\u0117s atminties motyvai (R. Granauskas, V. Martinkus, I. Janon\u0117, A. Zurba ir kt.).<\/p>\n<p>Atskira studija laikytinas paskutinis knygos skyrius apie k\u0105 tik pabaigt\u0105 leisti R. Ka\u0161ausko roman\u0173 tetralogij\u0105, kur skverbiamasi \u012f menininko prigimties ir k\u016brybos psichologijos labirintus.<\/p>\n<\/div>\n<\/div>\n<\/div>\n","protected":false},"featured_media":4797,"comment_status":"closed","ping_status":"closed","template":"","meta":{"_acf_changed":false,"site-sidebar-layout":"default","site-content-layout":"","ast-site-content-layout":"default","site-content-style":"default","site-sidebar-style":"default","ast-global-header-display":"","ast-banner-title-visibility":"","ast-main-header-display":"","ast-hfb-above-header-display":"","ast-hfb-below-header-display":"","ast-hfb-mobile-header-display":"","site-post-title":"","ast-breadcrumbs-content":"","ast-featured-img":"","footer-sml-layout":"","ast-disable-related-posts":"","theme-transparent-header-meta":"","adv-header-id-meta":"","stick-header-meta":"","header-above-stick-meta":"","header-main-stick-meta":"","header-below-stick-meta":"","astra-migrate-meta-layouts":"default","ast-page-background-enabled":"default","ast-page-background-meta":{"desktop":{"background-color":"","background-image":"","background-repeat":"repeat","background-position":"center center","background-size":"auto","background-attachment":"scroll","background-type":"","background-media":"","overlay-type":"","overlay-color":"","overlay-opacity":"","overlay-gradient":""},"tablet":{"background-color":"","background-image":"","background-repeat":"repeat","background-position":"center center","background-size":"auto","background-attachment":"scroll","background-type":"","background-media":"","overlay-type":"","overlay-color":"","overlay-opacity":"","overlay-gradient":""},"mobile":{"background-color":"","background-image":"","background-repeat":"repeat","background-position":"center center","background-size":"auto","background-attachment":"scroll","background-type":"","background-media":"","overlay-type":"","overlay-color":"","overlay-opacity":"","overlay-gradient":""}},"ast-content-background-meta":{"desktop":{"background-color":"var(--ast-global-color-4)","background-image":"","background-repeat":"repeat","background-position":"center center","background-size":"auto","background-attachment":"scroll","background-type":"","background-media":"","overlay-type":"","overlay-color":"","overlay-opacity":"","overlay-gradient":""},"tablet":{"background-color":"var(--ast-global-color-4)","background-image":"","background-repeat":"repeat","background-position":"center center","background-size":"auto","background-attachment":"scroll","background-type":"","background-media":"","overlay-type":"","overlay-color":"","overlay-opacity":"","overlay-gradient":""},"mobile":{"background-color":"var(--ast-global-color-4)","background-image":"","background-repeat":"repeat","background-position":"center center","background-size":"auto","background-attachment":"scroll","background-type":"","background-media":"","overlay-type":"","overlay-color":"","overlay-opacity":"","overlay-gradient":""}}},"product_brand":[],"product_cat":[15],"product_tag":[],"class_list":{"0":"post-8563","1":"product","2":"type-product","3":"status-publish","4":"has-post-thumbnail","6":"product_cat-uncategorized","7":"pa_leidimo-metai-652","8":"desktop-align-left","9":"tablet-align-left","10":"mobile-align-left","12":"first","13":"instock","14":"shipping-taxable","15":"purchasable","16":"product-type-simple"},"acf":[],"yoast_head":"<!-- This site is optimized with the Yoast SEO plugin v27.0 - https:\/\/yoast.com\/product\/yoast-seo-wordpress\/ -->\n<title>Savistaba ir nuostaba: ra\u0161ytoj\u0173 \u017evilgsnis \u012f save ir kitus - Skaitytaknyga<\/title>\n<meta name=\"description\" content=\"\u00a0\u201eSavistaba ir nuostaba&quot;\u00a0\u2013 nauja\u00a0Alfredo Gu\u0161\u010diaus, m\u0105slaus ir produktyvaus literat\u016bros kritiko, knyga. Autorius susikoncentruoja \u012f gana sl\u0117pining\u0105 atminties fenomen\u0105, taigi ir \u012f ra\u0161ytoj\u0173 patirties autenti\u0161kumo, savistabos ir savianaliz\u0117s problematik\u0105, nei\u0161vengiamai susijusi\u0105 su praeities traktavimu, dabarties suvokimu, savimon\u0117s keliais ir galb\u016bt klystkeliais. Itin k\u016brybi\u0161kai pasitelkta \u0161v. Augustino laiko, \u017emogaus sielos, dvasios ir s\u0105\u017ein\u0117s santyki\u0173 dialektikos samprata. Remiamasi, be abejo, ir \u0161iuolaikini\u0173 filosof\u0173 bei literat\u016bros tyrin\u0117toj\u0173 \u012f\u017evalgomis. Daugiausia d\u0117mesio skiriama per pastaruosius du de\u0161imtme\u010dius para\u0161ytoms lietuvi\u0173 es\u0117 ar atsiminim\u0173 knygoms (A. Bernotas, V. Reimeris, V. Girdzijauskas, V. Are\u0161ka ir kt.), taip pat k\u016briniams, kuriuose itin ry\u0161kiai i\u0161kyla universalieji autenti\u0161kos b\u016bties, istorin\u0117s ir etnin\u0117s atminties motyvai (R. Granauskas, V. Martinkus, I. Janon\u0117, A. Zurba ir kt.).  Atskira studija laikytinas paskutinis knygos skyrius apie k\u0105 tik pabaigt\u0105 leisti R. Ka\u0161ausko roman\u0173 tetralogij\u0105, kur skverbiamasi \u012f menininko prigimties ir k\u016brybos psichologijos labirintus.\" \/>\n<meta name=\"robots\" content=\"index, follow, max-snippet:-1, max-image-preview:large, max-video-preview:-1\" \/>\n<link rel=\"canonical\" href=\"https:\/\/skaitytaknyga.lt\/en\/produktas\/savistaba-ir-nuostaba-rasytoju-zvilgsnis-i-save-ir-kitus-2\/\" \/>\n<meta property=\"og:locale\" content=\"en_GB\" \/>\n<meta property=\"og:locale:alternate\" content=\"lt_LT\" \/>\n<meta property=\"og:type\" content=\"article\" \/>\n<meta property=\"og:title\" content=\"Savistaba ir nuostaba: ra\u0161ytoj\u0173 \u017evilgsnis \u012f save ir kitus - Skaitytaknyga\" \/>\n<meta property=\"og:description\" content=\"\u00a0\u201eSavistaba ir nuostaba&quot;\u00a0\u2013 nauja\u00a0Alfredo Gu\u0161\u010diaus, m\u0105slaus ir produktyvaus literat\u016bros kritiko, knyga. Autorius susikoncentruoja \u012f gana sl\u0117pining\u0105 atminties fenomen\u0105, taigi ir \u012f ra\u0161ytoj\u0173 patirties autenti\u0161kumo, savistabos ir savianaliz\u0117s problematik\u0105, nei\u0161vengiamai susijusi\u0105 su praeities traktavimu, dabarties suvokimu, savimon\u0117s keliais ir galb\u016bt klystkeliais. Itin k\u016brybi\u0161kai pasitelkta \u0161v. Augustino laiko, \u017emogaus sielos, dvasios ir s\u0105\u017ein\u0117s santyki\u0173 dialektikos samprata. Remiamasi, be abejo, ir \u0161iuolaikini\u0173 filosof\u0173 bei literat\u016bros tyrin\u0117toj\u0173 \u012f\u017evalgomis. Daugiausia d\u0117mesio skiriama per pastaruosius du de\u0161imtme\u010dius para\u0161ytoms lietuvi\u0173 es\u0117 ar atsiminim\u0173 knygoms (A. Bernotas, V. Reimeris, V. Girdzijauskas, V. Are\u0161ka ir kt.), taip pat k\u016briniams, kuriuose itin ry\u0161kiai i\u0161kyla universalieji autenti\u0161kos b\u016bties, istorin\u0117s ir etnin\u0117s atminties motyvai (R. Granauskas, V. Martinkus, I. Janon\u0117, A. Zurba ir kt.).  Atskira studija laikytinas paskutinis knygos skyrius apie k\u0105 tik pabaigt\u0105 leisti R. Ka\u0161ausko roman\u0173 tetralogij\u0105, kur skverbiamasi \u012f menininko prigimties ir k\u016brybos psichologijos labirintus.\" \/>\n<meta property=\"og:url\" content=\"https:\/\/skaitytaknyga.lt\/en\/produktas\/savistaba-ir-nuostaba-rasytoju-zvilgsnis-i-save-ir-kitus-2\/\" \/>\n<meta property=\"og:site_name\" content=\"Skaitytaknyga\" \/>\n<meta property=\"article:publisher\" content=\"https:\/\/www.facebook.com\/skaitytaknyga\/\" \/>\n<meta property=\"article:modified_time\" content=\"2024-05-04T14:47:58+00:00\" \/>\n<meta property=\"og:image\" content=\"https:\/\/skaitytaknyga.lt\/wp-content\/uploads\/2024\/04\/1462890778_fa.png\" \/>\n\t<meta property=\"og:image:width\" content=\"292\" \/>\n\t<meta property=\"og:image:height\" content=\"430\" \/>\n\t<meta property=\"og:image:type\" content=\"image\/png\" \/>\n<meta name=\"twitter:card\" content=\"summary_large_image\" \/>\n<meta name=\"twitter:label1\" content=\"Estimated reading time\" \/>\n\t<meta name=\"twitter:data1\" content=\"1 minute\" \/>\n<script type=\"application\/ld+json\" class=\"yoast-schema-graph\">{\"@context\":\"https:\/\/schema.org\",\"@graph\":[{\"@type\":\"WebPage\",\"@id\":\"https:\/\/skaitytaknyga.lt\/en\/produktas\/savistaba-ir-nuostaba-rasytoju-zvilgsnis-i-save-ir-kitus-2\/\",\"url\":\"https:\/\/skaitytaknyga.lt\/en\/produktas\/savistaba-ir-nuostaba-rasytoju-zvilgsnis-i-save-ir-kitus-2\/\",\"name\":\"Savistaba ir nuostaba: ra\u0161ytoj\u0173 \u017evilgsnis \u012f save ir kitus - Skaitytaknyga\",\"isPartOf\":{\"@id\":\"https:\/\/skaitytaknyga.lt\/#website\"},\"primaryImageOfPage\":{\"@id\":\"https:\/\/skaitytaknyga.lt\/en\/produktas\/savistaba-ir-nuostaba-rasytoju-zvilgsnis-i-save-ir-kitus-2\/#primaryimage\"},\"image\":{\"@id\":\"https:\/\/skaitytaknyga.lt\/en\/produktas\/savistaba-ir-nuostaba-rasytoju-zvilgsnis-i-save-ir-kitus-2\/#primaryimage\"},\"thumbnailUrl\":\"https:\/\/skaitytaknyga.lt\/wp-content\/uploads\/2024\/04\/1462890778_fa.png\",\"datePublished\":\"2024-05-04T14:47:48+00:00\",\"dateModified\":\"2024-05-04T14:47:58+00:00\",\"description\":\"\u00a0\u201eSavistaba ir nuostaba\\\"\u00a0\u2013 nauja\u00a0Alfredo Gu\u0161\u010diaus, m\u0105slaus ir produktyvaus literat\u016bros kritiko, knyga. Autorius susikoncentruoja \u012f gana sl\u0117pining\u0105 atminties fenomen\u0105, taigi ir \u012f ra\u0161ytoj\u0173 patirties autenti\u0161kumo, savistabos ir savianaliz\u0117s problematik\u0105, nei\u0161vengiamai susijusi\u0105 su praeities traktavimu, dabarties suvokimu, savimon\u0117s keliais ir galb\u016bt klystkeliais. Itin k\u016brybi\u0161kai pasitelkta \u0161v. Augustino laiko, \u017emogaus sielos, dvasios ir s\u0105\u017ein\u0117s santyki\u0173 dialektikos samprata. Remiamasi, be abejo, ir \u0161iuolaikini\u0173 filosof\u0173 bei literat\u016bros tyrin\u0117toj\u0173 \u012f\u017evalgomis. Daugiausia d\u0117mesio skiriama per pastaruosius du de\u0161imtme\u010dius para\u0161ytoms lietuvi\u0173 es\u0117 ar atsiminim\u0173 knygoms (A. Bernotas, V. Reimeris, V. Girdzijauskas, V. Are\u0161ka ir kt.), taip pat k\u016briniams, kuriuose itin ry\u0161kiai i\u0161kyla universalieji autenti\u0161kos b\u016bties, istorin\u0117s ir etnin\u0117s atminties motyvai (R. Granauskas, V. Martinkus, I. Janon\u0117, A. Zurba ir kt.). Atskira studija laikytinas paskutinis knygos skyrius apie k\u0105 tik pabaigt\u0105 leisti R. Ka\u0161ausko roman\u0173 tetralogij\u0105, kur skverbiamasi \u012f menininko prigimties ir k\u016brybos psichologijos labirintus.\",\"breadcrumb\":{\"@id\":\"https:\/\/skaitytaknyga.lt\/en\/produktas\/savistaba-ir-nuostaba-rasytoju-zvilgsnis-i-save-ir-kitus-2\/#breadcrumb\"},\"inLanguage\":\"en-GB\",\"potentialAction\":[{\"@type\":\"ReadAction\",\"target\":[\"https:\/\/skaitytaknyga.lt\/en\/produktas\/savistaba-ir-nuostaba-rasytoju-zvilgsnis-i-save-ir-kitus-2\/\"]}]},{\"@type\":\"ImageObject\",\"inLanguage\":\"en-GB\",\"@id\":\"https:\/\/skaitytaknyga.lt\/en\/produktas\/savistaba-ir-nuostaba-rasytoju-zvilgsnis-i-save-ir-kitus-2\/#primaryimage\",\"url\":\"https:\/\/skaitytaknyga.lt\/wp-content\/uploads\/2024\/04\/1462890778_fa.png\",\"contentUrl\":\"https:\/\/skaitytaknyga.lt\/wp-content\/uploads\/2024\/04\/1462890778_fa.png\",\"width\":292,\"height\":430},{\"@type\":\"BreadcrumbList\",\"@id\":\"https:\/\/skaitytaknyga.lt\/en\/produktas\/savistaba-ir-nuostaba-rasytoju-zvilgsnis-i-save-ir-kitus-2\/#breadcrumb\",\"itemListElement\":[{\"@type\":\"ListItem\",\"position\":1,\"name\":\"Home\",\"item\":\"https:\/\/skaitytaknyga.lt\/\"},{\"@type\":\"ListItem\",\"position\":2,\"name\":\"Parduotuv\u0117\",\"item\":\"https:\/\/skaitytaknyga.lt\/knygu-parduotuve\/\"},{\"@type\":\"ListItem\",\"position\":3,\"name\":\"Savistaba ir nuostaba: ra\u0161ytoj\u0173 \u017evilgsnis \u012f save ir kitus\"}]},{\"@type\":\"WebSite\",\"@id\":\"https:\/\/skaitytaknyga.lt\/#website\",\"url\":\"https:\/\/skaitytaknyga.lt\/\",\"name\":\"skaitytaknyga.lt\",\"description\":\"Skaitytaknyga.lt \u2013 tai ma\u017eas \u0161eimos verslas, kuris prasid\u0117jo nuo meil\u0117s knygoms ir siekio i\u0161gelb\u0117ti knygas nuo likimo prie konteinerio. Kas vienam nereikalingas daiktas \u2013 kitam lobis, o mes esame tarpininkai, kurie padeda abiems tapti laimingesniems ???? \u017dinome kaip nelengva i\u0161gyventi ma\u017eiems verslams, tad nuo \u0161iol, \u010dia rasite ir kit\u0173, ma\u017e\u0173 \u0161eim\u0173 versl\u0173, rank\u0173 darbo, dovan\u0173 sau ir artimiesiems.\",\"publisher\":{\"@id\":\"https:\/\/skaitytaknyga.lt\/#organization\"},\"potentialAction\":[{\"@type\":\"SearchAction\",\"target\":{\"@type\":\"EntryPoint\",\"urlTemplate\":\"https:\/\/skaitytaknyga.lt\/?s={search_term_string}\"},\"query-input\":{\"@type\":\"PropertyValueSpecification\",\"valueRequired\":true,\"valueName\":\"search_term_string\"}}],\"inLanguage\":\"en-GB\"},{\"@type\":\"Organization\",\"@id\":\"https:\/\/skaitytaknyga.lt\/#organization\",\"name\":\"skaitytaknyga.lt\",\"url\":\"https:\/\/skaitytaknyga.lt\/\",\"logo\":{\"@type\":\"ImageObject\",\"inLanguage\":\"en-GB\",\"@id\":\"https:\/\/skaitytaknyga.lt\/#\/schema\/logo\/image\/\",\"url\":\"https:\/\/skaitytaknyga.lt\/wp-content\/uploads\/2024\/05\/cropped-cropped-cropped-02_00843_jt3bggkj1j3HLc7SyY6rEUpg.jpeg\",\"contentUrl\":\"https:\/\/skaitytaknyga.lt\/wp-content\/uploads\/2024\/05\/cropped-cropped-cropped-02_00843_jt3bggkj1j3HLc7SyY6rEUpg.jpeg\",\"width\":1600,\"height\":1600,\"caption\":\"skaitytaknyga.lt\"},\"image\":{\"@id\":\"https:\/\/skaitytaknyga.lt\/#\/schema\/logo\/image\/\"},\"sameAs\":[\"https:\/\/www.facebook.com\/skaitytaknyga\/\"]}]}<\/script>\n<!-- \/ Yoast SEO plugin. -->","yoast_head_json":{"title":"Savistaba ir nuostaba: ra\u0161ytoj\u0173 \u017evilgsnis \u012f save ir kitus - Skaitytaknyga","description":"\u00a0\u201eSavistaba ir nuostaba\"\u00a0\u2013 nauja\u00a0Alfredo Gu\u0161\u010diaus, m\u0105slaus ir produktyvaus literat\u016bros kritiko, knyga. Autorius susikoncentruoja \u012f gana sl\u0117pining\u0105 atminties fenomen\u0105, taigi ir \u012f ra\u0161ytoj\u0173 patirties autenti\u0161kumo, savistabos ir savianaliz\u0117s problematik\u0105, nei\u0161vengiamai susijusi\u0105 su praeities traktavimu, dabarties suvokimu, savimon\u0117s keliais ir galb\u016bt klystkeliais. Itin k\u016brybi\u0161kai pasitelkta \u0161v. Augustino laiko, \u017emogaus sielos, dvasios ir s\u0105\u017ein\u0117s santyki\u0173 dialektikos samprata. Remiamasi, be abejo, ir \u0161iuolaikini\u0173 filosof\u0173 bei literat\u016bros tyrin\u0117toj\u0173 \u012f\u017evalgomis. Daugiausia d\u0117mesio skiriama per pastaruosius du de\u0161imtme\u010dius para\u0161ytoms lietuvi\u0173 es\u0117 ar atsiminim\u0173 knygoms (A. Bernotas, V. Reimeris, V. Girdzijauskas, V. Are\u0161ka ir kt.), taip pat k\u016briniams, kuriuose itin ry\u0161kiai i\u0161kyla universalieji autenti\u0161kos b\u016bties, istorin\u0117s ir etnin\u0117s atminties motyvai (R. Granauskas, V. Martinkus, I. Janon\u0117, A. Zurba ir kt.).  Atskira studija laikytinas paskutinis knygos skyrius apie k\u0105 tik pabaigt\u0105 leisti R. Ka\u0161ausko roman\u0173 tetralogij\u0105, kur skverbiamasi \u012f menininko prigimties ir k\u016brybos psichologijos labirintus.","robots":{"index":"index","follow":"follow","max-snippet":"max-snippet:-1","max-image-preview":"max-image-preview:large","max-video-preview":"max-video-preview:-1"},"canonical":"https:\/\/skaitytaknyga.lt\/en\/produktas\/savistaba-ir-nuostaba-rasytoju-zvilgsnis-i-save-ir-kitus-2\/","og_locale":"en_GB","og_type":"article","og_title":"Savistaba ir nuostaba: ra\u0161ytoj\u0173 \u017evilgsnis \u012f save ir kitus - Skaitytaknyga","og_description":"\u00a0\u201eSavistaba ir nuostaba\"\u00a0\u2013 nauja\u00a0Alfredo Gu\u0161\u010diaus, m\u0105slaus ir produktyvaus literat\u016bros kritiko, knyga. Autorius susikoncentruoja \u012f gana sl\u0117pining\u0105 atminties fenomen\u0105, taigi ir \u012f ra\u0161ytoj\u0173 patirties autenti\u0161kumo, savistabos ir savianaliz\u0117s problematik\u0105, nei\u0161vengiamai susijusi\u0105 su praeities traktavimu, dabarties suvokimu, savimon\u0117s keliais ir galb\u016bt klystkeliais. Itin k\u016brybi\u0161kai pasitelkta \u0161v. Augustino laiko, \u017emogaus sielos, dvasios ir s\u0105\u017ein\u0117s santyki\u0173 dialektikos samprata. Remiamasi, be abejo, ir \u0161iuolaikini\u0173 filosof\u0173 bei literat\u016bros tyrin\u0117toj\u0173 \u012f\u017evalgomis. Daugiausia d\u0117mesio skiriama per pastaruosius du de\u0161imtme\u010dius para\u0161ytoms lietuvi\u0173 es\u0117 ar atsiminim\u0173 knygoms (A. Bernotas, V. Reimeris, V. Girdzijauskas, V. Are\u0161ka ir kt.), taip pat k\u016briniams, kuriuose itin ry\u0161kiai i\u0161kyla universalieji autenti\u0161kos b\u016bties, istorin\u0117s ir etnin\u0117s atminties motyvai (R. Granauskas, V. Martinkus, I. Janon\u0117, A. Zurba ir kt.).  Atskira studija laikytinas paskutinis knygos skyrius apie k\u0105 tik pabaigt\u0105 leisti R. Ka\u0161ausko roman\u0173 tetralogij\u0105, kur skverbiamasi \u012f menininko prigimties ir k\u016brybos psichologijos labirintus.","og_url":"https:\/\/skaitytaknyga.lt\/en\/produktas\/savistaba-ir-nuostaba-rasytoju-zvilgsnis-i-save-ir-kitus-2\/","og_site_name":"Skaitytaknyga","article_publisher":"https:\/\/www.facebook.com\/skaitytaknyga\/","article_modified_time":"2024-05-04T14:47:58+00:00","og_image":[{"width":292,"height":430,"url":"https:\/\/skaitytaknyga.lt\/wp-content\/uploads\/2024\/04\/1462890778_fa.png","type":"image\/png"}],"twitter_card":"summary_large_image","twitter_misc":{"Estimated reading time":"1 minute"},"schema":{"@context":"https:\/\/schema.org","@graph":[{"@type":"WebPage","@id":"https:\/\/skaitytaknyga.lt\/en\/produktas\/savistaba-ir-nuostaba-rasytoju-zvilgsnis-i-save-ir-kitus-2\/","url":"https:\/\/skaitytaknyga.lt\/en\/produktas\/savistaba-ir-nuostaba-rasytoju-zvilgsnis-i-save-ir-kitus-2\/","name":"Savistaba ir nuostaba: ra\u0161ytoj\u0173 \u017evilgsnis \u012f save ir kitus - Skaitytaknyga","isPartOf":{"@id":"https:\/\/skaitytaknyga.lt\/#website"},"primaryImageOfPage":{"@id":"https:\/\/skaitytaknyga.lt\/en\/produktas\/savistaba-ir-nuostaba-rasytoju-zvilgsnis-i-save-ir-kitus-2\/#primaryimage"},"image":{"@id":"https:\/\/skaitytaknyga.lt\/en\/produktas\/savistaba-ir-nuostaba-rasytoju-zvilgsnis-i-save-ir-kitus-2\/#primaryimage"},"thumbnailUrl":"https:\/\/skaitytaknyga.lt\/wp-content\/uploads\/2024\/04\/1462890778_fa.png","datePublished":"2024-05-04T14:47:48+00:00","dateModified":"2024-05-04T14:47:58+00:00","description":"\u00a0\u201eSavistaba ir nuostaba\"\u00a0\u2013 nauja\u00a0Alfredo Gu\u0161\u010diaus, m\u0105slaus ir produktyvaus literat\u016bros kritiko, knyga. Autorius susikoncentruoja \u012f gana sl\u0117pining\u0105 atminties fenomen\u0105, taigi ir \u012f ra\u0161ytoj\u0173 patirties autenti\u0161kumo, savistabos ir savianaliz\u0117s problematik\u0105, nei\u0161vengiamai susijusi\u0105 su praeities traktavimu, dabarties suvokimu, savimon\u0117s keliais ir galb\u016bt klystkeliais. Itin k\u016brybi\u0161kai pasitelkta \u0161v. Augustino laiko, \u017emogaus sielos, dvasios ir s\u0105\u017ein\u0117s santyki\u0173 dialektikos samprata. Remiamasi, be abejo, ir \u0161iuolaikini\u0173 filosof\u0173 bei literat\u016bros tyrin\u0117toj\u0173 \u012f\u017evalgomis. Daugiausia d\u0117mesio skiriama per pastaruosius du de\u0161imtme\u010dius para\u0161ytoms lietuvi\u0173 es\u0117 ar atsiminim\u0173 knygoms (A. Bernotas, V. Reimeris, V. Girdzijauskas, V. Are\u0161ka ir kt.), taip pat k\u016briniams, kuriuose itin ry\u0161kiai i\u0161kyla universalieji autenti\u0161kos b\u016bties, istorin\u0117s ir etnin\u0117s atminties motyvai (R. Granauskas, V. Martinkus, I. Janon\u0117, A. Zurba ir kt.). Atskira studija laikytinas paskutinis knygos skyrius apie k\u0105 tik pabaigt\u0105 leisti R. Ka\u0161ausko roman\u0173 tetralogij\u0105, kur skverbiamasi \u012f menininko prigimties ir k\u016brybos psichologijos labirintus.","breadcrumb":{"@id":"https:\/\/skaitytaknyga.lt\/en\/produktas\/savistaba-ir-nuostaba-rasytoju-zvilgsnis-i-save-ir-kitus-2\/#breadcrumb"},"inLanguage":"en-GB","potentialAction":[{"@type":"ReadAction","target":["https:\/\/skaitytaknyga.lt\/en\/produktas\/savistaba-ir-nuostaba-rasytoju-zvilgsnis-i-save-ir-kitus-2\/"]}]},{"@type":"ImageObject","inLanguage":"en-GB","@id":"https:\/\/skaitytaknyga.lt\/en\/produktas\/savistaba-ir-nuostaba-rasytoju-zvilgsnis-i-save-ir-kitus-2\/#primaryimage","url":"https:\/\/skaitytaknyga.lt\/wp-content\/uploads\/2024\/04\/1462890778_fa.png","contentUrl":"https:\/\/skaitytaknyga.lt\/wp-content\/uploads\/2024\/04\/1462890778_fa.png","width":292,"height":430},{"@type":"BreadcrumbList","@id":"https:\/\/skaitytaknyga.lt\/en\/produktas\/savistaba-ir-nuostaba-rasytoju-zvilgsnis-i-save-ir-kitus-2\/#breadcrumb","itemListElement":[{"@type":"ListItem","position":1,"name":"Home","item":"https:\/\/skaitytaknyga.lt\/"},{"@type":"ListItem","position":2,"name":"Parduotuv\u0117","item":"https:\/\/skaitytaknyga.lt\/knygu-parduotuve\/"},{"@type":"ListItem","position":3,"name":"Savistaba ir nuostaba: ra\u0161ytoj\u0173 \u017evilgsnis \u012f save ir kitus"}]},{"@type":"WebSite","@id":"https:\/\/skaitytaknyga.lt\/#website","url":"https:\/\/skaitytaknyga.lt\/","name":"skaitytaknyga.lt","description":"Skaitytaknyga.lt \u2013 tai ma\u017eas \u0161eimos verslas, kuris prasid\u0117jo nuo meil\u0117s knygoms ir siekio i\u0161gelb\u0117ti knygas nuo likimo prie konteinerio. Kas vienam nereikalingas daiktas \u2013 kitam lobis, o mes esame tarpininkai, kurie padeda abiems tapti laimingesniems ???? \u017dinome kaip nelengva i\u0161gyventi ma\u017eiems verslams, tad nuo \u0161iol, \u010dia rasite ir kit\u0173, ma\u017e\u0173 \u0161eim\u0173 versl\u0173, rank\u0173 darbo, dovan\u0173 sau ir artimiesiems.","publisher":{"@id":"https:\/\/skaitytaknyga.lt\/#organization"},"potentialAction":[{"@type":"SearchAction","target":{"@type":"EntryPoint","urlTemplate":"https:\/\/skaitytaknyga.lt\/?s={search_term_string}"},"query-input":{"@type":"PropertyValueSpecification","valueRequired":true,"valueName":"search_term_string"}}],"inLanguage":"en-GB"},{"@type":"Organization","@id":"https:\/\/skaitytaknyga.lt\/#organization","name":"skaitytaknyga.lt","url":"https:\/\/skaitytaknyga.lt\/","logo":{"@type":"ImageObject","inLanguage":"en-GB","@id":"https:\/\/skaitytaknyga.lt\/#\/schema\/logo\/image\/","url":"https:\/\/skaitytaknyga.lt\/wp-content\/uploads\/2024\/05\/cropped-cropped-cropped-02_00843_jt3bggkj1j3HLc7SyY6rEUpg.jpeg","contentUrl":"https:\/\/skaitytaknyga.lt\/wp-content\/uploads\/2024\/05\/cropped-cropped-cropped-02_00843_jt3bggkj1j3HLc7SyY6rEUpg.jpeg","width":1600,"height":1600,"caption":"skaitytaknyga.lt"},"image":{"@id":"https:\/\/skaitytaknyga.lt\/#\/schema\/logo\/image\/"},"sameAs":["https:\/\/www.facebook.com\/skaitytaknyga\/"]}]}},"_links":{"self":[{"href":"https:\/\/skaitytaknyga.lt\/en\/wp-json\/wp\/v2\/product\/8563","targetHints":{"allow":["GET"]}}],"collection":[{"href":"https:\/\/skaitytaknyga.lt\/en\/wp-json\/wp\/v2\/product"}],"about":[{"href":"https:\/\/skaitytaknyga.lt\/en\/wp-json\/wp\/v2\/types\/product"}],"replies":[{"embeddable":true,"href":"https:\/\/skaitytaknyga.lt\/en\/wp-json\/wp\/v2\/comments?post=8563"}],"wp:featuredmedia":[{"embeddable":true,"href":"https:\/\/skaitytaknyga.lt\/en\/wp-json\/wp\/v2\/media\/4797"}],"wp:attachment":[{"href":"https:\/\/skaitytaknyga.lt\/en\/wp-json\/wp\/v2\/media?parent=8563"}],"wp:term":[{"taxonomy":"product_brand","embeddable":true,"href":"https:\/\/skaitytaknyga.lt\/en\/wp-json\/wp\/v2\/product_brand?post=8563"},{"taxonomy":"product_cat","embeddable":true,"href":"https:\/\/skaitytaknyga.lt\/en\/wp-json\/wp\/v2\/product_cat?post=8563"},{"taxonomy":"product_tag","embeddable":true,"href":"https:\/\/skaitytaknyga.lt\/en\/wp-json\/wp\/v2\/product_tag?post=8563"}],"curies":[{"name":"wp","href":"https:\/\/api.w.org\/{rel}","templated":true}]}}