{"id":8559,"date":"2024-05-04T14:47:27","date_gmt":"2024-05-04T14:47:27","guid":{"rendered":"https:\/\/skaitytaknyga.lt\/?post_type=product&#038;p=8559"},"modified":"2024-05-04T14:47:54","modified_gmt":"2024-05-04T14:47:54","slug":"olesia-zuravliova-makiazo-knyga-2","status":"publish","type":"product","link":"https:\/\/skaitytaknyga.lt\/en\/produktas\/olesia-zuravliova-makiazo-knyga-2\/","title":{"rendered":"Olesia \u017duravliova \u201eMakia\u017eo knyga\u201c"},"content":{"rendered":"<p>Teigiama, kad makia\u017e\u0105 geriau atlieka tie, kurie puikiai \u012fvald\u0119 pie\u0161imo arba tapymo men\u0105. Ne ma\u017eiau nei \u012fgudusi ranka kuriant makia\u017e\u0105 svarbus spalv\u0173, j\u0173 ton\u0173, ry\u0161kumo bei atspalvi\u0173 poj\u016btis. \u0160i knyga skirta lavinti praktiniams makia\u017eo atlikimo \u012fg\u016bd\u017eiams, eksperimentuojant su priemon\u0117mis ir spalvomis.<\/p>\n<p>Knygoje rasite ne tik pagrindines makia\u017eo schemas ir spalv\u0173 derinimo principus, bet ir daugyb\u0119 skirting\u0173 veid\u0173, kuriuos gal\u0117site dekoruoti, arba tradicin\u0117mis priemon\u0117mis: pie\u0161tukais, akvarele, kreidel\u0117mis, arba tuo, k\u0105 rasite savo kosmetin\u0117je: bronzantais, sausomis pudromis, \u017e\u0117ru\u010diais, aki\u0173 \u0161e\u0161\u0117liais, aki\u0173 apvadais, l\u016bpda\u017eiais&#8230;<\/p>\n<p>Eksperimentuokite su veido modeliavimu, antaki\u0173 formomis, l\u016bpda\u017ei\u0173 spalvomis ir sukurkite kerin\u010di\u0173 makia\u017eo derini\u0173. Patikusius derinius apra\u0161ykite, kad visuomet gal\u0117tum\u0117te jais pasinaudoti. Tokia praktika ne tik lavins \u012fg\u016bd\u017eius, bet ir pad\u0117s atsipalaiduoti ir i\u0161naudoti savo k\u016brybi\u0161kum\u0105.<\/p>\n","protected":false},"excerpt":{"rendered":"<p>Teigiama, kad makia\u017e\u0105 geriau atlieka tie, kurie puikiai \u012fvald\u0119 pie\u0161imo arba tapymo men\u0105. Ne ma\u017eiau nei \u012fgudusi ranka kuriant makia\u017e\u0105 svarbus spalv\u0173, j\u0173 ton\u0173, ry\u0161kumo bei atspalvi\u0173 poj\u016btis. \u0160i knyga skirta lavinti praktiniams makia\u017eo atlikimo \u012fg\u016bd\u017eiams, eksperimentuojant su priemon\u0117mis ir spalvomis.<\/p>\n<p>Knygoje rasite ne tik pagrindines makia\u017eo schemas ir spalv\u0173 derinimo principus, bet ir daugyb\u0119 skirting\u0173 veid\u0173, kuriuos gal\u0117site dekoruoti, arba tradicin\u0117mis priemon\u0117mis: pie\u0161tukais, akvarele, kreidel\u0117mis, arba tuo, k\u0105 rasite savo kosmetin\u0117je: bronzantais, sausomis pudromis, \u017e\u0117ru\u010diais, aki\u0173 \u0161e\u0161\u0117liais, aki\u0173 apvadais, l\u016bpda\u017eiais&#8230;<\/p>\n<p>Eksperimentuokite su veido modeliavimu, antaki\u0173 formomis, l\u016bpda\u017ei\u0173 spalvomis ir sukurkite kerin\u010di\u0173 makia\u017eo derini\u0173. Patikusius derinius apra\u0161ykite, kad visuomet gal\u0117tum\u0117te jais pasinaudoti. Tokia praktika ne tik lavins \u012fg\u016bd\u017eius, bet ir pad\u0117s atsipalaiduoti ir i\u0161naudoti savo k\u016brybi\u0161kum\u0105.<\/p>\n","protected":false},"featured_media":4793,"comment_status":"closed","ping_status":"closed","template":"","meta":{"_acf_changed":false,"site-sidebar-layout":"default","site-content-layout":"","ast-site-content-layout":"default","site-content-style":"default","site-sidebar-style":"default","ast-global-header-display":"","ast-banner-title-visibility":"","ast-main-header-display":"","ast-hfb-above-header-display":"","ast-hfb-below-header-display":"","ast-hfb-mobile-header-display":"","site-post-title":"","ast-breadcrumbs-content":"","ast-featured-img":"","footer-sml-layout":"","ast-disable-related-posts":"","theme-transparent-header-meta":"","adv-header-id-meta":"","stick-header-meta":"","header-above-stick-meta":"","header-main-stick-meta":"","header-below-stick-meta":"","astra-migrate-meta-layouts":"default","ast-page-background-enabled":"default","ast-page-background-meta":{"desktop":{"background-color":"","background-image":"","background-repeat":"repeat","background-position":"center center","background-size":"auto","background-attachment":"scroll","background-type":"","background-media":"","overlay-type":"","overlay-color":"","overlay-opacity":"","overlay-gradient":""},"tablet":{"background-color":"","background-image":"","background-repeat":"repeat","background-position":"center center","background-size":"auto","background-attachment":"scroll","background-type":"","background-media":"","overlay-type":"","overlay-color":"","overlay-opacity":"","overlay-gradient":""},"mobile":{"background-color":"","background-image":"","background-repeat":"repeat","background-position":"center center","background-size":"auto","background-attachment":"scroll","background-type":"","background-media":"","overlay-type":"","overlay-color":"","overlay-opacity":"","overlay-gradient":""}},"ast-content-background-meta":{"desktop":{"background-color":"var(--ast-global-color-4)","background-image":"","background-repeat":"repeat","background-position":"center center","background-size":"auto","background-attachment":"scroll","background-type":"","background-media":"","overlay-type":"","overlay-color":"","overlay-opacity":"","overlay-gradient":""},"tablet":{"background-color":"var(--ast-global-color-4)","background-image":"","background-repeat":"repeat","background-position":"center center","background-size":"auto","background-attachment":"scroll","background-type":"","background-media":"","overlay-type":"","overlay-color":"","overlay-opacity":"","overlay-gradient":""},"mobile":{"background-color":"var(--ast-global-color-4)","background-image":"","background-repeat":"repeat","background-position":"center center","background-size":"auto","background-attachment":"scroll","background-type":"","background-media":"","overlay-type":"","overlay-color":"","overlay-opacity":"","overlay-gradient":""}}},"product_brand":[],"product_cat":[36],"product_tag":[],"class_list":{"0":"post-8559","1":"product","2":"type-product","3":"status-publish","4":"has-post-thumbnail","6":"product_cat-makiazas-ir-apranga","7":"pa_leidimo-metai-626","8":"desktop-align-left","9":"tablet-align-left","10":"mobile-align-left","12":"first","13":"instock","14":"shipping-taxable","15":"purchasable","16":"product-type-simple"},"acf":[],"yoast_head":"<!-- This site is optimized with the Yoast SEO plugin v27.0 - https:\/\/yoast.com\/product\/yoast-seo-wordpress\/ -->\n<title>Olesia \u017duravliova \u201eMakia\u017eo knyga\u201c - Skaitytaknyga<\/title>\n<meta name=\"description\" content=\"Teigiama, kad makia\u017e\u0105 geriau atlieka tie, kurie puikiai \u012fvald\u0119 pie\u0161imo arba tapymo men\u0105. Ne ma\u017eiau nei \u012fgudusi ranka kuriant makia\u017e\u0105 svarbus spalv\u0173, j\u0173 ton\u0173, ry\u0161kumo bei atspalvi\u0173 poj\u016btis. \u0160i knyga skirta lavinti praktiniams makia\u017eo atlikimo \u012fg\u016bd\u017eiams, eksperimentuojant su priemon\u0117mis ir spalvomis.  Knygoje rasite ne tik pagrindines makia\u017eo schemas ir spalv\u0173 derinimo principus, bet ir daugyb\u0119 skirting\u0173 veid\u0173, kuriuos gal\u0117site dekoruoti, arba tradicin\u0117mis priemon\u0117mis: pie\u0161tukais, akvarele, kreidel\u0117mis, arba tuo, k\u0105 rasite savo kosmetin\u0117je: bronzantais, sausomis pudromis, \u017e\u0117ru\u010diais, aki\u0173 \u0161e\u0161\u0117liais, aki\u0173 apvadais, l\u016bpda\u017eiais...  Eksperimentuokite su veido modeliavimu, antaki\u0173 formomis, l\u016bpda\u017ei\u0173 spalvomis ir sukurkite kerin\u010di\u0173 makia\u017eo derini\u0173. Patikusius derinius apra\u0161ykite, kad visuomet gal\u0117tum\u0117te jais pasinaudoti. Tokia praktika ne tik lavins \u012fg\u016bd\u017eius, bet ir pad\u0117s atsipalaiduoti ir i\u0161naudoti savo k\u016brybi\u0161kum\u0105.\" \/>\n<meta name=\"robots\" content=\"index, follow, max-snippet:-1, max-image-preview:large, max-video-preview:-1\" \/>\n<link rel=\"canonical\" href=\"https:\/\/skaitytaknyga.lt\/en\/produktas\/olesia-zuravliova-makiazo-knyga-2\/\" \/>\n<meta property=\"og:locale\" content=\"en_GB\" \/>\n<meta property=\"og:locale:alternate\" content=\"lt_LT\" \/>\n<meta property=\"og:type\" content=\"article\" \/>\n<meta property=\"og:title\" content=\"Olesia \u017duravliova \u201eMakia\u017eo knyga\u201c - Skaitytaknyga\" \/>\n<meta property=\"og:description\" content=\"Teigiama, kad makia\u017e\u0105 geriau atlieka tie, kurie puikiai \u012fvald\u0119 pie\u0161imo arba tapymo men\u0105. Ne ma\u017eiau nei \u012fgudusi ranka kuriant makia\u017e\u0105 svarbus spalv\u0173, j\u0173 ton\u0173, ry\u0161kumo bei atspalvi\u0173 poj\u016btis. \u0160i knyga skirta lavinti praktiniams makia\u017eo atlikimo \u012fg\u016bd\u017eiams, eksperimentuojant su priemon\u0117mis ir spalvomis.  Knygoje rasite ne tik pagrindines makia\u017eo schemas ir spalv\u0173 derinimo principus, bet ir daugyb\u0119 skirting\u0173 veid\u0173, kuriuos gal\u0117site dekoruoti, arba tradicin\u0117mis priemon\u0117mis: pie\u0161tukais, akvarele, kreidel\u0117mis, arba tuo, k\u0105 rasite savo kosmetin\u0117je: bronzantais, sausomis pudromis, \u017e\u0117ru\u010diais, aki\u0173 \u0161e\u0161\u0117liais, aki\u0173 apvadais, l\u016bpda\u017eiais...  Eksperimentuokite su veido modeliavimu, antaki\u0173 formomis, l\u016bpda\u017ei\u0173 spalvomis ir sukurkite kerin\u010di\u0173 makia\u017eo derini\u0173. Patikusius derinius apra\u0161ykite, kad visuomet gal\u0117tum\u0117te jais pasinaudoti. Tokia praktika ne tik lavins \u012fg\u016bd\u017eius, bet ir pad\u0117s atsipalaiduoti ir i\u0161naudoti savo k\u016brybi\u0161kum\u0105.\" \/>\n<meta property=\"og:url\" content=\"https:\/\/skaitytaknyga.lt\/en\/produktas\/olesia-zuravliova-makiazo-knyga-2\/\" \/>\n<meta property=\"og:site_name\" content=\"Skaitytaknyga\" \/>\n<meta property=\"article:publisher\" content=\"https:\/\/www.facebook.com\/skaitytaknyga\/\" \/>\n<meta property=\"article:modified_time\" content=\"2024-05-04T14:47:54+00:00\" \/>\n<meta property=\"og:image\" content=\"https:\/\/skaitytaknyga.lt\/wp-content\/uploads\/2024\/04\/5e7319b77fa56_praktinmakiaoknyga.jpg\" \/>\n\t<meta property=\"og:image:width\" content=\"744\" \/>\n\t<meta property=\"og:image:height\" content=\"1000\" \/>\n\t<meta property=\"og:image:type\" content=\"image\/jpeg\" \/>\n<meta name=\"twitter:card\" content=\"summary_large_image\" \/>\n<meta name=\"twitter:label1\" content=\"Estimated reading time\" \/>\n\t<meta name=\"twitter:data1\" content=\"1 minute\" \/>\n<script type=\"application\/ld+json\" class=\"yoast-schema-graph\">{\"@context\":\"https:\/\/schema.org\",\"@graph\":[{\"@type\":\"WebPage\",\"@id\":\"https:\/\/skaitytaknyga.lt\/produktas\/olesia-zuravliova-makiazo-knyga-2\/\",\"url\":\"https:\/\/skaitytaknyga.lt\/produktas\/olesia-zuravliova-makiazo-knyga-2\/\",\"name\":\"Olesia \u017duravliova \u201eMakia\u017eo knyga\u201c - Skaitytaknyga\",\"isPartOf\":{\"@id\":\"https:\/\/skaitytaknyga.lt\/#website\"},\"primaryImageOfPage\":{\"@id\":\"https:\/\/skaitytaknyga.lt\/produktas\/olesia-zuravliova-makiazo-knyga-2\/#primaryimage\"},\"image\":{\"@id\":\"https:\/\/skaitytaknyga.lt\/produktas\/olesia-zuravliova-makiazo-knyga-2\/#primaryimage\"},\"thumbnailUrl\":\"https:\/\/skaitytaknyga.lt\/wp-content\/uploads\/2024\/04\/5e7319b77fa56_praktinmakiaoknyga.jpg\",\"datePublished\":\"2024-05-04T14:47:27+00:00\",\"dateModified\":\"2024-05-04T14:47:54+00:00\",\"description\":\"Teigiama, kad makia\u017e\u0105 geriau atlieka tie, kurie puikiai \u012fvald\u0119 pie\u0161imo arba tapymo men\u0105. Ne ma\u017eiau nei \u012fgudusi ranka kuriant makia\u017e\u0105 svarbus spalv\u0173, j\u0173 ton\u0173, ry\u0161kumo bei atspalvi\u0173 poj\u016btis. \u0160i knyga skirta lavinti praktiniams makia\u017eo atlikimo \u012fg\u016bd\u017eiams, eksperimentuojant su priemon\u0117mis ir spalvomis. Knygoje rasite ne tik pagrindines makia\u017eo schemas ir spalv\u0173 derinimo principus, bet ir daugyb\u0119 skirting\u0173 veid\u0173, kuriuos gal\u0117site dekoruoti, arba tradicin\u0117mis priemon\u0117mis: pie\u0161tukais, akvarele, kreidel\u0117mis, arba tuo, k\u0105 rasite savo kosmetin\u0117je: bronzantais, sausomis pudromis, \u017e\u0117ru\u010diais, aki\u0173 \u0161e\u0161\u0117liais, aki\u0173 apvadais, l\u016bpda\u017eiais... Eksperimentuokite su veido modeliavimu, antaki\u0173 formomis, l\u016bpda\u017ei\u0173 spalvomis ir sukurkite kerin\u010di\u0173 makia\u017eo derini\u0173. Patikusius derinius apra\u0161ykite, kad visuomet gal\u0117tum\u0117te jais pasinaudoti. Tokia praktika ne tik lavins \u012fg\u016bd\u017eius, bet ir pad\u0117s atsipalaiduoti ir i\u0161naudoti savo k\u016brybi\u0161kum\u0105.\",\"breadcrumb\":{\"@id\":\"https:\/\/skaitytaknyga.lt\/produktas\/olesia-zuravliova-makiazo-knyga-2\/#breadcrumb\"},\"inLanguage\":\"en-GB\",\"potentialAction\":[{\"@type\":\"ReadAction\",\"target\":[\"https:\/\/skaitytaknyga.lt\/produktas\/olesia-zuravliova-makiazo-knyga-2\/\"]}]},{\"@type\":\"ImageObject\",\"inLanguage\":\"en-GB\",\"@id\":\"https:\/\/skaitytaknyga.lt\/produktas\/olesia-zuravliova-makiazo-knyga-2\/#primaryimage\",\"url\":\"https:\/\/skaitytaknyga.lt\/wp-content\/uploads\/2024\/04\/5e7319b77fa56_praktinmakiaoknyga.jpg\",\"contentUrl\":\"https:\/\/skaitytaknyga.lt\/wp-content\/uploads\/2024\/04\/5e7319b77fa56_praktinmakiaoknyga.jpg\",\"width\":744,\"height\":1000},{\"@type\":\"BreadcrumbList\",\"@id\":\"https:\/\/skaitytaknyga.lt\/produktas\/olesia-zuravliova-makiazo-knyga-2\/#breadcrumb\",\"itemListElement\":[{\"@type\":\"ListItem\",\"position\":1,\"name\":\"Home\",\"item\":\"https:\/\/skaitytaknyga.lt\/\"},{\"@type\":\"ListItem\",\"position\":2,\"name\":\"Parduotuv\u0117\",\"item\":\"https:\/\/skaitytaknyga.lt\/knygu-parduotuve\/\"},{\"@type\":\"ListItem\",\"position\":3,\"name\":\"Olesia \u017duravliova \u201eMakia\u017eo knyga\u201c\"}]},{\"@type\":\"WebSite\",\"@id\":\"https:\/\/skaitytaknyga.lt\/#website\",\"url\":\"https:\/\/skaitytaknyga.lt\/\",\"name\":\"skaitytaknyga.lt\",\"description\":\"Skaitytaknyga.lt \u2013 tai ma\u017eas \u0161eimos verslas, kuris prasid\u0117jo nuo meil\u0117s knygoms ir siekio i\u0161gelb\u0117ti knygas nuo likimo prie konteinerio. Kas vienam nereikalingas daiktas \u2013 kitam lobis, o mes esame tarpininkai, kurie padeda abiems tapti laimingesniems ???? \u017dinome kaip nelengva i\u0161gyventi ma\u017eiems verslams, tad nuo \u0161iol, \u010dia rasite ir kit\u0173, ma\u017e\u0173 \u0161eim\u0173 versl\u0173, rank\u0173 darbo, dovan\u0173 sau ir artimiesiems.\",\"publisher\":{\"@id\":\"https:\/\/skaitytaknyga.lt\/#organization\"},\"potentialAction\":[{\"@type\":\"SearchAction\",\"target\":{\"@type\":\"EntryPoint\",\"urlTemplate\":\"https:\/\/skaitytaknyga.lt\/?s={search_term_string}\"},\"query-input\":{\"@type\":\"PropertyValueSpecification\",\"valueRequired\":true,\"valueName\":\"search_term_string\"}}],\"inLanguage\":\"en-GB\"},{\"@type\":\"Organization\",\"@id\":\"https:\/\/skaitytaknyga.lt\/#organization\",\"name\":\"skaitytaknyga.lt\",\"url\":\"https:\/\/skaitytaknyga.lt\/\",\"logo\":{\"@type\":\"ImageObject\",\"inLanguage\":\"en-GB\",\"@id\":\"https:\/\/skaitytaknyga.lt\/#\/schema\/logo\/image\/\",\"url\":\"https:\/\/skaitytaknyga.lt\/wp-content\/uploads\/2024\/05\/cropped-cropped-cropped-02_00843_jt3bggkj1j3HLc7SyY6rEUpg.jpeg\",\"contentUrl\":\"https:\/\/skaitytaknyga.lt\/wp-content\/uploads\/2024\/05\/cropped-cropped-cropped-02_00843_jt3bggkj1j3HLc7SyY6rEUpg.jpeg\",\"width\":1600,\"height\":1600,\"caption\":\"skaitytaknyga.lt\"},\"image\":{\"@id\":\"https:\/\/skaitytaknyga.lt\/#\/schema\/logo\/image\/\"},\"sameAs\":[\"https:\/\/www.facebook.com\/skaitytaknyga\/\"]}]}<\/script>\n<!-- \/ Yoast SEO plugin. -->","yoast_head_json":{"title":"Olesia \u017duravliova \u201eMakia\u017eo knyga\u201c - Skaitytaknyga","description":"Teigiama, kad makia\u017e\u0105 geriau atlieka tie, kurie puikiai \u012fvald\u0119 pie\u0161imo arba tapymo men\u0105. Ne ma\u017eiau nei \u012fgudusi ranka kuriant makia\u017e\u0105 svarbus spalv\u0173, j\u0173 ton\u0173, ry\u0161kumo bei atspalvi\u0173 poj\u016btis. \u0160i knyga skirta lavinti praktiniams makia\u017eo atlikimo \u012fg\u016bd\u017eiams, eksperimentuojant su priemon\u0117mis ir spalvomis.  Knygoje rasite ne tik pagrindines makia\u017eo schemas ir spalv\u0173 derinimo principus, bet ir daugyb\u0119 skirting\u0173 veid\u0173, kuriuos gal\u0117site dekoruoti, arba tradicin\u0117mis priemon\u0117mis: pie\u0161tukais, akvarele, kreidel\u0117mis, arba tuo, k\u0105 rasite savo kosmetin\u0117je: bronzantais, sausomis pudromis, \u017e\u0117ru\u010diais, aki\u0173 \u0161e\u0161\u0117liais, aki\u0173 apvadais, l\u016bpda\u017eiais...  Eksperimentuokite su veido modeliavimu, antaki\u0173 formomis, l\u016bpda\u017ei\u0173 spalvomis ir sukurkite kerin\u010di\u0173 makia\u017eo derini\u0173. Patikusius derinius apra\u0161ykite, kad visuomet gal\u0117tum\u0117te jais pasinaudoti. Tokia praktika ne tik lavins \u012fg\u016bd\u017eius, bet ir pad\u0117s atsipalaiduoti ir i\u0161naudoti savo k\u016brybi\u0161kum\u0105.","robots":{"index":"index","follow":"follow","max-snippet":"max-snippet:-1","max-image-preview":"max-image-preview:large","max-video-preview":"max-video-preview:-1"},"canonical":"https:\/\/skaitytaknyga.lt\/en\/produktas\/olesia-zuravliova-makiazo-knyga-2\/","og_locale":"en_GB","og_type":"article","og_title":"Olesia \u017duravliova \u201eMakia\u017eo knyga\u201c - Skaitytaknyga","og_description":"Teigiama, kad makia\u017e\u0105 geriau atlieka tie, kurie puikiai \u012fvald\u0119 pie\u0161imo arba tapymo men\u0105. Ne ma\u017eiau nei \u012fgudusi ranka kuriant makia\u017e\u0105 svarbus spalv\u0173, j\u0173 ton\u0173, ry\u0161kumo bei atspalvi\u0173 poj\u016btis. \u0160i knyga skirta lavinti praktiniams makia\u017eo atlikimo \u012fg\u016bd\u017eiams, eksperimentuojant su priemon\u0117mis ir spalvomis.  Knygoje rasite ne tik pagrindines makia\u017eo schemas ir spalv\u0173 derinimo principus, bet ir daugyb\u0119 skirting\u0173 veid\u0173, kuriuos gal\u0117site dekoruoti, arba tradicin\u0117mis priemon\u0117mis: pie\u0161tukais, akvarele, kreidel\u0117mis, arba tuo, k\u0105 rasite savo kosmetin\u0117je: bronzantais, sausomis pudromis, \u017e\u0117ru\u010diais, aki\u0173 \u0161e\u0161\u0117liais, aki\u0173 apvadais, l\u016bpda\u017eiais...  Eksperimentuokite su veido modeliavimu, antaki\u0173 formomis, l\u016bpda\u017ei\u0173 spalvomis ir sukurkite kerin\u010di\u0173 makia\u017eo derini\u0173. Patikusius derinius apra\u0161ykite, kad visuomet gal\u0117tum\u0117te jais pasinaudoti. Tokia praktika ne tik lavins \u012fg\u016bd\u017eius, bet ir pad\u0117s atsipalaiduoti ir i\u0161naudoti savo k\u016brybi\u0161kum\u0105.","og_url":"https:\/\/skaitytaknyga.lt\/en\/produktas\/olesia-zuravliova-makiazo-knyga-2\/","og_site_name":"Skaitytaknyga","article_publisher":"https:\/\/www.facebook.com\/skaitytaknyga\/","article_modified_time":"2024-05-04T14:47:54+00:00","og_image":[{"width":744,"height":1000,"url":"https:\/\/skaitytaknyga.lt\/wp-content\/uploads\/2024\/04\/5e7319b77fa56_praktinmakiaoknyga.jpg","type":"image\/jpeg"}],"twitter_card":"summary_large_image","twitter_misc":{"Estimated reading time":"1 minute"},"schema":{"@context":"https:\/\/schema.org","@graph":[{"@type":"WebPage","@id":"https:\/\/skaitytaknyga.lt\/produktas\/olesia-zuravliova-makiazo-knyga-2\/","url":"https:\/\/skaitytaknyga.lt\/produktas\/olesia-zuravliova-makiazo-knyga-2\/","name":"Olesia \u017duravliova \u201eMakia\u017eo knyga\u201c - Skaitytaknyga","isPartOf":{"@id":"https:\/\/skaitytaknyga.lt\/#website"},"primaryImageOfPage":{"@id":"https:\/\/skaitytaknyga.lt\/produktas\/olesia-zuravliova-makiazo-knyga-2\/#primaryimage"},"image":{"@id":"https:\/\/skaitytaknyga.lt\/produktas\/olesia-zuravliova-makiazo-knyga-2\/#primaryimage"},"thumbnailUrl":"https:\/\/skaitytaknyga.lt\/wp-content\/uploads\/2024\/04\/5e7319b77fa56_praktinmakiaoknyga.jpg","datePublished":"2024-05-04T14:47:27+00:00","dateModified":"2024-05-04T14:47:54+00:00","description":"Teigiama, kad makia\u017e\u0105 geriau atlieka tie, kurie puikiai \u012fvald\u0119 pie\u0161imo arba tapymo men\u0105. Ne ma\u017eiau nei \u012fgudusi ranka kuriant makia\u017e\u0105 svarbus spalv\u0173, j\u0173 ton\u0173, ry\u0161kumo bei atspalvi\u0173 poj\u016btis. \u0160i knyga skirta lavinti praktiniams makia\u017eo atlikimo \u012fg\u016bd\u017eiams, eksperimentuojant su priemon\u0117mis ir spalvomis. Knygoje rasite ne tik pagrindines makia\u017eo schemas ir spalv\u0173 derinimo principus, bet ir daugyb\u0119 skirting\u0173 veid\u0173, kuriuos gal\u0117site dekoruoti, arba tradicin\u0117mis priemon\u0117mis: pie\u0161tukais, akvarele, kreidel\u0117mis, arba tuo, k\u0105 rasite savo kosmetin\u0117je: bronzantais, sausomis pudromis, \u017e\u0117ru\u010diais, aki\u0173 \u0161e\u0161\u0117liais, aki\u0173 apvadais, l\u016bpda\u017eiais... Eksperimentuokite su veido modeliavimu, antaki\u0173 formomis, l\u016bpda\u017ei\u0173 spalvomis ir sukurkite kerin\u010di\u0173 makia\u017eo derini\u0173. Patikusius derinius apra\u0161ykite, kad visuomet gal\u0117tum\u0117te jais pasinaudoti. Tokia praktika ne tik lavins \u012fg\u016bd\u017eius, bet ir pad\u0117s atsipalaiduoti ir i\u0161naudoti savo k\u016brybi\u0161kum\u0105.","breadcrumb":{"@id":"https:\/\/skaitytaknyga.lt\/produktas\/olesia-zuravliova-makiazo-knyga-2\/#breadcrumb"},"inLanguage":"en-GB","potentialAction":[{"@type":"ReadAction","target":["https:\/\/skaitytaknyga.lt\/produktas\/olesia-zuravliova-makiazo-knyga-2\/"]}]},{"@type":"ImageObject","inLanguage":"en-GB","@id":"https:\/\/skaitytaknyga.lt\/produktas\/olesia-zuravliova-makiazo-knyga-2\/#primaryimage","url":"https:\/\/skaitytaknyga.lt\/wp-content\/uploads\/2024\/04\/5e7319b77fa56_praktinmakiaoknyga.jpg","contentUrl":"https:\/\/skaitytaknyga.lt\/wp-content\/uploads\/2024\/04\/5e7319b77fa56_praktinmakiaoknyga.jpg","width":744,"height":1000},{"@type":"BreadcrumbList","@id":"https:\/\/skaitytaknyga.lt\/produktas\/olesia-zuravliova-makiazo-knyga-2\/#breadcrumb","itemListElement":[{"@type":"ListItem","position":1,"name":"Home","item":"https:\/\/skaitytaknyga.lt\/"},{"@type":"ListItem","position":2,"name":"Parduotuv\u0117","item":"https:\/\/skaitytaknyga.lt\/knygu-parduotuve\/"},{"@type":"ListItem","position":3,"name":"Olesia \u017duravliova \u201eMakia\u017eo knyga\u201c"}]},{"@type":"WebSite","@id":"https:\/\/skaitytaknyga.lt\/#website","url":"https:\/\/skaitytaknyga.lt\/","name":"skaitytaknyga.lt","description":"Skaitytaknyga.lt \u2013 tai ma\u017eas \u0161eimos verslas, kuris prasid\u0117jo nuo meil\u0117s knygoms ir siekio i\u0161gelb\u0117ti knygas nuo likimo prie konteinerio. Kas vienam nereikalingas daiktas \u2013 kitam lobis, o mes esame tarpininkai, kurie padeda abiems tapti laimingesniems ???? \u017dinome kaip nelengva i\u0161gyventi ma\u017eiems verslams, tad nuo \u0161iol, \u010dia rasite ir kit\u0173, ma\u017e\u0173 \u0161eim\u0173 versl\u0173, rank\u0173 darbo, dovan\u0173 sau ir artimiesiems.","publisher":{"@id":"https:\/\/skaitytaknyga.lt\/#organization"},"potentialAction":[{"@type":"SearchAction","target":{"@type":"EntryPoint","urlTemplate":"https:\/\/skaitytaknyga.lt\/?s={search_term_string}"},"query-input":{"@type":"PropertyValueSpecification","valueRequired":true,"valueName":"search_term_string"}}],"inLanguage":"en-GB"},{"@type":"Organization","@id":"https:\/\/skaitytaknyga.lt\/#organization","name":"skaitytaknyga.lt","url":"https:\/\/skaitytaknyga.lt\/","logo":{"@type":"ImageObject","inLanguage":"en-GB","@id":"https:\/\/skaitytaknyga.lt\/#\/schema\/logo\/image\/","url":"https:\/\/skaitytaknyga.lt\/wp-content\/uploads\/2024\/05\/cropped-cropped-cropped-02_00843_jt3bggkj1j3HLc7SyY6rEUpg.jpeg","contentUrl":"https:\/\/skaitytaknyga.lt\/wp-content\/uploads\/2024\/05\/cropped-cropped-cropped-02_00843_jt3bggkj1j3HLc7SyY6rEUpg.jpeg","width":1600,"height":1600,"caption":"skaitytaknyga.lt"},"image":{"@id":"https:\/\/skaitytaknyga.lt\/#\/schema\/logo\/image\/"},"sameAs":["https:\/\/www.facebook.com\/skaitytaknyga\/"]}]}},"_links":{"self":[{"href":"https:\/\/skaitytaknyga.lt\/en\/wp-json\/wp\/v2\/product\/8559","targetHints":{"allow":["GET"]}}],"collection":[{"href":"https:\/\/skaitytaknyga.lt\/en\/wp-json\/wp\/v2\/product"}],"about":[{"href":"https:\/\/skaitytaknyga.lt\/en\/wp-json\/wp\/v2\/types\/product"}],"replies":[{"embeddable":true,"href":"https:\/\/skaitytaknyga.lt\/en\/wp-json\/wp\/v2\/comments?post=8559"}],"wp:featuredmedia":[{"embeddable":true,"href":"https:\/\/skaitytaknyga.lt\/en\/wp-json\/wp\/v2\/media\/4793"}],"wp:attachment":[{"href":"https:\/\/skaitytaknyga.lt\/en\/wp-json\/wp\/v2\/media?parent=8559"}],"wp:term":[{"taxonomy":"product_brand","embeddable":true,"href":"https:\/\/skaitytaknyga.lt\/en\/wp-json\/wp\/v2\/product_brand?post=8559"},{"taxonomy":"product_cat","embeddable":true,"href":"https:\/\/skaitytaknyga.lt\/en\/wp-json\/wp\/v2\/product_cat?post=8559"},{"taxonomy":"product_tag","embeddable":true,"href":"https:\/\/skaitytaknyga.lt\/en\/wp-json\/wp\/v2\/product_tag?post=8559"}],"curies":[{"name":"wp","href":"https:\/\/api.w.org\/{rel}","templated":true}]}}