{"id":8544,"date":"2024-05-04T14:47:26","date_gmt":"2024-05-04T14:47:26","guid":{"rendered":"https:\/\/skaitytaknyga.lt\/?post_type=product&#038;p=8544"},"modified":"2025-04-29T08:10:05","modified_gmt":"2025-04-29T05:10:05","slug":"aprilynne-pike-apzavai-2","status":"publish","type":"product","link":"https:\/\/skaitytaknyga.lt\/en\/produktas\/aprilynne-pike-apzavai-2\/","title":{"rendered":"Ap\u017eavai"},"content":{"rendered":"<p>\u201eAp\u017eavai\u201d\u00a0yra tre\u010dioji knyga i\u0161\u00a0\u201eSparn\u0173\u201d\u00a0serijos, kuri jaun\u0105 ra\u0161ytoj\u0105 pastat\u0117 \u012f vien\u0105 gret\u0105 su S. Meyer ir J. K. Rowling. Nuostabaus f\u0117j\u0173 pasaulio paker\u0117ti skaitytojai tvirtina, kad Aprilynne Pike tobul\u0117ja su kiekviena knyga, ir nekantriai laukia ketvirtosios dalies.<br \/>\n\u017dmoni\u0173 u\u017eauginta f\u0117ja Lorel\u0117 nemat\u0117 Tamenio nuo pra\u0117jusi\u0173 met\u0173, kai pati papra\u0161\u0117 jo i\u0161vykti. Nors \u0161ird\u012f vis dar gelia prisiminus gundan\u010di\u0173 \u017eali\u0173 aki\u0173 f\u0117j\u0173 sargybin\u012f, ji tiki, jog pasirinko teisingai likdama su Deividu. Gyvenimas baigiamojoje klas\u0117je sr\u016bva kaip rami up\u0117, ta\u010diau ta ramyb\u0117 \u2013 prie\u0161 audr\u0105. Vien\u0105 dien\u0105 klas\u0117je pasirodo naujokai i\u0161 mokini\u0173 main\u0173 programos. Negana to, kad jie abu \u017ealiomis f\u0117j\u0173 akimis, bet atkeliauja su savo paslaptimis ir kelia nepaai\u0161kinam\u0105 nerim\u0105 Lorelei. Jeigu jai ir Avalonui i\u0161 ties\u0173 i\u0161kilo gr\u0117sm\u0117, ar jie bus Lorel\u0117s pus\u0117je? Jeigu ir taip, ar jos pus\u0117 liks nugal\u0117toja?<\/p>\n","protected":false},"excerpt":{"rendered":"<p>\u201eAp\u017eavai\u201d\u00a0yra tre\u010dioji knyga i\u0161\u00a0\u201eSparn\u0173\u201d\u00a0serijos, kuri jaun\u0105 ra\u0161ytoj\u0105 pastat\u0117 \u012f vien\u0105 gret\u0105 su S. Meyer ir J. K. Rowling. Nuostabaus f\u0117j\u0173 pasaulio paker\u0117ti skaitytojai tvirtina, kad Aprilynne Pike tobul\u0117ja su kiekviena knyga, ir nekantriai laukia ketvirtosios dalies.<br \/>\n\u017dmoni\u0173 u\u017eauginta f\u0117ja Lorel\u0117 nemat\u0117 Tamenio nuo pra\u0117jusi\u0173 met\u0173, kai pati papra\u0161\u0117 jo i\u0161vykti. Nors \u0161ird\u012f vis dar gelia prisiminus gundan\u010di\u0173 \u017eali\u0173 aki\u0173 f\u0117j\u0173 sargybin\u012f, ji tiki, jog pasirinko teisingai likdama su Deividu. Gyvenimas baigiamojoje klas\u0117je sr\u016bva kaip rami up\u0117, ta\u010diau ta ramyb\u0117 \u2013 prie\u0161 audr\u0105. Vien\u0105 dien\u0105 klas\u0117je pasirodo naujokai i\u0161 mokini\u0173 main\u0173 programos. Negana to, kad jie abu \u017ealiomis f\u0117j\u0173 akimis, bet atkeliauja su savo paslaptimis ir kelia nepaai\u0161kinam\u0105 nerim\u0105 Lorelei. Jeigu jai ir Avalonui i\u0161 ties\u0173 i\u0161kilo gr\u0117sm\u0117, ar jie bus Lorel\u0117s pus\u0117je? Jeigu ir taip, ar jos pus\u0117 liks nugal\u0117toja?<\/p>\n","protected":false},"featured_media":4747,"comment_status":"closed","ping_status":"closed","template":"","meta":{"_acf_changed":false,"site-sidebar-layout":"default","site-content-layout":"","ast-site-content-layout":"default","site-content-style":"default","site-sidebar-style":"default","ast-global-header-display":"","ast-banner-title-visibility":"","ast-main-header-display":"","ast-hfb-above-header-display":"","ast-hfb-below-header-display":"","ast-hfb-mobile-header-display":"","site-post-title":"","ast-breadcrumbs-content":"","ast-featured-img":"","footer-sml-layout":"","ast-disable-related-posts":"","theme-transparent-header-meta":"","adv-header-id-meta":"","stick-header-meta":"","header-above-stick-meta":"","header-main-stick-meta":"","header-below-stick-meta":"","astra-migrate-meta-layouts":"default","ast-page-background-enabled":"default","ast-page-background-meta":{"desktop":{"background-color":"","background-image":"","background-repeat":"repeat","background-position":"center center","background-size":"auto","background-attachment":"scroll","background-type":"","background-media":"","overlay-type":"","overlay-color":"","overlay-opacity":"","overlay-gradient":""},"tablet":{"background-color":"","background-image":"","background-repeat":"repeat","background-position":"center center","background-size":"auto","background-attachment":"scroll","background-type":"","background-media":"","overlay-type":"","overlay-color":"","overlay-opacity":"","overlay-gradient":""},"mobile":{"background-color":"","background-image":"","background-repeat":"repeat","background-position":"center center","background-size":"auto","background-attachment":"scroll","background-type":"","background-media":"","overlay-type":"","overlay-color":"","overlay-opacity":"","overlay-gradient":""}},"ast-content-background-meta":{"desktop":{"background-color":"var(--ast-global-color-4)","background-image":"","background-repeat":"repeat","background-position":"center center","background-size":"auto","background-attachment":"scroll","background-type":"","background-media":"","overlay-type":"","overlay-color":"","overlay-opacity":"","overlay-gradient":""},"tablet":{"background-color":"var(--ast-global-color-4)","background-image":"","background-repeat":"repeat","background-position":"center center","background-size":"auto","background-attachment":"scroll","background-type":"","background-media":"","overlay-type":"","overlay-color":"","overlay-opacity":"","overlay-gradient":""},"mobile":{"background-color":"var(--ast-global-color-4)","background-image":"","background-repeat":"repeat","background-position":"center center","background-size":"auto","background-attachment":"scroll","background-type":"","background-media":"","overlay-type":"","overlay-color":"","overlay-opacity":"","overlay-gradient":""}}},"product_brand":[],"product_cat":[35],"product_tag":[],"class_list":{"0":"post-8544","1":"product","2":"type-product","3":"status-publish","4":"has-post-thumbnail","6":"product_cat-vaikams-ir-paaugliams","7":"desktop-align-left","8":"tablet-align-left","9":"mobile-align-left","11":"first","12":"instock","13":"shipping-taxable","14":"purchasable","15":"product-type-simple"},"acf":[],"yoast_head":"<!-- This site is optimized with the Yoast SEO plugin v27.4 - https:\/\/yoast.com\/product\/yoast-seo-wordpress\/ -->\n<title>Ap\u017eavai<\/title>\n<meta name=\"description\" content=\"\u201eAp\u017eavai\u201d\u00a0yra tre\u010dioji knyga i\u0161\u00a0\u201eSparn\u0173\u201d\u00a0serijos, kuri jaun\u0105 ra\u0161ytoj\u0105 pastat\u0117 \u012f vien\u0105 gret\u0105 su S. Meyer ir J. K. Rowling. Nuostabaus f\u0117j\u0173 pasaulio paker\u0117ti skaitytojai tvirtina, kad Aprilynne Pike tobul\u0117ja su kiekviena knyga, ir nekantriai laukia ketvirtosios dalies. \u017dmoni\u0173 u\u017eauginta f\u0117ja Lorel\u0117 nemat\u0117 Tamenio nuo pra\u0117jusi\u0173 met\u0173, kai pati papra\u0161\u0117 jo i\u0161vykti. Nors \u0161ird\u012f vis dar gelia prisiminus gundan\u010di\u0173 \u017eali\u0173 aki\u0173 f\u0117j\u0173 sargybin\u012f, ji tiki, jog pasirinko teisingai likdama su Deividu. Gyvenimas baigiamojoje klas\u0117je sr\u016bva kaip rami up\u0117, ta\u010diau ta ramyb\u0117 \u2013 prie\u0161 audr\u0105. Vien\u0105 dien\u0105 klas\u0117je pasirodo naujokai i\u0161 mokini\u0173 main\u0173 programos. Negana to, kad jie abu \u017ealiomis f\u0117j\u0173 akimis, bet atkeliauja su savo paslaptimis ir kelia nepaai\u0161kinam\u0105 nerim\u0105 Lorelei. Jeigu jai ir Avalonui i\u0161 ties\u0173 i\u0161kilo gr\u0117sm\u0117, ar jie bus Lorel\u0117s pus\u0117je? Jeigu ir taip, ar jos pus\u0117 liks nugal\u0117toja?\" \/>\n<meta name=\"robots\" content=\"index, follow, max-snippet:-1, max-image-preview:large, max-video-preview:-1\" \/>\n<link rel=\"canonical\" href=\"https:\/\/skaitytaknyga.lt\/en\/produktas\/aprilynne-pike-apzavai-2\/\" \/>\n<meta property=\"og:locale\" content=\"en_GB\" \/>\n<meta property=\"og:locale:alternate\" content=\"lt_LT\" \/>\n<meta property=\"og:type\" content=\"article\" \/>\n<meta property=\"og:title\" content=\"Ap\u017eavai\" \/>\n<meta property=\"og:description\" content=\"\u201eAp\u017eavai\u201d\u00a0yra tre\u010dioji knyga i\u0161\u00a0\u201eSparn\u0173\u201d\u00a0serijos, kuri jaun\u0105 ra\u0161ytoj\u0105 pastat\u0117 \u012f vien\u0105 gret\u0105 su S. Meyer ir J. K. Rowling. Nuostabaus f\u0117j\u0173 pasaulio paker\u0117ti skaitytojai tvirtina, kad Aprilynne Pike tobul\u0117ja su kiekviena knyga, ir nekantriai laukia ketvirtosios dalies. \u017dmoni\u0173 u\u017eauginta f\u0117ja Lorel\u0117 nemat\u0117 Tamenio nuo pra\u0117jusi\u0173 met\u0173, kai pati papra\u0161\u0117 jo i\u0161vykti. Nors \u0161ird\u012f vis dar gelia prisiminus gundan\u010di\u0173 \u017eali\u0173 aki\u0173 f\u0117j\u0173 sargybin\u012f, ji tiki, jog pasirinko teisingai likdama su Deividu. Gyvenimas baigiamojoje klas\u0117je sr\u016bva kaip rami up\u0117, ta\u010diau ta ramyb\u0117 \u2013 prie\u0161 audr\u0105. Vien\u0105 dien\u0105 klas\u0117je pasirodo naujokai i\u0161 mokini\u0173 main\u0173 programos. Negana to, kad jie abu \u017ealiomis f\u0117j\u0173 akimis, bet atkeliauja su savo paslaptimis ir kelia nepaai\u0161kinam\u0105 nerim\u0105 Lorelei. Jeigu jai ir Avalonui i\u0161 ties\u0173 i\u0161kilo gr\u0117sm\u0117, ar jie bus Lorel\u0117s pus\u0117je? Jeigu ir taip, ar jos pus\u0117 liks nugal\u0117toja?\" \/>\n<meta property=\"og:url\" content=\"https:\/\/skaitytaknyga.lt\/en\/produktas\/aprilynne-pike-apzavai-2\/\" \/>\n<meta property=\"og:site_name\" content=\"Skaitytaknyga\" \/>\n<meta property=\"article:publisher\" content=\"https:\/\/www.facebook.com\/skaitytaknyga\/\" \/>\n<meta property=\"article:modified_time\" content=\"2025-04-29T05:10:05+00:00\" \/>\n<meta property=\"og:image\" content=\"https:\/\/skaitytaknyga.lt\/wp-content\/uploads\/2024\/04\/1462873797_apzavaivirselis2d.jpg\" \/>\n\t<meta property=\"og:image:width\" content=\"288\" \/>\n\t<meta property=\"og:image:height\" content=\"430\" \/>\n\t<meta property=\"og:image:type\" content=\"image\/jpeg\" \/>\n<meta name=\"twitter:card\" content=\"summary_large_image\" \/>\n<meta name=\"twitter:label1\" content=\"Estimated reading time\" \/>\n\t<meta name=\"twitter:data1\" content=\"1 minute\" \/>\n<script type=\"application\/ld+json\" class=\"yoast-schema-graph\">{\"@context\":\"https:\\\/\\\/schema.org\",\"@graph\":[{\"@type\":\"WebPage\",\"@id\":\"https:\\\/\\\/skaitytaknyga.lt\\\/produktas\\\/aprilynne-pike-apzavai-2\\\/\",\"url\":\"https:\\\/\\\/skaitytaknyga.lt\\\/produktas\\\/aprilynne-pike-apzavai-2\\\/\",\"name\":\"Ap\u017eavai\",\"isPartOf\":{\"@id\":\"https:\\\/\\\/skaitytaknyga.lt\\\/#website\"},\"primaryImageOfPage\":{\"@id\":\"https:\\\/\\\/skaitytaknyga.lt\\\/produktas\\\/aprilynne-pike-apzavai-2\\\/#primaryimage\"},\"image\":{\"@id\":\"https:\\\/\\\/skaitytaknyga.lt\\\/produktas\\\/aprilynne-pike-apzavai-2\\\/#primaryimage\"},\"thumbnailUrl\":\"https:\\\/\\\/skaitytaknyga.lt\\\/wp-content\\\/uploads\\\/2024\\\/04\\\/1462873797_apzavaivirselis2d.jpg\",\"datePublished\":\"2024-05-04T14:47:26+00:00\",\"dateModified\":\"2025-04-29T05:10:05+00:00\",\"description\":\"\u201eAp\u017eavai\u201d\u00a0yra tre\u010dioji knyga i\u0161\u00a0\u201eSparn\u0173\u201d\u00a0serijos, kuri jaun\u0105 ra\u0161ytoj\u0105 pastat\u0117 \u012f vien\u0105 gret\u0105 su S. Meyer ir J. K. Rowling. Nuostabaus f\u0117j\u0173 pasaulio paker\u0117ti skaitytojai tvirtina, kad Aprilynne Pike tobul\u0117ja su kiekviena knyga, ir nekantriai laukia ketvirtosios dalies. \u017dmoni\u0173 u\u017eauginta f\u0117ja Lorel\u0117 nemat\u0117 Tamenio nuo pra\u0117jusi\u0173 met\u0173, kai pati papra\u0161\u0117 jo i\u0161vykti. Nors \u0161ird\u012f vis dar gelia prisiminus gundan\u010di\u0173 \u017eali\u0173 aki\u0173 f\u0117j\u0173 sargybin\u012f, ji tiki, jog pasirinko teisingai likdama su Deividu. Gyvenimas baigiamojoje klas\u0117je sr\u016bva kaip rami up\u0117, ta\u010diau ta ramyb\u0117 \u2013 prie\u0161 audr\u0105. Vien\u0105 dien\u0105 klas\u0117je pasirodo naujokai i\u0161 mokini\u0173 main\u0173 programos. Negana to, kad jie abu \u017ealiomis f\u0117j\u0173 akimis, bet atkeliauja su savo paslaptimis ir kelia nepaai\u0161kinam\u0105 nerim\u0105 Lorelei. Jeigu jai ir Avalonui i\u0161 ties\u0173 i\u0161kilo gr\u0117sm\u0117, ar jie bus Lorel\u0117s pus\u0117je? Jeigu ir taip, ar jos pus\u0117 liks nugal\u0117toja?\",\"breadcrumb\":{\"@id\":\"https:\\\/\\\/skaitytaknyga.lt\\\/produktas\\\/aprilynne-pike-apzavai-2\\\/#breadcrumb\"},\"inLanguage\":\"en-GB\",\"potentialAction\":[{\"@type\":\"ReadAction\",\"target\":[\"https:\\\/\\\/skaitytaknyga.lt\\\/produktas\\\/aprilynne-pike-apzavai-2\\\/\"]}]},{\"@type\":\"ImageObject\",\"inLanguage\":\"en-GB\",\"@id\":\"https:\\\/\\\/skaitytaknyga.lt\\\/produktas\\\/aprilynne-pike-apzavai-2\\\/#primaryimage\",\"url\":\"https:\\\/\\\/skaitytaknyga.lt\\\/wp-content\\\/uploads\\\/2024\\\/04\\\/1462873797_apzavaivirselis2d.jpg\",\"contentUrl\":\"https:\\\/\\\/skaitytaknyga.lt\\\/wp-content\\\/uploads\\\/2024\\\/04\\\/1462873797_apzavaivirselis2d.jpg\",\"width\":288,\"height\":430},{\"@type\":\"BreadcrumbList\",\"@id\":\"https:\\\/\\\/skaitytaknyga.lt\\\/produktas\\\/aprilynne-pike-apzavai-2\\\/#breadcrumb\",\"itemListElement\":[{\"@type\":\"ListItem\",\"position\":1,\"name\":\"Home\",\"item\":\"https:\\\/\\\/skaitytaknyga.lt\\\/\"},{\"@type\":\"ListItem\",\"position\":2,\"name\":\"Parduotuv\u0117\",\"item\":\"https:\\\/\\\/skaitytaknyga.lt\\\/knygu-parduotuve\\\/\"},{\"@type\":\"ListItem\",\"position\":3,\"name\":\"Ap\u017eavai\"}]},{\"@type\":\"WebSite\",\"@id\":\"https:\\\/\\\/skaitytaknyga.lt\\\/#website\",\"url\":\"https:\\\/\\\/skaitytaknyga.lt\\\/\",\"name\":\"skaitytaknyga.lt\",\"description\":\"Skaitytaknyga.lt \u2013 tai ma\u017eas \u0161eimos verslas, kuris prasid\u0117jo nuo meil\u0117s knygoms ir siekio i\u0161gelb\u0117ti knygas nuo likimo prie konteinerio. Kas vienam nereikalingas daiktas \u2013 kitam lobis, o mes esame tarpininkai, kurie padeda abiems tapti laimingesniems ???? \u017dinome kaip nelengva i\u0161gyventi ma\u017eiems verslams, tad nuo \u0161iol, \u010dia rasite ir kit\u0173, ma\u017e\u0173 \u0161eim\u0173 versl\u0173, rank\u0173 darbo, dovan\u0173 sau ir artimiesiems.\",\"publisher\":{\"@id\":\"https:\\\/\\\/skaitytaknyga.lt\\\/#organization\"},\"potentialAction\":[{\"@type\":\"SearchAction\",\"target\":{\"@type\":\"EntryPoint\",\"urlTemplate\":\"https:\\\/\\\/skaitytaknyga.lt\\\/?s={search_term_string}\"},\"query-input\":{\"@type\":\"PropertyValueSpecification\",\"valueRequired\":true,\"valueName\":\"search_term_string\"}}],\"inLanguage\":\"en-GB\"},{\"@type\":\"Organization\",\"@id\":\"https:\\\/\\\/skaitytaknyga.lt\\\/#organization\",\"name\":\"skaitytaknyga.lt\",\"url\":\"https:\\\/\\\/skaitytaknyga.lt\\\/\",\"logo\":{\"@type\":\"ImageObject\",\"inLanguage\":\"en-GB\",\"@id\":\"https:\\\/\\\/skaitytaknyga.lt\\\/#\\\/schema\\\/logo\\\/image\\\/\",\"url\":\"https:\\\/\\\/skaitytaknyga.lt\\\/wp-content\\\/uploads\\\/2024\\\/05\\\/cropped-cropped-cropped-02_00843_jt3bggkj1j3HLc7SyY6rEUpg.jpeg\",\"contentUrl\":\"https:\\\/\\\/skaitytaknyga.lt\\\/wp-content\\\/uploads\\\/2024\\\/05\\\/cropped-cropped-cropped-02_00843_jt3bggkj1j3HLc7SyY6rEUpg.jpeg\",\"width\":1600,\"height\":1600,\"caption\":\"skaitytaknyga.lt\"},\"image\":{\"@id\":\"https:\\\/\\\/skaitytaknyga.lt\\\/#\\\/schema\\\/logo\\\/image\\\/\"},\"sameAs\":[\"https:\\\/\\\/www.facebook.com\\\/skaitytaknyga\\\/\"]}]}<\/script>\n<!-- \/ Yoast SEO plugin. -->","yoast_head_json":{"title":"Ap\u017eavai","description":"\u201eAp\u017eavai\u201d\u00a0yra tre\u010dioji knyga i\u0161\u00a0\u201eSparn\u0173\u201d\u00a0serijos, kuri jaun\u0105 ra\u0161ytoj\u0105 pastat\u0117 \u012f vien\u0105 gret\u0105 su S. Meyer ir J. K. Rowling. Nuostabaus f\u0117j\u0173 pasaulio paker\u0117ti skaitytojai tvirtina, kad Aprilynne Pike tobul\u0117ja su kiekviena knyga, ir nekantriai laukia ketvirtosios dalies. \u017dmoni\u0173 u\u017eauginta f\u0117ja Lorel\u0117 nemat\u0117 Tamenio nuo pra\u0117jusi\u0173 met\u0173, kai pati papra\u0161\u0117 jo i\u0161vykti. Nors \u0161ird\u012f vis dar gelia prisiminus gundan\u010di\u0173 \u017eali\u0173 aki\u0173 f\u0117j\u0173 sargybin\u012f, ji tiki, jog pasirinko teisingai likdama su Deividu. Gyvenimas baigiamojoje klas\u0117je sr\u016bva kaip rami up\u0117, ta\u010diau ta ramyb\u0117 \u2013 prie\u0161 audr\u0105. Vien\u0105 dien\u0105 klas\u0117je pasirodo naujokai i\u0161 mokini\u0173 main\u0173 programos. Negana to, kad jie abu \u017ealiomis f\u0117j\u0173 akimis, bet atkeliauja su savo paslaptimis ir kelia nepaai\u0161kinam\u0105 nerim\u0105 Lorelei. Jeigu jai ir Avalonui i\u0161 ties\u0173 i\u0161kilo gr\u0117sm\u0117, ar jie bus Lorel\u0117s pus\u0117je? Jeigu ir taip, ar jos pus\u0117 liks nugal\u0117toja?","robots":{"index":"index","follow":"follow","max-snippet":"max-snippet:-1","max-image-preview":"max-image-preview:large","max-video-preview":"max-video-preview:-1"},"canonical":"https:\/\/skaitytaknyga.lt\/en\/produktas\/aprilynne-pike-apzavai-2\/","og_locale":"en_GB","og_type":"article","og_title":"[:lt]Ap\u017eavai[:] - Skaitytaknyga","og_description":"\u201eAp\u017eavai\u201d\u00a0yra tre\u010dioji knyga i\u0161\u00a0\u201eSparn\u0173\u201d\u00a0serijos, kuri jaun\u0105 ra\u0161ytoj\u0105 pastat\u0117 \u012f vien\u0105 gret\u0105 su S. Meyer ir J. K. Rowling. Nuostabaus f\u0117j\u0173 pasaulio paker\u0117ti skaitytojai tvirtina, kad Aprilynne Pike tobul\u0117ja su kiekviena knyga, ir nekantriai laukia ketvirtosios dalies. \u017dmoni\u0173 u\u017eauginta f\u0117ja Lorel\u0117 nemat\u0117 Tamenio nuo pra\u0117jusi\u0173 met\u0173, kai pati papra\u0161\u0117 jo i\u0161vykti. Nors \u0161ird\u012f vis dar gelia prisiminus gundan\u010di\u0173 \u017eali\u0173 aki\u0173 f\u0117j\u0173 sargybin\u012f, ji tiki, jog pasirinko teisingai likdama su Deividu. Gyvenimas baigiamojoje klas\u0117je sr\u016bva kaip rami up\u0117, ta\u010diau ta ramyb\u0117 \u2013 prie\u0161 audr\u0105. Vien\u0105 dien\u0105 klas\u0117je pasirodo naujokai i\u0161 mokini\u0173 main\u0173 programos. Negana to, kad jie abu \u017ealiomis f\u0117j\u0173 akimis, bet atkeliauja su savo paslaptimis ir kelia nepaai\u0161kinam\u0105 nerim\u0105 Lorelei. Jeigu jai ir Avalonui i\u0161 ties\u0173 i\u0161kilo gr\u0117sm\u0117, ar jie bus Lorel\u0117s pus\u0117je? Jeigu ir taip, ar jos pus\u0117 liks nugal\u0117toja?","og_url":"https:\/\/skaitytaknyga.lt\/en\/produktas\/aprilynne-pike-apzavai-2\/","og_site_name":"Skaitytaknyga","article_publisher":"https:\/\/www.facebook.com\/skaitytaknyga\/","article_modified_time":"2025-04-29T05:10:05+00:00","og_image":[{"width":288,"height":430,"url":"https:\/\/skaitytaknyga.lt\/wp-content\/uploads\/2024\/04\/1462873797_apzavaivirselis2d.jpg","type":"image\/jpeg"}],"twitter_card":"summary_large_image","twitter_misc":{"Estimated reading time":"1 minute"},"schema":{"@context":"https:\/\/schema.org","@graph":[{"@type":"WebPage","@id":"https:\/\/skaitytaknyga.lt\/produktas\/aprilynne-pike-apzavai-2\/","url":"https:\/\/skaitytaknyga.lt\/produktas\/aprilynne-pike-apzavai-2\/","name":"Ap\u017eavai","isPartOf":{"@id":"https:\/\/skaitytaknyga.lt\/#website"},"primaryImageOfPage":{"@id":"https:\/\/skaitytaknyga.lt\/produktas\/aprilynne-pike-apzavai-2\/#primaryimage"},"image":{"@id":"https:\/\/skaitytaknyga.lt\/produktas\/aprilynne-pike-apzavai-2\/#primaryimage"},"thumbnailUrl":"https:\/\/skaitytaknyga.lt\/wp-content\/uploads\/2024\/04\/1462873797_apzavaivirselis2d.jpg","datePublished":"2024-05-04T14:47:26+00:00","dateModified":"2025-04-29T05:10:05+00:00","description":"\u201eAp\u017eavai\u201d\u00a0yra tre\u010dioji knyga i\u0161\u00a0\u201eSparn\u0173\u201d\u00a0serijos, kuri jaun\u0105 ra\u0161ytoj\u0105 pastat\u0117 \u012f vien\u0105 gret\u0105 su S. Meyer ir J. K. Rowling. Nuostabaus f\u0117j\u0173 pasaulio paker\u0117ti skaitytojai tvirtina, kad Aprilynne Pike tobul\u0117ja su kiekviena knyga, ir nekantriai laukia ketvirtosios dalies. \u017dmoni\u0173 u\u017eauginta f\u0117ja Lorel\u0117 nemat\u0117 Tamenio nuo pra\u0117jusi\u0173 met\u0173, kai pati papra\u0161\u0117 jo i\u0161vykti. Nors \u0161ird\u012f vis dar gelia prisiminus gundan\u010di\u0173 \u017eali\u0173 aki\u0173 f\u0117j\u0173 sargybin\u012f, ji tiki, jog pasirinko teisingai likdama su Deividu. Gyvenimas baigiamojoje klas\u0117je sr\u016bva kaip rami up\u0117, ta\u010diau ta ramyb\u0117 \u2013 prie\u0161 audr\u0105. Vien\u0105 dien\u0105 klas\u0117je pasirodo naujokai i\u0161 mokini\u0173 main\u0173 programos. Negana to, kad jie abu \u017ealiomis f\u0117j\u0173 akimis, bet atkeliauja su savo paslaptimis ir kelia nepaai\u0161kinam\u0105 nerim\u0105 Lorelei. Jeigu jai ir Avalonui i\u0161 ties\u0173 i\u0161kilo gr\u0117sm\u0117, ar jie bus Lorel\u0117s pus\u0117je? Jeigu ir taip, ar jos pus\u0117 liks nugal\u0117toja?","breadcrumb":{"@id":"https:\/\/skaitytaknyga.lt\/produktas\/aprilynne-pike-apzavai-2\/#breadcrumb"},"inLanguage":"en-GB","potentialAction":[{"@type":"ReadAction","target":["https:\/\/skaitytaknyga.lt\/produktas\/aprilynne-pike-apzavai-2\/"]}]},{"@type":"ImageObject","inLanguage":"en-GB","@id":"https:\/\/skaitytaknyga.lt\/produktas\/aprilynne-pike-apzavai-2\/#primaryimage","url":"https:\/\/skaitytaknyga.lt\/wp-content\/uploads\/2024\/04\/1462873797_apzavaivirselis2d.jpg","contentUrl":"https:\/\/skaitytaknyga.lt\/wp-content\/uploads\/2024\/04\/1462873797_apzavaivirselis2d.jpg","width":288,"height":430},{"@type":"BreadcrumbList","@id":"https:\/\/skaitytaknyga.lt\/produktas\/aprilynne-pike-apzavai-2\/#breadcrumb","itemListElement":[{"@type":"ListItem","position":1,"name":"Home","item":"https:\/\/skaitytaknyga.lt\/"},{"@type":"ListItem","position":2,"name":"Parduotuv\u0117","item":"https:\/\/skaitytaknyga.lt\/knygu-parduotuve\/"},{"@type":"ListItem","position":3,"name":"Ap\u017eavai"}]},{"@type":"WebSite","@id":"https:\/\/skaitytaknyga.lt\/#website","url":"https:\/\/skaitytaknyga.lt\/","name":"skaitytaknyga.lt","description":"Skaitytaknyga.lt \u2013 tai ma\u017eas \u0161eimos verslas, kuris prasid\u0117jo nuo meil\u0117s knygoms ir siekio i\u0161gelb\u0117ti knygas nuo likimo prie konteinerio. Kas vienam nereikalingas daiktas \u2013 kitam lobis, o mes esame tarpininkai, kurie padeda abiems tapti laimingesniems ???? \u017dinome kaip nelengva i\u0161gyventi ma\u017eiems verslams, tad nuo \u0161iol, \u010dia rasite ir kit\u0173, ma\u017e\u0173 \u0161eim\u0173 versl\u0173, rank\u0173 darbo, dovan\u0173 sau ir artimiesiems.","publisher":{"@id":"https:\/\/skaitytaknyga.lt\/#organization"},"potentialAction":[{"@type":"SearchAction","target":{"@type":"EntryPoint","urlTemplate":"https:\/\/skaitytaknyga.lt\/?s={search_term_string}"},"query-input":{"@type":"PropertyValueSpecification","valueRequired":true,"valueName":"search_term_string"}}],"inLanguage":"en-GB"},{"@type":"Organization","@id":"https:\/\/skaitytaknyga.lt\/#organization","name":"skaitytaknyga.lt","url":"https:\/\/skaitytaknyga.lt\/","logo":{"@type":"ImageObject","inLanguage":"en-GB","@id":"https:\/\/skaitytaknyga.lt\/#\/schema\/logo\/image\/","url":"https:\/\/skaitytaknyga.lt\/wp-content\/uploads\/2024\/05\/cropped-cropped-cropped-02_00843_jt3bggkj1j3HLc7SyY6rEUpg.jpeg","contentUrl":"https:\/\/skaitytaknyga.lt\/wp-content\/uploads\/2024\/05\/cropped-cropped-cropped-02_00843_jt3bggkj1j3HLc7SyY6rEUpg.jpeg","width":1600,"height":1600,"caption":"skaitytaknyga.lt"},"image":{"@id":"https:\/\/skaitytaknyga.lt\/#\/schema\/logo\/image\/"},"sameAs":["https:\/\/www.facebook.com\/skaitytaknyga\/"]}]}},"_links":{"self":[{"href":"https:\/\/skaitytaknyga.lt\/en\/wp-json\/wp\/v2\/product\/8544","targetHints":{"allow":["GET"]}}],"collection":[{"href":"https:\/\/skaitytaknyga.lt\/en\/wp-json\/wp\/v2\/product"}],"about":[{"href":"https:\/\/skaitytaknyga.lt\/en\/wp-json\/wp\/v2\/types\/product"}],"replies":[{"embeddable":true,"href":"https:\/\/skaitytaknyga.lt\/en\/wp-json\/wp\/v2\/comments?post=8544"}],"wp:featuredmedia":[{"embeddable":true,"href":"https:\/\/skaitytaknyga.lt\/en\/wp-json\/wp\/v2\/media\/4747"}],"wp:attachment":[{"href":"https:\/\/skaitytaknyga.lt\/en\/wp-json\/wp\/v2\/media?parent=8544"}],"wp:term":[{"taxonomy":"product_brand","embeddable":true,"href":"https:\/\/skaitytaknyga.lt\/en\/wp-json\/wp\/v2\/product_brand?post=8544"},{"taxonomy":"product_cat","embeddable":true,"href":"https:\/\/skaitytaknyga.lt\/en\/wp-json\/wp\/v2\/product_cat?post=8544"},{"taxonomy":"product_tag","embeddable":true,"href":"https:\/\/skaitytaknyga.lt\/en\/wp-json\/wp\/v2\/product_tag?post=8544"}],"curies":[{"name":"wp","href":"https:\/\/api.w.org\/{rel}","templated":true}]}}